{"id":6620,"date":"2025-04-29T02:53:38","date_gmt":"2025-04-29T02:53:38","guid":{"rendered":"https:\/\/vapingnet.de\/?post_type=product&#038;p=6620"},"modified":"2026-04-15T09:16:11","modified_gmt":"2026-04-15T09:16:11","slug":"lassen-sie-sich-von-waspe-12000-puffs-in-strawberry-pitaya-lemonade-verfuehren-topqualitaet-zum-besten-preis","status":"publish","type":"product","link":"https:\/\/vapingnet.de\/lt\/vape\/lassen-sie-sich-von-waspe-12000-puffs-in-strawberry-pitaya-lemonade-verfuehren-topqualitaet-zum-besten-preis\/","title":{"rendered":"Leiskit\u0117s \u012f \u201eWASPE 12000 Puffs Strawberry Pitaya Lemonade\u201c pasim\u0117gavim\u0105 auk\u0161\u010diausios kokyb\u0117s u\u017e geriausi\u0105 kain\u0105"},"content":{"rendered":"<h2 data-start=\"0\" data-end=\"99\">WASPE 12000 Puffs vienkartin\u0117 elektronin\u0117 cigaret\u0117: galutinis garinimo malonumas su \u0161vie\u017eiu vaisi\u0173 skoniu<\/h2>\n<p class=\"\" data-start=\"101\" data-end=\"436\">Visiems garintojams, ie\u0161kantiems galingos ir lengvai valdomos vienkartin\u0117s elektronin\u0117s cigaret\u0117s, WASPE 12000 Puffs si\u016blo b\u016btent tai, ko jiems reikia. Su pa\u017eangia technologija, \u012fsp\u016bdingu ilgu garavimo malonumu ir gaiviu skoniu \u0161is modelis yra puikus pasirinkimas reikliam garintojui.<\/p>\n<h3 data-start=\"438\" data-end=\"498\">1. I\u0161skirtin\u0117s savyb\u0117s \u2013 WASPE 12000 Puffs<\/h3>\n<ul data-start=\"500\" data-end=\"1600\">\n<li class=\"\" data-start=\"500\" data-end=\"796\">\n<p class=\"\" data-start=\"502\" data-end=\"796\">Baterijos ir puff talpa<br data-start=\"529\" data-end=\"532\" \/>Su 650mAh talpa ir 12000 \u012fkv\u0117pim\u0173 trukme, WASPE 12000 Puffs si\u016blo i\u0161skirtinai ilg\u0105 naudojimo laik\u0105. Elektronin\u0117 cigaret\u0117 yra ideali tiems, kurie nori garinti vis\u0105 dien\u0105 ar net kelias dienas be nuolatinio \u012fkrovimo.<\/p>\n<\/li>\n<li class=\"\" data-start=\"798\" data-end=\"1045\">\n<p class=\"\" data-start=\"800\" data-end=\"1045\">Type-C \u012fkrovimo jungt\u012f<br data-start=\"824\" data-end=\"827\" \/>D\u0117l Type-C \u012fkrovimo jungties \u012fkrovimas yra greitas ir paprastas. Net jei baterija i\u0161seks, j\u0105 galima greitai \u012fkrauti ir visada b\u016bti pasiruo\u0161us garinti toliau.<\/p>\n<\/li>\n<li class=\"\" data-start=\"1047\" data-end=\"1301\">\n<p class=\"\" data-start=\"1049\" data-end=\"1301\">Puff aktyvavimas<br data-start=\"1069\" data-end=\"1072\" \/>Viena i\u0161 patogiausi\u0173 funkcij\u0173 \u2013 puff aktyvavimas. Tiesiog traukite i\u0161 elektronin\u0117s cigaret\u0117s, ir ji automati\u0161kai \u012fsijungs \u2013 nereikia joki\u0173 mygtuk\u0173 ar sud\u0117ting\u0173 nustatym\u0173.<\/p>\n<\/li>\n<li class=\"\" data-start=\"1303\" data-end=\"1600\">\n<p class=\"\" data-start=\"1305\" data-end=\"1600\">MTL technologija<br data-start=\"1324\" data-end=\"1327\" \/>WASPE 12000 Puffs yra optimizuota MTL (burnos iki plau\u010di\u0173) garinimui, kai garas pirmiausia \u012ftraukiamas \u012f burn\u0105, o tada \u012fkv\u0117piamas \u012f plau\u010dius. \u0160i technika u\u017etikrina autenti\u0161k\u0105 r\u016bkymo patirt\u012f, ypa\u010d tinkam\u0105 keit\u0117jams nuo cigare\u010di\u0173.<\/p>\n<\/li>\n<\/ul>\n<h4 data-start=\"1602\" data-end=\"1662\">\u0160vie\u017eias skonis su bra\u0161ki\u0173 pitaja limonadu<\/h4>\n<p class=\"\" data-start=\"1664\" data-end=\"2005\">WASPE 12000 Puffs aromatas yra tikras skoni\u0173 malonumas. Mi\u0161inys i\u0161 sald\u017eios bra\u0161k\u0117s, egzotin\u0117s pitajos (drakon\u0173 vaisiaus) ir gaivios limonado suteikia unikal\u0173 skonio potyr\u012f. \u0160i vaisin\u0117 kombinacija u\u017etikrina malon\u0173 garavim\u0105, kuris vis\u0105 dien\u0105 gaivina ir pakelia nuotaik\u0105.<\/p>\n<h4 data-start=\"2007\" data-end=\"2062\">\u00a0Auk\u0161tos kokyb\u0117s technologija geriausio skonio u\u017etikrinimui<\/h4>\n<p class=\"\" data-start=\"2064\" data-end=\"2478\">WASPE 12000 Puffs naudoja 0,8 Ohm tinklin\u012f rit\u0119, kuri u\u017etikrina tolyg\u0173 garavim\u0105 ir intensyvesn\u012f, pilnesn\u012f skon\u012f. Tinklinis \u0161ildytuvas su 1,0\u03a9 var\u017ea padeda optimizuoti gar\u0105 ir geriausiai i\u0161ry\u0161kinti vis\u0105 E-liquido aromat\u0105. Technologija leid\u017eia stabil\u0173 ir tolyg\u0173 garo gamyb\u0105 be skonio praradimo.<\/p>\n<h4 data-start=\"2480\" data-end=\"2527\">Kompakti\u0161kas dizainas ir RGB ap\u0161vietimas<\/h4>\n<p class=\"\" data-start=\"2529\" data-end=\"2864\">WASPE 12000 Puffs i\u0161siskiria ne tik savo na\u0161umu, bet ir \u0161iuolaiki\u0161ku dizainu. Svoris tik 82 g, ji yra lengva ir patogi, tod\u0117l lengvai telpa \u012f bet kuri\u0105 ki\u0161en\u0119. RGB ap\u0161vietimas sukuria \u0161aun\u0173 vizualin\u012f efekt\u0105, kuris daro garinim\u0105 dar \u012fdomesn\u012f patirt\u012f.<\/p>\n<h3>WASPE 12000 Puffs privalumai<\/h3>\n<ul data-start=\"2909\" data-end=\"3559\">\n<li class=\"\" data-start=\"2909\" data-end=\"3035\">\n<p class=\"\" data-start=\"2911\" data-end=\"3035\">Ilgas garavimo laikas<br data-start=\"2930\" data-end=\"2933\" \/>Su 12000 \u012fkv\u0117pim\u0173 galite m\u0117gautis kelias dienas be r\u016bpes\u010di\u0173 d\u0117l \u012fkrovimo.<\/p>\n<\/li>\n<li class=\"\" data-start=\"3039\" data-end=\"3217\">\n<p class=\"\" data-start=\"3041\" data-end=\"3217\">Greitas \u012fkrovimas su Type-C<br data-start=\"3074\" data-end=\"3077\" \/>Type-C \u012fkrovimo jungtis garantuoja greit\u0105 ir patog\u0173 \u012fkrovim\u0105, kad nereik\u0117t\u0173 ilgai laukti kitos garinimo sesijos.<\/p>\n<\/li>\n<li class=\"\" data-start=\"3219\" data-end=\"3411\">\n<p class=\"\" data-start=\"3221\" data-end=\"3411\">Lengva naudoti<br data-start=\"3244\" data-end=\"3247\" \/>D\u0117ka Puff aktyvavimo ir MTL technologijos, WASPE 12000 Puffs naudojimas yra labai draugi\u0161kas vartotojui ir idealiai tinka vis\u0173 patirties lygi\u0173 garintojams.<\/p>\n<\/li>\n<li class=\"\" data-start=\"3413\" data-end=\"3559\">\n<p class=\"\" data-start=\"3415\" data-end=\"3559\">Vaisi\u0173 skonis<br data-start=\"3439\" data-end=\"3442\" \/>Tobula bra\u0161ki\u0173, pitajos ir limonado mi\u0161inys suteikia gaiv\u0173, ilgai i\u0161liekant\u012f skonio patirt\u012f.<\/p>\n<\/li>\n<\/ul>\n<p class=\"\" data-start=\"3579\" data-end=\"3984\">WASPE 12000 Puffs vienkartin\u0117 elektronin\u0117 cigaret\u0117 yra tobula pasirinkimas garintojams, ie\u0161kantiems galingo, patogaus naudoti ir intensyvaus skonio garinimo patirties. Su ilgu naudojimo laikotarpiu, paprastu puff aktyvavimu ir skaniu bra\u0161ki\u0173 pitajos limonado skoniu, ji i\u0161siskiria i\u0161 kit\u0173 produkt\u0173. Idealiai tinka visiems, kurie nori m\u0117gautis kasdienybe be komplikacij\u0173.<\/p>","protected":false},"excerpt":{"rendered":"<p>WASPE 12000 Puffs Einweg E-Zigarette: Der ultimative Dampfergenuss mit frischem Fruchtgeschmack F\u00fcr alle Dampfer, die nach einer leistungsstarken und einfach zu bedienenden Einweg E-Zigarette suchen,&#8230;<\/p>","protected":false},"featured_media":6610,"template":"","meta":[],"etheme_brands":[],"product_brand":[98],"product_cat":[88,49,61],"product_tag":[],"class_list":{"0":"post-6620","1":"product","2":"type-product","3":"status-publish","4":"has-post-thumbnail","6":"product_brand-waspe-vape","7":"product_cat-12k-vape","8":"product_cat-einweg-e-zigarette","9":"product_cat-f","11":"first","12":"instock","13":"shipping-taxable","14":"purchasable","15":"product-type-variable"},"yoast_head":"<!-- This site is optimized with the Yoast SEO plugin v26.5 - https:\/\/yoast.com\/wordpress\/plugins\/seo\/ -->\n<title>Lassen Sie Sich Von WASPE 12000 Puffs In Strawberry Pitaya Lemonade Verf\u00fchren Topqualit\u00e4t Zum Besten Preis | Vapingnet.de<\/title>\n<meta name=\"description\" content=\"Entdecke Lassen Sie Sich Von WASPE 12000 Puffs In Strawberry Pitaya Lemonade Verf\u00fchren Topqualit\u00e4t Zum Besten Preis bei vapingnet.de, \u25ba Gro\u00dfe Auswahl an Geschmacksrichtungen &amp; super g\u00fcnstig!\" \/>\n<meta name=\"robots\" content=\"index, follow, max-snippet:-1, max-image-preview:large, max-video-preview:-1\" \/>\n<link rel=\"canonical\" href=\"https:\/\/vapingnet.de\/lt\/vape\/lassen-sie-sich-von-waspe-12000-puffs-in-strawberry-pitaya-lemonade-verfuehren-topqualitaet-zum-besten-preis\/\" \/>\n<meta property=\"og:locale\" content=\"lt_LT\" \/>\n<meta property=\"og:type\" content=\"article\" \/>\n<meta property=\"og:title\" content=\"Lassen Sie Sich Von WASPE 12000 Puffs In Strawberry Pitaya Lemonade Verf\u00fchren Topqualit\u00e4t Zum Besten Preis | Vapingnet.de\" \/>\n<meta property=\"og:description\" content=\"Entdecke Lassen Sie Sich Von WASPE 12000 Puffs In Strawberry Pitaya Lemonade Verf\u00fchren Topqualit\u00e4t Zum Besten Preis bei vapingnet.de, \u25ba Gro\u00dfe Auswahl an Geschmacksrichtungen &amp; super g\u00fcnstig!\" \/>\n<meta property=\"og:url\" content=\"https:\/\/vapingnet.de\/lt\/vape\/lassen-sie-sich-von-waspe-12000-puffs-in-strawberry-pitaya-lemonade-verfuehren-topqualitaet-zum-besten-preis\/\" \/>\n<meta property=\"og:site_name\" content=\"Vapingnet.de\" \/>\n<meta property=\"article:publisher\" content=\"https:\/\/www.facebook.com\/vapingnetde\/\" \/>\n<meta property=\"article:modified_time\" content=\"2026-04-15T09:16:11+00:00\" \/>\n<meta property=\"og:image\" content=\"https:\/\/vapingnet.de\/wp-content\/uploads\/2025\/04\/Strawberry-pitaya-lemonade_980.webp\" \/>\n\t<meta property=\"og:image:width\" content=\"1000\" \/>\n\t<meta property=\"og:image:height\" content=\"1000\" \/>\n\t<meta property=\"og:image:type\" content=\"image\/webp\" \/>\n<meta name=\"twitter:card\" content=\"summary_large_image\" \/>\n<meta name=\"twitter:label1\" content=\"Est. reading time\" \/>\n\t<meta name=\"twitter:data1\" content=\"4 minutes\" \/>\n<script type=\"application\/ld+json\" class=\"yoast-schema-graph\">{\"@context\":\"https:\/\/schema.org\",\"@graph\":[{\"@type\":\"WebPage\",\"@id\":\"https:\/\/vapingnet.de\/vape\/lassen-sie-sich-von-waspe-12000-puffs-in-strawberry-pitaya-lemonade-verfuehren-topqualitaet-zum-besten-preis\/\",\"url\":\"https:\/\/vapingnet.de\/vape\/lassen-sie-sich-von-waspe-12000-puffs-in-strawberry-pitaya-lemonade-verfuehren-topqualitaet-zum-besten-preis\/\",\"name\":\"Lassen Sie Sich Von WASPE 12000 Puffs In Strawberry Pitaya Lemonade Verf\u00fchren Topqualit\u00e4t Zum Besten Preis | Vapingnet.de\",\"isPartOf\":{\"@id\":\"https:\/\/vapingnet.de\/#website\"},\"primaryImageOfPage\":{\"@id\":\"https:\/\/vapingnet.de\/vape\/lassen-sie-sich-von-waspe-12000-puffs-in-strawberry-pitaya-lemonade-verfuehren-topqualitaet-zum-besten-preis\/#primaryimage\"},\"image\":{\"@id\":\"https:\/\/vapingnet.de\/vape\/lassen-sie-sich-von-waspe-12000-puffs-in-strawberry-pitaya-lemonade-verfuehren-topqualitaet-zum-besten-preis\/#primaryimage\"},\"thumbnailUrl\":\"https:\/\/vapingnet.de\/wp-content\/uploads\/2025\/04\/Strawberry-pitaya-lemonade_980.webp\",\"datePublished\":\"2025-04-29T02:53:38+00:00\",\"dateModified\":\"2026-04-15T09:16:11+00:00\",\"description\":\"Entdecke Lassen Sie Sich Von WASPE 12000 Puffs In Strawberry Pitaya Lemonade Verf\u00fchren Topqualit\u00e4t Zum Besten Preis bei vapingnet.de, \u25ba Gro\u00dfe Auswahl an Geschmacksrichtungen & super g\u00fcnstig!\",\"breadcrumb\":{\"@id\":\"https:\/\/vapingnet.de\/vape\/lassen-sie-sich-von-waspe-12000-puffs-in-strawberry-pitaya-lemonade-verfuehren-topqualitaet-zum-besten-preis\/#breadcrumb\"},\"inLanguage\":\"lt-LT\",\"potentialAction\":[{\"@type\":\"ReadAction\",\"target\":[\"https:\/\/vapingnet.de\/vape\/lassen-sie-sich-von-waspe-12000-puffs-in-strawberry-pitaya-lemonade-verfuehren-topqualitaet-zum-besten-preis\/\"]}]},{\"@type\":\"ImageObject\",\"inLanguage\":\"lt-LT\",\"@id\":\"https:\/\/vapingnet.de\/vape\/lassen-sie-sich-von-waspe-12000-puffs-in-strawberry-pitaya-lemonade-verfuehren-topqualitaet-zum-besten-preis\/#primaryimage\",\"url\":\"https:\/\/vapingnet.de\/wp-content\/uploads\/2025\/04\/Strawberry-pitaya-lemonade_980.webp\",\"contentUrl\":\"https:\/\/vapingnet.de\/wp-content\/uploads\/2025\/04\/Strawberry-pitaya-lemonade_980.webp\",\"width\":1000,\"height\":1000},{\"@type\":\"BreadcrumbList\",\"@id\":\"https:\/\/vapingnet.de\/vape\/lassen-sie-sich-von-waspe-12000-puffs-in-strawberry-pitaya-lemonade-verfuehren-topqualitaet-zum-besten-preis\/#breadcrumb\",\"itemListElement\":[{\"@type\":\"ListItem\",\"position\":1,\"name\":\"Home\",\"item\":\"https:\/\/vapingnet.de\/\"},{\"@type\":\"ListItem\",\"position\":2,\"name\":\"Shop\",\"item\":\"https:\/\/vapingnet.de\/vape\/\"},{\"@type\":\"ListItem\",\"position\":3,\"name\":\"Lassen Sie Sich Von WASPE 12000 Puffs In Strawberry Pitaya Lemonade Verf\u00fchren Topqualit\u00e4t Zum Besten Preis\"}]},{\"@type\":\"WebSite\",\"@id\":\"https:\/\/vapingnet.de\/#website\",\"url\":\"https:\/\/vapingnet.de\/\",\"name\":\"Vapingnet.de\",\"description\":\"\",\"publisher\":{\"@id\":\"https:\/\/vapingnet.de\/#organization\"},\"potentialAction\":[{\"@type\":\"SearchAction\",\"target\":{\"@type\":\"EntryPoint\",\"urlTemplate\":\"https:\/\/vapingnet.de\/?s={search_term_string}\"},\"query-input\":{\"@type\":\"PropertyValueSpecification\",\"valueRequired\":true,\"valueName\":\"search_term_string\"}}],\"inLanguage\":\"lt-LT\"},{\"@type\":\"Organization\",\"@id\":\"https:\/\/vapingnet.de\/#organization\",\"name\":\"Vapingnet.de\",\"url\":\"https:\/\/vapingnet.de\/\",\"logo\":{\"@type\":\"ImageObject\",\"inLanguage\":\"lt-LT\",\"@id\":\"https:\/\/vapingnet.de\/#\/schema\/logo\/image\/\",\"url\":\"https:\/\/vapingnet.de\/wp-content\/uploads\/2025\/03\/cropped-vapingnet.de_.jpg\",\"contentUrl\":\"https:\/\/vapingnet.de\/wp-content\/uploads\/2025\/03\/cropped-vapingnet.de_.jpg\",\"width\":512,\"height\":512,\"caption\":\"Vapingnet.de\"},\"image\":{\"@id\":\"https:\/\/vapingnet.de\/#\/schema\/logo\/image\/\"},\"sameAs\":[\"https:\/\/www.facebook.com\/vapingnetde\/\"]}]}<\/script>\n<!-- \/ Yoast SEO plugin. -->","yoast_head_json":{"title":"Lassen Sie Sich Von WASPE 12000 Puffs In Strawberry Pitaya Lemonade Verf\u00fchren Topqualit\u00e4t Zum Besten Preis | Vapingnet.de","description":"Entdecke Lassen Sie Sich Von WASPE 12000 Puffs In Strawberry Pitaya Lemonade Verf\u00fchren Topqualit\u00e4t Zum Besten Preis bei vapingnet.de, \u25ba Gro\u00dfe Auswahl an Geschmacksrichtungen & super g\u00fcnstig!","robots":{"index":"index","follow":"follow","max-snippet":"max-snippet:-1","max-image-preview":"max-image-preview:large","max-video-preview":"max-video-preview:-1"},"canonical":"https:\/\/vapingnet.de\/lt\/vape\/lassen-sie-sich-von-waspe-12000-puffs-in-strawberry-pitaya-lemonade-verfuehren-topqualitaet-zum-besten-preis\/","og_locale":"lt_LT","og_type":"article","og_title":"Lassen Sie Sich Von WASPE 12000 Puffs In Strawberry Pitaya Lemonade Verf\u00fchren Topqualit\u00e4t Zum Besten Preis | Vapingnet.de","og_description":"Entdecke Lassen Sie Sich Von WASPE 12000 Puffs In Strawberry Pitaya Lemonade Verf\u00fchren Topqualit\u00e4t Zum Besten Preis bei vapingnet.de, \u25ba Gro\u00dfe Auswahl an Geschmacksrichtungen & super g\u00fcnstig!","og_url":"https:\/\/vapingnet.de\/lt\/vape\/lassen-sie-sich-von-waspe-12000-puffs-in-strawberry-pitaya-lemonade-verfuehren-topqualitaet-zum-besten-preis\/","og_site_name":"Vapingnet.de","article_publisher":"https:\/\/www.facebook.com\/vapingnetde\/","article_modified_time":"2026-04-15T09:16:11+00:00","og_image":[{"width":1000,"height":1000,"url":"https:\/\/vapingnet.de\/wp-content\/uploads\/2025\/04\/Strawberry-pitaya-lemonade_980.webp","type":"image\/webp"}],"twitter_card":"summary_large_image","twitter_misc":{"Est. reading time":"4 minutes"},"schema":{"@context":"https:\/\/schema.org","@graph":[{"@type":"WebPage","@id":"https:\/\/vapingnet.de\/vape\/lassen-sie-sich-von-waspe-12000-puffs-in-strawberry-pitaya-lemonade-verfuehren-topqualitaet-zum-besten-preis\/","url":"https:\/\/vapingnet.de\/vape\/lassen-sie-sich-von-waspe-12000-puffs-in-strawberry-pitaya-lemonade-verfuehren-topqualitaet-zum-besten-preis\/","name":"Lassen Sie Sich Von WASPE 12000 Puffs In Strawberry Pitaya Lemonade Verf\u00fchren Topqualit\u00e4t Zum Besten Preis | Vapingnet.de","isPartOf":{"@id":"https:\/\/vapingnet.de\/#website"},"primaryImageOfPage":{"@id":"https:\/\/vapingnet.de\/vape\/lassen-sie-sich-von-waspe-12000-puffs-in-strawberry-pitaya-lemonade-verfuehren-topqualitaet-zum-besten-preis\/#primaryimage"},"image":{"@id":"https:\/\/vapingnet.de\/vape\/lassen-sie-sich-von-waspe-12000-puffs-in-strawberry-pitaya-lemonade-verfuehren-topqualitaet-zum-besten-preis\/#primaryimage"},"thumbnailUrl":"https:\/\/vapingnet.de\/wp-content\/uploads\/2025\/04\/Strawberry-pitaya-lemonade_980.webp","datePublished":"2025-04-29T02:53:38+00:00","dateModified":"2026-04-15T09:16:11+00:00","description":"Entdecke Lassen Sie Sich Von WASPE 12000 Puffs In Strawberry Pitaya Lemonade Verf\u00fchren Topqualit\u00e4t Zum Besten Preis bei vapingnet.de, \u25ba Gro\u00dfe Auswahl an Geschmacksrichtungen & super g\u00fcnstig!","breadcrumb":{"@id":"https:\/\/vapingnet.de\/vape\/lassen-sie-sich-von-waspe-12000-puffs-in-strawberry-pitaya-lemonade-verfuehren-topqualitaet-zum-besten-preis\/#breadcrumb"},"inLanguage":"lt-LT","potentialAction":[{"@type":"ReadAction","target":["https:\/\/vapingnet.de\/vape\/lassen-sie-sich-von-waspe-12000-puffs-in-strawberry-pitaya-lemonade-verfuehren-topqualitaet-zum-besten-preis\/"]}]},{"@type":"ImageObject","inLanguage":"lt-LT","@id":"https:\/\/vapingnet.de\/vape\/lassen-sie-sich-von-waspe-12000-puffs-in-strawberry-pitaya-lemonade-verfuehren-topqualitaet-zum-besten-preis\/#primaryimage","url":"https:\/\/vapingnet.de\/wp-content\/uploads\/2025\/04\/Strawberry-pitaya-lemonade_980.webp","contentUrl":"https:\/\/vapingnet.de\/wp-content\/uploads\/2025\/04\/Strawberry-pitaya-lemonade_980.webp","width":1000,"height":1000},{"@type":"BreadcrumbList","@id":"https:\/\/vapingnet.de\/vape\/lassen-sie-sich-von-waspe-12000-puffs-in-strawberry-pitaya-lemonade-verfuehren-topqualitaet-zum-besten-preis\/#breadcrumb","itemListElement":[{"@type":"ListItem","position":1,"name":"Home","item":"https:\/\/vapingnet.de\/"},{"@type":"ListItem","position":2,"name":"Shop","item":"https:\/\/vapingnet.de\/vape\/"},{"@type":"ListItem","position":3,"name":"Lassen Sie Sich Von WASPE 12000 Puffs In Strawberry Pitaya Lemonade Verf\u00fchren Topqualit\u00e4t Zum Besten Preis"}]},{"@type":"WebSite","@id":"https:\/\/vapingnet.de\/#website","url":"https:\/\/vapingnet.de\/","name":"Vapingnet.de","description":"","publisher":{"@id":"https:\/\/vapingnet.de\/#organization"},"potentialAction":[{"@type":"SearchAction","target":{"@type":"EntryPoint","urlTemplate":"https:\/\/vapingnet.de\/?s={search_term_string}"},"query-input":{"@type":"PropertyValueSpecification","valueRequired":true,"valueName":"search_term_string"}}],"inLanguage":"lt-LT"},{"@type":"Organization","@id":"https:\/\/vapingnet.de\/#organization","name":"Vapingnet.de","url":"https:\/\/vapingnet.de\/","logo":{"@type":"ImageObject","inLanguage":"lt-LT","@id":"https:\/\/vapingnet.de\/#\/schema\/logo\/image\/","url":"https:\/\/vapingnet.de\/wp-content\/uploads\/2025\/03\/cropped-vapingnet.de_.jpg","contentUrl":"https:\/\/vapingnet.de\/wp-content\/uploads\/2025\/03\/cropped-vapingnet.de_.jpg","width":512,"height":512,"caption":"Vapingnet.de"},"image":{"@id":"https:\/\/vapingnet.de\/#\/schema\/logo\/image\/"},"sameAs":["https:\/\/www.facebook.com\/vapingnetde\/"]}]}},"tiered_pricing_type":"fixed","tiered_pricing_fixed_rules":[],"tiered_pricing_product_settings":{"layout":"default","base_unit_name":{"singular":null,"plural":null},"default_variation":null},"tiered_pricing_minimum_quantity":null,"tiered_pricing_roles_data":[],"tiered_pricing_percentage_rules":[],"_links":{"self":[{"href":"https:\/\/vapingnet.de\/lt\/wp-json\/wp\/v2\/product\/6620","targetHints":{"allow":["GET"]}}],"collection":[{"href":"https:\/\/vapingnet.de\/lt\/wp-json\/wp\/v2\/product"}],"about":[{"href":"https:\/\/vapingnet.de\/lt\/wp-json\/wp\/v2\/types\/product"}],"version-history":[{"count":1,"href":"https:\/\/vapingnet.de\/lt\/wp-json\/wp\/v2\/product\/6620\/revisions"}],"predecessor-version":[{"id":6624,"href":"https:\/\/vapingnet.de\/lt\/wp-json\/wp\/v2\/product\/6620\/revisions\/6624"}],"wp:featuredmedia":[{"embeddable":true,"href":"https:\/\/vapingnet.de\/lt\/wp-json\/wp\/v2\/media\/6610"}],"wp:attachment":[{"href":"https:\/\/vapingnet.de\/lt\/wp-json\/wp\/v2\/media?parent=6620"}],"wp:term":[{"taxonomy":"brand","embeddable":true,"href":"https:\/\/vapingnet.de\/lt\/wp-json\/wp\/v2\/etheme_brands?post=6620"},{"taxonomy":"product_brand","embeddable":true,"href":"https:\/\/vapingnet.de\/lt\/wp-json\/wp\/v2\/product_brand?post=6620"},{"taxonomy":"product_cat","embeddable":true,"href":"https:\/\/vapingnet.de\/lt\/wp-json\/wp\/v2\/product_cat?post=6620"},{"taxonomy":"product_tag","embeddable":true,"href":"https:\/\/vapingnet.de\/lt\/wp-json\/wp\/v2\/product_tag?post=6620"}],"curies":[{"name":"wp","href":"https:\/\/api.w.org\/{rel}","templated":true}]}}