{"id":6636,"date":"2025-04-29T06:04:33","date_gmt":"2025-04-29T06:04:33","guid":{"rendered":"https:\/\/vapingnet.de\/?post_type=product&#038;p=6636"},"modified":"2026-04-15T09:15:42","modified_gmt":"2026-04-15T09:15:42","slug":"geniessen-sie-cool-mint-in-jedem-zug-waspe-12000-puffs-die-frische-wahl-ohne-zollgebuehren","status":"publish","type":"product","link":"https:\/\/vapingnet.de\/lt\/vape\/geniessen-sie-cool-mint-in-jedem-zug-waspe-12000-puffs-die-frische-wahl-ohne-zollgebuehren\/","title":{"rendered":"M\u0117gaukit\u0117s \u0161altu m\u0117tinio skoniu kiekvienu \u012fkv\u0117pimu WASPE 12000 Puffs \u2013 gaivus pasirinkimas be muit\u0173"},"content":{"rendered":"<h2 data-start=\"72\" data-end=\"140\" data-immersive-translate-walked=\"d5c9712f-9cd7-4109-a216-533aa97bb721\">WASPE 12000 Puffs: Technin\u0117 tobulumas ir stilius viename \u012frenginyje<\/h2>\n<p class=\"\" data-start=\"167\" data-end=\"497\" data-immersive-translate-walked=\"d5c9712f-9cd7-4109-a216-533aa97bb721\" data-immersive-translate-paragraph=\"1\">WASPE 12000 Puffs yra moderni vienkartin\u0117 elektronin\u0117 cigaret\u0117, sukurta vartotojams, kurie vertina didel\u012f talpum\u0105, patogum\u0105 ir stiling\u0105 dizain\u0105. Su dideliu 20 ml E-liquido baku ir \u012fsp\u016bdingu 12000 \u012fkv\u0117pim\u0173 veikimo laiku, ji atitinka auk\u0161\u010diausius i\u0161tverm\u0117s ir kokyb\u0117s reikalavimus.<\/p>\n<p class=\"\" data-start=\"543\" data-end=\"1015\" data-immersive-translate-walked=\"d5c9712f-9cd7-4109-a216-533aa97bb721\" data-immersive-translate-paragraph=\"1\">Pasirinkus tarp 0%, 2%, 3% ir 5% nikotino variant\u0173, WASPE skirta pla\u010diai auditorijai \u2013 nuo atsitiktini\u0173 vartotoj\u0173 iki patyrusi\u0173 naudotoj\u0173. Skoni\u0173 pasirinkimas Cool Mint si\u016blo intensyv\u0173, \u0161alt\u0105 mentolio poj\u016bt\u012f, kuris kiekvienu \u012fkv\u0117pimu suteikia gaivumo ir atgaivinan\u010dios ai\u0161kumo. Ypa\u010d derinant su tiksliu Mesh-Coil technologijos skonio atk\u016brimu, Cool Mint gaivumas i\u0161siskiria puikiai.<\/p>\n<h3 data-start=\"1017\" data-end=\"1042\">Techniniai akcentai<\/h3>\n<ul data-start=\"1044\" data-end=\"1405\">\n<li class=\"\" data-start=\"1044\" data-end=\"1118\">\n<p class=\"\" data-start=\"1046\" data-end=\"1118\" data-immersive-translate-walked=\"d5c9712f-9cd7-4109-a216-533aa97bb721\" data-immersive-translate-paragraph=\"1\">Baterijos talpa: 650mAh, \u012fkraunama per Type-C jungt\u012f<\/p>\n<\/li>\n<li class=\"\" data-start=\"1119\" data-end=\"1189\">\n<p class=\"\" data-start=\"1121\" data-end=\"1189\" data-immersive-translate-walked=\"d5c9712f-9cd7-4109-a216-533aa97bb721\" data-immersive-translate-paragraph=\"1\">Coil technologija: 0,8\u03a9 Mesh Coil, u\u017etikrinanti tank\u0173, aromating\u0105 gar\u0105<\/p>\n<\/li>\n<li class=\"\" data-start=\"1190\" data-end=\"1231\">\n<p class=\"\" data-start=\"1192\" data-end=\"1231\" data-immersive-translate-walked=\"d5c9712f-9cd7-4109-a216-533aa97bb721\" data-immersive-translate-paragraph=\"1\">\u0160ildymo vielos var\u017ea: 1,0\u03a9 Mesh Core<\/p>\n<\/li>\n<li class=\"\" data-start=\"1232\" data-end=\"1299\">\n<p class=\"\" data-start=\"1234\" data-end=\"1299\" data-immersive-translate-walked=\"d5c9712f-9cd7-4109-a216-533aa97bb721\" data-immersive-translate-paragraph=\"1\">Aktyvavimas: Automatinis \u012fkv\u0117pimo aktyvavimas be mygtuko<\/p>\n<\/li>\n<li class=\"\" data-start=\"1300\" data-end=\"1328\">\n<p class=\"\" data-start=\"1302\" data-end=\"1328\" data-immersive-translate-walked=\"d5c9712f-9cd7-4109-a216-533aa97bb721\" data-immersive-translate-paragraph=\"1\">Svoris: 82g vienetui<\/p>\n<\/li>\n<li class=\"\" data-start=\"1329\" data-end=\"1405\">\n<p class=\"\" data-start=\"1331\" data-end=\"1405\" data-immersive-translate-walked=\"d5c9712f-9cd7-4109-a216-533aa97bb721\" data-immersive-translate-paragraph=\"1\">Dizainas: RGB ap\u0161vietimo dizainas, suteikiantis modern\u0173 ir i\u0161skirtin\u012f vaizd\u0105<\/p>\n<\/li>\n<\/ul>\n<h4 data-start=\"1407\" data-end=\"1427\" data-immersive-translate-walked=\"d5c9712f-9cd7-4109-a216-533aa97bb721\">Vartotojo patirtis<\/h4>\n<p class=\"\" data-start=\"1429\" data-end=\"1849\" data-immersive-translate-walked=\"d5c9712f-9cd7-4109-a216-533aa97bb721\" data-immersive-translate-paragraph=\"1\">WASPE 12000 Puffs valdymas yra intuityvus: d\u0117ka \u012fkv\u0117pimo aktyvavimo technologijos nereikia mygtuko. Tiesiog \u012fkv\u0117pkite ir m\u0117gaukit\u0117s i\u0161 karto. \u0160velnus pasiprie\u0161inimas \u012fkv\u0117pimo metu suteikia autenti\u0161k\u0105 MTL (Mouth-to-Lung) patirt\u012f, pana\u0161i\u0105 \u012f tradicin\u012f r\u016bkym\u0105. Ergonomi\u0161ka korpuso forma patogiai laikosi rankoje ir leid\u017eia atsipalaiduoti bei m\u0117gautis d\u016bmais vis\u0105 dien\u0105.<\/p>\n<h4 data-start=\"1851\" data-end=\"1886\" data-immersive-translate-walked=\"d5c9712f-9cd7-4109-a216-533aa97bb721\">Med\u017eiag\u0173 kokyb\u0117 ir valdymas<\/h4>\n<p class=\"\" data-start=\"1888\" data-end=\"2157\" data-immersive-translate-walked=\"d5c9712f-9cd7-4109-a216-533aa97bb721\" data-immersive-translate-paragraph=\"1\">WASPE 12000 Puffs korpusas pagamintas i\u0161 auk\u0161tos kokyb\u0117s med\u017eiag\u0173, kurios derina patvarum\u0105 ir malon\u0173 poj\u016bt\u012f rankoje. I\u0161manusis RGB dizainas ne tik suteikia estetin\u012f vaizd\u0105, bet ir subtiliai ap\u0161vie\u010dia d\u016bm\u0173 metu.<\/p>\n<h4 data-start=\"2159\" data-end=\"2181\" data-immersive-translate-walked=\"d5c9712f-9cd7-4109-a216-533aa97bb721\">I\u0161skirtiniai privalumai<\/h4>\n<p class=\"\" data-start=\"2183\" data-end=\"2395\" data-immersive-translate-walked=\"d5c9712f-9cd7-4109-a216-533aa97bb721\" data-immersive-translate-paragraph=\"1\">WASPE 12000 Puffs pristatymas vyksta per 7-15 darbo dien\u0173. Be to, pirk\u0117jai gali b\u016bti tikri, kad papildom\u0173 muit\u0173 mokes\u010di\u0173 nebus, kas daro u\u017esakym\u0105 patrauklesn\u012f.<\/p>\n<h4 data-start=\"2397\" data-end=\"2430\" data-immersive-translate-walked=\"d5c9712f-9cd7-4109-a216-533aa97bb721\">Produkto ap\u017evalga<\/h4>\n<p class=\"\" data-start=\"2432\" data-end=\"2853\" data-immersive-translate-walked=\"d5c9712f-9cd7-4109-a216-533aa97bb721\">WASPE 12000 Puffs priklauso naujai TPE sekso l\u0117l\u0117s kartai, atsipra\u0161ome, teisingai: TPE vienkartin\u0117ms elektronin\u0117ms cigaret\u0117ms (\u010dia n\u0117ra l\u0117l\u0117s), kurios jungia technin\u012f inovatyvum\u0105 ir naudotojo patogum\u0105. Ji yra lygiavert\u0117 su moderniais terminais kaip realisti\u0161ka sekso l\u0117l\u0117 ir sekso robotas \u2013 \u0161iuo atveju, perkeltai \u012f d\u016bm\u0173 srit\u012f: tobulos, realisti\u0161kos d\u016bmavimo patirtys be kompromis\u0173.<\/p>","protected":false},"excerpt":{"rendered":"<p>WASPE 12000 Puffs: Technische Perfektion und Stil in einem Ger\u00e4t Die WASPE 12000 Puffs ist eine moderne Disposable E-Cigarette, entwickelt f\u00fcr Dampfer, die Wert auf&#8230;<\/p>","protected":false},"featured_media":6602,"template":"","meta":[],"etheme_brands":[],"product_brand":[98],"product_cat":[88,49,61],"product_tag":[],"class_list":{"0":"post-6636","1":"product","2":"type-product","3":"status-publish","4":"has-post-thumbnail","6":"product_brand-waspe-vape","7":"product_cat-12k-vape","8":"product_cat-einweg-e-zigarette","9":"product_cat-f","11":"first","12":"instock","13":"shipping-taxable","14":"purchasable","15":"product-type-variable"},"yoast_head":"<!-- This site is optimized with the Yoast SEO plugin v26.5 - https:\/\/yoast.com\/wordpress\/plugins\/seo\/ -->\n<title>Genie\u00dfen Sie Cool Mint In Jedem Zug WASPE 12000 Puffs Die Frische Wahl Ohne Zollgeb\u00fchren | Vapingnet.de<\/title>\n<meta name=\"description\" content=\"Entdecke Genie\u00dfen Sie Cool Mint In Jedem Zug WASPE 12000 Puffs Die Frische Wahl Ohne Zollgeb\u00fchren bei vapingnet.de, \u25ba Gro\u00dfe Auswahl an Geschmacksrichtungen &amp; super g\u00fcnstig!\" \/>\n<meta name=\"robots\" content=\"index, follow, max-snippet:-1, max-image-preview:large, max-video-preview:-1\" \/>\n<link rel=\"canonical\" href=\"https:\/\/vapingnet.de\/lt\/vape\/geniessen-sie-cool-mint-in-jedem-zug-waspe-12000-puffs-die-frische-wahl-ohne-zollgebuehren\/\" \/>\n<meta property=\"og:locale\" content=\"lt_LT\" \/>\n<meta property=\"og:type\" content=\"article\" \/>\n<meta property=\"og:title\" content=\"Genie\u00dfen Sie Cool Mint In Jedem Zug WASPE 12000 Puffs Die Frische Wahl Ohne Zollgeb\u00fchren | Vapingnet.de\" \/>\n<meta property=\"og:description\" content=\"Entdecke Genie\u00dfen Sie Cool Mint In Jedem Zug WASPE 12000 Puffs Die Frische Wahl Ohne Zollgeb\u00fchren bei vapingnet.de, \u25ba Gro\u00dfe Auswahl an Geschmacksrichtungen &amp; super g\u00fcnstig!\" \/>\n<meta property=\"og:url\" content=\"https:\/\/vapingnet.de\/lt\/vape\/geniessen-sie-cool-mint-in-jedem-zug-waspe-12000-puffs-die-frische-wahl-ohne-zollgebuehren\/\" \/>\n<meta property=\"og:site_name\" content=\"Vapingnet.de\" \/>\n<meta property=\"article:publisher\" content=\"https:\/\/www.facebook.com\/vapingnetde\/\" \/>\n<meta property=\"article:modified_time\" content=\"2026-04-15T09:15:42+00:00\" \/>\n<meta property=\"og:image\" content=\"https:\/\/vapingnet.de\/wp-content\/uploads\/2025\/04\/Cool-Mint.webp\" \/>\n\t<meta property=\"og:image:width\" content=\"1000\" \/>\n\t<meta property=\"og:image:height\" content=\"1000\" \/>\n\t<meta property=\"og:image:type\" content=\"image\/webp\" \/>\n<meta name=\"twitter:card\" content=\"summary_large_image\" \/>\n<meta name=\"twitter:label1\" content=\"Est. reading time\" \/>\n\t<meta name=\"twitter:data1\" content=\"3 minutes\" \/>\n<script type=\"application\/ld+json\" class=\"yoast-schema-graph\">{\"@context\":\"https:\/\/schema.org\",\"@graph\":[{\"@type\":\"WebPage\",\"@id\":\"https:\/\/vapingnet.de\/vape\/geniessen-sie-cool-mint-in-jedem-zug-waspe-12000-puffs-die-frische-wahl-ohne-zollgebuehren\/\",\"url\":\"https:\/\/vapingnet.de\/vape\/geniessen-sie-cool-mint-in-jedem-zug-waspe-12000-puffs-die-frische-wahl-ohne-zollgebuehren\/\",\"name\":\"Genie\u00dfen Sie Cool Mint In Jedem Zug WASPE 12000 Puffs Die Frische Wahl Ohne Zollgeb\u00fchren | Vapingnet.de\",\"isPartOf\":{\"@id\":\"https:\/\/vapingnet.de\/#website\"},\"primaryImageOfPage\":{\"@id\":\"https:\/\/vapingnet.de\/vape\/geniessen-sie-cool-mint-in-jedem-zug-waspe-12000-puffs-die-frische-wahl-ohne-zollgebuehren\/#primaryimage\"},\"image\":{\"@id\":\"https:\/\/vapingnet.de\/vape\/geniessen-sie-cool-mint-in-jedem-zug-waspe-12000-puffs-die-frische-wahl-ohne-zollgebuehren\/#primaryimage\"},\"thumbnailUrl\":\"https:\/\/vapingnet.de\/wp-content\/uploads\/2025\/04\/Cool-Mint.webp\",\"datePublished\":\"2025-04-29T06:04:33+00:00\",\"dateModified\":\"2026-04-15T09:15:42+00:00\",\"description\":\"Entdecke Genie\u00dfen Sie Cool Mint In Jedem Zug WASPE 12000 Puffs Die Frische Wahl Ohne Zollgeb\u00fchren bei vapingnet.de, \u25ba Gro\u00dfe Auswahl an Geschmacksrichtungen & super g\u00fcnstig!\",\"breadcrumb\":{\"@id\":\"https:\/\/vapingnet.de\/vape\/geniessen-sie-cool-mint-in-jedem-zug-waspe-12000-puffs-die-frische-wahl-ohne-zollgebuehren\/#breadcrumb\"},\"inLanguage\":\"lt-LT\",\"potentialAction\":[{\"@type\":\"ReadAction\",\"target\":[\"https:\/\/vapingnet.de\/vape\/geniessen-sie-cool-mint-in-jedem-zug-waspe-12000-puffs-die-frische-wahl-ohne-zollgebuehren\/\"]}]},{\"@type\":\"ImageObject\",\"inLanguage\":\"lt-LT\",\"@id\":\"https:\/\/vapingnet.de\/vape\/geniessen-sie-cool-mint-in-jedem-zug-waspe-12000-puffs-die-frische-wahl-ohne-zollgebuehren\/#primaryimage\",\"url\":\"https:\/\/vapingnet.de\/wp-content\/uploads\/2025\/04\/Cool-Mint.webp\",\"contentUrl\":\"https:\/\/vapingnet.de\/wp-content\/uploads\/2025\/04\/Cool-Mint.webp\",\"width\":1000,\"height\":1000},{\"@type\":\"BreadcrumbList\",\"@id\":\"https:\/\/vapingnet.de\/vape\/geniessen-sie-cool-mint-in-jedem-zug-waspe-12000-puffs-die-frische-wahl-ohne-zollgebuehren\/#breadcrumb\",\"itemListElement\":[{\"@type\":\"ListItem\",\"position\":1,\"name\":\"Home\",\"item\":\"https:\/\/vapingnet.de\/\"},{\"@type\":\"ListItem\",\"position\":2,\"name\":\"Shop\",\"item\":\"https:\/\/vapingnet.de\/vape\/\"},{\"@type\":\"ListItem\",\"position\":3,\"name\":\"Genie\u00dfen Sie Cool Mint In Jedem Zug WASPE 12000 Puffs Die Frische Wahl Ohne Zollgeb\u00fchren\"}]},{\"@type\":\"WebSite\",\"@id\":\"https:\/\/vapingnet.de\/#website\",\"url\":\"https:\/\/vapingnet.de\/\",\"name\":\"Vapingnet.de\",\"description\":\"\",\"publisher\":{\"@id\":\"https:\/\/vapingnet.de\/#organization\"},\"potentialAction\":[{\"@type\":\"SearchAction\",\"target\":{\"@type\":\"EntryPoint\",\"urlTemplate\":\"https:\/\/vapingnet.de\/?s={search_term_string}\"},\"query-input\":{\"@type\":\"PropertyValueSpecification\",\"valueRequired\":true,\"valueName\":\"search_term_string\"}}],\"inLanguage\":\"lt-LT\"},{\"@type\":\"Organization\",\"@id\":\"https:\/\/vapingnet.de\/#organization\",\"name\":\"Vapingnet.de\",\"url\":\"https:\/\/vapingnet.de\/\",\"logo\":{\"@type\":\"ImageObject\",\"inLanguage\":\"lt-LT\",\"@id\":\"https:\/\/vapingnet.de\/#\/schema\/logo\/image\/\",\"url\":\"https:\/\/vapingnet.de\/wp-content\/uploads\/2025\/03\/cropped-vapingnet.de_.jpg\",\"contentUrl\":\"https:\/\/vapingnet.de\/wp-content\/uploads\/2025\/03\/cropped-vapingnet.de_.jpg\",\"width\":512,\"height\":512,\"caption\":\"Vapingnet.de\"},\"image\":{\"@id\":\"https:\/\/vapingnet.de\/#\/schema\/logo\/image\/\"},\"sameAs\":[\"https:\/\/www.facebook.com\/vapingnetde\/\"]}]}<\/script>\n<!-- \/ Yoast SEO plugin. -->","yoast_head_json":{"title":"Genie\u00dfen Sie Cool Mint In Jedem Zug WASPE 12000 Puffs Die Frische Wahl Ohne Zollgeb\u00fchren | Vapingnet.de","description":"Entdecke Genie\u00dfen Sie Cool Mint In Jedem Zug WASPE 12000 Puffs Die Frische Wahl Ohne Zollgeb\u00fchren bei vapingnet.de, \u25ba Gro\u00dfe Auswahl an Geschmacksrichtungen & super g\u00fcnstig!","robots":{"index":"index","follow":"follow","max-snippet":"max-snippet:-1","max-image-preview":"max-image-preview:large","max-video-preview":"max-video-preview:-1"},"canonical":"https:\/\/vapingnet.de\/lt\/vape\/geniessen-sie-cool-mint-in-jedem-zug-waspe-12000-puffs-die-frische-wahl-ohne-zollgebuehren\/","og_locale":"lt_LT","og_type":"article","og_title":"Genie\u00dfen Sie Cool Mint In Jedem Zug WASPE 12000 Puffs Die Frische Wahl Ohne Zollgeb\u00fchren | Vapingnet.de","og_description":"Entdecke Genie\u00dfen Sie Cool Mint In Jedem Zug WASPE 12000 Puffs Die Frische Wahl Ohne Zollgeb\u00fchren bei vapingnet.de, \u25ba Gro\u00dfe Auswahl an Geschmacksrichtungen & super g\u00fcnstig!","og_url":"https:\/\/vapingnet.de\/lt\/vape\/geniessen-sie-cool-mint-in-jedem-zug-waspe-12000-puffs-die-frische-wahl-ohne-zollgebuehren\/","og_site_name":"Vapingnet.de","article_publisher":"https:\/\/www.facebook.com\/vapingnetde\/","article_modified_time":"2026-04-15T09:15:42+00:00","og_image":[{"width":1000,"height":1000,"url":"https:\/\/vapingnet.de\/wp-content\/uploads\/2025\/04\/Cool-Mint.webp","type":"image\/webp"}],"twitter_card":"summary_large_image","twitter_misc":{"Est. reading time":"3 minutes"},"schema":{"@context":"https:\/\/schema.org","@graph":[{"@type":"WebPage","@id":"https:\/\/vapingnet.de\/vape\/geniessen-sie-cool-mint-in-jedem-zug-waspe-12000-puffs-die-frische-wahl-ohne-zollgebuehren\/","url":"https:\/\/vapingnet.de\/vape\/geniessen-sie-cool-mint-in-jedem-zug-waspe-12000-puffs-die-frische-wahl-ohne-zollgebuehren\/","name":"Genie\u00dfen Sie Cool Mint In Jedem Zug WASPE 12000 Puffs Die Frische Wahl Ohne Zollgeb\u00fchren | Vapingnet.de","isPartOf":{"@id":"https:\/\/vapingnet.de\/#website"},"primaryImageOfPage":{"@id":"https:\/\/vapingnet.de\/vape\/geniessen-sie-cool-mint-in-jedem-zug-waspe-12000-puffs-die-frische-wahl-ohne-zollgebuehren\/#primaryimage"},"image":{"@id":"https:\/\/vapingnet.de\/vape\/geniessen-sie-cool-mint-in-jedem-zug-waspe-12000-puffs-die-frische-wahl-ohne-zollgebuehren\/#primaryimage"},"thumbnailUrl":"https:\/\/vapingnet.de\/wp-content\/uploads\/2025\/04\/Cool-Mint.webp","datePublished":"2025-04-29T06:04:33+00:00","dateModified":"2026-04-15T09:15:42+00:00","description":"Entdecke Genie\u00dfen Sie Cool Mint In Jedem Zug WASPE 12000 Puffs Die Frische Wahl Ohne Zollgeb\u00fchren bei vapingnet.de, \u25ba Gro\u00dfe Auswahl an Geschmacksrichtungen & super g\u00fcnstig!","breadcrumb":{"@id":"https:\/\/vapingnet.de\/vape\/geniessen-sie-cool-mint-in-jedem-zug-waspe-12000-puffs-die-frische-wahl-ohne-zollgebuehren\/#breadcrumb"},"inLanguage":"lt-LT","potentialAction":[{"@type":"ReadAction","target":["https:\/\/vapingnet.de\/vape\/geniessen-sie-cool-mint-in-jedem-zug-waspe-12000-puffs-die-frische-wahl-ohne-zollgebuehren\/"]}]},{"@type":"ImageObject","inLanguage":"lt-LT","@id":"https:\/\/vapingnet.de\/vape\/geniessen-sie-cool-mint-in-jedem-zug-waspe-12000-puffs-die-frische-wahl-ohne-zollgebuehren\/#primaryimage","url":"https:\/\/vapingnet.de\/wp-content\/uploads\/2025\/04\/Cool-Mint.webp","contentUrl":"https:\/\/vapingnet.de\/wp-content\/uploads\/2025\/04\/Cool-Mint.webp","width":1000,"height":1000},{"@type":"BreadcrumbList","@id":"https:\/\/vapingnet.de\/vape\/geniessen-sie-cool-mint-in-jedem-zug-waspe-12000-puffs-die-frische-wahl-ohne-zollgebuehren\/#breadcrumb","itemListElement":[{"@type":"ListItem","position":1,"name":"Home","item":"https:\/\/vapingnet.de\/"},{"@type":"ListItem","position":2,"name":"Shop","item":"https:\/\/vapingnet.de\/vape\/"},{"@type":"ListItem","position":3,"name":"Genie\u00dfen Sie Cool Mint In Jedem Zug WASPE 12000 Puffs Die Frische Wahl Ohne Zollgeb\u00fchren"}]},{"@type":"WebSite","@id":"https:\/\/vapingnet.de\/#website","url":"https:\/\/vapingnet.de\/","name":"Vapingnet.de","description":"","publisher":{"@id":"https:\/\/vapingnet.de\/#organization"},"potentialAction":[{"@type":"SearchAction","target":{"@type":"EntryPoint","urlTemplate":"https:\/\/vapingnet.de\/?s={search_term_string}"},"query-input":{"@type":"PropertyValueSpecification","valueRequired":true,"valueName":"search_term_string"}}],"inLanguage":"lt-LT"},{"@type":"Organization","@id":"https:\/\/vapingnet.de\/#organization","name":"Vapingnet.de","url":"https:\/\/vapingnet.de\/","logo":{"@type":"ImageObject","inLanguage":"lt-LT","@id":"https:\/\/vapingnet.de\/#\/schema\/logo\/image\/","url":"https:\/\/vapingnet.de\/wp-content\/uploads\/2025\/03\/cropped-vapingnet.de_.jpg","contentUrl":"https:\/\/vapingnet.de\/wp-content\/uploads\/2025\/03\/cropped-vapingnet.de_.jpg","width":512,"height":512,"caption":"Vapingnet.de"},"image":{"@id":"https:\/\/vapingnet.de\/#\/schema\/logo\/image\/"},"sameAs":["https:\/\/www.facebook.com\/vapingnetde\/"]}]}},"tiered_pricing_type":"fixed","tiered_pricing_fixed_rules":[],"tiered_pricing_product_settings":{"layout":"default","base_unit_name":{"singular":null,"plural":null},"default_variation":null},"tiered_pricing_minimum_quantity":null,"tiered_pricing_roles_data":[],"tiered_pricing_percentage_rules":[],"_links":{"self":[{"href":"https:\/\/vapingnet.de\/lt\/wp-json\/wp\/v2\/product\/6636","targetHints":{"allow":["GET"]}}],"collection":[{"href":"https:\/\/vapingnet.de\/lt\/wp-json\/wp\/v2\/product"}],"about":[{"href":"https:\/\/vapingnet.de\/lt\/wp-json\/wp\/v2\/types\/product"}],"version-history":[{"count":3,"href":"https:\/\/vapingnet.de\/lt\/wp-json\/wp\/v2\/product\/6636\/revisions"}],"predecessor-version":[{"id":6645,"href":"https:\/\/vapingnet.de\/lt\/wp-json\/wp\/v2\/product\/6636\/revisions\/6645"}],"wp:featuredmedia":[{"embeddable":true,"href":"https:\/\/vapingnet.de\/lt\/wp-json\/wp\/v2\/media\/6602"}],"wp:attachment":[{"href":"https:\/\/vapingnet.de\/lt\/wp-json\/wp\/v2\/media?parent=6636"}],"wp:term":[{"taxonomy":"brand","embeddable":true,"href":"https:\/\/vapingnet.de\/lt\/wp-json\/wp\/v2\/etheme_brands?post=6636"},{"taxonomy":"product_brand","embeddable":true,"href":"https:\/\/vapingnet.de\/lt\/wp-json\/wp\/v2\/product_brand?post=6636"},{"taxonomy":"product_cat","embeddable":true,"href":"https:\/\/vapingnet.de\/lt\/wp-json\/wp\/v2\/product_cat?post=6636"},{"taxonomy":"product_tag","embeddable":true,"href":"https:\/\/vapingnet.de\/lt\/wp-json\/wp\/v2\/product_tag?post=6636"}],"curies":[{"name":"wp","href":"https:\/\/api.w.org\/{rel}","templated":true}]}}