{"id":6640,"date":"2025-04-29T06:29:12","date_gmt":"2025-04-29T06:29:12","guid":{"rendered":"https:\/\/vapingnet.de\/?post_type=product&#038;p=6640"},"modified":"2026-04-15T09:13:23","modified_gmt":"2026-04-15T09:13:23","slug":"mango-ice-in-waspe-12000-puffs-fruchtig-kuehl-und-zollfrei-direkt-zu-ihnen-nach-hause","status":"publish","type":"product","link":"https:\/\/vapingnet.de\/lt\/vape\/mango-ice-in-waspe-12000-puffs-fruchtig-kuehl-und-zollfrei-direkt-zu-ihnen-nach-hause\/","title":{"rendered":"Mango Ice WASPE 12000 Puffs vaisi\u0161kas, gaivus ir be muit\u0173 tiesiai \u012f j\u016bs\u0173 namus"},"content":{"rendered":"<h2 data-start=\"0\" data-end=\"62\" data-immersive-translate-walked=\"b612e52e-aa8f-42dd-bb25-a56b1124fc9e\">WASPE 12000 Puffs \u2013 Galinga vienkartin\u0117 elektronin\u0117 cigaret\u0117<\/h2>\n<p class=\"\" data-start=\"64\" data-end=\"399\" data-immersive-translate-walked=\"b612e52e-aa8f-42dd-bb25-a56b1124fc9e\" data-immersive-translate-paragraph=\"1\">WASPE 12000 Puffs yra ideali pasirinktis vartotojams, ie\u0161kantiems tiek didel\u0117s galios, tiek unikalios skonio patirties. Su \u012fsp\u016bdinga ilgaam\u017ei\u0161kumu, Mango Ice skoniu ir patogiais funkcijomis \u0161i vienkartin\u0117 elektronin\u0117 cigaret\u0117 suteikia visk\u0105, ko reikia, kad pagerintum\u0117te savo \u012fkv\u0117pimo patirt\u012f.<\/p>\n<h4 data-start=\"401\" data-end=\"446\" data-immersive-translate-walked=\"b612e52e-aa8f-42dd-bb25-a56b1124fc9e\">Puiki aromat\u0173 \u012fvairov\u0117 \u2013 Mango Ice<\/h4>\n<p class=\"\" data-start=\"448\" data-end=\"760\" data-immersive-translate-walked=\"b612e52e-aa8f-42dd-bb25-a56b1124fc9e\" data-immersive-translate-paragraph=\"1\">Mango Ice skonio derinys sukuria gaiv\u0173 ir tropin\u012f \u012fkv\u0117pimo poj\u016bt\u012f. Saldaus mango skonio papildo \u0161altas ledinio skonio tonas, kuris sukuria malon\u0173 gaivumo jausm\u0105. \u0160i mi\u0161inio kombinacija paver\u010dia kiekvien\u0105 \u012fkv\u0117pim\u0105 unikaliu patyrimu, kurio negalima praleisti.<\/p>\n<h4 data-start=\"762\" data-end=\"808\" data-immersive-translate-walked=\"b612e52e-aa8f-42dd-bb25-a56b1124fc9e\">Ilgaam\u017eis ir patikimas \u2013 12000 \u012fkv\u0117pim\u0173<\/h4>\n<p class=\"\" data-start=\"810\" data-end=\"1177\" data-immersive-translate-walked=\"b612e52e-aa8f-42dd-bb25-a56b1124fc9e\" data-immersive-translate-paragraph=\"1\">Su WASPE 12000 Puffs nereikia jaudintis d\u0117l da\u017en\u0173 papildym\u0173 ar \u012fkrovimo. Prietaisas turi 20 ml elektroninio skys\u010dio ir suteikia 12000 \u012fkv\u0117pim\u0173. D\u0117l 650mAh akumuliatoriaus ir Type-C \u012fkrovimo funkcijos prietaisas \u012fkraunamas greitai ir garantuoja ilgalaik\u012f naudojim\u0105. Tai puikus palydovas ilgiems \u012fkv\u0117pimo seansams be pertrauk\u0173.<\/p>\n<h4 data-start=\"1179\" data-end=\"1224\" data-immersive-translate-walked=\"b612e52e-aa8f-42dd-bb25-a56b1124fc9e\">Paprasta naudoti \u2013 \u012fkv\u0117pimo aktyvavimas<\/h4>\n<p class=\"\" data-start=\"1226\" data-end=\"1489\" data-immersive-translate-walked=\"b612e52e-aa8f-42dd-bb25-a56b1124fc9e\" data-immersive-translate-paragraph=\"1\">D\u0117l \u012fkv\u0117pimo aktyvavimo \u012fkv\u0117pimas su WASPE 12000 Puffs yra labai paprastas. Tiesiog traukite i\u0161 burnos antgalo, kad \u012fjungtum\u0117te prietais\u0105 \u2013 joki\u0173 mygtuk\u0173, joki\u0173 sud\u0117ting\u0173 nustatym\u0173. Tai daro \u012fkv\u0117pim\u0105 ypa\u010d paprast\u0105 ir greit\u0105.<\/p>\n<h4 data-start=\"1491\" data-end=\"1532\" data-immersive-translate-walked=\"b612e52e-aa8f-42dd-bb25-a56b1124fc9e\">RGB ap\u0161vietimas \u2013 stilingas dizainas<\/h4>\n<p class=\"\" data-start=\"1534\" data-end=\"1833\" data-immersive-translate-walked=\"b612e52e-aa8f-42dd-bb25-a56b1124fc9e\" data-immersive-translate-paragraph=\"1\">WASPE 12000 Puffs ne tik galinga, bet ir vizualiai patraukli. Integruotas RGB ap\u0161vietimas kiekvieno \u012fkv\u0117pimo metu sukuria puik\u0173 vizualin\u012f akcent\u0105. Spalvotos \u0161viesos suteikia prietaisui modern\u0173 ir stiling\u0105 i\u0161vaizd\u0105, i\u0161skirian\u010di\u0105 j\u012f i\u0161 kit\u0173 elektronini\u0173 cigare\u010di\u0173.<\/p>\n<h3>Svarb\u016bs techniniai duomenys<\/h3>\n<ul data-start=\"1872\" data-end=\"2151\" data-immersive-translate-walked=\"b612e52e-aa8f-42dd-bb25-a56b1124fc9e\">\n<li class=\"\" data-start=\"1872\" data-end=\"1912\" data-immersive-translate-walked=\"b612e52e-aa8f-42dd-bb25-a56b1124fc9e\">\n<p class=\"\" data-start=\"1874\" data-end=\"1912\" data-immersive-translate-walked=\"b612e52e-aa8f-42dd-bb25-a56b1124fc9e\" data-immersive-translate-paragraph=\"1\">Nikotin\u0173 pasirinktys: 0% \/ 2% \/ 3% \/ 5%<\/p>\n<\/li>\n<li class=\"\" data-start=\"1913\" data-end=\"1944\" data-immersive-translate-walked=\"b612e52e-aa8f-42dd-bb25-a56b1124fc9e\">\n<p class=\"\" data-start=\"1915\" data-end=\"1944\" data-immersive-translate-walked=\"b612e52e-aa8f-42dd-bb25-a56b1124fc9e\" data-immersive-translate-paragraph=\"1\">E-liquido talpa: 20 ml<\/p>\n<\/li>\n<li class=\"\" data-start=\"1945\" data-end=\"1962\" data-immersive-translate-walked=\"b612e52e-aa8f-42dd-bb25-a56b1124fc9e\">\n<p class=\"\" data-start=\"1947\" data-end=\"1962\" data-immersive-translate-walked=\"b612e52e-aa8f-42dd-bb25-a56b1124fc9e\" data-immersive-translate-paragraph=\"1\">\u012ekv\u0117pimai: 12000<\/p>\n<\/li>\n<li class=\"\" data-start=\"1963\" data-end=\"1981\" data-immersive-translate-walked=\"b612e52e-aa8f-42dd-bb25-a56b1124fc9e\">\n<p class=\"\" data-start=\"1965\" data-end=\"1981\" data-immersive-translate-walked=\"b612e52e-aa8f-42dd-bb25-a56b1124fc9e\" data-immersive-translate-paragraph=\"1\">Akumuliatorius: 650mAh<\/p>\n<\/li>\n<li class=\"\" data-start=\"1982\" data-end=\"2009\" data-immersive-translate-walked=\"b612e52e-aa8f-42dd-bb25-a56b1124fc9e\">\n<p class=\"\" data-start=\"1984\" data-end=\"2009\" data-immersive-translate-walked=\"b612e52e-aa8f-42dd-bb25-a56b1124fc9e\" data-immersive-translate-paragraph=\"1\">\u012ekrovimo jungtis: Type-C<\/p>\n<\/li>\n<li class=\"\" data-start=\"2010\" data-end=\"2045\" data-immersive-translate-walked=\"b612e52e-aa8f-42dd-bb25-a56b1124fc9e\">\n<p class=\"\" data-start=\"2012\" data-end=\"2045\" data-immersive-translate-walked=\"b612e52e-aa8f-42dd-bb25-a56b1124fc9e\" data-immersive-translate-paragraph=\"1\">Var\u017ea: 0,8 Ohm tinklinis rit\u0117<\/p>\n<\/li>\n<li class=\"\" data-start=\"2046\" data-end=\"2088\" data-immersive-translate-walked=\"b612e52e-aa8f-42dd-bb25-a56b1124fc9e\">\n<p class=\"\" data-start=\"2048\" data-end=\"2088\" data-immersive-translate-walked=\"b612e52e-aa8f-42dd-bb25-a56b1124fc9e\" data-immersive-translate-paragraph=\"1\">\u0160ildymo vielos var\u017ea: Mesh Core 1.0\u03a9<\/p>\n<\/li>\n<li class=\"\" data-start=\"2089\" data-end=\"2124\" data-immersive-translate-walked=\"b612e52e-aa8f-42dd-bb25-a56b1124fc9e\">\n<p class=\"\" data-start=\"2091\" data-end=\"2124\" data-immersive-translate-walked=\"b612e52e-aa8f-42dd-bb25-a56b1124fc9e\" data-immersive-translate-paragraph=\"1\">Produkto svoris: 82g vienetui<\/p>\n<\/li>\n<li class=\"\" data-start=\"2125\" data-end=\"2151\" data-immersive-translate-walked=\"b612e52e-aa8f-42dd-bb25-a56b1124fc9e\">\n<p class=\"\" data-start=\"2127\" data-end=\"2151\" data-immersive-translate-walked=\"b612e52e-aa8f-42dd-bb25-a56b1124fc9e\" data-immersive-translate-paragraph=\"1\">Skonis: Mango Ice<\/p>\n<\/li>\n<\/ul>\n<h4 data-start=\"2153\" data-end=\"2186\" data-immersive-translate-walked=\"b612e52e-aa8f-42dd-bb25-a56b1124fc9e\">Privalumai naudojant vapingnet.de<\/h4>\n<p class=\"\" data-start=\"2188\" data-end=\"2540\" data-immersive-translate-walked=\"b612e52e-aa8f-42dd-bb25-a56b1124fc9e\" data-immersive-translate-paragraph=\"1\">Pirkdami WASPE 12000 Puffs per vapingnet.de, gaunate daugyb\u0119 privalum\u0173. Tarp j\u0173 \u2013 nemokamas pristatymas, kas rei\u0161kia, kad papildom\u0173 mokes\u010di\u0173 u\u017e tarptautin\u012f siuntim\u0105 n\u0117ra. Pristatymo laikas \u2013 tik 7-15 darbo dien\u0173, tod\u0117l greitai ir be r\u016bpes\u010di\u0173 gal\u0117site m\u0117gautis savo nauja elektronine cigarete.<\/p>\n<p class=\"\" data-start=\"2542\" data-end=\"2804\" data-immersive-translate-walked=\"b612e52e-aa8f-42dd-bb25-a56b1124fc9e\" data-immersive-translate-paragraph=\"1\">Patirkite nauj\u0105 garinimo dimensij\u0105 su WASPE 12000 p\u016btim\u0173 \u2013 m\u0117gaukit\u0117s \u0161vie\u017eia Mango Ice skoniu, ilgaam\u017ei\u0161kumu ir paprastu naudojimu, visa tai \u012fpakuota \u012f modern\u0173 dizain\u0105. U\u017esisakykite jau \u0161iandien vapingnet.de!<\/p>","protected":false},"excerpt":{"rendered":"<p>WASPE 12000 Puffs \u2013 Die leistungsstarke Einweg-E-Zigarette Die WASPE 12000 Puffs ist die ideale Wahl f\u00fcr Dampfer, die sowohl eine hohe Leistung als auch ein&#8230;<\/p>","protected":false},"featured_media":6606,"template":"","meta":[],"etheme_brands":[],"product_brand":[98],"product_cat":[88,49,61],"product_tag":[],"class_list":{"0":"post-6640","1":"product","2":"type-product","3":"status-publish","4":"has-post-thumbnail","6":"product_brand-waspe-vape","7":"product_cat-12k-vape","8":"product_cat-einweg-e-zigarette","9":"product_cat-f","11":"first","12":"instock","13":"shipping-taxable","14":"purchasable","15":"product-type-variable"},"yoast_head":"<!-- This site is optimized with the Yoast SEO plugin v26.5 - https:\/\/yoast.com\/wordpress\/plugins\/seo\/ -->\n<title>Mango Ice In WASPE 12000 Puffs Fruchtig K\u00fchl Und Zollfrei Direkt Zu Ihnen Nach Hause | Vapingnet.de<\/title>\n<meta name=\"description\" content=\"Entdecke Mango Ice In WASPE 12000 Puffs Fruchtig K\u00fchl Und Zollfrei Direkt Zu Ihnen Nach Hause bei vapingnet.de, \u25ba Gro\u00dfe Auswahl an Geschmacksrichtungen &amp; super g\u00fcnstig!\" \/>\n<meta name=\"robots\" content=\"index, follow, max-snippet:-1, max-image-preview:large, max-video-preview:-1\" \/>\n<link rel=\"canonical\" href=\"https:\/\/vapingnet.de\/lt\/vape\/mango-ice-in-waspe-12000-puffs-fruchtig-kuehl-und-zollfrei-direkt-zu-ihnen-nach-hause\/\" \/>\n<meta property=\"og:locale\" content=\"lt_LT\" \/>\n<meta property=\"og:type\" content=\"article\" \/>\n<meta property=\"og:title\" content=\"Mango Ice In WASPE 12000 Puffs Fruchtig K\u00fchl Und Zollfrei Direkt Zu Ihnen Nach Hause | Vapingnet.de\" \/>\n<meta property=\"og:description\" content=\"Entdecke Mango Ice In WASPE 12000 Puffs Fruchtig K\u00fchl Und Zollfrei Direkt Zu Ihnen Nach Hause bei vapingnet.de, \u25ba Gro\u00dfe Auswahl an Geschmacksrichtungen &amp; super g\u00fcnstig!\" \/>\n<meta property=\"og:url\" content=\"https:\/\/vapingnet.de\/lt\/vape\/mango-ice-in-waspe-12000-puffs-fruchtig-kuehl-und-zollfrei-direkt-zu-ihnen-nach-hause\/\" \/>\n<meta property=\"og:site_name\" content=\"Vapingnet.de\" \/>\n<meta property=\"article:publisher\" content=\"https:\/\/www.facebook.com\/vapingnetde\/\" \/>\n<meta property=\"article:modified_time\" content=\"2026-04-15T09:13:23+00:00\" \/>\n<meta property=\"og:image\" content=\"https:\/\/vapingnet.de\/wp-content\/uploads\/2025\/04\/Mango-Ice.webp\" \/>\n\t<meta property=\"og:image:width\" content=\"1000\" \/>\n\t<meta property=\"og:image:height\" content=\"1000\" \/>\n\t<meta property=\"og:image:type\" content=\"image\/webp\" \/>\n<meta name=\"twitter:card\" content=\"summary_large_image\" \/>\n<meta name=\"twitter:label1\" content=\"Est. reading time\" \/>\n\t<meta name=\"twitter:data1\" content=\"3 minutes\" \/>\n<script type=\"application\/ld+json\" class=\"yoast-schema-graph\">{\"@context\":\"https:\/\/schema.org\",\"@graph\":[{\"@type\":\"WebPage\",\"@id\":\"https:\/\/vapingnet.de\/vape\/mango-ice-in-waspe-12000-puffs-fruchtig-kuehl-und-zollfrei-direkt-zu-ihnen-nach-hause\/\",\"url\":\"https:\/\/vapingnet.de\/vape\/mango-ice-in-waspe-12000-puffs-fruchtig-kuehl-und-zollfrei-direkt-zu-ihnen-nach-hause\/\",\"name\":\"Mango Ice In WASPE 12000 Puffs Fruchtig K\u00fchl Und Zollfrei Direkt Zu Ihnen Nach Hause | Vapingnet.de\",\"isPartOf\":{\"@id\":\"https:\/\/vapingnet.de\/#website\"},\"primaryImageOfPage\":{\"@id\":\"https:\/\/vapingnet.de\/vape\/mango-ice-in-waspe-12000-puffs-fruchtig-kuehl-und-zollfrei-direkt-zu-ihnen-nach-hause\/#primaryimage\"},\"image\":{\"@id\":\"https:\/\/vapingnet.de\/vape\/mango-ice-in-waspe-12000-puffs-fruchtig-kuehl-und-zollfrei-direkt-zu-ihnen-nach-hause\/#primaryimage\"},\"thumbnailUrl\":\"https:\/\/vapingnet.de\/wp-content\/uploads\/2025\/04\/Mango-Ice.webp\",\"datePublished\":\"2025-04-29T06:29:12+00:00\",\"dateModified\":\"2026-04-15T09:13:23+00:00\",\"description\":\"Entdecke Mango Ice In WASPE 12000 Puffs Fruchtig K\u00fchl Und Zollfrei Direkt Zu Ihnen Nach Hause bei vapingnet.de, \u25ba Gro\u00dfe Auswahl an Geschmacksrichtungen & super g\u00fcnstig!\",\"breadcrumb\":{\"@id\":\"https:\/\/vapingnet.de\/vape\/mango-ice-in-waspe-12000-puffs-fruchtig-kuehl-und-zollfrei-direkt-zu-ihnen-nach-hause\/#breadcrumb\"},\"inLanguage\":\"lt-LT\",\"potentialAction\":[{\"@type\":\"ReadAction\",\"target\":[\"https:\/\/vapingnet.de\/vape\/mango-ice-in-waspe-12000-puffs-fruchtig-kuehl-und-zollfrei-direkt-zu-ihnen-nach-hause\/\"]}]},{\"@type\":\"ImageObject\",\"inLanguage\":\"lt-LT\",\"@id\":\"https:\/\/vapingnet.de\/vape\/mango-ice-in-waspe-12000-puffs-fruchtig-kuehl-und-zollfrei-direkt-zu-ihnen-nach-hause\/#primaryimage\",\"url\":\"https:\/\/vapingnet.de\/wp-content\/uploads\/2025\/04\/Mango-Ice.webp\",\"contentUrl\":\"https:\/\/vapingnet.de\/wp-content\/uploads\/2025\/04\/Mango-Ice.webp\",\"width\":1000,\"height\":1000},{\"@type\":\"BreadcrumbList\",\"@id\":\"https:\/\/vapingnet.de\/vape\/mango-ice-in-waspe-12000-puffs-fruchtig-kuehl-und-zollfrei-direkt-zu-ihnen-nach-hause\/#breadcrumb\",\"itemListElement\":[{\"@type\":\"ListItem\",\"position\":1,\"name\":\"Home\",\"item\":\"https:\/\/vapingnet.de\/\"},{\"@type\":\"ListItem\",\"position\":2,\"name\":\"Shop\",\"item\":\"https:\/\/vapingnet.de\/vape\/\"},{\"@type\":\"ListItem\",\"position\":3,\"name\":\"Mango Ice In WASPE 12000 Puffs Fruchtig K\u00fchl Und Zollfrei Direkt Zu Ihnen Nach Hause\"}]},{\"@type\":\"WebSite\",\"@id\":\"https:\/\/vapingnet.de\/#website\",\"url\":\"https:\/\/vapingnet.de\/\",\"name\":\"Vapingnet.de\",\"description\":\"\",\"publisher\":{\"@id\":\"https:\/\/vapingnet.de\/#organization\"},\"potentialAction\":[{\"@type\":\"SearchAction\",\"target\":{\"@type\":\"EntryPoint\",\"urlTemplate\":\"https:\/\/vapingnet.de\/?s={search_term_string}\"},\"query-input\":{\"@type\":\"PropertyValueSpecification\",\"valueRequired\":true,\"valueName\":\"search_term_string\"}}],\"inLanguage\":\"lt-LT\"},{\"@type\":\"Organization\",\"@id\":\"https:\/\/vapingnet.de\/#organization\",\"name\":\"Vapingnet.de\",\"url\":\"https:\/\/vapingnet.de\/\",\"logo\":{\"@type\":\"ImageObject\",\"inLanguage\":\"lt-LT\",\"@id\":\"https:\/\/vapingnet.de\/#\/schema\/logo\/image\/\",\"url\":\"https:\/\/vapingnet.de\/wp-content\/uploads\/2025\/03\/cropped-vapingnet.de_.jpg\",\"contentUrl\":\"https:\/\/vapingnet.de\/wp-content\/uploads\/2025\/03\/cropped-vapingnet.de_.jpg\",\"width\":512,\"height\":512,\"caption\":\"Vapingnet.de\"},\"image\":{\"@id\":\"https:\/\/vapingnet.de\/#\/schema\/logo\/image\/\"},\"sameAs\":[\"https:\/\/www.facebook.com\/vapingnetde\/\"]}]}<\/script>\n<!-- \/ Yoast SEO plugin. -->","yoast_head_json":{"title":"Mango Ice In WASPE 12000 Puffs Fruchtig K\u00fchl Und Zollfrei Direkt Zu Ihnen Nach Hause | Vapingnet.de","description":"Entdecke Mango Ice In WASPE 12000 Puffs Fruchtig K\u00fchl Und Zollfrei Direkt Zu Ihnen Nach Hause bei vapingnet.de, \u25ba Gro\u00dfe Auswahl an Geschmacksrichtungen & super g\u00fcnstig!","robots":{"index":"index","follow":"follow","max-snippet":"max-snippet:-1","max-image-preview":"max-image-preview:large","max-video-preview":"max-video-preview:-1"},"canonical":"https:\/\/vapingnet.de\/lt\/vape\/mango-ice-in-waspe-12000-puffs-fruchtig-kuehl-und-zollfrei-direkt-zu-ihnen-nach-hause\/","og_locale":"lt_LT","og_type":"article","og_title":"Mango Ice In WASPE 12000 Puffs Fruchtig K\u00fchl Und Zollfrei Direkt Zu Ihnen Nach Hause | Vapingnet.de","og_description":"Entdecke Mango Ice In WASPE 12000 Puffs Fruchtig K\u00fchl Und Zollfrei Direkt Zu Ihnen Nach Hause bei vapingnet.de, \u25ba Gro\u00dfe Auswahl an Geschmacksrichtungen & super g\u00fcnstig!","og_url":"https:\/\/vapingnet.de\/lt\/vape\/mango-ice-in-waspe-12000-puffs-fruchtig-kuehl-und-zollfrei-direkt-zu-ihnen-nach-hause\/","og_site_name":"Vapingnet.de","article_publisher":"https:\/\/www.facebook.com\/vapingnetde\/","article_modified_time":"2026-04-15T09:13:23+00:00","og_image":[{"width":1000,"height":1000,"url":"https:\/\/vapingnet.de\/wp-content\/uploads\/2025\/04\/Mango-Ice.webp","type":"image\/webp"}],"twitter_card":"summary_large_image","twitter_misc":{"Est. reading time":"3 minutes"},"schema":{"@context":"https:\/\/schema.org","@graph":[{"@type":"WebPage","@id":"https:\/\/vapingnet.de\/vape\/mango-ice-in-waspe-12000-puffs-fruchtig-kuehl-und-zollfrei-direkt-zu-ihnen-nach-hause\/","url":"https:\/\/vapingnet.de\/vape\/mango-ice-in-waspe-12000-puffs-fruchtig-kuehl-und-zollfrei-direkt-zu-ihnen-nach-hause\/","name":"Mango Ice In WASPE 12000 Puffs Fruchtig K\u00fchl Und Zollfrei Direkt Zu Ihnen Nach Hause | Vapingnet.de","isPartOf":{"@id":"https:\/\/vapingnet.de\/#website"},"primaryImageOfPage":{"@id":"https:\/\/vapingnet.de\/vape\/mango-ice-in-waspe-12000-puffs-fruchtig-kuehl-und-zollfrei-direkt-zu-ihnen-nach-hause\/#primaryimage"},"image":{"@id":"https:\/\/vapingnet.de\/vape\/mango-ice-in-waspe-12000-puffs-fruchtig-kuehl-und-zollfrei-direkt-zu-ihnen-nach-hause\/#primaryimage"},"thumbnailUrl":"https:\/\/vapingnet.de\/wp-content\/uploads\/2025\/04\/Mango-Ice.webp","datePublished":"2025-04-29T06:29:12+00:00","dateModified":"2026-04-15T09:13:23+00:00","description":"Entdecke Mango Ice In WASPE 12000 Puffs Fruchtig K\u00fchl Und Zollfrei Direkt Zu Ihnen Nach Hause bei vapingnet.de, \u25ba Gro\u00dfe Auswahl an Geschmacksrichtungen & super g\u00fcnstig!","breadcrumb":{"@id":"https:\/\/vapingnet.de\/vape\/mango-ice-in-waspe-12000-puffs-fruchtig-kuehl-und-zollfrei-direkt-zu-ihnen-nach-hause\/#breadcrumb"},"inLanguage":"lt-LT","potentialAction":[{"@type":"ReadAction","target":["https:\/\/vapingnet.de\/vape\/mango-ice-in-waspe-12000-puffs-fruchtig-kuehl-und-zollfrei-direkt-zu-ihnen-nach-hause\/"]}]},{"@type":"ImageObject","inLanguage":"lt-LT","@id":"https:\/\/vapingnet.de\/vape\/mango-ice-in-waspe-12000-puffs-fruchtig-kuehl-und-zollfrei-direkt-zu-ihnen-nach-hause\/#primaryimage","url":"https:\/\/vapingnet.de\/wp-content\/uploads\/2025\/04\/Mango-Ice.webp","contentUrl":"https:\/\/vapingnet.de\/wp-content\/uploads\/2025\/04\/Mango-Ice.webp","width":1000,"height":1000},{"@type":"BreadcrumbList","@id":"https:\/\/vapingnet.de\/vape\/mango-ice-in-waspe-12000-puffs-fruchtig-kuehl-und-zollfrei-direkt-zu-ihnen-nach-hause\/#breadcrumb","itemListElement":[{"@type":"ListItem","position":1,"name":"Home","item":"https:\/\/vapingnet.de\/"},{"@type":"ListItem","position":2,"name":"Shop","item":"https:\/\/vapingnet.de\/vape\/"},{"@type":"ListItem","position":3,"name":"Mango Ice In WASPE 12000 Puffs Fruchtig K\u00fchl Und Zollfrei Direkt Zu Ihnen Nach Hause"}]},{"@type":"WebSite","@id":"https:\/\/vapingnet.de\/#website","url":"https:\/\/vapingnet.de\/","name":"Vapingnet.de","description":"","publisher":{"@id":"https:\/\/vapingnet.de\/#organization"},"potentialAction":[{"@type":"SearchAction","target":{"@type":"EntryPoint","urlTemplate":"https:\/\/vapingnet.de\/?s={search_term_string}"},"query-input":{"@type":"PropertyValueSpecification","valueRequired":true,"valueName":"search_term_string"}}],"inLanguage":"lt-LT"},{"@type":"Organization","@id":"https:\/\/vapingnet.de\/#organization","name":"Vapingnet.de","url":"https:\/\/vapingnet.de\/","logo":{"@type":"ImageObject","inLanguage":"lt-LT","@id":"https:\/\/vapingnet.de\/#\/schema\/logo\/image\/","url":"https:\/\/vapingnet.de\/wp-content\/uploads\/2025\/03\/cropped-vapingnet.de_.jpg","contentUrl":"https:\/\/vapingnet.de\/wp-content\/uploads\/2025\/03\/cropped-vapingnet.de_.jpg","width":512,"height":512,"caption":"Vapingnet.de"},"image":{"@id":"https:\/\/vapingnet.de\/#\/schema\/logo\/image\/"},"sameAs":["https:\/\/www.facebook.com\/vapingnetde\/"]}]}},"tiered_pricing_type":"fixed","tiered_pricing_fixed_rules":[],"tiered_pricing_product_settings":{"layout":"default","base_unit_name":{"singular":null,"plural":null},"default_variation":null},"tiered_pricing_minimum_quantity":null,"tiered_pricing_roles_data":[],"tiered_pricing_percentage_rules":[],"_links":{"self":[{"href":"https:\/\/vapingnet.de\/lt\/wp-json\/wp\/v2\/product\/6640","targetHints":{"allow":["GET"]}}],"collection":[{"href":"https:\/\/vapingnet.de\/lt\/wp-json\/wp\/v2\/product"}],"about":[{"href":"https:\/\/vapingnet.de\/lt\/wp-json\/wp\/v2\/types\/product"}],"version-history":[{"count":1,"href":"https:\/\/vapingnet.de\/lt\/wp-json\/wp\/v2\/product\/6640\/revisions"}],"predecessor-version":[{"id":6648,"href":"https:\/\/vapingnet.de\/lt\/wp-json\/wp\/v2\/product\/6640\/revisions\/6648"}],"wp:featuredmedia":[{"embeddable":true,"href":"https:\/\/vapingnet.de\/lt\/wp-json\/wp\/v2\/media\/6606"}],"wp:attachment":[{"href":"https:\/\/vapingnet.de\/lt\/wp-json\/wp\/v2\/media?parent=6640"}],"wp:term":[{"taxonomy":"brand","embeddable":true,"href":"https:\/\/vapingnet.de\/lt\/wp-json\/wp\/v2\/etheme_brands?post=6640"},{"taxonomy":"product_brand","embeddable":true,"href":"https:\/\/vapingnet.de\/lt\/wp-json\/wp\/v2\/product_brand?post=6640"},{"taxonomy":"product_cat","embeddable":true,"href":"https:\/\/vapingnet.de\/lt\/wp-json\/wp\/v2\/product_cat?post=6640"},{"taxonomy":"product_tag","embeddable":true,"href":"https:\/\/vapingnet.de\/lt\/wp-json\/wp\/v2\/product_tag?post=6640"}],"curies":[{"name":"wp","href":"https:\/\/api.w.org\/{rel}","templated":true}]}}