{"id":6669,"date":"2025-04-29T07:51:43","date_gmt":"2025-04-29T07:51:43","guid":{"rendered":"https:\/\/vapingnet.de\/?post_type=product&#038;p=6669"},"modified":"2026-04-15T09:06:58","modified_gmt":"2026-04-15T09:06:58","slug":"kauf-jetzt-spare-mehr-waspe-12000-puffs-blueberry-raspberry-top-preis-und-steuerfrei","status":"publish","type":"product","link":"https:\/\/vapingnet.de\/lt\/vape\/kauf-jetzt-spare-mehr-waspe-12000-puffs-blueberry-raspberry-top-preis-und-steuerfrei\/","title":{"rendered":"Pirkite dabar, sutaupykite daugiau! WASPE 12000 D\u016bm\u0173 m\u0117lyni\u0173-avie\u010di\u0173 Top kainos ir be mokes\u010di\u0173"},"content":{"rendered":"<h2 data-start=\"0\" data-end=\"84\" data-immersive-translate-walked=\"0f648666-d180-475f-91eb-fe5184033b65\">WASPE 12000 Puffs Skaitmenin\u0117 d\u0117\u017eut\u0117: vienkartin\u0117 elektronin\u0117 cigaret\u0117 ilgalaikiam malonumui<\/h2>\n<p class=\"\" data-start=\"86\" data-end=\"570\" data-immersive-translate-walked=\"0f648666-d180-475f-91eb-fe5184033b65\" data-immersive-translate-paragraph=\"1\">WASPE 12000 Puffs Skaitmenin\u0117 d\u0117\u017eut\u0117 yra puikus pasirinkimas d\u016bm\u0173 m\u0117g\u0117jams, ie\u0161kantiems ilgaam\u017e\u0117s, galingos ir lengvai valdomos elektronin\u0117s cigaret\u0117s. Su daugybe funkcij\u0173 ir \u012fsp\u016bdingu dideliu puf\u0173 skai\u010diumi ji yra pirmaujantis produktas visiems, kurie nori ilgalaik\u0117s ir malonios d\u016bmavimo patirties. \u0160iame straipsnyje pristatome svarbiausias \u0161io produkto savybes ir paai\u0161kiname, kod\u0117l tai yra puikus pasirinkimas.<\/p>\n<p class=\"\" data-start=\"634\" data-end=\"1114\" data-immersive-translate-walked=\"0f648666-d180-475f-91eb-fe5184033b65\" data-immersive-translate-paragraph=\"1\">WASPE 12000 Puffs Skaitmenin\u0117 d\u0117\u017eut\u0117 yra pa\u017eangus vienkartinis elektronin\u0117s cigaret\u0117s modelis, sukurtas specialiai d\u016bm\u0173 m\u0117g\u0117jams, vertinantiems tiek na\u0161um\u0105, tiek patogum\u0105. Su iki 12000 \u012fkv\u0117pim\u0173, dideliu elektroninio skys\u010dio talpa ir keliomis nikotino stiprumo galimyb\u0117mis, \u0161is \u012frenginys suteikia puiki\u0105 d\u016bmavimo patirt\u012f. D\u0117\u017eut\u0117 jungia inovatyvi\u0105 technologij\u0105 ir draugi\u0161k\u0105 naudotojo dizain\u0105, siekiant u\u017etikrinti patogi\u0105, ilgalaik\u0119 ir skani\u0105 d\u016bmavimo patirt\u012f.<\/p>\n<p data-start=\"634\" data-end=\"1114\" data-immersive-translate-walked=\"0f648666-d180-475f-91eb-fe5184033b65\" data-immersive-translate-paragraph=\"1\"><img fetchpriority=\"high\" decoding=\"async\" class=\"alignnone size-full wp-image-6893\" src=\"https:\/\/vapingnet.de\/wp-content\/uploads\/2025\/04\/\u7279\u5f81\u56fe.jpg\" alt=\"\" width=\"800\" height=\"800\" srcset=\"https:\/\/vapingnet.de\/wp-content\/uploads\/2025\/04\/\u7279\u5f81\u56fe.jpg 800w, https:\/\/vapingnet.de\/wp-content\/uploads\/2025\/04\/\u7279\u5f81\u56fe-300x300.jpg 300w, https:\/\/vapingnet.de\/wp-content\/uploads\/2025\/04\/\u7279\u5f81\u56fe-150x150.jpg 150w, https:\/\/vapingnet.de\/wp-content\/uploads\/2025\/04\/\u7279\u5f81\u56fe-768x768.jpg 768w, https:\/\/vapingnet.de\/wp-content\/uploads\/2025\/04\/\u7279\u5f81\u56fe-600x600.jpg 600w, https:\/\/vapingnet.de\/wp-content\/uploads\/2025\/04\/\u7279\u5f81\u56fe-100x100.jpg 100w, https:\/\/vapingnet.de\/wp-content\/uploads\/2025\/04\/\u7279\u5f81\u56fe-1x1.jpg 1w, https:\/\/vapingnet.de\/wp-content\/uploads\/2025\/04\/\u7279\u5f81\u56fe-10x10.jpg 10w\" sizes=\"(max-width: 800px) 100vw, 800px\" \/><\/p>\n<h3 class=\"\" data-start=\"1121\" data-end=\"1180\" data-immersive-translate-walked=\"0f648666-d180-475f-91eb-fe5184033b65\">Svarbiausios WASPE 12000 Puffs Skaitmenin\u0117s d\u0117\u017eut\u0117s savyb\u0117s<\/h3>\n<p class=\"\" data-start=\"1182\" data-end=\"1546\" data-immersive-translate-walked=\"0f648666-d180-475f-91eb-fe5184033b65\" data-immersive-translate-paragraph=\"1\">1. Didelis \u012fkv\u0117pim\u0173 skai\u010dius \u2013 12000 puf\u0173<br data-start=\"1218\" data-end=\"1221\" data-immersive-translate-walked=\"0f648666-d180-475f-91eb-fe5184033b65\" \/>Su \u012fsp\u016bdingu iki 12000 \u012fkv\u0117pim\u0173 skai\u010diumi, WASPE 12000 Puffs Skaitmenin\u0117 d\u0117\u017eut\u0117 yra viena i\u0161 ilgaam\u017ei\u0161kiausi\u0173 vienkartini\u0173 elektronini\u0173 cigare\u010di\u0173 rinkoje. \u0160is didelis puf\u0173 skai\u010dius rei\u0161kia, kad d\u016bm\u0173 m\u0117g\u0117jai gali ilgai m\u0117gautis be pertraukos, nesir\u016bpindami keitimu ar papildymu.<\/p>\n<p class=\"\" data-start=\"1548\" data-end=\"1878\" data-immersive-translate-walked=\"0f648666-d180-475f-91eb-fe5184033b65\" data-immersive-translate-paragraph=\"1\">2. Didel\u0117 elektroninio skys\u010dio talpa \u2013 20 ml<br data-start=\"1587\" data-end=\"1590\" data-immersive-translate-walked=\"0f648666-d180-475f-91eb-fe5184033b65\" \/>20 ml elektroninio skys\u010dio talpa u\u017etikrina ilgesn\u012f \u012frenginio tarnavimo laik\u0105 ir nuosekli\u0105 skonio patirt\u012f. Ypa\u010d naudinga daug d\u016bm\u0173 \u012fkv\u0117piantiems arba keliaujantiems d\u016bm\u0173 m\u0117g\u0117jams, \u0161i dosni talpa leid\u017eia i\u0161vengti papildymo poreikio.<\/p>\n<p class=\"\" data-start=\"1880\" data-end=\"2239\" data-immersive-translate-walked=\"0f648666-d180-475f-91eb-fe5184033b65\" data-immersive-translate-paragraph=\"1\">3. Akumuliatoriaus veikimo laikas \u2013 650mAh akumuliatorius<br data-start=\"1913\" data-end=\"1916\" data-immersive-translate-walked=\"0f648666-d180-475f-91eb-fe5184033b65\" \/>650mAh akumuliatorius u\u017etikrina patikim\u0105 veikim\u0105 viso \u012frenginio tarnavimo laikotarpiu. Tai rei\u0161kia, kad d\u016bmavimo patirtis i\u0161lieka stabili net ir ilgai naudojant, nereikalaujant da\u017eno \u012fkrovimo. Jei reik\u0117s \u012fkrauti, greitai ir efektyviai galima naudoti Type-C jungt\u012f.<\/p>\n<p class=\"\" data-start=\"2241\" data-end=\"2610\" data-immersive-translate-walked=\"0f648666-d180-475f-91eb-fe5184033b65\" data-immersive-translate-paragraph=\"1\">4. Nikotino pasirinktys \u2013 2% ir 5%<br data-start=\"2275\" data-end=\"2278\" data-immersive-translate-walked=\"0f648666-d180-475f-91eb-fe5184033b65\" \/>WASPE 12000 Puffs Skaitmenin\u0117 d\u0117\u017eut\u0117 si\u016blo dvi nikotino stiprumo galimybes: 2% ir 5%. Tai leid\u017eia vartotojams pritaikyti d\u016bmavimo patirt\u012f pagal savo pageidavimus. 2% variantas tinka tiems, kurie nori \u0161velnesn\u0117s patirties, o 5% \u2013 tiems, kurie siekia stipresnio nikotino \u012fkandimo.<\/p>\n<p class=\"\" data-start=\"2612\" data-end=\"2974\" data-immersive-translate-walked=\"0f648666-d180-475f-91eb-fe5184033b65\" data-immersive-translate-paragraph=\"1\">5. Skonis \u2013 m\u0117lyn\u0117s ir aviet\u0117s<br data-start=\"2650\" data-end=\"2653\" data-immersive-translate-walked=\"0f648666-d180-475f-91eb-fe5184033b65\" \/>WASPE 12000 Puffs Skaitmenin\u0117 d\u0117\u017eut\u0117 turi vaisi\u0173 skon\u012f \u201eM\u0117lyn\u0117s ir aviet\u0117s\u201c, kuris yra harmoningas sald\u017ei\u0173 m\u0117lyni\u0173 ir \u0161vie\u017ei\u0173 avie\u010di\u0173 mi\u0161inys. \u0160i gaivi kombinacija sukuria maloni\u0105 ir skani\u0105 d\u016bmavimo patirt\u012f, kuri patiks tiek pradedantiesiems, tiek patyrusiems d\u016bm\u0173 m\u0117g\u0117jams.<\/p>\n<h4 data-start=\"2981\" data-end=\"3016\" data-immersive-translate-walked=\"0f648666-d180-475f-91eb-fe5184033b65\">Dizainas ir med\u017eiag\u0173 kokyb\u0117<\/h4>\n<p class=\"\" data-start=\"3018\" data-end=\"3378\" data-immersive-translate-walked=\"0f648666-d180-475f-91eb-fe5184033b65\" data-immersive-translate-paragraph=\"1\">Patvarus ir lengvas<br data-start=\"3039\" data-end=\"3042\" data-immersive-translate-walked=\"0f648666-d180-475f-91eb-fe5184033b65\" \/>WASPE 12000 Puffs Skaitmenin\u0117 d\u0117\u017eut\u0117 pasi\u017eymi minimalistiniu, \u0161iuolaiki\u0161ku dizainu. Ji pagaminta i\u0161 aliuminio lydinio ir PCGT med\u017eiag\u0173, tod\u0117l yra tvirta ir lengva. Svoris tik 96 g leid\u017eia lengvai ne\u0161iotis ki\u0161en\u0117je, tod\u0117l ji yra puikus kelioninis palydovas.<\/p>\n<p class=\"\" data-start=\"3380\" data-end=\"3671\" data-immersive-translate-walked=\"0f648666-d180-475f-91eb-fe5184033b65\" data-immersive-translate-paragraph=\"1\">Vienkartinis dizainas \u2013 paprasta ir patogu<br data-start=\"3417\" data-end=\"3420\" data-immersive-translate-walked=\"0f648666-d180-475f-91eb-fe5184033b65\" \/>WASPE 12000 Puffs Skaitmenin\u0117 d\u0117\u017eut\u0117 turi vienkartin\u012f dizain\u0105, kuris yra ypa\u010d draugi\u0161kas naudotojui. Nereikia papildyti, pri\u017ei\u016br\u0117ti \u2013 tiesiog i\u0161pakuoti ir m\u0117gautis. Tai idealiai tinka d\u016bm\u0173 m\u0117g\u0117jams, ie\u0161kantiems paprasto ir patogaus sprendimo.<\/p>\n<h4 data-start=\"0\" data-end=\"41\" data-immersive-translate-walked=\"43b784c2-2dc6-4ae2-8e63-ca982fa802e4\">U\u017esakymo galimyb\u0117s ir pristatymo detal\u0117s<\/h4>\n<p class=\"\" data-start=\"43\" data-end=\"461\" data-immersive-translate-walked=\"43b784c2-2dc6-4ae2-8e63-ca982fa802e4\" data-immersive-translate-paragraph=\"1\">WASPE 12000 d\u016bm\u0173 skaitmenin\u0117 d\u0117\u017eut\u0117 si\u016blo ne tik i\u0161skirtin\u0119 r\u016bkom\u0105j\u0105 patirt\u012f, bet ir patogi\u0105 u\u017esakymo bei pristatymo galimyb\u0119. Ji yra prieinama vapingnet.de, kur galite u\u017esisakyti \u012frengin\u012f per trumpiausi\u0105 laik\u0105. Pristatymas be muito paprastai trunka nuo 7 iki 15 darbo dien\u0173, tod\u0117l netrukus gal\u0117site m\u0117gautis \u0161iuo auk\u0161tos kokyb\u0117s vienkartiniu \u012frenginiu.<\/p>\n<p class=\"\" data-start=\"5179\" data-end=\"5490\" data-immersive-translate-walked=\"0f648666-d180-475f-91eb-fe5184033b65\" data-immersive-translate-paragraph=\"1\">","protected":false},"excerpt":{"rendered":"<p>WASPE 12000 Puffs Digital Box: Die Einweg-E-Zigarette f\u00fcr langanhaltenden Genuss Die WASPE 12000 Puffs Digital Box ist die perfekte Wahl f\u00fcr Dampfer, die auf der&#8230;<\/p>","protected":false},"featured_media":6654,"template":"","meta":[],"etheme_brands":[],"product_brand":[98],"product_cat":[88,49,61],"product_tag":[],"class_list":{"0":"post-6669","1":"product","2":"type-product","3":"status-publish","4":"has-post-thumbnail","6":"product_brand-waspe-vape","7":"product_cat-12k-vape","8":"product_cat-einweg-e-zigarette","9":"product_cat-f","11":"first","12":"instock","13":"shipping-taxable","14":"purchasable","15":"product-type-variable"},"yoast_head":"<!-- This site is optimized with the Yoast SEO plugin v26.5 - https:\/\/yoast.com\/wordpress\/plugins\/seo\/ -->\n<title>Kauf Jetzt Spare Mehr! WASPE 12000 Puffs Blueberry Raspberry Top Preis und Steuerfrei | Vapingnet.de<\/title>\n<meta name=\"description\" content=\"Entdecke Kauf Jetzt Spare Mehr! WASPE 12000 Puffs Blueberry Raspberry Top Preis und Steuerfrei bei vapingnet.de, \u25ba Gro\u00dfe Auswahl an Geschmacksrichtungen &amp; super g\u00fcnstig!\" \/>\n<meta name=\"robots\" content=\"index, follow, max-snippet:-1, max-image-preview:large, max-video-preview:-1\" \/>\n<link rel=\"canonical\" href=\"https:\/\/vapingnet.de\/lt\/vape\/kauf-jetzt-spare-mehr-waspe-12000-puffs-blueberry-raspberry-top-preis-und-steuerfrei\/\" \/>\n<meta property=\"og:locale\" content=\"lt_LT\" \/>\n<meta property=\"og:type\" content=\"article\" \/>\n<meta property=\"og:title\" content=\"Kauf Jetzt Spare Mehr! WASPE 12000 Puffs Blueberry Raspberry Top Preis und Steuerfrei | Vapingnet.de\" \/>\n<meta property=\"og:description\" content=\"Entdecke Kauf Jetzt Spare Mehr! WASPE 12000 Puffs Blueberry Raspberry Top Preis und Steuerfrei bei vapingnet.de, \u25ba Gro\u00dfe Auswahl an Geschmacksrichtungen &amp; super g\u00fcnstig!\" \/>\n<meta property=\"og:url\" content=\"https:\/\/vapingnet.de\/lt\/vape\/kauf-jetzt-spare-mehr-waspe-12000-puffs-blueberry-raspberry-top-preis-und-steuerfrei\/\" \/>\n<meta property=\"og:site_name\" content=\"Vapingnet.de\" \/>\n<meta property=\"article:publisher\" content=\"https:\/\/www.facebook.com\/vapingnetde\/\" \/>\n<meta property=\"article:modified_time\" content=\"2026-04-15T09:06:58+00:00\" \/>\n<meta property=\"og:image\" content=\"https:\/\/vapingnet.de\/wp-content\/uploads\/2025\/04\/Blueberry-Raspberry-2.webp\" \/>\n\t<meta property=\"og:image:width\" content=\"1000\" \/>\n\t<meta property=\"og:image:height\" content=\"1000\" \/>\n\t<meta property=\"og:image:type\" content=\"image\/webp\" \/>\n<meta name=\"twitter:card\" content=\"summary_large_image\" \/>\n<meta name=\"twitter:label1\" content=\"Est. reading time\" \/>\n\t<meta name=\"twitter:data1\" content=\"4 minutes\" \/>\n<script type=\"application\/ld+json\" class=\"yoast-schema-graph\">{\"@context\":\"https:\/\/schema.org\",\"@graph\":[{\"@type\":\"WebPage\",\"@id\":\"https:\/\/vapingnet.de\/vape\/kauf-jetzt-spare-mehr-waspe-12000-puffs-blueberry-raspberry-top-preis-und-steuerfrei\/\",\"url\":\"https:\/\/vapingnet.de\/vape\/kauf-jetzt-spare-mehr-waspe-12000-puffs-blueberry-raspberry-top-preis-und-steuerfrei\/\",\"name\":\"Kauf Jetzt Spare Mehr! WASPE 12000 Puffs Blueberry Raspberry Top Preis und Steuerfrei | Vapingnet.de\",\"isPartOf\":{\"@id\":\"https:\/\/vapingnet.de\/#website\"},\"primaryImageOfPage\":{\"@id\":\"https:\/\/vapingnet.de\/vape\/kauf-jetzt-spare-mehr-waspe-12000-puffs-blueberry-raspberry-top-preis-und-steuerfrei\/#primaryimage\"},\"image\":{\"@id\":\"https:\/\/vapingnet.de\/vape\/kauf-jetzt-spare-mehr-waspe-12000-puffs-blueberry-raspberry-top-preis-und-steuerfrei\/#primaryimage\"},\"thumbnailUrl\":\"https:\/\/vapingnet.de\/wp-content\/uploads\/2025\/04\/Blueberry-Raspberry-2.webp\",\"datePublished\":\"2025-04-29T07:51:43+00:00\",\"dateModified\":\"2026-04-15T09:06:58+00:00\",\"description\":\"Entdecke Kauf Jetzt Spare Mehr! WASPE 12000 Puffs Blueberry Raspberry Top Preis und Steuerfrei bei vapingnet.de, \u25ba Gro\u00dfe Auswahl an Geschmacksrichtungen & super g\u00fcnstig!\",\"breadcrumb\":{\"@id\":\"https:\/\/vapingnet.de\/vape\/kauf-jetzt-spare-mehr-waspe-12000-puffs-blueberry-raspberry-top-preis-und-steuerfrei\/#breadcrumb\"},\"inLanguage\":\"lt-LT\",\"potentialAction\":[{\"@type\":\"ReadAction\",\"target\":[\"https:\/\/vapingnet.de\/vape\/kauf-jetzt-spare-mehr-waspe-12000-puffs-blueberry-raspberry-top-preis-und-steuerfrei\/\"]}]},{\"@type\":\"ImageObject\",\"inLanguage\":\"lt-LT\",\"@id\":\"https:\/\/vapingnet.de\/vape\/kauf-jetzt-spare-mehr-waspe-12000-puffs-blueberry-raspberry-top-preis-und-steuerfrei\/#primaryimage\",\"url\":\"https:\/\/vapingnet.de\/wp-content\/uploads\/2025\/04\/Blueberry-Raspberry-2.webp\",\"contentUrl\":\"https:\/\/vapingnet.de\/wp-content\/uploads\/2025\/04\/Blueberry-Raspberry-2.webp\",\"width\":1000,\"height\":1000},{\"@type\":\"BreadcrumbList\",\"@id\":\"https:\/\/vapingnet.de\/vape\/kauf-jetzt-spare-mehr-waspe-12000-puffs-blueberry-raspberry-top-preis-und-steuerfrei\/#breadcrumb\",\"itemListElement\":[{\"@type\":\"ListItem\",\"position\":1,\"name\":\"Home\",\"item\":\"https:\/\/vapingnet.de\/\"},{\"@type\":\"ListItem\",\"position\":2,\"name\":\"Shop\",\"item\":\"https:\/\/vapingnet.de\/vape\/\"},{\"@type\":\"ListItem\",\"position\":3,\"name\":\"Kauf Jetzt Spare Mehr! WASPE 12000 Puffs Blueberry Raspberry Top Preis und Steuerfrei\"}]},{\"@type\":\"WebSite\",\"@id\":\"https:\/\/vapingnet.de\/#website\",\"url\":\"https:\/\/vapingnet.de\/\",\"name\":\"Vapingnet.de\",\"description\":\"\",\"publisher\":{\"@id\":\"https:\/\/vapingnet.de\/#organization\"},\"potentialAction\":[{\"@type\":\"SearchAction\",\"target\":{\"@type\":\"EntryPoint\",\"urlTemplate\":\"https:\/\/vapingnet.de\/?s={search_term_string}\"},\"query-input\":{\"@type\":\"PropertyValueSpecification\",\"valueRequired\":true,\"valueName\":\"search_term_string\"}}],\"inLanguage\":\"lt-LT\"},{\"@type\":\"Organization\",\"@id\":\"https:\/\/vapingnet.de\/#organization\",\"name\":\"Vapingnet.de\",\"url\":\"https:\/\/vapingnet.de\/\",\"logo\":{\"@type\":\"ImageObject\",\"inLanguage\":\"lt-LT\",\"@id\":\"https:\/\/vapingnet.de\/#\/schema\/logo\/image\/\",\"url\":\"https:\/\/vapingnet.de\/wp-content\/uploads\/2025\/03\/cropped-vapingnet.de_.jpg\",\"contentUrl\":\"https:\/\/vapingnet.de\/wp-content\/uploads\/2025\/03\/cropped-vapingnet.de_.jpg\",\"width\":512,\"height\":512,\"caption\":\"Vapingnet.de\"},\"image\":{\"@id\":\"https:\/\/vapingnet.de\/#\/schema\/logo\/image\/\"},\"sameAs\":[\"https:\/\/www.facebook.com\/vapingnetde\/\"]}]}<\/script>\n<!-- \/ Yoast SEO plugin. -->","yoast_head_json":{"title":"Kauf Jetzt Spare Mehr! WASPE 12000 Puffs Blueberry Raspberry Top Preis und Steuerfrei | Vapingnet.de","description":"Entdecke Kauf Jetzt Spare Mehr! WASPE 12000 Puffs Blueberry Raspberry Top Preis und Steuerfrei bei vapingnet.de, \u25ba Gro\u00dfe Auswahl an Geschmacksrichtungen & super g\u00fcnstig!","robots":{"index":"index","follow":"follow","max-snippet":"max-snippet:-1","max-image-preview":"max-image-preview:large","max-video-preview":"max-video-preview:-1"},"canonical":"https:\/\/vapingnet.de\/lt\/vape\/kauf-jetzt-spare-mehr-waspe-12000-puffs-blueberry-raspberry-top-preis-und-steuerfrei\/","og_locale":"lt_LT","og_type":"article","og_title":"Kauf Jetzt Spare Mehr! WASPE 12000 Puffs Blueberry Raspberry Top Preis und Steuerfrei | Vapingnet.de","og_description":"Entdecke Kauf Jetzt Spare Mehr! WASPE 12000 Puffs Blueberry Raspberry Top Preis und Steuerfrei bei vapingnet.de, \u25ba Gro\u00dfe Auswahl an Geschmacksrichtungen & super g\u00fcnstig!","og_url":"https:\/\/vapingnet.de\/lt\/vape\/kauf-jetzt-spare-mehr-waspe-12000-puffs-blueberry-raspberry-top-preis-und-steuerfrei\/","og_site_name":"Vapingnet.de","article_publisher":"https:\/\/www.facebook.com\/vapingnetde\/","article_modified_time":"2026-04-15T09:06:58+00:00","og_image":[{"width":1000,"height":1000,"url":"https:\/\/vapingnet.de\/wp-content\/uploads\/2025\/04\/Blueberry-Raspberry-2.webp","type":"image\/webp"}],"twitter_card":"summary_large_image","twitter_misc":{"Est. reading time":"4 minutes"},"schema":{"@context":"https:\/\/schema.org","@graph":[{"@type":"WebPage","@id":"https:\/\/vapingnet.de\/vape\/kauf-jetzt-spare-mehr-waspe-12000-puffs-blueberry-raspberry-top-preis-und-steuerfrei\/","url":"https:\/\/vapingnet.de\/vape\/kauf-jetzt-spare-mehr-waspe-12000-puffs-blueberry-raspberry-top-preis-und-steuerfrei\/","name":"Kauf Jetzt Spare Mehr! WASPE 12000 Puffs Blueberry Raspberry Top Preis und Steuerfrei | Vapingnet.de","isPartOf":{"@id":"https:\/\/vapingnet.de\/#website"},"primaryImageOfPage":{"@id":"https:\/\/vapingnet.de\/vape\/kauf-jetzt-spare-mehr-waspe-12000-puffs-blueberry-raspberry-top-preis-und-steuerfrei\/#primaryimage"},"image":{"@id":"https:\/\/vapingnet.de\/vape\/kauf-jetzt-spare-mehr-waspe-12000-puffs-blueberry-raspberry-top-preis-und-steuerfrei\/#primaryimage"},"thumbnailUrl":"https:\/\/vapingnet.de\/wp-content\/uploads\/2025\/04\/Blueberry-Raspberry-2.webp","datePublished":"2025-04-29T07:51:43+00:00","dateModified":"2026-04-15T09:06:58+00:00","description":"Entdecke Kauf Jetzt Spare Mehr! WASPE 12000 Puffs Blueberry Raspberry Top Preis und Steuerfrei bei vapingnet.de, \u25ba Gro\u00dfe Auswahl an Geschmacksrichtungen & super g\u00fcnstig!","breadcrumb":{"@id":"https:\/\/vapingnet.de\/vape\/kauf-jetzt-spare-mehr-waspe-12000-puffs-blueberry-raspberry-top-preis-und-steuerfrei\/#breadcrumb"},"inLanguage":"lt-LT","potentialAction":[{"@type":"ReadAction","target":["https:\/\/vapingnet.de\/vape\/kauf-jetzt-spare-mehr-waspe-12000-puffs-blueberry-raspberry-top-preis-und-steuerfrei\/"]}]},{"@type":"ImageObject","inLanguage":"lt-LT","@id":"https:\/\/vapingnet.de\/vape\/kauf-jetzt-spare-mehr-waspe-12000-puffs-blueberry-raspberry-top-preis-und-steuerfrei\/#primaryimage","url":"https:\/\/vapingnet.de\/wp-content\/uploads\/2025\/04\/Blueberry-Raspberry-2.webp","contentUrl":"https:\/\/vapingnet.de\/wp-content\/uploads\/2025\/04\/Blueberry-Raspberry-2.webp","width":1000,"height":1000},{"@type":"BreadcrumbList","@id":"https:\/\/vapingnet.de\/vape\/kauf-jetzt-spare-mehr-waspe-12000-puffs-blueberry-raspberry-top-preis-und-steuerfrei\/#breadcrumb","itemListElement":[{"@type":"ListItem","position":1,"name":"Home","item":"https:\/\/vapingnet.de\/"},{"@type":"ListItem","position":2,"name":"Shop","item":"https:\/\/vapingnet.de\/vape\/"},{"@type":"ListItem","position":3,"name":"Kauf Jetzt Spare Mehr! WASPE 12000 Puffs Blueberry Raspberry Top Preis und Steuerfrei"}]},{"@type":"WebSite","@id":"https:\/\/vapingnet.de\/#website","url":"https:\/\/vapingnet.de\/","name":"Vapingnet.de","description":"","publisher":{"@id":"https:\/\/vapingnet.de\/#organization"},"potentialAction":[{"@type":"SearchAction","target":{"@type":"EntryPoint","urlTemplate":"https:\/\/vapingnet.de\/?s={search_term_string}"},"query-input":{"@type":"PropertyValueSpecification","valueRequired":true,"valueName":"search_term_string"}}],"inLanguage":"lt-LT"},{"@type":"Organization","@id":"https:\/\/vapingnet.de\/#organization","name":"Vapingnet.de","url":"https:\/\/vapingnet.de\/","logo":{"@type":"ImageObject","inLanguage":"lt-LT","@id":"https:\/\/vapingnet.de\/#\/schema\/logo\/image\/","url":"https:\/\/vapingnet.de\/wp-content\/uploads\/2025\/03\/cropped-vapingnet.de_.jpg","contentUrl":"https:\/\/vapingnet.de\/wp-content\/uploads\/2025\/03\/cropped-vapingnet.de_.jpg","width":512,"height":512,"caption":"Vapingnet.de"},"image":{"@id":"https:\/\/vapingnet.de\/#\/schema\/logo\/image\/"},"sameAs":["https:\/\/www.facebook.com\/vapingnetde\/"]}]}},"tiered_pricing_type":"fixed","tiered_pricing_fixed_rules":[],"tiered_pricing_product_settings":{"layout":"default","base_unit_name":{"singular":null,"plural":null},"default_variation":null},"tiered_pricing_minimum_quantity":null,"tiered_pricing_roles_data":[],"tiered_pricing_percentage_rules":[],"_links":{"self":[{"href":"https:\/\/vapingnet.de\/lt\/wp-json\/wp\/v2\/product\/6669","targetHints":{"allow":["GET"]}}],"collection":[{"href":"https:\/\/vapingnet.de\/lt\/wp-json\/wp\/v2\/product"}],"about":[{"href":"https:\/\/vapingnet.de\/lt\/wp-json\/wp\/v2\/types\/product"}],"version-history":[{"count":4,"href":"https:\/\/vapingnet.de\/lt\/wp-json\/wp\/v2\/product\/6669\/revisions"}],"predecessor-version":[{"id":6897,"href":"https:\/\/vapingnet.de\/lt\/wp-json\/wp\/v2\/product\/6669\/revisions\/6897"}],"wp:featuredmedia":[{"embeddable":true,"href":"https:\/\/vapingnet.de\/lt\/wp-json\/wp\/v2\/media\/6654"}],"wp:attachment":[{"href":"https:\/\/vapingnet.de\/lt\/wp-json\/wp\/v2\/media?parent=6669"}],"wp:term":[{"taxonomy":"brand","embeddable":true,"href":"https:\/\/vapingnet.de\/lt\/wp-json\/wp\/v2\/etheme_brands?post=6669"},{"taxonomy":"product_brand","embeddable":true,"href":"https:\/\/vapingnet.de\/lt\/wp-json\/wp\/v2\/product_brand?post=6669"},{"taxonomy":"product_cat","embeddable":true,"href":"https:\/\/vapingnet.de\/lt\/wp-json\/wp\/v2\/product_cat?post=6669"},{"taxonomy":"product_tag","embeddable":true,"href":"https:\/\/vapingnet.de\/lt\/wp-json\/wp\/v2\/product_tag?post=6669"}],"curies":[{"name":"wp","href":"https:\/\/api.w.org\/{rel}","templated":true}]}}