{"id":6677,"date":"2025-04-29T08:56:29","date_gmt":"2025-04-29T08:56:29","guid":{"rendered":"https:\/\/vapingnet.de\/?post_type=product&#038;p=6677"},"modified":"2026-04-15T09:06:29","modified_gmt":"2026-04-15T09:06:29","slug":"hol-dir-den-geschmack-von-mixed-berries-waspe-12000-puffs-digital-box-bestpreis","status":"publish","type":"product","link":"https:\/\/vapingnet.de\/lt\/vape\/hol-dir-den-geschmack-von-mixed-berries-waspe-12000-puffs-digital-box-bestpreis\/","title":{"rendered":"Gaukite Mixed Berries WASPE 12000 d\u016bm\u0173 skaitmenin\u0119 d\u0117\u017eut\u0119 geriausia kaina"},"content":{"rendered":"<h2 data-start=\"0\" data-end=\"105\">WASPE 12000 R\u016bkymo Puf\u0173 Skaitmenin\u0117 D\u0117\u017eut\u0117: Vienkartin\u0117 elektronin\u0117 cigaret\u0117 su ilgu tarnavimo laiku ir intensyviu skoniu<\/h2>\n<p class=\"\" data-start=\"107\" data-end=\"519\">WASPE 12000 R\u016bkymo Puf\u0173 Skaitmenin\u0117 D\u0117\u017eut\u0117 yra pa\u017eangi vienkartin\u0117 elektronin\u0117 cigaret\u0117, apr\u016bpinta dideliu \u012fkv\u0117pim\u0173 skai\u010diumi ir \u012fsp\u016bdinga E-liquido talpa. Tinkama r\u016bkaliams, kurie nori ilgalaikio naudojimo ir intensyvaus skonio patirties, \u0161i \u012franga yra ideali pasirinktis. Ji sujungia auk\u0161tos kokyb\u0117s med\u017eiagas, patogi\u0105 naudotojo s\u0105saj\u0105 ir galing\u0105 technologij\u0105.<\/p>\n<h3>Pagrindin\u0117s WASPE 12000 Puf\u0173 Skaitmenin\u0117s D\u0117\u017eut\u0117s savyb\u0117s<\/h3>\n<p class=\"\" data-start=\"585\" data-end=\"737\">WASPE 12000 Puf\u0173 Skaitmenin\u0117 D\u0117\u017eut\u0117 si\u016blo daugyb\u0119 funkcij\u0173, kurios j\u0105 daro viena geriausi\u0173 vienkartini\u0173 elektronini\u0173 cigare\u010di\u0173 pasirinkim\u0173.<\/p>\n<p class=\"\" data-start=\"739\" data-end=\"1089\">Ilga tarnavimo trukm\u0117 ir auk\u0161ta veikimo na\u0161umas:<br data-start=\"775\" data-end=\"778\" \/>Su \u012fsp\u016bdingu 12000 \u012fkv\u0117pim\u0173 skai\u010diumi, WASPE 12000 Puffs Skaitmenin\u0117 D\u0117\u017eut\u0117 leid\u017eia naudotis itin ilg\u0105 laik\u0105. Tai ypa\u010d naudinga r\u016bkaliams, ie\u0161kantiems \u012frangos, kuri juos lyd\u0117s ilg\u0105 laik\u0105 be da\u017en\u0173 keitim\u0173 ar papildym\u0173.<\/p>\n<p class=\"\" data-start=\"1091\" data-end=\"1402\">Didel\u0117 E-liquido talpa:<br data-start=\"1120\" data-end=\"1123\" \/>D\u0117\u017eut\u0117 turi 20 ml E-liquido talp\u0105, leid\u017eian\u010di\u0105 naudotojams ilgai m\u0117gautis r\u016bkymo patirtimi be da\u017en\u0173 papildym\u0173. \u0160i dosni talpa yra ideali daug r\u016bkan\u010di\u0173j\u0173 ir u\u017etikrina, kad \u012franga i\u0161likt\u0173 paruo\u0161ta naudoti ilg\u0105 laik\u0105.<\/p>\n<p class=\"\" data-start=\"1404\" data-end=\"1760\">Nikotino stiprumo pasirinkimas individualiam pritaikymui:<br data-start=\"1450\" data-end=\"1453\" \/>WASPE 12000 Puffs Skaitmenin\u0117 D\u0117\u017eut\u0117 yra prieinama su dviem nikotino stiprumais \u2013 2% ir 5%. Taip r\u016bkaliai gali pasirinkti savo pageidaujam\u0105 nikotino stiprum\u0105, priklausomai nuo to, ar jie nori \u0161velnesn\u0117s, ar intensyvesn\u0117s r\u016bkymo patirties. \u0160is lankstumas leid\u017eia \u012frang\u0105 pritaikyti \u012fvairi\u0173 naudotoj\u0173 poreikiams.<\/p>\n<p class=\"\" data-start=\"1762\" data-end=\"2057\">Galingas akumuliatorius:<br data-start=\"1788\" data-end=\"1791\" \/>Su 650mAh akumuliatoriumi \u012frenginys u\u017etikrina nuolatin\u012f ir patikim\u0105 veikim\u0105 viso naudojimo metu. Akumuliatorius palaiko r\u016bkali\u0173 per visus 12000 \u012fkv\u0117pim\u0173 ir gali b\u016bti efektyviai \u012fkrautas per Type-C jungt\u012f, jei jis i\u0161sikrauna.<\/p>\n<p class=\"\" data-start=\"2059\" data-end=\"2454\">Patogus ir tvirtas dizainas:<br data-start=\"2096\" data-end=\"2099\" \/>WASPE 12000 Puffs Skaitmenin\u0117 D\u0117\u017eut\u0117 yra pagaminta i\u0161 aliuminio lydinio ir PCGT mi\u0161inio, tod\u0117l ji yra tvirta ir lengva. Svoris tik 96 g leid\u017eia patogiai valdyti ir naudoti ne\u0161iojant. \u012eranga si\u016blo patogi\u0105 vienkartin\u0119 sprendim\u0105, nereikalaujan\u010di\u0105 prie\u017ei\u016bros ir lengvai naudojam\u0105.<\/p>\n<h4 data-start=\"2456\" data-end=\"2497\">Skonio patirtis: Mi\u0161rios uogos<\/h4>\n<p class=\"\" data-start=\"2499\" data-end=\"2836\">WASPE 12000 Puffs Skaitmenin\u0117 D\u0117\u017eut\u0117 yra su skoniu \u201eMi\u0161rios uogos\u201c \u2013 vaisin\u0117 mi\u0161rain\u0117 i\u0161 \u012fvairi\u0173 uog\u0173, kuri suteikia gaiv\u0173 ir intensyv\u0173 r\u016bkymo potyr\u012f. Subalansuotas ir saldus skonis paver\u010dia r\u016bkym\u0105 maloniu malonumu ir patraukia tiek pradedan\u010diuosius, tiek patyrusius r\u016bkalius.<\/p>\n<h4 data-start=\"2838\" data-end=\"2885\">Greitas \u012fkrovimas ir paprastas naudojimas<\/h4>\n<p class=\"\" data-start=\"2887\" data-end=\"3270\">\u012erenginys turi Type-C \u012fkrovimo jungt\u012f, u\u017etikrinan\u010di\u0105 greit\u0105 ir patog\u0173 \u012fkrovim\u0105. Jei akumuliatorius i\u0161sikrauna, j\u012f galima greitai \u012fkrauti. Vienkartinio dizaino d\u0117ka nereikia prie\u017ei\u016bros ar papildymo. Tiesiog i\u0161pakuokite, \u012fjunkite ir m\u0117gaukit\u0117s \u2013 \u012frenginys i\u0161 karto paruo\u0161tas naudoti.<\/p>\n<h3>WASPE 12000 Puffs Skaitmenin\u0117s D\u0117\u017eut\u0117s privalumai<\/h3>\n<ul data-start=\"3324\" data-end=\"3966\">\n<li class=\"\" data-start=\"3324\" data-end=\"3460\">\n<p class=\"\" data-start=\"3326\" data-end=\"3460\">Ilga tarnavimo trukm\u0117: su 12000 \u012fkv\u0117pim\u0173 d\u0117\u017eut\u0117 si\u016blo i\u0161skirtin\u012f naudojimo laik\u0105, palyginti su kitomis vienkartin\u0117mis elektronin\u0117mis cigaret\u0117mis.<\/p>\n<\/li>\n<li class=\"\" data-start=\"3461\" data-end=\"3573\">\n<p class=\"\" data-start=\"3463\" data-end=\"3573\">Didel\u0117 E-liquido talpa: 20 ml skys\u010dio u\u017etikrina ilgalaik\u012f naudojim\u0105 be da\u017en\u0173 papildym\u0173.<\/p>\n<\/li>\n<li class=\"\" data-start=\"3574\" data-end=\"3685\">\n<p class=\"\" data-start=\"3576\" data-end=\"3685\">Pritaikomos nikotino stiprumo pasirinktys: pasirinkite tarp 2% ir 5% nikotino, kad sukurtum\u0117te individual\u0173 garinimo patirt\u012f.<\/p>\n<\/li>\n<li class=\"\" data-start=\"3686\" data-end=\"3810\">\n<p class=\"\" data-start=\"3688\" data-end=\"3810\">Patogi naudoti: tvirtas aliuminio lydinio ir PCGT dizainas u\u017etikrina maloni\u0105 vartotojo patirt\u012f.<\/p>\n<\/li>\n<li class=\"\" data-start=\"3811\" data-end=\"3899\">\n<p class=\"\" data-start=\"3813\" data-end=\"3899\">Greitas \u012fkrovimas: Type-C \u012fkrovimo jungtis greitam ir efektyviam \u012fkrovimui.<\/p>\n<\/li>\n<li class=\"\" data-start=\"3900\" data-end=\"3966\">\n<p class=\"\" data-start=\"3902\" data-end=\"3966\">Be muit\u0173: pristatymo metu n\u0117ra papildom\u0173 muit\u0173 mokes\u010di\u0173.<\/p>\n<\/li>\n<\/ul>\n<h4 data-start=\"3968\" data-end=\"4003\">U\u017esakymo ir pristatymo galimyb\u0117s<\/h4>\n<p class=\"\" data-start=\"4005\" data-end=\"4271\">WASPE 12000 Purk\u0161tuk\u0173 Skaitmenin\u0117 d\u0117\u017eut\u0117 yra prieinama svetain\u0117je vapingnet.de. Galite greitai ir paprastai u\u017esisakyti internetu. Pristatymas trunka 7-15 darbo dien\u0173 ir yra be muit\u0173, tai rei\u0161kia, kad n\u0117ra joki\u0173 pasl\u0117pt\u0173 mokes\u010di\u0173.<\/p>\n<p data-start=\"4005\" data-end=\"4271\">WASPE 12000 Purk\u0161tuk\u0173 Skaitmenin\u0117 d\u0117\u017eut\u0117 si\u016blo garintojams i\u0161skirtin\u0119 derinio ilgalaikio naudojimo, puikaus skonio ir patogios naudoti patirties kombinacij\u0105. Ji puikiai tinka visiems, kurie ie\u0161ko patikimos ir galingos vienkartin\u0117s elektronin\u0117s cigaret\u0117s, kuri teikt\u0173 pirmos klas\u0117s garinimo patirt\u012f tiek kasdien\u0117je veikloje, tiek keliaujant.<\/p>","protected":false},"excerpt":{"rendered":"<p>WASPE 12000 R\u016bkali\u0173 Skaitmenin\u0117 d\u0117\u017eut\u0117: Ilgaam\u017e\u0117 ir intensyvaus skonio vienkartin\u0117 elektronin\u0117 cigaret\u0117 WASPE 12000 Puffs skaitmenin\u0117 d\u0117\u017eut\u0117 yra pa\u017eangi vienkartin\u0117 elektronin\u0117 cigaret\u0117, kuri pasi\u017eymi...<\/p>","protected":false},"featured_media":6656,"template":"","meta":[],"etheme_brands":[],"product_brand":[98],"product_cat":[88,49,61],"product_tag":[],"class_list":{"0":"post-6677","1":"product","2":"type-product","3":"status-publish","4":"has-post-thumbnail","6":"product_brand-waspe-vape","7":"product_cat-12k-vape","8":"product_cat-einweg-e-zigarette","9":"product_cat-f","11":"first","12":"instock","13":"shipping-taxable","14":"purchasable","15":"product-type-variable"},"yoast_head":"<!-- This site is optimized with the Yoast SEO plugin v26.5 - https:\/\/yoast.com\/wordpress\/plugins\/seo\/ -->\n<title>Hol Dir Den Geschmack Von Mixed Berries WASPE 12000 Puffs Digital Box Bestpreis | Vapingnet.de<\/title>\n<meta name=\"description\" content=\"Entdecke Hol Dir Den Geschmack Von Mixed Berries WASPE 12000 Puffs Digital Box Bestpreis bei vapingnet.de, \u25ba Gro\u00dfe Auswahl an Geschmacksrichtungen &amp; super g\u00fcnstig!\" \/>\n<meta name=\"robots\" content=\"index, follow, max-snippet:-1, max-image-preview:large, max-video-preview:-1\" \/>\n<link rel=\"canonical\" href=\"https:\/\/vapingnet.de\/lt\/vape\/hol-dir-den-geschmack-von-mixed-berries-waspe-12000-puffs-digital-box-bestpreis\/\" \/>\n<meta property=\"og:locale\" content=\"lt_LT\" \/>\n<meta property=\"og:type\" content=\"article\" \/>\n<meta property=\"og:title\" content=\"Hol Dir Den Geschmack Von Mixed Berries WASPE 12000 Puffs Digital Box Bestpreis | Vapingnet.de\" \/>\n<meta property=\"og:description\" content=\"Entdecke Hol Dir Den Geschmack Von Mixed Berries WASPE 12000 Puffs Digital Box Bestpreis bei vapingnet.de, \u25ba Gro\u00dfe Auswahl an Geschmacksrichtungen &amp; super g\u00fcnstig!\" \/>\n<meta property=\"og:url\" content=\"https:\/\/vapingnet.de\/lt\/vape\/hol-dir-den-geschmack-von-mixed-berries-waspe-12000-puffs-digital-box-bestpreis\/\" \/>\n<meta property=\"og:site_name\" content=\"Vapingnet.de\" \/>\n<meta property=\"article:publisher\" content=\"https:\/\/www.facebook.com\/vapingnetde\/\" \/>\n<meta property=\"article:modified_time\" content=\"2026-04-15T09:06:29+00:00\" \/>\n<meta property=\"og:image\" content=\"https:\/\/vapingnet.de\/wp-content\/uploads\/2025\/04\/Mixed-Berries-2.webp\" \/>\n\t<meta property=\"og:image:width\" content=\"1000\" \/>\n\t<meta property=\"og:image:height\" content=\"1000\" \/>\n\t<meta property=\"og:image:type\" content=\"image\/webp\" \/>\n<meta name=\"twitter:card\" content=\"summary_large_image\" \/>\n<meta name=\"twitter:label1\" content=\"Est. reading time\" \/>\n\t<meta name=\"twitter:data1\" content=\"4 minutes\" \/>\n<script type=\"application\/ld+json\" class=\"yoast-schema-graph\">{\"@context\":\"https:\/\/schema.org\",\"@graph\":[{\"@type\":\"WebPage\",\"@id\":\"https:\/\/vapingnet.de\/vape\/hol-dir-den-geschmack-von-mixed-berries-waspe-12000-puffs-digital-box-bestpreis\/\",\"url\":\"https:\/\/vapingnet.de\/vape\/hol-dir-den-geschmack-von-mixed-berries-waspe-12000-puffs-digital-box-bestpreis\/\",\"name\":\"Hol Dir Den Geschmack Von Mixed Berries WASPE 12000 Puffs Digital Box Bestpreis | Vapingnet.de\",\"isPartOf\":{\"@id\":\"https:\/\/vapingnet.de\/#website\"},\"primaryImageOfPage\":{\"@id\":\"https:\/\/vapingnet.de\/vape\/hol-dir-den-geschmack-von-mixed-berries-waspe-12000-puffs-digital-box-bestpreis\/#primaryimage\"},\"image\":{\"@id\":\"https:\/\/vapingnet.de\/vape\/hol-dir-den-geschmack-von-mixed-berries-waspe-12000-puffs-digital-box-bestpreis\/#primaryimage\"},\"thumbnailUrl\":\"https:\/\/vapingnet.de\/wp-content\/uploads\/2025\/04\/Mixed-Berries-2.webp\",\"datePublished\":\"2025-04-29T08:56:29+00:00\",\"dateModified\":\"2026-04-15T09:06:29+00:00\",\"description\":\"Entdecke Hol Dir Den Geschmack Von Mixed Berries WASPE 12000 Puffs Digital Box Bestpreis bei vapingnet.de, \u25ba Gro\u00dfe Auswahl an Geschmacksrichtungen & super g\u00fcnstig!\",\"breadcrumb\":{\"@id\":\"https:\/\/vapingnet.de\/vape\/hol-dir-den-geschmack-von-mixed-berries-waspe-12000-puffs-digital-box-bestpreis\/#breadcrumb\"},\"inLanguage\":\"lt-LT\",\"potentialAction\":[{\"@type\":\"ReadAction\",\"target\":[\"https:\/\/vapingnet.de\/vape\/hol-dir-den-geschmack-von-mixed-berries-waspe-12000-puffs-digital-box-bestpreis\/\"]}]},{\"@type\":\"ImageObject\",\"inLanguage\":\"lt-LT\",\"@id\":\"https:\/\/vapingnet.de\/vape\/hol-dir-den-geschmack-von-mixed-berries-waspe-12000-puffs-digital-box-bestpreis\/#primaryimage\",\"url\":\"https:\/\/vapingnet.de\/wp-content\/uploads\/2025\/04\/Mixed-Berries-2.webp\",\"contentUrl\":\"https:\/\/vapingnet.de\/wp-content\/uploads\/2025\/04\/Mixed-Berries-2.webp\",\"width\":1000,\"height\":1000},{\"@type\":\"BreadcrumbList\",\"@id\":\"https:\/\/vapingnet.de\/vape\/hol-dir-den-geschmack-von-mixed-berries-waspe-12000-puffs-digital-box-bestpreis\/#breadcrumb\",\"itemListElement\":[{\"@type\":\"ListItem\",\"position\":1,\"name\":\"Home\",\"item\":\"https:\/\/vapingnet.de\/\"},{\"@type\":\"ListItem\",\"position\":2,\"name\":\"Shop\",\"item\":\"https:\/\/vapingnet.de\/vape\/\"},{\"@type\":\"ListItem\",\"position\":3,\"name\":\"Hol Dir Den Geschmack Von Mixed Berries WASPE 12000 Puffs Digital Box Bestpreis\"}]},{\"@type\":\"WebSite\",\"@id\":\"https:\/\/vapingnet.de\/#website\",\"url\":\"https:\/\/vapingnet.de\/\",\"name\":\"Vapingnet.de\",\"description\":\"\",\"publisher\":{\"@id\":\"https:\/\/vapingnet.de\/#organization\"},\"potentialAction\":[{\"@type\":\"SearchAction\",\"target\":{\"@type\":\"EntryPoint\",\"urlTemplate\":\"https:\/\/vapingnet.de\/?s={search_term_string}\"},\"query-input\":{\"@type\":\"PropertyValueSpecification\",\"valueRequired\":true,\"valueName\":\"search_term_string\"}}],\"inLanguage\":\"lt-LT\"},{\"@type\":\"Organization\",\"@id\":\"https:\/\/vapingnet.de\/#organization\",\"name\":\"Vapingnet.de\",\"url\":\"https:\/\/vapingnet.de\/\",\"logo\":{\"@type\":\"ImageObject\",\"inLanguage\":\"lt-LT\",\"@id\":\"https:\/\/vapingnet.de\/#\/schema\/logo\/image\/\",\"url\":\"https:\/\/vapingnet.de\/wp-content\/uploads\/2025\/03\/cropped-vapingnet.de_.jpg\",\"contentUrl\":\"https:\/\/vapingnet.de\/wp-content\/uploads\/2025\/03\/cropped-vapingnet.de_.jpg\",\"width\":512,\"height\":512,\"caption\":\"Vapingnet.de\"},\"image\":{\"@id\":\"https:\/\/vapingnet.de\/#\/schema\/logo\/image\/\"},\"sameAs\":[\"https:\/\/www.facebook.com\/vapingnetde\/\"]}]}<\/script>\n<!-- \/ Yoast SEO plugin. -->","yoast_head_json":{"title":"Hol Dir Den Geschmack Von Mixed Berries WASPE 12000 Puffs Digital Box Bestpreis | Vapingnet.de","description":"Entdecke Hol Dir Den Geschmack Von Mixed Berries WASPE 12000 Puffs Digital Box Bestpreis bei vapingnet.de, \u25ba Gro\u00dfe Auswahl an Geschmacksrichtungen & super g\u00fcnstig!","robots":{"index":"index","follow":"follow","max-snippet":"max-snippet:-1","max-image-preview":"max-image-preview:large","max-video-preview":"max-video-preview:-1"},"canonical":"https:\/\/vapingnet.de\/lt\/vape\/hol-dir-den-geschmack-von-mixed-berries-waspe-12000-puffs-digital-box-bestpreis\/","og_locale":"lt_LT","og_type":"article","og_title":"Hol Dir Den Geschmack Von Mixed Berries WASPE 12000 Puffs Digital Box Bestpreis | Vapingnet.de","og_description":"Entdecke Hol Dir Den Geschmack Von Mixed Berries WASPE 12000 Puffs Digital Box Bestpreis bei vapingnet.de, \u25ba Gro\u00dfe Auswahl an Geschmacksrichtungen & super g\u00fcnstig!","og_url":"https:\/\/vapingnet.de\/lt\/vape\/hol-dir-den-geschmack-von-mixed-berries-waspe-12000-puffs-digital-box-bestpreis\/","og_site_name":"Vapingnet.de","article_publisher":"https:\/\/www.facebook.com\/vapingnetde\/","article_modified_time":"2026-04-15T09:06:29+00:00","og_image":[{"width":1000,"height":1000,"url":"https:\/\/vapingnet.de\/wp-content\/uploads\/2025\/04\/Mixed-Berries-2.webp","type":"image\/webp"}],"twitter_card":"summary_large_image","twitter_misc":{"Est. reading time":"4 minutes"},"schema":{"@context":"https:\/\/schema.org","@graph":[{"@type":"WebPage","@id":"https:\/\/vapingnet.de\/vape\/hol-dir-den-geschmack-von-mixed-berries-waspe-12000-puffs-digital-box-bestpreis\/","url":"https:\/\/vapingnet.de\/vape\/hol-dir-den-geschmack-von-mixed-berries-waspe-12000-puffs-digital-box-bestpreis\/","name":"Hol Dir Den Geschmack Von Mixed Berries WASPE 12000 Puffs Digital Box Bestpreis | Vapingnet.de","isPartOf":{"@id":"https:\/\/vapingnet.de\/#website"},"primaryImageOfPage":{"@id":"https:\/\/vapingnet.de\/vape\/hol-dir-den-geschmack-von-mixed-berries-waspe-12000-puffs-digital-box-bestpreis\/#primaryimage"},"image":{"@id":"https:\/\/vapingnet.de\/vape\/hol-dir-den-geschmack-von-mixed-berries-waspe-12000-puffs-digital-box-bestpreis\/#primaryimage"},"thumbnailUrl":"https:\/\/vapingnet.de\/wp-content\/uploads\/2025\/04\/Mixed-Berries-2.webp","datePublished":"2025-04-29T08:56:29+00:00","dateModified":"2026-04-15T09:06:29+00:00","description":"Entdecke Hol Dir Den Geschmack Von Mixed Berries WASPE 12000 Puffs Digital Box Bestpreis bei vapingnet.de, \u25ba Gro\u00dfe Auswahl an Geschmacksrichtungen & super g\u00fcnstig!","breadcrumb":{"@id":"https:\/\/vapingnet.de\/vape\/hol-dir-den-geschmack-von-mixed-berries-waspe-12000-puffs-digital-box-bestpreis\/#breadcrumb"},"inLanguage":"lt-LT","potentialAction":[{"@type":"ReadAction","target":["https:\/\/vapingnet.de\/vape\/hol-dir-den-geschmack-von-mixed-berries-waspe-12000-puffs-digital-box-bestpreis\/"]}]},{"@type":"ImageObject","inLanguage":"lt-LT","@id":"https:\/\/vapingnet.de\/vape\/hol-dir-den-geschmack-von-mixed-berries-waspe-12000-puffs-digital-box-bestpreis\/#primaryimage","url":"https:\/\/vapingnet.de\/wp-content\/uploads\/2025\/04\/Mixed-Berries-2.webp","contentUrl":"https:\/\/vapingnet.de\/wp-content\/uploads\/2025\/04\/Mixed-Berries-2.webp","width":1000,"height":1000},{"@type":"BreadcrumbList","@id":"https:\/\/vapingnet.de\/vape\/hol-dir-den-geschmack-von-mixed-berries-waspe-12000-puffs-digital-box-bestpreis\/#breadcrumb","itemListElement":[{"@type":"ListItem","position":1,"name":"Home","item":"https:\/\/vapingnet.de\/"},{"@type":"ListItem","position":2,"name":"Shop","item":"https:\/\/vapingnet.de\/vape\/"},{"@type":"ListItem","position":3,"name":"Hol Dir Den Geschmack Von Mixed Berries WASPE 12000 Puffs Digital Box Bestpreis"}]},{"@type":"WebSite","@id":"https:\/\/vapingnet.de\/#website","url":"https:\/\/vapingnet.de\/","name":"Vapingnet.de","description":"","publisher":{"@id":"https:\/\/vapingnet.de\/#organization"},"potentialAction":[{"@type":"SearchAction","target":{"@type":"EntryPoint","urlTemplate":"https:\/\/vapingnet.de\/?s={search_term_string}"},"query-input":{"@type":"PropertyValueSpecification","valueRequired":true,"valueName":"search_term_string"}}],"inLanguage":"lt-LT"},{"@type":"Organization","@id":"https:\/\/vapingnet.de\/#organization","name":"Vapingnet.de","url":"https:\/\/vapingnet.de\/","logo":{"@type":"ImageObject","inLanguage":"lt-LT","@id":"https:\/\/vapingnet.de\/#\/schema\/logo\/image\/","url":"https:\/\/vapingnet.de\/wp-content\/uploads\/2025\/03\/cropped-vapingnet.de_.jpg","contentUrl":"https:\/\/vapingnet.de\/wp-content\/uploads\/2025\/03\/cropped-vapingnet.de_.jpg","width":512,"height":512,"caption":"Vapingnet.de"},"image":{"@id":"https:\/\/vapingnet.de\/#\/schema\/logo\/image\/"},"sameAs":["https:\/\/www.facebook.com\/vapingnetde\/"]}]}},"tiered_pricing_type":"fixed","tiered_pricing_fixed_rules":[],"tiered_pricing_product_settings":{"layout":"default","base_unit_name":{"singular":null,"plural":null},"default_variation":null},"tiered_pricing_minimum_quantity":null,"tiered_pricing_roles_data":[],"tiered_pricing_percentage_rules":[],"_links":{"self":[{"href":"https:\/\/vapingnet.de\/lt\/wp-json\/wp\/v2\/product\/6677","targetHints":{"allow":["GET"]}}],"collection":[{"href":"https:\/\/vapingnet.de\/lt\/wp-json\/wp\/v2\/product"}],"about":[{"href":"https:\/\/vapingnet.de\/lt\/wp-json\/wp\/v2\/types\/product"}],"version-history":[{"count":1,"href":"https:\/\/vapingnet.de\/lt\/wp-json\/wp\/v2\/product\/6677\/revisions"}],"predecessor-version":[{"id":6678,"href":"https:\/\/vapingnet.de\/lt\/wp-json\/wp\/v2\/product\/6677\/revisions\/6678"}],"wp:featuredmedia":[{"embeddable":true,"href":"https:\/\/vapingnet.de\/lt\/wp-json\/wp\/v2\/media\/6656"}],"wp:attachment":[{"href":"https:\/\/vapingnet.de\/lt\/wp-json\/wp\/v2\/media?parent=6677"}],"wp:term":[{"taxonomy":"brand","embeddable":true,"href":"https:\/\/vapingnet.de\/lt\/wp-json\/wp\/v2\/etheme_brands?post=6677"},{"taxonomy":"product_brand","embeddable":true,"href":"https:\/\/vapingnet.de\/lt\/wp-json\/wp\/v2\/product_brand?post=6677"},{"taxonomy":"product_cat","embeddable":true,"href":"https:\/\/vapingnet.de\/lt\/wp-json\/wp\/v2\/product_cat?post=6677"},{"taxonomy":"product_tag","embeddable":true,"href":"https:\/\/vapingnet.de\/lt\/wp-json\/wp\/v2\/product_tag?post=6677"}],"curies":[{"name":"wp","href":"https:\/\/api.w.org\/{rel}","templated":true}]}}