{"id":6689,"date":"2025-04-30T01:37:02","date_gmt":"2025-04-30T01:37:02","guid":{"rendered":"https:\/\/vapingnet.de\/?post_type=product&#038;p=6689"},"modified":"2026-04-15T08:45:51","modified_gmt":"2026-04-15T08:45:51","slug":"strawberry-donuts-und-waspe-12000-puffs-jetzt-den-geschmack-von-weltklasse-geniessen","status":"publish","type":"product","link":"https:\/\/vapingnet.de\/lt\/vape\/strawberry-donuts-und-waspe-12000-puffs-jetzt-den-geschmack-von-weltklasse-geniessen\/","title":{"rendered":"Bra\u0161ki\u0173 spurgos ir WASPE 12000 D\u016bm\u0173 Dabar m\u0117gaukit\u0117s pasaulinio lygio skoniu"},"content":{"rendered":"<h2 data-start=\"80\" data-end=\"152\" data-immersive-translate-walked=\"b4ba21af-32a6-4c02-89fd-78cd709a0429\">WASPE 12000 R\u016bkal\u0173 skys\u010dio digitalin\u0117 d\u0117\u017eut\u0117 \u2013 daugiau nei vienkartin\u0117 elektronin\u0117 cigaret\u0117<\/h2>\n<p class=\"\" data-start=\"154\" data-end=\"420\" data-immersive-translate-walked=\"b4ba21af-32a6-4c02-89fd-78cd709a0429\" data-immersive-translate-paragraph=\"1\">Kas mano, kad vienkartin\u0117s elektronin\u0117s cigaret\u0117s visada yra paprastos, nuobod\u017eios ir trumpalaik\u0117s, dar nepa\u017eino WASPE 12000 R\u016bkal\u0173 skys\u010dio digitalin\u0117s d\u0117\u017eut\u0117s. \u0160is \u012frenginys nustato naujus standartus talpos, skonio ir dizaino srityje \u2013 ir visa tai kompakti\u0161ko, stilingo formato.<\/p>\n<h4 data-start=\"422\" data-end=\"744\" data-immersive-translate-walked=\"b4ba21af-32a6-4c02-89fd-78cd709a0429\" data-immersive-translate-paragraph=\"1\">Modernus dizainas susitinka su auk\u0161tos kokyb\u0117s technologijomis<\/h4>\n<p class=\"\" data-start=\"422\" data-end=\"744\" data-immersive-translate-walked=\"b4ba21af-32a6-4c02-89fd-78cd709a0429\" data-immersive-translate-paragraph=\"1\">Pagaminta i\u0161 tvirtos aliuminio lydinio ir atsparaus PCGT, WASPE ne tik atrodo patraukliai, bet ir patogiai laikosi rankoje. Lengvumo (tik 96\u202fg) ir tvirto apdirbimo derinys daro j\u0105 idealiu kasdieniu palydovu.<\/p>\n<p class=\"\" data-start=\"746\" data-end=\"1055\" data-immersive-translate-walked=\"b4ba21af-32a6-4c02-89fd-78cd709a0429\" data-immersive-translate-paragraph=\"1\">Viduje yra galingas 650\u202fmAh akumuliatorius, kur\u012f patikimai galima \u012fkrauti per Tipo-C jungt\u012f. Ypatinga savyb\u0117: nors tai yra vienkartinis \u012frenginys, \u012fkraunama baterija leid\u017eia pilnai naudotis 20\u202fml elektroninio skys\u010dio \u2013 iki paskutinio la\u0161o.<\/p>\n<p data-start=\"746\" data-end=\"1055\" data-immersive-translate-walked=\"b4ba21af-32a6-4c02-89fd-78cd709a0429\" data-immersive-translate-paragraph=\"1\"><img fetchpriority=\"high\" decoding=\"async\" class=\"wp-image-6889 aligncenter\" src=\"https:\/\/vapingnet.de\/wp-content\/uploads\/2025\/04\/\u53c2\u6570\u56fe-300x300.jpg\" alt=\"\" width=\"750\" height=\"750\" srcset=\"https:\/\/vapingnet.de\/wp-content\/uploads\/2025\/04\/\u53c2\u6570\u56fe-300x300.jpg 300w, https:\/\/vapingnet.de\/wp-content\/uploads\/2025\/04\/\u53c2\u6570\u56fe-150x150.jpg 150w, https:\/\/vapingnet.de\/wp-content\/uploads\/2025\/04\/\u53c2\u6570\u56fe-768x768.jpg 768w, https:\/\/vapingnet.de\/wp-content\/uploads\/2025\/04\/\u53c2\u6570\u56fe-600x600.jpg 600w, https:\/\/vapingnet.de\/wp-content\/uploads\/2025\/04\/\u53c2\u6570\u56fe-100x100.jpg 100w, https:\/\/vapingnet.de\/wp-content\/uploads\/2025\/04\/\u53c2\u6570\u56fe-1x1.jpg 1w, https:\/\/vapingnet.de\/wp-content\/uploads\/2025\/04\/\u53c2\u6570\u56fe-10x10.jpg 10w, https:\/\/vapingnet.de\/wp-content\/uploads\/2025\/04\/\u53c2\u6570\u56fe.jpg 800w\" sizes=\"(max-width: 750px) 100vw, 750px\" \/><\/p>\n<h4 data-start=\"1057\" data-end=\"1362\" data-immersive-translate-walked=\"b4ba21af-32a6-4c02-89fd-78cd709a0429\" data-immersive-translate-paragraph=\"1\">\u012etikinamas skonis: Bra\u0161ki\u0173 spurgos<\/h4>\n<p class=\"\" data-start=\"1057\" data-end=\"1362\" data-immersive-translate-walked=\"b4ba21af-32a6-4c02-89fd-78cd709a0429\" data-immersive-translate-paragraph=\"1\">Sald\u017ei\u0173 aromat\u0173 m\u0117g\u0117jams ypatingas: <em data-start=\"1148\" data-end=\"1167\" data-immersive-translate-walked=\"b4ba21af-32a6-4c02-89fd-78cd709a0429\">Bra\u0161ki\u0173 spurgos<\/em> yra skonio kompozicija i\u0161 vaisi\u0161kos sald\u017eios bra\u0161k\u0117s ir \u0161iltos k\u0105 tik kept\u0173 spurg\u0173. \u0160velnus gerkl\u0117je, bet intensyvus aromatas \u2013 kiekvienas \u012fkv\u0117pimas kaip trumpa atokv\u0117pio akimirka.<\/p>\n<h4 data-start=\"1364\" data-end=\"1622\" data-immersive-translate-walked=\"b4ba21af-32a6-4c02-89fd-78cd709a0429\" data-immersive-translate-paragraph=\"1\">Patikimas na\u0161umas<\/h4>\n<p class=\"\" data-start=\"1364\" data-end=\"1622\" data-immersive-translate-walked=\"b4ba21af-32a6-4c02-89fd-78cd709a0429\" data-immersive-translate-paragraph=\"1\">Su 1.0\u202f\u03a9 var\u017ea ir 7\u201312\u202fV galios diapazonu WASPE u\u017etikrina nuolatin\u0119 garo kokyb\u0119. Nesvarbu, ar tai b\u016bt\u0173 pirmas, ar de\u0161imt t\u016bkstan\u010di\u0173 \u012fkv\u0117pim\u0173 \u2013 patirtis i\u0161lieka nuosekliai stipri.<\/p>\n<h4 data-start=\"1624\" data-end=\"1873\" data-immersive-translate-walked=\"b4ba21af-32a6-4c02-89fd-78cd709a0429\" data-immersive-translate-paragraph=\"1\">Skirta reikliems garintojams<\/h4>\n<p class=\"\" data-start=\"1624\" data-end=\"1873\" data-immersive-translate-walked=\"b4ba21af-32a6-4c02-89fd-78cd709a0429\" data-immersive-translate-paragraph=\"1\">Su 12 000 \u012fkv\u0117pim\u0173 WASPE i\u0161siskiria i\u0161 \u012fprast\u0173 modeli\u0173. Ji skirta tiems, kurie m\u0117gsta ilgiau naudotis, bet nenori atsisakyti patogumo vienkartinio modelio.<\/p>\n<p class=\"\" data-start=\"1875\" data-end=\"2110\" data-immersive-translate-walked=\"b4ba21af-32a6-4c02-89fd-78cd709a0429\" data-immersive-translate-paragraph=\"1\">Ideali kelion\u0117ms ir kasdieniam naudojimui<br data-start=\"1925\" data-end=\"1928\" data-immersive-translate-walked=\"b4ba21af-32a6-4c02-89fd-78cd709a0429\" \/>Ar biure, keliaujant ar vakar\u0117liuose \u2013 WASPE digitalin\u0117 d\u0117\u017eut\u0117 yra patikima, diskreti\u0161ka ir u\u017etikrina ilgalaik\u012f garo malonum\u0105 be sud\u0117tingo papildymo ar rit\u0117s keitimo.<\/p>\n<h3 data-start=\"2112\" data-end=\"2156\" data-immersive-translate-walked=\"b4ba21af-32a6-4c02-89fd-78cd709a0429\">Kod\u0117l verta rinktis WASPE:<\/h3>\n<ul data-start=\"2157\" data-end=\"2383\" data-immersive-translate-walked=\"b4ba21af-32a6-4c02-89fd-78cd709a0429\">\n<li class=\"\" data-start=\"2157\" data-end=\"2198\" data-immersive-translate-walked=\"b4ba21af-32a6-4c02-89fd-78cd709a0429\">\n<p class=\"\" data-start=\"2159\" data-end=\"2198\" data-immersive-translate-walked=\"b4ba21af-32a6-4c02-89fd-78cd709a0429\" data-immersive-translate-paragraph=\"1\">Didelis elektroninio skys\u010dio t\u016bris (20\u202fml)<\/p>\n<\/li>\n<li class=\"\" data-start=\"2199\" data-end=\"2238\" data-immersive-translate-walked=\"b4ba21af-32a6-4c02-89fd-78cd709a0429\">\n<p class=\"\" data-start=\"2201\" data-end=\"2238\" data-immersive-translate-walked=\"b4ba21af-32a6-4c02-89fd-78cd709a0429\" data-immersive-translate-paragraph=\"1\">\u012ekraunama vienkartin\u0117 elektronin\u0117 cigaret\u0117<\/p>\n<\/li>\n<li class=\"\" data-start=\"2239\" data-end=\"2284\" data-immersive-translate-walked=\"b4ba21af-32a6-4c02-89fd-78cd709a0429\">\n<p class=\"\" data-start=\"2241\" data-end=\"2284\" data-immersive-translate-walked=\"b4ba21af-32a6-4c02-89fd-78cd709a0429\" data-immersive-translate-paragraph=\"1\">Intensyvus skonis d\u0117ka 1.0\u202f\u03a9 tinklelio rit\u0117s<\/p>\n<\/li>\n<li class=\"\" data-start=\"2285\" data-end=\"2314\" data-immersive-translate-walked=\"b4ba21af-32a6-4c02-89fd-78cd709a0429\">\n<p class=\"\" data-start=\"2287\" data-end=\"2314\" data-immersive-translate-walked=\"b4ba21af-32a6-4c02-89fd-78cd709a0429\" data-immersive-translate-paragraph=\"1\">Kompakti\u0161ka ir lengva (96\u202fg)<\/p>\n<\/li>\n<li class=\"\" data-start=\"2315\" data-end=\"2353\" data-immersive-translate-walked=\"b4ba21af-32a6-4c02-89fd-78cd709a0429\">\n<p class=\"\" data-start=\"2317\" data-end=\"2353\" data-immersive-translate-walked=\"b4ba21af-32a6-4c02-89fd-78cd709a0429\" data-immersive-translate-paragraph=\"1\">Prieinama su 2\u202f% arba 5\u202f% nikotino<\/p>\n<\/li>\n<li class=\"\" data-start=\"2354\" data-end=\"2383\" data-immersive-translate-walked=\"b4ba21af-32a6-4c02-89fd-78cd709a0429\">\n<p class=\"\" data-start=\"2356\" data-end=\"2383\" data-immersive-translate-walked=\"b4ba21af-32a6-4c02-89fd-78cd709a0429\" data-immersive-translate-paragraph=\"1\">Eleganti\u0161kas, skaitmeninis dizainas<\/p>\n<\/li>\n<\/ul>\n<p class=\"\" data-start=\"2385\" data-end=\"2553\" data-immersive-translate-walked=\"b4ba21af-32a6-4c02-89fd-78cd709a0429\" data-immersive-translate-paragraph=\"1\">Vieni\u0161iems, kurie ie\u0161ko maksimalios galios stilingame \u012frenginyje, WASPE 12000 Puffs Digital Box yra tikras b\u016btinumas. Kokyb\u0117, kuri juntama \u2013 \u012ftraukiant \u012fkv\u0117pim\u0105 po \u012fkv\u0117pimo.<\/p>","protected":false},"excerpt":{"rendered":"<p>WASPE 12000 d\u016bm\u0173 skaitmenin\u0117 d\u0117\u017eut\u0117 \u2013 daugiau nei tik vienkartin\u0117 elektronin\u0117 cigaret\u0117 Kas mano, kad vienkartin\u0117s elektronin\u0117s cigaret\u0117s visada yra paprastos, kuklios ir trumpalaik\u0117s, pa\u017e\u012fsta WASPE 12000...<\/p>","protected":false},"featured_media":6658,"template":"","meta":[],"etheme_brands":[],"product_brand":[98],"product_cat":[88,49,61],"product_tag":[],"class_list":{"0":"post-6689","1":"product","2":"type-product","3":"status-publish","4":"has-post-thumbnail","6":"product_brand-waspe-vape","7":"product_cat-12k-vape","8":"product_cat-einweg-e-zigarette","9":"product_cat-f","11":"first","12":"instock","13":"shipping-taxable","14":"purchasable","15":"product-type-variable"},"yoast_head":"<!-- This site is optimized with the Yoast SEO plugin v26.5 - https:\/\/yoast.com\/wordpress\/plugins\/seo\/ -->\n<title>Strawberry Donuts Und WASPE 12000 Puffs Jetzt Den Geschmack Von Weltklasse Genie\u00dfen | Vapingnet.de<\/title>\n<meta name=\"description\" content=\"Entdecke Strawberry Donuts Und WASPE 12000 Puffs Jetzt Den Geschmack Von Weltklasse Genie\u00dfen bei vapingnet.de, \u25ba Gro\u00dfe Auswahl an Geschmacksrichtungen &amp; super g\u00fcnstig!\" \/>\n<meta name=\"robots\" content=\"index, follow, max-snippet:-1, max-image-preview:large, max-video-preview:-1\" \/>\n<link rel=\"canonical\" href=\"https:\/\/vapingnet.de\/lt\/vape\/strawberry-donuts-und-waspe-12000-puffs-jetzt-den-geschmack-von-weltklasse-geniessen\/\" \/>\n<meta property=\"og:locale\" content=\"lt_LT\" \/>\n<meta property=\"og:type\" content=\"article\" \/>\n<meta property=\"og:title\" content=\"Strawberry Donuts Und WASPE 12000 Puffs Jetzt Den Geschmack Von Weltklasse Genie\u00dfen | Vapingnet.de\" \/>\n<meta property=\"og:description\" content=\"Entdecke Strawberry Donuts Und WASPE 12000 Puffs Jetzt Den Geschmack Von Weltklasse Genie\u00dfen bei vapingnet.de, \u25ba Gro\u00dfe Auswahl an Geschmacksrichtungen &amp; super g\u00fcnstig!\" \/>\n<meta property=\"og:url\" content=\"https:\/\/vapingnet.de\/lt\/vape\/strawberry-donuts-und-waspe-12000-puffs-jetzt-den-geschmack-von-weltklasse-geniessen\/\" \/>\n<meta property=\"og:site_name\" content=\"Vapingnet.de\" \/>\n<meta property=\"article:publisher\" content=\"https:\/\/www.facebook.com\/vapingnetde\/\" \/>\n<meta property=\"article:modified_time\" content=\"2026-04-15T08:45:51+00:00\" \/>\n<meta property=\"og:image\" content=\"https:\/\/vapingnet.de\/wp-content\/uploads\/2025\/04\/Strawberry-Donuts.webp\" \/>\n\t<meta property=\"og:image:width\" content=\"1000\" \/>\n\t<meta property=\"og:image:height\" content=\"1000\" \/>\n\t<meta property=\"og:image:type\" content=\"image\/webp\" \/>\n<meta name=\"twitter:card\" content=\"summary_large_image\" \/>\n<meta name=\"twitter:label1\" content=\"Est. reading time\" \/>\n\t<meta name=\"twitter:data1\" content=\"3 minutes\" \/>\n<script type=\"application\/ld+json\" class=\"yoast-schema-graph\">{\"@context\":\"https:\/\/schema.org\",\"@graph\":[{\"@type\":\"WebPage\",\"@id\":\"https:\/\/vapingnet.de\/vape\/strawberry-donuts-und-waspe-12000-puffs-jetzt-den-geschmack-von-weltklasse-geniessen\/\",\"url\":\"https:\/\/vapingnet.de\/vape\/strawberry-donuts-und-waspe-12000-puffs-jetzt-den-geschmack-von-weltklasse-geniessen\/\",\"name\":\"Strawberry Donuts Und WASPE 12000 Puffs Jetzt Den Geschmack Von Weltklasse Genie\u00dfen | Vapingnet.de\",\"isPartOf\":{\"@id\":\"https:\/\/vapingnet.de\/#website\"},\"primaryImageOfPage\":{\"@id\":\"https:\/\/vapingnet.de\/vape\/strawberry-donuts-und-waspe-12000-puffs-jetzt-den-geschmack-von-weltklasse-geniessen\/#primaryimage\"},\"image\":{\"@id\":\"https:\/\/vapingnet.de\/vape\/strawberry-donuts-und-waspe-12000-puffs-jetzt-den-geschmack-von-weltklasse-geniessen\/#primaryimage\"},\"thumbnailUrl\":\"https:\/\/vapingnet.de\/wp-content\/uploads\/2025\/04\/Strawberry-Donuts.webp\",\"datePublished\":\"2025-04-30T01:37:02+00:00\",\"dateModified\":\"2026-04-15T08:45:51+00:00\",\"description\":\"Entdecke Strawberry Donuts Und WASPE 12000 Puffs Jetzt Den Geschmack Von Weltklasse Genie\u00dfen bei vapingnet.de, \u25ba Gro\u00dfe Auswahl an Geschmacksrichtungen & super g\u00fcnstig!\",\"breadcrumb\":{\"@id\":\"https:\/\/vapingnet.de\/vape\/strawberry-donuts-und-waspe-12000-puffs-jetzt-den-geschmack-von-weltklasse-geniessen\/#breadcrumb\"},\"inLanguage\":\"lt-LT\",\"potentialAction\":[{\"@type\":\"ReadAction\",\"target\":[\"https:\/\/vapingnet.de\/vape\/strawberry-donuts-und-waspe-12000-puffs-jetzt-den-geschmack-von-weltklasse-geniessen\/\"]}]},{\"@type\":\"ImageObject\",\"inLanguage\":\"lt-LT\",\"@id\":\"https:\/\/vapingnet.de\/vape\/strawberry-donuts-und-waspe-12000-puffs-jetzt-den-geschmack-von-weltklasse-geniessen\/#primaryimage\",\"url\":\"https:\/\/vapingnet.de\/wp-content\/uploads\/2025\/04\/Strawberry-Donuts.webp\",\"contentUrl\":\"https:\/\/vapingnet.de\/wp-content\/uploads\/2025\/04\/Strawberry-Donuts.webp\",\"width\":1000,\"height\":1000},{\"@type\":\"BreadcrumbList\",\"@id\":\"https:\/\/vapingnet.de\/vape\/strawberry-donuts-und-waspe-12000-puffs-jetzt-den-geschmack-von-weltklasse-geniessen\/#breadcrumb\",\"itemListElement\":[{\"@type\":\"ListItem\",\"position\":1,\"name\":\"Home\",\"item\":\"https:\/\/vapingnet.de\/\"},{\"@type\":\"ListItem\",\"position\":2,\"name\":\"Shop\",\"item\":\"https:\/\/vapingnet.de\/vape\/\"},{\"@type\":\"ListItem\",\"position\":3,\"name\":\"Strawberry Donuts Und WASPE 12000 Puffs Jetzt Den Geschmack Von Weltklasse Genie\u00dfen\"}]},{\"@type\":\"WebSite\",\"@id\":\"https:\/\/vapingnet.de\/#website\",\"url\":\"https:\/\/vapingnet.de\/\",\"name\":\"Vapingnet.de\",\"description\":\"\",\"publisher\":{\"@id\":\"https:\/\/vapingnet.de\/#organization\"},\"potentialAction\":[{\"@type\":\"SearchAction\",\"target\":{\"@type\":\"EntryPoint\",\"urlTemplate\":\"https:\/\/vapingnet.de\/?s={search_term_string}\"},\"query-input\":{\"@type\":\"PropertyValueSpecification\",\"valueRequired\":true,\"valueName\":\"search_term_string\"}}],\"inLanguage\":\"lt-LT\"},{\"@type\":\"Organization\",\"@id\":\"https:\/\/vapingnet.de\/#organization\",\"name\":\"Vapingnet.de\",\"url\":\"https:\/\/vapingnet.de\/\",\"logo\":{\"@type\":\"ImageObject\",\"inLanguage\":\"lt-LT\",\"@id\":\"https:\/\/vapingnet.de\/#\/schema\/logo\/image\/\",\"url\":\"https:\/\/vapingnet.de\/wp-content\/uploads\/2025\/03\/cropped-vapingnet.de_.jpg\",\"contentUrl\":\"https:\/\/vapingnet.de\/wp-content\/uploads\/2025\/03\/cropped-vapingnet.de_.jpg\",\"width\":512,\"height\":512,\"caption\":\"Vapingnet.de\"},\"image\":{\"@id\":\"https:\/\/vapingnet.de\/#\/schema\/logo\/image\/\"},\"sameAs\":[\"https:\/\/www.facebook.com\/vapingnetde\/\"]}]}<\/script>\n<!-- \/ Yoast SEO plugin. -->","yoast_head_json":{"title":"Strawberry Donuts Und WASPE 12000 Puffs Jetzt Den Geschmack Von Weltklasse Genie\u00dfen | Vapingnet.de","description":"Entdecke Strawberry Donuts Und WASPE 12000 Puffs Jetzt Den Geschmack Von Weltklasse Genie\u00dfen bei vapingnet.de, \u25ba Gro\u00dfe Auswahl an Geschmacksrichtungen & super g\u00fcnstig!","robots":{"index":"index","follow":"follow","max-snippet":"max-snippet:-1","max-image-preview":"max-image-preview:large","max-video-preview":"max-video-preview:-1"},"canonical":"https:\/\/vapingnet.de\/lt\/vape\/strawberry-donuts-und-waspe-12000-puffs-jetzt-den-geschmack-von-weltklasse-geniessen\/","og_locale":"lt_LT","og_type":"article","og_title":"Strawberry Donuts Und WASPE 12000 Puffs Jetzt Den Geschmack Von Weltklasse Genie\u00dfen | Vapingnet.de","og_description":"Entdecke Strawberry Donuts Und WASPE 12000 Puffs Jetzt Den Geschmack Von Weltklasse Genie\u00dfen bei vapingnet.de, \u25ba Gro\u00dfe Auswahl an Geschmacksrichtungen & super g\u00fcnstig!","og_url":"https:\/\/vapingnet.de\/lt\/vape\/strawberry-donuts-und-waspe-12000-puffs-jetzt-den-geschmack-von-weltklasse-geniessen\/","og_site_name":"Vapingnet.de","article_publisher":"https:\/\/www.facebook.com\/vapingnetde\/","article_modified_time":"2026-04-15T08:45:51+00:00","og_image":[{"width":1000,"height":1000,"url":"https:\/\/vapingnet.de\/wp-content\/uploads\/2025\/04\/Strawberry-Donuts.webp","type":"image\/webp"}],"twitter_card":"summary_large_image","twitter_misc":{"Est. reading time":"3 minutes"},"schema":{"@context":"https:\/\/schema.org","@graph":[{"@type":"WebPage","@id":"https:\/\/vapingnet.de\/vape\/strawberry-donuts-und-waspe-12000-puffs-jetzt-den-geschmack-von-weltklasse-geniessen\/","url":"https:\/\/vapingnet.de\/vape\/strawberry-donuts-und-waspe-12000-puffs-jetzt-den-geschmack-von-weltklasse-geniessen\/","name":"Strawberry Donuts Und WASPE 12000 Puffs Jetzt Den Geschmack Von Weltklasse Genie\u00dfen | Vapingnet.de","isPartOf":{"@id":"https:\/\/vapingnet.de\/#website"},"primaryImageOfPage":{"@id":"https:\/\/vapingnet.de\/vape\/strawberry-donuts-und-waspe-12000-puffs-jetzt-den-geschmack-von-weltklasse-geniessen\/#primaryimage"},"image":{"@id":"https:\/\/vapingnet.de\/vape\/strawberry-donuts-und-waspe-12000-puffs-jetzt-den-geschmack-von-weltklasse-geniessen\/#primaryimage"},"thumbnailUrl":"https:\/\/vapingnet.de\/wp-content\/uploads\/2025\/04\/Strawberry-Donuts.webp","datePublished":"2025-04-30T01:37:02+00:00","dateModified":"2026-04-15T08:45:51+00:00","description":"Entdecke Strawberry Donuts Und WASPE 12000 Puffs Jetzt Den Geschmack Von Weltklasse Genie\u00dfen bei vapingnet.de, \u25ba Gro\u00dfe Auswahl an Geschmacksrichtungen & super g\u00fcnstig!","breadcrumb":{"@id":"https:\/\/vapingnet.de\/vape\/strawberry-donuts-und-waspe-12000-puffs-jetzt-den-geschmack-von-weltklasse-geniessen\/#breadcrumb"},"inLanguage":"lt-LT","potentialAction":[{"@type":"ReadAction","target":["https:\/\/vapingnet.de\/vape\/strawberry-donuts-und-waspe-12000-puffs-jetzt-den-geschmack-von-weltklasse-geniessen\/"]}]},{"@type":"ImageObject","inLanguage":"lt-LT","@id":"https:\/\/vapingnet.de\/vape\/strawberry-donuts-und-waspe-12000-puffs-jetzt-den-geschmack-von-weltklasse-geniessen\/#primaryimage","url":"https:\/\/vapingnet.de\/wp-content\/uploads\/2025\/04\/Strawberry-Donuts.webp","contentUrl":"https:\/\/vapingnet.de\/wp-content\/uploads\/2025\/04\/Strawberry-Donuts.webp","width":1000,"height":1000},{"@type":"BreadcrumbList","@id":"https:\/\/vapingnet.de\/vape\/strawberry-donuts-und-waspe-12000-puffs-jetzt-den-geschmack-von-weltklasse-geniessen\/#breadcrumb","itemListElement":[{"@type":"ListItem","position":1,"name":"Home","item":"https:\/\/vapingnet.de\/"},{"@type":"ListItem","position":2,"name":"Shop","item":"https:\/\/vapingnet.de\/vape\/"},{"@type":"ListItem","position":3,"name":"Strawberry Donuts Und WASPE 12000 Puffs Jetzt Den Geschmack Von Weltklasse Genie\u00dfen"}]},{"@type":"WebSite","@id":"https:\/\/vapingnet.de\/#website","url":"https:\/\/vapingnet.de\/","name":"Vapingnet.de","description":"","publisher":{"@id":"https:\/\/vapingnet.de\/#organization"},"potentialAction":[{"@type":"SearchAction","target":{"@type":"EntryPoint","urlTemplate":"https:\/\/vapingnet.de\/?s={search_term_string}"},"query-input":{"@type":"PropertyValueSpecification","valueRequired":true,"valueName":"search_term_string"}}],"inLanguage":"lt-LT"},{"@type":"Organization","@id":"https:\/\/vapingnet.de\/#organization","name":"Vapingnet.de","url":"https:\/\/vapingnet.de\/","logo":{"@type":"ImageObject","inLanguage":"lt-LT","@id":"https:\/\/vapingnet.de\/#\/schema\/logo\/image\/","url":"https:\/\/vapingnet.de\/wp-content\/uploads\/2025\/03\/cropped-vapingnet.de_.jpg","contentUrl":"https:\/\/vapingnet.de\/wp-content\/uploads\/2025\/03\/cropped-vapingnet.de_.jpg","width":512,"height":512,"caption":"Vapingnet.de"},"image":{"@id":"https:\/\/vapingnet.de\/#\/schema\/logo\/image\/"},"sameAs":["https:\/\/www.facebook.com\/vapingnetde\/"]}]}},"tiered_pricing_type":"fixed","tiered_pricing_fixed_rules":[],"tiered_pricing_product_settings":{"layout":"default","base_unit_name":{"singular":null,"plural":null},"default_variation":null},"tiered_pricing_minimum_quantity":null,"tiered_pricing_roles_data":[],"tiered_pricing_percentage_rules":[],"_links":{"self":[{"href":"https:\/\/vapingnet.de\/lt\/wp-json\/wp\/v2\/product\/6689","targetHints":{"allow":["GET"]}}],"collection":[{"href":"https:\/\/vapingnet.de\/lt\/wp-json\/wp\/v2\/product"}],"about":[{"href":"https:\/\/vapingnet.de\/lt\/wp-json\/wp\/v2\/types\/product"}],"version-history":[{"count":3,"href":"https:\/\/vapingnet.de\/lt\/wp-json\/wp\/v2\/product\/6689\/revisions"}],"predecessor-version":[{"id":6890,"href":"https:\/\/vapingnet.de\/lt\/wp-json\/wp\/v2\/product\/6689\/revisions\/6890"}],"wp:featuredmedia":[{"embeddable":true,"href":"https:\/\/vapingnet.de\/lt\/wp-json\/wp\/v2\/media\/6658"}],"wp:attachment":[{"href":"https:\/\/vapingnet.de\/lt\/wp-json\/wp\/v2\/media?parent=6689"}],"wp:term":[{"taxonomy":"brand","embeddable":true,"href":"https:\/\/vapingnet.de\/lt\/wp-json\/wp\/v2\/etheme_brands?post=6689"},{"taxonomy":"product_brand","embeddable":true,"href":"https:\/\/vapingnet.de\/lt\/wp-json\/wp\/v2\/product_brand?post=6689"},{"taxonomy":"product_cat","embeddable":true,"href":"https:\/\/vapingnet.de\/lt\/wp-json\/wp\/v2\/product_cat?post=6689"},{"taxonomy":"product_tag","embeddable":true,"href":"https:\/\/vapingnet.de\/lt\/wp-json\/wp\/v2\/product_tag?post=6689"}],"curies":[{"name":"wp","href":"https:\/\/api.w.org\/{rel}","templated":true}]}}