{"id":6723,"date":"2025-05-05T02:25:22","date_gmt":"2025-05-05T02:25:22","guid":{"rendered":"https:\/\/vapingnet.de\/?post_type=product&#038;p=6723"},"modified":"2026-04-15T08:45:16","modified_gmt":"2026-04-15T08:45:16","slug":"der-perfekte-sommergeschmack-waspe-15000-puffs-watermelon-ice-high-quality-fuer-wenig-geld","status":"publish","type":"product","link":"https:\/\/vapingnet.de\/lt\/vape\/der-perfekte-sommergeschmack-waspe-15000-puffs-watermelon-ice-high-quality-fuer-wenig-geld\/","title":{"rendered":"Tobulas vasaros skonis WASPE 15000 Puffs Watermelon Ice \u2013 auk\u0161tos kokyb\u0117s u\u017e ma\u017e\u0105 kain\u0105"},"content":{"rendered":"<h2 data-start=\"0\" data-end=\"67\">WASPE 15000 Puffs: Nauja vienkartini\u0173 elektronini\u0173 cigare\u010di\u0173 karta<\/h2>\n<p class=\"\" data-start=\"69\" data-end=\"434\">WASPE 15000 Puffs yra inovatyvi vienkartin\u0117 elektronin\u0117 cigaret\u0117, kuri savo \u012fsp\u016bdingu na\u0161umu ir daugybe funkcij\u0173 nustato naujus standartus r\u016bkymo pasaulyje. Su 15 000 \u012fkv\u0117pim\u0173 talpa ir dideliu skys\u010dio rezervuaru, kurio t\u016bris 22 ml, \u0161i \u012franga suteikia puiki\u0105 patirt\u012f tiek patyrusiems, tiek pradedantiesiems vartotojams.<\/p>\n<h4 data-start=\"436\" data-end=\"492\">Auk\u0161tos kokyb\u0117s savyb\u0117s optimaliam r\u016bkymo potyriui<\/h4>\n<p class=\"\" data-start=\"494\" data-end=\"1033\">WASPE 15000 Puffs i\u0161siskiria daugybe technini\u0173 naujovi\u0173, kurios didina komfort\u0105 ir naudotojo patogum\u0105. Su 850 mAh \u012fkraunama baterija, kuri \u012fkraunama per modern\u0173 Tipo-C jungt\u012f, naudotojai gali b\u016bti tikri, kad visada turi pakankamai energijos ilgesniam r\u016bkymui. Mesh-spiral\u0117s technologija su 0,8\u03a9 var\u017ea pagerina garavimo efektyvum\u0105 ir skonio intensyvum\u0105, u\u017etikrindama maloni\u0105 ir stipri\u0105 r\u016bkymo patirt\u012f.<\/p>\n<p class=\"\" data-start=\"1035\" data-end=\"1350\">Dar viena i\u0161skirtin\u0117 savyb\u0117 yra LCD ekranas, kuris realiu laiku rodo svarbi\u0105 informacij\u0105 apie dabartin\u0119 elektronin\u0117s cigaret\u0117s b\u016bsen\u0105. Taip naudotojai visada gali steb\u0117ti \u012fkrovimo lyg\u012f ir likusius \u012fkv\u0117pimus, kas daro naudojim\u0105 patogesn\u012f.<\/p>\n<h4 data-start=\"1352\" data-end=\"1393\">Skonio patirtis ir universalumas<\/h4>\n<p class=\"\" data-start=\"1395\" data-end=\"1763\">WASPE 15000 Puffs si\u016blo plat\u0173 nikotino stiprumo pasirinkim\u0105 \u2013 nuo 0,1% iki 5%. Taip r\u016bkantieji gali pasirinkti sau tinkamiausi\u0105 nikotino lyg\u012f ir pritaikyti j\u012f savo poreikiams. Skonis \u201eWatermelon Ice\u201c suteikia gaiv\u0173 ir vaisi\u0161k\u0105 \u012fsp\u016bd\u012f, kur\u012f daugelis r\u016bkali\u0173 laiko ypa\u010d maloniu.<\/p>\n<h4 data-start=\"1765\" data-end=\"1802\">Privalumai ir praktinis naudojimas<\/h4>\n<p class=\"\" data-start=\"1804\" data-end=\"2205\">Vienas did\u017eiausi\u0173 WASPE 15000 Puffs privalum\u0173 yra j\u0173 patogus naudojimas. Vienkartin\u0117 elektronin\u0117 cigaret\u0117 nereikalauja sud\u0117tingos prie\u017ei\u016bros, o didelis 22 ml skys\u010dio talpa leid\u017eia i\u0161vengti da\u017en\u0173 papildym\u0173. Kompakti\u0161kas dizainas, sveriantis tik 90 g vienetui, daro WASPE 15000 Puffs lengva ir patogia ne\u0161iotis.<\/p>\n<p class=\"\" data-start=\"2207\" data-end=\"2405\">Be to, WASPE 15000 Puffs si\u016blo didel\u012f prana\u0161um\u0105 \u2013 be muit\u0173 pristatym\u0105, kas ypa\u010d patrauklu pirk\u0117jams, gyvenantiems \u0161alyse su auk\u0161tomis mokes\u010di\u0173 na\u0161tomis tabako ir nikotino produktams.<\/p>\n<h3 data-start=\"2407\" data-end=\"2416\">\u012evadas \u012f WASPE 15000 Puffs: kokyb\u0117 ir inovacijos susijungia<\/h3>\n<p class=\"\" data-start=\"2418\" data-end=\"2895\">WASPE 15000 Puffs yra puikus pasirinkimas r\u016bkaliams, kurie vertina ilgalaik\u012f naudojim\u0105, auk\u0161t\u0105 kokyb\u0119 ir intensyvi\u0105 skonio patirt\u012f. Derinant moderni\u0105 technologij\u0105, paprast\u0105 valdym\u0105 ir daugyb\u0119 nauding\u0173 funkcij\u0173, \u0161is produktas turi potencial\u0105 tapti vienu geriausi\u0173 rinkoje esan\u010di\u0173 \u012frengini\u0173. Daugiau informacijos ir pirkimo galimyb\u0119 rasite svetain\u0117je vapingnet.de.<\/p>","protected":false},"excerpt":{"rendered":"<p>WASPE 15000 R\u016bkali\u0173: Nauja vienkartini\u0173 elektronini\u0173 cigare\u010di\u0173 karta WASPE 15000 Puffs yra inovatyvi vienkartin\u0117 elektronin\u0117 cigaret\u0117, pasi\u017eyminti \u012fsp\u016bdingu na\u0161umu ir daugybe...<\/p>","protected":false},"featured_media":6742,"template":"","meta":[],"etheme_brands":[],"product_brand":[98],"product_cat":[53,49,61],"product_tag":[],"class_list":{"0":"post-6723","1":"product","2":"type-product","3":"status-publish","4":"has-post-thumbnail","6":"product_brand-waspe-vape","7":"product_cat-vape-15000-zuege","8":"product_cat-einweg-e-zigarette","9":"product_cat-f","11":"first","12":"instock","13":"shipping-taxable","14":"purchasable","15":"product-type-variable"},"yoast_head":"<!-- This site is optimized with the Yoast SEO plugin v26.5 - https:\/\/yoast.com\/wordpress\/plugins\/seo\/ -->\n<title>Der Perfekte Sommergeschmack WASPE 15000 Puffs Watermelon Ice High Quality F\u00fcr Wenig Geld | Vapingnet.de<\/title>\n<meta name=\"description\" content=\"Entdecke Der Perfekte Sommergeschmack WASPE 15000 Puffs Watermelon Ice High Quality F\u00fcr Wenig Geld bei vapingnet.de, \u25ba Gro\u00dfe Auswahl an Geschmacksrichtungen &amp; super g\u00fcnstig!\" \/>\n<meta name=\"robots\" content=\"index, follow, max-snippet:-1, max-image-preview:large, max-video-preview:-1\" \/>\n<link rel=\"canonical\" href=\"https:\/\/vapingnet.de\/lt\/vape\/der-perfekte-sommergeschmack-waspe-15000-puffs-watermelon-ice-high-quality-fuer-wenig-geld\/\" \/>\n<meta property=\"og:locale\" content=\"lt_LT\" \/>\n<meta property=\"og:type\" content=\"article\" \/>\n<meta property=\"og:title\" content=\"Der Perfekte Sommergeschmack WASPE 15000 Puffs Watermelon Ice High Quality F\u00fcr Wenig Geld | Vapingnet.de\" \/>\n<meta property=\"og:description\" content=\"Entdecke Der Perfekte Sommergeschmack WASPE 15000 Puffs Watermelon Ice High Quality F\u00fcr Wenig Geld bei vapingnet.de, \u25ba Gro\u00dfe Auswahl an Geschmacksrichtungen &amp; super g\u00fcnstig!\" \/>\n<meta property=\"og:url\" content=\"https:\/\/vapingnet.de\/lt\/vape\/der-perfekte-sommergeschmack-waspe-15000-puffs-watermelon-ice-high-quality-fuer-wenig-geld\/\" \/>\n<meta property=\"og:site_name\" content=\"Vapingnet.de\" \/>\n<meta property=\"article:publisher\" content=\"https:\/\/www.facebook.com\/vapingnetde\/\" \/>\n<meta property=\"article:modified_time\" content=\"2026-04-15T08:45:16+00:00\" \/>\n<meta property=\"og:image\" content=\"https:\/\/vapingnet.de\/wp-content\/uploads\/2025\/05\/Watermelon-Ice.webp\" \/>\n\t<meta property=\"og:image:width\" content=\"1000\" \/>\n\t<meta property=\"og:image:height\" content=\"1000\" \/>\n\t<meta property=\"og:image:type\" content=\"image\/webp\" \/>\n<meta name=\"twitter:card\" content=\"summary_large_image\" \/>\n<meta name=\"twitter:label1\" content=\"Est. reading time\" \/>\n\t<meta name=\"twitter:data1\" content=\"3 minutes\" \/>\n<script type=\"application\/ld+json\" class=\"yoast-schema-graph\">{\"@context\":\"https:\/\/schema.org\",\"@graph\":[{\"@type\":\"WebPage\",\"@id\":\"https:\/\/vapingnet.de\/vape\/der-perfekte-sommergeschmack-waspe-15000-puffs-watermelon-ice-high-quality-fuer-wenig-geld\/\",\"url\":\"https:\/\/vapingnet.de\/vape\/der-perfekte-sommergeschmack-waspe-15000-puffs-watermelon-ice-high-quality-fuer-wenig-geld\/\",\"name\":\"Der Perfekte Sommergeschmack WASPE 15000 Puffs Watermelon Ice High Quality F\u00fcr Wenig Geld | Vapingnet.de\",\"isPartOf\":{\"@id\":\"https:\/\/vapingnet.de\/#website\"},\"primaryImageOfPage\":{\"@id\":\"https:\/\/vapingnet.de\/vape\/der-perfekte-sommergeschmack-waspe-15000-puffs-watermelon-ice-high-quality-fuer-wenig-geld\/#primaryimage\"},\"image\":{\"@id\":\"https:\/\/vapingnet.de\/vape\/der-perfekte-sommergeschmack-waspe-15000-puffs-watermelon-ice-high-quality-fuer-wenig-geld\/#primaryimage\"},\"thumbnailUrl\":\"https:\/\/vapingnet.de\/wp-content\/uploads\/2025\/05\/Watermelon-Ice.webp\",\"datePublished\":\"2025-05-05T02:25:22+00:00\",\"dateModified\":\"2026-04-15T08:45:16+00:00\",\"description\":\"Entdecke Der Perfekte Sommergeschmack WASPE 15000 Puffs Watermelon Ice High Quality F\u00fcr Wenig Geld bei vapingnet.de, \u25ba Gro\u00dfe Auswahl an Geschmacksrichtungen & super g\u00fcnstig!\",\"breadcrumb\":{\"@id\":\"https:\/\/vapingnet.de\/vape\/der-perfekte-sommergeschmack-waspe-15000-puffs-watermelon-ice-high-quality-fuer-wenig-geld\/#breadcrumb\"},\"inLanguage\":\"lt-LT\",\"potentialAction\":[{\"@type\":\"ReadAction\",\"target\":[\"https:\/\/vapingnet.de\/vape\/der-perfekte-sommergeschmack-waspe-15000-puffs-watermelon-ice-high-quality-fuer-wenig-geld\/\"]}]},{\"@type\":\"ImageObject\",\"inLanguage\":\"lt-LT\",\"@id\":\"https:\/\/vapingnet.de\/vape\/der-perfekte-sommergeschmack-waspe-15000-puffs-watermelon-ice-high-quality-fuer-wenig-geld\/#primaryimage\",\"url\":\"https:\/\/vapingnet.de\/wp-content\/uploads\/2025\/05\/Watermelon-Ice.webp\",\"contentUrl\":\"https:\/\/vapingnet.de\/wp-content\/uploads\/2025\/05\/Watermelon-Ice.webp\",\"width\":1000,\"height\":1000},{\"@type\":\"BreadcrumbList\",\"@id\":\"https:\/\/vapingnet.de\/vape\/der-perfekte-sommergeschmack-waspe-15000-puffs-watermelon-ice-high-quality-fuer-wenig-geld\/#breadcrumb\",\"itemListElement\":[{\"@type\":\"ListItem\",\"position\":1,\"name\":\"Home\",\"item\":\"https:\/\/vapingnet.de\/\"},{\"@type\":\"ListItem\",\"position\":2,\"name\":\"Shop\",\"item\":\"https:\/\/vapingnet.de\/vape\/\"},{\"@type\":\"ListItem\",\"position\":3,\"name\":\"Der Perfekte Sommergeschmack WASPE 15000 Puffs Watermelon Ice High Quality F\u00fcr Wenig Geld\"}]},{\"@type\":\"WebSite\",\"@id\":\"https:\/\/vapingnet.de\/#website\",\"url\":\"https:\/\/vapingnet.de\/\",\"name\":\"Vapingnet.de\",\"description\":\"\",\"publisher\":{\"@id\":\"https:\/\/vapingnet.de\/#organization\"},\"potentialAction\":[{\"@type\":\"SearchAction\",\"target\":{\"@type\":\"EntryPoint\",\"urlTemplate\":\"https:\/\/vapingnet.de\/?s={search_term_string}\"},\"query-input\":{\"@type\":\"PropertyValueSpecification\",\"valueRequired\":true,\"valueName\":\"search_term_string\"}}],\"inLanguage\":\"lt-LT\"},{\"@type\":\"Organization\",\"@id\":\"https:\/\/vapingnet.de\/#organization\",\"name\":\"Vapingnet.de\",\"url\":\"https:\/\/vapingnet.de\/\",\"logo\":{\"@type\":\"ImageObject\",\"inLanguage\":\"lt-LT\",\"@id\":\"https:\/\/vapingnet.de\/#\/schema\/logo\/image\/\",\"url\":\"https:\/\/vapingnet.de\/wp-content\/uploads\/2025\/03\/cropped-vapingnet.de_.jpg\",\"contentUrl\":\"https:\/\/vapingnet.de\/wp-content\/uploads\/2025\/03\/cropped-vapingnet.de_.jpg\",\"width\":512,\"height\":512,\"caption\":\"Vapingnet.de\"},\"image\":{\"@id\":\"https:\/\/vapingnet.de\/#\/schema\/logo\/image\/\"},\"sameAs\":[\"https:\/\/www.facebook.com\/vapingnetde\/\"]}]}<\/script>\n<!-- \/ Yoast SEO plugin. -->","yoast_head_json":{"title":"Der Perfekte Sommergeschmack WASPE 15000 Puffs Watermelon Ice High Quality F\u00fcr Wenig Geld | Vapingnet.de","description":"Entdecke Der Perfekte Sommergeschmack WASPE 15000 Puffs Watermelon Ice High Quality F\u00fcr Wenig Geld bei vapingnet.de, \u25ba Gro\u00dfe Auswahl an Geschmacksrichtungen & super g\u00fcnstig!","robots":{"index":"index","follow":"follow","max-snippet":"max-snippet:-1","max-image-preview":"max-image-preview:large","max-video-preview":"max-video-preview:-1"},"canonical":"https:\/\/vapingnet.de\/lt\/vape\/der-perfekte-sommergeschmack-waspe-15000-puffs-watermelon-ice-high-quality-fuer-wenig-geld\/","og_locale":"lt_LT","og_type":"article","og_title":"Der Perfekte Sommergeschmack WASPE 15000 Puffs Watermelon Ice High Quality F\u00fcr Wenig Geld | Vapingnet.de","og_description":"Entdecke Der Perfekte Sommergeschmack WASPE 15000 Puffs Watermelon Ice High Quality F\u00fcr Wenig Geld bei vapingnet.de, \u25ba Gro\u00dfe Auswahl an Geschmacksrichtungen & super g\u00fcnstig!","og_url":"https:\/\/vapingnet.de\/lt\/vape\/der-perfekte-sommergeschmack-waspe-15000-puffs-watermelon-ice-high-quality-fuer-wenig-geld\/","og_site_name":"Vapingnet.de","article_publisher":"https:\/\/www.facebook.com\/vapingnetde\/","article_modified_time":"2026-04-15T08:45:16+00:00","og_image":[{"width":1000,"height":1000,"url":"https:\/\/vapingnet.de\/wp-content\/uploads\/2025\/05\/Watermelon-Ice.webp","type":"image\/webp"}],"twitter_card":"summary_large_image","twitter_misc":{"Est. reading time":"3 minutes"},"schema":{"@context":"https:\/\/schema.org","@graph":[{"@type":"WebPage","@id":"https:\/\/vapingnet.de\/vape\/der-perfekte-sommergeschmack-waspe-15000-puffs-watermelon-ice-high-quality-fuer-wenig-geld\/","url":"https:\/\/vapingnet.de\/vape\/der-perfekte-sommergeschmack-waspe-15000-puffs-watermelon-ice-high-quality-fuer-wenig-geld\/","name":"Der Perfekte Sommergeschmack WASPE 15000 Puffs Watermelon Ice High Quality F\u00fcr Wenig Geld | Vapingnet.de","isPartOf":{"@id":"https:\/\/vapingnet.de\/#website"},"primaryImageOfPage":{"@id":"https:\/\/vapingnet.de\/vape\/der-perfekte-sommergeschmack-waspe-15000-puffs-watermelon-ice-high-quality-fuer-wenig-geld\/#primaryimage"},"image":{"@id":"https:\/\/vapingnet.de\/vape\/der-perfekte-sommergeschmack-waspe-15000-puffs-watermelon-ice-high-quality-fuer-wenig-geld\/#primaryimage"},"thumbnailUrl":"https:\/\/vapingnet.de\/wp-content\/uploads\/2025\/05\/Watermelon-Ice.webp","datePublished":"2025-05-05T02:25:22+00:00","dateModified":"2026-04-15T08:45:16+00:00","description":"Entdecke Der Perfekte Sommergeschmack WASPE 15000 Puffs Watermelon Ice High Quality F\u00fcr Wenig Geld bei vapingnet.de, \u25ba Gro\u00dfe Auswahl an Geschmacksrichtungen & super g\u00fcnstig!","breadcrumb":{"@id":"https:\/\/vapingnet.de\/vape\/der-perfekte-sommergeschmack-waspe-15000-puffs-watermelon-ice-high-quality-fuer-wenig-geld\/#breadcrumb"},"inLanguage":"lt-LT","potentialAction":[{"@type":"ReadAction","target":["https:\/\/vapingnet.de\/vape\/der-perfekte-sommergeschmack-waspe-15000-puffs-watermelon-ice-high-quality-fuer-wenig-geld\/"]}]},{"@type":"ImageObject","inLanguage":"lt-LT","@id":"https:\/\/vapingnet.de\/vape\/der-perfekte-sommergeschmack-waspe-15000-puffs-watermelon-ice-high-quality-fuer-wenig-geld\/#primaryimage","url":"https:\/\/vapingnet.de\/wp-content\/uploads\/2025\/05\/Watermelon-Ice.webp","contentUrl":"https:\/\/vapingnet.de\/wp-content\/uploads\/2025\/05\/Watermelon-Ice.webp","width":1000,"height":1000},{"@type":"BreadcrumbList","@id":"https:\/\/vapingnet.de\/vape\/der-perfekte-sommergeschmack-waspe-15000-puffs-watermelon-ice-high-quality-fuer-wenig-geld\/#breadcrumb","itemListElement":[{"@type":"ListItem","position":1,"name":"Home","item":"https:\/\/vapingnet.de\/"},{"@type":"ListItem","position":2,"name":"Shop","item":"https:\/\/vapingnet.de\/vape\/"},{"@type":"ListItem","position":3,"name":"Der Perfekte Sommergeschmack WASPE 15000 Puffs Watermelon Ice High Quality F\u00fcr Wenig Geld"}]},{"@type":"WebSite","@id":"https:\/\/vapingnet.de\/#website","url":"https:\/\/vapingnet.de\/","name":"Vapingnet.de","description":"","publisher":{"@id":"https:\/\/vapingnet.de\/#organization"},"potentialAction":[{"@type":"SearchAction","target":{"@type":"EntryPoint","urlTemplate":"https:\/\/vapingnet.de\/?s={search_term_string}"},"query-input":{"@type":"PropertyValueSpecification","valueRequired":true,"valueName":"search_term_string"}}],"inLanguage":"lt-LT"},{"@type":"Organization","@id":"https:\/\/vapingnet.de\/#organization","name":"Vapingnet.de","url":"https:\/\/vapingnet.de\/","logo":{"@type":"ImageObject","inLanguage":"lt-LT","@id":"https:\/\/vapingnet.de\/#\/schema\/logo\/image\/","url":"https:\/\/vapingnet.de\/wp-content\/uploads\/2025\/03\/cropped-vapingnet.de_.jpg","contentUrl":"https:\/\/vapingnet.de\/wp-content\/uploads\/2025\/03\/cropped-vapingnet.de_.jpg","width":512,"height":512,"caption":"Vapingnet.de"},"image":{"@id":"https:\/\/vapingnet.de\/#\/schema\/logo\/image\/"},"sameAs":["https:\/\/www.facebook.com\/vapingnetde\/"]}]}},"tiered_pricing_type":"fixed","tiered_pricing_fixed_rules":[],"tiered_pricing_product_settings":{"layout":"default","base_unit_name":{"singular":null,"plural":null},"default_variation":null},"tiered_pricing_minimum_quantity":null,"tiered_pricing_roles_data":[],"tiered_pricing_percentage_rules":[],"_links":{"self":[{"href":"https:\/\/vapingnet.de\/lt\/wp-json\/wp\/v2\/product\/6723","targetHints":{"allow":["GET"]}}],"collection":[{"href":"https:\/\/vapingnet.de\/lt\/wp-json\/wp\/v2\/product"}],"about":[{"href":"https:\/\/vapingnet.de\/lt\/wp-json\/wp\/v2\/types\/product"}],"version-history":[{"count":3,"href":"https:\/\/vapingnet.de\/lt\/wp-json\/wp\/v2\/product\/6723\/revisions"}],"predecessor-version":[{"id":6746,"href":"https:\/\/vapingnet.de\/lt\/wp-json\/wp\/v2\/product\/6723\/revisions\/6746"}],"wp:featuredmedia":[{"embeddable":true,"href":"https:\/\/vapingnet.de\/lt\/wp-json\/wp\/v2\/media\/6742"}],"wp:attachment":[{"href":"https:\/\/vapingnet.de\/lt\/wp-json\/wp\/v2\/media?parent=6723"}],"wp:term":[{"taxonomy":"brand","embeddable":true,"href":"https:\/\/vapingnet.de\/lt\/wp-json\/wp\/v2\/etheme_brands?post=6723"},{"taxonomy":"product_brand","embeddable":true,"href":"https:\/\/vapingnet.de\/lt\/wp-json\/wp\/v2\/product_brand?post=6723"},{"taxonomy":"product_cat","embeddable":true,"href":"https:\/\/vapingnet.de\/lt\/wp-json\/wp\/v2\/product_cat?post=6723"},{"taxonomy":"product_tag","embeddable":true,"href":"https:\/\/vapingnet.de\/lt\/wp-json\/wp\/v2\/product_tag?post=6723"}],"curies":[{"name":"wp","href":"https:\/\/api.w.org\/{rel}","templated":true}]}}