{"id":6725,"date":"2025-05-05T02:36:01","date_gmt":"2025-05-05T02:36:01","guid":{"rendered":"https:\/\/vapingnet.de\/?post_type=product&#038;p=6725"},"modified":"2026-04-15T08:42:44","modified_gmt":"2026-04-15T08:42:44","slug":"weltweit-gefeiert-waspe-15000-puffs-strawberry-watermelon-zoelle-vermeiden-und-geniessen","status":"publish","type":"product","link":"https:\/\/vapingnet.de\/lt\/vape\/weltweit-gefeiert-waspe-15000-puffs-strawberry-watermelon-zoelle-vermeiden-und-geniessen\/","title":{"rendered":"Pasaulin\u0117 \u0161vent\u0117 WASPE 15000 Puffs Bra\u0161k\u0117 Watermelon mokes\u010di\u0173 vengimas ir m\u0117gavimasis"},"content":{"rendered":"<h2 data-start=\"0\" data-end=\"66\" data-immersive-translate-walked=\"394a6c86-11bd-4236-9b60-d810d6713f5c\">WASPE 15000 R\u016bkal\u0173: Nauja vienkartini\u0173 elektronini\u0173 cigare\u010di\u0173 karta<\/h2>\n<p class=\"\" data-start=\"68\" data-end=\"417\" data-immersive-translate-walked=\"394a6c86-11bd-4236-9b60-d810d6713f5c\" data-immersive-translate-paragraph=\"1\">WASPE 15000 R\u016bkal\u0173 si\u016blo i\u0161skirtin\u0119 garinimo patirt\u012f ir yra puikus pasirinkimas naudotojams, ie\u0161kantiems ilgaam\u017ei\u0161kumo, intensyvi\u0173 aromat\u0173 ir modernios technologijos. Su \u012fsp\u016bdinga p\u016btimo talpa ir daugybe funkcij\u0173 \u0161is modelis nustato naujus standartus vienkartini\u0173 elektronini\u0173 cigare\u010di\u0173 pasaulyje.<\/p>\n<h3>Produkto ap\u017evalga<\/h3>\n<ul data-start=\"456\" data-end=\"823\" data-immersive-translate-walked=\"394a6c86-11bd-4236-9b60-d810d6713f5c\">\n<li class=\"\" data-start=\"456\" data-end=\"487\" data-immersive-translate-walked=\"394a6c86-11bd-4236-9b60-d810d6713f5c\">\n<p class=\"\" data-start=\"458\" data-end=\"487\" data-immersive-translate-walked=\"394a6c86-11bd-4236-9b60-d810d6713f5c\" data-immersive-translate-paragraph=\"1\">Modelis: WASPE 15000 Puffs<\/p>\n<\/li>\n<li class=\"\" data-start=\"488\" data-end=\"525\" data-immersive-translate-walked=\"394a6c86-11bd-4236-9b60-d810d6713f5c\">\n<p class=\"\" data-start=\"490\" data-end=\"525\" data-immersive-translate-walked=\"394a6c86-11bd-4236-9b60-d810d6713f5c\" data-immersive-translate-paragraph=\"1\">Nikotino pasirinktys: 0%, 2%, 3%, 5%<\/p>\n<\/li>\n<li class=\"\" data-start=\"526\" data-end=\"559\" data-immersive-translate-walked=\"394a6c86-11bd-4236-9b60-d810d6713f5c\">\n<p class=\"\" data-start=\"528\" data-end=\"559\" data-immersive-translate-walked=\"394a6c86-11bd-4236-9b60-d810d6713f5c\" data-immersive-translate-paragraph=\"1\">P\u016btim\u0173 talpa: 15 000 \u012fkv\u0117pim\u0173<\/p>\n<\/li>\n<li class=\"\" data-start=\"560\" data-end=\"591\" data-immersive-translate-walked=\"394a6c86-11bd-4236-9b60-d810d6713f5c\">\n<p class=\"\" data-start=\"562\" data-end=\"591\" data-immersive-translate-walked=\"394a6c86-11bd-4236-9b60-d810d6713f5c\" data-immersive-translate-paragraph=\"1\">E-liquido rezervuaras: 22 ml<\/p>\n<\/li>\n<li class=\"\" data-start=\"592\" data-end=\"633\" data-immersive-translate-walked=\"394a6c86-11bd-4236-9b60-d810d6713f5c\">\n<p class=\"\" data-start=\"594\" data-end=\"633\" data-immersive-translate-walked=\"394a6c86-11bd-4236-9b60-d810d6713f5c\" data-immersive-translate-paragraph=\"1\">Baterija: 850 mAh (\u012fkraunama)<\/p>\n<\/li>\n<li class=\"\" data-start=\"634\" data-end=\"660\" data-immersive-translate-walked=\"394a6c86-11bd-4236-9b60-d810d6713f5c\">\n<p class=\"\" data-start=\"636\" data-end=\"660\" data-immersive-translate-walked=\"394a6c86-11bd-4236-9b60-d810d6713f5c\" data-immersive-translate-paragraph=\"1\">Vamzdelis: 0,8\u03a9 tinklelio vamzdelis<\/p>\n<\/li>\n<li class=\"\" data-start=\"661\" data-end=\"688\" data-immersive-translate-walked=\"394a6c86-11bd-4236-9b60-d810d6713f5c\">\n<p class=\"\" data-start=\"663\" data-end=\"688\" data-immersive-translate-walked=\"394a6c86-11bd-4236-9b60-d810d6713f5c\" data-immersive-translate-paragraph=\"1\">\u012ekrovimo jungtis: Type-C<\/p>\n<\/li>\n<li class=\"\" data-start=\"689\" data-end=\"708\" data-immersive-translate-walked=\"394a6c86-11bd-4236-9b60-d810d6713f5c\">\n<p class=\"\" data-start=\"691\" data-end=\"708\" data-immersive-translate-walked=\"394a6c86-11bd-4236-9b60-d810d6713f5c\" data-immersive-translate-paragraph=\"1\">Svoris: 90 g<\/p>\n<\/li>\n<li class=\"\" data-start=\"709\" data-end=\"771\" data-immersive-translate-walked=\"394a6c86-11bd-4236-9b60-d810d6713f5c\">\n<p class=\"\" data-start=\"711\" data-end=\"771\" data-immersive-translate-walked=\"394a6c86-11bd-4236-9b60-d810d6713f5c\" data-immersive-translate-paragraph=\"1\">Skonis: Bra\u0161ki\u0173 arb\u016bzas<\/p>\n<\/li>\n<\/ul>\n<h4 data-start=\"830\" data-end=\"862\" data-immersive-translate-walked=\"394a6c86-11bd-4236-9b60-d810d6713f5c\">Ilgalaikis veikimas<\/h4>\n<p class=\"\" data-start=\"864\" data-end=\"1252\" data-immersive-translate-walked=\"394a6c86-11bd-4236-9b60-d810d6713f5c\" data-immersive-translate-paragraph=\"1\">Su 15 000 \u012fkv\u0117pim\u0173 ir dosniu 22 ml elektroninio skys\u010dio rezervuaru WASPE 15000 R\u016bkal\u0173 si\u016blo i\u0161skirtin\u012f tarnavimo laik\u0105, palyginti su daugeliu kit\u0173 vienkartini\u0173 elektronini\u0173 cigare\u010di\u0173. Naudotojai gali m\u0117gautis \u012frenginiu ilg\u0105 laik\u0105 be papildymo ar da\u017en\u0173 \u012fkrovimo. Tai daro j\u012f tobulai pasirinkimu daug garinan\u010di\u0173, keliautoj\u0173 ir kasdienini\u0173 naudotoj\u0173.<\/p>\n<h4 data-start=\"1259\" data-end=\"1325\" data-immersive-translate-walked=\"394a6c86-11bd-4236-9b60-d810d6713f5c\">Pa\u017eangi rit\u0117s technologija intensyviam skoniui<\/h4>\n<p class=\"\" data-start=\"1327\" data-end=\"1710\" data-immersive-translate-walked=\"394a6c86-11bd-4236-9b60-d810d6713f5c\" data-immersive-translate-paragraph=\"1\">Mesh rit\u0117s technologija su 0,8\u03a9 var\u017ea u\u017etikrina tolyg\u0173 elektroninio skys\u010dio garavim\u0105. D\u0117l to skonis tampa intensyvesnis, o gar\u0173 gamyba optimizuota. Mesh rit\u0117 leid\u017eia efektyviau paskirstyti \u0161ilum\u0105, kas sukuria turting\u0105 ir piln\u0105 skon\u012f kiekvieno \u012fkv\u0117pimo metu. Taip m\u0117gaujat\u0117s nuolat auk\u0161tos kokyb\u0117s garavimo patirtimi.<\/p>\n<h4 data-start=\"1717\" data-end=\"1759\" data-immersive-translate-walked=\"394a6c86-11bd-4236-9b60-d810d6713f5c\">LCD ekranas maksimaliam valdymui<\/h4>\n<p class=\"\" data-start=\"1761\" data-end=\"2110\" data-immersive-translate-walked=\"394a6c86-11bd-4236-9b60-d810d6713f5c\" data-immersive-translate-paragraph=\"1\">Inovatyvus LCD ekranas WASPE 15000 R\u016bkal\u0173 suteikia garintojui nuolatines naujausias informacijas apie baterijos ir \u012fkv\u0117pim\u0173 b\u016bsen\u0105. Taip galite steb\u0117ti \u012fkrovimo lyg\u012f ir tiksliai \u017einoti, kiek \u012fkv\u0117pim\u0173 dar liko. \u0160i funkcija pagerina naudotojo patogum\u0105 ir padeda suteikti dar patogesn\u0119 garinimo patirt\u012f.<\/p>\n<h4 data-start=\"2117\" data-end=\"2164\" data-immersive-translate-walked=\"394a6c86-11bd-4236-9b60-d810d6713f5c\">\u012evairiapusi\u0161kumas nikotino ir skonio pasirinkimuose<\/h4>\n<p class=\"\" data-start=\"2166\" data-end=\"2586\" data-immersive-translate-walked=\"394a6c86-11bd-4236-9b60-d810d6713f5c\" data-immersive-translate-paragraph=\"1\">WASPE 15000 R\u016bkal\u0173 yra keturi\u0173 nikotino stiprum\u0173: 0%, 2%, 3% ir 5%. Tai leid\u017eia naudotojams pritaikyti nikotino kiek\u012f pagal savo asmeninius pageidavimus. Ypatingai i\u0161skirtinas yra vaisinis skonis \u201eBra\u0161k\u0117 Arb\u016bzas\u201c, si\u016blantis gaiv\u0173 derin\u012f i\u0161 sald\u017ei\u0173 bra\u0161ki\u0173 ir sultingos arb\u016bzo \u2013 idealiai tinka garintojams, m\u0117gstantiems vaisinius ir lengvus aromatus.<\/p>\n<h4 data-start=\"2593\" data-end=\"2651\" data-immersive-translate-walked=\"394a6c86-11bd-4236-9b60-d810d6713f5c\">Patogus vienkartinis dizainas ir paprastas naudojimas<\/h4>\n<p class=\"\" data-start=\"2653\" data-end=\"3039\" data-immersive-translate-walked=\"394a6c86-11bd-4236-9b60-d810d6713f5c\" data-immersive-translate-paragraph=\"1\">Vienkartinis WASPE 15000 R\u016bkal\u0173 dizainas rei\u0161kia, kad nereikia jokios prie\u017ei\u016bros ar papildymo. Tiesiog atidarykite pakuot\u0119 ir prad\u0117kite garinti \u2013 be nereikaling\u0173 pasiruo\u0161im\u0173. Svoris tik 90 g, tod\u0117l jis yra lengvas ir puikiai tinka kelion\u0117ms. Jo naudotojui draugi\u0161kas ir patogus dizainas daro j\u012f tobulai kasdieniam naudojimui.<\/p>\n<h4 data-start=\"3046\" data-end=\"3099\" data-immersive-translate-walked=\"394a6c86-11bd-4236-9b60-d810d6713f5c\">Be muit\u0173 pristatymas ir pasaulinis prieinamumas<\/h4>\n<p class=\"\" data-start=\"3101\" data-end=\"3347\" data-immersive-translate-walked=\"394a6c86-11bd-4236-9b60-d810d6713f5c\" data-immersive-translate-paragraph=\"1\">Ypa\u010d patraukli nauda yra muit\u0173 nemokamas pristatymas, leid\u017eiantis tarptautiniams klientams \u012fsigyti WASPE 15000 R\u016bkal\u0173 be papildom\u0173 mokes\u010di\u0173. Tai daro \u0161\u012f produkt\u0105 ypa\u010d patraukl\u0173 garintojams i\u0161 viso pasaulio.<\/p>\n<p class=\"\" data-start=\"3354\" data-end=\"3747\" data-immersive-translate-walked=\"394a6c86-11bd-4236-9b60-d810d6713f5c\" data-immersive-translate-paragraph=\"1\">I\u0161vada: WASPE 15000 R\u016bkal\u0173 yra galinga ir naudotojui draugi\u0161ka vienkartin\u0117 elektronin\u0117 cigaret\u0117, pasi\u017eyminti ilga tarnavimo trukme, intensyviais aromatais ir inovatyviomis technologijomis. Jei ie\u0161kote patikimos ir patogios garinimo patirties, \u0161is modelis yra b\u016btent tai, ko jums reikia. Daugiau informacijos ir u\u017esakymo galimybi\u0173 rasite vapingnet.de.<\/p>","protected":false},"excerpt":{"rendered":"<p>WASPE 15000 d\u016bm\u0173: nauja vienkartini\u0173 elektronini\u0173 cigare\u010di\u0173 karta WASPE 15000 d\u016bm\u0173 si\u016blo i\u0161skirtin\u0119 garavimo patirt\u012f ir yra puikus pasirinkimas naudotojams, kurie...<\/p>","protected":false},"featured_media":6741,"template":"","meta":[],"etheme_brands":[],"product_brand":[98],"product_cat":[53,49,61],"product_tag":[],"class_list":{"0":"post-6725","1":"product","2":"type-product","3":"status-publish","4":"has-post-thumbnail","6":"product_brand-waspe-vape","7":"product_cat-vape-15000-zuege","8":"product_cat-einweg-e-zigarette","9":"product_cat-f","11":"first","12":"instock","13":"shipping-taxable","14":"purchasable","15":"product-type-variable"},"yoast_head":"<!-- This site is optimized with the Yoast SEO plugin v26.5 - https:\/\/yoast.com\/wordpress\/plugins\/seo\/ -->\n<title>Weltweit Gefeiert WASPE 15000 Puffs Strawberry Watermelon Z\u00f6lle Vermeiden Und Genie\u00dfen | Vapingnet.de<\/title>\n<meta name=\"description\" content=\"Entdecke Weltweit Gefeiert WASPE 15000 Puffs Strawberry Watermelon Z\u00f6lle Vermeiden Und Genie\u00dfen bei vapingnet.de, \u25ba Gro\u00dfe Auswahl an Geschmacksrichtungen &amp; super g\u00fcnstig!\" \/>\n<meta name=\"robots\" content=\"index, follow, max-snippet:-1, max-image-preview:large, max-video-preview:-1\" \/>\n<link rel=\"canonical\" href=\"https:\/\/vapingnet.de\/lt\/vape\/weltweit-gefeiert-waspe-15000-puffs-strawberry-watermelon-zoelle-vermeiden-und-geniessen\/\" \/>\n<meta property=\"og:locale\" content=\"lt_LT\" \/>\n<meta property=\"og:type\" content=\"article\" \/>\n<meta property=\"og:title\" content=\"Weltweit Gefeiert WASPE 15000 Puffs Strawberry Watermelon Z\u00f6lle Vermeiden Und Genie\u00dfen | Vapingnet.de\" \/>\n<meta property=\"og:description\" content=\"Entdecke Weltweit Gefeiert WASPE 15000 Puffs Strawberry Watermelon Z\u00f6lle Vermeiden Und Genie\u00dfen bei vapingnet.de, \u25ba Gro\u00dfe Auswahl an Geschmacksrichtungen &amp; super g\u00fcnstig!\" \/>\n<meta property=\"og:url\" content=\"https:\/\/vapingnet.de\/lt\/vape\/weltweit-gefeiert-waspe-15000-puffs-strawberry-watermelon-zoelle-vermeiden-und-geniessen\/\" \/>\n<meta property=\"og:site_name\" content=\"Vapingnet.de\" \/>\n<meta property=\"article:publisher\" content=\"https:\/\/www.facebook.com\/vapingnetde\/\" \/>\n<meta property=\"article:modified_time\" content=\"2026-04-15T08:42:44+00:00\" \/>\n<meta property=\"og:image\" content=\"https:\/\/vapingnet.de\/wp-content\/uploads\/2025\/05\/Strawberry-Watermelon.webp\" \/>\n\t<meta property=\"og:image:width\" content=\"1000\" \/>\n\t<meta property=\"og:image:height\" content=\"1000\" \/>\n\t<meta property=\"og:image:type\" content=\"image\/webp\" \/>\n<meta name=\"twitter:card\" content=\"summary_large_image\" \/>\n<meta name=\"twitter:label1\" content=\"Est. reading time\" \/>\n\t<meta name=\"twitter:data1\" content=\"3 minutes\" \/>\n<script type=\"application\/ld+json\" class=\"yoast-schema-graph\">{\"@context\":\"https:\/\/schema.org\",\"@graph\":[{\"@type\":\"WebPage\",\"@id\":\"https:\/\/vapingnet.de\/vape\/weltweit-gefeiert-waspe-15000-puffs-strawberry-watermelon-zoelle-vermeiden-und-geniessen\/\",\"url\":\"https:\/\/vapingnet.de\/vape\/weltweit-gefeiert-waspe-15000-puffs-strawberry-watermelon-zoelle-vermeiden-und-geniessen\/\",\"name\":\"Weltweit Gefeiert WASPE 15000 Puffs Strawberry Watermelon Z\u00f6lle Vermeiden Und Genie\u00dfen | Vapingnet.de\",\"isPartOf\":{\"@id\":\"https:\/\/vapingnet.de\/#website\"},\"primaryImageOfPage\":{\"@id\":\"https:\/\/vapingnet.de\/vape\/weltweit-gefeiert-waspe-15000-puffs-strawberry-watermelon-zoelle-vermeiden-und-geniessen\/#primaryimage\"},\"image\":{\"@id\":\"https:\/\/vapingnet.de\/vape\/weltweit-gefeiert-waspe-15000-puffs-strawberry-watermelon-zoelle-vermeiden-und-geniessen\/#primaryimage\"},\"thumbnailUrl\":\"https:\/\/vapingnet.de\/wp-content\/uploads\/2025\/05\/Strawberry-Watermelon.webp\",\"datePublished\":\"2025-05-05T02:36:01+00:00\",\"dateModified\":\"2026-04-15T08:42:44+00:00\",\"description\":\"Entdecke Weltweit Gefeiert WASPE 15000 Puffs Strawberry Watermelon Z\u00f6lle Vermeiden Und Genie\u00dfen bei vapingnet.de, \u25ba Gro\u00dfe Auswahl an Geschmacksrichtungen & super g\u00fcnstig!\",\"breadcrumb\":{\"@id\":\"https:\/\/vapingnet.de\/vape\/weltweit-gefeiert-waspe-15000-puffs-strawberry-watermelon-zoelle-vermeiden-und-geniessen\/#breadcrumb\"},\"inLanguage\":\"lt-LT\",\"potentialAction\":[{\"@type\":\"ReadAction\",\"target\":[\"https:\/\/vapingnet.de\/vape\/weltweit-gefeiert-waspe-15000-puffs-strawberry-watermelon-zoelle-vermeiden-und-geniessen\/\"]}]},{\"@type\":\"ImageObject\",\"inLanguage\":\"lt-LT\",\"@id\":\"https:\/\/vapingnet.de\/vape\/weltweit-gefeiert-waspe-15000-puffs-strawberry-watermelon-zoelle-vermeiden-und-geniessen\/#primaryimage\",\"url\":\"https:\/\/vapingnet.de\/wp-content\/uploads\/2025\/05\/Strawberry-Watermelon.webp\",\"contentUrl\":\"https:\/\/vapingnet.de\/wp-content\/uploads\/2025\/05\/Strawberry-Watermelon.webp\",\"width\":1000,\"height\":1000},{\"@type\":\"BreadcrumbList\",\"@id\":\"https:\/\/vapingnet.de\/vape\/weltweit-gefeiert-waspe-15000-puffs-strawberry-watermelon-zoelle-vermeiden-und-geniessen\/#breadcrumb\",\"itemListElement\":[{\"@type\":\"ListItem\",\"position\":1,\"name\":\"Home\",\"item\":\"https:\/\/vapingnet.de\/\"},{\"@type\":\"ListItem\",\"position\":2,\"name\":\"Shop\",\"item\":\"https:\/\/vapingnet.de\/vape\/\"},{\"@type\":\"ListItem\",\"position\":3,\"name\":\"Weltweit Gefeiert WASPE 15000 Puffs Strawberry Watermelon Z\u00f6lle Vermeiden Und Genie\u00dfen\"}]},{\"@type\":\"WebSite\",\"@id\":\"https:\/\/vapingnet.de\/#website\",\"url\":\"https:\/\/vapingnet.de\/\",\"name\":\"Vapingnet.de\",\"description\":\"\",\"publisher\":{\"@id\":\"https:\/\/vapingnet.de\/#organization\"},\"potentialAction\":[{\"@type\":\"SearchAction\",\"target\":{\"@type\":\"EntryPoint\",\"urlTemplate\":\"https:\/\/vapingnet.de\/?s={search_term_string}\"},\"query-input\":{\"@type\":\"PropertyValueSpecification\",\"valueRequired\":true,\"valueName\":\"search_term_string\"}}],\"inLanguage\":\"lt-LT\"},{\"@type\":\"Organization\",\"@id\":\"https:\/\/vapingnet.de\/#organization\",\"name\":\"Vapingnet.de\",\"url\":\"https:\/\/vapingnet.de\/\",\"logo\":{\"@type\":\"ImageObject\",\"inLanguage\":\"lt-LT\",\"@id\":\"https:\/\/vapingnet.de\/#\/schema\/logo\/image\/\",\"url\":\"https:\/\/vapingnet.de\/wp-content\/uploads\/2025\/03\/cropped-vapingnet.de_.jpg\",\"contentUrl\":\"https:\/\/vapingnet.de\/wp-content\/uploads\/2025\/03\/cropped-vapingnet.de_.jpg\",\"width\":512,\"height\":512,\"caption\":\"Vapingnet.de\"},\"image\":{\"@id\":\"https:\/\/vapingnet.de\/#\/schema\/logo\/image\/\"},\"sameAs\":[\"https:\/\/www.facebook.com\/vapingnetde\/\"]}]}<\/script>\n<!-- \/ Yoast SEO plugin. -->","yoast_head_json":{"title":"Weltweit Gefeiert WASPE 15000 Puffs Strawberry Watermelon Z\u00f6lle Vermeiden Und Genie\u00dfen | Vapingnet.de","description":"Entdecke Weltweit Gefeiert WASPE 15000 Puffs Strawberry Watermelon Z\u00f6lle Vermeiden Und Genie\u00dfen bei vapingnet.de, \u25ba Gro\u00dfe Auswahl an Geschmacksrichtungen & super g\u00fcnstig!","robots":{"index":"index","follow":"follow","max-snippet":"max-snippet:-1","max-image-preview":"max-image-preview:large","max-video-preview":"max-video-preview:-1"},"canonical":"https:\/\/vapingnet.de\/lt\/vape\/weltweit-gefeiert-waspe-15000-puffs-strawberry-watermelon-zoelle-vermeiden-und-geniessen\/","og_locale":"lt_LT","og_type":"article","og_title":"Weltweit Gefeiert WASPE 15000 Puffs Strawberry Watermelon Z\u00f6lle Vermeiden Und Genie\u00dfen | Vapingnet.de","og_description":"Entdecke Weltweit Gefeiert WASPE 15000 Puffs Strawberry Watermelon Z\u00f6lle Vermeiden Und Genie\u00dfen bei vapingnet.de, \u25ba Gro\u00dfe Auswahl an Geschmacksrichtungen & super g\u00fcnstig!","og_url":"https:\/\/vapingnet.de\/lt\/vape\/weltweit-gefeiert-waspe-15000-puffs-strawberry-watermelon-zoelle-vermeiden-und-geniessen\/","og_site_name":"Vapingnet.de","article_publisher":"https:\/\/www.facebook.com\/vapingnetde\/","article_modified_time":"2026-04-15T08:42:44+00:00","og_image":[{"width":1000,"height":1000,"url":"https:\/\/vapingnet.de\/wp-content\/uploads\/2025\/05\/Strawberry-Watermelon.webp","type":"image\/webp"}],"twitter_card":"summary_large_image","twitter_misc":{"Est. reading time":"3 minutes"},"schema":{"@context":"https:\/\/schema.org","@graph":[{"@type":"WebPage","@id":"https:\/\/vapingnet.de\/vape\/weltweit-gefeiert-waspe-15000-puffs-strawberry-watermelon-zoelle-vermeiden-und-geniessen\/","url":"https:\/\/vapingnet.de\/vape\/weltweit-gefeiert-waspe-15000-puffs-strawberry-watermelon-zoelle-vermeiden-und-geniessen\/","name":"Weltweit Gefeiert WASPE 15000 Puffs Strawberry Watermelon Z\u00f6lle Vermeiden Und Genie\u00dfen | Vapingnet.de","isPartOf":{"@id":"https:\/\/vapingnet.de\/#website"},"primaryImageOfPage":{"@id":"https:\/\/vapingnet.de\/vape\/weltweit-gefeiert-waspe-15000-puffs-strawberry-watermelon-zoelle-vermeiden-und-geniessen\/#primaryimage"},"image":{"@id":"https:\/\/vapingnet.de\/vape\/weltweit-gefeiert-waspe-15000-puffs-strawberry-watermelon-zoelle-vermeiden-und-geniessen\/#primaryimage"},"thumbnailUrl":"https:\/\/vapingnet.de\/wp-content\/uploads\/2025\/05\/Strawberry-Watermelon.webp","datePublished":"2025-05-05T02:36:01+00:00","dateModified":"2026-04-15T08:42:44+00:00","description":"Entdecke Weltweit Gefeiert WASPE 15000 Puffs Strawberry Watermelon Z\u00f6lle Vermeiden Und Genie\u00dfen bei vapingnet.de, \u25ba Gro\u00dfe Auswahl an Geschmacksrichtungen & super g\u00fcnstig!","breadcrumb":{"@id":"https:\/\/vapingnet.de\/vape\/weltweit-gefeiert-waspe-15000-puffs-strawberry-watermelon-zoelle-vermeiden-und-geniessen\/#breadcrumb"},"inLanguage":"lt-LT","potentialAction":[{"@type":"ReadAction","target":["https:\/\/vapingnet.de\/vape\/weltweit-gefeiert-waspe-15000-puffs-strawberry-watermelon-zoelle-vermeiden-und-geniessen\/"]}]},{"@type":"ImageObject","inLanguage":"lt-LT","@id":"https:\/\/vapingnet.de\/vape\/weltweit-gefeiert-waspe-15000-puffs-strawberry-watermelon-zoelle-vermeiden-und-geniessen\/#primaryimage","url":"https:\/\/vapingnet.de\/wp-content\/uploads\/2025\/05\/Strawberry-Watermelon.webp","contentUrl":"https:\/\/vapingnet.de\/wp-content\/uploads\/2025\/05\/Strawberry-Watermelon.webp","width":1000,"height":1000},{"@type":"BreadcrumbList","@id":"https:\/\/vapingnet.de\/vape\/weltweit-gefeiert-waspe-15000-puffs-strawberry-watermelon-zoelle-vermeiden-und-geniessen\/#breadcrumb","itemListElement":[{"@type":"ListItem","position":1,"name":"Home","item":"https:\/\/vapingnet.de\/"},{"@type":"ListItem","position":2,"name":"Shop","item":"https:\/\/vapingnet.de\/vape\/"},{"@type":"ListItem","position":3,"name":"Weltweit Gefeiert WASPE 15000 Puffs Strawberry Watermelon Z\u00f6lle Vermeiden Und Genie\u00dfen"}]},{"@type":"WebSite","@id":"https:\/\/vapingnet.de\/#website","url":"https:\/\/vapingnet.de\/","name":"Vapingnet.de","description":"","publisher":{"@id":"https:\/\/vapingnet.de\/#organization"},"potentialAction":[{"@type":"SearchAction","target":{"@type":"EntryPoint","urlTemplate":"https:\/\/vapingnet.de\/?s={search_term_string}"},"query-input":{"@type":"PropertyValueSpecification","valueRequired":true,"valueName":"search_term_string"}}],"inLanguage":"lt-LT"},{"@type":"Organization","@id":"https:\/\/vapingnet.de\/#organization","name":"Vapingnet.de","url":"https:\/\/vapingnet.de\/","logo":{"@type":"ImageObject","inLanguage":"lt-LT","@id":"https:\/\/vapingnet.de\/#\/schema\/logo\/image\/","url":"https:\/\/vapingnet.de\/wp-content\/uploads\/2025\/03\/cropped-vapingnet.de_.jpg","contentUrl":"https:\/\/vapingnet.de\/wp-content\/uploads\/2025\/03\/cropped-vapingnet.de_.jpg","width":512,"height":512,"caption":"Vapingnet.de"},"image":{"@id":"https:\/\/vapingnet.de\/#\/schema\/logo\/image\/"},"sameAs":["https:\/\/www.facebook.com\/vapingnetde\/"]}]}},"tiered_pricing_type":"fixed","tiered_pricing_fixed_rules":[],"tiered_pricing_product_settings":{"layout":"default","base_unit_name":{"singular":null,"plural":null},"default_variation":null},"tiered_pricing_minimum_quantity":null,"tiered_pricing_roles_data":[],"tiered_pricing_percentage_rules":[],"_links":{"self":[{"href":"https:\/\/vapingnet.de\/lt\/wp-json\/wp\/v2\/product\/6725","targetHints":{"allow":["GET"]}}],"collection":[{"href":"https:\/\/vapingnet.de\/lt\/wp-json\/wp\/v2\/product"}],"about":[{"href":"https:\/\/vapingnet.de\/lt\/wp-json\/wp\/v2\/types\/product"}],"version-history":[{"count":1,"href":"https:\/\/vapingnet.de\/lt\/wp-json\/wp\/v2\/product\/6725\/revisions"}],"predecessor-version":[{"id":6747,"href":"https:\/\/vapingnet.de\/lt\/wp-json\/wp\/v2\/product\/6725\/revisions\/6747"}],"wp:featuredmedia":[{"embeddable":true,"href":"https:\/\/vapingnet.de\/lt\/wp-json\/wp\/v2\/media\/6741"}],"wp:attachment":[{"href":"https:\/\/vapingnet.de\/lt\/wp-json\/wp\/v2\/media?parent=6725"}],"wp:term":[{"taxonomy":"brand","embeddable":true,"href":"https:\/\/vapingnet.de\/lt\/wp-json\/wp\/v2\/etheme_brands?post=6725"},{"taxonomy":"product_brand","embeddable":true,"href":"https:\/\/vapingnet.de\/lt\/wp-json\/wp\/v2\/product_brand?post=6725"},{"taxonomy":"product_cat","embeddable":true,"href":"https:\/\/vapingnet.de\/lt\/wp-json\/wp\/v2\/product_cat?post=6725"},{"taxonomy":"product_tag","embeddable":true,"href":"https:\/\/vapingnet.de\/lt\/wp-json\/wp\/v2\/product_tag?post=6725"}],"curies":[{"name":"wp","href":"https:\/\/api.w.org\/{rel}","templated":true}]}}