{"id":6726,"date":"2025-05-05T02:36:03","date_gmt":"2025-05-05T02:36:03","guid":{"rendered":"https:\/\/vapingnet.de\/?post_type=product&#038;p=6726"},"modified":"2026-04-15T08:42:10","modified_gmt":"2026-04-15T08:42:10","slug":"der-geschmack-des-sommers-waspe-15000-puffs-orange-soda-bestellen-sparen","status":"publish","type":"product","link":"https:\/\/vapingnet.de\/lt\/vape\/der-geschmack-des-sommers-waspe-15000-puffs-orange-soda-bestellen-sparen\/","title":{"rendered":"Vasaros skonis WASPE 15000 Puffs Orange Soda U\u017esisakyk ir Sutaupyk"},"content":{"rendered":"<h2 data-start=\"0\" data-end=\"81\">WASPE 15000 Puffs: Tobula vienkartin\u0117 elektronin\u0117 cigaret\u0117 reikliems d\u016bm\u0173 m\u0117g\u0117jams<\/h2>\n<p class=\"\" data-start=\"83\" data-end=\"384\">WASPE 15000 Puffs yra viena pa\u017eangiausi\u0173 vienkartini\u0173 elektronini\u0173 cigare\u010di\u0173 rinkoje. Su \u012fsp\u016bdinga p\u016btimo talpa ir moderniomis funkcijomis ji si\u016blo neprilygstam\u0105 d\u016bmavimo patirt\u012f. Atraskite \u0161ios inovatyvios elektronin\u0117s cigaret\u0117s akcentus, kurie revoliucionuoja d\u016bmavimo kasdienyb\u0119.<\/p>\n<h3 class=\"\" data-start=\"391\" data-end=\"435\">Ap\u017evalga apie WASPE 15000 Puffs<\/h3>\n<ul data-start=\"437\" data-end=\"833\">\n<li class=\"\" data-start=\"437\" data-end=\"470\">\n<p class=\"\" data-start=\"439\" data-end=\"470\">Modelis: WASPE 15000 Puffs<\/p>\n<\/li>\n<li class=\"\" data-start=\"471\" data-end=\"514\">\n<p class=\"\" data-start=\"473\" data-end=\"514\">Nikotino pasirinktys: 0 %, 2 %, 3 %, 5 %<\/p>\n<\/li>\n<li class=\"\" data-start=\"515\" data-end=\"550\">\n<p class=\"\" data-start=\"517\" data-end=\"550\">P\u016btim\u0173 talpa: 15 000 \u012fkv\u0117pim\u0173<\/p>\n<\/li>\n<li class=\"\" data-start=\"551\" data-end=\"584\">\n<p class=\"\" data-start=\"553\" data-end=\"584\">E-liquido rezervuaras: 22 ml<\/p>\n<\/li>\n<li class=\"\" data-start=\"585\" data-end=\"627\">\n<p class=\"\" data-start=\"587\" data-end=\"627\">Baterija: 850 mAh, \u012fkraunama<\/p>\n<\/li>\n<li class=\"\" data-start=\"628\" data-end=\"656\">\n<p class=\"\" data-start=\"630\" data-end=\"656\">Vamzdelis: 0,8\u03a9 tinklelio vamzdelis<\/p>\n<\/li>\n<li class=\"\" data-start=\"657\" data-end=\"691\">\n<p class=\"\" data-start=\"659\" data-end=\"691\">\u012ekrovimo jungtis: Type-C jungtis<\/p>\n<\/li>\n<li class=\"\" data-start=\"692\" data-end=\"713\">\n<p class=\"\" data-start=\"694\" data-end=\"713\">Svoris: 90 g<\/p>\n<\/li>\n<li class=\"\" data-start=\"714\" data-end=\"744\">\n<p class=\"\" data-start=\"716\" data-end=\"744\">Skonis: Apelsin\u0173 soda<\/p>\n<\/li>\n<li class=\"\" data-start=\"745\" data-end=\"798\">\n<p class=\"\" data-start=\"747\" data-end=\"798\">Tinklalapis: vapingnet.de<\/p>\n<\/li>\n<li class=\"\" data-start=\"799\" data-end=\"833\">\n<p class=\"\" data-start=\"801\" data-end=\"833\">Prana\u0161umas: Be muit\u0173 pristatymas<\/p>\n<\/li>\n<\/ul>\n<h4 data-start=\"840\" data-end=\"879\"><img fetchpriority=\"high\" decoding=\"async\" class=\"wp-image-6885 aligncenter\" src=\"https:\/\/vapingnet.de\/wp-content\/uploads\/2025\/05\/2-300x187.jpg\" alt=\"\" width=\"1835\" height=\"1144\" srcset=\"https:\/\/vapingnet.de\/wp-content\/uploads\/2025\/05\/2-300x187.jpg 300w, https:\/\/vapingnet.de\/wp-content\/uploads\/2025\/05\/2-768x480.jpg 768w, https:\/\/vapingnet.de\/wp-content\/uploads\/2025\/05\/2-600x375.jpg 600w, https:\/\/vapingnet.de\/wp-content\/uploads\/2025\/05\/2-1x1.jpg 1w, https:\/\/vapingnet.de\/wp-content\/uploads\/2025\/05\/2-10x6.jpg 10w\" sizes=\"(max-width: 1835px) 100vw, 1835px\" \/><\/h4>\n<h4 data-start=\"840\" data-end=\"879\">Neprilygstama p\u016btim\u0173 talpa<\/h4>\n<p class=\"\" data-start=\"881\" data-end=\"1238\">Su 15 000 \u012fkv\u0117pim\u0173 WASPE 15000 Puffs si\u016blo i\u0161skirtinai ilg\u0105 tarnavimo laik\u0105. Didelis 22 ml e-liquido rezervuaras u\u017etikrina ilgalaik\u012f malonum\u0105 be nuolatinio skys\u010dio papildymo. \u0160i talpa daro j\u0105 viena i\u0161 ilgaam\u017ei\u0161kiausi\u0173 vienkartini\u0173 elektronini\u0173 cigare\u010di\u0173, kurios \u0161iuo metu yra rinkoje, ir yra ypa\u010d tinkama daug d\u016bm\u0173 m\u0117g\u0117jams ir keliautojams.<\/p>\n<h4 data-start=\"1245\" data-end=\"1305\">Intensyvios d\u016bmavimo patirtys d\u0117ka tinklelio vamzdelio technologijos<\/h4>\n<p class=\"\" data-start=\"1307\" data-end=\"1737\">WASPE 15000 Puffs naudoja pa\u017eang\u0173 0,8\u03a9 atsparumo tinklelio vamzdel\u012f, siekiant tolygiai ir efektyviai i\u0161garinti e-liquido. Tinklelio technologija u\u017etikrina intensyvesn\u012f aromat\u0173 i\u0161siskyrim\u0105 ir didesn\u012f gar\u0173 kiek\u012f, tod\u0117l skonis su kiekvienu \u012fkv\u0117pimu tampa pilnesnis ir labiau patenkinamas. Tai rei\u0161kia optimizuot\u0105 d\u016bmavimo patirt\u012f, kuri \u012ftikinamai pasi\u017eymi tiek skoniu, tiek garo kokybe.<\/p>\n<h4 data-start=\"1744\" data-end=\"1790\">LCD ekranas realaus laiko informacijos rodymui<\/h4>\n<p class=\"\" data-start=\"1792\" data-end=\"2212\">WASPE 15000 Puffs \u012fmontuotas LCD ekranas u\u017etikrina, kad visada matytum\u0117te \u012fkrovimo b\u016bsen\u0105 ir likusius \u012fkv\u0117pimus. \u0160i funkcija yra ypa\u010d naudinga, nes leid\u017eia d\u016bm\u0173 m\u0117g\u0117jui \u017einoti, kada laikas \u012fkrauti \u012frengin\u012f arba kiek \u012fkv\u0117pim\u0173 dar liko. Ekranas prisideda prie be streso ir gerai suplanuotos naudojimo patirties.<\/p>\n<h4 data-start=\"2219\" data-end=\"2273\">\u012evairios nikotino stiprumo galimyb\u0117s kiekvienam poreikiui<\/h4>\n<p class=\"\" data-start=\"2275\" data-end=\"2627\">WASPE 15000 Puffs yra prieinama keturi\u0173 skirting\u0173 nikotino stiprum\u0173: 0 %, 2 %, 3 % ir 5 %. Tai leid\u017eia d\u016bm\u0173 m\u0117g\u0117jams pasirinkti savo ideali\u0105 nikotino stiprum\u0105 ir m\u0117gautis pritaikyta d\u016bmavimo patirtimi. Nesvarbu, ar esate pradedantysis, ar patyr\u0119s d\u016bm\u0173 m\u0117g\u0117jas, nikotino stiprumo pasirinkimas u\u017etikrina tobul\u0105 pritaikym\u0105 j\u016bs\u0173 poreikiams.<\/p>\n<h4 data-start=\"2634\" data-end=\"2672\">Vaisi\u0173 skonis: Apelsin\u0173 soda<\/h4>\n<p class=\"\" data-start=\"2674\" data-end=\"3067\">Visiems, kurie m\u0117gsta gaivius ir vaisinius aromatus, WASPE 15000 Puffs si\u016blo skon\u012f \u201eApelsin\u0173 soda\u201c. \u0160is putojantis ir saldus aromatas primena gaiv\u0173 apelsin\u0173 limonado ir lengvo sodos skonio derin\u012f, kuris puikiai tinka bet kokiai progai. Tai ideali pasirinktis vartotojams, ie\u0161kantiems saldaus, bet ne per daug \u012fkyraus skonio patirties.<\/p>\n<h4 data-start=\"3074\" data-end=\"3122\">Paprasta naudoti ir ne\u0161iojamas dizainas<\/h4>\n<p class=\"\" data-start=\"3124\" data-end=\"3440\">WASPE 15000 Puffs yra vienkartin\u0117 elektronin\u0117 cigaret\u0117, kuri nereikalauja jokios prie\u017ei\u016bros ar papildymo. Tai daro j\u0105 ypa\u010d patogi\u0105 ir prakti\u0161k\u0105 kasdieniam naudojimui. Svoris tik 90 g, tod\u0117l \u012frenginys yra lengvas ir patogus, j\u012f galima lengvai \u012fsid\u0117ti \u012f bet kuri\u0105 ki\u0161en\u0119.<\/p>\n<p class=\"\" data-start=\"3442\" data-end=\"3682\">Kitas didelis privalumas \u2013 muitin\u0117s nemokamas pristatymas, kuris palengvina tarptautiniams klientams \u012fsigyti \u012frengin\u012f be papildom\u0173 i\u0161laid\u0173. Tai daro WASPE 15000 Puffs ypa\u010d patraukli\u0105 vartotojams u\u017e Lietuvos rib\u0173.<\/p>\n<h4 data-start=\"3689\" data-end=\"3738\">Patirkite vaping\u0105 naujame lygyje<\/h4>\n<p class=\"\" data-start=\"3740\" data-end=\"4124\">WASPE 15000 Puffs si\u016blo ne tik i\u0161skirtin\u012f na\u0161um\u0105, bet ir intensyvi\u0105 bei ilgalaik\u0119 vaping patirt\u012f. Su inovatyviomis technologijomis, ilgu naudojimo laikotarpiu ir vaisiniu skoniu ji yra ideali pasirinktis vartotojams, vertinantiems kokyb\u0119 ir komfort\u0105. Daugiau informacijos ir u\u017esakymo galimyb\u0117 yra vapingnet.de.<\/p>","protected":false},"excerpt":{"rendered":"<p>WASPE 15000 Puffs: Die perfekte Einweg-E-Zigarette f\u00fcr anspruchsvolle Dampfer Die WASPE 15000 Puffs ist eine der fortschrittlichsten Einweg-E-Zigaretten auf dem Markt. Mit einer beeindruckenden Puff-Kapazit\u00e4t&#8230;<\/p>","protected":false},"featured_media":6737,"template":"","meta":[],"etheme_brands":[],"product_brand":[98],"product_cat":[53,49,61],"product_tag":[],"class_list":{"0":"post-6726","1":"product","2":"type-product","3":"status-publish","4":"has-post-thumbnail","6":"product_brand-waspe-vape","7":"product_cat-vape-15000-zuege","8":"product_cat-einweg-e-zigarette","9":"product_cat-f","11":"first","12":"instock","13":"shipping-taxable","14":"purchasable","15":"product-type-variable"},"yoast_head":"<!-- This site is optimized with the Yoast SEO plugin v26.5 - https:\/\/yoast.com\/wordpress\/plugins\/seo\/ -->\n<title>Der Geschmack Des Sommers WASPE 15000 Puffs Orange Soda Bestellen &amp; Sparen | Vapingnet.de<\/title>\n<meta name=\"description\" content=\"Entdecke Der Geschmack Des Sommers WASPE 15000 Puffs Orange Soda Bestellen &amp; Sparen bei vapingnet.de, \u25ba Gro\u00dfe Auswahl an Geschmacksrichtungen &amp; super g\u00fcnstig!\" \/>\n<meta name=\"robots\" content=\"index, follow, max-snippet:-1, max-image-preview:large, max-video-preview:-1\" \/>\n<link rel=\"canonical\" href=\"https:\/\/vapingnet.de\/lt\/vape\/der-geschmack-des-sommers-waspe-15000-puffs-orange-soda-bestellen-sparen\/\" \/>\n<meta property=\"og:locale\" content=\"lt_LT\" \/>\n<meta property=\"og:type\" content=\"article\" \/>\n<meta property=\"og:title\" content=\"Der Geschmack Des Sommers WASPE 15000 Puffs Orange Soda Bestellen &amp; Sparen | Vapingnet.de\" \/>\n<meta property=\"og:description\" content=\"Entdecke Der Geschmack Des Sommers WASPE 15000 Puffs Orange Soda Bestellen &amp; Sparen bei vapingnet.de, \u25ba Gro\u00dfe Auswahl an Geschmacksrichtungen &amp; super g\u00fcnstig!\" \/>\n<meta property=\"og:url\" content=\"https:\/\/vapingnet.de\/lt\/vape\/der-geschmack-des-sommers-waspe-15000-puffs-orange-soda-bestellen-sparen\/\" \/>\n<meta property=\"og:site_name\" content=\"Vapingnet.de\" \/>\n<meta property=\"article:publisher\" content=\"https:\/\/www.facebook.com\/vapingnetde\/\" \/>\n<meta property=\"article:modified_time\" content=\"2026-04-15T08:42:10+00:00\" \/>\n<meta property=\"og:image\" content=\"https:\/\/vapingnet.de\/wp-content\/uploads\/2025\/05\/Orange-Soda.webp\" \/>\n\t<meta property=\"og:image:width\" content=\"1000\" \/>\n\t<meta property=\"og:image:height\" content=\"1000\" \/>\n\t<meta property=\"og:image:type\" content=\"image\/webp\" \/>\n<meta name=\"twitter:card\" content=\"summary_large_image\" \/>\n<meta name=\"twitter:label1\" content=\"Est. reading time\" \/>\n\t<meta name=\"twitter:data1\" content=\"4 minutes\" \/>\n<script type=\"application\/ld+json\" class=\"yoast-schema-graph\">{\"@context\":\"https:\/\/schema.org\",\"@graph\":[{\"@type\":\"WebPage\",\"@id\":\"https:\/\/vapingnet.de\/vape\/der-geschmack-des-sommers-waspe-15000-puffs-orange-soda-bestellen-sparen\/\",\"url\":\"https:\/\/vapingnet.de\/vape\/der-geschmack-des-sommers-waspe-15000-puffs-orange-soda-bestellen-sparen\/\",\"name\":\"Der Geschmack Des Sommers WASPE 15000 Puffs Orange Soda Bestellen & Sparen | Vapingnet.de\",\"isPartOf\":{\"@id\":\"https:\/\/vapingnet.de\/#website\"},\"primaryImageOfPage\":{\"@id\":\"https:\/\/vapingnet.de\/vape\/der-geschmack-des-sommers-waspe-15000-puffs-orange-soda-bestellen-sparen\/#primaryimage\"},\"image\":{\"@id\":\"https:\/\/vapingnet.de\/vape\/der-geschmack-des-sommers-waspe-15000-puffs-orange-soda-bestellen-sparen\/#primaryimage\"},\"thumbnailUrl\":\"https:\/\/vapingnet.de\/wp-content\/uploads\/2025\/05\/Orange-Soda.webp\",\"datePublished\":\"2025-05-05T02:36:03+00:00\",\"dateModified\":\"2026-04-15T08:42:10+00:00\",\"description\":\"Entdecke Der Geschmack Des Sommers WASPE 15000 Puffs Orange Soda Bestellen & Sparen bei vapingnet.de, \u25ba Gro\u00dfe Auswahl an Geschmacksrichtungen & super g\u00fcnstig!\",\"breadcrumb\":{\"@id\":\"https:\/\/vapingnet.de\/vape\/der-geschmack-des-sommers-waspe-15000-puffs-orange-soda-bestellen-sparen\/#breadcrumb\"},\"inLanguage\":\"lt-LT\",\"potentialAction\":[{\"@type\":\"ReadAction\",\"target\":[\"https:\/\/vapingnet.de\/vape\/der-geschmack-des-sommers-waspe-15000-puffs-orange-soda-bestellen-sparen\/\"]}]},{\"@type\":\"ImageObject\",\"inLanguage\":\"lt-LT\",\"@id\":\"https:\/\/vapingnet.de\/vape\/der-geschmack-des-sommers-waspe-15000-puffs-orange-soda-bestellen-sparen\/#primaryimage\",\"url\":\"https:\/\/vapingnet.de\/wp-content\/uploads\/2025\/05\/Orange-Soda.webp\",\"contentUrl\":\"https:\/\/vapingnet.de\/wp-content\/uploads\/2025\/05\/Orange-Soda.webp\",\"width\":1000,\"height\":1000},{\"@type\":\"BreadcrumbList\",\"@id\":\"https:\/\/vapingnet.de\/vape\/der-geschmack-des-sommers-waspe-15000-puffs-orange-soda-bestellen-sparen\/#breadcrumb\",\"itemListElement\":[{\"@type\":\"ListItem\",\"position\":1,\"name\":\"Home\",\"item\":\"https:\/\/vapingnet.de\/\"},{\"@type\":\"ListItem\",\"position\":2,\"name\":\"Shop\",\"item\":\"https:\/\/vapingnet.de\/vape\/\"},{\"@type\":\"ListItem\",\"position\":3,\"name\":\"Der Geschmack Des Sommers WASPE 15000 Puffs Orange Soda Bestellen &#038; Sparen\"}]},{\"@type\":\"WebSite\",\"@id\":\"https:\/\/vapingnet.de\/#website\",\"url\":\"https:\/\/vapingnet.de\/\",\"name\":\"Vapingnet.de\",\"description\":\"\",\"publisher\":{\"@id\":\"https:\/\/vapingnet.de\/#organization\"},\"potentialAction\":[{\"@type\":\"SearchAction\",\"target\":{\"@type\":\"EntryPoint\",\"urlTemplate\":\"https:\/\/vapingnet.de\/?s={search_term_string}\"},\"query-input\":{\"@type\":\"PropertyValueSpecification\",\"valueRequired\":true,\"valueName\":\"search_term_string\"}}],\"inLanguage\":\"lt-LT\"},{\"@type\":\"Organization\",\"@id\":\"https:\/\/vapingnet.de\/#organization\",\"name\":\"Vapingnet.de\",\"url\":\"https:\/\/vapingnet.de\/\",\"logo\":{\"@type\":\"ImageObject\",\"inLanguage\":\"lt-LT\",\"@id\":\"https:\/\/vapingnet.de\/#\/schema\/logo\/image\/\",\"url\":\"https:\/\/vapingnet.de\/wp-content\/uploads\/2025\/03\/cropped-vapingnet.de_.jpg\",\"contentUrl\":\"https:\/\/vapingnet.de\/wp-content\/uploads\/2025\/03\/cropped-vapingnet.de_.jpg\",\"width\":512,\"height\":512,\"caption\":\"Vapingnet.de\"},\"image\":{\"@id\":\"https:\/\/vapingnet.de\/#\/schema\/logo\/image\/\"},\"sameAs\":[\"https:\/\/www.facebook.com\/vapingnetde\/\"]}]}<\/script>\n<!-- \/ Yoast SEO plugin. -->","yoast_head_json":{"title":"Der Geschmack Des Sommers WASPE 15000 Puffs Orange Soda Bestellen & Sparen | Vapingnet.de","description":"Entdecke Der Geschmack Des Sommers WASPE 15000 Puffs Orange Soda Bestellen & Sparen bei vapingnet.de, \u25ba Gro\u00dfe Auswahl an Geschmacksrichtungen & super g\u00fcnstig!","robots":{"index":"index","follow":"follow","max-snippet":"max-snippet:-1","max-image-preview":"max-image-preview:large","max-video-preview":"max-video-preview:-1"},"canonical":"https:\/\/vapingnet.de\/lt\/vape\/der-geschmack-des-sommers-waspe-15000-puffs-orange-soda-bestellen-sparen\/","og_locale":"lt_LT","og_type":"article","og_title":"Der Geschmack Des Sommers WASPE 15000 Puffs Orange Soda Bestellen & Sparen | Vapingnet.de","og_description":"Entdecke Der Geschmack Des Sommers WASPE 15000 Puffs Orange Soda Bestellen & Sparen bei vapingnet.de, \u25ba Gro\u00dfe Auswahl an Geschmacksrichtungen & super g\u00fcnstig!","og_url":"https:\/\/vapingnet.de\/lt\/vape\/der-geschmack-des-sommers-waspe-15000-puffs-orange-soda-bestellen-sparen\/","og_site_name":"Vapingnet.de","article_publisher":"https:\/\/www.facebook.com\/vapingnetde\/","article_modified_time":"2026-04-15T08:42:10+00:00","og_image":[{"width":1000,"height":1000,"url":"https:\/\/vapingnet.de\/wp-content\/uploads\/2025\/05\/Orange-Soda.webp","type":"image\/webp"}],"twitter_card":"summary_large_image","twitter_misc":{"Est. reading time":"4 minutes"},"schema":{"@context":"https:\/\/schema.org","@graph":[{"@type":"WebPage","@id":"https:\/\/vapingnet.de\/vape\/der-geschmack-des-sommers-waspe-15000-puffs-orange-soda-bestellen-sparen\/","url":"https:\/\/vapingnet.de\/vape\/der-geschmack-des-sommers-waspe-15000-puffs-orange-soda-bestellen-sparen\/","name":"Der Geschmack Des Sommers WASPE 15000 Puffs Orange Soda Bestellen & Sparen | Vapingnet.de","isPartOf":{"@id":"https:\/\/vapingnet.de\/#website"},"primaryImageOfPage":{"@id":"https:\/\/vapingnet.de\/vape\/der-geschmack-des-sommers-waspe-15000-puffs-orange-soda-bestellen-sparen\/#primaryimage"},"image":{"@id":"https:\/\/vapingnet.de\/vape\/der-geschmack-des-sommers-waspe-15000-puffs-orange-soda-bestellen-sparen\/#primaryimage"},"thumbnailUrl":"https:\/\/vapingnet.de\/wp-content\/uploads\/2025\/05\/Orange-Soda.webp","datePublished":"2025-05-05T02:36:03+00:00","dateModified":"2026-04-15T08:42:10+00:00","description":"Entdecke Der Geschmack Des Sommers WASPE 15000 Puffs Orange Soda Bestellen & Sparen bei vapingnet.de, \u25ba Gro\u00dfe Auswahl an Geschmacksrichtungen & super g\u00fcnstig!","breadcrumb":{"@id":"https:\/\/vapingnet.de\/vape\/der-geschmack-des-sommers-waspe-15000-puffs-orange-soda-bestellen-sparen\/#breadcrumb"},"inLanguage":"lt-LT","potentialAction":[{"@type":"ReadAction","target":["https:\/\/vapingnet.de\/vape\/der-geschmack-des-sommers-waspe-15000-puffs-orange-soda-bestellen-sparen\/"]}]},{"@type":"ImageObject","inLanguage":"lt-LT","@id":"https:\/\/vapingnet.de\/vape\/der-geschmack-des-sommers-waspe-15000-puffs-orange-soda-bestellen-sparen\/#primaryimage","url":"https:\/\/vapingnet.de\/wp-content\/uploads\/2025\/05\/Orange-Soda.webp","contentUrl":"https:\/\/vapingnet.de\/wp-content\/uploads\/2025\/05\/Orange-Soda.webp","width":1000,"height":1000},{"@type":"BreadcrumbList","@id":"https:\/\/vapingnet.de\/vape\/der-geschmack-des-sommers-waspe-15000-puffs-orange-soda-bestellen-sparen\/#breadcrumb","itemListElement":[{"@type":"ListItem","position":1,"name":"Home","item":"https:\/\/vapingnet.de\/"},{"@type":"ListItem","position":2,"name":"Shop","item":"https:\/\/vapingnet.de\/vape\/"},{"@type":"ListItem","position":3,"name":"Der Geschmack Des Sommers WASPE 15000 Puffs Orange Soda Bestellen &#038; Sparen"}]},{"@type":"WebSite","@id":"https:\/\/vapingnet.de\/#website","url":"https:\/\/vapingnet.de\/","name":"Vapingnet.de","description":"","publisher":{"@id":"https:\/\/vapingnet.de\/#organization"},"potentialAction":[{"@type":"SearchAction","target":{"@type":"EntryPoint","urlTemplate":"https:\/\/vapingnet.de\/?s={search_term_string}"},"query-input":{"@type":"PropertyValueSpecification","valueRequired":true,"valueName":"search_term_string"}}],"inLanguage":"lt-LT"},{"@type":"Organization","@id":"https:\/\/vapingnet.de\/#organization","name":"Vapingnet.de","url":"https:\/\/vapingnet.de\/","logo":{"@type":"ImageObject","inLanguage":"lt-LT","@id":"https:\/\/vapingnet.de\/#\/schema\/logo\/image\/","url":"https:\/\/vapingnet.de\/wp-content\/uploads\/2025\/03\/cropped-vapingnet.de_.jpg","contentUrl":"https:\/\/vapingnet.de\/wp-content\/uploads\/2025\/03\/cropped-vapingnet.de_.jpg","width":512,"height":512,"caption":"Vapingnet.de"},"image":{"@id":"https:\/\/vapingnet.de\/#\/schema\/logo\/image\/"},"sameAs":["https:\/\/www.facebook.com\/vapingnetde\/"]}]}},"tiered_pricing_type":"fixed","tiered_pricing_fixed_rules":[],"tiered_pricing_product_settings":{"layout":"default","base_unit_name":{"singular":null,"plural":null},"default_variation":null},"tiered_pricing_minimum_quantity":null,"tiered_pricing_roles_data":[],"tiered_pricing_percentage_rules":[],"_links":{"self":[{"href":"https:\/\/vapingnet.de\/lt\/wp-json\/wp\/v2\/product\/6726","targetHints":{"allow":["GET"]}}],"collection":[{"href":"https:\/\/vapingnet.de\/lt\/wp-json\/wp\/v2\/product"}],"about":[{"href":"https:\/\/vapingnet.de\/lt\/wp-json\/wp\/v2\/types\/product"}],"version-history":[{"count":2,"href":"https:\/\/vapingnet.de\/lt\/wp-json\/wp\/v2\/product\/6726\/revisions"}],"predecessor-version":[{"id":6887,"href":"https:\/\/vapingnet.de\/lt\/wp-json\/wp\/v2\/product\/6726\/revisions\/6887"}],"wp:featuredmedia":[{"embeddable":true,"href":"https:\/\/vapingnet.de\/lt\/wp-json\/wp\/v2\/media\/6737"}],"wp:attachment":[{"href":"https:\/\/vapingnet.de\/lt\/wp-json\/wp\/v2\/media?parent=6726"}],"wp:term":[{"taxonomy":"brand","embeddable":true,"href":"https:\/\/vapingnet.de\/lt\/wp-json\/wp\/v2\/etheme_brands?post=6726"},{"taxonomy":"product_brand","embeddable":true,"href":"https:\/\/vapingnet.de\/lt\/wp-json\/wp\/v2\/product_brand?post=6726"},{"taxonomy":"product_cat","embeddable":true,"href":"https:\/\/vapingnet.de\/lt\/wp-json\/wp\/v2\/product_cat?post=6726"},{"taxonomy":"product_tag","embeddable":true,"href":"https:\/\/vapingnet.de\/lt\/wp-json\/wp\/v2\/product_tag?post=6726"}],"curies":[{"name":"wp","href":"https:\/\/api.w.org\/{rel}","templated":true}]}}