{"id":6728,"date":"2025-05-05T02:36:07","date_gmt":"2025-05-05T02:36:07","guid":{"rendered":"https:\/\/vapingnet.de\/?post_type=product&#038;p=6728"},"modified":"2026-04-15T08:18:47","modified_gmt":"2026-04-15T08:18:47","slug":"waspe-15000-puffs-strawberry-kiwi-hol-dir-den-bestseller-jetzt-zu-sparpreisen","status":"publish","type":"product","link":"https:\/\/vapingnet.de\/lt\/vape\/waspe-15000-puffs-strawberry-kiwi-hol-dir-den-bestseller-jetzt-zu-sparpreisen\/","title":{"rendered":"WASPE 15000 Puffs Bra\u0161k\u0117 Kivi \u2013 gaukite geriausi\u0105 pardav\u0117j\u0105 dabar u\u017e sutaupytas kainas"},"content":{"rendered":"<h2 data-start=\"0\" data-end=\"62\" data-immersive-translate-walked=\"7d506604-c5bf-4417-87dd-12aa5d39430d\">WASPE 15000 Puffs: Revoliucinis potyris r\u016bkyti m\u0117gstantiems<\/h2>\n<p class=\"\" data-start=\"64\" data-end=\"429\" data-immersive-translate-walked=\"7d506604-c5bf-4417-87dd-12aa5d39430d\" data-immersive-translate-paragraph=\"1\">D\u016bmavimo pasaulis tobul\u0117jo, o WASPE 15000 Puffs vienkartin\u0117 elektronin\u0117 cigaret\u0117 nustato naujus standartus visiems r\u016bkyti m\u0117gstantiems, ie\u0161kantiems ilgos ir intensyvios d\u016bmavimo patirties. Su daugybe \u012fsp\u016bding\u0173 savybi\u0173 ir inovatyviomis technologijomis \u0161i modelis si\u016blo visk\u0105, ko galima tik\u0117tis i\u0161 auk\u0161\u010diausios kokyb\u0117s elektronin\u0117s cigaret\u0117s.<\/p>\n<h4 data-start=\"431\" data-end=\"471\" data-immersive-translate-walked=\"7d506604-c5bf-4417-87dd-12aa5d39430d\">Ilga tarnavimo trukm\u0117 ir didelis talpumas<\/h4>\n<p class=\"\" data-start=\"473\" data-end=\"889\" data-immersive-translate-walked=\"7d506604-c5bf-4417-87dd-12aa5d39430d\" data-immersive-translate-paragraph=\"1\">I\u0161skirtin\u0117 WASPE 15000 Puffs ypatyb\u0117 yra \u012fsp\u016bdinga 15 000 \u012fkv\u0117pim\u0173 talpa. Tai rei\u0161kia, kad \u0161i vienkartin\u0117 elektronin\u0117 cigaret\u0117 tinka ilgesn\u0117ms d\u016bmavimo sesijoms ir jums nereik\u0117s nuolat ie\u0161koti naujos elektronin\u0117s cigaret\u0117s. Su 22 ml elektroninio skys\u010dio rezervuaru galite ilg\u0105 laik\u0105 m\u0117gautis savo m\u0117gstamais skoniais be da\u017en\u0173 papildym\u0173.<\/p>\n<h4 data-start=\"891\" data-end=\"940\" data-immersive-translate-walked=\"7d506604-c5bf-4417-87dd-12aa5d39430d\">\u012evairios nikotino galimyb\u0117s kiekvienam r\u016bkyti m\u0117gstantiems<\/h4>\n<p class=\"\" data-start=\"942\" data-end=\"1248\" data-immersive-translate-walked=\"7d506604-c5bf-4417-87dd-12aa5d39430d\" data-immersive-translate-paragraph=\"1\">Tiems, kurie pageidauja skirting\u0173 nikotino stiprum\u0173, WASPE 15000 Puffs si\u016blo pasirinkim\u0105 i\u0161 0%, 2%, 3% ir 5%. Tai leid\u017eia jums pasirinkti stiprum\u0105 pagal savo pageidavimus ir poreikius \u2013 ar norite \u0161velnesn\u0117s patirties, ar stipresn\u0117s nikotino doz\u0117s.<\/p>\n<h4 data-start=\"1250\" data-end=\"1292\" data-immersive-translate-walked=\"7d506604-c5bf-4417-87dd-12aa5d39430d\">LCD ekranas realaus laiko informacijos rodymui<\/h4>\n<p class=\"\" data-start=\"1294\" data-end=\"1627\" data-immersive-translate-walked=\"7d506604-c5bf-4417-87dd-12aa5d39430d\" data-immersive-translate-paragraph=\"1\">\u012emontuotas LCD ekranas yra dar viena patogi WASPE 15000 Puffs funkcija. Jis rodo svarbi\u0105 realaus laiko informacij\u0105, pvz., \u012fkrovimo b\u016bsen\u0105 ir likus\u012f skys\u010dio kiek\u012f, kad bet kada \u017einotum\u0117te, kur esate. Tai u\u017etikrina apgalvot\u0105 ir patogi\u0105 r\u016bkyti patirt\u012f.<\/p>\n<h4 data-start=\"1629\" data-end=\"1674\" data-immersive-translate-walked=\"7d506604-c5bf-4417-87dd-12aa5d39430d\">Ilgaam\u017e\u0117 baterija su greito \u012fkrovimo galimybe<\/h4>\n<p class=\"\" data-start=\"1676\" data-end=\"2046\" data-immersive-translate-walked=\"7d506604-c5bf-4417-87dd-12aa5d39430d\" data-immersive-translate-paragraph=\"1\">WASPE 15000 Puffs vienkartin\u0117 elektronin\u0117 cigaret\u0117 apr\u016bpinta 850mAh baterija, skirta ilgalaikiam naudojimui. Baterij\u0105 galima lengvai \u012fkrauti per patog\u0173 Type-C jungt\u012f, tod\u0117l niekada nereik\u0117s jaudintis d\u0117l staiga i\u0161sikraunan\u010dios baterijos. Type-C \u012fkrovimo greitis u\u017etikrina, kad j\u016bs\u0173 \u012frenginys greitai v\u0117l b\u016bt\u0173 paruo\u0161tas naudoti.<\/p>\n<h4 data-start=\"2048\" data-end=\"2098\" data-immersive-translate-walked=\"7d506604-c5bf-4417-87dd-12aa5d39430d\">Tinkliniu vieliniu ritiniu technologija intensyviam skoniui<\/h4>\n<p class=\"\" data-start=\"2100\" data-end=\"2369\" data-immersive-translate-walked=\"7d506604-c5bf-4417-87dd-12aa5d39430d\" data-immersive-translate-paragraph=\"1\">Ypatingai intensyvi\u0105 skonio patirt\u012f u\u017etikrina 0,8\u03a9 tinklinio ritinio technologija, naudojama WASPE 15000 Puffs. \u0160i technologija leid\u017eia geriau formuoti garus ir intensyviau i\u0161skirti skon\u012f, tod\u0117l r\u016bkyti dar maloniau.<\/p>\n<h4 data-start=\"2371\" data-end=\"2397\" data-immersive-translate-walked=\"7d506604-c5bf-4417-87dd-12aa5d39430d\">Lengva ir patogi<\/h4>\n<p class=\"\" data-start=\"2399\" data-end=\"2651\" data-immersive-translate-walked=\"7d506604-c5bf-4417-87dd-12aa5d39430d\" data-immersive-translate-paragraph=\"1\">Svoris tik 90 g vienetui, WASPE 15000 Puffs yra nepaprastai lengva ir patogi. Nesvarbu, ar esate kelyje, ar ilsit\u0117s namuose \u2013 kompakti\u0161kas dizainas leid\u017eia m\u0117gautis r\u016bkyti bet kur ir bet kada.<\/p>\n<h4 data-start=\"2653\" data-end=\"2697\" data-immersive-translate-walked=\"7d506604-c5bf-4417-87dd-12aa5d39430d\">Bra\u0161k\u0117 Kivi \u2013 tobulas skonis<\/h4>\n<p class=\"\" data-start=\"2699\" data-end=\"3015\" data-immersive-translate-walked=\"7d506604-c5bf-4417-87dd-12aa5d39430d\" data-immersive-translate-paragraph=\"1\">WASPE 15000 Puffs vienkartin\u0117 elektronin\u0117 cigaret\u0117 si\u016bloma \u012fvairiais skoniais, ta\u010diau ypa\u010d i\u0161siskiria \u201eBra\u0161k\u0117 Kivi\u201c skonis. Saldus ir \u0161vie\u017eias bra\u0161ki\u0173 skonis, derinamas su egzoti\u0161ka kivi nata, sukuria gaiv\u0173 ir sald\u0173 potyr\u012f kiekvienu \u012fkv\u0117pimu.<\/p>\n<h3 data-start=\"3017\" data-end=\"3051\" data-immersive-translate-walked=\"7d506604-c5bf-4417-87dd-12aa5d39430d\">WASPE 15000 Puffs privalumai<\/h3>\n<p class=\"\" data-start=\"3053\" data-end=\"3350\" data-immersive-translate-walked=\"7d506604-c5bf-4417-87dd-12aa5d39430d\" data-immersive-translate-paragraph=\"1\">Be didel\u0117s talpos ir patogi\u0173 funkcij\u0173, WASPE 15000 Puffs turi dar vien\u0105 didel\u012f prana\u0161um\u0105: muitin\u0117s mokes\u010di\u0173 atlaisvinim\u0105. Tai rei\u0161kia, kad \u0161i\u0105 elektronin\u0119 cigaret\u0119 galite \u012fsigyti be papildom\u0173 muit\u0173 mokes\u010di\u0173 Europoje, tod\u0117l r\u016bkyti tampa dar prieinamesn\u0117.<\/p>\n<p class=\"\" data-start=\"3352\" data-end=\"3766\" data-immersive-translate-walked=\"7d506604-c5bf-4417-87dd-12aa5d39430d\" data-immersive-translate-paragraph=\"1\">WASPE 15000 Puffs n\u0117ra tik dar viena vienkartin\u0117 prek\u0117, bet tikra inovacija elektronini\u0173 cigare\u010di\u0173 pasaulyje. Ji sujungia patogum\u0105, technologijas ir malonum\u0105 viename \u012frenginyje, leid\u017eian\u010diame tiek pradedantiesiems, tiek patyrusiems r\u016bkyti m\u0117g\u0117jams patirti tobul\u0105 r\u016bkyti patirt\u012f. Apsilankykite vapingnet.de, kad su\u017einotum\u0117te daugiau apie \u0161\u012f \u012fsp\u016bding\u0105 produkt\u0105 ir patogiai j\u012f u\u017esisakytum\u0117te \u012f namus.<\/p>","protected":false},"excerpt":{"rendered":"<p>WASPE 15000 d\u016bm\u0173: revoliucinis patyrimas garintojams Pasaulis, kuriame garinimas vystosi, ir WASPE 15000 d\u016bm\u0173 vienkartin\u0117 elektronin\u0117 cigaret\u0117 nustato naujus standartus...<\/p>","protected":false},"featured_media":6739,"template":"","meta":[],"etheme_brands":[],"product_brand":[98],"product_cat":[53,49,61],"product_tag":[],"class_list":{"0":"post-6728","1":"product","2":"type-product","3":"status-publish","4":"has-post-thumbnail","6":"product_brand-waspe-vape","7":"product_cat-vape-15000-zuege","8":"product_cat-einweg-e-zigarette","9":"product_cat-f","11":"first","12":"instock","13":"shipping-taxable","14":"purchasable","15":"product-type-variable"},"yoast_head":"<!-- This site is optimized with the Yoast SEO plugin v26.5 - https:\/\/yoast.com\/wordpress\/plugins\/seo\/ -->\n<title>WASPE 15000 Puffs Strawberry Kiwi Hol Dir Den Bestseller Jetzt Zu Sparpreisen | Vapingnet.de<\/title>\n<meta name=\"description\" content=\"Entdecke WASPE 15000 Puffs Strawberry Kiwi Hol Dir Den Bestseller Jetzt Zu Sparpreisen bei vapingnet.de, \u25ba Gro\u00dfe Auswahl an Geschmacksrichtungen &amp; super g\u00fcnstig!\" \/>\n<meta name=\"robots\" content=\"index, follow, max-snippet:-1, max-image-preview:large, max-video-preview:-1\" \/>\n<link rel=\"canonical\" href=\"https:\/\/vapingnet.de\/lt\/vape\/waspe-15000-puffs-strawberry-kiwi-hol-dir-den-bestseller-jetzt-zu-sparpreisen\/\" \/>\n<meta property=\"og:locale\" content=\"lt_LT\" \/>\n<meta property=\"og:type\" content=\"article\" \/>\n<meta property=\"og:title\" content=\"WASPE 15000 Puffs Strawberry Kiwi Hol Dir Den Bestseller Jetzt Zu Sparpreisen | Vapingnet.de\" \/>\n<meta property=\"og:description\" content=\"Entdecke WASPE 15000 Puffs Strawberry Kiwi Hol Dir Den Bestseller Jetzt Zu Sparpreisen bei vapingnet.de, \u25ba Gro\u00dfe Auswahl an Geschmacksrichtungen &amp; super g\u00fcnstig!\" \/>\n<meta property=\"og:url\" content=\"https:\/\/vapingnet.de\/lt\/vape\/waspe-15000-puffs-strawberry-kiwi-hol-dir-den-bestseller-jetzt-zu-sparpreisen\/\" \/>\n<meta property=\"og:site_name\" content=\"Vapingnet.de\" \/>\n<meta property=\"article:publisher\" content=\"https:\/\/www.facebook.com\/vapingnetde\/\" \/>\n<meta property=\"article:modified_time\" content=\"2026-04-15T08:18:47+00:00\" \/>\n<meta property=\"og:image\" content=\"https:\/\/vapingnet.de\/wp-content\/uploads\/2025\/05\/Strawberry-Kiwi.webp\" \/>\n\t<meta property=\"og:image:width\" content=\"1000\" \/>\n\t<meta property=\"og:image:height\" content=\"1000\" \/>\n\t<meta property=\"og:image:type\" content=\"image\/webp\" \/>\n<meta name=\"twitter:card\" content=\"summary_large_image\" \/>\n<meta name=\"twitter:label1\" content=\"Est. reading time\" \/>\n\t<meta name=\"twitter:data1\" content=\"4 minutes\" \/>\n<script type=\"application\/ld+json\" class=\"yoast-schema-graph\">{\"@context\":\"https:\/\/schema.org\",\"@graph\":[{\"@type\":\"WebPage\",\"@id\":\"https:\/\/vapingnet.de\/vape\/waspe-15000-puffs-strawberry-kiwi-hol-dir-den-bestseller-jetzt-zu-sparpreisen\/\",\"url\":\"https:\/\/vapingnet.de\/vape\/waspe-15000-puffs-strawberry-kiwi-hol-dir-den-bestseller-jetzt-zu-sparpreisen\/\",\"name\":\"WASPE 15000 Puffs Strawberry Kiwi Hol Dir Den Bestseller Jetzt Zu Sparpreisen | Vapingnet.de\",\"isPartOf\":{\"@id\":\"https:\/\/vapingnet.de\/#website\"},\"primaryImageOfPage\":{\"@id\":\"https:\/\/vapingnet.de\/vape\/waspe-15000-puffs-strawberry-kiwi-hol-dir-den-bestseller-jetzt-zu-sparpreisen\/#primaryimage\"},\"image\":{\"@id\":\"https:\/\/vapingnet.de\/vape\/waspe-15000-puffs-strawberry-kiwi-hol-dir-den-bestseller-jetzt-zu-sparpreisen\/#primaryimage\"},\"thumbnailUrl\":\"https:\/\/vapingnet.de\/wp-content\/uploads\/2025\/05\/Strawberry-Kiwi.webp\",\"datePublished\":\"2025-05-05T02:36:07+00:00\",\"dateModified\":\"2026-04-15T08:18:47+00:00\",\"description\":\"Entdecke WASPE 15000 Puffs Strawberry Kiwi Hol Dir Den Bestseller Jetzt Zu Sparpreisen bei vapingnet.de, \u25ba Gro\u00dfe Auswahl an Geschmacksrichtungen & super g\u00fcnstig!\",\"breadcrumb\":{\"@id\":\"https:\/\/vapingnet.de\/vape\/waspe-15000-puffs-strawberry-kiwi-hol-dir-den-bestseller-jetzt-zu-sparpreisen\/#breadcrumb\"},\"inLanguage\":\"lt-LT\",\"potentialAction\":[{\"@type\":\"ReadAction\",\"target\":[\"https:\/\/vapingnet.de\/vape\/waspe-15000-puffs-strawberry-kiwi-hol-dir-den-bestseller-jetzt-zu-sparpreisen\/\"]}]},{\"@type\":\"ImageObject\",\"inLanguage\":\"lt-LT\",\"@id\":\"https:\/\/vapingnet.de\/vape\/waspe-15000-puffs-strawberry-kiwi-hol-dir-den-bestseller-jetzt-zu-sparpreisen\/#primaryimage\",\"url\":\"https:\/\/vapingnet.de\/wp-content\/uploads\/2025\/05\/Strawberry-Kiwi.webp\",\"contentUrl\":\"https:\/\/vapingnet.de\/wp-content\/uploads\/2025\/05\/Strawberry-Kiwi.webp\",\"width\":1000,\"height\":1000},{\"@type\":\"BreadcrumbList\",\"@id\":\"https:\/\/vapingnet.de\/vape\/waspe-15000-puffs-strawberry-kiwi-hol-dir-den-bestseller-jetzt-zu-sparpreisen\/#breadcrumb\",\"itemListElement\":[{\"@type\":\"ListItem\",\"position\":1,\"name\":\"Home\",\"item\":\"https:\/\/vapingnet.de\/\"},{\"@type\":\"ListItem\",\"position\":2,\"name\":\"Shop\",\"item\":\"https:\/\/vapingnet.de\/vape\/\"},{\"@type\":\"ListItem\",\"position\":3,\"name\":\"WASPE 15000 Puffs Strawberry Kiwi Hol Dir Den Bestseller Jetzt Zu Sparpreisen\"}]},{\"@type\":\"WebSite\",\"@id\":\"https:\/\/vapingnet.de\/#website\",\"url\":\"https:\/\/vapingnet.de\/\",\"name\":\"Vapingnet.de\",\"description\":\"\",\"publisher\":{\"@id\":\"https:\/\/vapingnet.de\/#organization\"},\"potentialAction\":[{\"@type\":\"SearchAction\",\"target\":{\"@type\":\"EntryPoint\",\"urlTemplate\":\"https:\/\/vapingnet.de\/?s={search_term_string}\"},\"query-input\":{\"@type\":\"PropertyValueSpecification\",\"valueRequired\":true,\"valueName\":\"search_term_string\"}}],\"inLanguage\":\"lt-LT\"},{\"@type\":\"Organization\",\"@id\":\"https:\/\/vapingnet.de\/#organization\",\"name\":\"Vapingnet.de\",\"url\":\"https:\/\/vapingnet.de\/\",\"logo\":{\"@type\":\"ImageObject\",\"inLanguage\":\"lt-LT\",\"@id\":\"https:\/\/vapingnet.de\/#\/schema\/logo\/image\/\",\"url\":\"https:\/\/vapingnet.de\/wp-content\/uploads\/2025\/03\/cropped-vapingnet.de_.jpg\",\"contentUrl\":\"https:\/\/vapingnet.de\/wp-content\/uploads\/2025\/03\/cropped-vapingnet.de_.jpg\",\"width\":512,\"height\":512,\"caption\":\"Vapingnet.de\"},\"image\":{\"@id\":\"https:\/\/vapingnet.de\/#\/schema\/logo\/image\/\"},\"sameAs\":[\"https:\/\/www.facebook.com\/vapingnetde\/\"]}]}<\/script>\n<!-- \/ Yoast SEO plugin. -->","yoast_head_json":{"title":"WASPE 15000 Puffs Strawberry Kiwi Hol Dir Den Bestseller Jetzt Zu Sparpreisen | Vapingnet.de","description":"Entdecke WASPE 15000 Puffs Strawberry Kiwi Hol Dir Den Bestseller Jetzt Zu Sparpreisen bei vapingnet.de, \u25ba Gro\u00dfe Auswahl an Geschmacksrichtungen & super g\u00fcnstig!","robots":{"index":"index","follow":"follow","max-snippet":"max-snippet:-1","max-image-preview":"max-image-preview:large","max-video-preview":"max-video-preview:-1"},"canonical":"https:\/\/vapingnet.de\/lt\/vape\/waspe-15000-puffs-strawberry-kiwi-hol-dir-den-bestseller-jetzt-zu-sparpreisen\/","og_locale":"lt_LT","og_type":"article","og_title":"WASPE 15000 Puffs Strawberry Kiwi Hol Dir Den Bestseller Jetzt Zu Sparpreisen | Vapingnet.de","og_description":"Entdecke WASPE 15000 Puffs Strawberry Kiwi Hol Dir Den Bestseller Jetzt Zu Sparpreisen bei vapingnet.de, \u25ba Gro\u00dfe Auswahl an Geschmacksrichtungen & super g\u00fcnstig!","og_url":"https:\/\/vapingnet.de\/lt\/vape\/waspe-15000-puffs-strawberry-kiwi-hol-dir-den-bestseller-jetzt-zu-sparpreisen\/","og_site_name":"Vapingnet.de","article_publisher":"https:\/\/www.facebook.com\/vapingnetde\/","article_modified_time":"2026-04-15T08:18:47+00:00","og_image":[{"width":1000,"height":1000,"url":"https:\/\/vapingnet.de\/wp-content\/uploads\/2025\/05\/Strawberry-Kiwi.webp","type":"image\/webp"}],"twitter_card":"summary_large_image","twitter_misc":{"Est. reading time":"4 minutes"},"schema":{"@context":"https:\/\/schema.org","@graph":[{"@type":"WebPage","@id":"https:\/\/vapingnet.de\/vape\/waspe-15000-puffs-strawberry-kiwi-hol-dir-den-bestseller-jetzt-zu-sparpreisen\/","url":"https:\/\/vapingnet.de\/vape\/waspe-15000-puffs-strawberry-kiwi-hol-dir-den-bestseller-jetzt-zu-sparpreisen\/","name":"WASPE 15000 Puffs Strawberry Kiwi Hol Dir Den Bestseller Jetzt Zu Sparpreisen | Vapingnet.de","isPartOf":{"@id":"https:\/\/vapingnet.de\/#website"},"primaryImageOfPage":{"@id":"https:\/\/vapingnet.de\/vape\/waspe-15000-puffs-strawberry-kiwi-hol-dir-den-bestseller-jetzt-zu-sparpreisen\/#primaryimage"},"image":{"@id":"https:\/\/vapingnet.de\/vape\/waspe-15000-puffs-strawberry-kiwi-hol-dir-den-bestseller-jetzt-zu-sparpreisen\/#primaryimage"},"thumbnailUrl":"https:\/\/vapingnet.de\/wp-content\/uploads\/2025\/05\/Strawberry-Kiwi.webp","datePublished":"2025-05-05T02:36:07+00:00","dateModified":"2026-04-15T08:18:47+00:00","description":"Entdecke WASPE 15000 Puffs Strawberry Kiwi Hol Dir Den Bestseller Jetzt Zu Sparpreisen bei vapingnet.de, \u25ba Gro\u00dfe Auswahl an Geschmacksrichtungen & super g\u00fcnstig!","breadcrumb":{"@id":"https:\/\/vapingnet.de\/vape\/waspe-15000-puffs-strawberry-kiwi-hol-dir-den-bestseller-jetzt-zu-sparpreisen\/#breadcrumb"},"inLanguage":"lt-LT","potentialAction":[{"@type":"ReadAction","target":["https:\/\/vapingnet.de\/vape\/waspe-15000-puffs-strawberry-kiwi-hol-dir-den-bestseller-jetzt-zu-sparpreisen\/"]}]},{"@type":"ImageObject","inLanguage":"lt-LT","@id":"https:\/\/vapingnet.de\/vape\/waspe-15000-puffs-strawberry-kiwi-hol-dir-den-bestseller-jetzt-zu-sparpreisen\/#primaryimage","url":"https:\/\/vapingnet.de\/wp-content\/uploads\/2025\/05\/Strawberry-Kiwi.webp","contentUrl":"https:\/\/vapingnet.de\/wp-content\/uploads\/2025\/05\/Strawberry-Kiwi.webp","width":1000,"height":1000},{"@type":"BreadcrumbList","@id":"https:\/\/vapingnet.de\/vape\/waspe-15000-puffs-strawberry-kiwi-hol-dir-den-bestseller-jetzt-zu-sparpreisen\/#breadcrumb","itemListElement":[{"@type":"ListItem","position":1,"name":"Home","item":"https:\/\/vapingnet.de\/"},{"@type":"ListItem","position":2,"name":"Shop","item":"https:\/\/vapingnet.de\/vape\/"},{"@type":"ListItem","position":3,"name":"WASPE 15000 Puffs Strawberry Kiwi Hol Dir Den Bestseller Jetzt Zu Sparpreisen"}]},{"@type":"WebSite","@id":"https:\/\/vapingnet.de\/#website","url":"https:\/\/vapingnet.de\/","name":"Vapingnet.de","description":"","publisher":{"@id":"https:\/\/vapingnet.de\/#organization"},"potentialAction":[{"@type":"SearchAction","target":{"@type":"EntryPoint","urlTemplate":"https:\/\/vapingnet.de\/?s={search_term_string}"},"query-input":{"@type":"PropertyValueSpecification","valueRequired":true,"valueName":"search_term_string"}}],"inLanguage":"lt-LT"},{"@type":"Organization","@id":"https:\/\/vapingnet.de\/#organization","name":"Vapingnet.de","url":"https:\/\/vapingnet.de\/","logo":{"@type":"ImageObject","inLanguage":"lt-LT","@id":"https:\/\/vapingnet.de\/#\/schema\/logo\/image\/","url":"https:\/\/vapingnet.de\/wp-content\/uploads\/2025\/03\/cropped-vapingnet.de_.jpg","contentUrl":"https:\/\/vapingnet.de\/wp-content\/uploads\/2025\/03\/cropped-vapingnet.de_.jpg","width":512,"height":512,"caption":"Vapingnet.de"},"image":{"@id":"https:\/\/vapingnet.de\/#\/schema\/logo\/image\/"},"sameAs":["https:\/\/www.facebook.com\/vapingnetde\/"]}]}},"tiered_pricing_type":"fixed","tiered_pricing_fixed_rules":[],"tiered_pricing_product_settings":{"layout":"default","base_unit_name":{"singular":null,"plural":null},"default_variation":null},"tiered_pricing_minimum_quantity":null,"tiered_pricing_roles_data":[],"tiered_pricing_percentage_rules":[],"_links":{"self":[{"href":"https:\/\/vapingnet.de\/lt\/wp-json\/wp\/v2\/product\/6728","targetHints":{"allow":["GET"]}}],"collection":[{"href":"https:\/\/vapingnet.de\/lt\/wp-json\/wp\/v2\/product"}],"about":[{"href":"https:\/\/vapingnet.de\/lt\/wp-json\/wp\/v2\/types\/product"}],"version-history":[{"count":2,"href":"https:\/\/vapingnet.de\/lt\/wp-json\/wp\/v2\/product\/6728\/revisions"}],"predecessor-version":[{"id":6750,"href":"https:\/\/vapingnet.de\/lt\/wp-json\/wp\/v2\/product\/6728\/revisions\/6750"}],"wp:featuredmedia":[{"embeddable":true,"href":"https:\/\/vapingnet.de\/lt\/wp-json\/wp\/v2\/media\/6739"}],"wp:attachment":[{"href":"https:\/\/vapingnet.de\/lt\/wp-json\/wp\/v2\/media?parent=6728"}],"wp:term":[{"taxonomy":"brand","embeddable":true,"href":"https:\/\/vapingnet.de\/lt\/wp-json\/wp\/v2\/etheme_brands?post=6728"},{"taxonomy":"product_brand","embeddable":true,"href":"https:\/\/vapingnet.de\/lt\/wp-json\/wp\/v2\/product_brand?post=6728"},{"taxonomy":"product_cat","embeddable":true,"href":"https:\/\/vapingnet.de\/lt\/wp-json\/wp\/v2\/product_cat?post=6728"},{"taxonomy":"product_tag","embeddable":true,"href":"https:\/\/vapingnet.de\/lt\/wp-json\/wp\/v2\/product_tag?post=6728"}],"curies":[{"name":"wp","href":"https:\/\/api.w.org\/{rel}","templated":true}]}}