{"id":6755,"date":"2025-05-05T03:25:41","date_gmt":"2025-05-05T03:25:41","guid":{"rendered":"https:\/\/vapingnet.de\/?post_type=product&#038;p=6755"},"modified":"2026-04-15T07:43:13","modified_gmt":"2026-04-15T07:43:13","slug":"geniessen-sie-blueberry-ice-mit-waspe-15000-puffs-der-beste-geschmack-zum-grosshandelspreis","status":"publish","type":"product","link":"https:\/\/vapingnet.de\/lt\/vape\/geniessen-sie-blueberry-ice-mit-waspe-15000-puffs-der-beste-geschmack-zum-grosshandelspreis\/","title":{"rendered":"M\u0117gaukit\u0117s Blueberry Ice su WASPE 15000 Puffs \u2013 geriausias skonis u\u017e didmenin\u0117s kainos"},"content":{"rendered":"<h2 data-start=\"0\" data-end=\"87\" data-immersive-translate-walked=\"1abb7cdd-1af5-416c-8309-7f72f9cfffb9\">WASPE 15000 Puffs \u2013 Galinga elektronin\u0117 cigaret\u0117 reikliam r\u016bkytojui<\/h2>\n<p class=\"\" data-start=\"89\" data-end=\"489\" data-immersive-translate-walked=\"1abb7cdd-1af5-416c-8309-7f72f9cfffb9\" data-immersive-translate-paragraph=\"1\">WASPE 15000 Puffs yra naujausia inovacija vienkartini\u0173 elektronini\u0173 cigare\u010di\u0173 rinkoje, kuri i\u0161siskiria ne tik \u012fsp\u016bdinga p\u016btimo talpa, bet ir pa\u017eangia technologija bei patogumu naudoti. Didelis E-liquido rezervuaras ir moderni tinklelio rit\u0117s technologija u\u017etikrina, kad kiekvienas \u012fkv\u0117pimas suteikt\u0173 unikal\u0173 gar\u0173 patirt\u012f.<\/p>\n<h4 data-start=\"491\" data-end=\"546\" data-immersive-translate-walked=\"1abb7cdd-1af5-416c-8309-7f72f9cfffb9\">Vienkartin\u0117 elektronin\u0117 cigaret\u0117 su i\u0161skirtiniu veikimo nuotoliu<\/h4>\n<p class=\"\" data-start=\"548\" data-end=\"923\" data-immersive-translate-walked=\"1abb7cdd-1af5-416c-8309-7f72f9cfffb9\" data-immersive-translate-paragraph=\"1\">Su talpa iki 15 000 \u012fkv\u0117pim\u0173, WASPE 15000 Puffs yra puikus pasirinkimas tiek trumpam malonumui, tiek ilgesn\u0117ms r\u016bkoms sesijoms. Nesvarbu, ar naudojate kasdien, ar keliaujate ilgiau, \u0161i elektronin\u0117 cigaret\u0117 j\u016bs\u0173 neapvils. 22 ml talpos bakelis u\u017etikrina, kad net intensyvaus naudojimo metu nereik\u0117s da\u017enai papildyti.<\/p>\n<h4 data-start=\"925\" data-end=\"980\" data-immersive-translate-walked=\"1abb7cdd-1af5-416c-8309-7f72f9cfffb9\">Technologin\u0117 i\u0161skirtinumas: tinklelio rit\u0117 ir LCD ekranas<\/h4>\n<p class=\"\" data-start=\"982\" data-end=\"1352\" data-immersive-translate-walked=\"1abb7cdd-1af5-416c-8309-7f72f9cfffb9\" data-immersive-translate-paragraph=\"1\">Tinklelio rit\u0117s technologija su var\u017ea 0,8\u03a9 suteikia intensyv\u0173 skon\u012f ir tankius gar\u0173 debesis. Galite m\u0117gautis kiekvienu \u012fkv\u0117pimu, nesir\u016bpindami kokybe. Integruotas LCD ekranas nuolat rodys svarbiausi\u0105 informacij\u0105, toki\u0105 kaip akumuliatoriaus b\u016bkl\u0117 ir lik\u0119 \u012fkv\u0117pimai, kad b\u016btum\u0117te visada gerai informuoti.<\/p>\n<h4 data-start=\"1354\" data-end=\"1403\" data-immersive-translate-walked=\"1abb7cdd-1af5-416c-8309-7f72f9cfffb9\">Patogus valdymas ir greitas \u012fkrovimas<\/h4>\n<p class=\"\" data-start=\"1405\" data-end=\"1682\" data-immersive-translate-walked=\"1abb7cdd-1af5-416c-8309-7f72f9cfffb9\" data-immersive-translate-paragraph=\"1\">D\u0117l 850mAh \u012fkraunamo akumuliatoriaus ir patogaus Type-C jungties, WASPE 15000 Puffs yra idealus moderniam r\u016bkytojui, kuris nenori ilgai laukti \u012fkrovimo. Paprastai \u012fkraukite ir toliau r\u016bkykite \u2013 tai niekada nebuvo taip paprasta.<\/p>\n<h4 data-start=\"1684\" data-end=\"1731\" data-immersive-translate-walked=\"1abb7cdd-1af5-416c-8309-7f72f9cfffb9\">\u012evairios nikotino stiprumo galimyb\u0117s kiekvienam poreikiui<\/h4>\n<p class=\"\" data-start=\"1733\" data-end=\"2019\" data-immersive-translate-walked=\"1abb7cdd-1af5-416c-8309-7f72f9cfffb9\" data-immersive-translate-paragraph=\"1\">WASPE 15000 Puffs si\u016blomas keturi\u0173 nikotino variant\u0173: 0%, 2%, 3% ir 5%, tod\u0117l galite pasirinkti b\u016btent jums tinkamiausi\u0105 stiprum\u0105. Nesvarbu, ar m\u0117gstate \u0161veln\u0173, nikotino neturin\u010di\u0105 malonum\u0105, ar intensyvesn\u012f, stipresn\u012f \u012fsp\u016bd\u012f \u2013 \u0161i elektronin\u0117 cigaret\u0117 suteiks visk\u0105.<\/p>\n<h4 data-start=\"2021\" data-end=\"2071\" data-immersive-translate-walked=\"1abb7cdd-1af5-416c-8309-7f72f9cfffb9\">M\u0117lynoji stebuklas: Blueberry Ice skonis<\/h4>\n<p class=\"\" data-start=\"2073\" data-end=\"2313\" data-immersive-translate-walked=\"1abb7cdd-1af5-416c-8309-7f72f9cfffb9\" data-immersive-translate-paragraph=\"1\">Blueberry Ice skonis yra sald\u017ei\u0173, sulting\u0173 m\u0117lyni\u0173 ir gaivios \u0161altosios gaivos derinys, kuris paver\u010dia r\u016bkim\u0105 gaiviu patyrimu. Puikiai tinka tiems, kurie m\u0117gsta vaisinius aromatus su gaivinan\u010diu akcentu.<\/p>\n<h3 data-start=\"2315\" data-end=\"2377\" data-immersive-translate-walked=\"1abb7cdd-1af5-416c-8309-7f72f9cfffb9\">Kod\u0117l WASPE 15000 Puffs tur\u0117t\u0173 b\u016bti j\u016bs\u0173 pasirinkimas<\/h3>\n<p class=\"\" data-start=\"2379\" data-end=\"2574\" data-immersive-translate-walked=\"1abb7cdd-1af5-416c-8309-7f72f9cfffb9\" data-immersive-translate-paragraph=\"1\">Svoris tik 90 g, WASPE 15000 Puffs yra ypa\u010d patogi ir tinkama naudoti keliaujant. Ji patogiai telpa \u012f bet kuri\u0105 ki\u0161en\u0119 ir visada pasiruo\u0161usi suteikti geriausi\u0105 gar\u0173 malonum\u0105.<\/p>\n<h4 data-start=\"2576\" data-end=\"2634\" data-immersive-translate-walked=\"1abb7cdd-1af5-416c-8309-7f72f9cfffb9\">Saugiai, greitai ir be muit\u0173 \u2013 tiesiogiai i\u0161 vapingnet.de<\/h4>\n<p class=\"\" data-start=\"2636\" data-end=\"2793\" data-immersive-translate-walked=\"1abb7cdd-1af5-416c-8309-7f72f9cfffb9\" data-immersive-translate-paragraph=\"1\">WASPE 15000 Puffs galima \u012fsigyti per vapingnet.de, kur galite pasinaudoti be muit\u0173 pristatymais ir greitu pristatymu i\u0161 Europos sand\u0117lio.<\/p>\n<p class=\"\" data-start=\"2795\" data-end=\"2982\" data-immersive-translate-walked=\"1abb7cdd-1af5-416c-8309-7f72f9cfffb9\" data-immersive-translate-paragraph=\"1\">WASPE 15000 Puffs n\u0117ra tik \u012fprasta vienkartin\u0117 elektronin\u0117 cigaret\u0117. Tai apgalvotas sprendimas tiems, kurie vertina ilgaam\u017ei\u0161kum\u0105, skon\u012f ir patogum\u0105.<\/p>","protected":false},"excerpt":{"rendered":"<p>WASPE 15000 R\u016bkali\u0173 \u2013 Galinga elektronin\u0117 cigaret\u0117 reikliems garintojams WASPE 15000 Puffs yra naujausias rinkos inovacij\u0173 produktas, si\u016blantis i\u0161skirtin\u012f na\u0161um\u0105 ir ilgalaik\u012f naudojim\u0105...<\/p>","protected":false},"featured_media":6733,"template":"","meta":[],"etheme_brands":[],"product_brand":[98],"product_cat":[53,49,61],"product_tag":[],"class_list":{"0":"post-6755","1":"product","2":"type-product","3":"status-publish","4":"has-post-thumbnail","6":"product_brand-waspe-vape","7":"product_cat-vape-15000-zuege","8":"product_cat-einweg-e-zigarette","9":"product_cat-f","11":"first","12":"instock","13":"shipping-taxable","14":"purchasable","15":"product-type-variable"},"yoast_head":"<!-- This site is optimized with the Yoast SEO plugin v26.5 - https:\/\/yoast.com\/wordpress\/plugins\/seo\/ -->\n<title>Genie\u00dfen Sie Blueberry Ice Mit WASPE 15000 Puffs Der Beste Geschmack Zum Gro\u00dfhandelspreis | Vapingnet.de<\/title>\n<meta name=\"description\" content=\"Entdecke Genie\u00dfen Sie Blueberry Ice Mit WASPE 15000 Puffs Der Beste Geschmack Zum Gro\u00dfhandelspreis bei vapingnet.de, \u25ba Gro\u00dfe Auswahl an Geschmacksrichtungen &amp; super g\u00fcnstig!\" \/>\n<meta name=\"robots\" content=\"index, follow, max-snippet:-1, max-image-preview:large, max-video-preview:-1\" \/>\n<link rel=\"canonical\" href=\"https:\/\/vapingnet.de\/lt\/vape\/geniessen-sie-blueberry-ice-mit-waspe-15000-puffs-der-beste-geschmack-zum-grosshandelspreis\/\" \/>\n<meta property=\"og:locale\" content=\"lt_LT\" \/>\n<meta property=\"og:type\" content=\"article\" \/>\n<meta property=\"og:title\" content=\"Genie\u00dfen Sie Blueberry Ice Mit WASPE 15000 Puffs Der Beste Geschmack Zum Gro\u00dfhandelspreis | Vapingnet.de\" \/>\n<meta property=\"og:description\" content=\"Entdecke Genie\u00dfen Sie Blueberry Ice Mit WASPE 15000 Puffs Der Beste Geschmack Zum Gro\u00dfhandelspreis bei vapingnet.de, \u25ba Gro\u00dfe Auswahl an Geschmacksrichtungen &amp; super g\u00fcnstig!\" \/>\n<meta property=\"og:url\" content=\"https:\/\/vapingnet.de\/lt\/vape\/geniessen-sie-blueberry-ice-mit-waspe-15000-puffs-der-beste-geschmack-zum-grosshandelspreis\/\" \/>\n<meta property=\"og:site_name\" content=\"Vapingnet.de\" \/>\n<meta property=\"article:publisher\" content=\"https:\/\/www.facebook.com\/vapingnetde\/\" \/>\n<meta property=\"article:modified_time\" content=\"2026-04-15T07:43:13+00:00\" \/>\n<meta property=\"og:image\" content=\"https:\/\/vapingnet.de\/wp-content\/uploads\/2025\/05\/Blueberry-lce.webp\" \/>\n\t<meta property=\"og:image:width\" content=\"1000\" \/>\n\t<meta property=\"og:image:height\" content=\"1000\" \/>\n\t<meta property=\"og:image:type\" content=\"image\/webp\" \/>\n<meta name=\"twitter:card\" content=\"summary_large_image\" \/>\n<meta name=\"twitter:label1\" content=\"Est. reading time\" \/>\n\t<meta name=\"twitter:data1\" content=\"3 minutes\" \/>\n<script type=\"application\/ld+json\" class=\"yoast-schema-graph\">{\"@context\":\"https:\/\/schema.org\",\"@graph\":[{\"@type\":\"WebPage\",\"@id\":\"https:\/\/vapingnet.de\/vape\/geniessen-sie-blueberry-ice-mit-waspe-15000-puffs-der-beste-geschmack-zum-grosshandelspreis\/\",\"url\":\"https:\/\/vapingnet.de\/vape\/geniessen-sie-blueberry-ice-mit-waspe-15000-puffs-der-beste-geschmack-zum-grosshandelspreis\/\",\"name\":\"Genie\u00dfen Sie Blueberry Ice Mit WASPE 15000 Puffs Der Beste Geschmack Zum Gro\u00dfhandelspreis | Vapingnet.de\",\"isPartOf\":{\"@id\":\"https:\/\/vapingnet.de\/#website\"},\"primaryImageOfPage\":{\"@id\":\"https:\/\/vapingnet.de\/vape\/geniessen-sie-blueberry-ice-mit-waspe-15000-puffs-der-beste-geschmack-zum-grosshandelspreis\/#primaryimage\"},\"image\":{\"@id\":\"https:\/\/vapingnet.de\/vape\/geniessen-sie-blueberry-ice-mit-waspe-15000-puffs-der-beste-geschmack-zum-grosshandelspreis\/#primaryimage\"},\"thumbnailUrl\":\"https:\/\/vapingnet.de\/wp-content\/uploads\/2025\/05\/Blueberry-lce.webp\",\"datePublished\":\"2025-05-05T03:25:41+00:00\",\"dateModified\":\"2026-04-15T07:43:13+00:00\",\"description\":\"Entdecke Genie\u00dfen Sie Blueberry Ice Mit WASPE 15000 Puffs Der Beste Geschmack Zum Gro\u00dfhandelspreis bei vapingnet.de, \u25ba Gro\u00dfe Auswahl an Geschmacksrichtungen & super g\u00fcnstig!\",\"breadcrumb\":{\"@id\":\"https:\/\/vapingnet.de\/vape\/geniessen-sie-blueberry-ice-mit-waspe-15000-puffs-der-beste-geschmack-zum-grosshandelspreis\/#breadcrumb\"},\"inLanguage\":\"lt-LT\",\"potentialAction\":[{\"@type\":\"ReadAction\",\"target\":[\"https:\/\/vapingnet.de\/vape\/geniessen-sie-blueberry-ice-mit-waspe-15000-puffs-der-beste-geschmack-zum-grosshandelspreis\/\"]}]},{\"@type\":\"ImageObject\",\"inLanguage\":\"lt-LT\",\"@id\":\"https:\/\/vapingnet.de\/vape\/geniessen-sie-blueberry-ice-mit-waspe-15000-puffs-der-beste-geschmack-zum-grosshandelspreis\/#primaryimage\",\"url\":\"https:\/\/vapingnet.de\/wp-content\/uploads\/2025\/05\/Blueberry-lce.webp\",\"contentUrl\":\"https:\/\/vapingnet.de\/wp-content\/uploads\/2025\/05\/Blueberry-lce.webp\",\"width\":1000,\"height\":1000},{\"@type\":\"BreadcrumbList\",\"@id\":\"https:\/\/vapingnet.de\/vape\/geniessen-sie-blueberry-ice-mit-waspe-15000-puffs-der-beste-geschmack-zum-grosshandelspreis\/#breadcrumb\",\"itemListElement\":[{\"@type\":\"ListItem\",\"position\":1,\"name\":\"Home\",\"item\":\"https:\/\/vapingnet.de\/\"},{\"@type\":\"ListItem\",\"position\":2,\"name\":\"Shop\",\"item\":\"https:\/\/vapingnet.de\/vape\/\"},{\"@type\":\"ListItem\",\"position\":3,\"name\":\"Genie\u00dfen Sie Blueberry Ice Mit WASPE 15000 Puffs Der Beste Geschmack Zum Gro\u00dfhandelspreis\"}]},{\"@type\":\"WebSite\",\"@id\":\"https:\/\/vapingnet.de\/#website\",\"url\":\"https:\/\/vapingnet.de\/\",\"name\":\"Vapingnet.de\",\"description\":\"\",\"publisher\":{\"@id\":\"https:\/\/vapingnet.de\/#organization\"},\"potentialAction\":[{\"@type\":\"SearchAction\",\"target\":{\"@type\":\"EntryPoint\",\"urlTemplate\":\"https:\/\/vapingnet.de\/?s={search_term_string}\"},\"query-input\":{\"@type\":\"PropertyValueSpecification\",\"valueRequired\":true,\"valueName\":\"search_term_string\"}}],\"inLanguage\":\"lt-LT\"},{\"@type\":\"Organization\",\"@id\":\"https:\/\/vapingnet.de\/#organization\",\"name\":\"Vapingnet.de\",\"url\":\"https:\/\/vapingnet.de\/\",\"logo\":{\"@type\":\"ImageObject\",\"inLanguage\":\"lt-LT\",\"@id\":\"https:\/\/vapingnet.de\/#\/schema\/logo\/image\/\",\"url\":\"https:\/\/vapingnet.de\/wp-content\/uploads\/2025\/03\/cropped-vapingnet.de_.jpg\",\"contentUrl\":\"https:\/\/vapingnet.de\/wp-content\/uploads\/2025\/03\/cropped-vapingnet.de_.jpg\",\"width\":512,\"height\":512,\"caption\":\"Vapingnet.de\"},\"image\":{\"@id\":\"https:\/\/vapingnet.de\/#\/schema\/logo\/image\/\"},\"sameAs\":[\"https:\/\/www.facebook.com\/vapingnetde\/\"]}]}<\/script>\n<!-- \/ Yoast SEO plugin. -->","yoast_head_json":{"title":"Genie\u00dfen Sie Blueberry Ice Mit WASPE 15000 Puffs Der Beste Geschmack Zum Gro\u00dfhandelspreis | Vapingnet.de","description":"Entdecke Genie\u00dfen Sie Blueberry Ice Mit WASPE 15000 Puffs Der Beste Geschmack Zum Gro\u00dfhandelspreis bei vapingnet.de, \u25ba Gro\u00dfe Auswahl an Geschmacksrichtungen & super g\u00fcnstig!","robots":{"index":"index","follow":"follow","max-snippet":"max-snippet:-1","max-image-preview":"max-image-preview:large","max-video-preview":"max-video-preview:-1"},"canonical":"https:\/\/vapingnet.de\/lt\/vape\/geniessen-sie-blueberry-ice-mit-waspe-15000-puffs-der-beste-geschmack-zum-grosshandelspreis\/","og_locale":"lt_LT","og_type":"article","og_title":"Genie\u00dfen Sie Blueberry Ice Mit WASPE 15000 Puffs Der Beste Geschmack Zum Gro\u00dfhandelspreis | Vapingnet.de","og_description":"Entdecke Genie\u00dfen Sie Blueberry Ice Mit WASPE 15000 Puffs Der Beste Geschmack Zum Gro\u00dfhandelspreis bei vapingnet.de, \u25ba Gro\u00dfe Auswahl an Geschmacksrichtungen & super g\u00fcnstig!","og_url":"https:\/\/vapingnet.de\/lt\/vape\/geniessen-sie-blueberry-ice-mit-waspe-15000-puffs-der-beste-geschmack-zum-grosshandelspreis\/","og_site_name":"Vapingnet.de","article_publisher":"https:\/\/www.facebook.com\/vapingnetde\/","article_modified_time":"2026-04-15T07:43:13+00:00","og_image":[{"width":1000,"height":1000,"url":"https:\/\/vapingnet.de\/wp-content\/uploads\/2025\/05\/Blueberry-lce.webp","type":"image\/webp"}],"twitter_card":"summary_large_image","twitter_misc":{"Est. reading time":"3 minutes"},"schema":{"@context":"https:\/\/schema.org","@graph":[{"@type":"WebPage","@id":"https:\/\/vapingnet.de\/vape\/geniessen-sie-blueberry-ice-mit-waspe-15000-puffs-der-beste-geschmack-zum-grosshandelspreis\/","url":"https:\/\/vapingnet.de\/vape\/geniessen-sie-blueberry-ice-mit-waspe-15000-puffs-der-beste-geschmack-zum-grosshandelspreis\/","name":"Genie\u00dfen Sie Blueberry Ice Mit WASPE 15000 Puffs Der Beste Geschmack Zum Gro\u00dfhandelspreis | Vapingnet.de","isPartOf":{"@id":"https:\/\/vapingnet.de\/#website"},"primaryImageOfPage":{"@id":"https:\/\/vapingnet.de\/vape\/geniessen-sie-blueberry-ice-mit-waspe-15000-puffs-der-beste-geschmack-zum-grosshandelspreis\/#primaryimage"},"image":{"@id":"https:\/\/vapingnet.de\/vape\/geniessen-sie-blueberry-ice-mit-waspe-15000-puffs-der-beste-geschmack-zum-grosshandelspreis\/#primaryimage"},"thumbnailUrl":"https:\/\/vapingnet.de\/wp-content\/uploads\/2025\/05\/Blueberry-lce.webp","datePublished":"2025-05-05T03:25:41+00:00","dateModified":"2026-04-15T07:43:13+00:00","description":"Entdecke Genie\u00dfen Sie Blueberry Ice Mit WASPE 15000 Puffs Der Beste Geschmack Zum Gro\u00dfhandelspreis bei vapingnet.de, \u25ba Gro\u00dfe Auswahl an Geschmacksrichtungen & super g\u00fcnstig!","breadcrumb":{"@id":"https:\/\/vapingnet.de\/vape\/geniessen-sie-blueberry-ice-mit-waspe-15000-puffs-der-beste-geschmack-zum-grosshandelspreis\/#breadcrumb"},"inLanguage":"lt-LT","potentialAction":[{"@type":"ReadAction","target":["https:\/\/vapingnet.de\/vape\/geniessen-sie-blueberry-ice-mit-waspe-15000-puffs-der-beste-geschmack-zum-grosshandelspreis\/"]}]},{"@type":"ImageObject","inLanguage":"lt-LT","@id":"https:\/\/vapingnet.de\/vape\/geniessen-sie-blueberry-ice-mit-waspe-15000-puffs-der-beste-geschmack-zum-grosshandelspreis\/#primaryimage","url":"https:\/\/vapingnet.de\/wp-content\/uploads\/2025\/05\/Blueberry-lce.webp","contentUrl":"https:\/\/vapingnet.de\/wp-content\/uploads\/2025\/05\/Blueberry-lce.webp","width":1000,"height":1000},{"@type":"BreadcrumbList","@id":"https:\/\/vapingnet.de\/vape\/geniessen-sie-blueberry-ice-mit-waspe-15000-puffs-der-beste-geschmack-zum-grosshandelspreis\/#breadcrumb","itemListElement":[{"@type":"ListItem","position":1,"name":"Home","item":"https:\/\/vapingnet.de\/"},{"@type":"ListItem","position":2,"name":"Shop","item":"https:\/\/vapingnet.de\/vape\/"},{"@type":"ListItem","position":3,"name":"Genie\u00dfen Sie Blueberry Ice Mit WASPE 15000 Puffs Der Beste Geschmack Zum Gro\u00dfhandelspreis"}]},{"@type":"WebSite","@id":"https:\/\/vapingnet.de\/#website","url":"https:\/\/vapingnet.de\/","name":"Vapingnet.de","description":"","publisher":{"@id":"https:\/\/vapingnet.de\/#organization"},"potentialAction":[{"@type":"SearchAction","target":{"@type":"EntryPoint","urlTemplate":"https:\/\/vapingnet.de\/?s={search_term_string}"},"query-input":{"@type":"PropertyValueSpecification","valueRequired":true,"valueName":"search_term_string"}}],"inLanguage":"lt-LT"},{"@type":"Organization","@id":"https:\/\/vapingnet.de\/#organization","name":"Vapingnet.de","url":"https:\/\/vapingnet.de\/","logo":{"@type":"ImageObject","inLanguage":"lt-LT","@id":"https:\/\/vapingnet.de\/#\/schema\/logo\/image\/","url":"https:\/\/vapingnet.de\/wp-content\/uploads\/2025\/03\/cropped-vapingnet.de_.jpg","contentUrl":"https:\/\/vapingnet.de\/wp-content\/uploads\/2025\/03\/cropped-vapingnet.de_.jpg","width":512,"height":512,"caption":"Vapingnet.de"},"image":{"@id":"https:\/\/vapingnet.de\/#\/schema\/logo\/image\/"},"sameAs":["https:\/\/www.facebook.com\/vapingnetde\/"]}]}},"tiered_pricing_type":"fixed","tiered_pricing_fixed_rules":[],"tiered_pricing_product_settings":{"layout":"default","base_unit_name":{"singular":null,"plural":null},"default_variation":null},"tiered_pricing_minimum_quantity":null,"tiered_pricing_roles_data":[],"tiered_pricing_percentage_rules":[],"_links":{"self":[{"href":"https:\/\/vapingnet.de\/lt\/wp-json\/wp\/v2\/product\/6755","targetHints":{"allow":["GET"]}}],"collection":[{"href":"https:\/\/vapingnet.de\/lt\/wp-json\/wp\/v2\/product"}],"about":[{"href":"https:\/\/vapingnet.de\/lt\/wp-json\/wp\/v2\/types\/product"}],"version-history":[{"count":3,"href":"https:\/\/vapingnet.de\/lt\/wp-json\/wp\/v2\/product\/6755\/revisions"}],"predecessor-version":[{"id":6766,"href":"https:\/\/vapingnet.de\/lt\/wp-json\/wp\/v2\/product\/6755\/revisions\/6766"}],"wp:featuredmedia":[{"embeddable":true,"href":"https:\/\/vapingnet.de\/lt\/wp-json\/wp\/v2\/media\/6733"}],"wp:attachment":[{"href":"https:\/\/vapingnet.de\/lt\/wp-json\/wp\/v2\/media?parent=6755"}],"wp:term":[{"taxonomy":"brand","embeddable":true,"href":"https:\/\/vapingnet.de\/lt\/wp-json\/wp\/v2\/etheme_brands?post=6755"},{"taxonomy":"product_brand","embeddable":true,"href":"https:\/\/vapingnet.de\/lt\/wp-json\/wp\/v2\/product_brand?post=6755"},{"taxonomy":"product_cat","embeddable":true,"href":"https:\/\/vapingnet.de\/lt\/wp-json\/wp\/v2\/product_cat?post=6755"},{"taxonomy":"product_tag","embeddable":true,"href":"https:\/\/vapingnet.de\/lt\/wp-json\/wp\/v2\/product_tag?post=6755"}],"curies":[{"name":"wp","href":"https:\/\/api.w.org\/{rel}","templated":true}]}}