{"id":6756,"date":"2025-05-05T03:25:43","date_gmt":"2025-05-05T03:25:43","guid":{"rendered":"https:\/\/vapingnet.de\/?post_type=product&#038;p=6756"},"modified":"2026-04-15T07:36:43","modified_gmt":"2026-04-15T07:36:43","slug":"erstklassiger-strawberry-mango-geschmack-mit-waspe-15000-puffs-fuer-den-anspruchsvollsten-gaumen","status":"publish","type":"product","link":"https:\/\/vapingnet.de\/lt\/vape\/erstklassiger-strawberry-mango-geschmack-mit-waspe-15000-puffs-fuer-den-anspruchsvollsten-gaumen\/","title":{"rendered":"Auk\u0161\u010diausios kokyb\u0117s bra\u0161ki\u0173 mang\u0173 skonis su WASPE 15000 Puffs, skirtas reikliausiems gomuriams"},"content":{"rendered":"<h2 data-start=\"0\" data-end=\"63\" data-immersive-translate-walked=\"3de21478-1246-4518-a7dd-f5616a47085e\">WASPE 15000 Puffs Viena naujos kartos elektronin\u0117 cigaret\u0117<\/h2>\n<p class=\"\" data-start=\"65\" data-end=\"319\" data-immersive-translate-walked=\"3de21478-1246-4518-a7dd-f5616a47085e\" data-immersive-translate-paragraph=\"1\">WASPE 15000 Puffs yra pa\u017eangi vienkartin\u0117 elektronin\u0117 cigaret\u0117, nustatanti naujus standartus na\u0161umo, vartotojo patogumo ir skonio srityje. Su daugybe inovatyvi\u0173 funkcij\u0173 ji yra nepakei\u010diama priemon\u0117 visiems, m\u0117gstantiems garinti.<\/p>\n<h3>Ypatingos savyb\u0117s WASPE 15000 Puffs<\/h3>\n<ol data-start=\"371\" data-end=\"1815\" data-immersive-translate-walked=\"3de21478-1246-4518-a7dd-f5616a47085e\">\n<li class=\"\" data-start=\"371\" data-end=\"733\" data-immersive-translate-walked=\"3de21478-1246-4518-a7dd-f5616a47085e\">\n<p class=\"\" data-start=\"374\" data-end=\"409\" data-immersive-translate-walked=\"3de21478-1246-4518-a7dd-f5616a47085e\">Puff talpa 15 000 \u012fkv\u0117pim\u0173<\/p>\n<ul data-start=\"413\" data-end=\"733\" data-immersive-translate-walked=\"3de21478-1246-4518-a7dd-f5616a47085e\">\n<li class=\"\" data-start=\"413\" data-end=\"733\" data-immersive-translate-walked=\"3de21478-1246-4518-a7dd-f5616a47085e\">\n<p class=\"\" data-start=\"415\" data-end=\"733\" data-immersive-translate-walked=\"3de21478-1246-4518-a7dd-f5616a47085e\" data-immersive-translate-paragraph=\"1\">Su i\u0161skirtinai dideliu puff talpa \u0161i vienkartin\u0117 elektronin\u0117 cigaret\u0117 suteikia daugiau nei 15 000 \u012fkv\u0117pim\u0173. Tai rei\u0161kia, kad galite naudoti \u012frengin\u012f ilg\u0105 laik\u0105 be \u012fkrovimo ar papildymo. Didelis 22 ml E-skys\u010dio rezervuaras leid\u017eia m\u0117gautis garinimu be pertrauk\u0173.<\/p>\n<\/li>\n<\/ul>\n<\/li>\n<li class=\"\" data-start=\"735\" data-end=\"1170\" data-immersive-translate-walked=\"3de21478-1246-4518-a7dd-f5616a47085e\">\n<p class=\"\" data-start=\"738\" data-end=\"777\" data-immersive-translate-walked=\"3de21478-1246-4518-a7dd-f5616a47085e\">Revoliucin\u0117 tinklelio rit\u0117s technologija<\/p>\n<ul data-start=\"781\" data-end=\"1170\" data-immersive-translate-walked=\"3de21478-1246-4518-a7dd-f5616a47085e\">\n<li class=\"\" data-start=\"781\" data-end=\"1170\" data-immersive-translate-walked=\"3de21478-1246-4518-a7dd-f5616a47085e\">\n<p class=\"\" data-start=\"783\" data-end=\"1170\" data-immersive-translate-walked=\"3de21478-1246-4518-a7dd-f5616a47085e\" data-immersive-translate-paragraph=\"1\">0,8\u03a9 tinklelio rit\u0117s technologija u\u017etikrina tolyg\u0173 skys\u010dio garavim\u0105 ir intensyvina skon\u012f. \u0160i technologija leid\u017eia tolygiai \u0161ildyti gar\u0105, kas sukuria pilnesn\u0119, intensyvesn\u0119 ir skoningesn\u0119 patirt\u012f. Ypa\u010d i\u0161ry\u0161k\u0117ja \u201eStrawberry Mango\u201c skonio variantas \u2013 vaisin\u0117, saldi mi\u0161inys, kuris maloniai veikia gomur\u012f.<\/p>\n<\/li>\n<\/ul>\n<\/li>\n<li class=\"\" data-start=\"1172\" data-end=\"1496\" data-immersive-translate-walked=\"3de21478-1246-4518-a7dd-f5616a47085e\">\n<p class=\"\" data-start=\"1175\" data-end=\"1216\" data-immersive-translate-walked=\"3de21478-1246-4518-a7dd-f5616a47085e\">LCD ekranas realaus laiko informacijos rodymui<\/p>\n<ul data-start=\"1220\" data-end=\"1496\" data-immersive-translate-walked=\"3de21478-1246-4518-a7dd-f5616a47085e\">\n<li class=\"\" data-start=\"1220\" data-end=\"1496\" data-immersive-translate-walked=\"3de21478-1246-4518-a7dd-f5616a47085e\">\n<p class=\"\" data-start=\"1222\" data-end=\"1496\" data-immersive-translate-walked=\"3de21478-1246-4518-a7dd-f5616a47085e\" data-immersive-translate-paragraph=\"1\">LCD ekranas nuolat teikia naujausi\u0105 informacij\u0105, toki\u0105 kaip akumuliatoriaus lygis, lik\u0119 \u012fkv\u0117pimai ir skys\u010dio lygis. \u0160i patogi funkcija padeda nuolat steb\u0117ti \u012frengin\u012f ir u\u017etikrinti, kad jis visada b\u016bt\u0173 paruo\u0161tas naudoti.<\/p>\n<\/li>\n<\/ul>\n<\/li>\n<li class=\"\" data-start=\"1498\" data-end=\"1815\" data-immersive-translate-walked=\"3de21478-1246-4518-a7dd-f5616a47085e\">\n<p class=\"\" data-start=\"1501\" data-end=\"1555\" data-immersive-translate-walked=\"3de21478-1246-4518-a7dd-f5616a47085e\">Ilgalaikis naudojimas d\u0117ka \u012fkraunamo akumuliatoriaus<\/p>\n<ul data-start=\"1559\" data-end=\"1815\" data-immersive-translate-walked=\"3de21478-1246-4518-a7dd-f5616a47085e\">\n<li class=\"\" data-start=\"1559\" data-end=\"1815\" data-immersive-translate-walked=\"3de21478-1246-4518-a7dd-f5616a47085e\">\n<p class=\"\" data-start=\"1561\" data-end=\"1815\" data-immersive-translate-walked=\"3de21478-1246-4518-a7dd-f5616a47085e\" data-immersive-translate-paragraph=\"1\">\u012erengtas 850mAh akumuliatorius, kur\u012f galima \u012fkrauti per modern\u0173 Type-C jungt\u012f, leid\u017eia greitai ir efektyviai \u012fkrauti \u012frengin\u012f. \u0160i funkcija prat\u0119sia naudojimo laik\u0105 ir leid\u017eia tur\u0117ti paruo\u0161t\u0105 \u012frengin\u012f bet kada.<\/p>\n<\/li>\n<\/ul>\n<\/li>\n<\/ol>\n<h4 data-start=\"1817\" data-end=\"1855\" data-immersive-translate-walked=\"3de21478-1246-4518-a7dd-f5616a47085e\"><img fetchpriority=\"high\" decoding=\"async\" class=\"wp-image-6883 aligncenter\" src=\"https:\/\/vapingnet.de\/wp-content\/uploads\/2025\/05\/3-300x169.jpg\" alt=\"\" width=\"1885\" height=\"1062\" srcset=\"https:\/\/vapingnet.de\/wp-content\/uploads\/2025\/05\/3-300x169.jpg 300w, https:\/\/vapingnet.de\/wp-content\/uploads\/2025\/05\/3-1024x576.jpg 1024w, https:\/\/vapingnet.de\/wp-content\/uploads\/2025\/05\/3-768x432.jpg 768w, https:\/\/vapingnet.de\/wp-content\/uploads\/2025\/05\/3-1536x864.jpg 1536w, https:\/\/vapingnet.de\/wp-content\/uploads\/2025\/05\/3-600x338.jpg 600w, https:\/\/vapingnet.de\/wp-content\/uploads\/2025\/05\/3-1x1.jpg 1w, https:\/\/vapingnet.de\/wp-content\/uploads\/2025\/05\/3-10x6.jpg 10w\" sizes=\"(max-width: 1885px) 100vw, 1885px\" \/><\/h4>\n<h4 data-start=\"1817\" data-end=\"1855\" data-immersive-translate-walked=\"3de21478-1246-4518-a7dd-f5616a47085e\">WASPE 15000 Puffs privalumai<\/h4>\n<ul data-start=\"1857\" data-end=\"2388\" data-immersive-translate-walked=\"3de21478-1246-4518-a7dd-f5616a47085e\">\n<li class=\"\" data-start=\"1857\" data-end=\"2119\" data-immersive-translate-walked=\"3de21478-1246-4518-a7dd-f5616a47085e\">\n<p class=\"\" data-start=\"1859\" data-end=\"2119\" data-immersive-translate-walked=\"3de21478-1246-4518-a7dd-f5616a47085e\" data-immersive-translate-paragraph=\"1\">Be muit\u0173: u\u017esakykite WASPE 15000 Puffs be r\u016bpes\u010di\u0173 d\u0117l papildom\u0173 muit\u0173 ar biurokratini\u0173 kli\u016b\u010di\u0173. vapingnet.de galite greitai ir paprastai \u012fsigyti \u012frengin\u012f ir gauti pristatym\u0105 tiesiai \u012f namus.<\/p>\n<\/li>\n<li class=\"\" data-start=\"2123\" data-end=\"2388\" data-immersive-translate-walked=\"3de21478-1246-4518-a7dd-f5616a47085e\">\n<p class=\"\" data-start=\"2125\" data-end=\"2388\" data-immersive-translate-walked=\"3de21478-1246-4518-a7dd-f5616a47085e\" data-immersive-translate-paragraph=\"1\">Patogi naudoti ir valdyti: WASPE 15000 Puffs ne tik galinga, bet ir labai patogi naudoti. Su patogia \u012fkrovimo galimybe, ai\u0161kiai strukt\u016bruotu LCD ekranu ir ergonomi\u0161ka forma, ji puikiai telpa \u012f rank\u0105.<\/p>\n<\/li>\n<\/ul>\n<h4>Kod\u0117l rinktis WASPE 15000 Puffs?<\/h4>\n<p class=\"\" data-start=\"2435\" data-end=\"2796\" data-immersive-translate-walked=\"3de21478-1246-4518-a7dd-f5616a47085e\" data-immersive-translate-paragraph=\"1\">Dumfai, ie\u0161kantys patikimo ir galingo \u012frenginio, ras tobul\u0105 sprendim\u0105 su WASPE 15000 Puffs. Ji sujungia didel\u012f talpum\u0105, inovatyvi\u0105 technologij\u0105 ir pirmos klas\u0117s skonio patirt\u012f. Nesvarbu, ar esate patyr\u0119s garintojas, ar naujokas \u2013 \u0161is \u012frenginys tikrai vir\u0161ys j\u016bs\u0173 l\u016bkes\u010dius.<\/p>\n<h4 data-start=\"2798\" data-end=\"2842\" data-immersive-translate-walked=\"3de21478-1246-4518-a7dd-f5616a47085e\">U\u017esisakykite dabar vapingnet.de<\/h4>\n<p class=\"\" data-start=\"2844\" data-end=\"3054\" data-immersive-translate-walked=\"3de21478-1246-4518-a7dd-f5616a47085e\" data-immersive-translate-paragraph=\"1\">Patirkite garinimo ateit\u012f su WASPE 15000 Puffs ir u\u017esisakykite \u0161iandien vapingnet.de. M\u0117gaukit\u0117s greitu pristatymu ir patogiu pirkimo procesu be muit\u0173 mokes\u010di\u0173.<\/p>","protected":false},"excerpt":{"rendered":"<p>WASPE 15000 R\u016bkali\u0173 Kitos kartos elektronin\u0117 cigaret\u0117 WASPE 15000 Puffs yra moderni vienkartin\u0117 elektronin\u0117 cigaret\u0117, kuri pasi\u017eymi naujovi\u0161komis savyb\u0117mis, patogumu ir skoniu...<\/p>","protected":false},"featured_media":6740,"template":"","meta":[],"etheme_brands":[],"product_brand":[98],"product_cat":[53,49,61],"product_tag":[],"class_list":{"0":"post-6756","1":"product","2":"type-product","3":"status-publish","4":"has-post-thumbnail","6":"product_brand-waspe-vape","7":"product_cat-vape-15000-zuege","8":"product_cat-einweg-e-zigarette","9":"product_cat-f","11":"first","12":"instock","13":"shipping-taxable","14":"purchasable","15":"product-type-variable"},"yoast_head":"<!-- This site is optimized with the Yoast SEO plugin v26.5 - https:\/\/yoast.com\/wordpress\/plugins\/seo\/ -->\n<title>Erstklassiger Strawberry Mango Geschmack Mit WASPE 15000 Puffs F\u00fcr Den Anspruchsvollsten Gaumen | Vapingnet.de<\/title>\n<meta name=\"description\" content=\"Entdecke Erstklassiger Strawberry Mango Geschmack Mit WASPE 15000 Puffs F\u00fcr Den Anspruchsvollsten Gaumen bei vapingnet.de, \u25ba Gro\u00dfe Auswahl an Geschmacksrichtungen &amp; super g\u00fcnstig!\" \/>\n<meta name=\"robots\" content=\"index, follow, max-snippet:-1, max-image-preview:large, max-video-preview:-1\" \/>\n<link rel=\"canonical\" href=\"https:\/\/vapingnet.de\/lt\/vape\/erstklassiger-strawberry-mango-geschmack-mit-waspe-15000-puffs-fuer-den-anspruchsvollsten-gaumen\/\" \/>\n<meta property=\"og:locale\" content=\"lt_LT\" \/>\n<meta property=\"og:type\" content=\"article\" \/>\n<meta property=\"og:title\" content=\"Erstklassiger Strawberry Mango Geschmack Mit WASPE 15000 Puffs F\u00fcr Den Anspruchsvollsten Gaumen | Vapingnet.de\" \/>\n<meta property=\"og:description\" content=\"Entdecke Erstklassiger Strawberry Mango Geschmack Mit WASPE 15000 Puffs F\u00fcr Den Anspruchsvollsten Gaumen bei vapingnet.de, \u25ba Gro\u00dfe Auswahl an Geschmacksrichtungen &amp; super g\u00fcnstig!\" \/>\n<meta property=\"og:url\" content=\"https:\/\/vapingnet.de\/lt\/vape\/erstklassiger-strawberry-mango-geschmack-mit-waspe-15000-puffs-fuer-den-anspruchsvollsten-gaumen\/\" \/>\n<meta property=\"og:site_name\" content=\"Vapingnet.de\" \/>\n<meta property=\"article:publisher\" content=\"https:\/\/www.facebook.com\/vapingnetde\/\" \/>\n<meta property=\"article:modified_time\" content=\"2026-04-15T07:36:43+00:00\" \/>\n<meta property=\"og:image\" content=\"https:\/\/vapingnet.de\/wp-content\/uploads\/2025\/05\/Strawberry-Mango.webp\" \/>\n\t<meta property=\"og:image:width\" content=\"1000\" \/>\n\t<meta property=\"og:image:height\" content=\"1000\" \/>\n\t<meta property=\"og:image:type\" content=\"image\/webp\" \/>\n<meta name=\"twitter:card\" content=\"summary_large_image\" \/>\n<meta name=\"twitter:label1\" content=\"Est. reading time\" \/>\n\t<meta name=\"twitter:data1\" content=\"3 minutes\" \/>\n<script type=\"application\/ld+json\" class=\"yoast-schema-graph\">{\"@context\":\"https:\/\/schema.org\",\"@graph\":[{\"@type\":\"WebPage\",\"@id\":\"https:\/\/vapingnet.de\/vape\/erstklassiger-strawberry-mango-geschmack-mit-waspe-15000-puffs-fuer-den-anspruchsvollsten-gaumen\/\",\"url\":\"https:\/\/vapingnet.de\/vape\/erstklassiger-strawberry-mango-geschmack-mit-waspe-15000-puffs-fuer-den-anspruchsvollsten-gaumen\/\",\"name\":\"Erstklassiger Strawberry Mango Geschmack Mit WASPE 15000 Puffs F\u00fcr Den Anspruchsvollsten Gaumen | Vapingnet.de\",\"isPartOf\":{\"@id\":\"https:\/\/vapingnet.de\/#website\"},\"primaryImageOfPage\":{\"@id\":\"https:\/\/vapingnet.de\/vape\/erstklassiger-strawberry-mango-geschmack-mit-waspe-15000-puffs-fuer-den-anspruchsvollsten-gaumen\/#primaryimage\"},\"image\":{\"@id\":\"https:\/\/vapingnet.de\/vape\/erstklassiger-strawberry-mango-geschmack-mit-waspe-15000-puffs-fuer-den-anspruchsvollsten-gaumen\/#primaryimage\"},\"thumbnailUrl\":\"https:\/\/vapingnet.de\/wp-content\/uploads\/2025\/05\/Strawberry-Mango.webp\",\"datePublished\":\"2025-05-05T03:25:43+00:00\",\"dateModified\":\"2026-04-15T07:36:43+00:00\",\"description\":\"Entdecke Erstklassiger Strawberry Mango Geschmack Mit WASPE 15000 Puffs F\u00fcr Den Anspruchsvollsten Gaumen bei vapingnet.de, \u25ba Gro\u00dfe Auswahl an Geschmacksrichtungen & super g\u00fcnstig!\",\"breadcrumb\":{\"@id\":\"https:\/\/vapingnet.de\/vape\/erstklassiger-strawberry-mango-geschmack-mit-waspe-15000-puffs-fuer-den-anspruchsvollsten-gaumen\/#breadcrumb\"},\"inLanguage\":\"lt-LT\",\"potentialAction\":[{\"@type\":\"ReadAction\",\"target\":[\"https:\/\/vapingnet.de\/vape\/erstklassiger-strawberry-mango-geschmack-mit-waspe-15000-puffs-fuer-den-anspruchsvollsten-gaumen\/\"]}]},{\"@type\":\"ImageObject\",\"inLanguage\":\"lt-LT\",\"@id\":\"https:\/\/vapingnet.de\/vape\/erstklassiger-strawberry-mango-geschmack-mit-waspe-15000-puffs-fuer-den-anspruchsvollsten-gaumen\/#primaryimage\",\"url\":\"https:\/\/vapingnet.de\/wp-content\/uploads\/2025\/05\/Strawberry-Mango.webp\",\"contentUrl\":\"https:\/\/vapingnet.de\/wp-content\/uploads\/2025\/05\/Strawberry-Mango.webp\",\"width\":1000,\"height\":1000},{\"@type\":\"BreadcrumbList\",\"@id\":\"https:\/\/vapingnet.de\/vape\/erstklassiger-strawberry-mango-geschmack-mit-waspe-15000-puffs-fuer-den-anspruchsvollsten-gaumen\/#breadcrumb\",\"itemListElement\":[{\"@type\":\"ListItem\",\"position\":1,\"name\":\"Home\",\"item\":\"https:\/\/vapingnet.de\/\"},{\"@type\":\"ListItem\",\"position\":2,\"name\":\"Shop\",\"item\":\"https:\/\/vapingnet.de\/vape\/\"},{\"@type\":\"ListItem\",\"position\":3,\"name\":\"Erstklassiger Strawberry Mango Geschmack Mit WASPE 15000 Puffs F\u00fcr Den Anspruchsvollsten Gaumen\"}]},{\"@type\":\"WebSite\",\"@id\":\"https:\/\/vapingnet.de\/#website\",\"url\":\"https:\/\/vapingnet.de\/\",\"name\":\"Vapingnet.de\",\"description\":\"\",\"publisher\":{\"@id\":\"https:\/\/vapingnet.de\/#organization\"},\"potentialAction\":[{\"@type\":\"SearchAction\",\"target\":{\"@type\":\"EntryPoint\",\"urlTemplate\":\"https:\/\/vapingnet.de\/?s={search_term_string}\"},\"query-input\":{\"@type\":\"PropertyValueSpecification\",\"valueRequired\":true,\"valueName\":\"search_term_string\"}}],\"inLanguage\":\"lt-LT\"},{\"@type\":\"Organization\",\"@id\":\"https:\/\/vapingnet.de\/#organization\",\"name\":\"Vapingnet.de\",\"url\":\"https:\/\/vapingnet.de\/\",\"logo\":{\"@type\":\"ImageObject\",\"inLanguage\":\"lt-LT\",\"@id\":\"https:\/\/vapingnet.de\/#\/schema\/logo\/image\/\",\"url\":\"https:\/\/vapingnet.de\/wp-content\/uploads\/2025\/03\/cropped-vapingnet.de_.jpg\",\"contentUrl\":\"https:\/\/vapingnet.de\/wp-content\/uploads\/2025\/03\/cropped-vapingnet.de_.jpg\",\"width\":512,\"height\":512,\"caption\":\"Vapingnet.de\"},\"image\":{\"@id\":\"https:\/\/vapingnet.de\/#\/schema\/logo\/image\/\"},\"sameAs\":[\"https:\/\/www.facebook.com\/vapingnetde\/\"]}]}<\/script>\n<!-- \/ Yoast SEO plugin. -->","yoast_head_json":{"title":"Erstklassiger Strawberry Mango Geschmack Mit WASPE 15000 Puffs F\u00fcr Den Anspruchsvollsten Gaumen | Vapingnet.de","description":"Entdecke Erstklassiger Strawberry Mango Geschmack Mit WASPE 15000 Puffs F\u00fcr Den Anspruchsvollsten Gaumen bei vapingnet.de, \u25ba Gro\u00dfe Auswahl an Geschmacksrichtungen & super g\u00fcnstig!","robots":{"index":"index","follow":"follow","max-snippet":"max-snippet:-1","max-image-preview":"max-image-preview:large","max-video-preview":"max-video-preview:-1"},"canonical":"https:\/\/vapingnet.de\/lt\/vape\/erstklassiger-strawberry-mango-geschmack-mit-waspe-15000-puffs-fuer-den-anspruchsvollsten-gaumen\/","og_locale":"lt_LT","og_type":"article","og_title":"Erstklassiger Strawberry Mango Geschmack Mit WASPE 15000 Puffs F\u00fcr Den Anspruchsvollsten Gaumen | Vapingnet.de","og_description":"Entdecke Erstklassiger Strawberry Mango Geschmack Mit WASPE 15000 Puffs F\u00fcr Den Anspruchsvollsten Gaumen bei vapingnet.de, \u25ba Gro\u00dfe Auswahl an Geschmacksrichtungen & super g\u00fcnstig!","og_url":"https:\/\/vapingnet.de\/lt\/vape\/erstklassiger-strawberry-mango-geschmack-mit-waspe-15000-puffs-fuer-den-anspruchsvollsten-gaumen\/","og_site_name":"Vapingnet.de","article_publisher":"https:\/\/www.facebook.com\/vapingnetde\/","article_modified_time":"2026-04-15T07:36:43+00:00","og_image":[{"width":1000,"height":1000,"url":"https:\/\/vapingnet.de\/wp-content\/uploads\/2025\/05\/Strawberry-Mango.webp","type":"image\/webp"}],"twitter_card":"summary_large_image","twitter_misc":{"Est. reading time":"3 minutes"},"schema":{"@context":"https:\/\/schema.org","@graph":[{"@type":"WebPage","@id":"https:\/\/vapingnet.de\/vape\/erstklassiger-strawberry-mango-geschmack-mit-waspe-15000-puffs-fuer-den-anspruchsvollsten-gaumen\/","url":"https:\/\/vapingnet.de\/vape\/erstklassiger-strawberry-mango-geschmack-mit-waspe-15000-puffs-fuer-den-anspruchsvollsten-gaumen\/","name":"Erstklassiger Strawberry Mango Geschmack Mit WASPE 15000 Puffs F\u00fcr Den Anspruchsvollsten Gaumen | Vapingnet.de","isPartOf":{"@id":"https:\/\/vapingnet.de\/#website"},"primaryImageOfPage":{"@id":"https:\/\/vapingnet.de\/vape\/erstklassiger-strawberry-mango-geschmack-mit-waspe-15000-puffs-fuer-den-anspruchsvollsten-gaumen\/#primaryimage"},"image":{"@id":"https:\/\/vapingnet.de\/vape\/erstklassiger-strawberry-mango-geschmack-mit-waspe-15000-puffs-fuer-den-anspruchsvollsten-gaumen\/#primaryimage"},"thumbnailUrl":"https:\/\/vapingnet.de\/wp-content\/uploads\/2025\/05\/Strawberry-Mango.webp","datePublished":"2025-05-05T03:25:43+00:00","dateModified":"2026-04-15T07:36:43+00:00","description":"Entdecke Erstklassiger Strawberry Mango Geschmack Mit WASPE 15000 Puffs F\u00fcr Den Anspruchsvollsten Gaumen bei vapingnet.de, \u25ba Gro\u00dfe Auswahl an Geschmacksrichtungen & super g\u00fcnstig!","breadcrumb":{"@id":"https:\/\/vapingnet.de\/vape\/erstklassiger-strawberry-mango-geschmack-mit-waspe-15000-puffs-fuer-den-anspruchsvollsten-gaumen\/#breadcrumb"},"inLanguage":"lt-LT","potentialAction":[{"@type":"ReadAction","target":["https:\/\/vapingnet.de\/vape\/erstklassiger-strawberry-mango-geschmack-mit-waspe-15000-puffs-fuer-den-anspruchsvollsten-gaumen\/"]}]},{"@type":"ImageObject","inLanguage":"lt-LT","@id":"https:\/\/vapingnet.de\/vape\/erstklassiger-strawberry-mango-geschmack-mit-waspe-15000-puffs-fuer-den-anspruchsvollsten-gaumen\/#primaryimage","url":"https:\/\/vapingnet.de\/wp-content\/uploads\/2025\/05\/Strawberry-Mango.webp","contentUrl":"https:\/\/vapingnet.de\/wp-content\/uploads\/2025\/05\/Strawberry-Mango.webp","width":1000,"height":1000},{"@type":"BreadcrumbList","@id":"https:\/\/vapingnet.de\/vape\/erstklassiger-strawberry-mango-geschmack-mit-waspe-15000-puffs-fuer-den-anspruchsvollsten-gaumen\/#breadcrumb","itemListElement":[{"@type":"ListItem","position":1,"name":"Home","item":"https:\/\/vapingnet.de\/"},{"@type":"ListItem","position":2,"name":"Shop","item":"https:\/\/vapingnet.de\/vape\/"},{"@type":"ListItem","position":3,"name":"Erstklassiger Strawberry Mango Geschmack Mit WASPE 15000 Puffs F\u00fcr Den Anspruchsvollsten Gaumen"}]},{"@type":"WebSite","@id":"https:\/\/vapingnet.de\/#website","url":"https:\/\/vapingnet.de\/","name":"Vapingnet.de","description":"","publisher":{"@id":"https:\/\/vapingnet.de\/#organization"},"potentialAction":[{"@type":"SearchAction","target":{"@type":"EntryPoint","urlTemplate":"https:\/\/vapingnet.de\/?s={search_term_string}"},"query-input":{"@type":"PropertyValueSpecification","valueRequired":true,"valueName":"search_term_string"}}],"inLanguage":"lt-LT"},{"@type":"Organization","@id":"https:\/\/vapingnet.de\/#organization","name":"Vapingnet.de","url":"https:\/\/vapingnet.de\/","logo":{"@type":"ImageObject","inLanguage":"lt-LT","@id":"https:\/\/vapingnet.de\/#\/schema\/logo\/image\/","url":"https:\/\/vapingnet.de\/wp-content\/uploads\/2025\/03\/cropped-vapingnet.de_.jpg","contentUrl":"https:\/\/vapingnet.de\/wp-content\/uploads\/2025\/03\/cropped-vapingnet.de_.jpg","width":512,"height":512,"caption":"Vapingnet.de"},"image":{"@id":"https:\/\/vapingnet.de\/#\/schema\/logo\/image\/"},"sameAs":["https:\/\/www.facebook.com\/vapingnetde\/"]}]}},"tiered_pricing_type":"fixed","tiered_pricing_fixed_rules":[],"tiered_pricing_product_settings":{"layout":"default","base_unit_name":{"singular":null,"plural":null},"default_variation":null},"tiered_pricing_minimum_quantity":null,"tiered_pricing_roles_data":[],"tiered_pricing_percentage_rules":[],"_links":{"self":[{"href":"https:\/\/vapingnet.de\/lt\/wp-json\/wp\/v2\/product\/6756","targetHints":{"allow":["GET"]}}],"collection":[{"href":"https:\/\/vapingnet.de\/lt\/wp-json\/wp\/v2\/product"}],"about":[{"href":"https:\/\/vapingnet.de\/lt\/wp-json\/wp\/v2\/types\/product"}],"version-history":[{"count":4,"href":"https:\/\/vapingnet.de\/lt\/wp-json\/wp\/v2\/product\/6756\/revisions"}],"predecessor-version":[{"id":6884,"href":"https:\/\/vapingnet.de\/lt\/wp-json\/wp\/v2\/product\/6756\/revisions\/6884"}],"wp:featuredmedia":[{"embeddable":true,"href":"https:\/\/vapingnet.de\/lt\/wp-json\/wp\/v2\/media\/6740"}],"wp:attachment":[{"href":"https:\/\/vapingnet.de\/lt\/wp-json\/wp\/v2\/media?parent=6756"}],"wp:term":[{"taxonomy":"brand","embeddable":true,"href":"https:\/\/vapingnet.de\/lt\/wp-json\/wp\/v2\/etheme_brands?post=6756"},{"taxonomy":"product_brand","embeddable":true,"href":"https:\/\/vapingnet.de\/lt\/wp-json\/wp\/v2\/product_brand?post=6756"},{"taxonomy":"product_cat","embeddable":true,"href":"https:\/\/vapingnet.de\/lt\/wp-json\/wp\/v2\/product_cat?post=6756"},{"taxonomy":"product_tag","embeddable":true,"href":"https:\/\/vapingnet.de\/lt\/wp-json\/wp\/v2\/product_tag?post=6756"}],"curies":[{"name":"wp","href":"https:\/\/api.w.org\/{rel}","templated":true}]}}