{"id":6758,"date":"2025-05-05T03:26:27","date_gmt":"2025-05-05T03:26:27","guid":{"rendered":"https:\/\/vapingnet.de\/?post_type=product&#038;p=6758"},"modified":"2025-06-19T03:45:02","modified_gmt":"2025-06-19T03:45:02","slug":"peach-lce-geschmack-mit-waspe-15000-puffs-direkter-versand-weltweit-beliebt-top-qualitaet","status":"publish","type":"product","link":"https:\/\/vapingnet.de\/lt\/vape\/peach-lce-geschmack-mit-waspe-15000-puffs-direkter-versand-weltweit-beliebt-top-qualitaet\/","title":{"rendered":"Persik\u0173 led\u0173 skonis WASPE 15000 R\u016bkim\u0173 Tiesioginis siuntimas visame pasaulyje Populiarus Auk\u0161ta kokyb\u0117"},"content":{"rendered":"<h2 data-start=\"0\" data-end=\"72\">WASPE 15000 Puffs Vienkartin\u0117 elektronin\u0117 cigaret\u0117 reikalaujantiems vapotojams<\/h2>\n<p class=\"\" data-start=\"74\" data-end=\"358\" data-immersive-translate-walked=\"5e8aaed0-6db9-4f02-ae23-4d550e457d1c\" data-immersive-translate-paragraph=\"1\">WASPE 15000 Puffs yra auk\u0161\u010diausios kokyb\u0117s vienkartin\u0117 elektronin\u0117 cigaret\u0117, si\u016blanti \u012fsp\u016bding\u0105 na\u0161um\u0105 ir ilg\u0105 naudojimo laik\u0105. Su pa\u017eangia technologija ir inovatyviu dizainu \u0161is modelis suteikia visk\u0105, ko reikia vapotojams, norintiems auk\u0161\u010diausios kokyb\u0117s vaping patirties.<\/p>\n<p data-start=\"74\" data-end=\"358\" data-immersive-translate-walked=\"5e8aaed0-6db9-4f02-ae23-4d550e457d1c\" data-immersive-translate-paragraph=\"1\"><img fetchpriority=\"high\" decoding=\"async\" class=\"wp-image-6881 aligncenter\" src=\"https:\/\/vapingnet.de\/wp-content\/uploads\/2025\/05\/1-300x141.jpg\" alt=\"\" width=\"1215\" height=\"571\" srcset=\"https:\/\/vapingnet.de\/wp-content\/uploads\/2025\/05\/1-300x141.jpg 300w, https:\/\/vapingnet.de\/wp-content\/uploads\/2025\/05\/1-1024x480.jpg 1024w, https:\/\/vapingnet.de\/wp-content\/uploads\/2025\/05\/1-768x360.jpg 768w, https:\/\/vapingnet.de\/wp-content\/uploads\/2025\/05\/1-1536x720.jpg 1536w, https:\/\/vapingnet.de\/wp-content\/uploads\/2025\/05\/1-600x281.jpg 600w, https:\/\/vapingnet.de\/wp-content\/uploads\/2025\/05\/1-1x1.jpg 1w, https:\/\/vapingnet.de\/wp-content\/uploads\/2025\/05\/1-10x5.jpg 10w\" sizes=\"(max-width: 1215px) 100vw, 1215px\" \/><\/p>\n<h3>WASPE 15000 Puffs privalumai<\/h3>\n<p class=\"\" data-start=\"400\" data-end=\"579\" data-immersive-translate-walked=\"5e8aaed0-6db9-4f02-ae23-4d550e457d1c\" data-immersive-translate-paragraph=\"1\">WASPE 15000 Puffs yra apr\u016bpinta daugybe funkcij\u0173, kurios j\u0105 daro viena geriausi\u0173 vienkartini\u0173 elektronini\u0173 cigare\u010di\u0173 rinkoje. Pagrindiniai privalumai ap\u017evelgiami:<\/p>\n<ul data-start=\"581\" data-end=\"1519\">\n<li class=\"\" data-start=\"581\" data-end=\"751\">\n<p class=\"\" data-start=\"583\" data-end=\"751\" data-immersive-translate-walked=\"5e8aaed0-6db9-4f02-ae23-4d550e457d1c\" data-immersive-translate-paragraph=\"1\">15 000 \u012fkv\u0117pim\u0173: su \u012fsp\u016bdinga 15 000 \u012fkv\u0117pim\u0173 talpa, WASPE 15000 Puffs leid\u017eia ilgalaik\u012f naudojim\u0105 be da\u017en\u0173 papildym\u0173 ar keitim\u0173.<\/p>\n<\/li>\n<li class=\"\" data-start=\"752\" data-end=\"936\">\n<p class=\"\" data-start=\"754\" data-end=\"936\" data-immersive-translate-walked=\"5e8aaed0-6db9-4f02-ae23-4d550e457d1c\" data-immersive-translate-paragraph=\"1\">Didelis 22 ml E-liquido rezervuaras: D\u0117l didelio E-liquido rezervuaro nereikia jaudintis d\u0117l papildymo. Jis u\u017etikrina ilg\u0105 garavimo laik\u0105 prie\u0161 i\u0161sikraunant.<\/p>\n<\/li>\n<li class=\"\" data-start=\"937\" data-end=\"1092\">\n<p class=\"\" data-start=\"939\" data-end=\"1092\" data-immersive-translate-walked=\"5e8aaed0-6db9-4f02-ae23-4d550e457d1c\" data-immersive-translate-paragraph=\"1\">Tinklelio rit\u0117 technologija: 0,8\u03a9 tinklelio rit\u0117 u\u017etikrina vienod\u0105 garavim\u0105 ir intensyvesn\u012f skon\u012f. Kiekvienas \u012fkv\u0117pimas yra turtingas aromato ir garo.<\/p>\n<\/li>\n<li class=\"\" data-start=\"1093\" data-end=\"1329\">\n<p class=\"\" data-start=\"1095\" data-end=\"1329\" data-immersive-translate-walked=\"5e8aaed0-6db9-4f02-ae23-4d550e457d1c\" data-immersive-translate-paragraph=\"1\">LCD ekranas: LCD ekranas rodo svarbi\u0105 informacij\u0105 realiu laiku, toki\u0105 kaip akumuliatoriaus b\u016bkl\u0117, E-liquido lygis ir lik\u0119 \u012fkv\u0117pimai. Taip visada \u017einosite, kada reikia \u012fkrauti ar papildyti.<\/p>\n<\/li>\n<li class=\"\" data-start=\"1330\" data-end=\"1519\">\n<p class=\"\" data-start=\"1332\" data-end=\"1519\" data-immersive-translate-walked=\"5e8aaed0-6db9-4f02-ae23-4d550e457d1c\" data-immersive-translate-paragraph=\"1\">\u012ekraunamas akumuliatorius: su 850mAh \u012fkraunamu akumuliatoriumi, WASPE 15000 Puffs si\u016blo ilg\u0105 veikimo laik\u0105, kur\u012f galima greitai \u012fkrauti per Type-C jungt\u012f.<\/p>\n<\/li>\n<\/ul>\n<h4 data-start=\"1521\" data-end=\"1551\" data-immersive-translate-walked=\"5e8aaed0-6db9-4f02-ae23-4d550e457d1c\">Skonis ir na\u0161umas<\/h4>\n<p class=\"\" data-start=\"1553\" data-end=\"1885\" data-immersive-translate-walked=\"5e8aaed0-6db9-4f02-ae23-4d550e457d1c\" data-immersive-translate-paragraph=\"1\">WASPE 15000 Puffs si\u016blo puik\u0173 skon\u012f d\u0117ka tinklelio rit\u0117s technologijos. \u201ePeach Ice\u201c skonis suteikia gaiv\u0173 derin\u012f i\u0161 sald\u017ei\u0173 persik\u0173 ir gaivinan\u010dio mentolio. \u0160i mi\u0161inio kombinacija u\u017etikrina maloni\u0105 ir gaivi\u0105 vaping patirt\u012f, kuri nesuma\u017e\u0117ja net ilgai naudojant.<\/p>\n<h4 data-start=\"1887\" data-end=\"1925\" data-immersive-translate-walked=\"5e8aaed0-6db9-4f02-ae23-4d550e457d1c\">Vartotojui draugi\u0161kos funkcijos<\/h4>\n<p class=\"\" data-start=\"1927\" data-end=\"2364\" data-immersive-translate-walked=\"5e8aaed0-6db9-4f02-ae23-4d550e457d1c\" data-immersive-translate-paragraph=\"1\">WASPE 15000 Puffs buvo sukurtas atsi\u017evelgiant \u012f vartotojo patogum\u0105. LCD ekranas nuolat informuoja apie \u012frenginio b\u016bsen\u0105, o Type-C \u012fkrovimo jungtis leid\u017eia greitai ir paprastai \u012fkrauti. Ilgas \u012fkv\u0117pim\u0173 skai\u010dius ir didelis E-liquido rezervuaras leid\u017eia m\u0117gautis \u012frenginiu ilg\u0105 laik\u0105 be da\u017en\u0173 papildym\u0173 ar \u012fkrovimo.<\/p>\n<h3>Kod\u0117l rinktis WASPE 15000 Puffs?<\/h3>\n<ul data-start=\"2411\" data-end=\"2911\">\n<li class=\"\" data-start=\"2411\" data-end=\"2530\">\n<p class=\"\" data-start=\"2413\" data-end=\"2530\" data-immersive-translate-walked=\"5e8aaed0-6db9-4f02-ae23-4d550e457d1c\" data-immersive-translate-paragraph=\"1\">Ilgaam\u017ei\u0161kumas ir didel\u0117 talpa: 15 000 \u012fkv\u0117pim\u0173 ir 22 ml rezervuaras u\u017etikrina i\u0161skirtin\u0119 naudojimo patirt\u012f.<\/p>\n<\/li>\n<li class=\"\" data-start=\"2531\" data-end=\"2644\">\n<p class=\"\" data-start=\"2533\" data-end=\"2644\" data-immersive-translate-walked=\"5e8aaed0-6db9-4f02-ae23-4d550e457d1c\" data-immersive-translate-paragraph=\"1\">Gaivus skonis: \u201ePeach Ice\u201c skonis suteikia intensyv\u0173, \u0161alt\u0105 malonum\u0105 kiekvieno \u012fkv\u0117pimo metu.<\/p>\n<\/li>\n<li class=\"\" data-start=\"2645\" data-end=\"2759\">\n<p class=\"\" data-start=\"2647\" data-end=\"2759\" data-immersive-translate-walked=\"5e8aaed0-6db9-4f02-ae23-4d550e457d1c\" data-immersive-translate-paragraph=\"1\">Paprastas valdymas: su LCD ekranu ir Type-C \u012fkrovimo jungtimi \u012frenginys ypa\u010d patogus naudoti.<\/p>\n<\/li>\n<li class=\"\" data-start=\"2760\" data-end=\"2911\">\n<p class=\"\" data-start=\"2762\" data-end=\"2911\" data-immersive-translate-walked=\"5e8aaed0-6db9-4f02-ae23-4d550e457d1c\" data-immersive-translate-paragraph=\"1\">Be muit\u0173: vapingnet.de galite lengvai u\u017esisakyti WASPE 15000 Puffs be papildom\u0173 mokes\u010di\u0173.<\/p>\n<\/li>\n<\/ul>\n<h4 data-start=\"2913\" data-end=\"2973\" data-immersive-translate-walked=\"5e8aaed0-6db9-4f02-ae23-4d550e457d1c\">U\u017esisakykite WASPE 15000 Puffs per vapingnet.de<\/h4>\n<p class=\"\" data-start=\"2975\" data-end=\"3260\" data-immersive-translate-walked=\"5e8aaed0-6db9-4f02-ae23-4d550e457d1c\" data-immersive-translate-paragraph=\"1\">WASPE 15000 Puffs yra puikus pasirinkimas vapotojams, ie\u0161kantiems galingos, ilgaam\u017e\u0117s ir skon\u012f intensyviai teikian\u010dios vienkartin\u0117s elektronin\u0117s cigaret\u0117s. U\u017esisakykite savo WASPE 15000 Puffs jau \u0161iandien per vapingnet.de ir m\u0117gaukit\u0117s \u0161ios inovatyvios elektronin\u0117s cigaret\u0117s privalumais.<\/p>","protected":false},"excerpt":{"rendered":"<p>WASPE 15000 Puffs Die Einweg E-Zigarette f\u00fcr anspruchsvolle Dampfer Die WASPE 15000 Puffs ist eine erstklassige Einweg E-Zigarette, die eine beeindruckende Leistung und eine lange&#8230;<\/p>","protected":false},"featured_media":6738,"template":"","meta":[],"etheme_brands":[],"product_brand":[98],"product_cat":[53,49,61],"product_tag":[],"class_list":{"0":"post-6758","1":"product","2":"type-product","3":"status-publish","4":"has-post-thumbnail","6":"product_brand-waspe-vape","7":"product_cat-vape-15000-zuege","8":"product_cat-einweg-e-zigarette","9":"product_cat-f","11":"first","12":"instock","13":"shipping-taxable","14":"purchasable","15":"product-type-simple"},"yoast_head":"<!-- This site is optimized with the Yoast SEO plugin v26.5 - https:\/\/yoast.com\/wordpress\/plugins\/seo\/ -->\n<title>Peach lce Geschmack Mit WASPE 15000 Puffs Direkter Versand Weltweit Beliebt Top Qualit\u00e4t | Vapingnet.de<\/title>\n<meta name=\"description\" content=\"Entdecke Peach lce Geschmack Mit WASPE 15000 Puffs Direkter Versand Weltweit Beliebt Top Qualit\u00e4t bei vapingnet.de, \u25ba Gro\u00dfe Auswahl an Geschmacksrichtungen &amp; super g\u00fcnstig!\" \/>\n<meta name=\"robots\" content=\"index, follow, max-snippet:-1, max-image-preview:large, max-video-preview:-1\" \/>\n<link rel=\"canonical\" href=\"https:\/\/vapingnet.de\/lt\/vape\/peach-lce-geschmack-mit-waspe-15000-puffs-direkter-versand-weltweit-beliebt-top-qualitaet\/\" \/>\n<meta property=\"og:locale\" content=\"lt_LT\" \/>\n<meta property=\"og:type\" content=\"article\" \/>\n<meta property=\"og:title\" content=\"Peach lce Geschmack Mit WASPE 15000 Puffs Direkter Versand Weltweit Beliebt Top Qualit\u00e4t | Vapingnet.de\" \/>\n<meta property=\"og:description\" content=\"Entdecke Peach lce Geschmack Mit WASPE 15000 Puffs Direkter Versand Weltweit Beliebt Top Qualit\u00e4t bei vapingnet.de, \u25ba Gro\u00dfe Auswahl an Geschmacksrichtungen &amp; super g\u00fcnstig!\" \/>\n<meta property=\"og:url\" content=\"https:\/\/vapingnet.de\/lt\/vape\/peach-lce-geschmack-mit-waspe-15000-puffs-direkter-versand-weltweit-beliebt-top-qualitaet\/\" \/>\n<meta property=\"og:site_name\" content=\"Vapingnet.de\" \/>\n<meta property=\"article:publisher\" content=\"https:\/\/www.facebook.com\/vapingnetde\/\" \/>\n<meta property=\"article:modified_time\" content=\"2025-06-19T03:45:02+00:00\" \/>\n<meta property=\"og:image\" content=\"https:\/\/vapingnet.de\/wp-content\/uploads\/2025\/05\/Peach-lce.webp\" \/>\n\t<meta property=\"og:image:width\" content=\"1000\" \/>\n\t<meta property=\"og:image:height\" content=\"1000\" \/>\n\t<meta property=\"og:image:type\" content=\"image\/webp\" \/>\n<meta name=\"twitter:card\" content=\"summary_large_image\" \/>\n<meta name=\"twitter:label1\" content=\"Est. reading time\" \/>\n\t<meta name=\"twitter:data1\" content=\"3 minutes\" \/>\n<script type=\"application\/ld+json\" class=\"yoast-schema-graph\">{\"@context\":\"https:\/\/schema.org\",\"@graph\":[{\"@type\":\"WebPage\",\"@id\":\"https:\/\/vapingnet.de\/vape\/peach-lce-geschmack-mit-waspe-15000-puffs-direkter-versand-weltweit-beliebt-top-qualitaet\/\",\"url\":\"https:\/\/vapingnet.de\/vape\/peach-lce-geschmack-mit-waspe-15000-puffs-direkter-versand-weltweit-beliebt-top-qualitaet\/\",\"name\":\"Peach lce Geschmack Mit WASPE 15000 Puffs Direkter Versand Weltweit Beliebt Top Qualit\u00e4t | Vapingnet.de\",\"isPartOf\":{\"@id\":\"https:\/\/vapingnet.de\/#website\"},\"primaryImageOfPage\":{\"@id\":\"https:\/\/vapingnet.de\/vape\/peach-lce-geschmack-mit-waspe-15000-puffs-direkter-versand-weltweit-beliebt-top-qualitaet\/#primaryimage\"},\"image\":{\"@id\":\"https:\/\/vapingnet.de\/vape\/peach-lce-geschmack-mit-waspe-15000-puffs-direkter-versand-weltweit-beliebt-top-qualitaet\/#primaryimage\"},\"thumbnailUrl\":\"https:\/\/vapingnet.de\/wp-content\/uploads\/2025\/05\/Peach-lce.webp\",\"datePublished\":\"2025-05-05T03:26:27+00:00\",\"dateModified\":\"2025-06-19T03:45:02+00:00\",\"description\":\"Entdecke Peach lce Geschmack Mit WASPE 15000 Puffs Direkter Versand Weltweit Beliebt Top Qualit\u00e4t bei vapingnet.de, \u25ba Gro\u00dfe Auswahl an Geschmacksrichtungen & super g\u00fcnstig!\",\"breadcrumb\":{\"@id\":\"https:\/\/vapingnet.de\/vape\/peach-lce-geschmack-mit-waspe-15000-puffs-direkter-versand-weltweit-beliebt-top-qualitaet\/#breadcrumb\"},\"inLanguage\":\"lt-LT\",\"potentialAction\":[{\"@type\":\"ReadAction\",\"target\":[\"https:\/\/vapingnet.de\/vape\/peach-lce-geschmack-mit-waspe-15000-puffs-direkter-versand-weltweit-beliebt-top-qualitaet\/\"]}]},{\"@type\":\"ImageObject\",\"inLanguage\":\"lt-LT\",\"@id\":\"https:\/\/vapingnet.de\/vape\/peach-lce-geschmack-mit-waspe-15000-puffs-direkter-versand-weltweit-beliebt-top-qualitaet\/#primaryimage\",\"url\":\"https:\/\/vapingnet.de\/wp-content\/uploads\/2025\/05\/Peach-lce.webp\",\"contentUrl\":\"https:\/\/vapingnet.de\/wp-content\/uploads\/2025\/05\/Peach-lce.webp\",\"width\":1000,\"height\":1000},{\"@type\":\"BreadcrumbList\",\"@id\":\"https:\/\/vapingnet.de\/vape\/peach-lce-geschmack-mit-waspe-15000-puffs-direkter-versand-weltweit-beliebt-top-qualitaet\/#breadcrumb\",\"itemListElement\":[{\"@type\":\"ListItem\",\"position\":1,\"name\":\"Home\",\"item\":\"https:\/\/vapingnet.de\/\"},{\"@type\":\"ListItem\",\"position\":2,\"name\":\"Shop\",\"item\":\"https:\/\/vapingnet.de\/vape\/\"},{\"@type\":\"ListItem\",\"position\":3,\"name\":\"Peach lce Geschmack Mit WASPE 15000 Puffs Direkter Versand Weltweit Beliebt Top Qualit\u00e4t\"}]},{\"@type\":\"WebSite\",\"@id\":\"https:\/\/vapingnet.de\/#website\",\"url\":\"https:\/\/vapingnet.de\/\",\"name\":\"Vapingnet.de\",\"description\":\"\",\"publisher\":{\"@id\":\"https:\/\/vapingnet.de\/#organization\"},\"potentialAction\":[{\"@type\":\"SearchAction\",\"target\":{\"@type\":\"EntryPoint\",\"urlTemplate\":\"https:\/\/vapingnet.de\/?s={search_term_string}\"},\"query-input\":{\"@type\":\"PropertyValueSpecification\",\"valueRequired\":true,\"valueName\":\"search_term_string\"}}],\"inLanguage\":\"lt-LT\"},{\"@type\":\"Organization\",\"@id\":\"https:\/\/vapingnet.de\/#organization\",\"name\":\"Vapingnet.de\",\"url\":\"https:\/\/vapingnet.de\/\",\"logo\":{\"@type\":\"ImageObject\",\"inLanguage\":\"lt-LT\",\"@id\":\"https:\/\/vapingnet.de\/#\/schema\/logo\/image\/\",\"url\":\"https:\/\/vapingnet.de\/wp-content\/uploads\/2025\/03\/cropped-vapingnet.de_.jpg\",\"contentUrl\":\"https:\/\/vapingnet.de\/wp-content\/uploads\/2025\/03\/cropped-vapingnet.de_.jpg\",\"width\":512,\"height\":512,\"caption\":\"Vapingnet.de\"},\"image\":{\"@id\":\"https:\/\/vapingnet.de\/#\/schema\/logo\/image\/\"},\"sameAs\":[\"https:\/\/www.facebook.com\/vapingnetde\/\"]}]}<\/script>\n<!-- \/ Yoast SEO plugin. -->","yoast_head_json":{"title":"Peach lce Geschmack Mit WASPE 15000 Puffs Direkter Versand Weltweit Beliebt Top Qualit\u00e4t | Vapingnet.de","description":"Entdecke Peach lce Geschmack Mit WASPE 15000 Puffs Direkter Versand Weltweit Beliebt Top Qualit\u00e4t bei vapingnet.de, \u25ba Gro\u00dfe Auswahl an Geschmacksrichtungen & super g\u00fcnstig!","robots":{"index":"index","follow":"follow","max-snippet":"max-snippet:-1","max-image-preview":"max-image-preview:large","max-video-preview":"max-video-preview:-1"},"canonical":"https:\/\/vapingnet.de\/lt\/vape\/peach-lce-geschmack-mit-waspe-15000-puffs-direkter-versand-weltweit-beliebt-top-qualitaet\/","og_locale":"lt_LT","og_type":"article","og_title":"Peach lce Geschmack Mit WASPE 15000 Puffs Direkter Versand Weltweit Beliebt Top Qualit\u00e4t | Vapingnet.de","og_description":"Entdecke Peach lce Geschmack Mit WASPE 15000 Puffs Direkter Versand Weltweit Beliebt Top Qualit\u00e4t bei vapingnet.de, \u25ba Gro\u00dfe Auswahl an Geschmacksrichtungen & super g\u00fcnstig!","og_url":"https:\/\/vapingnet.de\/lt\/vape\/peach-lce-geschmack-mit-waspe-15000-puffs-direkter-versand-weltweit-beliebt-top-qualitaet\/","og_site_name":"Vapingnet.de","article_publisher":"https:\/\/www.facebook.com\/vapingnetde\/","article_modified_time":"2025-06-19T03:45:02+00:00","og_image":[{"width":1000,"height":1000,"url":"https:\/\/vapingnet.de\/wp-content\/uploads\/2025\/05\/Peach-lce.webp","type":"image\/webp"}],"twitter_card":"summary_large_image","twitter_misc":{"Est. reading time":"3 minutes"},"schema":{"@context":"https:\/\/schema.org","@graph":[{"@type":"WebPage","@id":"https:\/\/vapingnet.de\/vape\/peach-lce-geschmack-mit-waspe-15000-puffs-direkter-versand-weltweit-beliebt-top-qualitaet\/","url":"https:\/\/vapingnet.de\/vape\/peach-lce-geschmack-mit-waspe-15000-puffs-direkter-versand-weltweit-beliebt-top-qualitaet\/","name":"Peach lce Geschmack Mit WASPE 15000 Puffs Direkter Versand Weltweit Beliebt Top Qualit\u00e4t | Vapingnet.de","isPartOf":{"@id":"https:\/\/vapingnet.de\/#website"},"primaryImageOfPage":{"@id":"https:\/\/vapingnet.de\/vape\/peach-lce-geschmack-mit-waspe-15000-puffs-direkter-versand-weltweit-beliebt-top-qualitaet\/#primaryimage"},"image":{"@id":"https:\/\/vapingnet.de\/vape\/peach-lce-geschmack-mit-waspe-15000-puffs-direkter-versand-weltweit-beliebt-top-qualitaet\/#primaryimage"},"thumbnailUrl":"https:\/\/vapingnet.de\/wp-content\/uploads\/2025\/05\/Peach-lce.webp","datePublished":"2025-05-05T03:26:27+00:00","dateModified":"2025-06-19T03:45:02+00:00","description":"Entdecke Peach lce Geschmack Mit WASPE 15000 Puffs Direkter Versand Weltweit Beliebt Top Qualit\u00e4t bei vapingnet.de, \u25ba Gro\u00dfe Auswahl an Geschmacksrichtungen & super g\u00fcnstig!","breadcrumb":{"@id":"https:\/\/vapingnet.de\/vape\/peach-lce-geschmack-mit-waspe-15000-puffs-direkter-versand-weltweit-beliebt-top-qualitaet\/#breadcrumb"},"inLanguage":"lt-LT","potentialAction":[{"@type":"ReadAction","target":["https:\/\/vapingnet.de\/vape\/peach-lce-geschmack-mit-waspe-15000-puffs-direkter-versand-weltweit-beliebt-top-qualitaet\/"]}]},{"@type":"ImageObject","inLanguage":"lt-LT","@id":"https:\/\/vapingnet.de\/vape\/peach-lce-geschmack-mit-waspe-15000-puffs-direkter-versand-weltweit-beliebt-top-qualitaet\/#primaryimage","url":"https:\/\/vapingnet.de\/wp-content\/uploads\/2025\/05\/Peach-lce.webp","contentUrl":"https:\/\/vapingnet.de\/wp-content\/uploads\/2025\/05\/Peach-lce.webp","width":1000,"height":1000},{"@type":"BreadcrumbList","@id":"https:\/\/vapingnet.de\/vape\/peach-lce-geschmack-mit-waspe-15000-puffs-direkter-versand-weltweit-beliebt-top-qualitaet\/#breadcrumb","itemListElement":[{"@type":"ListItem","position":1,"name":"Home","item":"https:\/\/vapingnet.de\/"},{"@type":"ListItem","position":2,"name":"Shop","item":"https:\/\/vapingnet.de\/vape\/"},{"@type":"ListItem","position":3,"name":"Peach lce Geschmack Mit WASPE 15000 Puffs Direkter Versand Weltweit Beliebt Top Qualit\u00e4t"}]},{"@type":"WebSite","@id":"https:\/\/vapingnet.de\/#website","url":"https:\/\/vapingnet.de\/","name":"Vapingnet.de","description":"","publisher":{"@id":"https:\/\/vapingnet.de\/#organization"},"potentialAction":[{"@type":"SearchAction","target":{"@type":"EntryPoint","urlTemplate":"https:\/\/vapingnet.de\/?s={search_term_string}"},"query-input":{"@type":"PropertyValueSpecification","valueRequired":true,"valueName":"search_term_string"}}],"inLanguage":"lt-LT"},{"@type":"Organization","@id":"https:\/\/vapingnet.de\/#organization","name":"Vapingnet.de","url":"https:\/\/vapingnet.de\/","logo":{"@type":"ImageObject","inLanguage":"lt-LT","@id":"https:\/\/vapingnet.de\/#\/schema\/logo\/image\/","url":"https:\/\/vapingnet.de\/wp-content\/uploads\/2025\/03\/cropped-vapingnet.de_.jpg","contentUrl":"https:\/\/vapingnet.de\/wp-content\/uploads\/2025\/03\/cropped-vapingnet.de_.jpg","width":512,"height":512,"caption":"Vapingnet.de"},"image":{"@id":"https:\/\/vapingnet.de\/#\/schema\/logo\/image\/"},"sameAs":["https:\/\/www.facebook.com\/vapingnetde\/"]}]}},"tiered_pricing_type":"fixed","tiered_pricing_fixed_rules":{"10":"8.35","60":"7.52","110":"6.68","200":"5.85"},"tiered_pricing_product_settings":{"layout":"default","base_unit_name":{"singular":null,"plural":null},"default_variation":null},"tiered_pricing_minimum_quantity":null,"tiered_pricing_roles_data":[],"tiered_pricing_percentage_rules":[],"_links":{"self":[{"href":"https:\/\/vapingnet.de\/lt\/wp-json\/wp\/v2\/product\/6758","targetHints":{"allow":["GET"]}}],"collection":[{"href":"https:\/\/vapingnet.de\/lt\/wp-json\/wp\/v2\/product"}],"about":[{"href":"https:\/\/vapingnet.de\/lt\/wp-json\/wp\/v2\/types\/product"}],"version-history":[{"count":4,"href":"https:\/\/vapingnet.de\/lt\/wp-json\/wp\/v2\/product\/6758\/revisions"}],"predecessor-version":[{"id":6882,"href":"https:\/\/vapingnet.de\/lt\/wp-json\/wp\/v2\/product\/6758\/revisions\/6882"}],"wp:featuredmedia":[{"embeddable":true,"href":"https:\/\/vapingnet.de\/lt\/wp-json\/wp\/v2\/media\/6738"}],"wp:attachment":[{"href":"https:\/\/vapingnet.de\/lt\/wp-json\/wp\/v2\/media?parent=6758"}],"wp:term":[{"taxonomy":"brand","embeddable":true,"href":"https:\/\/vapingnet.de\/lt\/wp-json\/wp\/v2\/etheme_brands?post=6758"},{"taxonomy":"product_brand","embeddable":true,"href":"https:\/\/vapingnet.de\/lt\/wp-json\/wp\/v2\/product_brand?post=6758"},{"taxonomy":"product_cat","embeddable":true,"href":"https:\/\/vapingnet.de\/lt\/wp-json\/wp\/v2\/product_cat?post=6758"},{"taxonomy":"product_tag","embeddable":true,"href":"https:\/\/vapingnet.de\/lt\/wp-json\/wp\/v2\/product_tag?post=6758"}],"curies":[{"name":"wp","href":"https:\/\/api.w.org\/{rel}","templated":true}]}}