{"id":6775,"date":"2025-05-05T06:48:32","date_gmt":"2025-05-05T06:48:32","guid":{"rendered":"https:\/\/vapingnet.de\/?post_type=product&#038;p=6775"},"modified":"2026-04-15T07:31:42","modified_gmt":"2026-04-15T07:31:42","slug":"sommer-sonne-peach-ice-deine-chill-vape-waspe-20000-dual-mesh","status":"publish","type":"product","link":"https:\/\/vapingnet.de\/lt\/vape\/sommer-sonne-peach-ice-deine-chill-vape-waspe-20000-dual-mesh\/","title":{"rendered":"Vasaros saul\u0117 Peach Ice tavo Chill Vape WASPE 20000 Dual Mesh"},"content":{"rendered":"<h2 data-start=\"0\" data-end=\"74\">WASPE 20000 d\u016bm\u0173 vienkartin\u0117 elektronin\u0117 cigaret\u0117 naujos kartos<\/h2>\n<p class=\"\" data-start=\"76\" data-end=\"354\">WASPE 20000 d\u016bm\u0173 vienkartin\u0117 elektronin\u0117 cigaret\u0117 yra puikus pasirinkimas vartotojams, ie\u0161kantiems auk\u0161tos veiklos ir patogumo derinio. \u0160i vienkartin\u0117 elektronin\u0117 cigaret\u0117 si\u016blo \u012fsp\u016bdingus 20 000 \u012fkv\u0117pim\u0173 ir yra ideali ilgesniems r\u016bkymo seansams be pertraukos.<\/p>\n<h3 data-start=\"356\" data-end=\"380\">Technin\u0117s savyb\u0117s:<\/h3>\n<ul data-start=\"382\" data-end=\"955\">\n<li class=\"\" data-start=\"382\" data-end=\"483\">\n<p class=\"\" data-start=\"384\" data-end=\"483\">Baterija: 900 mAh, \u012fkraunama per Type-C jungt\u012f greitam ir patogiam \u012fkrovimui.<\/p>\n<\/li>\n<li class=\"\" data-start=\"484\" data-end=\"591\">\n<p class=\"\" data-start=\"486\" data-end=\"591\">Vamzdelis: Dvigubas tinklelis su 0,8 Ohm var\u017ea, u\u017etikrinantis tankias d\u016bm\u0173 debesys ir intensyv\u0173 skon\u012f.<\/p>\n<\/li>\n<li class=\"\" data-start=\"592\" data-end=\"674\">\n<p class=\"\" data-start=\"594\" data-end=\"674\">Skys\u010dio talpa: 24 ml \u2013 pakankamai visam naudojimo laikotarpiui.<\/p>\n<\/li>\n<li class=\"\" data-start=\"675\" data-end=\"778\">\n<p class=\"\" data-start=\"677\" data-end=\"778\">Ekranas: LCD ekranas rodo akumuliatoriaus b\u016bsen\u0105 ir skys\u010dio lyg\u012f, kad visada b\u016bt\u0173 ai\u0161ku.<\/p>\n<\/li>\n<li class=\"\" data-start=\"779\" data-end=\"877\">\n<p class=\"\" data-start=\"781\" data-end=\"877\">Nikotinas: prieinamas stiprumais 0, %, 2 %, 3 % ir 5 %, leid\u017eiant pritaikyti pagal poreik\u012f.<\/p>\n<\/li>\n<li class=\"\" data-start=\"878\" data-end=\"955\">\n<p class=\"\" data-start=\"880\" data-end=\"955\">Svoris: 110 g \u2013 lengva ir kompakti\u0161ka patogiam naudojimui keliaujant.<\/p>\n<\/li>\n<\/ul>\n<h4 data-start=\"957\" data-end=\"981\">Skonis: Persiko ledas<\/h4>\n<p class=\"\" data-start=\"983\" data-end=\"1226\">WASPE 20000 d\u016bm\u0173 si\u016blo skan\u0173 Persiko led\u0173 skon\u012f, kuris yra vaisi\u0161kas ir gaivus. \u0160altoji led\u0173 u\u017euomina puikiai papildo skonio patirt\u012f, tod\u0117l elektronin\u0117 cigaret\u0117 tampa malonumu visiems poj\u016b\u010diams.<\/p>\n<h4 data-start=\"1228\" data-end=\"1241\">Privalumai:<\/h4>\n<ul data-start=\"1243\" data-end=\"1757\">\n<li class=\"\" data-start=\"1243\" data-end=\"1376\">\n<p class=\"\" data-start=\"1245\" data-end=\"1376\">Paprasta naudoti: Nereikia sud\u0117ting\u0173 nustatym\u0173 ar papildymo. Vienkartin\u0117 elektronin\u0117 cigaret\u0117 yra paruo\u0161ta naudoti i\u0161 karto.<\/p>\n<\/li>\n<li class=\"\" data-start=\"1377\" data-end=\"1513\">\n<p class=\"\" data-start=\"1379\" data-end=\"1513\">Ilga tarnavimo trukm\u0117: Su iki 20 000 \u012fkv\u0117pim\u0173 ir dideliu skys\u010dio kiekiu \u0161i elektronin\u0117 cigaret\u0117 yra ideali ilgesniems r\u016bkymo seansams.<\/p>\n<\/li>\n<li class=\"\" data-start=\"1514\" data-end=\"1613\">\n<p class=\"\" data-start=\"1516\" data-end=\"1613\">Paprastas \u012fkrovimas: Per Type-C jungt\u012f baterij\u0105 galima greitai \u012fkrauti.<\/p>\n<\/li>\n<li class=\"\" data-start=\"1614\" data-end=\"1757\">\n<p class=\"\" data-start=\"1616\" data-end=\"1757\">Be muit\u0173: Perkant daugiau nei vapingnet.de, sutaupote importo mokes\u010dius, kas yra svarbus privalumas visiems Europos klientams.<\/p>\n<\/li>\n<\/ul>\n<h4 data-start=\"1759\" data-end=\"1769\">Kod\u0117l WASPE 20000 d\u016bm\u0173 yra geriausias pasirinkimas r\u016bkaliams<\/h4>\n<p class=\"\" data-start=\"1771\" data-end=\"2112\">WASPE 20000 d\u016bm\u0173 si\u016blo neprilygstam\u0105 r\u016bkymo patirt\u012f, kuri i\u0161siskiria savo patogumu, veikimu ir skaniu skoniu. Nesvarbu, ar esate pradedantysis, ar patyr\u0119s r\u016bkalius, \u0161i vienkartin\u0117 elektronin\u0117 cigaret\u0117 atitinka visus auk\u0161tos kokyb\u0117s elektronin\u0117s cigaret\u0117s reikalavimus ir yra labai patogi.<\/p>\n<p class=\"\" data-start=\"2114\" data-end=\"2196\">Daugiau produkt\u0173 ir detali\u0173 rasite vapingnet.de.<\/p>","protected":false},"excerpt":{"rendered":"<p>Die WASPE 20000 Puffs Eine Einweg E Zigarette der n\u00e4chsten Generation Die WASPE 20000 Puffs Einweg E Zigarette ist die perfekte Wahl f\u00fcr Dampfer, die&#8230;<\/p>","protected":false},"featured_media":6783,"template":"","meta":[],"etheme_brands":[],"product_brand":[98],"product_cat":[54,49,61],"product_tag":[],"class_list":{"0":"post-6775","1":"product","2":"type-product","3":"status-publish","4":"has-post-thumbnail","6":"product_brand-waspe-vape","7":"product_cat-vape-20000-zuege","8":"product_cat-einweg-e-zigarette","9":"product_cat-f","11":"first","12":"instock","13":"shipping-taxable","14":"purchasable","15":"product-type-variable"},"yoast_head":"<!-- This site is optimized with the Yoast SEO plugin v26.5 - https:\/\/yoast.com\/wordpress\/plugins\/seo\/ -->\n<title>Sommer Sonne Peach Ice Deine Chill Vape WASPE 20000 Dual Mesh | Vapingnet.de<\/title>\n<meta name=\"description\" content=\"Entdecke Sommer Sonne Peach Ice Deine Chill Vape WASPE 20000 Dual Mesh bei vapingnet.de, \u25ba Gro\u00dfe Auswahl an Geschmacksrichtungen &amp; super g\u00fcnstig!\" \/>\n<meta name=\"robots\" content=\"index, follow, max-snippet:-1, max-image-preview:large, max-video-preview:-1\" \/>\n<link rel=\"canonical\" href=\"https:\/\/vapingnet.de\/lt\/vape\/sommer-sonne-peach-ice-deine-chill-vape-waspe-20000-dual-mesh\/\" \/>\n<meta property=\"og:locale\" content=\"lt_LT\" \/>\n<meta property=\"og:type\" content=\"article\" \/>\n<meta property=\"og:title\" content=\"Sommer Sonne Peach Ice Deine Chill Vape WASPE 20000 Dual Mesh | Vapingnet.de\" \/>\n<meta property=\"og:description\" content=\"Entdecke Sommer Sonne Peach Ice Deine Chill Vape WASPE 20000 Dual Mesh bei vapingnet.de, \u25ba Gro\u00dfe Auswahl an Geschmacksrichtungen &amp; super g\u00fcnstig!\" \/>\n<meta property=\"og:url\" content=\"https:\/\/vapingnet.de\/lt\/vape\/sommer-sonne-peach-ice-deine-chill-vape-waspe-20000-dual-mesh\/\" \/>\n<meta property=\"og:site_name\" content=\"Vapingnet.de\" \/>\n<meta property=\"article:publisher\" content=\"https:\/\/www.facebook.com\/vapingnetde\/\" \/>\n<meta property=\"article:modified_time\" content=\"2026-04-15T07:31:42+00:00\" \/>\n<meta property=\"og:image\" content=\"https:\/\/vapingnet.de\/wp-content\/uploads\/2025\/05\/Peach-Ice.webp\" \/>\n\t<meta property=\"og:image:width\" content=\"1000\" \/>\n\t<meta property=\"og:image:height\" content=\"1000\" \/>\n\t<meta property=\"og:image:type\" content=\"image\/webp\" \/>\n<meta name=\"twitter:card\" content=\"summary_large_image\" \/>\n<meta name=\"twitter:label1\" content=\"Est. reading time\" \/>\n\t<meta name=\"twitter:data1\" content=\"2 minutes\" \/>\n<script type=\"application\/ld+json\" class=\"yoast-schema-graph\">{\"@context\":\"https:\/\/schema.org\",\"@graph\":[{\"@type\":\"WebPage\",\"@id\":\"https:\/\/vapingnet.de\/vape\/sommer-sonne-peach-ice-deine-chill-vape-waspe-20000-dual-mesh\/\",\"url\":\"https:\/\/vapingnet.de\/vape\/sommer-sonne-peach-ice-deine-chill-vape-waspe-20000-dual-mesh\/\",\"name\":\"Sommer Sonne Peach Ice Deine Chill Vape WASPE 20000 Dual Mesh | Vapingnet.de\",\"isPartOf\":{\"@id\":\"https:\/\/vapingnet.de\/#website\"},\"primaryImageOfPage\":{\"@id\":\"https:\/\/vapingnet.de\/vape\/sommer-sonne-peach-ice-deine-chill-vape-waspe-20000-dual-mesh\/#primaryimage\"},\"image\":{\"@id\":\"https:\/\/vapingnet.de\/vape\/sommer-sonne-peach-ice-deine-chill-vape-waspe-20000-dual-mesh\/#primaryimage\"},\"thumbnailUrl\":\"https:\/\/vapingnet.de\/wp-content\/uploads\/2025\/05\/Peach-Ice.webp\",\"datePublished\":\"2025-05-05T06:48:32+00:00\",\"dateModified\":\"2026-04-15T07:31:42+00:00\",\"description\":\"Entdecke Sommer Sonne Peach Ice Deine Chill Vape WASPE 20000 Dual Mesh bei vapingnet.de, \u25ba Gro\u00dfe Auswahl an Geschmacksrichtungen & super g\u00fcnstig!\",\"breadcrumb\":{\"@id\":\"https:\/\/vapingnet.de\/vape\/sommer-sonne-peach-ice-deine-chill-vape-waspe-20000-dual-mesh\/#breadcrumb\"},\"inLanguage\":\"lt-LT\",\"potentialAction\":[{\"@type\":\"ReadAction\",\"target\":[\"https:\/\/vapingnet.de\/vape\/sommer-sonne-peach-ice-deine-chill-vape-waspe-20000-dual-mesh\/\"]}]},{\"@type\":\"ImageObject\",\"inLanguage\":\"lt-LT\",\"@id\":\"https:\/\/vapingnet.de\/vape\/sommer-sonne-peach-ice-deine-chill-vape-waspe-20000-dual-mesh\/#primaryimage\",\"url\":\"https:\/\/vapingnet.de\/wp-content\/uploads\/2025\/05\/Peach-Ice.webp\",\"contentUrl\":\"https:\/\/vapingnet.de\/wp-content\/uploads\/2025\/05\/Peach-Ice.webp\",\"width\":1000,\"height\":1000},{\"@type\":\"BreadcrumbList\",\"@id\":\"https:\/\/vapingnet.de\/vape\/sommer-sonne-peach-ice-deine-chill-vape-waspe-20000-dual-mesh\/#breadcrumb\",\"itemListElement\":[{\"@type\":\"ListItem\",\"position\":1,\"name\":\"Home\",\"item\":\"https:\/\/vapingnet.de\/\"},{\"@type\":\"ListItem\",\"position\":2,\"name\":\"Shop\",\"item\":\"https:\/\/vapingnet.de\/vape\/\"},{\"@type\":\"ListItem\",\"position\":3,\"name\":\"Sommer Sonne Peach Ice Deine Chill Vape WASPE 20000 Dual Mesh\"}]},{\"@type\":\"WebSite\",\"@id\":\"https:\/\/vapingnet.de\/#website\",\"url\":\"https:\/\/vapingnet.de\/\",\"name\":\"Vapingnet.de\",\"description\":\"\",\"publisher\":{\"@id\":\"https:\/\/vapingnet.de\/#organization\"},\"potentialAction\":[{\"@type\":\"SearchAction\",\"target\":{\"@type\":\"EntryPoint\",\"urlTemplate\":\"https:\/\/vapingnet.de\/?s={search_term_string}\"},\"query-input\":{\"@type\":\"PropertyValueSpecification\",\"valueRequired\":true,\"valueName\":\"search_term_string\"}}],\"inLanguage\":\"lt-LT\"},{\"@type\":\"Organization\",\"@id\":\"https:\/\/vapingnet.de\/#organization\",\"name\":\"Vapingnet.de\",\"url\":\"https:\/\/vapingnet.de\/\",\"logo\":{\"@type\":\"ImageObject\",\"inLanguage\":\"lt-LT\",\"@id\":\"https:\/\/vapingnet.de\/#\/schema\/logo\/image\/\",\"url\":\"https:\/\/vapingnet.de\/wp-content\/uploads\/2025\/03\/cropped-vapingnet.de_.jpg\",\"contentUrl\":\"https:\/\/vapingnet.de\/wp-content\/uploads\/2025\/03\/cropped-vapingnet.de_.jpg\",\"width\":512,\"height\":512,\"caption\":\"Vapingnet.de\"},\"image\":{\"@id\":\"https:\/\/vapingnet.de\/#\/schema\/logo\/image\/\"},\"sameAs\":[\"https:\/\/www.facebook.com\/vapingnetde\/\"]}]}<\/script>\n<!-- \/ Yoast SEO plugin. -->","yoast_head_json":{"title":"Sommer Sonne Peach Ice Deine Chill Vape WASPE 20000 Dual Mesh | Vapingnet.de","description":"Entdecke Sommer Sonne Peach Ice Deine Chill Vape WASPE 20000 Dual Mesh bei vapingnet.de, \u25ba Gro\u00dfe Auswahl an Geschmacksrichtungen & super g\u00fcnstig!","robots":{"index":"index","follow":"follow","max-snippet":"max-snippet:-1","max-image-preview":"max-image-preview:large","max-video-preview":"max-video-preview:-1"},"canonical":"https:\/\/vapingnet.de\/lt\/vape\/sommer-sonne-peach-ice-deine-chill-vape-waspe-20000-dual-mesh\/","og_locale":"lt_LT","og_type":"article","og_title":"Sommer Sonne Peach Ice Deine Chill Vape WASPE 20000 Dual Mesh | Vapingnet.de","og_description":"Entdecke Sommer Sonne Peach Ice Deine Chill Vape WASPE 20000 Dual Mesh bei vapingnet.de, \u25ba Gro\u00dfe Auswahl an Geschmacksrichtungen & super g\u00fcnstig!","og_url":"https:\/\/vapingnet.de\/lt\/vape\/sommer-sonne-peach-ice-deine-chill-vape-waspe-20000-dual-mesh\/","og_site_name":"Vapingnet.de","article_publisher":"https:\/\/www.facebook.com\/vapingnetde\/","article_modified_time":"2026-04-15T07:31:42+00:00","og_image":[{"width":1000,"height":1000,"url":"https:\/\/vapingnet.de\/wp-content\/uploads\/2025\/05\/Peach-Ice.webp","type":"image\/webp"}],"twitter_card":"summary_large_image","twitter_misc":{"Est. reading time":"2 minutes"},"schema":{"@context":"https:\/\/schema.org","@graph":[{"@type":"WebPage","@id":"https:\/\/vapingnet.de\/vape\/sommer-sonne-peach-ice-deine-chill-vape-waspe-20000-dual-mesh\/","url":"https:\/\/vapingnet.de\/vape\/sommer-sonne-peach-ice-deine-chill-vape-waspe-20000-dual-mesh\/","name":"Sommer Sonne Peach Ice Deine Chill Vape WASPE 20000 Dual Mesh | Vapingnet.de","isPartOf":{"@id":"https:\/\/vapingnet.de\/#website"},"primaryImageOfPage":{"@id":"https:\/\/vapingnet.de\/vape\/sommer-sonne-peach-ice-deine-chill-vape-waspe-20000-dual-mesh\/#primaryimage"},"image":{"@id":"https:\/\/vapingnet.de\/vape\/sommer-sonne-peach-ice-deine-chill-vape-waspe-20000-dual-mesh\/#primaryimage"},"thumbnailUrl":"https:\/\/vapingnet.de\/wp-content\/uploads\/2025\/05\/Peach-Ice.webp","datePublished":"2025-05-05T06:48:32+00:00","dateModified":"2026-04-15T07:31:42+00:00","description":"Entdecke Sommer Sonne Peach Ice Deine Chill Vape WASPE 20000 Dual Mesh bei vapingnet.de, \u25ba Gro\u00dfe Auswahl an Geschmacksrichtungen & super g\u00fcnstig!","breadcrumb":{"@id":"https:\/\/vapingnet.de\/vape\/sommer-sonne-peach-ice-deine-chill-vape-waspe-20000-dual-mesh\/#breadcrumb"},"inLanguage":"lt-LT","potentialAction":[{"@type":"ReadAction","target":["https:\/\/vapingnet.de\/vape\/sommer-sonne-peach-ice-deine-chill-vape-waspe-20000-dual-mesh\/"]}]},{"@type":"ImageObject","inLanguage":"lt-LT","@id":"https:\/\/vapingnet.de\/vape\/sommer-sonne-peach-ice-deine-chill-vape-waspe-20000-dual-mesh\/#primaryimage","url":"https:\/\/vapingnet.de\/wp-content\/uploads\/2025\/05\/Peach-Ice.webp","contentUrl":"https:\/\/vapingnet.de\/wp-content\/uploads\/2025\/05\/Peach-Ice.webp","width":1000,"height":1000},{"@type":"BreadcrumbList","@id":"https:\/\/vapingnet.de\/vape\/sommer-sonne-peach-ice-deine-chill-vape-waspe-20000-dual-mesh\/#breadcrumb","itemListElement":[{"@type":"ListItem","position":1,"name":"Home","item":"https:\/\/vapingnet.de\/"},{"@type":"ListItem","position":2,"name":"Shop","item":"https:\/\/vapingnet.de\/vape\/"},{"@type":"ListItem","position":3,"name":"Sommer Sonne Peach Ice Deine Chill Vape WASPE 20000 Dual Mesh"}]},{"@type":"WebSite","@id":"https:\/\/vapingnet.de\/#website","url":"https:\/\/vapingnet.de\/","name":"Vapingnet.de","description":"","publisher":{"@id":"https:\/\/vapingnet.de\/#organization"},"potentialAction":[{"@type":"SearchAction","target":{"@type":"EntryPoint","urlTemplate":"https:\/\/vapingnet.de\/?s={search_term_string}"},"query-input":{"@type":"PropertyValueSpecification","valueRequired":true,"valueName":"search_term_string"}}],"inLanguage":"lt-LT"},{"@type":"Organization","@id":"https:\/\/vapingnet.de\/#organization","name":"Vapingnet.de","url":"https:\/\/vapingnet.de\/","logo":{"@type":"ImageObject","inLanguage":"lt-LT","@id":"https:\/\/vapingnet.de\/#\/schema\/logo\/image\/","url":"https:\/\/vapingnet.de\/wp-content\/uploads\/2025\/03\/cropped-vapingnet.de_.jpg","contentUrl":"https:\/\/vapingnet.de\/wp-content\/uploads\/2025\/03\/cropped-vapingnet.de_.jpg","width":512,"height":512,"caption":"Vapingnet.de"},"image":{"@id":"https:\/\/vapingnet.de\/#\/schema\/logo\/image\/"},"sameAs":["https:\/\/www.facebook.com\/vapingnetde\/"]}]}},"tiered_pricing_type":"fixed","tiered_pricing_fixed_rules":[],"tiered_pricing_product_settings":{"layout":"default","base_unit_name":{"singular":null,"plural":null},"default_variation":null},"tiered_pricing_minimum_quantity":null,"tiered_pricing_roles_data":[],"tiered_pricing_percentage_rules":[],"_links":{"self":[{"href":"https:\/\/vapingnet.de\/lt\/wp-json\/wp\/v2\/product\/6775","targetHints":{"allow":["GET"]}}],"collection":[{"href":"https:\/\/vapingnet.de\/lt\/wp-json\/wp\/v2\/product"}],"about":[{"href":"https:\/\/vapingnet.de\/lt\/wp-json\/wp\/v2\/types\/product"}],"version-history":[{"count":3,"href":"https:\/\/vapingnet.de\/lt\/wp-json\/wp\/v2\/product\/6775\/revisions"}],"predecessor-version":[{"id":6795,"href":"https:\/\/vapingnet.de\/lt\/wp-json\/wp\/v2\/product\/6775\/revisions\/6795"}],"wp:featuredmedia":[{"embeddable":true,"href":"https:\/\/vapingnet.de\/lt\/wp-json\/wp\/v2\/media\/6783"}],"wp:attachment":[{"href":"https:\/\/vapingnet.de\/lt\/wp-json\/wp\/v2\/media?parent=6775"}],"wp:term":[{"taxonomy":"brand","embeddable":true,"href":"https:\/\/vapingnet.de\/lt\/wp-json\/wp\/v2\/etheme_brands?post=6775"},{"taxonomy":"product_brand","embeddable":true,"href":"https:\/\/vapingnet.de\/lt\/wp-json\/wp\/v2\/product_brand?post=6775"},{"taxonomy":"product_cat","embeddable":true,"href":"https:\/\/vapingnet.de\/lt\/wp-json\/wp\/v2\/product_cat?post=6775"},{"taxonomy":"product_tag","embeddable":true,"href":"https:\/\/vapingnet.de\/lt\/wp-json\/wp\/v2\/product_tag?post=6775"}],"curies":[{"name":"wp","href":"https:\/\/api.w.org\/{rel}","templated":true}]}}