{"id":6789,"date":"2025-05-05T06:56:43","date_gmt":"2025-05-05T06:56:43","guid":{"rendered":"https:\/\/vapingnet.de\/?post_type=product&#038;p=6789"},"modified":"2026-04-15T07:31:07","modified_gmt":"2026-04-15T07:31:07","slug":"die-vape-fuer-geniesser-waspe-dual-mesh-mit-bestem-peach-blueberry-fudge-geschmack","status":"publish","type":"product","link":"https:\/\/vapingnet.de\/lt\/vape\/die-vape-fuer-geniesser-waspe-dual-mesh-mit-bestem-peach-blueberry-fudge-geschmack\/","title":{"rendered":"Vape m\u0117g\u0117jams WASPE Dual Mesh su geriausiu Peach Blueberry Fudge skoniu"},"content":{"rendered":"<h2 data-start=\"50\" data-end=\"113\" data-immersive-translate-walked=\"9d95233c-936b-4be5-af69-328f1021db54\">Vienkartin\u0117 E cigaret\u0117 WASPE 20000 Puf\u0173 Inovacija garinimo srityje<\/h2>\n<p class=\"\" data-start=\"115\" data-end=\"397\" data-immersive-translate-walked=\"9d95233c-936b-4be5-af69-328f1021db54\" data-immersive-translate-paragraph=\"1\">WASPE 20000 Puf\u0173 yra vienkartin\u0117 E cigaret\u0117, kuri vir\u0161ija garintoj\u0173 l\u016bkes\u010dius ir \u012ftikina savo na\u0161umu bei patogumu naudoti. Ji skirta visiems, kurie ie\u0161ko prakti\u0161kos, ilgalaik\u0117s ir intensyvios garinimo patirties.<\/p>\n<h3 data-start=\"399\" data-end=\"435\" data-immersive-translate-walked=\"9d95233c-936b-4be5-af69-328f1021db54\">Technin\u0117s detal\u0117s ap\u017evalga:<\/h3>\n<ul data-start=\"437\" data-end=\"1147\" data-immersive-translate-walked=\"9d95233c-936b-4be5-af69-328f1021db54\">\n<li class=\"\" data-start=\"437\" data-end=\"623\" data-immersive-translate-walked=\"9d95233c-936b-4be5-af69-328f1021db54\">\n<p class=\"\" data-start=\"439\" data-end=\"623\" data-immersive-translate-walked=\"9d95233c-936b-4be5-af69-328f1021db54\" data-immersive-translate-paragraph=\"1\">Baterija ir \u012fkrovimas: Su galinga 900 mAh baterija ir Type-C jungtimi, WASPE 20000 Puf\u0173 u\u017etikrina greit\u0105 \u012fkrovim\u0105 ir ilgalaik\u012f naudojim\u0105.<\/p>\n<\/li>\n<li class=\"\" data-start=\"624\" data-end=\"813\" data-immersive-translate-walked=\"9d95233c-936b-4be5-af69-328f1021db54\">\n<p class=\"\" data-start=\"626\" data-end=\"813\" data-immersive-translate-walked=\"9d95233c-936b-4be5-af69-328f1021db54\" data-immersive-translate-paragraph=\"1\">Dviguba tinklelio rit\u0117: Dual Mesh technologija su 0,8 Ohm var\u017ea garantuoja intensyv\u0173 skon\u012f ir gausias garo debesys, kurie paver\u010dia garinim\u0105 \u012f malonum\u0105.<\/p>\n<\/li>\n<li class=\"\" data-start=\"814\" data-end=\"981\" data-immersive-translate-walked=\"9d95233c-936b-4be5-af69-328f1021db54\">\n<p class=\"\" data-start=\"816\" data-end=\"981\" data-immersive-translate-walked=\"9d95233c-936b-4be5-af69-328f1021db54\" data-immersive-translate-paragraph=\"1\">Skys\u010dio talpa: Su 24 ml skys\u010dio ir 20 000 \u012fkv\u0117pim\u0173 tarnavimo laiku, ji yra ideali pasirinktis garintojams, nenorintiems papildyti.<\/p>\n<\/li>\n<li class=\"\" data-start=\"982\" data-end=\"1147\" data-immersive-translate-walked=\"9d95233c-936b-4be5-af69-328f1021db54\">\n<p class=\"\" data-start=\"984\" data-end=\"1147\" data-immersive-translate-walked=\"9d95233c-936b-4be5-af69-328f1021db54\" data-immersive-translate-paragraph=\"1\">LCD ekranas: LCD ekranas nuolat informuoja garintoj\u0105 apie akumuliatoriaus b\u016bsen\u0105 ir skys\u010dio lyg\u012f \u2013 patogiam naudojimui be netik\u0117tum\u0173.<\/p>\n<\/li>\n<\/ul>\n<h4 data-start=\"1149\" data-end=\"1199\" data-immersive-translate-walked=\"9d95233c-936b-4be5-af69-328f1021db54\">Unikalus skonis: Peach Blueberry Fudge<\/h4>\n<p class=\"\" data-start=\"1201\" data-end=\"1527\" data-immersive-translate-walked=\"9d95233c-936b-4be5-af69-328f1021db54\" data-immersive-translate-paragraph=\"1\">WASPE 20000 Puf\u0173 ne tik i\u0161siskiria technologi\u0161kai, bet ir si\u016blo unikal\u0173 skonio patirt\u012f. Peach Blueberry Fudge skonis jungia persik\u0173 gaivum\u0105 su m\u0117lyni\u0173 saldumu ir viliojan\u010dia fudge nata, kuri paver\u010dia garinim\u0105 \u012f nepamir\u0161tam\u0105 patirt\u012f.<\/p>\n<h3 data-start=\"1529\" data-end=\"1580\" data-immersive-translate-walked=\"9d95233c-936b-4be5-af69-328f1021db54\">Kod\u0117l tur\u0117tum pasirinkti WASPE 20000 Puf\u0173:<\/h3>\n<ul data-start=\"1582\" data-end=\"2192\" data-immersive-translate-walked=\"9d95233c-936b-4be5-af69-328f1021db54\">\n<li class=\"\" data-start=\"1582\" data-end=\"1768\" data-immersive-translate-walked=\"9d95233c-936b-4be5-af69-328f1021db54\">\n<p class=\"\" data-start=\"1584\" data-end=\"1768\" data-immersive-translate-paragraph=\"1\" data-immersive-translate-walked=\"9d95233c-936b-4be5-af69-328f1021db54\">Ilgaam\u017e\u0117 ir patikima: Su iki 20 000 \u012fkv\u0117pim\u0173 \u0161i vienkartin\u0117 E cigaret\u0117 pasi\u017eymi puikia patvarumu, kuris tenkina net reikliausius garintojus.<\/p>\n<\/li>\n<li class=\"\" data-start=\"1769\" data-end=\"1931\" data-immersive-translate-walked=\"9d95233c-936b-4be5-af69-328f1021db54\">\n<p class=\"\" data-start=\"1771\" data-end=\"1931\" data-immersive-translate-walked=\"9d95233c-936b-4be5-af69-328f1021db54\" data-immersive-translate-paragraph=\"1\">Greitas \u012fkrovimas: Type-C jungtis leid\u017eia greitai \u012fkrauti, tad niekada nereik\u0117s ilgai laukti, kol v\u0117l gal\u0117si naudoti savo cigaret\u0119.<\/p>\n<\/li>\n<li class=\"\" data-start=\"1932\" data-end=\"2052\" data-immersive-translate-walked=\"9d95233c-936b-4be5-af69-328f1021db54\">\n<p class=\"\" data-start=\"1934\" data-end=\"2052\" data-immersive-translate-walked=\"9d95233c-936b-4be5-af69-328f1021db54\" data-immersive-translate-paragraph=\"1\">Be muit\u0173 i\u0161laid\u0173: Perkant daugiau nei vapingnet.de, gauni muit\u0173 nemokam\u0105 pristatym\u0105 ir greit\u0105 siuntim\u0105.<\/p>\n<\/li>\n<li class=\"\" data-start=\"2053\" data-end=\"2192\" data-immersive-translate-walked=\"9d95233c-936b-4be5-af69-328f1021db54\">\n<p class=\"\" data-start=\"2055\" data-end=\"2192\" data-immersive-translate-walked=\"9d95233c-936b-4be5-af69-328f1021db54\" data-immersive-translate-paragraph=\"1\">Patogus naudojimas: Be papildymo ar rit\u0117s keitimo \u2013 tiesiog m\u0117gaukit\u0117s \u012frenginiu ir b\u016bkite pasiruo\u0161\u0119s kitam \u012fkv\u0117pimui bet kada.<\/p>\n<\/li>\n<\/ul>\n<p class=\"\" data-start=\"2194\" data-end=\"2506\" data-immersive-translate-walked=\"9d95233c-936b-4be5-af69-328f1021db54\" data-immersive-translate-paragraph=\"1\">WASPE 20000 Puf\u0173 si\u016blo i\u0161skirtin\u0119 derin\u012f tarp na\u0161umo, skonio ir patogumo naudoti. Jei ie\u0161kote patikimos ir ilgalaik\u0117s vienkartin\u0117s E cigaret\u0117s, kuri j\u016bs\u0173 nenusivils, \u0161is modelis yra tobulas pasirinkimas jums. Apsilankykite vapingnet.de daugiau detali\u0173.<\/p>","protected":false},"excerpt":{"rendered":"<p>Einweg E Zigarette WASPE 20000 Puffs Innovation im Dampfen Die WASPE 20000 Puffs ist eine Einweg E Zigarette, die die Erwartungen der Dampfer \u00fcbertrifft und&#8230;<\/p>","protected":false},"featured_media":6902,"template":"","meta":[],"etheme_brands":[],"product_brand":[98],"product_cat":[54,49,61],"product_tag":[],"class_list":{"0":"post-6789","1":"product","2":"type-product","3":"status-publish","4":"has-post-thumbnail","6":"product_brand-waspe-vape","7":"product_cat-vape-20000-zuege","8":"product_cat-einweg-e-zigarette","9":"product_cat-f","11":"first","12":"instock","13":"shipping-taxable","14":"purchasable","15":"product-type-variable"},"yoast_head":"<!-- This site is optimized with the Yoast SEO plugin v26.5 - https:\/\/yoast.com\/wordpress\/plugins\/seo\/ -->\n<title>Die Vape F\u00fcr Genie\u00dfer WASPE Dual Mesh Mit Bestem Peach Blueberry Fudge Geschmack | Vapingnet.de<\/title>\n<meta name=\"description\" content=\"Entdecke Die Vape F\u00fcr Genie\u00dfer WASPE Dual Mesh Mit Bestem Peach Blueberry Fudge Geschmack bei vapingnet.de, \u25ba Gro\u00dfe Auswahl an Geschmacksrichtungen &amp; super g\u00fcnstig!\" \/>\n<meta name=\"robots\" content=\"index, follow, max-snippet:-1, max-image-preview:large, max-video-preview:-1\" \/>\n<link rel=\"canonical\" href=\"https:\/\/vapingnet.de\/lt\/vape\/die-vape-fuer-geniesser-waspe-dual-mesh-mit-bestem-peach-blueberry-fudge-geschmack\/\" \/>\n<meta property=\"og:locale\" content=\"lt_LT\" \/>\n<meta property=\"og:type\" content=\"article\" \/>\n<meta property=\"og:title\" content=\"Die Vape F\u00fcr Genie\u00dfer WASPE Dual Mesh Mit Bestem Peach Blueberry Fudge Geschmack | Vapingnet.de\" \/>\n<meta property=\"og:description\" content=\"Entdecke Die Vape F\u00fcr Genie\u00dfer WASPE Dual Mesh Mit Bestem Peach Blueberry Fudge Geschmack bei vapingnet.de, \u25ba Gro\u00dfe Auswahl an Geschmacksrichtungen &amp; super g\u00fcnstig!\" \/>\n<meta property=\"og:url\" content=\"https:\/\/vapingnet.de\/lt\/vape\/die-vape-fuer-geniesser-waspe-dual-mesh-mit-bestem-peach-blueberry-fudge-geschmack\/\" \/>\n<meta property=\"og:site_name\" content=\"Vapingnet.de\" \/>\n<meta property=\"article:publisher\" content=\"https:\/\/www.facebook.com\/vapingnetde\/\" \/>\n<meta property=\"article:modified_time\" content=\"2026-04-15T07:31:07+00:00\" \/>\n<meta property=\"og:image\" content=\"https:\/\/vapingnet.de\/wp-content\/uploads\/2025\/05\/WASPE-VAPE1.webp\" \/>\n\t<meta property=\"og:image:width\" content=\"1000\" \/>\n\t<meta property=\"og:image:height\" content=\"1000\" \/>\n\t<meta property=\"og:image:type\" content=\"image\/webp\" \/>\n<meta name=\"twitter:card\" content=\"summary_large_image\" \/>\n<meta name=\"twitter:label1\" content=\"Est. reading time\" \/>\n\t<meta name=\"twitter:data1\" content=\"2 minutes\" \/>\n<script type=\"application\/ld+json\" class=\"yoast-schema-graph\">{\"@context\":\"https:\/\/schema.org\",\"@graph\":[{\"@type\":\"WebPage\",\"@id\":\"https:\/\/vapingnet.de\/vape\/die-vape-fuer-geniesser-waspe-dual-mesh-mit-bestem-peach-blueberry-fudge-geschmack\/\",\"url\":\"https:\/\/vapingnet.de\/vape\/die-vape-fuer-geniesser-waspe-dual-mesh-mit-bestem-peach-blueberry-fudge-geschmack\/\",\"name\":\"Die Vape F\u00fcr Genie\u00dfer WASPE Dual Mesh Mit Bestem Peach Blueberry Fudge Geschmack | Vapingnet.de\",\"isPartOf\":{\"@id\":\"https:\/\/vapingnet.de\/#website\"},\"primaryImageOfPage\":{\"@id\":\"https:\/\/vapingnet.de\/vape\/die-vape-fuer-geniesser-waspe-dual-mesh-mit-bestem-peach-blueberry-fudge-geschmack\/#primaryimage\"},\"image\":{\"@id\":\"https:\/\/vapingnet.de\/vape\/die-vape-fuer-geniesser-waspe-dual-mesh-mit-bestem-peach-blueberry-fudge-geschmack\/#primaryimage\"},\"thumbnailUrl\":\"https:\/\/vapingnet.de\/wp-content\/uploads\/2025\/05\/WASPE-VAPE1.webp\",\"datePublished\":\"2025-05-05T06:56:43+00:00\",\"dateModified\":\"2026-04-15T07:31:07+00:00\",\"description\":\"Entdecke Die Vape F\u00fcr Genie\u00dfer WASPE Dual Mesh Mit Bestem Peach Blueberry Fudge Geschmack bei vapingnet.de, \u25ba Gro\u00dfe Auswahl an Geschmacksrichtungen & super g\u00fcnstig!\",\"breadcrumb\":{\"@id\":\"https:\/\/vapingnet.de\/vape\/die-vape-fuer-geniesser-waspe-dual-mesh-mit-bestem-peach-blueberry-fudge-geschmack\/#breadcrumb\"},\"inLanguage\":\"lt-LT\",\"potentialAction\":[{\"@type\":\"ReadAction\",\"target\":[\"https:\/\/vapingnet.de\/vape\/die-vape-fuer-geniesser-waspe-dual-mesh-mit-bestem-peach-blueberry-fudge-geschmack\/\"]}]},{\"@type\":\"ImageObject\",\"inLanguage\":\"lt-LT\",\"@id\":\"https:\/\/vapingnet.de\/vape\/die-vape-fuer-geniesser-waspe-dual-mesh-mit-bestem-peach-blueberry-fudge-geschmack\/#primaryimage\",\"url\":\"https:\/\/vapingnet.de\/wp-content\/uploads\/2025\/05\/WASPE-VAPE1.webp\",\"contentUrl\":\"https:\/\/vapingnet.de\/wp-content\/uploads\/2025\/05\/WASPE-VAPE1.webp\",\"width\":1000,\"height\":1000},{\"@type\":\"BreadcrumbList\",\"@id\":\"https:\/\/vapingnet.de\/vape\/die-vape-fuer-geniesser-waspe-dual-mesh-mit-bestem-peach-blueberry-fudge-geschmack\/#breadcrumb\",\"itemListElement\":[{\"@type\":\"ListItem\",\"position\":1,\"name\":\"Home\",\"item\":\"https:\/\/vapingnet.de\/\"},{\"@type\":\"ListItem\",\"position\":2,\"name\":\"Shop\",\"item\":\"https:\/\/vapingnet.de\/vape\/\"},{\"@type\":\"ListItem\",\"position\":3,\"name\":\"Die Vape F\u00fcr Genie\u00dfer WASPE Dual Mesh Mit Bestem Peach Blueberry Fudge Geschmack\"}]},{\"@type\":\"WebSite\",\"@id\":\"https:\/\/vapingnet.de\/#website\",\"url\":\"https:\/\/vapingnet.de\/\",\"name\":\"Vapingnet.de\",\"description\":\"\",\"publisher\":{\"@id\":\"https:\/\/vapingnet.de\/#organization\"},\"potentialAction\":[{\"@type\":\"SearchAction\",\"target\":{\"@type\":\"EntryPoint\",\"urlTemplate\":\"https:\/\/vapingnet.de\/?s={search_term_string}\"},\"query-input\":{\"@type\":\"PropertyValueSpecification\",\"valueRequired\":true,\"valueName\":\"search_term_string\"}}],\"inLanguage\":\"lt-LT\"},{\"@type\":\"Organization\",\"@id\":\"https:\/\/vapingnet.de\/#organization\",\"name\":\"Vapingnet.de\",\"url\":\"https:\/\/vapingnet.de\/\",\"logo\":{\"@type\":\"ImageObject\",\"inLanguage\":\"lt-LT\",\"@id\":\"https:\/\/vapingnet.de\/#\/schema\/logo\/image\/\",\"url\":\"https:\/\/vapingnet.de\/wp-content\/uploads\/2025\/03\/cropped-vapingnet.de_.jpg\",\"contentUrl\":\"https:\/\/vapingnet.de\/wp-content\/uploads\/2025\/03\/cropped-vapingnet.de_.jpg\",\"width\":512,\"height\":512,\"caption\":\"Vapingnet.de\"},\"image\":{\"@id\":\"https:\/\/vapingnet.de\/#\/schema\/logo\/image\/\"},\"sameAs\":[\"https:\/\/www.facebook.com\/vapingnetde\/\"]}]}<\/script>\n<!-- \/ Yoast SEO plugin. -->","yoast_head_json":{"title":"Die Vape F\u00fcr Genie\u00dfer WASPE Dual Mesh Mit Bestem Peach Blueberry Fudge Geschmack | Vapingnet.de","description":"Entdecke Die Vape F\u00fcr Genie\u00dfer WASPE Dual Mesh Mit Bestem Peach Blueberry Fudge Geschmack bei vapingnet.de, \u25ba Gro\u00dfe Auswahl an Geschmacksrichtungen & super g\u00fcnstig!","robots":{"index":"index","follow":"follow","max-snippet":"max-snippet:-1","max-image-preview":"max-image-preview:large","max-video-preview":"max-video-preview:-1"},"canonical":"https:\/\/vapingnet.de\/lt\/vape\/die-vape-fuer-geniesser-waspe-dual-mesh-mit-bestem-peach-blueberry-fudge-geschmack\/","og_locale":"lt_LT","og_type":"article","og_title":"Die Vape F\u00fcr Genie\u00dfer WASPE Dual Mesh Mit Bestem Peach Blueberry Fudge Geschmack | Vapingnet.de","og_description":"Entdecke Die Vape F\u00fcr Genie\u00dfer WASPE Dual Mesh Mit Bestem Peach Blueberry Fudge Geschmack bei vapingnet.de, \u25ba Gro\u00dfe Auswahl an Geschmacksrichtungen & super g\u00fcnstig!","og_url":"https:\/\/vapingnet.de\/lt\/vape\/die-vape-fuer-geniesser-waspe-dual-mesh-mit-bestem-peach-blueberry-fudge-geschmack\/","og_site_name":"Vapingnet.de","article_publisher":"https:\/\/www.facebook.com\/vapingnetde\/","article_modified_time":"2026-04-15T07:31:07+00:00","og_image":[{"width":1000,"height":1000,"url":"https:\/\/vapingnet.de\/wp-content\/uploads\/2025\/05\/WASPE-VAPE1.webp","type":"image\/webp"}],"twitter_card":"summary_large_image","twitter_misc":{"Est. reading time":"2 minutes"},"schema":{"@context":"https:\/\/schema.org","@graph":[{"@type":"WebPage","@id":"https:\/\/vapingnet.de\/vape\/die-vape-fuer-geniesser-waspe-dual-mesh-mit-bestem-peach-blueberry-fudge-geschmack\/","url":"https:\/\/vapingnet.de\/vape\/die-vape-fuer-geniesser-waspe-dual-mesh-mit-bestem-peach-blueberry-fudge-geschmack\/","name":"Die Vape F\u00fcr Genie\u00dfer WASPE Dual Mesh Mit Bestem Peach Blueberry Fudge Geschmack | Vapingnet.de","isPartOf":{"@id":"https:\/\/vapingnet.de\/#website"},"primaryImageOfPage":{"@id":"https:\/\/vapingnet.de\/vape\/die-vape-fuer-geniesser-waspe-dual-mesh-mit-bestem-peach-blueberry-fudge-geschmack\/#primaryimage"},"image":{"@id":"https:\/\/vapingnet.de\/vape\/die-vape-fuer-geniesser-waspe-dual-mesh-mit-bestem-peach-blueberry-fudge-geschmack\/#primaryimage"},"thumbnailUrl":"https:\/\/vapingnet.de\/wp-content\/uploads\/2025\/05\/WASPE-VAPE1.webp","datePublished":"2025-05-05T06:56:43+00:00","dateModified":"2026-04-15T07:31:07+00:00","description":"Entdecke Die Vape F\u00fcr Genie\u00dfer WASPE Dual Mesh Mit Bestem Peach Blueberry Fudge Geschmack bei vapingnet.de, \u25ba Gro\u00dfe Auswahl an Geschmacksrichtungen & super g\u00fcnstig!","breadcrumb":{"@id":"https:\/\/vapingnet.de\/vape\/die-vape-fuer-geniesser-waspe-dual-mesh-mit-bestem-peach-blueberry-fudge-geschmack\/#breadcrumb"},"inLanguage":"lt-LT","potentialAction":[{"@type":"ReadAction","target":["https:\/\/vapingnet.de\/vape\/die-vape-fuer-geniesser-waspe-dual-mesh-mit-bestem-peach-blueberry-fudge-geschmack\/"]}]},{"@type":"ImageObject","inLanguage":"lt-LT","@id":"https:\/\/vapingnet.de\/vape\/die-vape-fuer-geniesser-waspe-dual-mesh-mit-bestem-peach-blueberry-fudge-geschmack\/#primaryimage","url":"https:\/\/vapingnet.de\/wp-content\/uploads\/2025\/05\/WASPE-VAPE1.webp","contentUrl":"https:\/\/vapingnet.de\/wp-content\/uploads\/2025\/05\/WASPE-VAPE1.webp","width":1000,"height":1000},{"@type":"BreadcrumbList","@id":"https:\/\/vapingnet.de\/vape\/die-vape-fuer-geniesser-waspe-dual-mesh-mit-bestem-peach-blueberry-fudge-geschmack\/#breadcrumb","itemListElement":[{"@type":"ListItem","position":1,"name":"Home","item":"https:\/\/vapingnet.de\/"},{"@type":"ListItem","position":2,"name":"Shop","item":"https:\/\/vapingnet.de\/vape\/"},{"@type":"ListItem","position":3,"name":"Die Vape F\u00fcr Genie\u00dfer WASPE Dual Mesh Mit Bestem Peach Blueberry Fudge Geschmack"}]},{"@type":"WebSite","@id":"https:\/\/vapingnet.de\/#website","url":"https:\/\/vapingnet.de\/","name":"Vapingnet.de","description":"","publisher":{"@id":"https:\/\/vapingnet.de\/#organization"},"potentialAction":[{"@type":"SearchAction","target":{"@type":"EntryPoint","urlTemplate":"https:\/\/vapingnet.de\/?s={search_term_string}"},"query-input":{"@type":"PropertyValueSpecification","valueRequired":true,"valueName":"search_term_string"}}],"inLanguage":"lt-LT"},{"@type":"Organization","@id":"https:\/\/vapingnet.de\/#organization","name":"Vapingnet.de","url":"https:\/\/vapingnet.de\/","logo":{"@type":"ImageObject","inLanguage":"lt-LT","@id":"https:\/\/vapingnet.de\/#\/schema\/logo\/image\/","url":"https:\/\/vapingnet.de\/wp-content\/uploads\/2025\/03\/cropped-vapingnet.de_.jpg","contentUrl":"https:\/\/vapingnet.de\/wp-content\/uploads\/2025\/03\/cropped-vapingnet.de_.jpg","width":512,"height":512,"caption":"Vapingnet.de"},"image":{"@id":"https:\/\/vapingnet.de\/#\/schema\/logo\/image\/"},"sameAs":["https:\/\/www.facebook.com\/vapingnetde\/"]}]}},"tiered_pricing_type":"fixed","tiered_pricing_fixed_rules":[],"tiered_pricing_product_settings":{"layout":"default","base_unit_name":{"singular":null,"plural":null},"default_variation":null},"tiered_pricing_minimum_quantity":null,"tiered_pricing_roles_data":[],"tiered_pricing_percentage_rules":[],"_links":{"self":[{"href":"https:\/\/vapingnet.de\/lt\/wp-json\/wp\/v2\/product\/6789","targetHints":{"allow":["GET"]}}],"collection":[{"href":"https:\/\/vapingnet.de\/lt\/wp-json\/wp\/v2\/product"}],"about":[{"href":"https:\/\/vapingnet.de\/lt\/wp-json\/wp\/v2\/types\/product"}],"version-history":[{"count":1,"href":"https:\/\/vapingnet.de\/lt\/wp-json\/wp\/v2\/product\/6789\/revisions"}],"predecessor-version":[{"id":6796,"href":"https:\/\/vapingnet.de\/lt\/wp-json\/wp\/v2\/product\/6789\/revisions\/6796"}],"wp:featuredmedia":[{"embeddable":true,"href":"https:\/\/vapingnet.de\/lt\/wp-json\/wp\/v2\/media\/6902"}],"wp:attachment":[{"href":"https:\/\/vapingnet.de\/lt\/wp-json\/wp\/v2\/media?parent=6789"}],"wp:term":[{"taxonomy":"brand","embeddable":true,"href":"https:\/\/vapingnet.de\/lt\/wp-json\/wp\/v2\/etheme_brands?post=6789"},{"taxonomy":"product_brand","embeddable":true,"href":"https:\/\/vapingnet.de\/lt\/wp-json\/wp\/v2\/product_brand?post=6789"},{"taxonomy":"product_cat","embeddable":true,"href":"https:\/\/vapingnet.de\/lt\/wp-json\/wp\/v2\/product_cat?post=6789"},{"taxonomy":"product_tag","embeddable":true,"href":"https:\/\/vapingnet.de\/lt\/wp-json\/wp\/v2\/product_tag?post=6789"}],"curies":[{"name":"wp","href":"https:\/\/api.w.org\/{rel}","templated":true}]}}