{"id":6791,"date":"2025-05-05T06:56:47","date_gmt":"2025-05-05T06:56:47","guid":{"rendered":"https:\/\/vapingnet.de\/?post_type=product&#038;p=6791"},"modified":"2026-04-15T07:29:58","modified_gmt":"2026-04-15T07:29:58","slug":"bock-auf-fruchtig-frisch-hol-dir-waspe-20000-vape-raspberry-cherry-jetzt","status":"publish","type":"product","link":"https:\/\/vapingnet.de\/lt\/vape\/bock-auf-fruchtig-frisch-hol-dir-waspe-20000-vape-raspberry-cherry-jetzt\/","title":{"rendered":"Nori vaisi\u0161ko ir gaivaus? Gauk WASPE 20000 Vape Raspberry Cherry dabar"},"content":{"rendered":"<h2 data-start=\"78\" data-end=\"164\" data-immersive-translate-walked=\"a795b2c8-2539-446e-9a00-f1e073e4abd1\" data-immersive-translate-paragraph=\"1\">WASPE 20000 p\u016btim\u0173 vienkartin\u0117 E-cigaret\u0117 \u2013 j\u016bs\u0173 tobulas palydovas kiekvienai situacijai<\/h2>\n<ul data-start=\"189\" data-end=\"415\" data-immersive-translate-walked=\"a795b2c8-2539-446e-9a00-f1e073e4abd1\">\n<li class=\"\" data-start=\"189\" data-end=\"209\" data-immersive-translate-walked=\"a795b2c8-2539-446e-9a00-f1e073e4abd1\">\n<p class=\"\" data-start=\"191\" data-end=\"209\" data-immersive-translate-walked=\"a795b2c8-2539-446e-9a00-f1e073e4abd1\" data-immersive-translate-paragraph=\"1\">P\u016btimai: 20 000<\/p>\n<\/li>\n<li class=\"\" data-start=\"210\" data-end=\"240\" data-immersive-translate-walked=\"a795b2c8-2539-446e-9a00-f1e073e4abd1\">\n<p class=\"\" data-start=\"212\" data-end=\"240\" data-immersive-translate-walked=\"a795b2c8-2539-446e-9a00-f1e073e4abd1\" data-immersive-translate-paragraph=\"1\">Skys\u010dio talpa: 24 ml<\/p>\n<\/li>\n<li class=\"\" data-start=\"241\" data-end=\"272\" data-immersive-translate-walked=\"a795b2c8-2539-446e-9a00-f1e073e4abd1\">\n<p class=\"\" data-start=\"243\" data-end=\"272\" data-immersive-translate-walked=\"a795b2c8-2539-446e-9a00-f1e073e4abd1\" data-immersive-translate-paragraph=\"1\">Nikotinas: 0%, 2%, 3%, 5%<\/p>\n<\/li>\n<li class=\"\" data-start=\"273\" data-end=\"316\" data-immersive-translate-walked=\"a795b2c8-2539-446e-9a00-f1e073e4abd1\">\n<p class=\"\" data-start=\"275\" data-end=\"316\" data-immersive-translate-walked=\"a795b2c8-2539-446e-9a00-f1e073e4abd1\" data-immersive-translate-paragraph=\"1\">Vamzdelis: Dviguba tinklelis, var\u017ea 0,8 Ohm<\/p>\n<\/li>\n<li class=\"\" data-start=\"317\" data-end=\"371\" data-immersive-translate-walked=\"a795b2c8-2539-446e-9a00-f1e073e4abd1\">\n<p class=\"\" data-start=\"319\" data-end=\"371\" data-immersive-translate-walked=\"a795b2c8-2539-446e-9a00-f1e073e4abd1\" data-immersive-translate-paragraph=\"1\">Baterija: 900 mAh, \u012fkraunama per Type-C<\/p>\n<\/li>\n<li class=\"\" data-start=\"372\" data-end=\"392\" data-immersive-translate-walked=\"a795b2c8-2539-446e-9a00-f1e073e4abd1\">\n<p class=\"\" data-start=\"374\" data-end=\"392\" data-immersive-translate-walked=\"a795b2c8-2539-446e-9a00-f1e073e4abd1\" data-immersive-translate-paragraph=\"1\">Ekranas: LCD<\/p>\n<\/li>\n<li class=\"\" data-start=\"393\" data-end=\"415\" data-immersive-translate-walked=\"a795b2c8-2539-446e-9a00-f1e073e4abd1\">\n<p class=\"\" data-start=\"395\" data-end=\"415\" data-immersive-translate-walked=\"a795b2c8-2539-446e-9a00-f1e073e4abd1\" data-immersive-translate-paragraph=\"1\">Svoris: 110 g<\/p>\n<\/li>\n<\/ul>\n<h4 class=\"\" data-start=\"422\" data-end=\"472\" data-immersive-translate-walked=\"a795b2c8-2539-446e-9a00-f1e073e4abd1\" data-immersive-translate-paragraph=\"1\">1. Ramiam popiet\u0117s pasivaik\u0161\u010diojimui parke<\/h4>\n<p class=\"\" data-start=\"474\" data-end=\"1049\" data-immersive-translate-walked=\"a795b2c8-2539-446e-9a00-f1e073e4abd1\" data-immersive-translate-paragraph=\"1\">\u012esivaizduokite, kad esate parke, m\u0117gaujat\u0117s saul\u0117tu oru ir k\u0105 tik padar\u0117te pertrauk\u0105 nuo \u017eygio. WASPE 20000 p\u016btim\u0173 yra j\u016bs\u0173 tobulas palydovas: \u012fkvepiate i\u0161 Raspberry Cherry E-cigaret\u0117s, vaisinis skonis apgaubia j\u016bs\u0173 poj\u016b\u010dius ir jau\u010diate, kaip stres\u0105 i\u0161 j\u016bs\u0173 i\u0161sklaido kasdienis r\u016bpestis. D\u0117l dvigubo tinklelio vamzdelio ir 0,8 Ohm var\u017eos m\u0117gaujat\u0117s kiekvienu \u012fkv\u0117pimu pilna j\u0117ga. Didel\u0117 900 mAh baterija pakankamai ilgai i\u0161laiko, kad gal\u0117tum\u0117te m\u0117gautis skaniu garu be r\u016bpes\u010di\u0173 d\u0117l \u012fkrovimo.<\/p>\n<h4 class=\"\" data-start=\"1051\" data-end=\"1091\" data-immersive-translate-walked=\"a795b2c8-2539-446e-9a00-f1e073e4abd1\" data-immersive-translate-paragraph=\"1\">2. Piet\u0173 pertraukai biure<\/h4>\n<p class=\"\" data-start=\"1093\" data-end=\"1657\" data-immersive-translate-walked=\"a795b2c8-2539-446e-9a00-f1e073e4abd1\" data-immersive-translate-paragraph=\"1\">Esate darbe ir turite akimirk\u0105 sau. Klaviat\u016bros spaudimas ma\u017e\u0117ja, ir j\u016bs m\u0117gaujat\u0117s trumpa pertrauka. Su WASPE 20000 p\u016btim\u0173 turite ideali\u0105 sprendim\u0105: ji yra prakti\u0161ka, paprasta naudoti ir nereikalauja sud\u0117ting\u0173 nustatym\u0173. LCD ekranas suteikia jums reikiam\u0105 informacij\u0105, kad visada \u017einotum\u0117te, kiek liko baterijos ir skys\u010dio. Papras\u010diausiai pasirinkite savo m\u0117gstam\u0105 nikotino variant\u0105 \u2013 0%, 2%, 3% ar 5% \u2013 ir visi\u0161kai susitelkite \u012f skon\u012f ir atsipalaidavim\u0105.<\/p>\n<h4 class=\"\" data-start=\"1659\" data-end=\"1705\" data-immersive-translate-walked=\"a795b2c8-2539-446e-9a00-f1e073e4abd1\" data-immersive-translate-paragraph=\"1\">3. Rami vakaro poilsis namuose<\/h4>\n<p class=\"\" data-start=\"1707\" data-end=\"2106\" data-immersive-translate-walked=\"a795b2c8-2539-446e-9a00-f1e073e4abd1\" data-immersive-translate-paragraph=\"1\">Po ilgos dienos, kai pagaliau esate namuose, laikas atsipalaiduoti. Atsis\u0117date ant sofos, paimate WASPE 20000 p\u016btim\u0173 ir m\u0117gaujat\u0117s skaniais \u012fkv\u0117pimais. 24 ml skys\u010dio bakelis i\u0161laiko intensyv\u0173 naudojim\u0105. Jums nereikia r\u016bpintis papildymu ar da\u017enais \u012fkrovimo pertraukomis. Papras\u010diausiai \u012fkv\u0117pkite ir paleiskite stres\u0105 u\u017e nugaros.<\/p>\n<h3 data-start=\"2113\" data-end=\"2424\" data-immersive-translate-walked=\"a795b2c8-2539-446e-9a00-f1e073e4abd1\" data-immersive-translate-paragraph=\"1\"><img fetchpriority=\"high\" decoding=\"async\" class=\"size-full wp-image-6901 aligncenter\" src=\"https:\/\/vapingnet.de\/wp-content\/uploads\/2025\/05\/WASPE-VAPE2.webp\" alt=\"\" width=\"1000\" height=\"1000\" srcset=\"https:\/\/vapingnet.de\/wp-content\/uploads\/2025\/05\/WASPE-VAPE2.webp 1000w, https:\/\/vapingnet.de\/wp-content\/uploads\/2025\/05\/WASPE-VAPE2-300x300.webp 300w, https:\/\/vapingnet.de\/wp-content\/uploads\/2025\/05\/WASPE-VAPE2-150x150.webp 150w, https:\/\/vapingnet.de\/wp-content\/uploads\/2025\/05\/WASPE-VAPE2-768x768.webp 768w, https:\/\/vapingnet.de\/wp-content\/uploads\/2025\/05\/WASPE-VAPE2-600x600.webp 600w, https:\/\/vapingnet.de\/wp-content\/uploads\/2025\/05\/WASPE-VAPE2-100x100.webp 100w, https:\/\/vapingnet.de\/wp-content\/uploads\/2025\/05\/WASPE-VAPE2-1x1.webp 1w, https:\/\/vapingnet.de\/wp-content\/uploads\/2025\/05\/WASPE-VAPE2-10x10.webp 10w\" sizes=\"(max-width: 1000px) 100vw, 1000px\" \/><\/h3>\n<h3 data-start=\"2113\" data-end=\"2424\" data-immersive-translate-walked=\"a795b2c8-2539-446e-9a00-f1e073e4abd1\" data-immersive-translate-paragraph=\"1\">J\u016bs\u0173 tobulas palydovas kiekvienai progai<\/h3>\n<p class=\"\" data-start=\"2113\" data-end=\"2424\" data-immersive-translate-walked=\"a795b2c8-2539-446e-9a00-f1e073e4abd1\" data-immersive-translate-paragraph=\"1\">Nesvarbu, ar parke, biure ar namuose \u2013 WASPE 20000 p\u016btim\u0173 vienkartin\u0117 E-cigaret\u0117 yra j\u016bs\u0173 idealus palydovas kiekvienai progai. Su ilga baterija, dideliu skys\u010dio baku ir patogiu Type-C jungtimi ji u\u017etikrina ner\u016bpesting\u0105 garinim\u0105 bet kada, kai to norite.<\/p>\n<p class=\"\" data-start=\"2426\" data-end=\"2527\" data-immersive-translate-walked=\"a795b2c8-2539-446e-9a00-f1e073e4abd1\" data-immersive-translate-paragraph=\"1\">\u012esigykite savo WASPE 20000 p\u016btim\u0173 i\u0161 vapingnet.de ir patirkite nauj\u0105 garavimo dimensij\u0105!<\/p>","protected":false},"excerpt":{"rendered":"<p>WASPE 20000 P\u016b\u010di\u0173 vienkartin\u0117 elektronin\u0117 cigaret\u0117 \u2013 j\u016bs\u0173 tobulas palydovas kiekvienai situacijai. \u012ekv\u0117pimai: 20 000. Skystis talpa: 24 ml. Nikotinas: 0%, 2%, 3%, 5%. Rit\u0117: Dual Mesh,...<\/p>","protected":false},"featured_media":6784,"template":"","meta":[],"etheme_brands":[],"product_brand":[98],"product_cat":[54,49,61],"product_tag":[],"class_list":{"0":"post-6791","1":"product","2":"type-product","3":"status-publish","4":"has-post-thumbnail","6":"product_brand-waspe-vape","7":"product_cat-vape-20000-zuege","8":"product_cat-einweg-e-zigarette","9":"product_cat-f","11":"first","12":"instock","13":"shipping-taxable","14":"purchasable","15":"product-type-variable"},"yoast_head":"<!-- This site is optimized with the Yoast SEO plugin v26.5 - https:\/\/yoast.com\/wordpress\/plugins\/seo\/ -->\n<title>Bock Auf Fruchtig Frisch Hol Dir WASPE 20000 Vape Raspberry Cherry Jetzt | Vapingnet.de<\/title>\n<meta name=\"description\" content=\"Entdecke Bock Auf Fruchtig Frisch Hol Dir WASPE 20000 Vape Raspberry Cherry Jetzt bei vapingnet.de, \u25ba Gro\u00dfe Auswahl an Geschmacksrichtungen &amp; super g\u00fcnstig!\" \/>\n<meta name=\"robots\" content=\"index, follow, max-snippet:-1, max-image-preview:large, max-video-preview:-1\" \/>\n<link rel=\"canonical\" href=\"https:\/\/vapingnet.de\/lt\/vape\/bock-auf-fruchtig-frisch-hol-dir-waspe-20000-vape-raspberry-cherry-jetzt\/\" \/>\n<meta property=\"og:locale\" content=\"lt_LT\" \/>\n<meta property=\"og:type\" content=\"article\" \/>\n<meta property=\"og:title\" content=\"Bock Auf Fruchtig Frisch Hol Dir WASPE 20000 Vape Raspberry Cherry Jetzt | Vapingnet.de\" \/>\n<meta property=\"og:description\" content=\"Entdecke Bock Auf Fruchtig Frisch Hol Dir WASPE 20000 Vape Raspberry Cherry Jetzt bei vapingnet.de, \u25ba Gro\u00dfe Auswahl an Geschmacksrichtungen &amp; super g\u00fcnstig!\" \/>\n<meta property=\"og:url\" content=\"https:\/\/vapingnet.de\/lt\/vape\/bock-auf-fruchtig-frisch-hol-dir-waspe-20000-vape-raspberry-cherry-jetzt\/\" \/>\n<meta property=\"og:site_name\" content=\"Vapingnet.de\" \/>\n<meta property=\"article:publisher\" content=\"https:\/\/www.facebook.com\/vapingnetde\/\" \/>\n<meta property=\"article:modified_time\" content=\"2026-04-15T07:29:58+00:00\" \/>\n<meta property=\"og:image\" content=\"https:\/\/vapingnet.de\/wp-content\/uploads\/2025\/05\/Raspberry-Cherry.webp\" \/>\n\t<meta property=\"og:image:width\" content=\"1000\" \/>\n\t<meta property=\"og:image:height\" content=\"1000\" \/>\n\t<meta property=\"og:image:type\" content=\"image\/webp\" \/>\n<meta name=\"twitter:card\" content=\"summary_large_image\" \/>\n<meta name=\"twitter:label1\" content=\"Est. reading time\" \/>\n\t<meta name=\"twitter:data1\" content=\"3 minutes\" \/>\n<script type=\"application\/ld+json\" class=\"yoast-schema-graph\">{\"@context\":\"https:\/\/schema.org\",\"@graph\":[{\"@type\":\"WebPage\",\"@id\":\"https:\/\/vapingnet.de\/vape\/bock-auf-fruchtig-frisch-hol-dir-waspe-20000-vape-raspberry-cherry-jetzt\/\",\"url\":\"https:\/\/vapingnet.de\/vape\/bock-auf-fruchtig-frisch-hol-dir-waspe-20000-vape-raspberry-cherry-jetzt\/\",\"name\":\"Bock Auf Fruchtig Frisch Hol Dir WASPE 20000 Vape Raspberry Cherry Jetzt | Vapingnet.de\",\"isPartOf\":{\"@id\":\"https:\/\/vapingnet.de\/#website\"},\"primaryImageOfPage\":{\"@id\":\"https:\/\/vapingnet.de\/vape\/bock-auf-fruchtig-frisch-hol-dir-waspe-20000-vape-raspberry-cherry-jetzt\/#primaryimage\"},\"image\":{\"@id\":\"https:\/\/vapingnet.de\/vape\/bock-auf-fruchtig-frisch-hol-dir-waspe-20000-vape-raspberry-cherry-jetzt\/#primaryimage\"},\"thumbnailUrl\":\"https:\/\/vapingnet.de\/wp-content\/uploads\/2025\/05\/Raspberry-Cherry.webp\",\"datePublished\":\"2025-05-05T06:56:47+00:00\",\"dateModified\":\"2026-04-15T07:29:58+00:00\",\"description\":\"Entdecke Bock Auf Fruchtig Frisch Hol Dir WASPE 20000 Vape Raspberry Cherry Jetzt bei vapingnet.de, \u25ba Gro\u00dfe Auswahl an Geschmacksrichtungen & super g\u00fcnstig!\",\"breadcrumb\":{\"@id\":\"https:\/\/vapingnet.de\/vape\/bock-auf-fruchtig-frisch-hol-dir-waspe-20000-vape-raspberry-cherry-jetzt\/#breadcrumb\"},\"inLanguage\":\"lt-LT\",\"potentialAction\":[{\"@type\":\"ReadAction\",\"target\":[\"https:\/\/vapingnet.de\/vape\/bock-auf-fruchtig-frisch-hol-dir-waspe-20000-vape-raspberry-cherry-jetzt\/\"]}]},{\"@type\":\"ImageObject\",\"inLanguage\":\"lt-LT\",\"@id\":\"https:\/\/vapingnet.de\/vape\/bock-auf-fruchtig-frisch-hol-dir-waspe-20000-vape-raspberry-cherry-jetzt\/#primaryimage\",\"url\":\"https:\/\/vapingnet.de\/wp-content\/uploads\/2025\/05\/Raspberry-Cherry.webp\",\"contentUrl\":\"https:\/\/vapingnet.de\/wp-content\/uploads\/2025\/05\/Raspberry-Cherry.webp\",\"width\":1000,\"height\":1000},{\"@type\":\"BreadcrumbList\",\"@id\":\"https:\/\/vapingnet.de\/vape\/bock-auf-fruchtig-frisch-hol-dir-waspe-20000-vape-raspberry-cherry-jetzt\/#breadcrumb\",\"itemListElement\":[{\"@type\":\"ListItem\",\"position\":1,\"name\":\"Home\",\"item\":\"https:\/\/vapingnet.de\/\"},{\"@type\":\"ListItem\",\"position\":2,\"name\":\"Shop\",\"item\":\"https:\/\/vapingnet.de\/vape\/\"},{\"@type\":\"ListItem\",\"position\":3,\"name\":\"Bock Auf Fruchtig Frisch Hol Dir WASPE 20000 Vape Raspberry Cherry Jetzt\"}]},{\"@type\":\"WebSite\",\"@id\":\"https:\/\/vapingnet.de\/#website\",\"url\":\"https:\/\/vapingnet.de\/\",\"name\":\"Vapingnet.de\",\"description\":\"\",\"publisher\":{\"@id\":\"https:\/\/vapingnet.de\/#organization\"},\"potentialAction\":[{\"@type\":\"SearchAction\",\"target\":{\"@type\":\"EntryPoint\",\"urlTemplate\":\"https:\/\/vapingnet.de\/?s={search_term_string}\"},\"query-input\":{\"@type\":\"PropertyValueSpecification\",\"valueRequired\":true,\"valueName\":\"search_term_string\"}}],\"inLanguage\":\"lt-LT\"},{\"@type\":\"Organization\",\"@id\":\"https:\/\/vapingnet.de\/#organization\",\"name\":\"Vapingnet.de\",\"url\":\"https:\/\/vapingnet.de\/\",\"logo\":{\"@type\":\"ImageObject\",\"inLanguage\":\"lt-LT\",\"@id\":\"https:\/\/vapingnet.de\/#\/schema\/logo\/image\/\",\"url\":\"https:\/\/vapingnet.de\/wp-content\/uploads\/2025\/03\/cropped-vapingnet.de_.jpg\",\"contentUrl\":\"https:\/\/vapingnet.de\/wp-content\/uploads\/2025\/03\/cropped-vapingnet.de_.jpg\",\"width\":512,\"height\":512,\"caption\":\"Vapingnet.de\"},\"image\":{\"@id\":\"https:\/\/vapingnet.de\/#\/schema\/logo\/image\/\"},\"sameAs\":[\"https:\/\/www.facebook.com\/vapingnetde\/\"]}]}<\/script>\n<!-- \/ Yoast SEO plugin. -->","yoast_head_json":{"title":"Bock Auf Fruchtig Frisch Hol Dir WASPE 20000 Vape Raspberry Cherry Jetzt | Vapingnet.de","description":"Entdecke Bock Auf Fruchtig Frisch Hol Dir WASPE 20000 Vape Raspberry Cherry Jetzt bei vapingnet.de, \u25ba Gro\u00dfe Auswahl an Geschmacksrichtungen & super g\u00fcnstig!","robots":{"index":"index","follow":"follow","max-snippet":"max-snippet:-1","max-image-preview":"max-image-preview:large","max-video-preview":"max-video-preview:-1"},"canonical":"https:\/\/vapingnet.de\/lt\/vape\/bock-auf-fruchtig-frisch-hol-dir-waspe-20000-vape-raspberry-cherry-jetzt\/","og_locale":"lt_LT","og_type":"article","og_title":"Bock Auf Fruchtig Frisch Hol Dir WASPE 20000 Vape Raspberry Cherry Jetzt | Vapingnet.de","og_description":"Entdecke Bock Auf Fruchtig Frisch Hol Dir WASPE 20000 Vape Raspberry Cherry Jetzt bei vapingnet.de, \u25ba Gro\u00dfe Auswahl an Geschmacksrichtungen & super g\u00fcnstig!","og_url":"https:\/\/vapingnet.de\/lt\/vape\/bock-auf-fruchtig-frisch-hol-dir-waspe-20000-vape-raspberry-cherry-jetzt\/","og_site_name":"Vapingnet.de","article_publisher":"https:\/\/www.facebook.com\/vapingnetde\/","article_modified_time":"2026-04-15T07:29:58+00:00","og_image":[{"width":1000,"height":1000,"url":"https:\/\/vapingnet.de\/wp-content\/uploads\/2025\/05\/Raspberry-Cherry.webp","type":"image\/webp"}],"twitter_card":"summary_large_image","twitter_misc":{"Est. reading time":"3 minutes"},"schema":{"@context":"https:\/\/schema.org","@graph":[{"@type":"WebPage","@id":"https:\/\/vapingnet.de\/vape\/bock-auf-fruchtig-frisch-hol-dir-waspe-20000-vape-raspberry-cherry-jetzt\/","url":"https:\/\/vapingnet.de\/vape\/bock-auf-fruchtig-frisch-hol-dir-waspe-20000-vape-raspberry-cherry-jetzt\/","name":"Bock Auf Fruchtig Frisch Hol Dir WASPE 20000 Vape Raspberry Cherry Jetzt | Vapingnet.de","isPartOf":{"@id":"https:\/\/vapingnet.de\/#website"},"primaryImageOfPage":{"@id":"https:\/\/vapingnet.de\/vape\/bock-auf-fruchtig-frisch-hol-dir-waspe-20000-vape-raspberry-cherry-jetzt\/#primaryimage"},"image":{"@id":"https:\/\/vapingnet.de\/vape\/bock-auf-fruchtig-frisch-hol-dir-waspe-20000-vape-raspberry-cherry-jetzt\/#primaryimage"},"thumbnailUrl":"https:\/\/vapingnet.de\/wp-content\/uploads\/2025\/05\/Raspberry-Cherry.webp","datePublished":"2025-05-05T06:56:47+00:00","dateModified":"2026-04-15T07:29:58+00:00","description":"Entdecke Bock Auf Fruchtig Frisch Hol Dir WASPE 20000 Vape Raspberry Cherry Jetzt bei vapingnet.de, \u25ba Gro\u00dfe Auswahl an Geschmacksrichtungen & super g\u00fcnstig!","breadcrumb":{"@id":"https:\/\/vapingnet.de\/vape\/bock-auf-fruchtig-frisch-hol-dir-waspe-20000-vape-raspberry-cherry-jetzt\/#breadcrumb"},"inLanguage":"lt-LT","potentialAction":[{"@type":"ReadAction","target":["https:\/\/vapingnet.de\/vape\/bock-auf-fruchtig-frisch-hol-dir-waspe-20000-vape-raspberry-cherry-jetzt\/"]}]},{"@type":"ImageObject","inLanguage":"lt-LT","@id":"https:\/\/vapingnet.de\/vape\/bock-auf-fruchtig-frisch-hol-dir-waspe-20000-vape-raspberry-cherry-jetzt\/#primaryimage","url":"https:\/\/vapingnet.de\/wp-content\/uploads\/2025\/05\/Raspberry-Cherry.webp","contentUrl":"https:\/\/vapingnet.de\/wp-content\/uploads\/2025\/05\/Raspberry-Cherry.webp","width":1000,"height":1000},{"@type":"BreadcrumbList","@id":"https:\/\/vapingnet.de\/vape\/bock-auf-fruchtig-frisch-hol-dir-waspe-20000-vape-raspberry-cherry-jetzt\/#breadcrumb","itemListElement":[{"@type":"ListItem","position":1,"name":"Home","item":"https:\/\/vapingnet.de\/"},{"@type":"ListItem","position":2,"name":"Shop","item":"https:\/\/vapingnet.de\/vape\/"},{"@type":"ListItem","position":3,"name":"Bock Auf Fruchtig Frisch Hol Dir WASPE 20000 Vape Raspberry Cherry Jetzt"}]},{"@type":"WebSite","@id":"https:\/\/vapingnet.de\/#website","url":"https:\/\/vapingnet.de\/","name":"Vapingnet.de","description":"","publisher":{"@id":"https:\/\/vapingnet.de\/#organization"},"potentialAction":[{"@type":"SearchAction","target":{"@type":"EntryPoint","urlTemplate":"https:\/\/vapingnet.de\/?s={search_term_string}"},"query-input":{"@type":"PropertyValueSpecification","valueRequired":true,"valueName":"search_term_string"}}],"inLanguage":"lt-LT"},{"@type":"Organization","@id":"https:\/\/vapingnet.de\/#organization","name":"Vapingnet.de","url":"https:\/\/vapingnet.de\/","logo":{"@type":"ImageObject","inLanguage":"lt-LT","@id":"https:\/\/vapingnet.de\/#\/schema\/logo\/image\/","url":"https:\/\/vapingnet.de\/wp-content\/uploads\/2025\/03\/cropped-vapingnet.de_.jpg","contentUrl":"https:\/\/vapingnet.de\/wp-content\/uploads\/2025\/03\/cropped-vapingnet.de_.jpg","width":512,"height":512,"caption":"Vapingnet.de"},"image":{"@id":"https:\/\/vapingnet.de\/#\/schema\/logo\/image\/"},"sameAs":["https:\/\/www.facebook.com\/vapingnetde\/"]}]}},"tiered_pricing_type":"fixed","tiered_pricing_fixed_rules":[],"tiered_pricing_product_settings":{"layout":"default","base_unit_name":{"singular":null,"plural":null},"default_variation":null},"tiered_pricing_minimum_quantity":null,"tiered_pricing_roles_data":[],"tiered_pricing_percentage_rules":[],"_links":{"self":[{"href":"https:\/\/vapingnet.de\/lt\/wp-json\/wp\/v2\/product\/6791","targetHints":{"allow":["GET"]}}],"collection":[{"href":"https:\/\/vapingnet.de\/lt\/wp-json\/wp\/v2\/product"}],"about":[{"href":"https:\/\/vapingnet.de\/lt\/wp-json\/wp\/v2\/types\/product"}],"version-history":[{"count":2,"href":"https:\/\/vapingnet.de\/lt\/wp-json\/wp\/v2\/product\/6791\/revisions"}],"predecessor-version":[{"id":6906,"href":"https:\/\/vapingnet.de\/lt\/wp-json\/wp\/v2\/product\/6791\/revisions\/6906"}],"wp:featuredmedia":[{"embeddable":true,"href":"https:\/\/vapingnet.de\/lt\/wp-json\/wp\/v2\/media\/6784"}],"wp:attachment":[{"href":"https:\/\/vapingnet.de\/lt\/wp-json\/wp\/v2\/media?parent=6791"}],"wp:term":[{"taxonomy":"brand","embeddable":true,"href":"https:\/\/vapingnet.de\/lt\/wp-json\/wp\/v2\/etheme_brands?post=6791"},{"taxonomy":"product_brand","embeddable":true,"href":"https:\/\/vapingnet.de\/lt\/wp-json\/wp\/v2\/product_brand?post=6791"},{"taxonomy":"product_cat","embeddable":true,"href":"https:\/\/vapingnet.de\/lt\/wp-json\/wp\/v2\/product_cat?post=6791"},{"taxonomy":"product_tag","embeddable":true,"href":"https:\/\/vapingnet.de\/lt\/wp-json\/wp\/v2\/product_tag?post=6791"}],"curies":[{"name":"wp","href":"https:\/\/api.w.org\/{rel}","templated":true}]}}