{"id":6792,"date":"2025-05-05T06:56:48","date_gmt":"2025-05-05T06:56:48","guid":{"rendered":"https:\/\/vapingnet.de\/?post_type=product&#038;p=6792"},"modified":"2026-04-15T06:48:49","modified_gmt":"2026-04-15T06:48:49","slug":"machs-fruchtig-waspe-20000-blueberry-raspberry-lemonade-vape-jetzt-im-sonderangebot","status":"publish","type":"product","link":"https:\/\/vapingnet.de\/lt\/vape\/machs-fruchtig-waspe-20000-blueberry-raspberry-lemonade-vape-jetzt-im-sonderangebot\/","title":{"rendered":"Padaryk sald\u017eiai Vaisi\u0173 WASPE 20000 Blueberry Raspberry Lemonade Vape Dabar su nuolaida"},"content":{"rendered":"<h2 data-start=\"0\" data-end=\"68\" data-immersive-translate-paragraph=\"1\" data-immersive-translate-walked=\"a7dc8e27-37ab-4fb4-84fd-1faf7bb68102\">WASPE 20000 R\u016bkymo vienkartin\u0117 elektronin\u0117 cigaret\u0117 \u2013 malonumas kasdieniam naudojimui<\/h2>\n<p class=\"\" data-start=\"70\" data-end=\"347\" data-immersive-translate-walked=\"a7dc8e27-37ab-4fb4-84fd-1faf7bb68102\" data-immersive-translate-paragraph=\"1\">WASPE 20000 R\u016bkymo vienkartin\u0117 elektronin\u0117 cigaret\u0117 yra tobula pasirinkimas visiems, kurie ie\u0161ko patogios ir galingos gar\u0173 sprendimo. Su dideliu p\u016btimo skai\u010diumi ir inovatyviomis funkcijomis \u0161i modelis suteikia visk\u0105, ko galima tik\u0117tis i\u0161 auk\u0161tos kokyb\u0117s elektronin\u0117s cigaret\u0117s.<\/p>\n<h4 class=\"\" data-start=\"349\" data-end=\"388\" data-immersive-translate-walked=\"a7dc8e27-37ab-4fb4-84fd-1faf7bb68102\" data-immersive-translate-paragraph=\"1\">Patvarus dizainas ir didelis talpumas<\/h4>\n<p class=\"\" data-start=\"390\" data-end=\"811\" data-immersive-translate-walked=\"a7dc8e27-37ab-4fb4-84fd-1faf7bb68102\" data-immersive-translate-paragraph=\"1\">Su 24 ml skys\u010dio talpa ir iki 20000 \u012fkv\u0117pim\u0173 trukm\u0117s \u0161i elektronin\u0117 cigaret\u0117 skirta ilgalaikiam naudojimui. Dual Mesh Coil su 0,8 om\u0173 var\u017ea u\u017etikrina tolyg\u0173 garavim\u0105 ir intensyv\u0173 skon\u012f. 900 mAh baterija patogiai \u012fkraunama per Type-C jungt\u012f, tod\u0117l niekada nereik\u0117s ilgai laukti kito naudojimo.<\/p>\n<h4 class=\"\" data-start=\"813\" data-end=\"874\" data-immersive-translate-walked=\"a7dc8e27-37ab-4fb4-84fd-1faf7bb68102\" data-immersive-translate-paragraph=\"1\">\u012evairios nikotino stiprumo galimyb\u0117s ir nepamir\u0161tamas skonis<\/h4>\n<p class=\"\" data-start=\"876\" data-end=\"1372\" data-immersive-translate-walked=\"a7dc8e27-37ab-4fb4-84fd-1faf7bb68102\" data-immersive-translate-paragraph=\"1\">WASPE 20000 Puffs suteikia jums laisv\u0119 pasirinkti i\u0161 skirting\u0173 nikotino stiprum\u0173 \u2013 0%, 2%, 3% ir 5%. Nesvarbu, ar norite m\u0117gautis gryniausiu skoniu, ar pageidaujate lengvesnio ar stipresnio nikotino \u012fsisavinimo, \u0161i elektronin\u0117 cigaret\u0117 prisitaiko prie j\u016bs\u0173 poreiki\u0173. Blueberry Raspberry Lemonade skonis yra ypa\u010d gaivus ir sujungia sald\u017ei\u0105 m\u0117lyn\u0105j\u0105 uog\u0105 su sultinga aviete ir citrinos gaiva \u2013 idealiai tinka kiekvienai dienai.<\/p>\n<h4 class=\"\" data-start=\"1374\" data-end=\"1413\" data-immersive-translate-walked=\"a7dc8e27-37ab-4fb4-84fd-1faf7bb68102\" data-immersive-translate-paragraph=\"1\">LCD ekranas paprastam valdymui<\/h4>\n<p class=\"\" data-start=\"1415\" data-end=\"1630\" data-immersive-translate-walked=\"a7dc8e27-37ab-4fb4-84fd-1faf7bb68102\" data-immersive-translate-paragraph=\"1\">LCD ekranas suteikia jums ai\u0161ki\u0105 informacij\u0105 apie dabartin\u012f \u012fkrovimo lyg\u012f ir likus\u012f skys\u010dio kiek\u012f. Taip visada i\u0161laikysite kontrol\u0119 ir gal\u0117site m\u0117gautis elektronine cigarete be pertrauk\u0173.<\/p>\n<h3>WASPE 20000 Puffs vienkartin\u0117s elektronin\u0117s cigaret\u0117s privalumai<\/h3>\n<ul data-start=\"1688\" data-end=\"2133\" data-immersive-translate-walked=\"a7dc8e27-37ab-4fb4-84fd-1faf7bb68102\">\n<li class=\"\" data-start=\"1688\" data-end=\"1769\" data-immersive-translate-walked=\"a7dc8e27-37ab-4fb4-84fd-1faf7bb68102\">\n<p class=\"\" data-start=\"1690\" data-end=\"1769\" data-immersive-translate-walked=\"a7dc8e27-37ab-4fb4-84fd-1faf7bb68102\" data-immersive-translate-paragraph=\"1\">Patogu: per Type-C jungt\u012f \u012fkrovimas yra paprastas ir greitas.<\/p>\n<\/li>\n<li class=\"\" data-start=\"1770\" data-end=\"1882\" data-immersive-translate-walked=\"a7dc8e27-37ab-4fb4-84fd-1faf7bb68102\">\n<p class=\"\" data-start=\"1772\" data-end=\"1882\" data-immersive-translate-walked=\"a7dc8e27-37ab-4fb4-84fd-1faf7bb68102\" data-immersive-translate-paragraph=\"1\">Galinga: su ilgaam\u017ei\u0161kumu iki 20000 \u012fkv\u0117pim\u0173 ir dideliu skys\u010dio talpumu.<\/p>\n<\/li>\n<li class=\"\" data-start=\"1883\" data-end=\"1989\" data-immersive-translate-walked=\"a7dc8e27-37ab-4fb4-84fd-1faf7bb68102\">\n<p class=\"\" data-start=\"1885\" data-end=\"1989\" data-immersive-translate-walked=\"a7dc8e27-37ab-4fb4-84fd-1faf7bb68102\" data-immersive-translate-paragraph=\"1\">\u012evairiapus\u0117: pasirinkite i\u0161 skirting\u0173 nikotino stiprum\u0173 (0%, 2%, 3%, 5%) pagal savo poreikius.<\/p>\n<\/li>\n<li class=\"\" data-start=\"1990\" data-end=\"2133\" data-immersive-translate-walked=\"a7dc8e27-37ab-4fb4-84fd-1faf7bb68102\">\n<p class=\"\" data-start=\"1992\" data-end=\"2133\" data-immersive-translate-walked=\"a7dc8e27-37ab-4fb4-84fd-1faf7bb68102\" data-immersive-translate-paragraph=\"1\">Gaivus skonis: unikali m\u0117lyn\u0173j\u0173 uog\u0173, avie\u010di\u0173 ir citrinos mi\u0161inys u\u017etikrina nepamir\u0161tam\u0105 gar\u0173 malonum\u0105.<\/p>\n<\/li>\n<\/ul>\n<h4>Paprastas malonumas be komplikacij\u0173<\/h4>\n<p class=\"\" data-start=\"2178\" data-end=\"2457\" data-immersive-translate-walked=\"a7dc8e27-37ab-4fb4-84fd-1faf7bb68102\" data-immersive-translate-paragraph=\"1\">WASPE 20000 Puffs vienkartin\u0117 elektronin\u0117 cigaret\u0117 ypa\u010d tinka tiems, kurie ie\u0161ko paprastos ir galingos elektronin\u0117s cigaret\u0117s. Ji nereikalauja sud\u0117tingos prie\u017ei\u016bros ir yra i\u0161 karto paruo\u0161ta naudoti, tod\u0117l yra puikus pasirinkimas keliaujant.<\/p>\n<p class=\"\" data-start=\"2459\" data-end=\"2654\" data-immersive-translate-walked=\"a7dc8e27-37ab-4fb4-84fd-1faf7bb68102\" data-immersive-translate-paragraph=\"1\">Su patvariu dizainu ir patogiomis funkcijomis, WASPE 20000 Puffs yra ne tik galinga elektronin\u0117 cigaret\u0117, bet ir tikras malonumas tiems, kurie m\u0117gsta garus.<\/p>\n<p class=\"\" data-start=\"2656\" data-end=\"2789\" data-immersive-translate-walked=\"a7dc8e27-37ab-4fb4-84fd-1faf7bb68102\" data-immersive-translate-paragraph=\"1\">\u012esigykite savo WASPE 20000 Puffs i\u0161 vapingnet.de ir patirkite unikal\u0173 Blueberry Raspberry Lemonade skon\u012f.<\/p>","protected":false},"excerpt":{"rendered":"<p>WASPE 20000 Puffs Einweg E-Zigarette \u2013 Ein Genuss f\u00fcr den Alltag Die WASPE 20000 Puffs Einweg E-Zigarette ist die perfekte Wahl f\u00fcr alle, die nach&#8230;<\/p>","protected":false},"featured_media":6777,"template":"","meta":[],"etheme_brands":[],"product_brand":[98],"product_cat":[54,49,61],"product_tag":[],"class_list":{"0":"post-6792","1":"product","2":"type-product","3":"status-publish","4":"has-post-thumbnail","6":"product_brand-waspe-vape","7":"product_cat-vape-20000-zuege","8":"product_cat-einweg-e-zigarette","9":"product_cat-f","11":"first","12":"instock","13":"shipping-taxable","14":"purchasable","15":"product-type-variable"},"yoast_head":"<!-- This site is optimized with the Yoast SEO plugin v26.5 - https:\/\/yoast.com\/wordpress\/plugins\/seo\/ -->\n<title>Mach\u2019s Fruchtig WASPE 20000 Blueberry Raspberry Lemonade Vape Jetzt Im Sonderangebot | Vapingnet.de<\/title>\n<meta name=\"description\" content=\"Entdecke Mach\u2019s Fruchtig WASPE 20000 Blueberry Raspberry Lemonade Vape Jetzt Im Sonderangebot bei vapingnet.de, \u25ba Gro\u00dfe Auswahl an Geschmacksrichtungen &amp; super g\u00fcnstig!\" \/>\n<meta name=\"robots\" content=\"index, follow, max-snippet:-1, max-image-preview:large, max-video-preview:-1\" \/>\n<link rel=\"canonical\" href=\"https:\/\/vapingnet.de\/lt\/vape\/machs-fruchtig-waspe-20000-blueberry-raspberry-lemonade-vape-jetzt-im-sonderangebot\/\" \/>\n<meta property=\"og:locale\" content=\"lt_LT\" \/>\n<meta property=\"og:type\" content=\"article\" \/>\n<meta property=\"og:title\" content=\"Mach\u2019s Fruchtig WASPE 20000 Blueberry Raspberry Lemonade Vape Jetzt Im Sonderangebot | Vapingnet.de\" \/>\n<meta property=\"og:description\" content=\"Entdecke Mach\u2019s Fruchtig WASPE 20000 Blueberry Raspberry Lemonade Vape Jetzt Im Sonderangebot bei vapingnet.de, \u25ba Gro\u00dfe Auswahl an Geschmacksrichtungen &amp; super g\u00fcnstig!\" \/>\n<meta property=\"og:url\" content=\"https:\/\/vapingnet.de\/lt\/vape\/machs-fruchtig-waspe-20000-blueberry-raspberry-lemonade-vape-jetzt-im-sonderangebot\/\" \/>\n<meta property=\"og:site_name\" content=\"Vapingnet.de\" \/>\n<meta property=\"article:publisher\" content=\"https:\/\/www.facebook.com\/vapingnetde\/\" \/>\n<meta property=\"article:modified_time\" content=\"2026-04-15T06:48:49+00:00\" \/>\n<meta property=\"og:image\" content=\"https:\/\/vapingnet.de\/wp-content\/uploads\/2025\/05\/Blueberry-Raspberry-Lemonade.webp\" \/>\n\t<meta property=\"og:image:width\" content=\"1000\" \/>\n\t<meta property=\"og:image:height\" content=\"1000\" \/>\n\t<meta property=\"og:image:type\" content=\"image\/webp\" \/>\n<meta name=\"twitter:card\" content=\"summary_large_image\" \/>\n<meta name=\"twitter:label1\" content=\"Est. reading time\" \/>\n\t<meta name=\"twitter:data1\" content=\"3 minutes\" \/>\n<script type=\"application\/ld+json\" class=\"yoast-schema-graph\">{\"@context\":\"https:\/\/schema.org\",\"@graph\":[{\"@type\":\"WebPage\",\"@id\":\"https:\/\/vapingnet.de\/vape\/machs-fruchtig-waspe-20000-blueberry-raspberry-lemonade-vape-jetzt-im-sonderangebot\/\",\"url\":\"https:\/\/vapingnet.de\/vape\/machs-fruchtig-waspe-20000-blueberry-raspberry-lemonade-vape-jetzt-im-sonderangebot\/\",\"name\":\"Mach\u2019s Fruchtig WASPE 20000 Blueberry Raspberry Lemonade Vape Jetzt Im Sonderangebot | Vapingnet.de\",\"isPartOf\":{\"@id\":\"https:\/\/vapingnet.de\/#website\"},\"primaryImageOfPage\":{\"@id\":\"https:\/\/vapingnet.de\/vape\/machs-fruchtig-waspe-20000-blueberry-raspberry-lemonade-vape-jetzt-im-sonderangebot\/#primaryimage\"},\"image\":{\"@id\":\"https:\/\/vapingnet.de\/vape\/machs-fruchtig-waspe-20000-blueberry-raspberry-lemonade-vape-jetzt-im-sonderangebot\/#primaryimage\"},\"thumbnailUrl\":\"https:\/\/vapingnet.de\/wp-content\/uploads\/2025\/05\/Blueberry-Raspberry-Lemonade.webp\",\"datePublished\":\"2025-05-05T06:56:48+00:00\",\"dateModified\":\"2026-04-15T06:48:49+00:00\",\"description\":\"Entdecke Mach\u2019s Fruchtig WASPE 20000 Blueberry Raspberry Lemonade Vape Jetzt Im Sonderangebot bei vapingnet.de, \u25ba Gro\u00dfe Auswahl an Geschmacksrichtungen & super g\u00fcnstig!\",\"breadcrumb\":{\"@id\":\"https:\/\/vapingnet.de\/vape\/machs-fruchtig-waspe-20000-blueberry-raspberry-lemonade-vape-jetzt-im-sonderangebot\/#breadcrumb\"},\"inLanguage\":\"lt-LT\",\"potentialAction\":[{\"@type\":\"ReadAction\",\"target\":[\"https:\/\/vapingnet.de\/vape\/machs-fruchtig-waspe-20000-blueberry-raspberry-lemonade-vape-jetzt-im-sonderangebot\/\"]}]},{\"@type\":\"ImageObject\",\"inLanguage\":\"lt-LT\",\"@id\":\"https:\/\/vapingnet.de\/vape\/machs-fruchtig-waspe-20000-blueberry-raspberry-lemonade-vape-jetzt-im-sonderangebot\/#primaryimage\",\"url\":\"https:\/\/vapingnet.de\/wp-content\/uploads\/2025\/05\/Blueberry-Raspberry-Lemonade.webp\",\"contentUrl\":\"https:\/\/vapingnet.de\/wp-content\/uploads\/2025\/05\/Blueberry-Raspberry-Lemonade.webp\",\"width\":1000,\"height\":1000},{\"@type\":\"BreadcrumbList\",\"@id\":\"https:\/\/vapingnet.de\/vape\/machs-fruchtig-waspe-20000-blueberry-raspberry-lemonade-vape-jetzt-im-sonderangebot\/#breadcrumb\",\"itemListElement\":[{\"@type\":\"ListItem\",\"position\":1,\"name\":\"Home\",\"item\":\"https:\/\/vapingnet.de\/\"},{\"@type\":\"ListItem\",\"position\":2,\"name\":\"Shop\",\"item\":\"https:\/\/vapingnet.de\/vape\/\"},{\"@type\":\"ListItem\",\"position\":3,\"name\":\"Mach\u2019s Fruchtig WASPE 20000 Blueberry Raspberry Lemonade Vape Jetzt Im Sonderangebot\"}]},{\"@type\":\"WebSite\",\"@id\":\"https:\/\/vapingnet.de\/#website\",\"url\":\"https:\/\/vapingnet.de\/\",\"name\":\"Vapingnet.de\",\"description\":\"\",\"publisher\":{\"@id\":\"https:\/\/vapingnet.de\/#organization\"},\"potentialAction\":[{\"@type\":\"SearchAction\",\"target\":{\"@type\":\"EntryPoint\",\"urlTemplate\":\"https:\/\/vapingnet.de\/?s={search_term_string}\"},\"query-input\":{\"@type\":\"PropertyValueSpecification\",\"valueRequired\":true,\"valueName\":\"search_term_string\"}}],\"inLanguage\":\"lt-LT\"},{\"@type\":\"Organization\",\"@id\":\"https:\/\/vapingnet.de\/#organization\",\"name\":\"Vapingnet.de\",\"url\":\"https:\/\/vapingnet.de\/\",\"logo\":{\"@type\":\"ImageObject\",\"inLanguage\":\"lt-LT\",\"@id\":\"https:\/\/vapingnet.de\/#\/schema\/logo\/image\/\",\"url\":\"https:\/\/vapingnet.de\/wp-content\/uploads\/2025\/03\/cropped-vapingnet.de_.jpg\",\"contentUrl\":\"https:\/\/vapingnet.de\/wp-content\/uploads\/2025\/03\/cropped-vapingnet.de_.jpg\",\"width\":512,\"height\":512,\"caption\":\"Vapingnet.de\"},\"image\":{\"@id\":\"https:\/\/vapingnet.de\/#\/schema\/logo\/image\/\"},\"sameAs\":[\"https:\/\/www.facebook.com\/vapingnetde\/\"]}]}<\/script>\n<!-- \/ Yoast SEO plugin. -->","yoast_head_json":{"title":"Mach\u2019s Fruchtig WASPE 20000 Blueberry Raspberry Lemonade Vape Jetzt Im Sonderangebot | Vapingnet.de","description":"Entdecke Mach\u2019s Fruchtig WASPE 20000 Blueberry Raspberry Lemonade Vape Jetzt Im Sonderangebot bei vapingnet.de, \u25ba Gro\u00dfe Auswahl an Geschmacksrichtungen & super g\u00fcnstig!","robots":{"index":"index","follow":"follow","max-snippet":"max-snippet:-1","max-image-preview":"max-image-preview:large","max-video-preview":"max-video-preview:-1"},"canonical":"https:\/\/vapingnet.de\/lt\/vape\/machs-fruchtig-waspe-20000-blueberry-raspberry-lemonade-vape-jetzt-im-sonderangebot\/","og_locale":"lt_LT","og_type":"article","og_title":"Mach\u2019s Fruchtig WASPE 20000 Blueberry Raspberry Lemonade Vape Jetzt Im Sonderangebot | Vapingnet.de","og_description":"Entdecke Mach\u2019s Fruchtig WASPE 20000 Blueberry Raspberry Lemonade Vape Jetzt Im Sonderangebot bei vapingnet.de, \u25ba Gro\u00dfe Auswahl an Geschmacksrichtungen & super g\u00fcnstig!","og_url":"https:\/\/vapingnet.de\/lt\/vape\/machs-fruchtig-waspe-20000-blueberry-raspberry-lemonade-vape-jetzt-im-sonderangebot\/","og_site_name":"Vapingnet.de","article_publisher":"https:\/\/www.facebook.com\/vapingnetde\/","article_modified_time":"2026-04-15T06:48:49+00:00","og_image":[{"width":1000,"height":1000,"url":"https:\/\/vapingnet.de\/wp-content\/uploads\/2025\/05\/Blueberry-Raspberry-Lemonade.webp","type":"image\/webp"}],"twitter_card":"summary_large_image","twitter_misc":{"Est. reading time":"3 minutes"},"schema":{"@context":"https:\/\/schema.org","@graph":[{"@type":"WebPage","@id":"https:\/\/vapingnet.de\/vape\/machs-fruchtig-waspe-20000-blueberry-raspberry-lemonade-vape-jetzt-im-sonderangebot\/","url":"https:\/\/vapingnet.de\/vape\/machs-fruchtig-waspe-20000-blueberry-raspberry-lemonade-vape-jetzt-im-sonderangebot\/","name":"Mach\u2019s Fruchtig WASPE 20000 Blueberry Raspberry Lemonade Vape Jetzt Im Sonderangebot | Vapingnet.de","isPartOf":{"@id":"https:\/\/vapingnet.de\/#website"},"primaryImageOfPage":{"@id":"https:\/\/vapingnet.de\/vape\/machs-fruchtig-waspe-20000-blueberry-raspberry-lemonade-vape-jetzt-im-sonderangebot\/#primaryimage"},"image":{"@id":"https:\/\/vapingnet.de\/vape\/machs-fruchtig-waspe-20000-blueberry-raspberry-lemonade-vape-jetzt-im-sonderangebot\/#primaryimage"},"thumbnailUrl":"https:\/\/vapingnet.de\/wp-content\/uploads\/2025\/05\/Blueberry-Raspberry-Lemonade.webp","datePublished":"2025-05-05T06:56:48+00:00","dateModified":"2026-04-15T06:48:49+00:00","description":"Entdecke Mach\u2019s Fruchtig WASPE 20000 Blueberry Raspberry Lemonade Vape Jetzt Im Sonderangebot bei vapingnet.de, \u25ba Gro\u00dfe Auswahl an Geschmacksrichtungen & super g\u00fcnstig!","breadcrumb":{"@id":"https:\/\/vapingnet.de\/vape\/machs-fruchtig-waspe-20000-blueberry-raspberry-lemonade-vape-jetzt-im-sonderangebot\/#breadcrumb"},"inLanguage":"lt-LT","potentialAction":[{"@type":"ReadAction","target":["https:\/\/vapingnet.de\/vape\/machs-fruchtig-waspe-20000-blueberry-raspberry-lemonade-vape-jetzt-im-sonderangebot\/"]}]},{"@type":"ImageObject","inLanguage":"lt-LT","@id":"https:\/\/vapingnet.de\/vape\/machs-fruchtig-waspe-20000-blueberry-raspberry-lemonade-vape-jetzt-im-sonderangebot\/#primaryimage","url":"https:\/\/vapingnet.de\/wp-content\/uploads\/2025\/05\/Blueberry-Raspberry-Lemonade.webp","contentUrl":"https:\/\/vapingnet.de\/wp-content\/uploads\/2025\/05\/Blueberry-Raspberry-Lemonade.webp","width":1000,"height":1000},{"@type":"BreadcrumbList","@id":"https:\/\/vapingnet.de\/vape\/machs-fruchtig-waspe-20000-blueberry-raspberry-lemonade-vape-jetzt-im-sonderangebot\/#breadcrumb","itemListElement":[{"@type":"ListItem","position":1,"name":"Home","item":"https:\/\/vapingnet.de\/"},{"@type":"ListItem","position":2,"name":"Shop","item":"https:\/\/vapingnet.de\/vape\/"},{"@type":"ListItem","position":3,"name":"Mach\u2019s Fruchtig WASPE 20000 Blueberry Raspberry Lemonade Vape Jetzt Im Sonderangebot"}]},{"@type":"WebSite","@id":"https:\/\/vapingnet.de\/#website","url":"https:\/\/vapingnet.de\/","name":"Vapingnet.de","description":"","publisher":{"@id":"https:\/\/vapingnet.de\/#organization"},"potentialAction":[{"@type":"SearchAction","target":{"@type":"EntryPoint","urlTemplate":"https:\/\/vapingnet.de\/?s={search_term_string}"},"query-input":{"@type":"PropertyValueSpecification","valueRequired":true,"valueName":"search_term_string"}}],"inLanguage":"lt-LT"},{"@type":"Organization","@id":"https:\/\/vapingnet.de\/#organization","name":"Vapingnet.de","url":"https:\/\/vapingnet.de\/","logo":{"@type":"ImageObject","inLanguage":"lt-LT","@id":"https:\/\/vapingnet.de\/#\/schema\/logo\/image\/","url":"https:\/\/vapingnet.de\/wp-content\/uploads\/2025\/03\/cropped-vapingnet.de_.jpg","contentUrl":"https:\/\/vapingnet.de\/wp-content\/uploads\/2025\/03\/cropped-vapingnet.de_.jpg","width":512,"height":512,"caption":"Vapingnet.de"},"image":{"@id":"https:\/\/vapingnet.de\/#\/schema\/logo\/image\/"},"sameAs":["https:\/\/www.facebook.com\/vapingnetde\/"]}]}},"tiered_pricing_type":"fixed","tiered_pricing_fixed_rules":[],"tiered_pricing_product_settings":{"layout":"default","base_unit_name":{"singular":null,"plural":null},"default_variation":null},"tiered_pricing_minimum_quantity":null,"tiered_pricing_roles_data":[],"tiered_pricing_percentage_rules":[],"_links":{"self":[{"href":"https:\/\/vapingnet.de\/lt\/wp-json\/wp\/v2\/product\/6792","targetHints":{"allow":["GET"]}}],"collection":[{"href":"https:\/\/vapingnet.de\/lt\/wp-json\/wp\/v2\/product"}],"about":[{"href":"https:\/\/vapingnet.de\/lt\/wp-json\/wp\/v2\/types\/product"}],"version-history":[{"count":1,"href":"https:\/\/vapingnet.de\/lt\/wp-json\/wp\/v2\/product\/6792\/revisions"}],"predecessor-version":[{"id":6799,"href":"https:\/\/vapingnet.de\/lt\/wp-json\/wp\/v2\/product\/6792\/revisions\/6799"}],"wp:featuredmedia":[{"embeddable":true,"href":"https:\/\/vapingnet.de\/lt\/wp-json\/wp\/v2\/media\/6777"}],"wp:attachment":[{"href":"https:\/\/vapingnet.de\/lt\/wp-json\/wp\/v2\/media?parent=6792"}],"wp:term":[{"taxonomy":"brand","embeddable":true,"href":"https:\/\/vapingnet.de\/lt\/wp-json\/wp\/v2\/etheme_brands?post=6792"},{"taxonomy":"product_brand","embeddable":true,"href":"https:\/\/vapingnet.de\/lt\/wp-json\/wp\/v2\/product_brand?post=6792"},{"taxonomy":"product_cat","embeddable":true,"href":"https:\/\/vapingnet.de\/lt\/wp-json\/wp\/v2\/product_cat?post=6792"},{"taxonomy":"product_tag","embeddable":true,"href":"https:\/\/vapingnet.de\/lt\/wp-json\/wp\/v2\/product_tag?post=6792"}],"curies":[{"name":"wp","href":"https:\/\/api.w.org\/{rel}","templated":true}]}}