{"id":6805,"date":"2025-05-06T02:37:34","date_gmt":"2025-05-06T02:37:34","guid":{"rendered":"https:\/\/vapingnet.de\/?post_type=product&#038;p=6805"},"modified":"2025-06-19T03:45:00","modified_gmt":"2025-06-19T03:45:00","slug":"grape-ice-vape-mit-20000-puffs-waspe-dual-mesh-zollfrei-geliefert","status":"publish","type":"product","link":"https:\/\/vapingnet.de\/lt\/vape\/grape-ice-vape-mit-20000-puffs-waspe-dual-mesh-zollfrei-geliefert\/","title":{"rendered":"Vynuogi\u0173 led\u0173 vape su 20000 p\u016btim\u0173 WASPE Dual Mesh, be muit\u0173, pristatymas"},"content":{"rendered":"<h2 data-start=\"0\" data-end=\"78\" data-immersive-translate-walked=\"7fe1b906-7e9c-45a1-8bc5-49657556382d\">WASPE 20000 Puffs \u2013 Vienkartin\u0117 elektronin\u0117 cigaret\u0117 su \u012fsp\u016bdingu na\u0161umu<\/h2>\n<ul data-start=\"120\" data-end=\"309\" data-immersive-translate-walked=\"7fe1b906-7e9c-45a1-8bc5-49657556382d\">\n<li class=\"\" data-start=\"120\" data-end=\"146\" data-immersive-translate-walked=\"7fe1b906-7e9c-45a1-8bc5-49657556382d\">\n<p class=\"\" data-start=\"122\" data-end=\"146\" data-immersive-translate-walked=\"7fe1b906-7e9c-45a1-8bc5-49657556382d\" data-immersive-translate-paragraph=\"1\">Puffs: 20 000 \u012fkv\u0117pim\u0173<\/p>\n<\/li>\n<li class=\"\" data-start=\"147\" data-end=\"215\" data-immersive-translate-walked=\"7fe1b906-7e9c-45a1-8bc5-49657556382d\">\n<p class=\"\" data-start=\"149\" data-end=\"215\" data-immersive-translate-walked=\"7fe1b906-7e9c-45a1-8bc5-49657556382d\" data-immersive-translate-paragraph=\"1\">Baterija: 900 mAh, \u012fkraunama per Type-C jungt\u012f<\/p>\n<\/li>\n<li class=\"\" data-start=\"216\" data-end=\"286\" data-immersive-translate-walked=\"7fe1b906-7e9c-45a1-8bc5-49657556382d\">\n<p class=\"\" data-start=\"218\" data-end=\"286\" data-immersive-translate-walked=\"7fe1b906-7e9c-45a1-8bc5-49657556382d\" data-immersive-translate-paragraph=\"1\">Ekranas: LCD ekranas, rodantis \u012fkrovimo lyg\u012f ir likusius \u012fkv\u0117pimus<\/p>\n<\/li>\n<li class=\"\" data-start=\"287\" data-end=\"309\" data-immersive-translate-walked=\"7fe1b906-7e9c-45a1-8bc5-49657556382d\">\n<p class=\"\" data-start=\"289\" data-end=\"309\" data-immersive-translate-walked=\"7fe1b906-7e9c-45a1-8bc5-49657556382d\" data-immersive-translate-paragraph=\"1\">Svoris: 110 g<\/p>\n<\/li>\n<\/ul>\n<p class=\"\" data-start=\"311\" data-end=\"499\" data-immersive-translate-walked=\"7fe1b906-7e9c-45a1-8bc5-49657556382d\" data-immersive-translate-paragraph=\"1\">WASPE 20000 Puffs \u017eavi savo moderniu dizainu ir paprasta naudoti. Nepaisant didelio talpumo, ji i\u0161lieka kompakti\u0161ka ir lengva, ideali kasdieniam naudojimui.<\/p>\n<h4 data-start=\"501\" data-end=\"538\" data-immersive-translate-walked=\"7fe1b906-7e9c-45a1-8bc5-49657556382d\">Skonis ir garo kokyb\u0117<\/h4>\n<ul data-start=\"539\" data-end=\"667\" data-immersive-translate-walked=\"7fe1b906-7e9c-45a1-8bc5-49657556382d\">\n<li class=\"\" data-start=\"539\" data-end=\"570\" data-immersive-translate-walked=\"7fe1b906-7e9c-45a1-8bc5-49657556382d\">\n<p class=\"\" data-start=\"541\" data-end=\"570\" data-immersive-translate-walked=\"7fe1b906-7e9c-45a1-8bc5-49657556382d\" data-immersive-translate-paragraph=\"1\">Skys\u010dio talpa: 24 ml<\/p>\n<\/li>\n<li class=\"\" data-start=\"571\" data-end=\"616\" data-immersive-translate-walked=\"7fe1b906-7e9c-45a1-8bc5-49657556382d\">\n<p class=\"\" data-start=\"573\" data-end=\"616\" data-immersive-translate-walked=\"7fe1b906-7e9c-45a1-8bc5-49657556382d\" data-immersive-translate-paragraph=\"1\">Nikotino kiekis: 0 %, 2 %, 3 % arba 5 %<\/p>\n<\/li>\n<li class=\"\" data-start=\"617\" data-end=\"667\" data-immersive-translate-walked=\"7fe1b906-7e9c-45a1-8bc5-49657556382d\">\n<p class=\"\" data-start=\"619\" data-end=\"667\" data-immersive-translate-walked=\"7fe1b906-7e9c-45a1-8bc5-49657556382d\" data-immersive-translate-paragraph=\"1\">Vamzdelis: Dviguba tinklelis su 0,8 Ohm var\u017ea<\/p>\n<\/li>\n<\/ul>\n<p class=\"\" data-start=\"669\" data-end=\"853\" data-immersive-translate-walked=\"7fe1b906-7e9c-45a1-8bc5-49657556382d\" data-immersive-translate-paragraph=\"1\">Tinklelio vamzdelio sistema u\u017etikrina vienod\u0105 gar\u0173 i\u0161siskyrim\u0105 ir intensyv\u0173 skon\u012f. G\u0117rimo Grape Ice skonis derina vaisinius atspalvius su malonia \u0161altumu.<\/p>\n<h3 data-start=\"855\" data-end=\"883\" data-immersive-translate-walked=\"7fe1b906-7e9c-45a1-8bc5-49657556382d\">I\u0161skirtiniai privalumai<\/h3>\n<p class=\"\" data-start=\"884\" data-end=\"1176\" data-immersive-translate-walked=\"7fe1b906-7e9c-45a1-8bc5-49657556382d\" data-immersive-translate-paragraph=\"1\">\u2714 Ilgas naudojimo laikas: su 20 000 \u012fkv\u0117pim\u0173 \u2013 viena i\u0161 galingiausi\u0173 vienkartini\u0173 elektronini\u0173 cigare\u010di\u0173 rinkoje<br data-start=\"989\" data-end=\"992\" data-immersive-translate-walked=\"7fe1b906-7e9c-45a1-8bc5-49657556382d\" \/>\u2714 Tvaresn\u0117 nei \u012fprastos vienkartin\u0117s modeliai: \u012fkraunama baterija maksimaliai efektyvumui<br data-start=\"1091\" data-end=\"1094\" data-immersive-translate-walked=\"7fe1b906-7e9c-45a1-8bc5-49657556382d\" \/>\u2714 Be muit\u0173 pirkimas: be importo mokes\u010di\u0173 perkant u\u017e vapingnet.de<\/p>\n<p class=\"\" data-start=\"1178\" data-end=\"1336\" data-immersive-translate-walked=\"7fe1b906-7e9c-45a1-8bc5-49657556382d\" data-immersive-translate-paragraph=\"1\">WASPE 20000 Puffs yra puikus pasirinkimas visiems, kurie ie\u0161ko patikimos, skon\u012f intensyviai ir paprastai naudojamos vienkartin\u0117s elektronin\u0117s cigaret\u0117s.<\/p>","protected":false},"excerpt":{"rendered":"<p>WASPE 20000 Puf\u0173 \u2013 Vienkartin\u0117 elektronin\u0117 cigaret\u0117 su \u012fsp\u016bdinga veikimu Puf\u0173 skai\u010dius: 20 000 Baterija: 900 mAh, \u012fkraunama per Type-C jungt\u012f Ekranas: LCD ekranas, rodantis...<\/p>","protected":false},"featured_media":6779,"template":"","meta":[],"etheme_brands":[],"product_brand":[98],"product_cat":[54,49,61],"product_tag":[],"class_list":{"0":"post-6805","1":"product","2":"type-product","3":"status-publish","4":"has-post-thumbnail","6":"product_brand-waspe-vape","7":"product_cat-vape-20000-zuege","8":"product_cat-einweg-e-zigarette","9":"product_cat-f","11":"first","12":"instock","13":"shipping-taxable","14":"purchasable","15":"product-type-simple"},"yoast_head":"<!-- This site is optimized with the Yoast SEO plugin v26.5 - https:\/\/yoast.com\/wordpress\/plugins\/seo\/ -->\n<title>Grape Ice Vape Mit 20000 Puffs WASPE Dual Mesh Zollfrei Geliefert | Vapingnet.de<\/title>\n<meta name=\"description\" content=\"Entdecke Grape Ice Vape Mit 20000 Puffs WASPE Dual Mesh Zollfrei Geliefert bei vapingnet.de, \u25ba Gro\u00dfe Auswahl an Geschmacksrichtungen &amp; super g\u00fcnstig!\" \/>\n<meta name=\"robots\" content=\"index, follow, max-snippet:-1, max-image-preview:large, max-video-preview:-1\" \/>\n<link rel=\"canonical\" href=\"https:\/\/vapingnet.de\/lt\/vape\/grape-ice-vape-mit-20000-puffs-waspe-dual-mesh-zollfrei-geliefert\/\" \/>\n<meta property=\"og:locale\" content=\"lt_LT\" \/>\n<meta property=\"og:type\" content=\"article\" \/>\n<meta property=\"og:title\" content=\"Grape Ice Vape Mit 20000 Puffs WASPE Dual Mesh Zollfrei Geliefert | Vapingnet.de\" \/>\n<meta property=\"og:description\" content=\"Entdecke Grape Ice Vape Mit 20000 Puffs WASPE Dual Mesh Zollfrei Geliefert bei vapingnet.de, \u25ba Gro\u00dfe Auswahl an Geschmacksrichtungen &amp; super g\u00fcnstig!\" \/>\n<meta property=\"og:url\" content=\"https:\/\/vapingnet.de\/lt\/vape\/grape-ice-vape-mit-20000-puffs-waspe-dual-mesh-zollfrei-geliefert\/\" \/>\n<meta property=\"og:site_name\" content=\"Vapingnet.de\" \/>\n<meta property=\"article:publisher\" content=\"https:\/\/www.facebook.com\/vapingnetde\/\" \/>\n<meta property=\"article:modified_time\" content=\"2025-06-19T03:45:00+00:00\" \/>\n<meta property=\"og:image\" content=\"https:\/\/vapingnet.de\/wp-content\/uploads\/2025\/05\/Grape-Ice.webp\" \/>\n\t<meta property=\"og:image:width\" content=\"1000\" \/>\n\t<meta property=\"og:image:height\" content=\"1000\" \/>\n\t<meta property=\"og:image:type\" content=\"image\/webp\" \/>\n<meta name=\"twitter:card\" content=\"summary_large_image\" \/>\n<meta name=\"twitter:label1\" content=\"Est. reading time\" \/>\n\t<meta name=\"twitter:data1\" content=\"2 minutes\" \/>\n<script type=\"application\/ld+json\" class=\"yoast-schema-graph\">{\"@context\":\"https:\/\/schema.org\",\"@graph\":[{\"@type\":\"WebPage\",\"@id\":\"https:\/\/vapingnet.de\/vape\/grape-ice-vape-mit-20000-puffs-waspe-dual-mesh-zollfrei-geliefert\/\",\"url\":\"https:\/\/vapingnet.de\/vape\/grape-ice-vape-mit-20000-puffs-waspe-dual-mesh-zollfrei-geliefert\/\",\"name\":\"Grape Ice Vape Mit 20000 Puffs WASPE Dual Mesh Zollfrei Geliefert | Vapingnet.de\",\"isPartOf\":{\"@id\":\"https:\/\/vapingnet.de\/#website\"},\"primaryImageOfPage\":{\"@id\":\"https:\/\/vapingnet.de\/vape\/grape-ice-vape-mit-20000-puffs-waspe-dual-mesh-zollfrei-geliefert\/#primaryimage\"},\"image\":{\"@id\":\"https:\/\/vapingnet.de\/vape\/grape-ice-vape-mit-20000-puffs-waspe-dual-mesh-zollfrei-geliefert\/#primaryimage\"},\"thumbnailUrl\":\"https:\/\/vapingnet.de\/wp-content\/uploads\/2025\/05\/Grape-Ice.webp\",\"datePublished\":\"2025-05-06T02:37:34+00:00\",\"dateModified\":\"2025-06-19T03:45:00+00:00\",\"description\":\"Entdecke Grape Ice Vape Mit 20000 Puffs WASPE Dual Mesh Zollfrei Geliefert bei vapingnet.de, \u25ba Gro\u00dfe Auswahl an Geschmacksrichtungen & super g\u00fcnstig!\",\"breadcrumb\":{\"@id\":\"https:\/\/vapingnet.de\/vape\/grape-ice-vape-mit-20000-puffs-waspe-dual-mesh-zollfrei-geliefert\/#breadcrumb\"},\"inLanguage\":\"lt-LT\",\"potentialAction\":[{\"@type\":\"ReadAction\",\"target\":[\"https:\/\/vapingnet.de\/vape\/grape-ice-vape-mit-20000-puffs-waspe-dual-mesh-zollfrei-geliefert\/\"]}]},{\"@type\":\"ImageObject\",\"inLanguage\":\"lt-LT\",\"@id\":\"https:\/\/vapingnet.de\/vape\/grape-ice-vape-mit-20000-puffs-waspe-dual-mesh-zollfrei-geliefert\/#primaryimage\",\"url\":\"https:\/\/vapingnet.de\/wp-content\/uploads\/2025\/05\/Grape-Ice.webp\",\"contentUrl\":\"https:\/\/vapingnet.de\/wp-content\/uploads\/2025\/05\/Grape-Ice.webp\",\"width\":1000,\"height\":1000},{\"@type\":\"BreadcrumbList\",\"@id\":\"https:\/\/vapingnet.de\/vape\/grape-ice-vape-mit-20000-puffs-waspe-dual-mesh-zollfrei-geliefert\/#breadcrumb\",\"itemListElement\":[{\"@type\":\"ListItem\",\"position\":1,\"name\":\"Home\",\"item\":\"https:\/\/vapingnet.de\/\"},{\"@type\":\"ListItem\",\"position\":2,\"name\":\"Shop\",\"item\":\"https:\/\/vapingnet.de\/vape\/\"},{\"@type\":\"ListItem\",\"position\":3,\"name\":\"Grape Ice Vape Mit 20000 Puffs WASPE Dual Mesh Zollfrei Geliefert\"}]},{\"@type\":\"WebSite\",\"@id\":\"https:\/\/vapingnet.de\/#website\",\"url\":\"https:\/\/vapingnet.de\/\",\"name\":\"Vapingnet.de\",\"description\":\"\",\"publisher\":{\"@id\":\"https:\/\/vapingnet.de\/#organization\"},\"potentialAction\":[{\"@type\":\"SearchAction\",\"target\":{\"@type\":\"EntryPoint\",\"urlTemplate\":\"https:\/\/vapingnet.de\/?s={search_term_string}\"},\"query-input\":{\"@type\":\"PropertyValueSpecification\",\"valueRequired\":true,\"valueName\":\"search_term_string\"}}],\"inLanguage\":\"lt-LT\"},{\"@type\":\"Organization\",\"@id\":\"https:\/\/vapingnet.de\/#organization\",\"name\":\"Vapingnet.de\",\"url\":\"https:\/\/vapingnet.de\/\",\"logo\":{\"@type\":\"ImageObject\",\"inLanguage\":\"lt-LT\",\"@id\":\"https:\/\/vapingnet.de\/#\/schema\/logo\/image\/\",\"url\":\"https:\/\/vapingnet.de\/wp-content\/uploads\/2025\/03\/cropped-vapingnet.de_.jpg\",\"contentUrl\":\"https:\/\/vapingnet.de\/wp-content\/uploads\/2025\/03\/cropped-vapingnet.de_.jpg\",\"width\":512,\"height\":512,\"caption\":\"Vapingnet.de\"},\"image\":{\"@id\":\"https:\/\/vapingnet.de\/#\/schema\/logo\/image\/\"},\"sameAs\":[\"https:\/\/www.facebook.com\/vapingnetde\/\"]}]}<\/script>\n<!-- \/ Yoast SEO plugin. -->","yoast_head_json":{"title":"Grape Ice Vape Mit 20000 Puffs WASPE Dual Mesh Zollfrei Geliefert | Vapingnet.de","description":"Entdecke Grape Ice Vape Mit 20000 Puffs WASPE Dual Mesh Zollfrei Geliefert bei vapingnet.de, \u25ba Gro\u00dfe Auswahl an Geschmacksrichtungen & super g\u00fcnstig!","robots":{"index":"index","follow":"follow","max-snippet":"max-snippet:-1","max-image-preview":"max-image-preview:large","max-video-preview":"max-video-preview:-1"},"canonical":"https:\/\/vapingnet.de\/lt\/vape\/grape-ice-vape-mit-20000-puffs-waspe-dual-mesh-zollfrei-geliefert\/","og_locale":"lt_LT","og_type":"article","og_title":"Grape Ice Vape Mit 20000 Puffs WASPE Dual Mesh Zollfrei Geliefert | Vapingnet.de","og_description":"Entdecke Grape Ice Vape Mit 20000 Puffs WASPE Dual Mesh Zollfrei Geliefert bei vapingnet.de, \u25ba Gro\u00dfe Auswahl an Geschmacksrichtungen & super g\u00fcnstig!","og_url":"https:\/\/vapingnet.de\/lt\/vape\/grape-ice-vape-mit-20000-puffs-waspe-dual-mesh-zollfrei-geliefert\/","og_site_name":"Vapingnet.de","article_publisher":"https:\/\/www.facebook.com\/vapingnetde\/","article_modified_time":"2025-06-19T03:45:00+00:00","og_image":[{"width":1000,"height":1000,"url":"https:\/\/vapingnet.de\/wp-content\/uploads\/2025\/05\/Grape-Ice.webp","type":"image\/webp"}],"twitter_card":"summary_large_image","twitter_misc":{"Est. reading time":"2 minutes"},"schema":{"@context":"https:\/\/schema.org","@graph":[{"@type":"WebPage","@id":"https:\/\/vapingnet.de\/vape\/grape-ice-vape-mit-20000-puffs-waspe-dual-mesh-zollfrei-geliefert\/","url":"https:\/\/vapingnet.de\/vape\/grape-ice-vape-mit-20000-puffs-waspe-dual-mesh-zollfrei-geliefert\/","name":"Grape Ice Vape Mit 20000 Puffs WASPE Dual Mesh Zollfrei Geliefert | Vapingnet.de","isPartOf":{"@id":"https:\/\/vapingnet.de\/#website"},"primaryImageOfPage":{"@id":"https:\/\/vapingnet.de\/vape\/grape-ice-vape-mit-20000-puffs-waspe-dual-mesh-zollfrei-geliefert\/#primaryimage"},"image":{"@id":"https:\/\/vapingnet.de\/vape\/grape-ice-vape-mit-20000-puffs-waspe-dual-mesh-zollfrei-geliefert\/#primaryimage"},"thumbnailUrl":"https:\/\/vapingnet.de\/wp-content\/uploads\/2025\/05\/Grape-Ice.webp","datePublished":"2025-05-06T02:37:34+00:00","dateModified":"2025-06-19T03:45:00+00:00","description":"Entdecke Grape Ice Vape Mit 20000 Puffs WASPE Dual Mesh Zollfrei Geliefert bei vapingnet.de, \u25ba Gro\u00dfe Auswahl an Geschmacksrichtungen & super g\u00fcnstig!","breadcrumb":{"@id":"https:\/\/vapingnet.de\/vape\/grape-ice-vape-mit-20000-puffs-waspe-dual-mesh-zollfrei-geliefert\/#breadcrumb"},"inLanguage":"lt-LT","potentialAction":[{"@type":"ReadAction","target":["https:\/\/vapingnet.de\/vape\/grape-ice-vape-mit-20000-puffs-waspe-dual-mesh-zollfrei-geliefert\/"]}]},{"@type":"ImageObject","inLanguage":"lt-LT","@id":"https:\/\/vapingnet.de\/vape\/grape-ice-vape-mit-20000-puffs-waspe-dual-mesh-zollfrei-geliefert\/#primaryimage","url":"https:\/\/vapingnet.de\/wp-content\/uploads\/2025\/05\/Grape-Ice.webp","contentUrl":"https:\/\/vapingnet.de\/wp-content\/uploads\/2025\/05\/Grape-Ice.webp","width":1000,"height":1000},{"@type":"BreadcrumbList","@id":"https:\/\/vapingnet.de\/vape\/grape-ice-vape-mit-20000-puffs-waspe-dual-mesh-zollfrei-geliefert\/#breadcrumb","itemListElement":[{"@type":"ListItem","position":1,"name":"Home","item":"https:\/\/vapingnet.de\/"},{"@type":"ListItem","position":2,"name":"Shop","item":"https:\/\/vapingnet.de\/vape\/"},{"@type":"ListItem","position":3,"name":"Grape Ice Vape Mit 20000 Puffs WASPE Dual Mesh Zollfrei Geliefert"}]},{"@type":"WebSite","@id":"https:\/\/vapingnet.de\/#website","url":"https:\/\/vapingnet.de\/","name":"Vapingnet.de","description":"","publisher":{"@id":"https:\/\/vapingnet.de\/#organization"},"potentialAction":[{"@type":"SearchAction","target":{"@type":"EntryPoint","urlTemplate":"https:\/\/vapingnet.de\/?s={search_term_string}"},"query-input":{"@type":"PropertyValueSpecification","valueRequired":true,"valueName":"search_term_string"}}],"inLanguage":"lt-LT"},{"@type":"Organization","@id":"https:\/\/vapingnet.de\/#organization","name":"Vapingnet.de","url":"https:\/\/vapingnet.de\/","logo":{"@type":"ImageObject","inLanguage":"lt-LT","@id":"https:\/\/vapingnet.de\/#\/schema\/logo\/image\/","url":"https:\/\/vapingnet.de\/wp-content\/uploads\/2025\/03\/cropped-vapingnet.de_.jpg","contentUrl":"https:\/\/vapingnet.de\/wp-content\/uploads\/2025\/03\/cropped-vapingnet.de_.jpg","width":512,"height":512,"caption":"Vapingnet.de"},"image":{"@id":"https:\/\/vapingnet.de\/#\/schema\/logo\/image\/"},"sameAs":["https:\/\/www.facebook.com\/vapingnetde\/"]}]}},"tiered_pricing_type":"fixed","tiered_pricing_fixed_rules":{"10":"9.11","60":"8.20","110":"7.29","200":"6.38"},"tiered_pricing_product_settings":{"layout":"default","base_unit_name":{"singular":null,"plural":null},"default_variation":null},"tiered_pricing_minimum_quantity":null,"tiered_pricing_roles_data":[],"tiered_pricing_percentage_rules":[],"_links":{"self":[{"href":"https:\/\/vapingnet.de\/lt\/wp-json\/wp\/v2\/product\/6805","targetHints":{"allow":["GET"]}}],"collection":[{"href":"https:\/\/vapingnet.de\/lt\/wp-json\/wp\/v2\/product"}],"about":[{"href":"https:\/\/vapingnet.de\/lt\/wp-json\/wp\/v2\/types\/product"}],"version-history":[{"count":3,"href":"https:\/\/vapingnet.de\/lt\/wp-json\/wp\/v2\/product\/6805\/revisions"}],"predecessor-version":[{"id":6813,"href":"https:\/\/vapingnet.de\/lt\/wp-json\/wp\/v2\/product\/6805\/revisions\/6813"}],"wp:featuredmedia":[{"embeddable":true,"href":"https:\/\/vapingnet.de\/lt\/wp-json\/wp\/v2\/media\/6779"}],"wp:attachment":[{"href":"https:\/\/vapingnet.de\/lt\/wp-json\/wp\/v2\/media?parent=6805"}],"wp:term":[{"taxonomy":"brand","embeddable":true,"href":"https:\/\/vapingnet.de\/lt\/wp-json\/wp\/v2\/etheme_brands?post=6805"},{"taxonomy":"product_brand","embeddable":true,"href":"https:\/\/vapingnet.de\/lt\/wp-json\/wp\/v2\/product_brand?post=6805"},{"taxonomy":"product_cat","embeddable":true,"href":"https:\/\/vapingnet.de\/lt\/wp-json\/wp\/v2\/product_cat?post=6805"},{"taxonomy":"product_tag","embeddable":true,"href":"https:\/\/vapingnet.de\/lt\/wp-json\/wp\/v2\/product_tag?post=6805"}],"curies":[{"name":"wp","href":"https:\/\/api.w.org\/{rel}","templated":true}]}}