{"id":6807,"date":"2025-05-06T02:48:56","date_gmt":"2025-05-06T02:48:56","guid":{"rendered":"https:\/\/vapingnet.de\/?post_type=product&#038;p=6807"},"modified":"2026-04-15T06:46:53","modified_gmt":"2026-04-15T06:46:53","slug":"waspe-vape-mit-dual-mesh-blueberry-ice-geschmack-weltweit-beliebt","status":"publish","type":"product","link":"https:\/\/vapingnet.de\/lt\/vape\/waspe-vape-mit-dual-mesh-blueberry-ice-geschmack-weltweit-beliebt\/","title":{"rendered":"WASPE Vape su dvigubu tinkleliu Blueberry Ice skoniu, m\u0117gstamas visame pasaulyje"},"content":{"rendered":"<h2 data-start=\"0\" data-end=\"88\" data-immersive-translate-walked=\"2b2f2001-4991-4a92-8faf-5c71c4b84d00\">WASPE 20000 d\u016bm\u0173 dvigubo tinklelio elektronin\u0117 cigaret\u0117 J\u016bs\u0173 ideali kompanion\u0117 ilgam malonumui<\/h2>\n<p class=\"\" data-start=\"90\" data-end=\"431\" data-immersive-translate-walked=\"2b2f2001-4991-4a92-8faf-5c71c4b84d00\" data-immersive-translate-paragraph=\"1\">WASPE 20000 d\u016bm\u0173 dvigubo tinklelio vienkartin\u0117 elektronin\u0117 cigaret\u0117 yra revoliucin\u0117 inovacija elektronini\u0173 cigare\u010di\u0173 srityje. Su savo modernia dvigubo tinklelio rit\u0117s technologija ir daugybe prakti\u0161k\u0173 funkcij\u0173 \u0161i \u012franga si\u016blo neprilygstam\u0105 garinimo patirt\u012f. Puikiai tinka garintojams, kurie vertina tiek na\u0161um\u0105, tiek skon\u012f.<\/p>\n<h3 data-start=\"433\" data-end=\"473\" data-immersive-translate-walked=\"2b2f2001-4991-4a92-8faf-5c71c4b84d00\">Pagrindin\u0117s WASPE elektronin\u0117s cigaret\u0117s savyb\u0117s:<\/h3>\n<ul data-start=\"475\" data-end=\"1929\" data-immersive-translate-walked=\"2b2f2001-4991-4a92-8faf-5c71c4b84d00\">\n<li class=\"\" data-start=\"475\" data-end=\"746\" data-immersive-translate-walked=\"2b2f2001-4991-4a92-8faf-5c71c4b84d00\">\n<p class=\"\" data-start=\"477\" data-end=\"746\" data-immersive-translate-walked=\"2b2f2001-4991-4a92-8faf-5c71c4b84d00\" data-immersive-translate-paragraph=\"1\">Dvigubo tinklelio rit\u0117s: su 0,8 om\u0173 var\u017ea, dvigubo tinklelio rit\u0117s technologija u\u017etikrina tankius, tolygiai garuojan\u010dius d\u016bmus ir intensyv\u0173 skon\u012f kiekvieno \u012fkv\u0117pimo metu. Tinklelio dizainas garantuoja tolyg\u0173 skys\u010dio garinim\u0105 ir nuolatin\u012f garo formavim\u0105si.<\/p>\n<\/li>\n<li class=\"\" data-start=\"750\" data-end=\"1032\" data-immersive-translate-walked=\"2b2f2001-4991-4a92-8faf-5c71c4b84d00\">\n<p class=\"\" data-start=\"752\" data-end=\"1032\" data-immersive-translate-walked=\"2b2f2001-4991-4a92-8faf-5c71c4b84d00\" data-immersive-translate-paragraph=\"1\">Puiki talpa: su 24 ml skys\u010dio talpa ir galinga 900 mAh baterija, WASPE 20 000 \u012fkv\u0117pim\u0173 suteikia ilgalaik\u012f garinimo malonum\u0105. Ilga tarnavimo trukm\u0117 leid\u017eia naudoti \u012frengin\u012f ilg\u0105 laik\u0105 be papildymo.<\/p>\n<\/li>\n<li class=\"\" data-start=\"1034\" data-end=\"1247\" data-immersive-translate-walked=\"2b2f2001-4991-4a92-8faf-5c71c4b84d00\">\n<p class=\"\" data-start=\"1036\" data-end=\"1247\" data-immersive-translate-walked=\"2b2f2001-4991-4a92-8faf-5c71c4b84d00\" data-immersive-translate-paragraph=\"1\">LCD ekranas: patogus LCD ekranas rodo likus\u012f skys\u010dio kiek\u012f ir baterijos b\u016bsen\u0105. Taip visuomet matysite savo naudojimo statistik\u0105 ir gal\u0117site laiku \u012fkrauti ar papildyti.<\/p>\n<\/li>\n<li class=\"\" data-start=\"1249\" data-end=\"1433\" data-immersive-translate-walked=\"2b2f2001-4991-4a92-8faf-5c71c4b84d00\">\n<p class=\"\" data-start=\"1251\" data-end=\"1433\" data-immersive-translate-walked=\"2b2f2001-4991-4a92-8faf-5c71c4b84d00\" data-immersive-translate-paragraph=\"1\">\u012evairios nikotino stiprumo galimyb\u0117s: WASPE si\u016bloma keliomis nikotino stiprumo versijomis (0%, 2%, 3% ir 5%), suteikian\u010diomis lankstumo pasirinkti tinkamiausi\u0105 variant\u0105.<\/p>\n<\/li>\n<li class=\"\" data-start=\"1435\" data-end=\"1665\" data-immersive-translate-walked=\"2b2f2001-4991-4a92-8faf-5c71c4b84d00\">\n<p class=\"\" data-start=\"1437\" data-end=\"1665\" data-immersive-translate-walked=\"2b2f2001-4991-4a92-8faf-5c71c4b84d00\" data-immersive-translate-paragraph=\"1\">Type-C \u012fkrovimo jungtis: su modernia Type-C jungtimi elektronin\u0117 cigaret\u0117 \u012fkraunama greitai ir efektyviai. Taip u\u017etikrinama, kad j\u016bs\u0173 elektronin\u0117 cigaret\u0117 visada b\u016bt\u0173 paruo\u0161ta naudoti, be ilg\u0173 \u012fkrovimo laik\u0173.<\/p>\n<\/li>\n<li class=\"\" data-start=\"1667\" data-end=\"1929\" data-immersive-translate-walked=\"2b2f2001-4991-4a92-8faf-5c71c4b84d00\">\n<p class=\"\" data-start=\"1669\" data-end=\"1929\" data-immersive-translate-walked=\"2b2f2001-4991-4a92-8faf-5c71c4b84d00\" data-immersive-translate-paragraph=\"1\">Skonio patirtis \u201eBlueberry Ice\u201c: gaivus m\u0117lyni\u0173 skonis, derinamas su \u0161altu lediniu efektu, sukuria ypa\u010d maloni\u0105 garinimo patirt\u012f. Ideali aroma tiems, kurie m\u0117gsta vaisinius ir gaivius skonius.<\/p>\n<\/li>\n<\/ul>\n<h3 data-start=\"1931\" data-end=\"2025\" data-immersive-translate-walked=\"2b2f2001-4991-4a92-8faf-5c71c4b84d00\"><img fetchpriority=\"high\" decoding=\"async\" class=\"size-full wp-image-6902 aligncenter\" src=\"https:\/\/vapingnet.de\/wp-content\/uploads\/2025\/05\/WASPE-VAPE1.webp\" alt=\"\" width=\"1000\" height=\"1000\" srcset=\"https:\/\/vapingnet.de\/wp-content\/uploads\/2025\/05\/WASPE-VAPE1.webp 1000w, https:\/\/vapingnet.de\/wp-content\/uploads\/2025\/05\/WASPE-VAPE1-300x300.webp 300w, https:\/\/vapingnet.de\/wp-content\/uploads\/2025\/05\/WASPE-VAPE1-150x150.webp 150w, https:\/\/vapingnet.de\/wp-content\/uploads\/2025\/05\/WASPE-VAPE1-768x768.webp 768w, https:\/\/vapingnet.de\/wp-content\/uploads\/2025\/05\/WASPE-VAPE1-600x600.webp 600w, https:\/\/vapingnet.de\/wp-content\/uploads\/2025\/05\/WASPE-VAPE1-100x100.webp 100w, https:\/\/vapingnet.de\/wp-content\/uploads\/2025\/05\/WASPE-VAPE1-1x1.webp 1w, https:\/\/vapingnet.de\/wp-content\/uploads\/2025\/05\/WASPE-VAPE1-10x10.webp 10w\" sizes=\"(max-width: 1000px) 100vw, 1000px\" \/><\/h3>\n<h3 data-start=\"1931\" data-end=\"2025\" data-immersive-translate-walked=\"2b2f2001-4991-4a92-8faf-5c71c4b84d00\">Kod\u0117l verta rinktis WASPE 20000 d\u016bm\u0173 dvigubo tinklelio vienkartin\u0119 elektronin\u0119 cigaret\u0119?<\/h3>\n<ul data-start=\"2027\" data-end=\"2741\" data-immersive-translate-walked=\"2b2f2001-4991-4a92-8faf-5c71c4b84d00\">\n<li class=\"\" data-start=\"2027\" data-end=\"2287\" data-immersive-translate-walked=\"2b2f2001-4991-4a92-8faf-5c71c4b84d00\">\n<p class=\"\" data-start=\"2029\" data-end=\"2287\" data-immersive-translate-walked=\"2b2f2001-4991-4a92-8faf-5c71c4b84d00\" data-immersive-translate-paragraph=\"1\">Be muito ir patogu: WASPE elektronin\u0117 cigaret\u0117 yra be muito, tod\u0117l pirkimas Lietuvoje yra ypa\u010d paprastas ir ekonomi\u0161kas. Be to, si\u016blome greit\u0105 pristatym\u0105 i\u0161 m\u016bs\u0173 Europos sand\u0117lio, kad gautum\u0117te u\u017esakym\u0105 kuo grei\u010diau.<\/p>\n<\/li>\n<li class=\"\" data-start=\"2289\" data-end=\"2510\" data-immersive-translate-walked=\"2b2f2001-4991-4a92-8faf-5c71c4b84d00\">\n<p class=\"\" data-start=\"2291\" data-end=\"2510\" data-immersive-translate-walked=\"2b2f2001-4991-4a92-8faf-5c71c4b84d00\" data-immersive-translate-paragraph=\"1\">Auk\u0161\u010diausios kokyb\u0117s na\u0161umas ir ilga naudojimo trukm\u0117: su iki 20 000 \u012fkv\u0117pim\u0173 ir auk\u0161tos kokyb\u0117s konstrukcija, WASPE elektronin\u0117 cigaret\u0117 yra ideali garintojams, kurie vertina ilgaam\u017ei\u0161kum\u0105 ir patikimum\u0105.<\/p>\n<\/li>\n<li class=\"\" data-start=\"2512\" data-end=\"2741\" data-immersive-translate-walked=\"2b2f2001-4991-4a92-8faf-5c71c4b84d00\">\n<p class=\"\" data-start=\"2514\" data-end=\"2741\" data-immersive-translate-walked=\"2b2f2001-4991-4a92-8faf-5c71c4b84d00\" data-immersive-translate-paragraph=\"1\">Paprasta naudoti: paprastas valdymas ir patogus dizainas daro WASPE elektronin\u0119 cigaret\u0119 idealiu kasdieniu palydovu. Lengva naudoti tiek pradedantiesiems, tiek patyrusiems garintojams.<\/p>\n<\/li>\n<\/ul>\n<p class=\"\" data-start=\"2743\" data-end=\"2951\" data-immersive-translate-walked=\"2b2f2001-4991-4a92-8faf-5c71c4b84d00\" data-immersive-translate-paragraph=\"1\">Apsilankykite vapingnet.de, kad su\u017einotum\u0117te daugiau apie WASPE 20000 d\u016bm\u0173 dvigubo tinklelio vienkartin\u0119 elektronin\u0119 cigaret\u0119 ir pateiktum\u0117te u\u017esakym\u0105. Patirkite ateities skon\u012f su \u0161ia inovatyvia elektronine cigarete!<\/p>","protected":false},"excerpt":{"rendered":"<p>WASPE 20000 D\u016b\u017ei\u0173 Dual Mesh \u2013 j\u016bs\u0173 ideali kompanionas ilgam malonumui. WASPE 20000 D\u016b\u017ei\u0173 Dual Mesh Vienkartinis E-r\u016bkalius yra revoliucin\u0117 inovacija...<\/p>","protected":false},"featured_media":6901,"template":"","meta":[],"etheme_brands":[],"product_brand":[98],"product_cat":[54,49,61],"product_tag":[],"class_list":{"0":"post-6807","1":"product","2":"type-product","3":"status-publish","4":"has-post-thumbnail","6":"product_brand-waspe-vape","7":"product_cat-vape-20000-zuege","8":"product_cat-einweg-e-zigarette","9":"product_cat-f","11":"first","12":"instock","13":"shipping-taxable","14":"purchasable","15":"product-type-variable"},"yoast_head":"<!-- This site is optimized with the Yoast SEO plugin v26.5 - https:\/\/yoast.com\/wordpress\/plugins\/seo\/ -->\n<title>WASPE Vape Mit Dual Mesh Blueberry Ice Geschmack Weltweit Beliebt | Vapingnet.de<\/title>\n<meta name=\"description\" content=\"Entdecke WASPE Vape Mit Dual Mesh Blueberry Ice Geschmack Weltweit Beliebt bei vapingnet.de, \u25ba Gro\u00dfe Auswahl an Geschmacksrichtungen &amp; super g\u00fcnstig!\" \/>\n<meta name=\"robots\" content=\"index, follow, max-snippet:-1, max-image-preview:large, max-video-preview:-1\" \/>\n<link rel=\"canonical\" href=\"https:\/\/vapingnet.de\/lt\/vape\/waspe-vape-mit-dual-mesh-blueberry-ice-geschmack-weltweit-beliebt\/\" \/>\n<meta property=\"og:locale\" content=\"lt_LT\" \/>\n<meta property=\"og:type\" content=\"article\" \/>\n<meta property=\"og:title\" content=\"WASPE Vape Mit Dual Mesh Blueberry Ice Geschmack Weltweit Beliebt | Vapingnet.de\" \/>\n<meta property=\"og:description\" content=\"Entdecke WASPE Vape Mit Dual Mesh Blueberry Ice Geschmack Weltweit Beliebt bei vapingnet.de, \u25ba Gro\u00dfe Auswahl an Geschmacksrichtungen &amp; super g\u00fcnstig!\" \/>\n<meta property=\"og:url\" content=\"https:\/\/vapingnet.de\/lt\/vape\/waspe-vape-mit-dual-mesh-blueberry-ice-geschmack-weltweit-beliebt\/\" \/>\n<meta property=\"og:site_name\" content=\"Vapingnet.de\" \/>\n<meta property=\"article:publisher\" content=\"https:\/\/www.facebook.com\/vapingnetde\/\" \/>\n<meta property=\"article:modified_time\" content=\"2026-04-15T06:46:53+00:00\" \/>\n<meta property=\"og:image\" content=\"https:\/\/vapingnet.de\/wp-content\/uploads\/2025\/05\/WASPE-VAPE2.webp\" \/>\n\t<meta property=\"og:image:width\" content=\"1000\" \/>\n\t<meta property=\"og:image:height\" content=\"1000\" \/>\n\t<meta property=\"og:image:type\" content=\"image\/webp\" \/>\n<meta name=\"twitter:card\" content=\"summary_large_image\" \/>\n<meta name=\"twitter:label1\" content=\"Est. reading time\" \/>\n\t<meta name=\"twitter:data1\" content=\"3 minutes\" \/>\n<script type=\"application\/ld+json\" class=\"yoast-schema-graph\">{\"@context\":\"https:\/\/schema.org\",\"@graph\":[{\"@type\":\"WebPage\",\"@id\":\"https:\/\/vapingnet.de\/vape\/waspe-vape-mit-dual-mesh-blueberry-ice-geschmack-weltweit-beliebt\/\",\"url\":\"https:\/\/vapingnet.de\/vape\/waspe-vape-mit-dual-mesh-blueberry-ice-geschmack-weltweit-beliebt\/\",\"name\":\"WASPE Vape Mit Dual Mesh Blueberry Ice Geschmack Weltweit Beliebt | Vapingnet.de\",\"isPartOf\":{\"@id\":\"https:\/\/vapingnet.de\/#website\"},\"primaryImageOfPage\":{\"@id\":\"https:\/\/vapingnet.de\/vape\/waspe-vape-mit-dual-mesh-blueberry-ice-geschmack-weltweit-beliebt\/#primaryimage\"},\"image\":{\"@id\":\"https:\/\/vapingnet.de\/vape\/waspe-vape-mit-dual-mesh-blueberry-ice-geschmack-weltweit-beliebt\/#primaryimage\"},\"thumbnailUrl\":\"https:\/\/vapingnet.de\/wp-content\/uploads\/2025\/05\/WASPE-VAPE2.webp\",\"datePublished\":\"2025-05-06T02:48:56+00:00\",\"dateModified\":\"2026-04-15T06:46:53+00:00\",\"description\":\"Entdecke WASPE Vape Mit Dual Mesh Blueberry Ice Geschmack Weltweit Beliebt bei vapingnet.de, \u25ba Gro\u00dfe Auswahl an Geschmacksrichtungen & super g\u00fcnstig!\",\"breadcrumb\":{\"@id\":\"https:\/\/vapingnet.de\/vape\/waspe-vape-mit-dual-mesh-blueberry-ice-geschmack-weltweit-beliebt\/#breadcrumb\"},\"inLanguage\":\"lt-LT\",\"potentialAction\":[{\"@type\":\"ReadAction\",\"target\":[\"https:\/\/vapingnet.de\/vape\/waspe-vape-mit-dual-mesh-blueberry-ice-geschmack-weltweit-beliebt\/\"]}]},{\"@type\":\"ImageObject\",\"inLanguage\":\"lt-LT\",\"@id\":\"https:\/\/vapingnet.de\/vape\/waspe-vape-mit-dual-mesh-blueberry-ice-geschmack-weltweit-beliebt\/#primaryimage\",\"url\":\"https:\/\/vapingnet.de\/wp-content\/uploads\/2025\/05\/WASPE-VAPE2.webp\",\"contentUrl\":\"https:\/\/vapingnet.de\/wp-content\/uploads\/2025\/05\/WASPE-VAPE2.webp\",\"width\":1000,\"height\":1000},{\"@type\":\"BreadcrumbList\",\"@id\":\"https:\/\/vapingnet.de\/vape\/waspe-vape-mit-dual-mesh-blueberry-ice-geschmack-weltweit-beliebt\/#breadcrumb\",\"itemListElement\":[{\"@type\":\"ListItem\",\"position\":1,\"name\":\"Home\",\"item\":\"https:\/\/vapingnet.de\/\"},{\"@type\":\"ListItem\",\"position\":2,\"name\":\"Shop\",\"item\":\"https:\/\/vapingnet.de\/vape\/\"},{\"@type\":\"ListItem\",\"position\":3,\"name\":\"WASPE Vape Mit Dual Mesh Blueberry Ice Geschmack Weltweit Beliebt\"}]},{\"@type\":\"WebSite\",\"@id\":\"https:\/\/vapingnet.de\/#website\",\"url\":\"https:\/\/vapingnet.de\/\",\"name\":\"Vapingnet.de\",\"description\":\"\",\"publisher\":{\"@id\":\"https:\/\/vapingnet.de\/#organization\"},\"potentialAction\":[{\"@type\":\"SearchAction\",\"target\":{\"@type\":\"EntryPoint\",\"urlTemplate\":\"https:\/\/vapingnet.de\/?s={search_term_string}\"},\"query-input\":{\"@type\":\"PropertyValueSpecification\",\"valueRequired\":true,\"valueName\":\"search_term_string\"}}],\"inLanguage\":\"lt-LT\"},{\"@type\":\"Organization\",\"@id\":\"https:\/\/vapingnet.de\/#organization\",\"name\":\"Vapingnet.de\",\"url\":\"https:\/\/vapingnet.de\/\",\"logo\":{\"@type\":\"ImageObject\",\"inLanguage\":\"lt-LT\",\"@id\":\"https:\/\/vapingnet.de\/#\/schema\/logo\/image\/\",\"url\":\"https:\/\/vapingnet.de\/wp-content\/uploads\/2025\/03\/cropped-vapingnet.de_.jpg\",\"contentUrl\":\"https:\/\/vapingnet.de\/wp-content\/uploads\/2025\/03\/cropped-vapingnet.de_.jpg\",\"width\":512,\"height\":512,\"caption\":\"Vapingnet.de\"},\"image\":{\"@id\":\"https:\/\/vapingnet.de\/#\/schema\/logo\/image\/\"},\"sameAs\":[\"https:\/\/www.facebook.com\/vapingnetde\/\"]}]}<\/script>\n<!-- \/ Yoast SEO plugin. -->","yoast_head_json":{"title":"WASPE Vape Mit Dual Mesh Blueberry Ice Geschmack Weltweit Beliebt | Vapingnet.de","description":"Entdecke WASPE Vape Mit Dual Mesh Blueberry Ice Geschmack Weltweit Beliebt bei vapingnet.de, \u25ba Gro\u00dfe Auswahl an Geschmacksrichtungen & super g\u00fcnstig!","robots":{"index":"index","follow":"follow","max-snippet":"max-snippet:-1","max-image-preview":"max-image-preview:large","max-video-preview":"max-video-preview:-1"},"canonical":"https:\/\/vapingnet.de\/lt\/vape\/waspe-vape-mit-dual-mesh-blueberry-ice-geschmack-weltweit-beliebt\/","og_locale":"lt_LT","og_type":"article","og_title":"WASPE Vape Mit Dual Mesh Blueberry Ice Geschmack Weltweit Beliebt | Vapingnet.de","og_description":"Entdecke WASPE Vape Mit Dual Mesh Blueberry Ice Geschmack Weltweit Beliebt bei vapingnet.de, \u25ba Gro\u00dfe Auswahl an Geschmacksrichtungen & super g\u00fcnstig!","og_url":"https:\/\/vapingnet.de\/lt\/vape\/waspe-vape-mit-dual-mesh-blueberry-ice-geschmack-weltweit-beliebt\/","og_site_name":"Vapingnet.de","article_publisher":"https:\/\/www.facebook.com\/vapingnetde\/","article_modified_time":"2026-04-15T06:46:53+00:00","og_image":[{"width":1000,"height":1000,"url":"https:\/\/vapingnet.de\/wp-content\/uploads\/2025\/05\/WASPE-VAPE2.webp","type":"image\/webp"}],"twitter_card":"summary_large_image","twitter_misc":{"Est. reading time":"3 minutes"},"schema":{"@context":"https:\/\/schema.org","@graph":[{"@type":"WebPage","@id":"https:\/\/vapingnet.de\/vape\/waspe-vape-mit-dual-mesh-blueberry-ice-geschmack-weltweit-beliebt\/","url":"https:\/\/vapingnet.de\/vape\/waspe-vape-mit-dual-mesh-blueberry-ice-geschmack-weltweit-beliebt\/","name":"WASPE Vape Mit Dual Mesh Blueberry Ice Geschmack Weltweit Beliebt | Vapingnet.de","isPartOf":{"@id":"https:\/\/vapingnet.de\/#website"},"primaryImageOfPage":{"@id":"https:\/\/vapingnet.de\/vape\/waspe-vape-mit-dual-mesh-blueberry-ice-geschmack-weltweit-beliebt\/#primaryimage"},"image":{"@id":"https:\/\/vapingnet.de\/vape\/waspe-vape-mit-dual-mesh-blueberry-ice-geschmack-weltweit-beliebt\/#primaryimage"},"thumbnailUrl":"https:\/\/vapingnet.de\/wp-content\/uploads\/2025\/05\/WASPE-VAPE2.webp","datePublished":"2025-05-06T02:48:56+00:00","dateModified":"2026-04-15T06:46:53+00:00","description":"Entdecke WASPE Vape Mit Dual Mesh Blueberry Ice Geschmack Weltweit Beliebt bei vapingnet.de, \u25ba Gro\u00dfe Auswahl an Geschmacksrichtungen & super g\u00fcnstig!","breadcrumb":{"@id":"https:\/\/vapingnet.de\/vape\/waspe-vape-mit-dual-mesh-blueberry-ice-geschmack-weltweit-beliebt\/#breadcrumb"},"inLanguage":"lt-LT","potentialAction":[{"@type":"ReadAction","target":["https:\/\/vapingnet.de\/vape\/waspe-vape-mit-dual-mesh-blueberry-ice-geschmack-weltweit-beliebt\/"]}]},{"@type":"ImageObject","inLanguage":"lt-LT","@id":"https:\/\/vapingnet.de\/vape\/waspe-vape-mit-dual-mesh-blueberry-ice-geschmack-weltweit-beliebt\/#primaryimage","url":"https:\/\/vapingnet.de\/wp-content\/uploads\/2025\/05\/WASPE-VAPE2.webp","contentUrl":"https:\/\/vapingnet.de\/wp-content\/uploads\/2025\/05\/WASPE-VAPE2.webp","width":1000,"height":1000},{"@type":"BreadcrumbList","@id":"https:\/\/vapingnet.de\/vape\/waspe-vape-mit-dual-mesh-blueberry-ice-geschmack-weltweit-beliebt\/#breadcrumb","itemListElement":[{"@type":"ListItem","position":1,"name":"Home","item":"https:\/\/vapingnet.de\/"},{"@type":"ListItem","position":2,"name":"Shop","item":"https:\/\/vapingnet.de\/vape\/"},{"@type":"ListItem","position":3,"name":"WASPE Vape Mit Dual Mesh Blueberry Ice Geschmack Weltweit Beliebt"}]},{"@type":"WebSite","@id":"https:\/\/vapingnet.de\/#website","url":"https:\/\/vapingnet.de\/","name":"Vapingnet.de","description":"","publisher":{"@id":"https:\/\/vapingnet.de\/#organization"},"potentialAction":[{"@type":"SearchAction","target":{"@type":"EntryPoint","urlTemplate":"https:\/\/vapingnet.de\/?s={search_term_string}"},"query-input":{"@type":"PropertyValueSpecification","valueRequired":true,"valueName":"search_term_string"}}],"inLanguage":"lt-LT"},{"@type":"Organization","@id":"https:\/\/vapingnet.de\/#organization","name":"Vapingnet.de","url":"https:\/\/vapingnet.de\/","logo":{"@type":"ImageObject","inLanguage":"lt-LT","@id":"https:\/\/vapingnet.de\/#\/schema\/logo\/image\/","url":"https:\/\/vapingnet.de\/wp-content\/uploads\/2025\/03\/cropped-vapingnet.de_.jpg","contentUrl":"https:\/\/vapingnet.de\/wp-content\/uploads\/2025\/03\/cropped-vapingnet.de_.jpg","width":512,"height":512,"caption":"Vapingnet.de"},"image":{"@id":"https:\/\/vapingnet.de\/#\/schema\/logo\/image\/"},"sameAs":["https:\/\/www.facebook.com\/vapingnetde\/"]}]}},"tiered_pricing_type":"fixed","tiered_pricing_fixed_rules":[],"tiered_pricing_product_settings":{"layout":"default","base_unit_name":{"singular":null,"plural":null},"default_variation":null},"tiered_pricing_minimum_quantity":null,"tiered_pricing_roles_data":[],"tiered_pricing_percentage_rules":[],"_links":{"self":[{"href":"https:\/\/vapingnet.de\/lt\/wp-json\/wp\/v2\/product\/6807","targetHints":{"allow":["GET"]}}],"collection":[{"href":"https:\/\/vapingnet.de\/lt\/wp-json\/wp\/v2\/product"}],"about":[{"href":"https:\/\/vapingnet.de\/lt\/wp-json\/wp\/v2\/types\/product"}],"version-history":[{"count":2,"href":"https:\/\/vapingnet.de\/lt\/wp-json\/wp\/v2\/product\/6807\/revisions"}],"predecessor-version":[{"id":6904,"href":"https:\/\/vapingnet.de\/lt\/wp-json\/wp\/v2\/product\/6807\/revisions\/6904"}],"wp:featuredmedia":[{"embeddable":true,"href":"https:\/\/vapingnet.de\/lt\/wp-json\/wp\/v2\/media\/6901"}],"wp:attachment":[{"href":"https:\/\/vapingnet.de\/lt\/wp-json\/wp\/v2\/media?parent=6807"}],"wp:term":[{"taxonomy":"brand","embeddable":true,"href":"https:\/\/vapingnet.de\/lt\/wp-json\/wp\/v2\/etheme_brands?post=6807"},{"taxonomy":"product_brand","embeddable":true,"href":"https:\/\/vapingnet.de\/lt\/wp-json\/wp\/v2\/product_brand?post=6807"},{"taxonomy":"product_cat","embeddable":true,"href":"https:\/\/vapingnet.de\/lt\/wp-json\/wp\/v2\/product_cat?post=6807"},{"taxonomy":"product_tag","embeddable":true,"href":"https:\/\/vapingnet.de\/lt\/wp-json\/wp\/v2\/product_tag?post=6807"}],"curies":[{"name":"wp","href":"https:\/\/api.w.org\/{rel}","templated":true}]}}