{"id":6808,"date":"2025-05-06T02:48:59","date_gmt":"2025-05-06T02:48:59","guid":{"rendered":"https:\/\/vapingnet.de\/?post_type=product&#038;p=6808"},"modified":"2026-04-15T06:46:02","modified_gmt":"2026-04-15T06:46:02","slug":"top-geschmack-mit-strawberry-watermelon-waspe-20000-vape-in-hoechster-qualitaet","status":"publish","type":"product","link":"https:\/\/vapingnet.de\/lt\/vape\/top-geschmack-mit-strawberry-watermelon-waspe-20000-vape-in-hoechster-qualitaet\/","title":{"rendered":"Geriausias skonis su Strawberry Watermelon WASPE 20000 Vape auk\u0161\u010diausios kokyb\u0117s"},"content":{"rendered":"<h2 data-start=\"0\" data-end=\"82\" data-immersive-translate-walked=\"07a3d14d-a530-4818-9d2b-733cf5ac325b\">WASPE 20000 Puffs Dual Mesh: Vienkartin\u0117 elektronin\u0117 cigaret\u0117 reikalaujantiems vaporiams<\/h2>\n<p class=\"\" data-start=\"84\" data-end=\"384\" data-immersive-translate-walked=\"07a3d14d-a530-4818-9d2b-733cf5ac325b\" data-immersive-translate-paragraph=\"1\">WASPE 20000 Puffs Dual Mesh <a href=\"https:\/\/vapingnet.de\/lt\/k\/einweg-e-zigarette\/\" target=\"_blank\" rel=\"noopener\"><strong>Vienkartin\u0117 elektronin\u0117 cigaret\u0117<\/strong><\/a> yra puikus pasirinkimas vaporiams, kurie ie\u0161ko tiek na\u0161umo, tiek malonumo auk\u0161\u010diausio lygio. Su inovatyvia Dual Mesh Coil technologija ir daugybe prakti\u0161k\u0173 funkcij\u0173 \u0161i elektronin\u0117 cigaret\u0117 yra b\u016btina kiekvienam vaporiui.<\/p>\n<h4 data-start=\"386\" data-end=\"441\" data-immersive-translate-walked=\"07a3d14d-a530-4818-9d2b-733cf5ac325b\">Dual Mesh Coil technologija intensyviam skoniui<\/h4>\n<p class=\"\" data-start=\"443\" data-end=\"848\" data-immersive-translate-walked=\"07a3d14d-a530-4818-9d2b-733cf5ac325b\" data-immersive-translate-paragraph=\"1\">I\u0161skirtinis WASPE elektronin\u0117s cigaret\u0117s bruo\u017eas yra Dual Mesh Coil su 0,8 Ohmo var\u017ea. \u0160i technologija u\u017etikrina tolyg\u0173 \u0161ilumos paskirstym\u0105, tod\u0117l gaunamas intensyvesnis garavimas ir pilnesnis skonis. Mesh coil naudojimas padidina garavimo greit\u012f, kas rei\u0161kia, kad kiekvien\u0105 kart\u0105 galite m\u0117gautis nuosekliu ir skoniu pilnu gar\u0173 patirtimi.<\/p>\n<h4 data-start=\"850\" data-end=\"918\" data-immersive-translate-walked=\"07a3d14d-a530-4818-9d2b-733cf5ac325b\">Ilgaam\u017ei\u0161kumas d\u0117l didel\u0117s talpos ir galingos baterijos<\/h4>\n<p class=\"\" data-start=\"920\" data-end=\"1256\" data-immersive-translate-walked=\"07a3d14d-a530-4818-9d2b-733cf5ac325b\" data-immersive-translate-paragraph=\"1\">Su \u012fsp\u016bdinga 24 ml skys\u010dio talpa ir 900 mAh talpos baterija, WASPE 20000 Puffs Vienkartin\u0117 elektronin\u0117 cigaret\u0117 suteikia iki 20 000 \u012fkv\u0117pim\u0173 naudojimo trukm\u0119. \u0160is i\u0161skirtinis patvarumas u\u017etikrina, kad gal\u0117site m\u0117gautis ilg\u0105 laik\u0105, nesir\u016bpindami papildymu ar da\u017enu \u012fkrovimu.<\/p>\n<p data-start=\"920\" data-end=\"1256\" data-immersive-translate-walked=\"07a3d14d-a530-4818-9d2b-733cf5ac325b\" data-immersive-translate-paragraph=\"1\"><img fetchpriority=\"high\" decoding=\"async\" class=\"size-full wp-image-6902 aligncenter\" src=\"https:\/\/vapingnet.de\/wp-content\/uploads\/2025\/05\/WASPE-VAPE1.webp\" alt=\"\" width=\"1000\" height=\"1000\" srcset=\"https:\/\/vapingnet.de\/wp-content\/uploads\/2025\/05\/WASPE-VAPE1.webp 1000w, https:\/\/vapingnet.de\/wp-content\/uploads\/2025\/05\/WASPE-VAPE1-300x300.webp 300w, https:\/\/vapingnet.de\/wp-content\/uploads\/2025\/05\/WASPE-VAPE1-150x150.webp 150w, https:\/\/vapingnet.de\/wp-content\/uploads\/2025\/05\/WASPE-VAPE1-768x768.webp 768w, https:\/\/vapingnet.de\/wp-content\/uploads\/2025\/05\/WASPE-VAPE1-600x600.webp 600w, https:\/\/vapingnet.de\/wp-content\/uploads\/2025\/05\/WASPE-VAPE1-100x100.webp 100w, https:\/\/vapingnet.de\/wp-content\/uploads\/2025\/05\/WASPE-VAPE1-1x1.webp 1w, https:\/\/vapingnet.de\/wp-content\/uploads\/2025\/05\/WASPE-VAPE1-10x10.webp 10w\" sizes=\"(max-width: 1000px) 100vw, 1000px\" \/><\/p>\n<h4 data-start=\"1258\" data-end=\"1309\" data-immersive-translate-walked=\"07a3d14d-a530-4818-9d2b-733cf5ac325b\">Skirtingos nikotino stiprumo pasirinktys kiekvienam skoniui<\/h4>\n<p class=\"\" data-start=\"1311\" data-end=\"1641\" data-immersive-translate-walked=\"07a3d14d-a530-4818-9d2b-733cf5ac325b\" data-immersive-translate-paragraph=\"1\">WASPE yra keturi\u0173 skirting\u0173 nikotino stiprum\u0173: 0%, 2%, 3% ir 5%. \u0160is nikotino stiprum\u0173 pasirinkimas suteikia lankstumo m\u0117gautis vaping pagal savo asmeninius pageidavimus. Nesvarbu, ar norite nikotino neturin\u010dio garo, ar stipresn\u0117s nikotino doz\u0117s, WASPE turi tinkam\u0105 variant\u0105 jums.<\/p>\n<h4 data-start=\"1643\" data-end=\"1708\" data-immersive-translate-walked=\"07a3d14d-a530-4818-9d2b-733cf5ac325b\">\u201eStrawberry Watermelon\u201c skonis vaisi\u0161kam potyriui<\/h4>\n<p class=\"\" data-start=\"1710\" data-end=\"1992\" data-immersive-translate-walked=\"07a3d14d-a530-4818-9d2b-733cf5ac325b\" data-immersive-translate-paragraph=\"1\">\u201eStrawberry Watermelon\u201c aromatas jungia bra\u0161ki\u0173 saldum\u0105 su arb\u016bzo gaivumu ir si\u016blo gaiv\u0173, vaisi\u0161k\u0105 skon\u012f. \u0160is mi\u0161inys u\u017etikrina intensyv\u0173 skonio patirt\u012f, tinkam\u0105 tiek pradedantiesiems, tiek patyrusiems vaporiams.<\/p>\n<h4 data-start=\"1994\" data-end=\"2030\" data-immersive-translate-walked=\"07a3d14d-a530-4818-9d2b-733cf5ac325b\">LCD ekranas paprastam naudojimui<\/h4>\n<p class=\"\" data-start=\"2032\" data-end=\"2274\" data-immersive-translate-walked=\"07a3d14d-a530-4818-9d2b-733cf5ac325b\" data-immersive-translate-paragraph=\"1\">WASPE vienkartin\u0117s elektronin\u0117s cigaret\u0117s LCD ekranas rodo dabartin\u012f baterijos lyg\u012f ir likus\u012f skys\u010dio kiek\u012f. Taip visada matysite visk\u0105 ir \u017einosite, kada laikas \u012fkrauti \u012frengin\u012f ar papildyti skyst\u012f.<\/p>\n<h4 data-start=\"2276\" data-end=\"2320\" data-immersive-translate-walked=\"07a3d14d-a530-4818-9d2b-733cf5ac325b\">Type-C \u012fkrovimo jungtis greitam \u012fkrovimui<\/h4>\n<p class=\"\" data-start=\"2322\" data-end=\"2541\" data-immersive-translate-walked=\"07a3d14d-a530-4818-9d2b-733cf5ac325b\" data-immersive-translate-paragraph=\"1\">WASPE 20000 Puffs Dual Mesh elektronin\u0117 cigaret\u0117 turi Type-C jungt\u012f, leid\u017eian\u010di\u0105 greitai ir paprastai \u012fkrauti. Tai u\u017etikrina greit\u0105 paruo\u0161im\u0105 naudoti ir i\u0161vengia ilg\u0173 \u012fkrovimo laik\u0173.<\/p>\n<h3 data-start=\"2543\" data-end=\"2599\" data-immersive-translate-walked=\"07a3d14d-a530-4818-9d2b-733cf5ac325b\">WASPE 20000 Puffs Dual Mesh elektronin\u0117s cigaret\u0117s privalumai<\/h3>\n<ul data-start=\"2601\" data-end=\"3156\" data-immersive-translate-walked=\"07a3d14d-a530-4818-9d2b-733cf5ac325b\">\n<li class=\"\" data-start=\"2601\" data-end=\"2712\" data-immersive-translate-walked=\"07a3d14d-a530-4818-9d2b-733cf5ac325b\">\n<p class=\"\" data-start=\"2603\" data-end=\"2712\" data-immersive-translate-walked=\"07a3d14d-a530-4818-9d2b-733cf5ac325b\" data-immersive-translate-paragraph=\"1\">Ilga tarnavimo trukm\u0117: iki 20 000 \u012fkv\u0117pim\u0173 su 24 ml skys\u010dio talpa ir 900 mAh baterija.<\/p>\n<\/li>\n<li class=\"\" data-start=\"2713\" data-end=\"2825\" data-immersive-translate-walked=\"07a3d14d-a530-4818-9d2b-733cf5ac325b\">\n<p class=\"\" data-start=\"2715\" data-end=\"2825\" data-immersive-translate-walked=\"07a3d14d-a530-4818-9d2b-733cf5ac325b\" data-immersive-translate-paragraph=\"1\">Auk\u0161\u010diausias skonis: Dual Mesh Coil technologija u\u017etikrina intensyv\u0173 ir tolyg\u0173 skon\u012f.<\/p>\n<\/li>\n<li class=\"\" data-start=\"2826\" data-end=\"2903\" data-immersive-translate-walked=\"07a3d14d-a530-4818-9d2b-733cf5ac325b\">\n<p class=\"\" data-start=\"2828\" data-end=\"2903\" data-immersive-translate-walked=\"07a3d14d-a530-4818-9d2b-733cf5ac325b\" data-immersive-translate-paragraph=\"1\">\u012evair\u016bs nikotino stiprumai: pasirinkimas tarp 0%, 2%, 3% ir 5% nikotino.<\/p>\n<\/li>\n<li class=\"\" data-start=\"2904\" data-end=\"2983\" data-immersive-translate-walked=\"07a3d14d-a530-4818-9d2b-733cf5ac325b\">\n<p class=\"\" data-start=\"2906\" data-end=\"2983\" data-immersive-translate-walked=\"07a3d14d-a530-4818-9d2b-733cf5ac325b\" data-immersive-translate-paragraph=\"1\">Paprasta naudoti: LCD ekranas steb\u0117ti baterijos ir skys\u010dio lyg\u012f.<\/p>\n<\/li>\n<li class=\"\" data-start=\"2984\" data-end=\"3092\" data-immersive-translate-walked=\"07a3d14d-a530-4818-9d2b-733cf5ac325b\">\n<p class=\"\" data-start=\"2986\" data-end=\"3092\" data-immersive-translate-walked=\"07a3d14d-a530-4818-9d2b-733cf5ac325b\" data-immersive-translate-paragraph=\"1\">Atgaivusis aromatas: \u201eStrawberry Watermelon\u201c skonio suteikia vaising\u0105 gar\u0173 patirt\u012f.<\/p>\n<\/li>\n<li class=\"\" data-start=\"3093\" data-end=\"3156\" data-immersive-translate-walked=\"07a3d14d-a530-4818-9d2b-733cf5ac325b\">\n<p class=\"\" data-start=\"3095\" data-end=\"3156\" data-immersive-translate-walked=\"07a3d14d-a530-4818-9d2b-733cf5ac325b\" data-immersive-translate-paragraph=\"1\">Be muito: N\u0117ra muito mokes\u010dio perkant Europos S\u0105jungoje.<\/p>\n<\/li>\n<\/ul>\n<p class=\"\" data-start=\"3158\" data-end=\"3422\" data-immersive-translate-walked=\"07a3d14d-a530-4818-9d2b-733cf5ac325b\" data-immersive-translate-paragraph=\"1\">Visiems, kurie ie\u0161ko auk\u0161tos kokyb\u0117s vienkartin\u0117s elektronin\u0117s cigaret\u0117s, kuri yra tiek galinga, tiek skoniu \u012ftikinama, WASPE 20000 Puffs Dual Mesh si\u016blo tobul\u0105 sprendim\u0105. U\u017esisakykite dabar vapingnet.de ir m\u0117gaukit\u0117s gar\u0173 ateitimi.<\/p>","protected":false},"excerpt":{"rendered":"<p>WASPE 20000 Puffs Dual Mesh: Die Einweg E-Zigarette f\u00fcr anspruchsvolle Dampfer Die WASPE 20000 Puffs Dual Mesh Einweg E-Zigarette ist eine ausgezeichnete Wahl f\u00fcr Dampfer,&#8230;<\/p>","protected":false},"featured_media":6786,"template":"","meta":[],"etheme_brands":[],"product_brand":[98],"product_cat":[54,49,61],"product_tag":[],"class_list":{"0":"post-6808","1":"product","2":"type-product","3":"status-publish","4":"has-post-thumbnail","6":"product_brand-waspe-vape","7":"product_cat-vape-20000-zuege","8":"product_cat-einweg-e-zigarette","9":"product_cat-f","11":"first","12":"instock","13":"shipping-taxable","14":"purchasable","15":"product-type-variable"},"yoast_head":"<!-- This site is optimized with the Yoast SEO plugin v26.5 - https:\/\/yoast.com\/wordpress\/plugins\/seo\/ -->\n<title>Top Geschmack Mit Strawberry Watermelon WASPE 20000 Vape In H\u00f6chster Qualit\u00e4t | Vapingnet.de<\/title>\n<meta name=\"description\" content=\"Entdecke Top Geschmack Mit Strawberry Watermelon WASPE 20000 Vape In H\u00f6chster Qualit\u00e4t bei vapingnet.de, \u25ba Gro\u00dfe Auswahl an Geschmacksrichtungen &amp; super g\u00fcnstig!\" \/>\n<meta name=\"robots\" content=\"index, follow, max-snippet:-1, max-image-preview:large, max-video-preview:-1\" \/>\n<link rel=\"canonical\" href=\"https:\/\/vapingnet.de\/lt\/vape\/top-geschmack-mit-strawberry-watermelon-waspe-20000-vape-in-hoechster-qualitaet\/\" \/>\n<meta property=\"og:locale\" content=\"lt_LT\" \/>\n<meta property=\"og:type\" content=\"article\" \/>\n<meta property=\"og:title\" content=\"Top Geschmack Mit Strawberry Watermelon WASPE 20000 Vape In H\u00f6chster Qualit\u00e4t | Vapingnet.de\" \/>\n<meta property=\"og:description\" content=\"Entdecke Top Geschmack Mit Strawberry Watermelon WASPE 20000 Vape In H\u00f6chster Qualit\u00e4t bei vapingnet.de, \u25ba Gro\u00dfe Auswahl an Geschmacksrichtungen &amp; super g\u00fcnstig!\" \/>\n<meta property=\"og:url\" content=\"https:\/\/vapingnet.de\/lt\/vape\/top-geschmack-mit-strawberry-watermelon-waspe-20000-vape-in-hoechster-qualitaet\/\" \/>\n<meta property=\"og:site_name\" content=\"Vapingnet.de\" \/>\n<meta property=\"article:publisher\" content=\"https:\/\/www.facebook.com\/vapingnetde\/\" \/>\n<meta property=\"article:modified_time\" content=\"2026-04-15T06:46:02+00:00\" \/>\n<meta property=\"og:image\" content=\"https:\/\/vapingnet.de\/wp-content\/uploads\/2025\/05\/Strawberry-Watermelon-1.webp\" \/>\n\t<meta property=\"og:image:width\" content=\"1000\" \/>\n\t<meta property=\"og:image:height\" content=\"1000\" \/>\n\t<meta property=\"og:image:type\" content=\"image\/webp\" \/>\n<meta name=\"twitter:card\" content=\"summary_large_image\" \/>\n<meta name=\"twitter:label1\" content=\"Est. reading time\" \/>\n\t<meta name=\"twitter:data1\" content=\"3 minutes\" \/>\n<script type=\"application\/ld+json\" class=\"yoast-schema-graph\">{\"@context\":\"https:\/\/schema.org\",\"@graph\":[{\"@type\":\"WebPage\",\"@id\":\"https:\/\/vapingnet.de\/vape\/top-geschmack-mit-strawberry-watermelon-waspe-20000-vape-in-hoechster-qualitaet\/\",\"url\":\"https:\/\/vapingnet.de\/vape\/top-geschmack-mit-strawberry-watermelon-waspe-20000-vape-in-hoechster-qualitaet\/\",\"name\":\"Top Geschmack Mit Strawberry Watermelon WASPE 20000 Vape In H\u00f6chster Qualit\u00e4t | Vapingnet.de\",\"isPartOf\":{\"@id\":\"https:\/\/vapingnet.de\/#website\"},\"primaryImageOfPage\":{\"@id\":\"https:\/\/vapingnet.de\/vape\/top-geschmack-mit-strawberry-watermelon-waspe-20000-vape-in-hoechster-qualitaet\/#primaryimage\"},\"image\":{\"@id\":\"https:\/\/vapingnet.de\/vape\/top-geschmack-mit-strawberry-watermelon-waspe-20000-vape-in-hoechster-qualitaet\/#primaryimage\"},\"thumbnailUrl\":\"https:\/\/vapingnet.de\/wp-content\/uploads\/2025\/05\/Strawberry-Watermelon-1.webp\",\"datePublished\":\"2025-05-06T02:48:59+00:00\",\"dateModified\":\"2026-04-15T06:46:02+00:00\",\"description\":\"Entdecke Top Geschmack Mit Strawberry Watermelon WASPE 20000 Vape In H\u00f6chster Qualit\u00e4t bei vapingnet.de, \u25ba Gro\u00dfe Auswahl an Geschmacksrichtungen & super g\u00fcnstig!\",\"breadcrumb\":{\"@id\":\"https:\/\/vapingnet.de\/vape\/top-geschmack-mit-strawberry-watermelon-waspe-20000-vape-in-hoechster-qualitaet\/#breadcrumb\"},\"inLanguage\":\"lt-LT\",\"potentialAction\":[{\"@type\":\"ReadAction\",\"target\":[\"https:\/\/vapingnet.de\/vape\/top-geschmack-mit-strawberry-watermelon-waspe-20000-vape-in-hoechster-qualitaet\/\"]}]},{\"@type\":\"ImageObject\",\"inLanguage\":\"lt-LT\",\"@id\":\"https:\/\/vapingnet.de\/vape\/top-geschmack-mit-strawberry-watermelon-waspe-20000-vape-in-hoechster-qualitaet\/#primaryimage\",\"url\":\"https:\/\/vapingnet.de\/wp-content\/uploads\/2025\/05\/Strawberry-Watermelon-1.webp\",\"contentUrl\":\"https:\/\/vapingnet.de\/wp-content\/uploads\/2025\/05\/Strawberry-Watermelon-1.webp\",\"width\":1000,\"height\":1000},{\"@type\":\"BreadcrumbList\",\"@id\":\"https:\/\/vapingnet.de\/vape\/top-geschmack-mit-strawberry-watermelon-waspe-20000-vape-in-hoechster-qualitaet\/#breadcrumb\",\"itemListElement\":[{\"@type\":\"ListItem\",\"position\":1,\"name\":\"Home\",\"item\":\"https:\/\/vapingnet.de\/\"},{\"@type\":\"ListItem\",\"position\":2,\"name\":\"Shop\",\"item\":\"https:\/\/vapingnet.de\/vape\/\"},{\"@type\":\"ListItem\",\"position\":3,\"name\":\"Top Geschmack Mit Strawberry Watermelon WASPE 20000 Vape In H\u00f6chster Qualit\u00e4t\"}]},{\"@type\":\"WebSite\",\"@id\":\"https:\/\/vapingnet.de\/#website\",\"url\":\"https:\/\/vapingnet.de\/\",\"name\":\"Vapingnet.de\",\"description\":\"\",\"publisher\":{\"@id\":\"https:\/\/vapingnet.de\/#organization\"},\"potentialAction\":[{\"@type\":\"SearchAction\",\"target\":{\"@type\":\"EntryPoint\",\"urlTemplate\":\"https:\/\/vapingnet.de\/?s={search_term_string}\"},\"query-input\":{\"@type\":\"PropertyValueSpecification\",\"valueRequired\":true,\"valueName\":\"search_term_string\"}}],\"inLanguage\":\"lt-LT\"},{\"@type\":\"Organization\",\"@id\":\"https:\/\/vapingnet.de\/#organization\",\"name\":\"Vapingnet.de\",\"url\":\"https:\/\/vapingnet.de\/\",\"logo\":{\"@type\":\"ImageObject\",\"inLanguage\":\"lt-LT\",\"@id\":\"https:\/\/vapingnet.de\/#\/schema\/logo\/image\/\",\"url\":\"https:\/\/vapingnet.de\/wp-content\/uploads\/2025\/03\/cropped-vapingnet.de_.jpg\",\"contentUrl\":\"https:\/\/vapingnet.de\/wp-content\/uploads\/2025\/03\/cropped-vapingnet.de_.jpg\",\"width\":512,\"height\":512,\"caption\":\"Vapingnet.de\"},\"image\":{\"@id\":\"https:\/\/vapingnet.de\/#\/schema\/logo\/image\/\"},\"sameAs\":[\"https:\/\/www.facebook.com\/vapingnetde\/\"]}]}<\/script>\n<!-- \/ Yoast SEO plugin. -->","yoast_head_json":{"title":"Top Geschmack Mit Strawberry Watermelon WASPE 20000 Vape In H\u00f6chster Qualit\u00e4t | Vapingnet.de","description":"Entdecke Top Geschmack Mit Strawberry Watermelon WASPE 20000 Vape In H\u00f6chster Qualit\u00e4t bei vapingnet.de, \u25ba Gro\u00dfe Auswahl an Geschmacksrichtungen & super g\u00fcnstig!","robots":{"index":"index","follow":"follow","max-snippet":"max-snippet:-1","max-image-preview":"max-image-preview:large","max-video-preview":"max-video-preview:-1"},"canonical":"https:\/\/vapingnet.de\/lt\/vape\/top-geschmack-mit-strawberry-watermelon-waspe-20000-vape-in-hoechster-qualitaet\/","og_locale":"lt_LT","og_type":"article","og_title":"Top Geschmack Mit Strawberry Watermelon WASPE 20000 Vape In H\u00f6chster Qualit\u00e4t | Vapingnet.de","og_description":"Entdecke Top Geschmack Mit Strawberry Watermelon WASPE 20000 Vape In H\u00f6chster Qualit\u00e4t bei vapingnet.de, \u25ba Gro\u00dfe Auswahl an Geschmacksrichtungen & super g\u00fcnstig!","og_url":"https:\/\/vapingnet.de\/lt\/vape\/top-geschmack-mit-strawberry-watermelon-waspe-20000-vape-in-hoechster-qualitaet\/","og_site_name":"Vapingnet.de","article_publisher":"https:\/\/www.facebook.com\/vapingnetde\/","article_modified_time":"2026-04-15T06:46:02+00:00","og_image":[{"width":1000,"height":1000,"url":"https:\/\/vapingnet.de\/wp-content\/uploads\/2025\/05\/Strawberry-Watermelon-1.webp","type":"image\/webp"}],"twitter_card":"summary_large_image","twitter_misc":{"Est. reading time":"3 minutes"},"schema":{"@context":"https:\/\/schema.org","@graph":[{"@type":"WebPage","@id":"https:\/\/vapingnet.de\/vape\/top-geschmack-mit-strawberry-watermelon-waspe-20000-vape-in-hoechster-qualitaet\/","url":"https:\/\/vapingnet.de\/vape\/top-geschmack-mit-strawberry-watermelon-waspe-20000-vape-in-hoechster-qualitaet\/","name":"Top Geschmack Mit Strawberry Watermelon WASPE 20000 Vape In H\u00f6chster Qualit\u00e4t | Vapingnet.de","isPartOf":{"@id":"https:\/\/vapingnet.de\/#website"},"primaryImageOfPage":{"@id":"https:\/\/vapingnet.de\/vape\/top-geschmack-mit-strawberry-watermelon-waspe-20000-vape-in-hoechster-qualitaet\/#primaryimage"},"image":{"@id":"https:\/\/vapingnet.de\/vape\/top-geschmack-mit-strawberry-watermelon-waspe-20000-vape-in-hoechster-qualitaet\/#primaryimage"},"thumbnailUrl":"https:\/\/vapingnet.de\/wp-content\/uploads\/2025\/05\/Strawberry-Watermelon-1.webp","datePublished":"2025-05-06T02:48:59+00:00","dateModified":"2026-04-15T06:46:02+00:00","description":"Entdecke Top Geschmack Mit Strawberry Watermelon WASPE 20000 Vape In H\u00f6chster Qualit\u00e4t bei vapingnet.de, \u25ba Gro\u00dfe Auswahl an Geschmacksrichtungen & super g\u00fcnstig!","breadcrumb":{"@id":"https:\/\/vapingnet.de\/vape\/top-geschmack-mit-strawberry-watermelon-waspe-20000-vape-in-hoechster-qualitaet\/#breadcrumb"},"inLanguage":"lt-LT","potentialAction":[{"@type":"ReadAction","target":["https:\/\/vapingnet.de\/vape\/top-geschmack-mit-strawberry-watermelon-waspe-20000-vape-in-hoechster-qualitaet\/"]}]},{"@type":"ImageObject","inLanguage":"lt-LT","@id":"https:\/\/vapingnet.de\/vape\/top-geschmack-mit-strawberry-watermelon-waspe-20000-vape-in-hoechster-qualitaet\/#primaryimage","url":"https:\/\/vapingnet.de\/wp-content\/uploads\/2025\/05\/Strawberry-Watermelon-1.webp","contentUrl":"https:\/\/vapingnet.de\/wp-content\/uploads\/2025\/05\/Strawberry-Watermelon-1.webp","width":1000,"height":1000},{"@type":"BreadcrumbList","@id":"https:\/\/vapingnet.de\/vape\/top-geschmack-mit-strawberry-watermelon-waspe-20000-vape-in-hoechster-qualitaet\/#breadcrumb","itemListElement":[{"@type":"ListItem","position":1,"name":"Home","item":"https:\/\/vapingnet.de\/"},{"@type":"ListItem","position":2,"name":"Shop","item":"https:\/\/vapingnet.de\/vape\/"},{"@type":"ListItem","position":3,"name":"Top Geschmack Mit Strawberry Watermelon WASPE 20000 Vape In H\u00f6chster Qualit\u00e4t"}]},{"@type":"WebSite","@id":"https:\/\/vapingnet.de\/#website","url":"https:\/\/vapingnet.de\/","name":"Vapingnet.de","description":"","publisher":{"@id":"https:\/\/vapingnet.de\/#organization"},"potentialAction":[{"@type":"SearchAction","target":{"@type":"EntryPoint","urlTemplate":"https:\/\/vapingnet.de\/?s={search_term_string}"},"query-input":{"@type":"PropertyValueSpecification","valueRequired":true,"valueName":"search_term_string"}}],"inLanguage":"lt-LT"},{"@type":"Organization","@id":"https:\/\/vapingnet.de\/#organization","name":"Vapingnet.de","url":"https:\/\/vapingnet.de\/","logo":{"@type":"ImageObject","inLanguage":"lt-LT","@id":"https:\/\/vapingnet.de\/#\/schema\/logo\/image\/","url":"https:\/\/vapingnet.de\/wp-content\/uploads\/2025\/03\/cropped-vapingnet.de_.jpg","contentUrl":"https:\/\/vapingnet.de\/wp-content\/uploads\/2025\/03\/cropped-vapingnet.de_.jpg","width":512,"height":512,"caption":"Vapingnet.de"},"image":{"@id":"https:\/\/vapingnet.de\/#\/schema\/logo\/image\/"},"sameAs":["https:\/\/www.facebook.com\/vapingnetde\/"]}]}},"tiered_pricing_type":"fixed","tiered_pricing_fixed_rules":[],"tiered_pricing_product_settings":{"layout":"default","base_unit_name":{"singular":null,"plural":null},"default_variation":null},"tiered_pricing_minimum_quantity":null,"tiered_pricing_roles_data":[],"tiered_pricing_percentage_rules":[],"_links":{"self":[{"href":"https:\/\/vapingnet.de\/lt\/wp-json\/wp\/v2\/product\/6808","targetHints":{"allow":["GET"]}}],"collection":[{"href":"https:\/\/vapingnet.de\/lt\/wp-json\/wp\/v2\/product"}],"about":[{"href":"https:\/\/vapingnet.de\/lt\/wp-json\/wp\/v2\/types\/product"}],"version-history":[{"count":2,"href":"https:\/\/vapingnet.de\/lt\/wp-json\/wp\/v2\/product\/6808\/revisions"}],"predecessor-version":[{"id":6903,"href":"https:\/\/vapingnet.de\/lt\/wp-json\/wp\/v2\/product\/6808\/revisions\/6903"}],"wp:featuredmedia":[{"embeddable":true,"href":"https:\/\/vapingnet.de\/lt\/wp-json\/wp\/v2\/media\/6786"}],"wp:attachment":[{"href":"https:\/\/vapingnet.de\/lt\/wp-json\/wp\/v2\/media?parent=6808"}],"wp:term":[{"taxonomy":"brand","embeddable":true,"href":"https:\/\/vapingnet.de\/lt\/wp-json\/wp\/v2\/etheme_brands?post=6808"},{"taxonomy":"product_brand","embeddable":true,"href":"https:\/\/vapingnet.de\/lt\/wp-json\/wp\/v2\/product_brand?post=6808"},{"taxonomy":"product_cat","embeddable":true,"href":"https:\/\/vapingnet.de\/lt\/wp-json\/wp\/v2\/product_cat?post=6808"},{"taxonomy":"product_tag","embeddable":true,"href":"https:\/\/vapingnet.de\/lt\/wp-json\/wp\/v2\/product_tag?post=6808"}],"curies":[{"name":"wp","href":"https:\/\/api.w.org\/{rel}","templated":true}]}}