{"id":6809,"date":"2025-05-06T02:49:02","date_gmt":"2025-05-06T02:49:02","guid":{"rendered":"https:\/\/vapingnet.de\/?post_type=product&#038;p=6809"},"modified":"2026-04-15T06:45:24","modified_gmt":"2026-04-15T06:45:24","slug":"vape-mit-double-apple-ice-und-20000-zuegen-waspe-der-bestseller-2025","status":"publish","type":"product","link":"https:\/\/vapingnet.de\/lt\/vape\/vape-mit-double-apple-ice-und-20000-zuegen-waspe-der-bestseller-2025\/","title":{"rendered":"Vape su Double Apple Ice ir 20000 \u012fkv\u0117pim\u0173 WASPE \u2013 2025 met\u0173 bestseleris"},"content":{"rendered":"<h2 data-start=\"0\" data-end=\"90\">WASPE 20000 p\u016btim\u0173 Dvigubo tinklelio auk\u0161\u010diausios kokyb\u0117s vienkartin\u0117 elektronin\u0117 cigaret\u0117 reikalaujantiems vartotojams<\/h2>\n<p class=\"\" data-start=\"92\" data-end=\"403\">WASPE 20000 p\u016btim\u0173 Dvigubo tinklelio yra pa\u017eangi vienkartin\u0117 elektronin\u0117 cigaret\u0117, si\u016blanti i\u0161skirtin\u0119 garavimo patirt\u012f. Su dvigubo tinklelio rit\u0117, ilga tarnavimo trukme ir gaiviu skoniu ji yra ideali pasirinktis tiems, kurie ie\u0161ko patikimos ir galingos elektronin\u0117s cigaret\u0117s.<\/p>\n<h3 class=\"\" data-start=\"405\" data-end=\"458\">Svarbiausios WASPE 20000 p\u016btim\u0173 Dvigubo tinklelio savyb\u0117s<\/h3>\n<p class=\"\" data-start=\"460\" data-end=\"502\">Dvigubo tinklelio rit\u0117 optimaliam skoniui<\/p>\n<p class=\"\" data-start=\"504\" data-end=\"793\">WASPE dvigubo tinklelio rit\u0117 u\u017etikrina tolyg\u0173 skys\u010dio garavim\u0105. 0,8\u03a9 var\u017ea garantuoja vienod\u0105 \u0161ilumos paskirstym\u0105, kas sukelia intensyvesn\u012f ir pilnesn\u012f skon\u012f. Pajuskite, kaip garas tampa tankesnis ir aromatai i\u0161ry\u0161k\u0117ja stipriau.<\/p>\n<p class=\"\" data-start=\"795\" data-end=\"843\">Ilga tarnavimo trukm\u0117 ilgalaikiam malonumui<\/p>\n<p class=\"\" data-start=\"845\" data-end=\"1100\">Su 24 ml skys\u010dio talpa ir galinga 900 mAh baterija WASPE leid\u017eia iki 20 000 p\u016btim\u0173. Tai daro j\u0105 idealia tiems, kurie ie\u0161ko patikimos elektronin\u0117s cigaret\u0117s ilgesniam naudojimui ir ma\u017eo prie\u017ei\u016bros poreikio.<\/p>\n<p class=\"\" data-start=\"1102\" data-end=\"1132\">\u012evairios nikotino stiprumo galimyb\u0117s<\/p>\n<p class=\"\" data-start=\"1134\" data-end=\"1395\">WASPE yra prieinama nikotino stiprumais 0%, 2%, 3% ir 5%, tod\u0117l galite pasirinkti pagal savo pageidavimus. Nesvarbu, ar norite nikotino nemokam\u0105 variant\u0105, ar stipresn\u012f nikotino doz\u0119, su WASPE b\u016bsite gerai apr\u016bpinti.<\/p>\n<p class=\"\" data-start=\"1397\" data-end=\"1439\">Gaivus \u201eDouble Apple Ice\u201c aromatas<\/p>\n<p class=\"\" data-start=\"1441\" data-end=\"1660\">\u201eDouble Apple Ice\u201c aromatas sujungia dvi skanias obuoli\u0173 r\u016b\u0161is su gaivinan\u010dia ledo nata. \u0160i vaisinga ir gaivi kombinacija suteikia gaivinan\u010di\u0105 garavimo patirt\u012f, kuri\u0105 gal\u0117site m\u0117gautis vis\u0105 dien\u0105.<\/p>\n<p class=\"\" data-start=\"1662\" data-end=\"1700\">LCD ekranas paprastai kontrolei<\/p>\n<p class=\"\" data-start=\"1702\" data-end=\"1912\">\u012emontuotas LCD ekranas informuoja apie dabartin\u012f baterijos lyg\u012f ir likus\u012f skys\u010dio kiek\u012f. Visada \u017einosite, kada laikas \u012fkrauti \u012frengin\u012f.<\/p>\n<p class=\"\" data-start=\"1914\" data-end=\"1958\">Greitas \u012fkrovimas naudojant Type-C jungt\u012f<\/p>\n<p class=\"\" data-start=\"1960\" data-end=\"2153\">WASPE turi Type-C \u012fkrovimo jungt\u012f, leid\u017eian\u010di\u0105 greitai ir paprastai \u012fkrauti \u012frengin\u012f. Taip j\u016bs\u0173 \u012frenginys greitai v\u0117l bus paruo\u0161tas naudoti, neprarandant daug laiko.<\/p>\n<h3>Kod\u0117l WASPE 20000 p\u016btim\u0173 Dvigubo tinklelio yra j\u016bs\u0173 ideali pasirinktis:<\/h3>\n<ul data-start=\"2506\" data-end=\"2954\">\n<li class=\"\" data-start=\"2506\" data-end=\"2575\">\n<p class=\"\" data-start=\"2508\" data-end=\"2575\">Dvigubo tinklelio rit\u0117 intensyviam ir tolygiam skoniui<\/p>\n<\/li>\n<li class=\"\" data-start=\"2576\" data-end=\"2653\">\n<p class=\"\" data-start=\"2578\" data-end=\"2653\">Ilgas naudojimo laikas: iki 20 000 p\u016btim\u0173 su 24 ml skys\u010dio talpa<\/p>\n<\/li>\n<li class=\"\" data-start=\"2654\" data-end=\"2724\">\n<p class=\"\" data-start=\"2656\" data-end=\"2724\">Skirtingi nikotino stiprumai individualiai garavimo patir\u010diai<\/p>\n<\/li>\n<li class=\"\" data-start=\"2725\" data-end=\"2796\">\n<p class=\"\" data-start=\"2727\" data-end=\"2796\">Gaivus \u201eDouble Apple Ice\u201c aromatas, suteikiantis gaivumo poj\u016bt\u012f<\/p>\n<\/li>\n<li class=\"\" data-start=\"2797\" data-end=\"2861\">\n<p class=\"\" data-start=\"2799\" data-end=\"2861\">LCD ekranas, rodantis baterijos b\u016bsen\u0105 ir skys\u010dio kiek\u012f<\/p>\n<\/li>\n<li class=\"\" data-start=\"2862\" data-end=\"2911\">\n<p class=\"\" data-start=\"2864\" data-end=\"2911\">Type-C \u012fkrovimo jungtis greitam \u012fkrovimui<\/p>\n<\/li>\n<li class=\"\" data-start=\"2912\" data-end=\"2954\">\n<p class=\"\" data-start=\"2914\" data-end=\"2954\">Be muit\u0173 pristatymas Europos S\u0105jungoje<\/p>\n<\/li>\n<\/ul>\n<p class=\"\" data-start=\"2956\" data-end=\"3133\">Apsilankykite vapingnet.de, kad \u012fsigytum\u0117te WASPE 20000 p\u016btimo dvigubo tinklelio vienkartin\u0119 elektronin\u0119 cigaret\u0119 ir pasinaudotum\u0117te jos inovatyviomis technologijomis bei gaiviais aromatais.<\/p>","protected":false},"excerpt":{"rendered":"<p>WASPE 20000 D\u016b\u017ei\u0173 Dual Mesh \u2013 auk\u0161\u010diausios kokyb\u0117s vienkartinis E-r\u016bkalius reikliems r\u016bkytojams. WASPE 20000 D\u016b\u017ei\u0173 Dual Mesh yra pa\u017eangus vienkartinis E-r\u016bkalius, kuris jums...<\/p>","protected":false},"featured_media":6778,"template":"","meta":[],"etheme_brands":[],"product_brand":[98],"product_cat":[54,49,61],"product_tag":[],"class_list":{"0":"post-6809","1":"product","2":"type-product","3":"status-publish","4":"has-post-thumbnail","6":"product_brand-waspe-vape","7":"product_cat-vape-20000-zuege","8":"product_cat-einweg-e-zigarette","9":"product_cat-f","11":"first","12":"instock","13":"shipping-taxable","14":"purchasable","15":"product-type-variable"},"yoast_head":"<!-- This site is optimized with the Yoast SEO plugin v26.5 - https:\/\/yoast.com\/wordpress\/plugins\/seo\/ -->\n<title>Vape Mit Double Apple Ice Und 20000 Z\u00fcgen WASPE Der Bestseller 2025 | Vapingnet.de<\/title>\n<meta name=\"description\" content=\"Entdecke Vape Mit Double Apple Ice Und 20000 Z\u00fcgen WASPE Der Bestseller 2025 bei vapingnet.de, \u25ba Gro\u00dfe Auswahl an Geschmacksrichtungen &amp; super g\u00fcnstig!\" \/>\n<meta name=\"robots\" content=\"index, follow, max-snippet:-1, max-image-preview:large, max-video-preview:-1\" \/>\n<link rel=\"canonical\" href=\"https:\/\/vapingnet.de\/lt\/vape\/vape-mit-double-apple-ice-und-20000-zuegen-waspe-der-bestseller-2025\/\" \/>\n<meta property=\"og:locale\" content=\"lt_LT\" \/>\n<meta property=\"og:type\" content=\"article\" \/>\n<meta property=\"og:title\" content=\"Vape Mit Double Apple Ice Und 20000 Z\u00fcgen WASPE Der Bestseller 2025 | Vapingnet.de\" \/>\n<meta property=\"og:description\" content=\"Entdecke Vape Mit Double Apple Ice Und 20000 Z\u00fcgen WASPE Der Bestseller 2025 bei vapingnet.de, \u25ba Gro\u00dfe Auswahl an Geschmacksrichtungen &amp; super g\u00fcnstig!\" \/>\n<meta property=\"og:url\" content=\"https:\/\/vapingnet.de\/lt\/vape\/vape-mit-double-apple-ice-und-20000-zuegen-waspe-der-bestseller-2025\/\" \/>\n<meta property=\"og:site_name\" content=\"Vapingnet.de\" \/>\n<meta property=\"article:publisher\" content=\"https:\/\/www.facebook.com\/vapingnetde\/\" \/>\n<meta property=\"article:modified_time\" content=\"2026-04-15T06:45:24+00:00\" \/>\n<meta property=\"og:image\" content=\"https:\/\/vapingnet.de\/wp-content\/uploads\/2025\/05\/Double-Apple-Ice.webp\" \/>\n\t<meta property=\"og:image:width\" content=\"1000\" \/>\n\t<meta property=\"og:image:height\" content=\"1000\" \/>\n\t<meta property=\"og:image:type\" content=\"image\/webp\" \/>\n<meta name=\"twitter:card\" content=\"summary_large_image\" \/>\n<meta name=\"twitter:label1\" content=\"Est. reading time\" \/>\n\t<meta name=\"twitter:data1\" content=\"3 minutes\" \/>\n<script type=\"application\/ld+json\" class=\"yoast-schema-graph\">{\"@context\":\"https:\/\/schema.org\",\"@graph\":[{\"@type\":\"WebPage\",\"@id\":\"https:\/\/vapingnet.de\/vape\/vape-mit-double-apple-ice-und-20000-zuegen-waspe-der-bestseller-2025\/\",\"url\":\"https:\/\/vapingnet.de\/vape\/vape-mit-double-apple-ice-und-20000-zuegen-waspe-der-bestseller-2025\/\",\"name\":\"Vape Mit Double Apple Ice Und 20000 Z\u00fcgen WASPE Der Bestseller 2025 | Vapingnet.de\",\"isPartOf\":{\"@id\":\"https:\/\/vapingnet.de\/#website\"},\"primaryImageOfPage\":{\"@id\":\"https:\/\/vapingnet.de\/vape\/vape-mit-double-apple-ice-und-20000-zuegen-waspe-der-bestseller-2025\/#primaryimage\"},\"image\":{\"@id\":\"https:\/\/vapingnet.de\/vape\/vape-mit-double-apple-ice-und-20000-zuegen-waspe-der-bestseller-2025\/#primaryimage\"},\"thumbnailUrl\":\"https:\/\/vapingnet.de\/wp-content\/uploads\/2025\/05\/Double-Apple-Ice.webp\",\"datePublished\":\"2025-05-06T02:49:02+00:00\",\"dateModified\":\"2026-04-15T06:45:24+00:00\",\"description\":\"Entdecke Vape Mit Double Apple Ice Und 20000 Z\u00fcgen WASPE Der Bestseller 2025 bei vapingnet.de, \u25ba Gro\u00dfe Auswahl an Geschmacksrichtungen & super g\u00fcnstig!\",\"breadcrumb\":{\"@id\":\"https:\/\/vapingnet.de\/vape\/vape-mit-double-apple-ice-und-20000-zuegen-waspe-der-bestseller-2025\/#breadcrumb\"},\"inLanguage\":\"lt-LT\",\"potentialAction\":[{\"@type\":\"ReadAction\",\"target\":[\"https:\/\/vapingnet.de\/vape\/vape-mit-double-apple-ice-und-20000-zuegen-waspe-der-bestseller-2025\/\"]}]},{\"@type\":\"ImageObject\",\"inLanguage\":\"lt-LT\",\"@id\":\"https:\/\/vapingnet.de\/vape\/vape-mit-double-apple-ice-und-20000-zuegen-waspe-der-bestseller-2025\/#primaryimage\",\"url\":\"https:\/\/vapingnet.de\/wp-content\/uploads\/2025\/05\/Double-Apple-Ice.webp\",\"contentUrl\":\"https:\/\/vapingnet.de\/wp-content\/uploads\/2025\/05\/Double-Apple-Ice.webp\",\"width\":1000,\"height\":1000},{\"@type\":\"BreadcrumbList\",\"@id\":\"https:\/\/vapingnet.de\/vape\/vape-mit-double-apple-ice-und-20000-zuegen-waspe-der-bestseller-2025\/#breadcrumb\",\"itemListElement\":[{\"@type\":\"ListItem\",\"position\":1,\"name\":\"Home\",\"item\":\"https:\/\/vapingnet.de\/\"},{\"@type\":\"ListItem\",\"position\":2,\"name\":\"Shop\",\"item\":\"https:\/\/vapingnet.de\/vape\/\"},{\"@type\":\"ListItem\",\"position\":3,\"name\":\"Vape Mit Double Apple Ice Und 20000 Z\u00fcgen WASPE Der Bestseller 2025\"}]},{\"@type\":\"WebSite\",\"@id\":\"https:\/\/vapingnet.de\/#website\",\"url\":\"https:\/\/vapingnet.de\/\",\"name\":\"Vapingnet.de\",\"description\":\"\",\"publisher\":{\"@id\":\"https:\/\/vapingnet.de\/#organization\"},\"potentialAction\":[{\"@type\":\"SearchAction\",\"target\":{\"@type\":\"EntryPoint\",\"urlTemplate\":\"https:\/\/vapingnet.de\/?s={search_term_string}\"},\"query-input\":{\"@type\":\"PropertyValueSpecification\",\"valueRequired\":true,\"valueName\":\"search_term_string\"}}],\"inLanguage\":\"lt-LT\"},{\"@type\":\"Organization\",\"@id\":\"https:\/\/vapingnet.de\/#organization\",\"name\":\"Vapingnet.de\",\"url\":\"https:\/\/vapingnet.de\/\",\"logo\":{\"@type\":\"ImageObject\",\"inLanguage\":\"lt-LT\",\"@id\":\"https:\/\/vapingnet.de\/#\/schema\/logo\/image\/\",\"url\":\"https:\/\/vapingnet.de\/wp-content\/uploads\/2025\/03\/cropped-vapingnet.de_.jpg\",\"contentUrl\":\"https:\/\/vapingnet.de\/wp-content\/uploads\/2025\/03\/cropped-vapingnet.de_.jpg\",\"width\":512,\"height\":512,\"caption\":\"Vapingnet.de\"},\"image\":{\"@id\":\"https:\/\/vapingnet.de\/#\/schema\/logo\/image\/\"},\"sameAs\":[\"https:\/\/www.facebook.com\/vapingnetde\/\"]}]}<\/script>\n<!-- \/ Yoast SEO plugin. -->","yoast_head_json":{"title":"Vape Mit Double Apple Ice Und 20000 Z\u00fcgen WASPE Der Bestseller 2025 | Vapingnet.de","description":"Entdecke Vape Mit Double Apple Ice Und 20000 Z\u00fcgen WASPE Der Bestseller 2025 bei vapingnet.de, \u25ba Gro\u00dfe Auswahl an Geschmacksrichtungen & super g\u00fcnstig!","robots":{"index":"index","follow":"follow","max-snippet":"max-snippet:-1","max-image-preview":"max-image-preview:large","max-video-preview":"max-video-preview:-1"},"canonical":"https:\/\/vapingnet.de\/lt\/vape\/vape-mit-double-apple-ice-und-20000-zuegen-waspe-der-bestseller-2025\/","og_locale":"lt_LT","og_type":"article","og_title":"Vape Mit Double Apple Ice Und 20000 Z\u00fcgen WASPE Der Bestseller 2025 | Vapingnet.de","og_description":"Entdecke Vape Mit Double Apple Ice Und 20000 Z\u00fcgen WASPE Der Bestseller 2025 bei vapingnet.de, \u25ba Gro\u00dfe Auswahl an Geschmacksrichtungen & super g\u00fcnstig!","og_url":"https:\/\/vapingnet.de\/lt\/vape\/vape-mit-double-apple-ice-und-20000-zuegen-waspe-der-bestseller-2025\/","og_site_name":"Vapingnet.de","article_publisher":"https:\/\/www.facebook.com\/vapingnetde\/","article_modified_time":"2026-04-15T06:45:24+00:00","og_image":[{"width":1000,"height":1000,"url":"https:\/\/vapingnet.de\/wp-content\/uploads\/2025\/05\/Double-Apple-Ice.webp","type":"image\/webp"}],"twitter_card":"summary_large_image","twitter_misc":{"Est. reading time":"3 minutes"},"schema":{"@context":"https:\/\/schema.org","@graph":[{"@type":"WebPage","@id":"https:\/\/vapingnet.de\/vape\/vape-mit-double-apple-ice-und-20000-zuegen-waspe-der-bestseller-2025\/","url":"https:\/\/vapingnet.de\/vape\/vape-mit-double-apple-ice-und-20000-zuegen-waspe-der-bestseller-2025\/","name":"Vape Mit Double Apple Ice Und 20000 Z\u00fcgen WASPE Der Bestseller 2025 | Vapingnet.de","isPartOf":{"@id":"https:\/\/vapingnet.de\/#website"},"primaryImageOfPage":{"@id":"https:\/\/vapingnet.de\/vape\/vape-mit-double-apple-ice-und-20000-zuegen-waspe-der-bestseller-2025\/#primaryimage"},"image":{"@id":"https:\/\/vapingnet.de\/vape\/vape-mit-double-apple-ice-und-20000-zuegen-waspe-der-bestseller-2025\/#primaryimage"},"thumbnailUrl":"https:\/\/vapingnet.de\/wp-content\/uploads\/2025\/05\/Double-Apple-Ice.webp","datePublished":"2025-05-06T02:49:02+00:00","dateModified":"2026-04-15T06:45:24+00:00","description":"Entdecke Vape Mit Double Apple Ice Und 20000 Z\u00fcgen WASPE Der Bestseller 2025 bei vapingnet.de, \u25ba Gro\u00dfe Auswahl an Geschmacksrichtungen & super g\u00fcnstig!","breadcrumb":{"@id":"https:\/\/vapingnet.de\/vape\/vape-mit-double-apple-ice-und-20000-zuegen-waspe-der-bestseller-2025\/#breadcrumb"},"inLanguage":"lt-LT","potentialAction":[{"@type":"ReadAction","target":["https:\/\/vapingnet.de\/vape\/vape-mit-double-apple-ice-und-20000-zuegen-waspe-der-bestseller-2025\/"]}]},{"@type":"ImageObject","inLanguage":"lt-LT","@id":"https:\/\/vapingnet.de\/vape\/vape-mit-double-apple-ice-und-20000-zuegen-waspe-der-bestseller-2025\/#primaryimage","url":"https:\/\/vapingnet.de\/wp-content\/uploads\/2025\/05\/Double-Apple-Ice.webp","contentUrl":"https:\/\/vapingnet.de\/wp-content\/uploads\/2025\/05\/Double-Apple-Ice.webp","width":1000,"height":1000},{"@type":"BreadcrumbList","@id":"https:\/\/vapingnet.de\/vape\/vape-mit-double-apple-ice-und-20000-zuegen-waspe-der-bestseller-2025\/#breadcrumb","itemListElement":[{"@type":"ListItem","position":1,"name":"Home","item":"https:\/\/vapingnet.de\/"},{"@type":"ListItem","position":2,"name":"Shop","item":"https:\/\/vapingnet.de\/vape\/"},{"@type":"ListItem","position":3,"name":"Vape Mit Double Apple Ice Und 20000 Z\u00fcgen WASPE Der Bestseller 2025"}]},{"@type":"WebSite","@id":"https:\/\/vapingnet.de\/#website","url":"https:\/\/vapingnet.de\/","name":"Vapingnet.de","description":"","publisher":{"@id":"https:\/\/vapingnet.de\/#organization"},"potentialAction":[{"@type":"SearchAction","target":{"@type":"EntryPoint","urlTemplate":"https:\/\/vapingnet.de\/?s={search_term_string}"},"query-input":{"@type":"PropertyValueSpecification","valueRequired":true,"valueName":"search_term_string"}}],"inLanguage":"lt-LT"},{"@type":"Organization","@id":"https:\/\/vapingnet.de\/#organization","name":"Vapingnet.de","url":"https:\/\/vapingnet.de\/","logo":{"@type":"ImageObject","inLanguage":"lt-LT","@id":"https:\/\/vapingnet.de\/#\/schema\/logo\/image\/","url":"https:\/\/vapingnet.de\/wp-content\/uploads\/2025\/03\/cropped-vapingnet.de_.jpg","contentUrl":"https:\/\/vapingnet.de\/wp-content\/uploads\/2025\/03\/cropped-vapingnet.de_.jpg","width":512,"height":512,"caption":"Vapingnet.de"},"image":{"@id":"https:\/\/vapingnet.de\/#\/schema\/logo\/image\/"},"sameAs":["https:\/\/www.facebook.com\/vapingnetde\/"]}]}},"tiered_pricing_type":"fixed","tiered_pricing_fixed_rules":[],"tiered_pricing_product_settings":{"layout":"default","base_unit_name":{"singular":null,"plural":null},"default_variation":null},"tiered_pricing_minimum_quantity":null,"tiered_pricing_roles_data":[],"tiered_pricing_percentage_rules":[],"_links":{"self":[{"href":"https:\/\/vapingnet.de\/lt\/wp-json\/wp\/v2\/product\/6809","targetHints":{"allow":["GET"]}}],"collection":[{"href":"https:\/\/vapingnet.de\/lt\/wp-json\/wp\/v2\/product"}],"about":[{"href":"https:\/\/vapingnet.de\/lt\/wp-json\/wp\/v2\/types\/product"}],"version-history":[{"count":1,"href":"https:\/\/vapingnet.de\/lt\/wp-json\/wp\/v2\/product\/6809\/revisions"}],"predecessor-version":[{"id":6816,"href":"https:\/\/vapingnet.de\/lt\/wp-json\/wp\/v2\/product\/6809\/revisions\/6816"}],"wp:featuredmedia":[{"embeddable":true,"href":"https:\/\/vapingnet.de\/lt\/wp-json\/wp\/v2\/media\/6778"}],"wp:attachment":[{"href":"https:\/\/vapingnet.de\/lt\/wp-json\/wp\/v2\/media?parent=6809"}],"wp:term":[{"taxonomy":"brand","embeddable":true,"href":"https:\/\/vapingnet.de\/lt\/wp-json\/wp\/v2\/etheme_brands?post=6809"},{"taxonomy":"product_brand","embeddable":true,"href":"https:\/\/vapingnet.de\/lt\/wp-json\/wp\/v2\/product_brand?post=6809"},{"taxonomy":"product_cat","embeddable":true,"href":"https:\/\/vapingnet.de\/lt\/wp-json\/wp\/v2\/product_cat?post=6809"},{"taxonomy":"product_tag","embeddable":true,"href":"https:\/\/vapingnet.de\/lt\/wp-json\/wp\/v2\/product_tag?post=6809"}],"curies":[{"name":"wp","href":"https:\/\/api.w.org\/{rel}","templated":true}]}}