{"id":6810,"date":"2025-05-06T02:49:11","date_gmt":"2025-05-06T02:49:11","guid":{"rendered":"https:\/\/vapingnet.de\/?post_type=product&#038;p=6810"},"modified":"2026-04-15T06:44:16","modified_gmt":"2026-04-15T06:44:16","slug":"waspe-watermelon-bubblegum-vape-mit-20000-puffs-original-und-hochwertig","status":"publish","type":"product","link":"https:\/\/vapingnet.de\/lt\/vape\/waspe-watermelon-bubblegum-vape-mit-20000-puffs-original-und-hochwertig\/","title":{"rendered":"WASPE Watermelon Bubblegum Vape su 20000 puf\u0173 Originalus ir Auk\u0161tos Kokyb\u0117s"},"content":{"rendered":"<h2 data-start=\"0\" data-end=\"85\" data-immersive-translate-walked=\"2c6df0c3-621c-45ed-aaad-7afbde97bbb9\">WASPE 20000 R\u016bkymo Puf\u0173 Dviguba Tinklelis Inovatyvus malonumas su geriausia vienkartine E-cigarette<\/h2>\n<p class=\"\" data-start=\"87\" data-end=\"325\" data-immersive-translate-walked=\"2c6df0c3-621c-45ed-aaad-7afbde97bbb9\" data-immersive-translate-paragraph=\"1\">WASPE 20000 Puffs Dviguba Tinklelis yra daugiau nei \u012fprasta vienkartin\u0117 E-cigarette. Naudojant pa\u017eangiausi\u0105 technologij\u0105 ir daugyb\u0119 \u012fsp\u016bding\u0173 funkcij\u0173, \u0161is produktas nusileid\u017eia viskam, k\u0105 iki \u0161iol si\u016bl\u0117 rinka.<\/p>\n<h4 data-start=\"327\" data-end=\"392\" data-immersive-translate-walked=\"2c6df0c3-621c-45ed-aaad-7afbde97bbb9\">Galinga technika nepamir\u0161tamam garinimo patyrimui<\/h4>\n<p class=\"\" data-start=\"394\" data-end=\"676\" data-immersive-translate-walked=\"2c6df0c3-621c-45ed-aaad-7afbde97bbb9\" data-immersive-translate-paragraph=\"1\">Su Dviguba Tinklelio Rit\u0117 ir 0,8\u03a9 var\u017ea, WASPE 20000 Puffs u\u017etikrina tolyg\u0173 ir intensyv\u0173 E-liquido garavim\u0105. \u0160i technologija suteikia pilnesn\u012f skon\u012f ir tankesn\u012f garavim\u0105, tod\u0117l ji ypa\u010d patraukli reikliems garintojams.<\/p>\n<p class=\"\" data-start=\"678\" data-end=\"928\" data-immersive-translate-walked=\"2c6df0c3-621c-45ed-aaad-7afbde97bbb9\" data-immersive-translate-paragraph=\"1\">Su \u012fsp\u016bdinga 20000 Puffs talpa, elektronin\u0117 cigaret\u0117 yra sukurta ilgaam\u017ei\u0161kumui. Nesvarbu, ar naudojate kasdien, ar ilgesn\u0117ms garinimo sesijoms \u2013 WASPE 20000 visada teikia pastov\u0173 na\u0161um\u0105 be praradimo intensyvumo.<\/p>\n<h4 data-start=\"930\" data-end=\"979\" data-immersive-translate-walked=\"2c6df0c3-621c-45ed-aaad-7afbde97bbb9\">Patogi \u012fkrovimo galimyb\u0117 ir naudotojo draugi\u0161kumas<\/h4>\n<p class=\"\" data-start=\"981\" data-end=\"1427\" data-immersive-translate-walked=\"2c6df0c3-621c-45ed-aaad-7afbde97bbb9\" data-immersive-translate-paragraph=\"1\">Patogus WASPE 20000 Puffs bruo\u017eas yra Type-C jungtis, leid\u017eianti greit\u0105 ir paprast\u0105 \u012fkrovim\u0105. 900mAh baterija u\u017etikrina, kad \u012frenginys nepasens net intensyvaus naudojimo metu. LCD ekranas nuolat informuoja apie dabartin\u012f \u012fkrovimo ir skys\u010dio lyg\u012f, kad niekada nepraleistum\u0117te laiko \u012fkrovimui ar papildymui.<\/p>\n<h4 data-start=\"1429\" data-end=\"1481\" data-immersive-translate-walked=\"2c6df0c3-621c-45ed-aaad-7afbde97bbb9\">\u012evairiapusi\u0161kumas skoni\u0173 ir nikotino pasirinkimuose<\/h4>\n<p class=\"\" data-start=\"1483\" data-end=\"1834\" data-immersive-translate-walked=\"2c6df0c3-621c-45ed-aaad-7afbde97bbb9\" data-immersive-translate-paragraph=\"1\">24 ml skys\u010dio talpa ir \u012fvairi\u0173 nikotino stiprum\u0173 (0%, 2%, 3%, 5%) galimyb\u0117 si\u016blo plat\u0173 pasirinkim\u0105, atitinkant\u012f individualius garintoj\u0173 poreikius. \u201eWatermelon Bubblegum\u201c skonis yra vaisinis malonumas, jungiantis arb\u016bz\u0105 ir kramtom\u0105j\u0105 gum\u0105, garantuojantis gaiv\u0173 ir sald\u0173 patyrim\u0105.<\/p>\n<h3 data-start=\"1836\" data-end=\"1901\" data-immersive-translate-walked=\"2c6df0c3-621c-45ed-aaad-7afbde97bbb9\">Kod\u0117l verta rinktis WASPE 20000 Puffs?<\/h3>\n<ul data-start=\"1903\" data-end=\"2526\" data-immersive-translate-walked=\"2c6df0c3-621c-45ed-aaad-7afbde97bbb9\">\n<li class=\"\" data-start=\"1903\" data-end=\"2049\" data-immersive-translate-walked=\"2c6df0c3-621c-45ed-aaad-7afbde97bbb9\">\n<p class=\"\" data-start=\"1905\" data-end=\"2049\" data-immersive-translate-walked=\"2c6df0c3-621c-45ed-aaad-7afbde97bbb9\" data-immersive-translate-paragraph=\"1\">Mokes\u010di\u0173 nemokamas pristatymas: Pasinaudokite mokes\u010di\u0173 nemokamu pristatymu \u012f vapingnet.de, kuris padeda i\u0161vengti papildom\u0173 i\u0161laid\u0173.<\/p>\n<\/li>\n<li class=\"\" data-start=\"2050\" data-end=\"2246\" data-immersive-translate-walked=\"2c6df0c3-621c-45ed-aaad-7afbde97bbb9\">\n<p class=\"\" data-start=\"2052\" data-end=\"2246\" data-immersive-translate-walked=\"2c6df0c3-621c-45ed-aaad-7afbde97bbb9\" data-immersive-translate-paragraph=\"1\">Ilgaam\u017ei\u0161kas ir prakti\u0161kas: Didel\u0117 skys\u010dio talpa ir ilgi pufai u\u017etikrina i\u0161skirtin\u012f garinimo patirt\u012f be da\u017en\u0173 papildym\u0173 ar keitim\u0173.<\/p>\n<\/li>\n<li class=\"\" data-start=\"2247\" data-end=\"2374\" data-immersive-translate-walked=\"2c6df0c3-621c-45ed-aaad-7afbde97bbb9\">\n<p class=\"\" data-start=\"2249\" data-end=\"2374\" data-immersive-translate-walked=\"2c6df0c3-621c-45ed-aaad-7afbde97bbb9\" data-immersive-translate-paragraph=\"1\">Patogus valdymas: LCD ekranas ir Type-C jungtis daro naudojim\u0105 ypa\u010d patog\u0173.<\/p>\n<\/li>\n<li class=\"\" data-start=\"2375\" data-end=\"2526\" data-immersive-translate-walked=\"2c6df0c3-621c-45ed-aaad-7afbde97bbb9\">\n<p class=\"\" data-start=\"2377\" data-end=\"2526\" data-immersive-translate-walked=\"2c6df0c3-621c-45ed-aaad-7afbde97bbb9\" data-immersive-translate-paragraph=\"1\">Puik\u016bs aromatai: M\u0117gaukit\u0117s unikaliu Watermelon Bubblegum skonio patirtimi, kuri puikiai sujungia \u0161vie\u017eius ir sald\u017eius aromatus.<\/p>\n<\/li>\n<\/ul>\n<p class=\"\" data-start=\"2528\" data-end=\"2876\" data-immersive-translate-walked=\"2c6df0c3-621c-45ed-aaad-7afbde97bbb9\" data-immersive-translate-paragraph=\"1\">WASPE 20000 Puffs Dviguba Tinklelis n\u0117ra tik vienkartin\u0117 E-cigarette \u2013 tai ideali pasirinkimas tiems, kurie vertina ilgaam\u017ei\u0161k\u0105 na\u0161um\u0105, patog\u0173 naudojim\u0105 ir gaivius aromatus. U\u017esisakykite jau \u0161iandien vapingnet.de ir patirkite, kaip auk\u0161tos kokyb\u0117s elektronin\u0117 cigaret\u0117 pakels j\u016bs\u0173 garinimo patirt\u012f \u012f kit\u0105 lyg\u012f.<\/p>","protected":false},"excerpt":{"rendered":"<p>WASPE 20000 D\u016b\u017ei\u0173 Dual Mesh \u2013 inovatyvus malonumas su geriausiu vienkartiniu E-r\u016bkaliu. WASPE 20000 D\u016b\u017ei\u0173 Dual Mesh yra daugiau nei tik \u012fprastas vienkartinis...<\/p>","protected":false},"featured_media":6901,"template":"","meta":[],"etheme_brands":[],"product_brand":[98],"product_cat":[54,49,61],"product_tag":[],"class_list":{"0":"post-6810","1":"product","2":"type-product","3":"status-publish","4":"has-post-thumbnail","6":"product_brand-waspe-vape","7":"product_cat-vape-20000-zuege","8":"product_cat-einweg-e-zigarette","9":"product_cat-f","11":"first","12":"instock","13":"shipping-taxable","14":"purchasable","15":"product-type-variable"},"yoast_head":"<!-- This site is optimized with the Yoast SEO plugin v26.5 - https:\/\/yoast.com\/wordpress\/plugins\/seo\/ -->\n<title>WASPE Watermelon Bubblegum Vape Mit 20000 Puffs Original Und Hochwertig | Vapingnet.de<\/title>\n<meta name=\"description\" content=\"Entdecke WASPE Watermelon Bubblegum Vape Mit 20000 Puffs Original Und Hochwertig bei vapingnet.de, \u25ba Gro\u00dfe Auswahl an Geschmacksrichtungen &amp; super g\u00fcnstig!\" \/>\n<meta name=\"robots\" content=\"index, follow, max-snippet:-1, max-image-preview:large, max-video-preview:-1\" \/>\n<link rel=\"canonical\" href=\"https:\/\/vapingnet.de\/lt\/vape\/waspe-watermelon-bubblegum-vape-mit-20000-puffs-original-und-hochwertig\/\" \/>\n<meta property=\"og:locale\" content=\"lt_LT\" \/>\n<meta property=\"og:type\" content=\"article\" \/>\n<meta property=\"og:title\" content=\"WASPE Watermelon Bubblegum Vape Mit 20000 Puffs Original Und Hochwertig | Vapingnet.de\" \/>\n<meta property=\"og:description\" content=\"Entdecke WASPE Watermelon Bubblegum Vape Mit 20000 Puffs Original Und Hochwertig bei vapingnet.de, \u25ba Gro\u00dfe Auswahl an Geschmacksrichtungen &amp; super g\u00fcnstig!\" \/>\n<meta property=\"og:url\" content=\"https:\/\/vapingnet.de\/lt\/vape\/waspe-watermelon-bubblegum-vape-mit-20000-puffs-original-und-hochwertig\/\" \/>\n<meta property=\"og:site_name\" content=\"Vapingnet.de\" \/>\n<meta property=\"article:publisher\" content=\"https:\/\/www.facebook.com\/vapingnetde\/\" \/>\n<meta property=\"article:modified_time\" content=\"2026-04-15T06:44:16+00:00\" \/>\n<meta property=\"og:image\" content=\"https:\/\/vapingnet.de\/wp-content\/uploads\/2025\/05\/WASPE-VAPE2.webp\" \/>\n\t<meta property=\"og:image:width\" content=\"1000\" \/>\n\t<meta property=\"og:image:height\" content=\"1000\" \/>\n\t<meta property=\"og:image:type\" content=\"image\/webp\" \/>\n<meta name=\"twitter:card\" content=\"summary_large_image\" \/>\n<meta name=\"twitter:label1\" content=\"Est. reading time\" \/>\n\t<meta name=\"twitter:data1\" content=\"3 minutes\" \/>\n<script type=\"application\/ld+json\" class=\"yoast-schema-graph\">{\"@context\":\"https:\/\/schema.org\",\"@graph\":[{\"@type\":\"WebPage\",\"@id\":\"https:\/\/vapingnet.de\/vape\/waspe-watermelon-bubblegum-vape-mit-20000-puffs-original-und-hochwertig\/\",\"url\":\"https:\/\/vapingnet.de\/vape\/waspe-watermelon-bubblegum-vape-mit-20000-puffs-original-und-hochwertig\/\",\"name\":\"WASPE Watermelon Bubblegum Vape Mit 20000 Puffs Original Und Hochwertig | Vapingnet.de\",\"isPartOf\":{\"@id\":\"https:\/\/vapingnet.de\/#website\"},\"primaryImageOfPage\":{\"@id\":\"https:\/\/vapingnet.de\/vape\/waspe-watermelon-bubblegum-vape-mit-20000-puffs-original-und-hochwertig\/#primaryimage\"},\"image\":{\"@id\":\"https:\/\/vapingnet.de\/vape\/waspe-watermelon-bubblegum-vape-mit-20000-puffs-original-und-hochwertig\/#primaryimage\"},\"thumbnailUrl\":\"https:\/\/vapingnet.de\/wp-content\/uploads\/2025\/05\/WASPE-VAPE2.webp\",\"datePublished\":\"2025-05-06T02:49:11+00:00\",\"dateModified\":\"2026-04-15T06:44:16+00:00\",\"description\":\"Entdecke WASPE Watermelon Bubblegum Vape Mit 20000 Puffs Original Und Hochwertig bei vapingnet.de, \u25ba Gro\u00dfe Auswahl an Geschmacksrichtungen & super g\u00fcnstig!\",\"breadcrumb\":{\"@id\":\"https:\/\/vapingnet.de\/vape\/waspe-watermelon-bubblegum-vape-mit-20000-puffs-original-und-hochwertig\/#breadcrumb\"},\"inLanguage\":\"lt-LT\",\"potentialAction\":[{\"@type\":\"ReadAction\",\"target\":[\"https:\/\/vapingnet.de\/vape\/waspe-watermelon-bubblegum-vape-mit-20000-puffs-original-und-hochwertig\/\"]}]},{\"@type\":\"ImageObject\",\"inLanguage\":\"lt-LT\",\"@id\":\"https:\/\/vapingnet.de\/vape\/waspe-watermelon-bubblegum-vape-mit-20000-puffs-original-und-hochwertig\/#primaryimage\",\"url\":\"https:\/\/vapingnet.de\/wp-content\/uploads\/2025\/05\/WASPE-VAPE2.webp\",\"contentUrl\":\"https:\/\/vapingnet.de\/wp-content\/uploads\/2025\/05\/WASPE-VAPE2.webp\",\"width\":1000,\"height\":1000},{\"@type\":\"BreadcrumbList\",\"@id\":\"https:\/\/vapingnet.de\/vape\/waspe-watermelon-bubblegum-vape-mit-20000-puffs-original-und-hochwertig\/#breadcrumb\",\"itemListElement\":[{\"@type\":\"ListItem\",\"position\":1,\"name\":\"Home\",\"item\":\"https:\/\/vapingnet.de\/\"},{\"@type\":\"ListItem\",\"position\":2,\"name\":\"Shop\",\"item\":\"https:\/\/vapingnet.de\/vape\/\"},{\"@type\":\"ListItem\",\"position\":3,\"name\":\"WASPE Watermelon Bubblegum Vape Mit 20000 Puffs Original Und Hochwertig\"}]},{\"@type\":\"WebSite\",\"@id\":\"https:\/\/vapingnet.de\/#website\",\"url\":\"https:\/\/vapingnet.de\/\",\"name\":\"Vapingnet.de\",\"description\":\"\",\"publisher\":{\"@id\":\"https:\/\/vapingnet.de\/#organization\"},\"potentialAction\":[{\"@type\":\"SearchAction\",\"target\":{\"@type\":\"EntryPoint\",\"urlTemplate\":\"https:\/\/vapingnet.de\/?s={search_term_string}\"},\"query-input\":{\"@type\":\"PropertyValueSpecification\",\"valueRequired\":true,\"valueName\":\"search_term_string\"}}],\"inLanguage\":\"lt-LT\"},{\"@type\":\"Organization\",\"@id\":\"https:\/\/vapingnet.de\/#organization\",\"name\":\"Vapingnet.de\",\"url\":\"https:\/\/vapingnet.de\/\",\"logo\":{\"@type\":\"ImageObject\",\"inLanguage\":\"lt-LT\",\"@id\":\"https:\/\/vapingnet.de\/#\/schema\/logo\/image\/\",\"url\":\"https:\/\/vapingnet.de\/wp-content\/uploads\/2025\/03\/cropped-vapingnet.de_.jpg\",\"contentUrl\":\"https:\/\/vapingnet.de\/wp-content\/uploads\/2025\/03\/cropped-vapingnet.de_.jpg\",\"width\":512,\"height\":512,\"caption\":\"Vapingnet.de\"},\"image\":{\"@id\":\"https:\/\/vapingnet.de\/#\/schema\/logo\/image\/\"},\"sameAs\":[\"https:\/\/www.facebook.com\/vapingnetde\/\"]}]}<\/script>\n<!-- \/ Yoast SEO plugin. -->","yoast_head_json":{"title":"WASPE Watermelon Bubblegum Vape Mit 20000 Puffs Original Und Hochwertig | Vapingnet.de","description":"Entdecke WASPE Watermelon Bubblegum Vape Mit 20000 Puffs Original Und Hochwertig bei vapingnet.de, \u25ba Gro\u00dfe Auswahl an Geschmacksrichtungen & super g\u00fcnstig!","robots":{"index":"index","follow":"follow","max-snippet":"max-snippet:-1","max-image-preview":"max-image-preview:large","max-video-preview":"max-video-preview:-1"},"canonical":"https:\/\/vapingnet.de\/lt\/vape\/waspe-watermelon-bubblegum-vape-mit-20000-puffs-original-und-hochwertig\/","og_locale":"lt_LT","og_type":"article","og_title":"WASPE Watermelon Bubblegum Vape Mit 20000 Puffs Original Und Hochwertig | Vapingnet.de","og_description":"Entdecke WASPE Watermelon Bubblegum Vape Mit 20000 Puffs Original Und Hochwertig bei vapingnet.de, \u25ba Gro\u00dfe Auswahl an Geschmacksrichtungen & super g\u00fcnstig!","og_url":"https:\/\/vapingnet.de\/lt\/vape\/waspe-watermelon-bubblegum-vape-mit-20000-puffs-original-und-hochwertig\/","og_site_name":"Vapingnet.de","article_publisher":"https:\/\/www.facebook.com\/vapingnetde\/","article_modified_time":"2026-04-15T06:44:16+00:00","og_image":[{"width":1000,"height":1000,"url":"https:\/\/vapingnet.de\/wp-content\/uploads\/2025\/05\/WASPE-VAPE2.webp","type":"image\/webp"}],"twitter_card":"summary_large_image","twitter_misc":{"Est. reading time":"3 minutes"},"schema":{"@context":"https:\/\/schema.org","@graph":[{"@type":"WebPage","@id":"https:\/\/vapingnet.de\/vape\/waspe-watermelon-bubblegum-vape-mit-20000-puffs-original-und-hochwertig\/","url":"https:\/\/vapingnet.de\/vape\/waspe-watermelon-bubblegum-vape-mit-20000-puffs-original-und-hochwertig\/","name":"WASPE Watermelon Bubblegum Vape Mit 20000 Puffs Original Und Hochwertig | Vapingnet.de","isPartOf":{"@id":"https:\/\/vapingnet.de\/#website"},"primaryImageOfPage":{"@id":"https:\/\/vapingnet.de\/vape\/waspe-watermelon-bubblegum-vape-mit-20000-puffs-original-und-hochwertig\/#primaryimage"},"image":{"@id":"https:\/\/vapingnet.de\/vape\/waspe-watermelon-bubblegum-vape-mit-20000-puffs-original-und-hochwertig\/#primaryimage"},"thumbnailUrl":"https:\/\/vapingnet.de\/wp-content\/uploads\/2025\/05\/WASPE-VAPE2.webp","datePublished":"2025-05-06T02:49:11+00:00","dateModified":"2026-04-15T06:44:16+00:00","description":"Entdecke WASPE Watermelon Bubblegum Vape Mit 20000 Puffs Original Und Hochwertig bei vapingnet.de, \u25ba Gro\u00dfe Auswahl an Geschmacksrichtungen & super g\u00fcnstig!","breadcrumb":{"@id":"https:\/\/vapingnet.de\/vape\/waspe-watermelon-bubblegum-vape-mit-20000-puffs-original-und-hochwertig\/#breadcrumb"},"inLanguage":"lt-LT","potentialAction":[{"@type":"ReadAction","target":["https:\/\/vapingnet.de\/vape\/waspe-watermelon-bubblegum-vape-mit-20000-puffs-original-und-hochwertig\/"]}]},{"@type":"ImageObject","inLanguage":"lt-LT","@id":"https:\/\/vapingnet.de\/vape\/waspe-watermelon-bubblegum-vape-mit-20000-puffs-original-und-hochwertig\/#primaryimage","url":"https:\/\/vapingnet.de\/wp-content\/uploads\/2025\/05\/WASPE-VAPE2.webp","contentUrl":"https:\/\/vapingnet.de\/wp-content\/uploads\/2025\/05\/WASPE-VAPE2.webp","width":1000,"height":1000},{"@type":"BreadcrumbList","@id":"https:\/\/vapingnet.de\/vape\/waspe-watermelon-bubblegum-vape-mit-20000-puffs-original-und-hochwertig\/#breadcrumb","itemListElement":[{"@type":"ListItem","position":1,"name":"Home","item":"https:\/\/vapingnet.de\/"},{"@type":"ListItem","position":2,"name":"Shop","item":"https:\/\/vapingnet.de\/vape\/"},{"@type":"ListItem","position":3,"name":"WASPE Watermelon Bubblegum Vape Mit 20000 Puffs Original Und Hochwertig"}]},{"@type":"WebSite","@id":"https:\/\/vapingnet.de\/#website","url":"https:\/\/vapingnet.de\/","name":"Vapingnet.de","description":"","publisher":{"@id":"https:\/\/vapingnet.de\/#organization"},"potentialAction":[{"@type":"SearchAction","target":{"@type":"EntryPoint","urlTemplate":"https:\/\/vapingnet.de\/?s={search_term_string}"},"query-input":{"@type":"PropertyValueSpecification","valueRequired":true,"valueName":"search_term_string"}}],"inLanguage":"lt-LT"},{"@type":"Organization","@id":"https:\/\/vapingnet.de\/#organization","name":"Vapingnet.de","url":"https:\/\/vapingnet.de\/","logo":{"@type":"ImageObject","inLanguage":"lt-LT","@id":"https:\/\/vapingnet.de\/#\/schema\/logo\/image\/","url":"https:\/\/vapingnet.de\/wp-content\/uploads\/2025\/03\/cropped-vapingnet.de_.jpg","contentUrl":"https:\/\/vapingnet.de\/wp-content\/uploads\/2025\/03\/cropped-vapingnet.de_.jpg","width":512,"height":512,"caption":"Vapingnet.de"},"image":{"@id":"https:\/\/vapingnet.de\/#\/schema\/logo\/image\/"},"sameAs":["https:\/\/www.facebook.com\/vapingnetde\/"]}]}},"tiered_pricing_type":"fixed","tiered_pricing_fixed_rules":[],"tiered_pricing_product_settings":{"layout":"default","base_unit_name":{"singular":null,"plural":null},"default_variation":null},"tiered_pricing_minimum_quantity":null,"tiered_pricing_roles_data":[],"tiered_pricing_percentage_rules":[],"_links":{"self":[{"href":"https:\/\/vapingnet.de\/lt\/wp-json\/wp\/v2\/product\/6810","targetHints":{"allow":["GET"]}}],"collection":[{"href":"https:\/\/vapingnet.de\/lt\/wp-json\/wp\/v2\/product"}],"about":[{"href":"https:\/\/vapingnet.de\/lt\/wp-json\/wp\/v2\/types\/product"}],"version-history":[{"count":1,"href":"https:\/\/vapingnet.de\/lt\/wp-json\/wp\/v2\/product\/6810\/revisions"}],"predecessor-version":[{"id":6817,"href":"https:\/\/vapingnet.de\/lt\/wp-json\/wp\/v2\/product\/6810\/revisions\/6817"}],"wp:featuredmedia":[{"embeddable":true,"href":"https:\/\/vapingnet.de\/lt\/wp-json\/wp\/v2\/media\/6901"}],"wp:attachment":[{"href":"https:\/\/vapingnet.de\/lt\/wp-json\/wp\/v2\/media?parent=6810"}],"wp:term":[{"taxonomy":"brand","embeddable":true,"href":"https:\/\/vapingnet.de\/lt\/wp-json\/wp\/v2\/etheme_brands?post=6810"},{"taxonomy":"product_brand","embeddable":true,"href":"https:\/\/vapingnet.de\/lt\/wp-json\/wp\/v2\/product_brand?post=6810"},{"taxonomy":"product_cat","embeddable":true,"href":"https:\/\/vapingnet.de\/lt\/wp-json\/wp\/v2\/product_cat?post=6810"},{"taxonomy":"product_tag","embeddable":true,"href":"https:\/\/vapingnet.de\/lt\/wp-json\/wp\/v2\/product_tag?post=6810"}],"curies":[{"name":"wp","href":"https:\/\/api.w.org\/{rel}","templated":true}]}}