{"id":6811,"date":"2025-05-06T02:51:01","date_gmt":"2025-05-06T02:51:01","guid":{"rendered":"https:\/\/vapingnet.de\/?post_type=product&#038;p=6811"},"modified":"2025-06-19T03:44:58","modified_gmt":"2025-06-19T03:44:58","slug":"vape-deal-des-jahres-strawberry-kiwi-von-waspe-20000-grosshandel-moeglich","status":"publish","type":"product","link":"https:\/\/vapingnet.de\/lt\/vape\/vape-deal-des-jahres-strawberry-kiwi-von-waspe-20000-grosshandel-moeglich\/","title":{"rendered":"Vape Pasi\u016blymas Met\u0173: Strawberry Kiwi i\u0161 WASPE 20000 Didmenin\u0117 prekyba galimas"},"content":{"rendered":"<h2 data-start=\"61\" data-end=\"145\" data-immersive-translate-walked=\"00e577de-a939-451b-b4a6-526c62bfb0df\" data-immersive-translate-paragraph=\"1\">Atrask malonum\u0105 su WASPE 20000 vienkartine E cigarete<\/h2>\n<p class=\"\" data-start=\"147\" data-end=\"634\" data-immersive-translate-walked=\"00e577de-a939-451b-b4a6-526c62bfb0df\" data-immersive-translate-paragraph=\"1\">Tai yra atsipalaidav\u0119s \u0161e\u0161tadienio rytas, tu esi kelyje, o saul\u0117 \u0161vie\u010dia \u0161velniai. Turi visk\u0105, ko reikia: savo m\u0117gstam\u0105 kav\u0105, muzik\u0105 ir \u017einoma, savo WASPE 20000 vienkartin\u0119 E cigaret\u0119 ki\u0161en\u0117je. Atsis\u0117di ant suoliuko parke, pirm\u0105 \u012fkv\u0117pim\u0105 ir leid\u017ei savo poj\u016b\u010dius apgaubti gaiviu bra\u0161ki\u0173 ir kivio skoniu. Vaisi\u0173 mi\u0161inys i\u0161 sald\u017eios bra\u0161k\u0117s ir sultingo kivio leid\u017eia m\u0117gautis akimirka pilna j\u0117ga.<\/p>\n<h4 data-start=\"636\" data-end=\"1087\" data-immersive-translate-walked=\"00e577de-a939-451b-b4a6-526c62bfb0df\" data-immersive-translate-paragraph=\"1\">Tobula sprendimas kasdieniam gyvenimui:<\/h4>\n<p class=\"\" data-start=\"636\" data-end=\"1087\" data-immersive-translate-walked=\"00e577de-a939-451b-b4a6-526c62bfb0df\" data-immersive-translate-paragraph=\"1\">WASPE 20000 n\u0117ra tik ypatingoms akimirkoms, bet ir kasdieniam malonumui. Su iki 20 000 \u012fkv\u0117pim\u0173 ir 24 ml skys\u010dio talpa ji yra idealus palydovas ilgiems dienoms be papildymo. Dual Mesh Coil u\u017etikrina tolyg\u0173 gar\u0173 kiek\u012f ir intensyvius skonius, o USB-C \u012fkrovimo galimyb\u0117 u\u017etikrina, kad visada tur\u0117tum pakankamai energijos kitam \u012fkv\u0117pimui.<\/p>\n<h3 data-start=\"1089\" data-end=\"1148\" data-immersive-translate-walked=\"00e577de-a939-451b-b4a6-526c62bfb0df\">Kur beb\u016btum, WASPE 20000 tave lydi:<\/h3>\n<ul data-start=\"1149\" data-end=\"1639\" data-immersive-translate-walked=\"00e577de-a939-451b-b4a6-526c62bfb0df\">\n<li class=\"\" data-start=\"1149\" data-end=\"1224\" data-immersive-translate-walked=\"00e577de-a939-451b-b4a6-526c62bfb0df\">\n<p class=\"\" data-start=\"1151\" data-end=\"1224\" data-immersive-translate-walked=\"00e577de-a939-451b-b4a6-526c62bfb0df\" data-immersive-translate-paragraph=\"1\">Ilga tarnavimo trukm\u0117: iki 20 000 \u012fkv\u0117pim\u0173 \u2013 pakankamai kelioms savait\u0117ms.<\/p>\n<\/li>\n<li class=\"\" data-start=\"1225\" data-end=\"1334\" data-immersive-translate-walked=\"00e577de-a939-451b-b4a6-526c62bfb0df\">\n<p class=\"\" data-start=\"1227\" data-end=\"1334\" data-immersive-translate-walked=\"00e577de-a939-451b-b4a6-526c62bfb0df\" data-immersive-translate-paragraph=\"1\">Vaisi\u0173 malonumas: Bra\u0161ki\u0173 ir kivio skonis yra tobulas saldaus ir gaivaus derinio mi\u0161inys.<\/p>\n<\/li>\n<li class=\"\" data-start=\"1335\" data-end=\"1428\" data-immersive-translate-walked=\"00e577de-a939-451b-b4a6-526c62bfb0df\">\n<p class=\"\" data-start=\"1337\" data-end=\"1428\" data-immersive-translate-walked=\"00e577de-a939-451b-b4a6-526c62bfb0df\" data-immersive-translate-paragraph=\"1\">Skirtingos nikotino galimyb\u0117s: Pasirinkite tarp 0%, 2%, 3%, 5% nikotino pagal poreik\u012f.<\/p>\n<\/li>\n<li class=\"\" data-start=\"1429\" data-end=\"1535\" data-immersive-translate-walked=\"00e577de-a939-451b-b4a6-526c62bfb0df\">\n<p class=\"\" data-start=\"1431\" data-end=\"1535\" data-immersive-translate-walked=\"00e577de-a939-451b-b4a6-526c62bfb0df\" data-immersive-translate-paragraph=\"1\">Greitas \u012fkrovimas: USB-C jungtis leid\u017eia \u012fkrauti grei\u010diau ir papras\u010diau nei bet kada anks\u010diau.<\/p>\n<\/li>\n<li class=\"\" data-start=\"1536\" data-end=\"1639\" data-immersive-translate-walked=\"00e577de-a939-451b-b4a6-526c62bfb0df\">\n<p class=\"\" data-start=\"1538\" data-end=\"1639\" data-immersive-translate-walked=\"00e577de-a939-451b-b4a6-526c62bfb0df\" data-immersive-translate-paragraph=\"1\">Patogi naudoti: Svoris tik 110 g, ji lengva ir patogi visur ne\u0161iotis.<\/p>\n<\/li>\n<\/ul>\n<h4 data-start=\"1641\" data-end=\"1976\" data-immersive-translate-walked=\"00e577de-a939-451b-b4a6-526c62bfb0df\" data-immersive-translate-paragraph=\"1\">J\u016bs\u0173 kasdienis malonumas \u2013 paprasta ir patogu:<\/h4>\n<p class=\"\" data-start=\"1641\" data-end=\"1976\" data-immersive-translate-walked=\"00e577de-a939-451b-b4a6-526c62bfb0df\" data-immersive-translate-paragraph=\"1\">WASPE 20000 vienkartin\u0117 E cigaret\u0117 skirta visiems, kurie ie\u0161ko patogaus, ilgo ir intensyvaus garavimo patirties. Nesvarbu, ar vaik\u0161tai parke, pertraukos metu biure ar keliaudamas \u2013 ji visada suteiks tau tobul\u0105 garavimo patirt\u012f, be joki\u0173 komplikacij\u0173.<\/p>\n<p class=\"\" data-start=\"1978\" data-end=\"2108\" data-immersive-translate-walked=\"00e577de-a939-451b-b4a6-526c62bfb0df\" data-immersive-translate-paragraph=\"1\">U\u017esisakyk dabar vapingnet.de ir m\u0117gaukis bra\u0161ki\u0173 ir kivio skoniu bet kur, kur beb\u016btum!<\/p>","protected":false},"excerpt":{"rendered":"<p>Atraskite malonum\u0105 su WASPE 20000 Vienkartiniu E-r\u016bkaliu. Tai yra atsipalaidavimo \u0161e\u0161tadienio rytas, esate kelyje ir saul\u0117 \u0161vie\u010dia \u0161velniai. J\u016bs turite...<\/p>","protected":false},"featured_media":6785,"template":"","meta":[],"etheme_brands":[],"product_brand":[98],"product_cat":[54,49,61],"product_tag":[],"class_list":{"0":"post-6811","1":"product","2":"type-product","3":"status-publish","4":"has-post-thumbnail","6":"product_brand-waspe-vape","7":"product_cat-vape-20000-zuege","8":"product_cat-einweg-e-zigarette","9":"product_cat-f","11":"first","12":"instock","13":"shipping-taxable","14":"purchasable","15":"product-type-simple"},"yoast_head":"<!-- This site is optimized with the Yoast SEO plugin v26.5 - https:\/\/yoast.com\/wordpress\/plugins\/seo\/ -->\n<title>Vape Deal Des Jahres Strawberry Kiwi Von WASPE 20000 Gro\u00dfhandel M\u00f6glich | Vapingnet.de<\/title>\n<meta name=\"description\" content=\"Entdecke Vape Deal Des Jahres Strawberry Kiwi Von WASPE 20000 Gro\u00dfhandel M\u00f6glich bei vapingnet.de, \u25ba Gro\u00dfe Auswahl an Geschmacksrichtungen &amp; super g\u00fcnstig!\" \/>\n<meta name=\"robots\" content=\"index, follow, max-snippet:-1, max-image-preview:large, max-video-preview:-1\" \/>\n<link rel=\"canonical\" href=\"https:\/\/vapingnet.de\/lt\/vape\/vape-deal-des-jahres-strawberry-kiwi-von-waspe-20000-grosshandel-moeglich\/\" \/>\n<meta property=\"og:locale\" content=\"lt_LT\" \/>\n<meta property=\"og:type\" content=\"article\" \/>\n<meta property=\"og:title\" content=\"Vape Deal Des Jahres Strawberry Kiwi Von WASPE 20000 Gro\u00dfhandel M\u00f6glich | Vapingnet.de\" \/>\n<meta property=\"og:description\" content=\"Entdecke Vape Deal Des Jahres Strawberry Kiwi Von WASPE 20000 Gro\u00dfhandel M\u00f6glich bei vapingnet.de, \u25ba Gro\u00dfe Auswahl an Geschmacksrichtungen &amp; super g\u00fcnstig!\" \/>\n<meta property=\"og:url\" content=\"https:\/\/vapingnet.de\/lt\/vape\/vape-deal-des-jahres-strawberry-kiwi-von-waspe-20000-grosshandel-moeglich\/\" \/>\n<meta property=\"og:site_name\" content=\"Vapingnet.de\" \/>\n<meta property=\"article:publisher\" content=\"https:\/\/www.facebook.com\/vapingnetde\/\" \/>\n<meta property=\"article:modified_time\" content=\"2025-06-19T03:44:58+00:00\" \/>\n<meta property=\"og:image\" content=\"https:\/\/vapingnet.de\/wp-content\/uploads\/2025\/05\/Strawberry-Kiwi-1.webp\" \/>\n\t<meta property=\"og:image:width\" content=\"1000\" \/>\n\t<meta property=\"og:image:height\" content=\"1000\" \/>\n\t<meta property=\"og:image:type\" content=\"image\/webp\" \/>\n<meta name=\"twitter:card\" content=\"summary_large_image\" \/>\n<meta name=\"twitter:label1\" content=\"Est. reading time\" \/>\n\t<meta name=\"twitter:data1\" content=\"2 minutes\" \/>\n<script type=\"application\/ld+json\" class=\"yoast-schema-graph\">{\"@context\":\"https:\/\/schema.org\",\"@graph\":[{\"@type\":\"WebPage\",\"@id\":\"https:\/\/vapingnet.de\/vape\/vape-deal-des-jahres-strawberry-kiwi-von-waspe-20000-grosshandel-moeglich\/\",\"url\":\"https:\/\/vapingnet.de\/vape\/vape-deal-des-jahres-strawberry-kiwi-von-waspe-20000-grosshandel-moeglich\/\",\"name\":\"Vape Deal Des Jahres Strawberry Kiwi Von WASPE 20000 Gro\u00dfhandel M\u00f6glich | Vapingnet.de\",\"isPartOf\":{\"@id\":\"https:\/\/vapingnet.de\/#website\"},\"primaryImageOfPage\":{\"@id\":\"https:\/\/vapingnet.de\/vape\/vape-deal-des-jahres-strawberry-kiwi-von-waspe-20000-grosshandel-moeglich\/#primaryimage\"},\"image\":{\"@id\":\"https:\/\/vapingnet.de\/vape\/vape-deal-des-jahres-strawberry-kiwi-von-waspe-20000-grosshandel-moeglich\/#primaryimage\"},\"thumbnailUrl\":\"https:\/\/vapingnet.de\/wp-content\/uploads\/2025\/05\/Strawberry-Kiwi-1.webp\",\"datePublished\":\"2025-05-06T02:51:01+00:00\",\"dateModified\":\"2025-06-19T03:44:58+00:00\",\"description\":\"Entdecke Vape Deal Des Jahres Strawberry Kiwi Von WASPE 20000 Gro\u00dfhandel M\u00f6glich bei vapingnet.de, \u25ba Gro\u00dfe Auswahl an Geschmacksrichtungen & super g\u00fcnstig!\",\"breadcrumb\":{\"@id\":\"https:\/\/vapingnet.de\/vape\/vape-deal-des-jahres-strawberry-kiwi-von-waspe-20000-grosshandel-moeglich\/#breadcrumb\"},\"inLanguage\":\"lt-LT\",\"potentialAction\":[{\"@type\":\"ReadAction\",\"target\":[\"https:\/\/vapingnet.de\/vape\/vape-deal-des-jahres-strawberry-kiwi-von-waspe-20000-grosshandel-moeglich\/\"]}]},{\"@type\":\"ImageObject\",\"inLanguage\":\"lt-LT\",\"@id\":\"https:\/\/vapingnet.de\/vape\/vape-deal-des-jahres-strawberry-kiwi-von-waspe-20000-grosshandel-moeglich\/#primaryimage\",\"url\":\"https:\/\/vapingnet.de\/wp-content\/uploads\/2025\/05\/Strawberry-Kiwi-1.webp\",\"contentUrl\":\"https:\/\/vapingnet.de\/wp-content\/uploads\/2025\/05\/Strawberry-Kiwi-1.webp\",\"width\":1000,\"height\":1000},{\"@type\":\"BreadcrumbList\",\"@id\":\"https:\/\/vapingnet.de\/vape\/vape-deal-des-jahres-strawberry-kiwi-von-waspe-20000-grosshandel-moeglich\/#breadcrumb\",\"itemListElement\":[{\"@type\":\"ListItem\",\"position\":1,\"name\":\"Home\",\"item\":\"https:\/\/vapingnet.de\/\"},{\"@type\":\"ListItem\",\"position\":2,\"name\":\"Shop\",\"item\":\"https:\/\/vapingnet.de\/vape\/\"},{\"@type\":\"ListItem\",\"position\":3,\"name\":\"Vape Deal Des Jahres Strawberry Kiwi Von WASPE 20000 Gro\u00dfhandel M\u00f6glich\"}]},{\"@type\":\"WebSite\",\"@id\":\"https:\/\/vapingnet.de\/#website\",\"url\":\"https:\/\/vapingnet.de\/\",\"name\":\"Vapingnet.de\",\"description\":\"\",\"publisher\":{\"@id\":\"https:\/\/vapingnet.de\/#organization\"},\"potentialAction\":[{\"@type\":\"SearchAction\",\"target\":{\"@type\":\"EntryPoint\",\"urlTemplate\":\"https:\/\/vapingnet.de\/?s={search_term_string}\"},\"query-input\":{\"@type\":\"PropertyValueSpecification\",\"valueRequired\":true,\"valueName\":\"search_term_string\"}}],\"inLanguage\":\"lt-LT\"},{\"@type\":\"Organization\",\"@id\":\"https:\/\/vapingnet.de\/#organization\",\"name\":\"Vapingnet.de\",\"url\":\"https:\/\/vapingnet.de\/\",\"logo\":{\"@type\":\"ImageObject\",\"inLanguage\":\"lt-LT\",\"@id\":\"https:\/\/vapingnet.de\/#\/schema\/logo\/image\/\",\"url\":\"https:\/\/vapingnet.de\/wp-content\/uploads\/2025\/03\/cropped-vapingnet.de_.jpg\",\"contentUrl\":\"https:\/\/vapingnet.de\/wp-content\/uploads\/2025\/03\/cropped-vapingnet.de_.jpg\",\"width\":512,\"height\":512,\"caption\":\"Vapingnet.de\"},\"image\":{\"@id\":\"https:\/\/vapingnet.de\/#\/schema\/logo\/image\/\"},\"sameAs\":[\"https:\/\/www.facebook.com\/vapingnetde\/\"]}]}<\/script>\n<!-- \/ Yoast SEO plugin. -->","yoast_head_json":{"title":"Vape Deal Des Jahres Strawberry Kiwi Von WASPE 20000 Gro\u00dfhandel M\u00f6glich | Vapingnet.de","description":"Entdecke Vape Deal Des Jahres Strawberry Kiwi Von WASPE 20000 Gro\u00dfhandel M\u00f6glich bei vapingnet.de, \u25ba Gro\u00dfe Auswahl an Geschmacksrichtungen & super g\u00fcnstig!","robots":{"index":"index","follow":"follow","max-snippet":"max-snippet:-1","max-image-preview":"max-image-preview:large","max-video-preview":"max-video-preview:-1"},"canonical":"https:\/\/vapingnet.de\/lt\/vape\/vape-deal-des-jahres-strawberry-kiwi-von-waspe-20000-grosshandel-moeglich\/","og_locale":"lt_LT","og_type":"article","og_title":"Vape Deal Des Jahres Strawberry Kiwi Von WASPE 20000 Gro\u00dfhandel M\u00f6glich | Vapingnet.de","og_description":"Entdecke Vape Deal Des Jahres Strawberry Kiwi Von WASPE 20000 Gro\u00dfhandel M\u00f6glich bei vapingnet.de, \u25ba Gro\u00dfe Auswahl an Geschmacksrichtungen & super g\u00fcnstig!","og_url":"https:\/\/vapingnet.de\/lt\/vape\/vape-deal-des-jahres-strawberry-kiwi-von-waspe-20000-grosshandel-moeglich\/","og_site_name":"Vapingnet.de","article_publisher":"https:\/\/www.facebook.com\/vapingnetde\/","article_modified_time":"2025-06-19T03:44:58+00:00","og_image":[{"width":1000,"height":1000,"url":"https:\/\/vapingnet.de\/wp-content\/uploads\/2025\/05\/Strawberry-Kiwi-1.webp","type":"image\/webp"}],"twitter_card":"summary_large_image","twitter_misc":{"Est. reading time":"2 minutes"},"schema":{"@context":"https:\/\/schema.org","@graph":[{"@type":"WebPage","@id":"https:\/\/vapingnet.de\/vape\/vape-deal-des-jahres-strawberry-kiwi-von-waspe-20000-grosshandel-moeglich\/","url":"https:\/\/vapingnet.de\/vape\/vape-deal-des-jahres-strawberry-kiwi-von-waspe-20000-grosshandel-moeglich\/","name":"Vape Deal Des Jahres Strawberry Kiwi Von WASPE 20000 Gro\u00dfhandel M\u00f6glich | Vapingnet.de","isPartOf":{"@id":"https:\/\/vapingnet.de\/#website"},"primaryImageOfPage":{"@id":"https:\/\/vapingnet.de\/vape\/vape-deal-des-jahres-strawberry-kiwi-von-waspe-20000-grosshandel-moeglich\/#primaryimage"},"image":{"@id":"https:\/\/vapingnet.de\/vape\/vape-deal-des-jahres-strawberry-kiwi-von-waspe-20000-grosshandel-moeglich\/#primaryimage"},"thumbnailUrl":"https:\/\/vapingnet.de\/wp-content\/uploads\/2025\/05\/Strawberry-Kiwi-1.webp","datePublished":"2025-05-06T02:51:01+00:00","dateModified":"2025-06-19T03:44:58+00:00","description":"Entdecke Vape Deal Des Jahres Strawberry Kiwi Von WASPE 20000 Gro\u00dfhandel M\u00f6glich bei vapingnet.de, \u25ba Gro\u00dfe Auswahl an Geschmacksrichtungen & super g\u00fcnstig!","breadcrumb":{"@id":"https:\/\/vapingnet.de\/vape\/vape-deal-des-jahres-strawberry-kiwi-von-waspe-20000-grosshandel-moeglich\/#breadcrumb"},"inLanguage":"lt-LT","potentialAction":[{"@type":"ReadAction","target":["https:\/\/vapingnet.de\/vape\/vape-deal-des-jahres-strawberry-kiwi-von-waspe-20000-grosshandel-moeglich\/"]}]},{"@type":"ImageObject","inLanguage":"lt-LT","@id":"https:\/\/vapingnet.de\/vape\/vape-deal-des-jahres-strawberry-kiwi-von-waspe-20000-grosshandel-moeglich\/#primaryimage","url":"https:\/\/vapingnet.de\/wp-content\/uploads\/2025\/05\/Strawberry-Kiwi-1.webp","contentUrl":"https:\/\/vapingnet.de\/wp-content\/uploads\/2025\/05\/Strawberry-Kiwi-1.webp","width":1000,"height":1000},{"@type":"BreadcrumbList","@id":"https:\/\/vapingnet.de\/vape\/vape-deal-des-jahres-strawberry-kiwi-von-waspe-20000-grosshandel-moeglich\/#breadcrumb","itemListElement":[{"@type":"ListItem","position":1,"name":"Home","item":"https:\/\/vapingnet.de\/"},{"@type":"ListItem","position":2,"name":"Shop","item":"https:\/\/vapingnet.de\/vape\/"},{"@type":"ListItem","position":3,"name":"Vape Deal Des Jahres Strawberry Kiwi Von WASPE 20000 Gro\u00dfhandel M\u00f6glich"}]},{"@type":"WebSite","@id":"https:\/\/vapingnet.de\/#website","url":"https:\/\/vapingnet.de\/","name":"Vapingnet.de","description":"","publisher":{"@id":"https:\/\/vapingnet.de\/#organization"},"potentialAction":[{"@type":"SearchAction","target":{"@type":"EntryPoint","urlTemplate":"https:\/\/vapingnet.de\/?s={search_term_string}"},"query-input":{"@type":"PropertyValueSpecification","valueRequired":true,"valueName":"search_term_string"}}],"inLanguage":"lt-LT"},{"@type":"Organization","@id":"https:\/\/vapingnet.de\/#organization","name":"Vapingnet.de","url":"https:\/\/vapingnet.de\/","logo":{"@type":"ImageObject","inLanguage":"lt-LT","@id":"https:\/\/vapingnet.de\/#\/schema\/logo\/image\/","url":"https:\/\/vapingnet.de\/wp-content\/uploads\/2025\/03\/cropped-vapingnet.de_.jpg","contentUrl":"https:\/\/vapingnet.de\/wp-content\/uploads\/2025\/03\/cropped-vapingnet.de_.jpg","width":512,"height":512,"caption":"Vapingnet.de"},"image":{"@id":"https:\/\/vapingnet.de\/#\/schema\/logo\/image\/"},"sameAs":["https:\/\/www.facebook.com\/vapingnetde\/"]}]}},"tiered_pricing_type":"fixed","tiered_pricing_fixed_rules":{"10":"9.11","60":"8.20","110":"7.29","200":"6.38"},"tiered_pricing_product_settings":{"layout":"default","base_unit_name":{"singular":null,"plural":null},"default_variation":null},"tiered_pricing_minimum_quantity":null,"tiered_pricing_roles_data":[],"tiered_pricing_percentage_rules":[],"_links":{"self":[{"href":"https:\/\/vapingnet.de\/lt\/wp-json\/wp\/v2\/product\/6811","targetHints":{"allow":["GET"]}}],"collection":[{"href":"https:\/\/vapingnet.de\/lt\/wp-json\/wp\/v2\/product"}],"about":[{"href":"https:\/\/vapingnet.de\/lt\/wp-json\/wp\/v2\/types\/product"}],"version-history":[{"count":1,"href":"https:\/\/vapingnet.de\/lt\/wp-json\/wp\/v2\/product\/6811\/revisions"}],"predecessor-version":[{"id":6818,"href":"https:\/\/vapingnet.de\/lt\/wp-json\/wp\/v2\/product\/6811\/revisions\/6818"}],"wp:featuredmedia":[{"embeddable":true,"href":"https:\/\/vapingnet.de\/lt\/wp-json\/wp\/v2\/media\/6785"}],"wp:attachment":[{"href":"https:\/\/vapingnet.de\/lt\/wp-json\/wp\/v2\/media?parent=6811"}],"wp:term":[{"taxonomy":"brand","embeddable":true,"href":"https:\/\/vapingnet.de\/lt\/wp-json\/wp\/v2\/etheme_brands?post=6811"},{"taxonomy":"product_brand","embeddable":true,"href":"https:\/\/vapingnet.de\/lt\/wp-json\/wp\/v2\/product_brand?post=6811"},{"taxonomy":"product_cat","embeddable":true,"href":"https:\/\/vapingnet.de\/lt\/wp-json\/wp\/v2\/product_cat?post=6811"},{"taxonomy":"product_tag","embeddable":true,"href":"https:\/\/vapingnet.de\/lt\/wp-json\/wp\/v2\/product_tag?post=6811"}],"curies":[{"name":"wp","href":"https:\/\/api.w.org\/{rel}","templated":true}]}}