{"id":6952,"date":"2025-05-26T03:44:07","date_gmt":"2025-05-26T03:44:07","guid":{"rendered":"https:\/\/vapingnet.de\/?post_type=product&#038;p=6952"},"modified":"2025-06-19T03:39:21","modified_gmt":"2025-06-19T03:39:21","slug":"geniesse-12000-puff-mit-strawberry-juice-vom-bang-box-disposable","status":"publish","type":"product","link":"https:\/\/vapingnet.de\/lt\/vape\/geniesse-12000-puff-mit-strawberry-juice-vom-bang-box-disposable\/","title":{"rendered":"M\u0117gaukis 12000 p\u016btimo su Bra\u0161k\u0117s sultimis i\u0161 Bang Box Disposable"},"content":{"rendered":"<h2 data-start=\"92\" data-end=\"174\">Bra\u0161k\u0117li\u0173 sul\u010di\u0173 malonumas kiekviename \u012fkv\u0117pime \u2013 Bang Box 12000 p\u016btimo Vape d\u0117mesio centre<\/h2>\n<p data-start=\"176\" data-end=\"482\" data-immersive-translate-walked=\"124614d6-6d68-4e16-9487-3b94686f4a79\" data-immersive-translate-paragraph=\"1\">Jei norite r\u016bkyti su sodriu skoniu, modernia technika ir i\u0161skirtiniu na\u0161umu, tuomet b\u016btinai susipa\u017einkite su Bang Box 12000 p\u016btimo. \u0160i vienkartin\u0117 elektronin\u0117 cigaret\u0117 sujungia intensyv\u0173 aromat\u0105 su eleganti\u0161ku dizainu \u2013 patirtis, kurios nepamir\u0161ite taip lengvai.<\/p>\n<h3 data-start=\"489\" data-end=\"538\" data-immersive-translate-walked=\"124614d6-6d68-4e16-9487-3b94686f4a79\">Kas daro Bang Box 12000 ypatinga?<\/h3>\n<p data-start=\"540\" data-end=\"970\" data-immersive-translate-walked=\"124614d6-6d68-4e16-9487-3b94686f4a79\" data-immersive-translate-paragraph=\"1\">Su \u012fsp\u016bdingu 12 000 \u012fkv\u0117pim\u0173, Bang Box si\u016blo nepaprastai ilg\u0105 naudojimo patirt\u012f \u2013 ideali daug r\u016bkan\u010di\u0173j\u0173 ar patikimo palydovo kelion\u0117se. Skirtingai nuo daugelio klasikini\u0173 vienkartini\u0173 modeli\u0173, ji turi 650mAh akumuliatori\u0173, kur\u012f patogu \u012fkrauti per modern\u0173 Type-C jungt\u012f. Taip vienkartin\u0117 cigaret\u0117 neb\u0117ra vienkartin\u0117 \u2013 tai privalumas tvarumo ir patogumo po\u017ei\u016briu.<\/p>\n<p data-start=\"972\" data-end=\"1180\" data-immersive-translate-walked=\"124614d6-6d68-4e16-9487-3b94686f4a79\" data-immersive-translate-paragraph=\"1\">Integruotas 0,8 Ohm tinklinis rit\u0117 u\u017etikrina tolyg\u0173 \u0161ilumos paskirstym\u0105, intensyv\u0173 skon\u012f ir tank\u0173, \u0161veln\u0173 gar\u0105. Kiekvienas \u012fkv\u0117pimas tampa pilno aromato patirtimi \u2013 nuosekliai iki paskutinio \u012fkv\u0117pimo.<\/p>\n<h4 data-start=\"1187\" data-end=\"1225\" data-immersive-translate-walked=\"124614d6-6d68-4e16-9487-3b94686f4a79\">Skonis: Bra\u0161k\u0117li\u0173 sultys<\/h4>\n<p data-start=\"1227\" data-end=\"1486\" data-immersive-translate-walked=\"124614d6-6d68-4e16-9487-3b94686f4a79\" data-immersive-translate-paragraph=\"1\">Tikras akcentas \u2013 bra\u0161k\u0117li\u0173 sultys \u2013 sultingos, sald\u017eios ir kartu nuostabiai gaivios. \u0160is skonis primena \u0161vie\u017eiai spaustas bra\u0161ki\u0173 sultis, su subtiliu vaisi\u0173 atspalviu ir lengva saldumo gaidele, kuri n\u0117ra per dirbtin\u0117 ar per sunki.<\/p>\n<p data-start=\"1488\" data-end=\"1673\" data-immersive-translate-walked=\"124614d6-6d68-4e16-9487-3b94686f4a79\" data-immersive-translate-paragraph=\"1\">I\u0161kv\u0117pimo metu lieka malonus poskonis ant lie\u017euvio, kuris skatina nor\u0105 \u012fkv\u0117pti dar kart\u0105. Vaisi\u0173 vape m\u0117g\u0117jams bra\u0161k\u0117li\u0173 sultys yra tikras privalomas i\u0161bandyti skonis.<\/p>\n<h4 data-start=\"1680\" data-end=\"1721\" data-immersive-translate-walked=\"124614d6-6d68-4e16-9487-3b94686f4a79\">Kiti akcentai i\u0161 karto<\/h4>\n<ul data-start=\"1723\" data-end=\"2118\" data-immersive-translate-walked=\"124614d6-6d68-4e16-9487-3b94686f4a79\">\n<li data-start=\"1723\" data-end=\"1804\" data-immersive-translate-walked=\"124614d6-6d68-4e16-9487-3b94686f4a79\">\n<p data-start=\"1725\" data-end=\"1804\" data-immersive-translate-walked=\"124614d6-6d68-4e16-9487-3b94686f4a79\" data-immersive-translate-paragraph=\"1\">20 ml elektroninio skys\u010dio: dosni talpa ilgam ir nuosekliam aromatui<\/p>\n<\/li>\n<li data-start=\"1805\" data-end=\"1886\" data-immersive-translate-walked=\"124614d6-6d68-4e16-9487-3b94686f4a79\">\n<p data-start=\"1807\" data-end=\"1886\" data-immersive-translate-walked=\"124614d6-6d68-4e16-9487-3b94686f4a79\" data-immersive-translate-paragraph=\"1\">Nikotin\u0173 kiekis: prieinamas su 2 % arba 5 %, priklausomai nuo individuali\u0173 pageidavim\u0173<\/p>\n<\/li>\n<li data-start=\"1887\" data-end=\"1951\" data-immersive-translate-walked=\"124614d6-6d68-4e16-9487-3b94686f4a79\">\n<p data-start=\"1889\" data-end=\"1951\" data-immersive-translate-walked=\"124614d6-6d68-4e16-9487-3b94686f4a79\" data-immersive-translate-paragraph=\"1\">Svoris: 85 g \u2013 lengva ir kompakti\u0161ka, idealiai tinkama kelion\u0117ms<\/p>\n<\/li>\n<li data-start=\"1952\" data-end=\"2038\" data-immersive-translate-walked=\"124614d6-6d68-4e16-9487-3b94686f4a79\">\n<p data-start=\"1954\" data-end=\"2038\" data-immersive-translate-walked=\"124614d6-6d68-4e16-9487-3b94686f4a79\" data-immersive-translate-paragraph=\"1\">LED spalvotas ap\u0161vietimas: suteikia vizualini\u0173 akcent\u0173 ir stilingai rodo veikimo b\u016bsen\u0105<\/p>\n<\/li>\n<li data-start=\"2039\" data-end=\"2118\" data-immersive-translate-walked=\"124614d6-6d68-4e16-9487-3b94686f4a79\">\n<p data-start=\"2041\" data-end=\"2118\" data-immersive-translate-walked=\"124614d6-6d68-4e16-9487-3b94686f4a79\" data-immersive-translate-paragraph=\"1\">Paruo\u0161ta naudoti: nereikia papildyti ar reguliuoti \u2013 i\u0161pakuokite ir prad\u0117kite<\/p>\n<\/li>\n<\/ul>\n<h4 data-start=\"2125\" data-end=\"2137\" data-immersive-translate-walked=\"124614d6-6d68-4e16-9487-3b94686f4a79\">Daugiau nei vienkartin\u0117 vape \u2013 Bang Box kasdienio naudojimo testas<\/h4>\n<p data-start=\"2139\" data-end=\"2387\" data-immersive-translate-walked=\"124614d6-6d68-4e16-9487-3b94686f4a79\" data-immersive-translate-paragraph=\"1\">Bang Box 12000 p\u016btimo yra ideali kombinacija stiliaus, funkcionalumo ir skonio. Ji sujungia moderni\u0105 technik\u0105 su paprasta valdymu ir suteikia i\u0161skirtinai intensyvi\u0105 r\u016bkomo patirt\u012f \u2013 puikiai tinka tiems, kurie tikisi daugiau i\u0161 savo vape.<\/p>\n<p data-start=\"2389\" data-end=\"2580\" data-immersive-translate-walked=\"124614d6-6d68-4e16-9487-3b94686f4a79\" data-immersive-translate-paragraph=\"1\">Ar keliaujant, ar namuose, kaip kasdien\u0117 vape ar vaisin\u0117 \u012fvairov\u0117 tarp kit\u0173: kas m\u0117gsta bra\u0161k\u0117li\u0173 sultis ir vertina patikim\u0105 kokyb\u0119, b\u016btinai \u012fsimyl\u0117s Bang Box.<\/p>","protected":false},"excerpt":{"rendered":"<p>Bra\u0161ki\u0173 sul\u010di\u0173 malonumas kiekviename \u012fkv\u0117pime \u2013 Bang Box 12000 Puff Vape d\u0117mesio centre. Jei m\u0117gstate sodr\u0173 skon\u012f, moderni\u0105 technik\u0105 ir...<\/p>","protected":false},"featured_media":6959,"template":"","meta":[],"etheme_brands":[],"product_brand":[101],"product_cat":[88],"product_tag":[],"class_list":{"0":"post-6952","1":"product","2":"type-product","3":"status-publish","4":"has-post-thumbnail","6":"product_brand-bang-king-vape","7":"product_cat-12k-vape","9":"first","10":"instock","11":"shipping-taxable","12":"purchasable","13":"product-type-simple"},"yoast_head":"<!-- This site is optimized with the Yoast SEO plugin v26.5 - https:\/\/yoast.com\/wordpress\/plugins\/seo\/ -->\n<title>Genie\u00dfe 12000 Puff mit Strawberry Juice vom Bang Box Disposable | Vapingnet.de<\/title>\n<meta name=\"description\" content=\"Entdecke Genie\u00dfe 12000 Puff mit Strawberry Juice vom Bang Box Disposable bei vapingnet.de, \u25ba Gro\u00dfe Auswahl an Geschmacksrichtungen &amp; super g\u00fcnstig!\" \/>\n<meta name=\"robots\" content=\"index, follow, max-snippet:-1, max-image-preview:large, max-video-preview:-1\" \/>\n<link rel=\"canonical\" href=\"https:\/\/vapingnet.de\/lt\/vape\/geniesse-12000-puff-mit-strawberry-juice-vom-bang-box-disposable\/\" \/>\n<meta property=\"og:locale\" content=\"lt_LT\" \/>\n<meta property=\"og:type\" content=\"article\" \/>\n<meta property=\"og:title\" content=\"Genie\u00dfe 12000 Puff mit Strawberry Juice vom Bang Box Disposable | Vapingnet.de\" \/>\n<meta property=\"og:description\" content=\"Entdecke Genie\u00dfe 12000 Puff mit Strawberry Juice vom Bang Box Disposable bei vapingnet.de, \u25ba Gro\u00dfe Auswahl an Geschmacksrichtungen &amp; super g\u00fcnstig!\" \/>\n<meta property=\"og:url\" content=\"https:\/\/vapingnet.de\/lt\/vape\/geniesse-12000-puff-mit-strawberry-juice-vom-bang-box-disposable\/\" \/>\n<meta property=\"og:site_name\" content=\"Vapingnet.de\" \/>\n<meta property=\"article:publisher\" content=\"https:\/\/www.facebook.com\/vapingnetde\/\" \/>\n<meta property=\"article:modified_time\" content=\"2025-06-19T03:39:21+00:00\" \/>\n<meta property=\"og:image\" content=\"https:\/\/vapingnet.de\/wp-content\/uploads\/2025\/05\/Strawberry-Juice.webp\" \/>\n\t<meta property=\"og:image:width\" content=\"1000\" \/>\n\t<meta property=\"og:image:height\" content=\"1000\" \/>\n\t<meta property=\"og:image:type\" content=\"image\/webp\" \/>\n<meta name=\"twitter:card\" content=\"summary_large_image\" \/>\n<meta name=\"twitter:label1\" content=\"Est. reading time\" \/>\n\t<meta name=\"twitter:data1\" content=\"3 minutes\" \/>\n<script type=\"application\/ld+json\" class=\"yoast-schema-graph\">{\"@context\":\"https:\/\/schema.org\",\"@graph\":[{\"@type\":\"WebPage\",\"@id\":\"https:\/\/vapingnet.de\/vape\/geniesse-12000-puff-mit-strawberry-juice-vom-bang-box-disposable\/\",\"url\":\"https:\/\/vapingnet.de\/vape\/geniesse-12000-puff-mit-strawberry-juice-vom-bang-box-disposable\/\",\"name\":\"Genie\u00dfe 12000 Puff mit Strawberry Juice vom Bang Box Disposable | Vapingnet.de\",\"isPartOf\":{\"@id\":\"https:\/\/vapingnet.de\/#website\"},\"primaryImageOfPage\":{\"@id\":\"https:\/\/vapingnet.de\/vape\/geniesse-12000-puff-mit-strawberry-juice-vom-bang-box-disposable\/#primaryimage\"},\"image\":{\"@id\":\"https:\/\/vapingnet.de\/vape\/geniesse-12000-puff-mit-strawberry-juice-vom-bang-box-disposable\/#primaryimage\"},\"thumbnailUrl\":\"https:\/\/vapingnet.de\/wp-content\/uploads\/2025\/05\/Strawberry-Juice.webp\",\"datePublished\":\"2025-05-26T03:44:07+00:00\",\"dateModified\":\"2025-06-19T03:39:21+00:00\",\"description\":\"Entdecke Genie\u00dfe 12000 Puff mit Strawberry Juice vom Bang Box Disposable bei vapingnet.de, \u25ba Gro\u00dfe Auswahl an Geschmacksrichtungen & super g\u00fcnstig!\",\"breadcrumb\":{\"@id\":\"https:\/\/vapingnet.de\/vape\/geniesse-12000-puff-mit-strawberry-juice-vom-bang-box-disposable\/#breadcrumb\"},\"inLanguage\":\"lt-LT\",\"potentialAction\":[{\"@type\":\"ReadAction\",\"target\":[\"https:\/\/vapingnet.de\/vape\/geniesse-12000-puff-mit-strawberry-juice-vom-bang-box-disposable\/\"]}]},{\"@type\":\"ImageObject\",\"inLanguage\":\"lt-LT\",\"@id\":\"https:\/\/vapingnet.de\/vape\/geniesse-12000-puff-mit-strawberry-juice-vom-bang-box-disposable\/#primaryimage\",\"url\":\"https:\/\/vapingnet.de\/wp-content\/uploads\/2025\/05\/Strawberry-Juice.webp\",\"contentUrl\":\"https:\/\/vapingnet.de\/wp-content\/uploads\/2025\/05\/Strawberry-Juice.webp\",\"width\":1000,\"height\":1000},{\"@type\":\"BreadcrumbList\",\"@id\":\"https:\/\/vapingnet.de\/vape\/geniesse-12000-puff-mit-strawberry-juice-vom-bang-box-disposable\/#breadcrumb\",\"itemListElement\":[{\"@type\":\"ListItem\",\"position\":1,\"name\":\"Home\",\"item\":\"https:\/\/vapingnet.de\/\"},{\"@type\":\"ListItem\",\"position\":2,\"name\":\"Shop\",\"item\":\"https:\/\/vapingnet.de\/vape\/\"},{\"@type\":\"ListItem\",\"position\":3,\"name\":\"Genie\u00dfe 12000 Puff mit Strawberry Juice vom Bang Box Disposable\"}]},{\"@type\":\"WebSite\",\"@id\":\"https:\/\/vapingnet.de\/#website\",\"url\":\"https:\/\/vapingnet.de\/\",\"name\":\"Vapingnet.de\",\"description\":\"\",\"publisher\":{\"@id\":\"https:\/\/vapingnet.de\/#organization\"},\"potentialAction\":[{\"@type\":\"SearchAction\",\"target\":{\"@type\":\"EntryPoint\",\"urlTemplate\":\"https:\/\/vapingnet.de\/?s={search_term_string}\"},\"query-input\":{\"@type\":\"PropertyValueSpecification\",\"valueRequired\":true,\"valueName\":\"search_term_string\"}}],\"inLanguage\":\"lt-LT\"},{\"@type\":\"Organization\",\"@id\":\"https:\/\/vapingnet.de\/#organization\",\"name\":\"Vapingnet.de\",\"url\":\"https:\/\/vapingnet.de\/\",\"logo\":{\"@type\":\"ImageObject\",\"inLanguage\":\"lt-LT\",\"@id\":\"https:\/\/vapingnet.de\/#\/schema\/logo\/image\/\",\"url\":\"https:\/\/vapingnet.de\/wp-content\/uploads\/2025\/03\/cropped-vapingnet.de_.jpg\",\"contentUrl\":\"https:\/\/vapingnet.de\/wp-content\/uploads\/2025\/03\/cropped-vapingnet.de_.jpg\",\"width\":512,\"height\":512,\"caption\":\"Vapingnet.de\"},\"image\":{\"@id\":\"https:\/\/vapingnet.de\/#\/schema\/logo\/image\/\"},\"sameAs\":[\"https:\/\/www.facebook.com\/vapingnetde\/\"]}]}<\/script>\n<!-- \/ Yoast SEO plugin. -->","yoast_head_json":{"title":"Genie\u00dfe 12000 Puff mit Strawberry Juice vom Bang Box Disposable | Vapingnet.de","description":"Entdecke Genie\u00dfe 12000 Puff mit Strawberry Juice vom Bang Box Disposable bei vapingnet.de, \u25ba Gro\u00dfe Auswahl an Geschmacksrichtungen & super g\u00fcnstig!","robots":{"index":"index","follow":"follow","max-snippet":"max-snippet:-1","max-image-preview":"max-image-preview:large","max-video-preview":"max-video-preview:-1"},"canonical":"https:\/\/vapingnet.de\/lt\/vape\/geniesse-12000-puff-mit-strawberry-juice-vom-bang-box-disposable\/","og_locale":"lt_LT","og_type":"article","og_title":"Genie\u00dfe 12000 Puff mit Strawberry Juice vom Bang Box Disposable | Vapingnet.de","og_description":"Entdecke Genie\u00dfe 12000 Puff mit Strawberry Juice vom Bang Box Disposable bei vapingnet.de, \u25ba Gro\u00dfe Auswahl an Geschmacksrichtungen & super g\u00fcnstig!","og_url":"https:\/\/vapingnet.de\/lt\/vape\/geniesse-12000-puff-mit-strawberry-juice-vom-bang-box-disposable\/","og_site_name":"Vapingnet.de","article_publisher":"https:\/\/www.facebook.com\/vapingnetde\/","article_modified_time":"2025-06-19T03:39:21+00:00","og_image":[{"width":1000,"height":1000,"url":"https:\/\/vapingnet.de\/wp-content\/uploads\/2025\/05\/Strawberry-Juice.webp","type":"image\/webp"}],"twitter_card":"summary_large_image","twitter_misc":{"Est. reading time":"3 minutes"},"schema":{"@context":"https:\/\/schema.org","@graph":[{"@type":"WebPage","@id":"https:\/\/vapingnet.de\/vape\/geniesse-12000-puff-mit-strawberry-juice-vom-bang-box-disposable\/","url":"https:\/\/vapingnet.de\/vape\/geniesse-12000-puff-mit-strawberry-juice-vom-bang-box-disposable\/","name":"Genie\u00dfe 12000 Puff mit Strawberry Juice vom Bang Box Disposable | Vapingnet.de","isPartOf":{"@id":"https:\/\/vapingnet.de\/#website"},"primaryImageOfPage":{"@id":"https:\/\/vapingnet.de\/vape\/geniesse-12000-puff-mit-strawberry-juice-vom-bang-box-disposable\/#primaryimage"},"image":{"@id":"https:\/\/vapingnet.de\/vape\/geniesse-12000-puff-mit-strawberry-juice-vom-bang-box-disposable\/#primaryimage"},"thumbnailUrl":"https:\/\/vapingnet.de\/wp-content\/uploads\/2025\/05\/Strawberry-Juice.webp","datePublished":"2025-05-26T03:44:07+00:00","dateModified":"2025-06-19T03:39:21+00:00","description":"Entdecke Genie\u00dfe 12000 Puff mit Strawberry Juice vom Bang Box Disposable bei vapingnet.de, \u25ba Gro\u00dfe Auswahl an Geschmacksrichtungen & super g\u00fcnstig!","breadcrumb":{"@id":"https:\/\/vapingnet.de\/vape\/geniesse-12000-puff-mit-strawberry-juice-vom-bang-box-disposable\/#breadcrumb"},"inLanguage":"lt-LT","potentialAction":[{"@type":"ReadAction","target":["https:\/\/vapingnet.de\/vape\/geniesse-12000-puff-mit-strawberry-juice-vom-bang-box-disposable\/"]}]},{"@type":"ImageObject","inLanguage":"lt-LT","@id":"https:\/\/vapingnet.de\/vape\/geniesse-12000-puff-mit-strawberry-juice-vom-bang-box-disposable\/#primaryimage","url":"https:\/\/vapingnet.de\/wp-content\/uploads\/2025\/05\/Strawberry-Juice.webp","contentUrl":"https:\/\/vapingnet.de\/wp-content\/uploads\/2025\/05\/Strawberry-Juice.webp","width":1000,"height":1000},{"@type":"BreadcrumbList","@id":"https:\/\/vapingnet.de\/vape\/geniesse-12000-puff-mit-strawberry-juice-vom-bang-box-disposable\/#breadcrumb","itemListElement":[{"@type":"ListItem","position":1,"name":"Home","item":"https:\/\/vapingnet.de\/"},{"@type":"ListItem","position":2,"name":"Shop","item":"https:\/\/vapingnet.de\/vape\/"},{"@type":"ListItem","position":3,"name":"Genie\u00dfe 12000 Puff mit Strawberry Juice vom Bang Box Disposable"}]},{"@type":"WebSite","@id":"https:\/\/vapingnet.de\/#website","url":"https:\/\/vapingnet.de\/","name":"Vapingnet.de","description":"","publisher":{"@id":"https:\/\/vapingnet.de\/#organization"},"potentialAction":[{"@type":"SearchAction","target":{"@type":"EntryPoint","urlTemplate":"https:\/\/vapingnet.de\/?s={search_term_string}"},"query-input":{"@type":"PropertyValueSpecification","valueRequired":true,"valueName":"search_term_string"}}],"inLanguage":"lt-LT"},{"@type":"Organization","@id":"https:\/\/vapingnet.de\/#organization","name":"Vapingnet.de","url":"https:\/\/vapingnet.de\/","logo":{"@type":"ImageObject","inLanguage":"lt-LT","@id":"https:\/\/vapingnet.de\/#\/schema\/logo\/image\/","url":"https:\/\/vapingnet.de\/wp-content\/uploads\/2025\/03\/cropped-vapingnet.de_.jpg","contentUrl":"https:\/\/vapingnet.de\/wp-content\/uploads\/2025\/03\/cropped-vapingnet.de_.jpg","width":512,"height":512,"caption":"Vapingnet.de"},"image":{"@id":"https:\/\/vapingnet.de\/#\/schema\/logo\/image\/"},"sameAs":["https:\/\/www.facebook.com\/vapingnetde\/"]}]}},"tiered_pricing_type":"fixed","tiered_pricing_fixed_rules":{"10":"7.31","60":"6.58","110":"5.85","200":"5.12"},"tiered_pricing_product_settings":{"layout":"default","base_unit_name":{"singular":null,"plural":null},"default_variation":null},"tiered_pricing_minimum_quantity":null,"tiered_pricing_roles_data":[],"tiered_pricing_percentage_rules":[],"_links":{"self":[{"href":"https:\/\/vapingnet.de\/lt\/wp-json\/wp\/v2\/product\/6952","targetHints":{"allow":["GET"]}}],"collection":[{"href":"https:\/\/vapingnet.de\/lt\/wp-json\/wp\/v2\/product"}],"about":[{"href":"https:\/\/vapingnet.de\/lt\/wp-json\/wp\/v2\/types\/product"}],"version-history":[{"count":1,"href":"https:\/\/vapingnet.de\/lt\/wp-json\/wp\/v2\/product\/6952\/revisions"}],"predecessor-version":[{"id":6960,"href":"https:\/\/vapingnet.de\/lt\/wp-json\/wp\/v2\/product\/6952\/revisions\/6960"}],"wp:featuredmedia":[{"embeddable":true,"href":"https:\/\/vapingnet.de\/lt\/wp-json\/wp\/v2\/media\/6959"}],"wp:attachment":[{"href":"https:\/\/vapingnet.de\/lt\/wp-json\/wp\/v2\/media?parent=6952"}],"wp:term":[{"taxonomy":"brand","embeddable":true,"href":"https:\/\/vapingnet.de\/lt\/wp-json\/wp\/v2\/etheme_brands?post=6952"},{"taxonomy":"product_brand","embeddable":true,"href":"https:\/\/vapingnet.de\/lt\/wp-json\/wp\/v2\/product_brand?post=6952"},{"taxonomy":"product_cat","embeddable":true,"href":"https:\/\/vapingnet.de\/lt\/wp-json\/wp\/v2\/product_cat?post=6952"},{"taxonomy":"product_tag","embeddable":true,"href":"https:\/\/vapingnet.de\/lt\/wp-json\/wp\/v2\/product_tag?post=6952"}],"curies":[{"name":"wp","href":"https:\/\/api.w.org\/{rel}","templated":true}]}}