{"id":6953,"date":"2025-05-26T03:44:10","date_gmt":"2025-05-26T03:44:10","guid":{"rendered":"https:\/\/vapingnet.de\/?post_type=product&#038;p=6953"},"modified":"2025-06-19T03:39:21","modified_gmt":"2025-06-19T03:39:21","slug":"watermelon-bubble-gum-trifft-auf-bang-box-12000-puff-disposable-genuss","status":"publish","type":"product","link":"https:\/\/vapingnet.de\/lt\/vape\/watermelon-bubble-gum-trifft-auf-bang-box-12000-puff-disposable-genuss\/","title":{"rendered":"Vynuog\u0117s arb\u016bzo burbuliukas susitinka su Bang Box 12000 p\u016btimo Disposable malonumu"},"content":{"rendered":"<h2 data-start=\"85\" data-end=\"161\">Kod\u0117l Bang Box 12000 yra ideali vienkartin\u0117 elektronin\u0117 cigaret\u0117 tau?<\/h2>\n<p data-start=\"206\" data-end=\"595\">Bang Box 12000 yra auk\u0161tos kokyb\u0117s <a href=\"https:\/\/vapingnet.de\/lt\/k\/einweg-e-zigarette\/\" target=\"_blank\" rel=\"noopener\"><strong>Vienkartin\u0117 elektronin\u0117 cigaret\u0117<\/strong><\/a>, sukurta reikliems garintojams. Ji jungia stiling\u0105 dizain\u0105 su pa\u017eangia technika ir \u012ftikina iki 12 000 \u012fkv\u0117pim\u0173 \u2013 daugiau nei pakankamai dien\u0173 garinimo malonumui. Jos \u012fkraunama sistema i\u0161skiria j\u0105 i\u0161 klasikini\u0173 vienkartini\u0173 modeli\u0173 ir daro tvari\u0105 pasirinkim\u0105 vape srityje.<\/p>\n<h4 data-start=\"602\" data-end=\"640\">Kas j\u0105 technologi\u0161kai i\u0161skiria?<\/h4>\n<p data-start=\"642\" data-end=\"806\">Bang Box yra daug daugiau nei paprasta vienkartin\u0117 vape. Ji \u012ftikina technin\u0117mis savyb\u0117mis, kurias paprastai rasite tik profesionaliuose \u012frenginiuose:<\/p>\n<ul data-start=\"808\" data-end=\"1320\">\n<li data-start=\"808\" data-end=\"887\">\n<p data-start=\"810\" data-end=\"887\">Type-C \u012fkrovimo jungtis \u2013 leid\u017eia greit\u0105 ir efektyv\u0173 pakrovim\u0105<\/p>\n<\/li>\n<li data-start=\"888\" data-end=\"967\">\n<p data-start=\"890\" data-end=\"967\">650mAh akumuliatorius \u2013 u\u017etikrina nuolatin\u012f garavimo na\u0161um\u0105 net ir ilgai naudojantis<\/p>\n<\/li>\n<li data-start=\"968\" data-end=\"1062\">\n<p data-start=\"970\" data-end=\"1062\">Didel\u0117 E-liquido talpa \u2013 20 ml \u2013 intensyviam ir ilgalaikiam skonio patyrimui<\/p>\n<\/li>\n<li data-start=\"1063\" data-end=\"1160\">\n<p data-start=\"1065\" data-end=\"1160\">0,8 Ohm Mesh Coil \u2013 garantuoja smulk\u0173, tolyg\u0173 garavim\u0105 su tobulai i\u0161siskleid\u017eian\u010diu aromatu<\/p>\n<\/li>\n<li data-start=\"1161\" data-end=\"1242\">\n<p data-start=\"1163\" data-end=\"1242\">LED spalvotas ap\u0161vietimas \u012fkv\u0117pimo metu \u2013 \u0161iuolaikinis akcentas stilingam garinimui<\/p>\n<\/li>\n<li data-start=\"1243\" data-end=\"1320\">\n<p data-start=\"1245\" data-end=\"1320\">Lengvas \u2013 85 g svorio \u2013 puikiai tinka keliaujant, nejausite jo ki\u0161en\u0117je<\/p>\n<\/li>\n<\/ul>\n<h4 data-start=\"1327\" data-end=\"1372\"><img fetchpriority=\"high\" decoding=\"async\" class=\"size-full wp-image-6949 aligncenter\" src=\"https:\/\/vapingnet.de\/wp-content\/uploads\/2025\/05\/9563b0a8cb8b6cda1f6280cd978d050-scaled.jpg\" alt=\"\" width=\"2045\" height=\"2560\" srcset=\"https:\/\/vapingnet.de\/wp-content\/uploads\/2025\/05\/9563b0a8cb8b6cda1f6280cd978d050-scaled.jpg 2045w, https:\/\/vapingnet.de\/wp-content\/uploads\/2025\/05\/9563b0a8cb8b6cda1f6280cd978d050-240x300.jpg 240w, https:\/\/vapingnet.de\/wp-content\/uploads\/2025\/05\/9563b0a8cb8b6cda1f6280cd978d050-818x1024.jpg 818w, https:\/\/vapingnet.de\/wp-content\/uploads\/2025\/05\/9563b0a8cb8b6cda1f6280cd978d050-768x961.jpg 768w, https:\/\/vapingnet.de\/wp-content\/uploads\/2025\/05\/9563b0a8cb8b6cda1f6280cd978d050-1227x1536.jpg 1227w, https:\/\/vapingnet.de\/wp-content\/uploads\/2025\/05\/9563b0a8cb8b6cda1f6280cd978d050-1636x2048.jpg 1636w, https:\/\/vapingnet.de\/wp-content\/uploads\/2025\/05\/9563b0a8cb8b6cda1f6280cd978d050-600x751.jpg 600w, https:\/\/vapingnet.de\/wp-content\/uploads\/2025\/05\/9563b0a8cb8b6cda1f6280cd978d050-1x1.jpg 1w, https:\/\/vapingnet.de\/wp-content\/uploads\/2025\/05\/9563b0a8cb8b6cda1f6280cd978d050-8x10.jpg 8w\" sizes=\"(max-width: 2045px) 100vw, 2045px\" \/><\/h4>\n<h4 data-start=\"1327\" data-end=\"1372\">Kokie nikotino stiprumai yra prieinami?<\/h4>\n<p data-start=\"1374\" data-end=\"1444\">Bang Box 12000 si\u016blo lankstum\u0105 pagal asmeninius pageidavimus:<\/p>\n<ul data-start=\"1446\" data-end=\"1589\">\n<li data-start=\"1446\" data-end=\"1509\">\n<p data-start=\"1448\" data-end=\"1509\">2 % nikotinas \u2013 \u0161velniam, maloniam garinimo potyriui<\/p>\n<\/li>\n<li data-start=\"1510\" data-end=\"1589\">\n<p data-start=\"1512\" data-end=\"1589\">5 % nikotinas \u2013 patyrusiems naudotojams, kurie nori intensyvesnio poveikio<\/p>\n<\/li>\n<\/ul>\n<p data-start=\"1591\" data-end=\"1693\">\u0160ios galimyb\u0117s daro Bang Box \u012fdomi\u0105 tiek pradedantiesiems, tiek ilgalaikiams garintojams.<\/p>\n<h4 data-start=\"1700\" data-end=\"1749\">Kaip skamba Watermelon Bubble Gum skonis?<\/h4>\n<p data-start=\"1751\" data-end=\"2129\">Watermelon Bubble Gum yra \u017eaismingas, bet tobulai subalansuotas skonio derinys. \u0160vie\u017eias, sultingas arb\u016bzo skonis susitinka su sald\u017eia, \u0161iek tiek kremin\u0117s klasikin\u0117s gumos nata. Rezultatas \u2013 aromatingas intensyvus patyrimas, kuris yra tiek nostalgi\u0161kas, tiek modernus. Kiekvienas \u012fkv\u0117pimas jau\u010diasi kaip trumpa vasaros atostog\u0173 kelion\u0117.<\/p>\n<h3>Kam tinka Bang Box 12000?<\/h3>\n<p data-start=\"2181\" data-end=\"2278\">Bang Box tinka visiems, kurie ie\u0161ko paprastos, bet auk\u0161tos kokyb\u0117s Vape sprendimo:<\/p>\n<ul data-start=\"2280\" data-end=\"2558\">\n<li data-start=\"2280\" data-end=\"2371\">\n<p data-start=\"2282\" data-end=\"2371\">Pradedantieji naudotojai vertina paprast\u0105 valdym\u0105 be sud\u0117ting\u0173 nustatym\u0173<\/p>\n<\/li>\n<li data-start=\"2372\" data-end=\"2478\">\n<p data-start=\"2374\" data-end=\"2478\">Patyr\u0119 garintojai vertina didel\u012f na\u0161um\u0105, didel\u012f skys\u010dio kiek\u012f ir pakartotin\u012f \u012fkrovim\u0105<\/p>\n<\/li>\n<li data-start=\"2479\" data-end=\"2558\">\n<p data-start=\"2481\" data-end=\"2558\">M\u0117g\u0117jai gali m\u0117gautis i\u0161baigta aromat\u0173 deriniu<\/p>\n<\/li>\n<\/ul>\n<p data-start=\"2560\" data-end=\"2654\">Kelion\u0117je, namuose ar vakar\u0117liuose \u2013 Bang Box visada paruo\u0161ta naudoti ir patikima.<\/p>\n<h4>Ar verta \u012fsigyti Bang Box 12000?<\/h4>\n<p data-start=\"2704\" data-end=\"3036\">Bang Box 12000 su arb\u016bzo burbuliuk\u0173 gumos skoniu yra daugiau nei vienkartin\u0117 elektronin\u0117 cigaret\u0117. Ji sujungia kasdien\u012f patogum\u0105, skonio i\u0161skirtinum\u0105 ir moderni\u0105 technologij\u0105 kompakti\u0161kame formate. Kas ie\u0161ko Vape, kuris ilgai tarnaut\u0173, stipriai skleist\u0173 skon\u012f ir b\u016bt\u0173 paprastas naudoti, \u010dia ras tobul\u0105 sprendim\u0105.<\/p>\n<p data-start=\"3038\" data-end=\"3121\">Privalumas visiems, kurie nori ne tik m\u0117gautis garinimu, bet ir patirti j\u012f.<\/p>","protected":false},"excerpt":{"rendered":"<p>Warum ist die Bang Box 12000 die perfekte Einweg E Zigarette f\u00fcr dich? Die Bang Box 12000 ist eine hochwertige Einweg E Zigarette, die f\u00fcr&#8230;<\/p>","protected":false},"featured_media":6957,"template":"","meta":[],"etheme_brands":[],"product_brand":[101],"product_cat":[88],"product_tag":[],"class_list":{"0":"post-6953","1":"product","2":"type-product","3":"status-publish","4":"has-post-thumbnail","6":"product_brand-bang-king-vape","7":"product_cat-12k-vape","9":"first","10":"instock","11":"shipping-taxable","12":"purchasable","13":"product-type-simple"},"yoast_head":"<!-- This site is optimized with the Yoast SEO plugin v26.5 - https:\/\/yoast.com\/wordpress\/plugins\/seo\/ -->\n<title>Watermelon Bubble Gum trifft auf Bang Box 12000 Puff Disposable Genuss | Vapingnet.de<\/title>\n<meta name=\"description\" content=\"Entdecke Watermelon Bubble Gum trifft auf Bang Box 12000 Puff Disposable Genuss bei vapingnet.de, \u25ba Gro\u00dfe Auswahl an Geschmacksrichtungen &amp; super g\u00fcnstig!\" \/>\n<meta name=\"robots\" content=\"index, follow, max-snippet:-1, max-image-preview:large, max-video-preview:-1\" \/>\n<link rel=\"canonical\" href=\"https:\/\/vapingnet.de\/lt\/vape\/watermelon-bubble-gum-trifft-auf-bang-box-12000-puff-disposable-genuss\/\" \/>\n<meta property=\"og:locale\" content=\"lt_LT\" \/>\n<meta property=\"og:type\" content=\"article\" \/>\n<meta property=\"og:title\" content=\"Watermelon Bubble Gum trifft auf Bang Box 12000 Puff Disposable Genuss | Vapingnet.de\" \/>\n<meta property=\"og:description\" content=\"Entdecke Watermelon Bubble Gum trifft auf Bang Box 12000 Puff Disposable Genuss bei vapingnet.de, \u25ba Gro\u00dfe Auswahl an Geschmacksrichtungen &amp; super g\u00fcnstig!\" \/>\n<meta property=\"og:url\" content=\"https:\/\/vapingnet.de\/lt\/vape\/watermelon-bubble-gum-trifft-auf-bang-box-12000-puff-disposable-genuss\/\" \/>\n<meta property=\"og:site_name\" content=\"Vapingnet.de\" \/>\n<meta property=\"article:publisher\" content=\"https:\/\/www.facebook.com\/vapingnetde\/\" \/>\n<meta property=\"article:modified_time\" content=\"2025-06-19T03:39:21+00:00\" \/>\n<meta property=\"og:image\" content=\"https:\/\/vapingnet.de\/wp-content\/uploads\/2025\/05\/Watermelon-Bubble-Gum.webp\" \/>\n\t<meta property=\"og:image:width\" content=\"1000\" \/>\n\t<meta property=\"og:image:height\" content=\"1000\" \/>\n\t<meta property=\"og:image:type\" content=\"image\/webp\" \/>\n<meta name=\"twitter:card\" content=\"summary_large_image\" \/>\n<meta name=\"twitter:label1\" content=\"Est. reading time\" \/>\n\t<meta name=\"twitter:data1\" content=\"3 minutes\" \/>\n<script type=\"application\/ld+json\" class=\"yoast-schema-graph\">{\"@context\":\"https:\/\/schema.org\",\"@graph\":[{\"@type\":\"WebPage\",\"@id\":\"https:\/\/vapingnet.de\/vape\/watermelon-bubble-gum-trifft-auf-bang-box-12000-puff-disposable-genuss\/\",\"url\":\"https:\/\/vapingnet.de\/vape\/watermelon-bubble-gum-trifft-auf-bang-box-12000-puff-disposable-genuss\/\",\"name\":\"Watermelon Bubble Gum trifft auf Bang Box 12000 Puff Disposable Genuss | Vapingnet.de\",\"isPartOf\":{\"@id\":\"https:\/\/vapingnet.de\/#website\"},\"primaryImageOfPage\":{\"@id\":\"https:\/\/vapingnet.de\/vape\/watermelon-bubble-gum-trifft-auf-bang-box-12000-puff-disposable-genuss\/#primaryimage\"},\"image\":{\"@id\":\"https:\/\/vapingnet.de\/vape\/watermelon-bubble-gum-trifft-auf-bang-box-12000-puff-disposable-genuss\/#primaryimage\"},\"thumbnailUrl\":\"https:\/\/vapingnet.de\/wp-content\/uploads\/2025\/05\/Watermelon-Bubble-Gum.webp\",\"datePublished\":\"2025-05-26T03:44:10+00:00\",\"dateModified\":\"2025-06-19T03:39:21+00:00\",\"description\":\"Entdecke Watermelon Bubble Gum trifft auf Bang Box 12000 Puff Disposable Genuss bei vapingnet.de, \u25ba Gro\u00dfe Auswahl an Geschmacksrichtungen & super g\u00fcnstig!\",\"breadcrumb\":{\"@id\":\"https:\/\/vapingnet.de\/vape\/watermelon-bubble-gum-trifft-auf-bang-box-12000-puff-disposable-genuss\/#breadcrumb\"},\"inLanguage\":\"lt-LT\",\"potentialAction\":[{\"@type\":\"ReadAction\",\"target\":[\"https:\/\/vapingnet.de\/vape\/watermelon-bubble-gum-trifft-auf-bang-box-12000-puff-disposable-genuss\/\"]}]},{\"@type\":\"ImageObject\",\"inLanguage\":\"lt-LT\",\"@id\":\"https:\/\/vapingnet.de\/vape\/watermelon-bubble-gum-trifft-auf-bang-box-12000-puff-disposable-genuss\/#primaryimage\",\"url\":\"https:\/\/vapingnet.de\/wp-content\/uploads\/2025\/05\/Watermelon-Bubble-Gum.webp\",\"contentUrl\":\"https:\/\/vapingnet.de\/wp-content\/uploads\/2025\/05\/Watermelon-Bubble-Gum.webp\",\"width\":1000,\"height\":1000},{\"@type\":\"BreadcrumbList\",\"@id\":\"https:\/\/vapingnet.de\/vape\/watermelon-bubble-gum-trifft-auf-bang-box-12000-puff-disposable-genuss\/#breadcrumb\",\"itemListElement\":[{\"@type\":\"ListItem\",\"position\":1,\"name\":\"Home\",\"item\":\"https:\/\/vapingnet.de\/\"},{\"@type\":\"ListItem\",\"position\":2,\"name\":\"Shop\",\"item\":\"https:\/\/vapingnet.de\/vape\/\"},{\"@type\":\"ListItem\",\"position\":3,\"name\":\"Watermelon Bubble Gum trifft auf Bang Box 12000 Puff Disposable Genuss\"}]},{\"@type\":\"WebSite\",\"@id\":\"https:\/\/vapingnet.de\/#website\",\"url\":\"https:\/\/vapingnet.de\/\",\"name\":\"Vapingnet.de\",\"description\":\"\",\"publisher\":{\"@id\":\"https:\/\/vapingnet.de\/#organization\"},\"potentialAction\":[{\"@type\":\"SearchAction\",\"target\":{\"@type\":\"EntryPoint\",\"urlTemplate\":\"https:\/\/vapingnet.de\/?s={search_term_string}\"},\"query-input\":{\"@type\":\"PropertyValueSpecification\",\"valueRequired\":true,\"valueName\":\"search_term_string\"}}],\"inLanguage\":\"lt-LT\"},{\"@type\":\"Organization\",\"@id\":\"https:\/\/vapingnet.de\/#organization\",\"name\":\"Vapingnet.de\",\"url\":\"https:\/\/vapingnet.de\/\",\"logo\":{\"@type\":\"ImageObject\",\"inLanguage\":\"lt-LT\",\"@id\":\"https:\/\/vapingnet.de\/#\/schema\/logo\/image\/\",\"url\":\"https:\/\/vapingnet.de\/wp-content\/uploads\/2025\/03\/cropped-vapingnet.de_.jpg\",\"contentUrl\":\"https:\/\/vapingnet.de\/wp-content\/uploads\/2025\/03\/cropped-vapingnet.de_.jpg\",\"width\":512,\"height\":512,\"caption\":\"Vapingnet.de\"},\"image\":{\"@id\":\"https:\/\/vapingnet.de\/#\/schema\/logo\/image\/\"},\"sameAs\":[\"https:\/\/www.facebook.com\/vapingnetde\/\"]}]}<\/script>\n<!-- \/ Yoast SEO plugin. -->","yoast_head_json":{"title":"Watermelon Bubble Gum trifft auf Bang Box 12000 Puff Disposable Genuss | Vapingnet.de","description":"Entdecke Watermelon Bubble Gum trifft auf Bang Box 12000 Puff Disposable Genuss bei vapingnet.de, \u25ba Gro\u00dfe Auswahl an Geschmacksrichtungen & super g\u00fcnstig!","robots":{"index":"index","follow":"follow","max-snippet":"max-snippet:-1","max-image-preview":"max-image-preview:large","max-video-preview":"max-video-preview:-1"},"canonical":"https:\/\/vapingnet.de\/lt\/vape\/watermelon-bubble-gum-trifft-auf-bang-box-12000-puff-disposable-genuss\/","og_locale":"lt_LT","og_type":"article","og_title":"Watermelon Bubble Gum trifft auf Bang Box 12000 Puff Disposable Genuss | Vapingnet.de","og_description":"Entdecke Watermelon Bubble Gum trifft auf Bang Box 12000 Puff Disposable Genuss bei vapingnet.de, \u25ba Gro\u00dfe Auswahl an Geschmacksrichtungen & super g\u00fcnstig!","og_url":"https:\/\/vapingnet.de\/lt\/vape\/watermelon-bubble-gum-trifft-auf-bang-box-12000-puff-disposable-genuss\/","og_site_name":"Vapingnet.de","article_publisher":"https:\/\/www.facebook.com\/vapingnetde\/","article_modified_time":"2025-06-19T03:39:21+00:00","og_image":[{"width":1000,"height":1000,"url":"https:\/\/vapingnet.de\/wp-content\/uploads\/2025\/05\/Watermelon-Bubble-Gum.webp","type":"image\/webp"}],"twitter_card":"summary_large_image","twitter_misc":{"Est. reading time":"3 minutes"},"schema":{"@context":"https:\/\/schema.org","@graph":[{"@type":"WebPage","@id":"https:\/\/vapingnet.de\/vape\/watermelon-bubble-gum-trifft-auf-bang-box-12000-puff-disposable-genuss\/","url":"https:\/\/vapingnet.de\/vape\/watermelon-bubble-gum-trifft-auf-bang-box-12000-puff-disposable-genuss\/","name":"Watermelon Bubble Gum trifft auf Bang Box 12000 Puff Disposable Genuss | Vapingnet.de","isPartOf":{"@id":"https:\/\/vapingnet.de\/#website"},"primaryImageOfPage":{"@id":"https:\/\/vapingnet.de\/vape\/watermelon-bubble-gum-trifft-auf-bang-box-12000-puff-disposable-genuss\/#primaryimage"},"image":{"@id":"https:\/\/vapingnet.de\/vape\/watermelon-bubble-gum-trifft-auf-bang-box-12000-puff-disposable-genuss\/#primaryimage"},"thumbnailUrl":"https:\/\/vapingnet.de\/wp-content\/uploads\/2025\/05\/Watermelon-Bubble-Gum.webp","datePublished":"2025-05-26T03:44:10+00:00","dateModified":"2025-06-19T03:39:21+00:00","description":"Entdecke Watermelon Bubble Gum trifft auf Bang Box 12000 Puff Disposable Genuss bei vapingnet.de, \u25ba Gro\u00dfe Auswahl an Geschmacksrichtungen & super g\u00fcnstig!","breadcrumb":{"@id":"https:\/\/vapingnet.de\/vape\/watermelon-bubble-gum-trifft-auf-bang-box-12000-puff-disposable-genuss\/#breadcrumb"},"inLanguage":"lt-LT","potentialAction":[{"@type":"ReadAction","target":["https:\/\/vapingnet.de\/vape\/watermelon-bubble-gum-trifft-auf-bang-box-12000-puff-disposable-genuss\/"]}]},{"@type":"ImageObject","inLanguage":"lt-LT","@id":"https:\/\/vapingnet.de\/vape\/watermelon-bubble-gum-trifft-auf-bang-box-12000-puff-disposable-genuss\/#primaryimage","url":"https:\/\/vapingnet.de\/wp-content\/uploads\/2025\/05\/Watermelon-Bubble-Gum.webp","contentUrl":"https:\/\/vapingnet.de\/wp-content\/uploads\/2025\/05\/Watermelon-Bubble-Gum.webp","width":1000,"height":1000},{"@type":"BreadcrumbList","@id":"https:\/\/vapingnet.de\/vape\/watermelon-bubble-gum-trifft-auf-bang-box-12000-puff-disposable-genuss\/#breadcrumb","itemListElement":[{"@type":"ListItem","position":1,"name":"Home","item":"https:\/\/vapingnet.de\/"},{"@type":"ListItem","position":2,"name":"Shop","item":"https:\/\/vapingnet.de\/vape\/"},{"@type":"ListItem","position":3,"name":"Watermelon Bubble Gum trifft auf Bang Box 12000 Puff Disposable Genuss"}]},{"@type":"WebSite","@id":"https:\/\/vapingnet.de\/#website","url":"https:\/\/vapingnet.de\/","name":"Vapingnet.de","description":"","publisher":{"@id":"https:\/\/vapingnet.de\/#organization"},"potentialAction":[{"@type":"SearchAction","target":{"@type":"EntryPoint","urlTemplate":"https:\/\/vapingnet.de\/?s={search_term_string}"},"query-input":{"@type":"PropertyValueSpecification","valueRequired":true,"valueName":"search_term_string"}}],"inLanguage":"lt-LT"},{"@type":"Organization","@id":"https:\/\/vapingnet.de\/#organization","name":"Vapingnet.de","url":"https:\/\/vapingnet.de\/","logo":{"@type":"ImageObject","inLanguage":"lt-LT","@id":"https:\/\/vapingnet.de\/#\/schema\/logo\/image\/","url":"https:\/\/vapingnet.de\/wp-content\/uploads\/2025\/03\/cropped-vapingnet.de_.jpg","contentUrl":"https:\/\/vapingnet.de\/wp-content\/uploads\/2025\/03\/cropped-vapingnet.de_.jpg","width":512,"height":512,"caption":"Vapingnet.de"},"image":{"@id":"https:\/\/vapingnet.de\/#\/schema\/logo\/image\/"},"sameAs":["https:\/\/www.facebook.com\/vapingnetde\/"]}]}},"tiered_pricing_type":"fixed","tiered_pricing_fixed_rules":{"10":"7.31","60":"6.58","110":"5.85","200":"5.12"},"tiered_pricing_product_settings":{"layout":"default","base_unit_name":{"singular":null,"plural":null},"default_variation":null},"tiered_pricing_minimum_quantity":null,"tiered_pricing_roles_data":[],"tiered_pricing_percentage_rules":[],"_links":{"self":[{"href":"https:\/\/vapingnet.de\/lt\/wp-json\/wp\/v2\/product\/6953","targetHints":{"allow":["GET"]}}],"collection":[{"href":"https:\/\/vapingnet.de\/lt\/wp-json\/wp\/v2\/product"}],"about":[{"href":"https:\/\/vapingnet.de\/lt\/wp-json\/wp\/v2\/types\/product"}],"version-history":[{"count":2,"href":"https:\/\/vapingnet.de\/lt\/wp-json\/wp\/v2\/product\/6953\/revisions"}],"predecessor-version":[{"id":6961,"href":"https:\/\/vapingnet.de\/lt\/wp-json\/wp\/v2\/product\/6953\/revisions\/6961"}],"wp:featuredmedia":[{"embeddable":true,"href":"https:\/\/vapingnet.de\/lt\/wp-json\/wp\/v2\/media\/6957"}],"wp:attachment":[{"href":"https:\/\/vapingnet.de\/lt\/wp-json\/wp\/v2\/media?parent=6953"}],"wp:term":[{"taxonomy":"brand","embeddable":true,"href":"https:\/\/vapingnet.de\/lt\/wp-json\/wp\/v2\/etheme_brands?post=6953"},{"taxonomy":"product_brand","embeddable":true,"href":"https:\/\/vapingnet.de\/lt\/wp-json\/wp\/v2\/product_brand?post=6953"},{"taxonomy":"product_cat","embeddable":true,"href":"https:\/\/vapingnet.de\/lt\/wp-json\/wp\/v2\/product_cat?post=6953"},{"taxonomy":"product_tag","embeddable":true,"href":"https:\/\/vapingnet.de\/lt\/wp-json\/wp\/v2\/product_tag?post=6953"}],"curies":[{"name":"wp","href":"https:\/\/api.w.org\/{rel}","templated":true}]}}