{"id":6954,"date":"2025-05-26T03:44:13","date_gmt":"2025-05-26T03:44:13","guid":{"rendered":"https:\/\/vapingnet.de\/?post_type=product&#038;p=6954"},"modified":"2025-06-19T03:39:20","modified_gmt":"2025-06-19T03:39:20","slug":"bang-box-disposable-12000-puff-voll-fruchtig-mit-strawberry-ice","status":"publish","type":"product","link":"https:\/\/vapingnet.de\/lt\/vape\/bang-box-disposable-12000-puff-voll-fruchtig-mit-strawberry-ice\/","title":{"rendered":"Bang Box Disposable 12000 p\u016btimo pilnas vaisinis su Bra\u0161k\u0117s Ledas"},"content":{"rendered":"<h2 data-start=\"113\" data-end=\"219\" data-immersive-translate-walked=\"753044d7-7faf-408f-b5a1-762a158145b9\">Bang Box 12000 P\u016bsl\u0117s su Bra\u0161ki\u0173 Ledais \u2013 Kiek i\u0161 tikr\u0173j\u0173 gera nauja vienkartin\u0117 E cigaret\u0117?<\/h2>\n<p data-start=\"419\" data-end=\"690\" data-immersive-translate-walked=\"753044d7-7faf-408f-b5a1-762a158145b9\" data-immersive-translate-paragraph=\"1\">Mes atid\u017eiai ap\u017ei\u016br\u0117jome nauj\u0105j\u0105 Bang Box vienkartin\u0119 E cigaret\u0119. Su pa\u017ead\u0117tais 12 000 \u012fkv\u0117pim\u0173, vaisi\u0173 ir led\u0173 skonio bei \u012fkraunamu akumuliatoriumi ji atrodo labai perspektyvi ant popieriaus. Bet kaip ji jau\u010diasi rankoje? Ir kaip ji i\u0161 tikr\u0173j\u0173 skoniu?<\/p>\n<h4 data-start=\"692\" data-end=\"717\" data-immersive-translate-walked=\"753044d7-7faf-408f-b5a1-762a158145b9\" data-immersive-translate-paragraph=\"1\">Dizainas ir valdymas<\/h4>\n<p data-start=\"718\" data-end=\"1044\" data-immersive-translate-walked=\"753044d7-7faf-408f-b5a1-762a158145b9\" data-immersive-translate-paragraph=\"1\">Bang Box gerai guli rankoje. Svoris 85\u202fg \u2013 ji n\u0117ra per lengva ar per sunki \u2013 i\u0161 karto jau\u010diasi, kad joje yra daugiau nei \u012fprastose vienkartin\u0117se modeliuose. Ypa\u010d patogu: ji turi Type-C \u012fkrovimo jungt\u012f. Kas galvoja, kad vienkartin\u0117s vape n\u0117ra technologi\u0161kai pa\u017eangios, \u010dia bus nustebintas.<\/p>\n<h4 data-start=\"1046\" data-end=\"1074\" data-immersive-translate-walked=\"753044d7-7faf-408f-b5a1-762a158145b9\" data-immersive-translate-paragraph=\"1\">Technologijos, kurios \u012ftikina<\/h4>\n<p data-start=\"1075\" data-end=\"1378\" data-immersive-translate-walked=\"753044d7-7faf-408f-b5a1-762a158145b9\" data-immersive-translate-paragraph=\"1\">Integruotas 650mAh akumuliatorius kartu su 0.8 Ohm tinklo rit\u0117 u\u017etikrina stabil\u0173, vienod\u0105 garo sraut\u0105. 20 ml elektroninio skys\u010dio \u2013 \u017eymiai daugiau nei daugelyje kit\u0173 vienkartini\u0173 \u012frengini\u0173 \u2013 suteikia ilgalaik\u012f skon\u012f, nereikia nuolat galvoti, ar jis jau baig\u0117si.<\/p>\n<h4 data-start=\"1380\" data-end=\"1411\" data-immersive-translate-walked=\"753044d7-7faf-408f-b5a1-762a158145b9\" data-immersive-translate-paragraph=\"1\">Skonis: Bra\u0161ki\u0173 Ledai<\/h4>\n<p data-start=\"1412\" data-end=\"1664\" data-immersive-translate-walked=\"753044d7-7faf-408f-b5a1-762a158145b9\" data-immersive-translate-paragraph=\"1\">Saldus, \u0161altas, apvalus. Skonis \u201eBra\u0161ki\u0173 Ledai\u201c yra b\u016btent tai, ko ie\u0161ko visi, kurie d\u016bmija nor\u0117dami jausti gaivum\u0105, bet nenori atsisakyti vaisi\u0173. Jis skonis kaip vasaros vakaro bra\u0161ki\u0173 ledai \u2013 maloniai intensyvus, be dirbtinio skonio.<\/p>\n<blockquote data-start=\"1666\" data-end=\"1824\" data-immersive-translate-walked=\"753044d7-7faf-408f-b5a1-762a158145b9\">\n<p data-start=\"1668\" data-end=\"1824\" data-immersive-translate-walked=\"753044d7-7faf-408f-b5a1-762a158145b9\" data-immersive-translate-paragraph=\"1\">\u201eA\u0161 buvau nuo\u0161ird\u017eiai nustebintas, kaip ai\u0161kiai ir \u0161vie\u017eiai skamba skonis \u2013 tai daugiau nei tik \u017eaislas\u201c, sako m\u016bs\u0173 testuotojas Aleksas (27), ilgalaikis vape naudotojas.<\/p>\n<\/blockquote>\n<h3>Kam skirta Bang Box?<\/h3>\n<p data-start=\"1867\" data-end=\"1957\" data-immersive-translate-walked=\"753044d7-7faf-408f-b5a1-762a158145b9\" data-immersive-translate-paragraph=\"1\">\u0160i vape skirta visiems, kurie vertina didel\u012f talpum\u0105 ir paprast\u0105 naudojim\u0105:<\/p>\n<ul data-start=\"1958\" data-end=\"2075\" data-immersive-translate-walked=\"753044d7-7faf-408f-b5a1-762a158145b9\">\n<li data-start=\"1958\" data-end=\"1983\" data-immersive-translate-walked=\"753044d7-7faf-408f-b5a1-762a158145b9\">\n<p data-start=\"1960\" data-end=\"1983\" data-immersive-translate-walked=\"753044d7-7faf-408f-b5a1-762a158145b9\" data-immersive-translate-paragraph=\"1\">Puikiai tinka keliaujant<\/p>\n<\/li>\n<li data-start=\"1984\" data-end=\"2004\" data-immersive-translate-walked=\"753044d7-7faf-408f-b5a1-762a158145b9\">\n<p data-start=\"1986\" data-end=\"2004\" data-immersive-translate-walked=\"753044d7-7faf-408f-b5a1-762a158145b9\" data-immersive-translate-paragraph=\"1\">Idealiai tinka kelion\u0117ms<\/p>\n<\/li>\n<li data-start=\"2005\" data-end=\"2075\" data-immersive-translate-walked=\"753044d7-7faf-408f-b5a1-762a158145b9\">\n<p data-start=\"2007\" data-end=\"2075\" data-immersive-translate-walked=\"753044d7-7faf-408f-b5a1-762a158145b9\" data-immersive-translate-paragraph=\"1\">Optimalus pasirinkimas pereinant arba kaip papildymas \u012fprastai E cigaretei<\/p>\n<\/li>\n<\/ul>\n<p data-start=\"2077\" data-end=\"2220\" data-immersive-translate-walked=\"753044d7-7faf-408f-b5a1-762a158145b9\" data-immersive-translate-paragraph=\"1\">Ypa\u010d patogu: yra du nikotino stiprumai \u2013 2\u202f% ir 5\u202f%. Taip kiekvienas gali pats nuspr\u0119sti, kaip stiprus turi b\u016bti potyris.<\/p>\n<h4 data-start=\"2222\" data-end=\"2239\" data-immersive-translate-walked=\"753044d7-7faf-408f-b5a1-762a158145b9\" data-immersive-translate-paragraph=\"1\">M\u016bs\u0173 apibendrinimas<\/h4>\n<p data-start=\"2240\" data-end=\"2492\" data-immersive-translate-walked=\"753044d7-7faf-408f-b5a1-762a158145b9\" data-immersive-translate-paragraph=\"1\">Bang Box 12000 P\u016bsl\u0117s yra daugiau nei tik dar viena vienkartin\u0117 e cigaret\u0117 \u2013 ji sujungia modern\u0173 dizain\u0105, technin\u012f i\u0161manum\u0105 ir intensyv\u0173 skon\u012f \u012f apgalvot\u0105 sprendim\u0105 visiems, kurie nori paprasto ir stilingo d\u016bmavimo.<\/p>\n<p data-start=\"2494\" data-end=\"2585\" data-immersive-translate-walked=\"753044d7-7faf-408f-b5a1-762a158145b9\" data-immersive-translate-paragraph=\"1\">Kas vertina gaivum\u0105 ir na\u0161um\u0105, tikrai tur\u0117t\u0173 i\u0161bandyti bra\u0161ki\u0173 led\u0173 variant\u0105.<\/p>","protected":false},"excerpt":{"rendered":"<p>Bang Box 12000 Puff mit Strawberry Ice \u2013 Wie gut ist die neue Einweg E Zigarette wirklich? Wir haben uns die neue Einweg E Zigarette&#8230;<\/p>","protected":false},"featured_media":6958,"template":"","meta":[],"etheme_brands":[],"product_brand":[101],"product_cat":[88],"product_tag":[],"class_list":{"0":"post-6954","1":"product","2":"type-product","3":"status-publish","4":"has-post-thumbnail","6":"product_brand-bang-king-vape","7":"product_cat-12k-vape","9":"first","10":"instock","11":"shipping-taxable","12":"purchasable","13":"product-type-simple"},"yoast_head":"<!-- This site is optimized with the Yoast SEO plugin v26.5 - https:\/\/yoast.com\/wordpress\/plugins\/seo\/ -->\n<title>Bang Box Disposable 12000 Puff voll fruchtig mit Strawberry Ice | Vapingnet.de<\/title>\n<meta name=\"description\" content=\"Entdecke Bang Box Disposable 12000 Puff voll fruchtig mit Strawberry Ice bei vapingnet.de, \u25ba Gro\u00dfe Auswahl an Geschmacksrichtungen &amp; super g\u00fcnstig!\" \/>\n<meta name=\"robots\" content=\"index, follow, max-snippet:-1, max-image-preview:large, max-video-preview:-1\" \/>\n<link rel=\"canonical\" href=\"https:\/\/vapingnet.de\/lt\/vape\/bang-box-disposable-12000-puff-voll-fruchtig-mit-strawberry-ice\/\" \/>\n<meta property=\"og:locale\" content=\"lt_LT\" \/>\n<meta property=\"og:type\" content=\"article\" \/>\n<meta property=\"og:title\" content=\"Bang Box Disposable 12000 Puff voll fruchtig mit Strawberry Ice | Vapingnet.de\" \/>\n<meta property=\"og:description\" content=\"Entdecke Bang Box Disposable 12000 Puff voll fruchtig mit Strawberry Ice bei vapingnet.de, \u25ba Gro\u00dfe Auswahl an Geschmacksrichtungen &amp; super g\u00fcnstig!\" \/>\n<meta property=\"og:url\" content=\"https:\/\/vapingnet.de\/lt\/vape\/bang-box-disposable-12000-puff-voll-fruchtig-mit-strawberry-ice\/\" \/>\n<meta property=\"og:site_name\" content=\"Vapingnet.de\" \/>\n<meta property=\"article:publisher\" content=\"https:\/\/www.facebook.com\/vapingnetde\/\" \/>\n<meta property=\"article:modified_time\" content=\"2025-06-19T03:39:20+00:00\" \/>\n<meta property=\"og:image\" content=\"https:\/\/vapingnet.de\/wp-content\/uploads\/2025\/05\/Strawberry-Ice.webp\" \/>\n\t<meta property=\"og:image:width\" content=\"1000\" \/>\n\t<meta property=\"og:image:height\" content=\"1000\" \/>\n\t<meta property=\"og:image:type\" content=\"image\/webp\" \/>\n<meta name=\"twitter:card\" content=\"summary_large_image\" \/>\n<meta name=\"twitter:label1\" content=\"Est. reading time\" \/>\n\t<meta name=\"twitter:data1\" content=\"2 minutes\" \/>\n<script type=\"application\/ld+json\" class=\"yoast-schema-graph\">{\"@context\":\"https:\/\/schema.org\",\"@graph\":[{\"@type\":\"WebPage\",\"@id\":\"https:\/\/vapingnet.de\/vape\/bang-box-disposable-12000-puff-voll-fruchtig-mit-strawberry-ice\/\",\"url\":\"https:\/\/vapingnet.de\/vape\/bang-box-disposable-12000-puff-voll-fruchtig-mit-strawberry-ice\/\",\"name\":\"Bang Box Disposable 12000 Puff voll fruchtig mit Strawberry Ice | Vapingnet.de\",\"isPartOf\":{\"@id\":\"https:\/\/vapingnet.de\/#website\"},\"primaryImageOfPage\":{\"@id\":\"https:\/\/vapingnet.de\/vape\/bang-box-disposable-12000-puff-voll-fruchtig-mit-strawberry-ice\/#primaryimage\"},\"image\":{\"@id\":\"https:\/\/vapingnet.de\/vape\/bang-box-disposable-12000-puff-voll-fruchtig-mit-strawberry-ice\/#primaryimage\"},\"thumbnailUrl\":\"https:\/\/vapingnet.de\/wp-content\/uploads\/2025\/05\/Strawberry-Ice.webp\",\"datePublished\":\"2025-05-26T03:44:13+00:00\",\"dateModified\":\"2025-06-19T03:39:20+00:00\",\"description\":\"Entdecke Bang Box Disposable 12000 Puff voll fruchtig mit Strawberry Ice bei vapingnet.de, \u25ba Gro\u00dfe Auswahl an Geschmacksrichtungen & super g\u00fcnstig!\",\"breadcrumb\":{\"@id\":\"https:\/\/vapingnet.de\/vape\/bang-box-disposable-12000-puff-voll-fruchtig-mit-strawberry-ice\/#breadcrumb\"},\"inLanguage\":\"lt-LT\",\"potentialAction\":[{\"@type\":\"ReadAction\",\"target\":[\"https:\/\/vapingnet.de\/vape\/bang-box-disposable-12000-puff-voll-fruchtig-mit-strawberry-ice\/\"]}]},{\"@type\":\"ImageObject\",\"inLanguage\":\"lt-LT\",\"@id\":\"https:\/\/vapingnet.de\/vape\/bang-box-disposable-12000-puff-voll-fruchtig-mit-strawberry-ice\/#primaryimage\",\"url\":\"https:\/\/vapingnet.de\/wp-content\/uploads\/2025\/05\/Strawberry-Ice.webp\",\"contentUrl\":\"https:\/\/vapingnet.de\/wp-content\/uploads\/2025\/05\/Strawberry-Ice.webp\",\"width\":1000,\"height\":1000},{\"@type\":\"BreadcrumbList\",\"@id\":\"https:\/\/vapingnet.de\/vape\/bang-box-disposable-12000-puff-voll-fruchtig-mit-strawberry-ice\/#breadcrumb\",\"itemListElement\":[{\"@type\":\"ListItem\",\"position\":1,\"name\":\"Home\",\"item\":\"https:\/\/vapingnet.de\/\"},{\"@type\":\"ListItem\",\"position\":2,\"name\":\"Shop\",\"item\":\"https:\/\/vapingnet.de\/vape\/\"},{\"@type\":\"ListItem\",\"position\":3,\"name\":\"Bang Box Disposable 12000 Puff voll fruchtig mit Strawberry Ice\"}]},{\"@type\":\"WebSite\",\"@id\":\"https:\/\/vapingnet.de\/#website\",\"url\":\"https:\/\/vapingnet.de\/\",\"name\":\"Vapingnet.de\",\"description\":\"\",\"publisher\":{\"@id\":\"https:\/\/vapingnet.de\/#organization\"},\"potentialAction\":[{\"@type\":\"SearchAction\",\"target\":{\"@type\":\"EntryPoint\",\"urlTemplate\":\"https:\/\/vapingnet.de\/?s={search_term_string}\"},\"query-input\":{\"@type\":\"PropertyValueSpecification\",\"valueRequired\":true,\"valueName\":\"search_term_string\"}}],\"inLanguage\":\"lt-LT\"},{\"@type\":\"Organization\",\"@id\":\"https:\/\/vapingnet.de\/#organization\",\"name\":\"Vapingnet.de\",\"url\":\"https:\/\/vapingnet.de\/\",\"logo\":{\"@type\":\"ImageObject\",\"inLanguage\":\"lt-LT\",\"@id\":\"https:\/\/vapingnet.de\/#\/schema\/logo\/image\/\",\"url\":\"https:\/\/vapingnet.de\/wp-content\/uploads\/2025\/03\/cropped-vapingnet.de_.jpg\",\"contentUrl\":\"https:\/\/vapingnet.de\/wp-content\/uploads\/2025\/03\/cropped-vapingnet.de_.jpg\",\"width\":512,\"height\":512,\"caption\":\"Vapingnet.de\"},\"image\":{\"@id\":\"https:\/\/vapingnet.de\/#\/schema\/logo\/image\/\"},\"sameAs\":[\"https:\/\/www.facebook.com\/vapingnetde\/\"]}]}<\/script>\n<!-- \/ Yoast SEO plugin. -->","yoast_head_json":{"title":"Bang Box Disposable 12000 Puff voll fruchtig mit Strawberry Ice | Vapingnet.de","description":"Entdecke Bang Box Disposable 12000 Puff voll fruchtig mit Strawberry Ice bei vapingnet.de, \u25ba Gro\u00dfe Auswahl an Geschmacksrichtungen & super g\u00fcnstig!","robots":{"index":"index","follow":"follow","max-snippet":"max-snippet:-1","max-image-preview":"max-image-preview:large","max-video-preview":"max-video-preview:-1"},"canonical":"https:\/\/vapingnet.de\/lt\/vape\/bang-box-disposable-12000-puff-voll-fruchtig-mit-strawberry-ice\/","og_locale":"lt_LT","og_type":"article","og_title":"Bang Box Disposable 12000 Puff voll fruchtig mit Strawberry Ice | Vapingnet.de","og_description":"Entdecke Bang Box Disposable 12000 Puff voll fruchtig mit Strawberry Ice bei vapingnet.de, \u25ba Gro\u00dfe Auswahl an Geschmacksrichtungen & super g\u00fcnstig!","og_url":"https:\/\/vapingnet.de\/lt\/vape\/bang-box-disposable-12000-puff-voll-fruchtig-mit-strawberry-ice\/","og_site_name":"Vapingnet.de","article_publisher":"https:\/\/www.facebook.com\/vapingnetde\/","article_modified_time":"2025-06-19T03:39:20+00:00","og_image":[{"width":1000,"height":1000,"url":"https:\/\/vapingnet.de\/wp-content\/uploads\/2025\/05\/Strawberry-Ice.webp","type":"image\/webp"}],"twitter_card":"summary_large_image","twitter_misc":{"Est. reading time":"2 minutes"},"schema":{"@context":"https:\/\/schema.org","@graph":[{"@type":"WebPage","@id":"https:\/\/vapingnet.de\/vape\/bang-box-disposable-12000-puff-voll-fruchtig-mit-strawberry-ice\/","url":"https:\/\/vapingnet.de\/vape\/bang-box-disposable-12000-puff-voll-fruchtig-mit-strawberry-ice\/","name":"Bang Box Disposable 12000 Puff voll fruchtig mit Strawberry Ice | Vapingnet.de","isPartOf":{"@id":"https:\/\/vapingnet.de\/#website"},"primaryImageOfPage":{"@id":"https:\/\/vapingnet.de\/vape\/bang-box-disposable-12000-puff-voll-fruchtig-mit-strawberry-ice\/#primaryimage"},"image":{"@id":"https:\/\/vapingnet.de\/vape\/bang-box-disposable-12000-puff-voll-fruchtig-mit-strawberry-ice\/#primaryimage"},"thumbnailUrl":"https:\/\/vapingnet.de\/wp-content\/uploads\/2025\/05\/Strawberry-Ice.webp","datePublished":"2025-05-26T03:44:13+00:00","dateModified":"2025-06-19T03:39:20+00:00","description":"Entdecke Bang Box Disposable 12000 Puff voll fruchtig mit Strawberry Ice bei vapingnet.de, \u25ba Gro\u00dfe Auswahl an Geschmacksrichtungen & super g\u00fcnstig!","breadcrumb":{"@id":"https:\/\/vapingnet.de\/vape\/bang-box-disposable-12000-puff-voll-fruchtig-mit-strawberry-ice\/#breadcrumb"},"inLanguage":"lt-LT","potentialAction":[{"@type":"ReadAction","target":["https:\/\/vapingnet.de\/vape\/bang-box-disposable-12000-puff-voll-fruchtig-mit-strawberry-ice\/"]}]},{"@type":"ImageObject","inLanguage":"lt-LT","@id":"https:\/\/vapingnet.de\/vape\/bang-box-disposable-12000-puff-voll-fruchtig-mit-strawberry-ice\/#primaryimage","url":"https:\/\/vapingnet.de\/wp-content\/uploads\/2025\/05\/Strawberry-Ice.webp","contentUrl":"https:\/\/vapingnet.de\/wp-content\/uploads\/2025\/05\/Strawberry-Ice.webp","width":1000,"height":1000},{"@type":"BreadcrumbList","@id":"https:\/\/vapingnet.de\/vape\/bang-box-disposable-12000-puff-voll-fruchtig-mit-strawberry-ice\/#breadcrumb","itemListElement":[{"@type":"ListItem","position":1,"name":"Home","item":"https:\/\/vapingnet.de\/"},{"@type":"ListItem","position":2,"name":"Shop","item":"https:\/\/vapingnet.de\/vape\/"},{"@type":"ListItem","position":3,"name":"Bang Box Disposable 12000 Puff voll fruchtig mit Strawberry Ice"}]},{"@type":"WebSite","@id":"https:\/\/vapingnet.de\/#website","url":"https:\/\/vapingnet.de\/","name":"Vapingnet.de","description":"","publisher":{"@id":"https:\/\/vapingnet.de\/#organization"},"potentialAction":[{"@type":"SearchAction","target":{"@type":"EntryPoint","urlTemplate":"https:\/\/vapingnet.de\/?s={search_term_string}"},"query-input":{"@type":"PropertyValueSpecification","valueRequired":true,"valueName":"search_term_string"}}],"inLanguage":"lt-LT"},{"@type":"Organization","@id":"https:\/\/vapingnet.de\/#organization","name":"Vapingnet.de","url":"https:\/\/vapingnet.de\/","logo":{"@type":"ImageObject","inLanguage":"lt-LT","@id":"https:\/\/vapingnet.de\/#\/schema\/logo\/image\/","url":"https:\/\/vapingnet.de\/wp-content\/uploads\/2025\/03\/cropped-vapingnet.de_.jpg","contentUrl":"https:\/\/vapingnet.de\/wp-content\/uploads\/2025\/03\/cropped-vapingnet.de_.jpg","width":512,"height":512,"caption":"Vapingnet.de"},"image":{"@id":"https:\/\/vapingnet.de\/#\/schema\/logo\/image\/"},"sameAs":["https:\/\/www.facebook.com\/vapingnetde\/"]}]}},"tiered_pricing_type":"fixed","tiered_pricing_fixed_rules":{"10":"7.31","60":"6.58","110":"5.85","200":"5.12"},"tiered_pricing_product_settings":{"layout":"default","base_unit_name":{"singular":null,"plural":null},"default_variation":null},"tiered_pricing_minimum_quantity":null,"tiered_pricing_roles_data":[],"tiered_pricing_percentage_rules":[],"_links":{"self":[{"href":"https:\/\/vapingnet.de\/lt\/wp-json\/wp\/v2\/product\/6954","targetHints":{"allow":["GET"]}}],"collection":[{"href":"https:\/\/vapingnet.de\/lt\/wp-json\/wp\/v2\/product"}],"about":[{"href":"https:\/\/vapingnet.de\/lt\/wp-json\/wp\/v2\/types\/product"}],"version-history":[{"count":1,"href":"https:\/\/vapingnet.de\/lt\/wp-json\/wp\/v2\/product\/6954\/revisions"}],"predecessor-version":[{"id":6962,"href":"https:\/\/vapingnet.de\/lt\/wp-json\/wp\/v2\/product\/6954\/revisions\/6962"}],"wp:featuredmedia":[{"embeddable":true,"href":"https:\/\/vapingnet.de\/lt\/wp-json\/wp\/v2\/media\/6958"}],"wp:attachment":[{"href":"https:\/\/vapingnet.de\/lt\/wp-json\/wp\/v2\/media?parent=6954"}],"wp:term":[{"taxonomy":"brand","embeddable":true,"href":"https:\/\/vapingnet.de\/lt\/wp-json\/wp\/v2\/etheme_brands?post=6954"},{"taxonomy":"product_brand","embeddable":true,"href":"https:\/\/vapingnet.de\/lt\/wp-json\/wp\/v2\/product_brand?post=6954"},{"taxonomy":"product_cat","embeddable":true,"href":"https:\/\/vapingnet.de\/lt\/wp-json\/wp\/v2\/product_cat?post=6954"},{"taxonomy":"product_tag","embeddable":true,"href":"https:\/\/vapingnet.de\/lt\/wp-json\/wp\/v2\/product_tag?post=6954"}],"curies":[{"name":"wp","href":"https:\/\/api.w.org\/{rel}","templated":true}]}}