{"id":6967,"date":"2025-05-26T06:42:38","date_gmt":"2025-05-26T06:42:38","guid":{"rendered":"https:\/\/vapingnet.de\/?post_type=product&#038;p=6967"},"modified":"2025-06-19T03:39:19","modified_gmt":"2025-06-19T03:39:19","slug":"12000-mal-fruchtgenuss-bang-box-watermelon-ice-power","status":"publish","type":"product","link":"https:\/\/vapingnet.de\/lt\/vape\/12000-mal-fruchtgenuss-bang-box-watermelon-ice-power\/","title":{"rendered":"12000 kart\u0173 vaisi\u0173 malonumas Bang Box Watermelon Ice Power"},"content":{"rendered":"<h2 data-start=\"58\" data-end=\"166\" data-immersive-translate-walked=\"ed73c951-f027-4f00-b964-0eb09616d611\">Nauja m\u016bs\u0173 pasi\u016bla \u2013 Bang Box 12000 P\u016bsti vienkartin\u0117 E-cigaret\u0117, skirta nepamir\u0161tamam Vape patyrimui<\/h2>\n<p data-start=\"168\" data-end=\"199\" data-immersive-translate-walked=\"ed73c951-f027-4f00-b964-0eb09616d611\" data-immersive-translate-paragraph=\"1\">Mielos garintojos ir garintojai,<\/p>\n<p data-start=\"201\" data-end=\"549\" data-immersive-translate-walked=\"ed73c951-f027-4f00-b964-0eb09616d611\" data-immersive-translate-paragraph=\"1\">\u0161iandien pristatome jums tikr\u0105 \u0161edevr\u0105: Bang Box 12000 P\u016bsti, inovatyvi vienkartin\u0117 E-cigaret\u0117, kuri su savo \u012fsp\u016bdinga galia ir paprastu valdymu nustato naujus standartus. Jei ie\u0161kote patikimos, skanios ir ilgaam\u017e\u0117s Vape \u012frangos, Bang Box b\u016btent tai, ko jums reikia!<\/p>\n<h3>Kod\u0117l Bang Box 12000 P\u016bsti yra ypatinga<\/h3>\n<ul data-start=\"603\" data-end=\"1890\" data-immersive-translate-walked=\"ed73c951-f027-4f00-b964-0eb09616d611\">\n<li data-start=\"603\" data-end=\"955\" data-immersive-translate-walked=\"ed73c951-f027-4f00-b964-0eb09616d611\">\n<p data-start=\"605\" data-end=\"955\" data-immersive-translate-walked=\"ed73c951-f027-4f00-b964-0eb09616d611\" data-immersive-translate-paragraph=\"1\">Galingas 650mAh akumuliatorius su USB Tipo-C \u012fkrovimu<br data-start=\"667\" data-end=\"670\" data-immersive-translate-walked=\"ed73c951-f027-4f00-b964-0eb09616d611\" \/>Skirtingai nuo daugelio \u012fprast\u0173 vienkartini\u0173 \u012frengini\u0173, Bang Box galima patogiai \u012fkrauti per modern\u0173 USB Tipo-C jungt\u012f. Taip nereikia i\u0161 karto i\u0161mesti \u012frenginio po skys\u010dio i\u0161naudojimo \u2013 tai ne tik taupo j\u016bs\u0173 pinigus, bet ir saugo aplink\u0105.<\/p>\n<\/li>\n<li data-start=\"957\" data-end=\"1222\" data-immersive-translate-walked=\"ed73c951-f027-4f00-b964-0eb09616d611\">\n<p data-start=\"959\" data-end=\"1222\" data-immersive-translate-walked=\"ed73c951-f027-4f00-b964-0eb09616d611\" data-immersive-translate-paragraph=\"1\">Daugiafunkcinis 20ml E-skys\u010dio bakelis, skirtas iki 12 000 \u012fkv\u0117pim\u0173<br data-start=\"1016\" data-end=\"1019\" data-immersive-translate-walked=\"ed73c951-f027-4f00-b964-0eb09616d611\" \/>Su 20ml skys\u010dio talpa, Bang Box leid\u017eia labai ilgai garinti be papildymo ar keitimo. Puikiai tinka kelion\u0117ms, i\u0161vykoms ar tiesiog atsipalaidavimui namuose.<\/p>\n<\/li>\n<li data-start=\"1224\" data-end=\"1452\" data-immersive-translate-walked=\"ed73c951-f027-4f00-b964-0eb09616d611\">\n<p data-start=\"1226\" data-end=\"1452\" data-immersive-translate-walked=\"ed73c951-f027-4f00-b964-0eb09616d611\" data-immersive-translate-paragraph=\"1\">Optimalus garavimo kokyb\u0117 d\u0117l 0,8 Ohm tinklelio rit\u0117s<br data-start=\"1276\" data-end=\"1279\" data-immersive-translate-walked=\"ed73c951-f027-4f00-b964-0eb09616d611\" \/>Auk\u0161tos kokyb\u0117s tinklelio rit\u0117 u\u017etikrina tolyg\u0173 garavim\u0105, intensyv\u0173 skon\u012f ir tank\u0173, malon\u0173 gar\u0105 \u2013 b\u016btent tai, k\u0105 m\u0117gsta Vape entuziastai.<\/p>\n<\/li>\n<li data-start=\"1454\" data-end=\"1696\" data-immersive-translate-walked=\"ed73c951-f027-4f00-b964-0eb09616d611\">\n<p data-start=\"1456\" data-end=\"1696\" data-immersive-translate-walked=\"ed73c951-f027-4f00-b964-0eb09616d611\" data-immersive-translate-paragraph=\"1\">Gaivus skonis: Watermelon Ice<br data-start=\"1499\" data-end=\"1502\" data-immersive-translate-walked=\"ed73c951-f027-4f00-b964-0eb09616d611\" \/>Sultinga arb\u016bzo ir \u0161alto mentolio derinio skonio kompozicija suteikia gaivumo ir vaisi\u0161kumo harmonij\u0105. Skonis, kuris ypa\u010d \u0161iltomis dienomis teikia gaiv\u0105.<\/p>\n<\/li>\n<li data-start=\"1698\" data-end=\"1890\" data-immersive-translate-walked=\"ed73c951-f027-4f00-b964-0eb09616d611\">\n<p data-start=\"1700\" data-end=\"1890\" data-immersive-translate-walked=\"ed73c951-f027-4f00-b964-0eb09616d611\" data-immersive-translate-paragraph=\"1\">Lengva, kompakti\u0161ka ir stilinga<br data-start=\"1732\" data-end=\"1735\" data-immersive-translate-walked=\"ed73c951-f027-4f00-b964-0eb09616d611\" \/>Svoris tik 85 gramai, Bang Box patogiai telpa rankoje, o modernus dizainas ir integruota LED lemput\u0117 daro j\u0105 vizualiai patraukli\u0105.<\/p>\n<\/li>\n<\/ul>\n<h4 data-start=\"1892\" data-end=\"1929\" data-immersive-translate-walked=\"ed73c951-f027-4f00-b964-0eb09616d611\" data-immersive-translate-paragraph=\"1\"><img fetchpriority=\"high\" decoding=\"async\" class=\"size-full wp-image-6976 aligncenter\" src=\"https:\/\/vapingnet.de\/wp-content\/uploads\/2025\/05\/6bf8c5adc97239756c31adf61a68139-scaled.jpg\" alt=\"\" width=\"2236\" height=\"2560\" srcset=\"https:\/\/vapingnet.de\/wp-content\/uploads\/2025\/05\/6bf8c5adc97239756c31adf61a68139-scaled.jpg 2236w, https:\/\/vapingnet.de\/wp-content\/uploads\/2025\/05\/6bf8c5adc97239756c31adf61a68139-262x300.jpg 262w, https:\/\/vapingnet.de\/wp-content\/uploads\/2025\/05\/6bf8c5adc97239756c31adf61a68139-894x1024.jpg 894w, https:\/\/vapingnet.de\/wp-content\/uploads\/2025\/05\/6bf8c5adc97239756c31adf61a68139-768x879.jpg 768w, https:\/\/vapingnet.de\/wp-content\/uploads\/2025\/05\/6bf8c5adc97239756c31adf61a68139-1341x1536.jpg 1341w, https:\/\/vapingnet.de\/wp-content\/uploads\/2025\/05\/6bf8c5adc97239756c31adf61a68139-1789x2048.jpg 1789w, https:\/\/vapingnet.de\/wp-content\/uploads\/2025\/05\/6bf8c5adc97239756c31adf61a68139-600x687.jpg 600w, https:\/\/vapingnet.de\/wp-content\/uploads\/2025\/05\/6bf8c5adc97239756c31adf61a68139-1x1.jpg 1w, https:\/\/vapingnet.de\/wp-content\/uploads\/2025\/05\/6bf8c5adc97239756c31adf61a68139-10x10.jpg 10w\" sizes=\"(max-width: 2236px) 100vw, 2236px\" \/><\/h4>\n<h4 data-start=\"1892\" data-end=\"1929\" data-immersive-translate-walked=\"ed73c951-f027-4f00-b964-0eb09616d611\" data-immersive-translate-paragraph=\"1\">Kam skirta Bang Box?<\/h4>\n<p data-start=\"1931\" data-end=\"2298\" data-immersive-translate-walked=\"ed73c951-f027-4f00-b964-0eb09616d611\" data-immersive-translate-paragraph=\"1\">Bang Box 12000 P\u016bsti yra ideali pasirinktis tiems, kurie ie\u0161ko paprastos vienkartin\u0117s E-cigaret\u0117s, kuri vis tiek pasi\u017eymi galia ir skoniu. Nesvarbu, ar k\u0105 tik prad\u0117jote garinti, ar jau esate patyr\u0119s Vape m\u0117g\u0117jas \u2013 \u0161is \u012frenginys prisitaiko prie j\u016bs\u0173 poreiki\u0173 ir si\u016blo atsipalaidavus\u012f, patikim\u0105 garinimo patirt\u012f.<\/p>\n<p data-start=\"2305\" data-end=\"2441\" data-immersive-translate-walked=\"ed73c951-f027-4f00-b964-0eb09616d611\" data-immersive-translate-paragraph=\"1\">I\u0161bandykite dabar Bang Box 12000 P\u016bsti ir m\u0117gaukit\u0117s iki 12 000 intensyvi\u0173 \u012fkv\u0117pim\u0173 su gaiviu ir \u012fkvepian\u010diu skoniu!<\/p>\n<p data-start=\"2443\" data-end=\"2485\" data-immersive-translate-walked=\"ed73c951-f027-4f00-b964-0eb09616d611\" data-immersive-translate-paragraph=\"1\">Linkime malonaus garinimo ir b\u016bkite sveiki!<\/p>","protected":false},"excerpt":{"rendered":"<p>Nauja m\u016bs\u0173 pasi\u016bla \u2013 Bang Box 12000 Puff vienkartin\u0117 E-cigaret\u0117, skirta nepakartojamam Vape patyrimui. Mylimieji garintojai, \u0161iandien pristatome jums tikr\u0105 \u0161edevr\u0105...<\/p>","protected":false},"featured_media":6971,"template":"","meta":[],"etheme_brands":[],"product_brand":[101],"product_cat":[88],"product_tag":[],"class_list":{"0":"post-6967","1":"product","2":"type-product","3":"status-publish","4":"has-post-thumbnail","6":"product_brand-bang-king-vape","7":"product_cat-12k-vape","9":"first","10":"instock","11":"shipping-taxable","12":"purchasable","13":"product-type-simple"},"yoast_head":"<!-- This site is optimized with the Yoast SEO plugin v26.5 - https:\/\/yoast.com\/wordpress\/plugins\/seo\/ -->\n<title>12000 Mal Fruchtgenuss Bang Box Watermelon Ice Power | Vapingnet.de<\/title>\n<meta name=\"description\" content=\"Entdecke 12000 Mal Fruchtgenuss Bang Box Watermelon Ice Power bei vapingnet.de, \u25ba Gro\u00dfe Auswahl an Geschmacksrichtungen &amp; super g\u00fcnstig!\" \/>\n<meta name=\"robots\" content=\"index, follow, max-snippet:-1, max-image-preview:large, max-video-preview:-1\" \/>\n<link rel=\"canonical\" href=\"https:\/\/vapingnet.de\/lt\/vape\/12000-mal-fruchtgenuss-bang-box-watermelon-ice-power\/\" \/>\n<meta property=\"og:locale\" content=\"lt_LT\" \/>\n<meta property=\"og:type\" content=\"article\" \/>\n<meta property=\"og:title\" content=\"12000 Mal Fruchtgenuss Bang Box Watermelon Ice Power | Vapingnet.de\" \/>\n<meta property=\"og:description\" content=\"Entdecke 12000 Mal Fruchtgenuss Bang Box Watermelon Ice Power bei vapingnet.de, \u25ba Gro\u00dfe Auswahl an Geschmacksrichtungen &amp; super g\u00fcnstig!\" \/>\n<meta property=\"og:url\" content=\"https:\/\/vapingnet.de\/lt\/vape\/12000-mal-fruchtgenuss-bang-box-watermelon-ice-power\/\" \/>\n<meta property=\"og:site_name\" content=\"Vapingnet.de\" \/>\n<meta property=\"article:publisher\" content=\"https:\/\/www.facebook.com\/vapingnetde\/\" \/>\n<meta property=\"article:modified_time\" content=\"2025-06-19T03:39:19+00:00\" \/>\n<meta property=\"og:image\" content=\"https:\/\/vapingnet.de\/wp-content\/uploads\/2025\/05\/Watermelon-Ice-1.webp\" \/>\n\t<meta property=\"og:image:width\" content=\"1000\" \/>\n\t<meta property=\"og:image:height\" content=\"1000\" \/>\n\t<meta property=\"og:image:type\" content=\"image\/webp\" \/>\n<meta name=\"twitter:card\" content=\"summary_large_image\" \/>\n<meta name=\"twitter:label1\" content=\"Est. reading time\" \/>\n\t<meta name=\"twitter:data1\" content=\"3 minutes\" \/>\n<script type=\"application\/ld+json\" class=\"yoast-schema-graph\">{\"@context\":\"https:\/\/schema.org\",\"@graph\":[{\"@type\":\"WebPage\",\"@id\":\"https:\/\/vapingnet.de\/vape\/12000-mal-fruchtgenuss-bang-box-watermelon-ice-power\/\",\"url\":\"https:\/\/vapingnet.de\/vape\/12000-mal-fruchtgenuss-bang-box-watermelon-ice-power\/\",\"name\":\"12000 Mal Fruchtgenuss Bang Box Watermelon Ice Power | Vapingnet.de\",\"isPartOf\":{\"@id\":\"https:\/\/vapingnet.de\/#website\"},\"primaryImageOfPage\":{\"@id\":\"https:\/\/vapingnet.de\/vape\/12000-mal-fruchtgenuss-bang-box-watermelon-ice-power\/#primaryimage\"},\"image\":{\"@id\":\"https:\/\/vapingnet.de\/vape\/12000-mal-fruchtgenuss-bang-box-watermelon-ice-power\/#primaryimage\"},\"thumbnailUrl\":\"https:\/\/vapingnet.de\/wp-content\/uploads\/2025\/05\/Watermelon-Ice-1.webp\",\"datePublished\":\"2025-05-26T06:42:38+00:00\",\"dateModified\":\"2025-06-19T03:39:19+00:00\",\"description\":\"Entdecke 12000 Mal Fruchtgenuss Bang Box Watermelon Ice Power bei vapingnet.de, \u25ba Gro\u00dfe Auswahl an Geschmacksrichtungen & super g\u00fcnstig!\",\"breadcrumb\":{\"@id\":\"https:\/\/vapingnet.de\/vape\/12000-mal-fruchtgenuss-bang-box-watermelon-ice-power\/#breadcrumb\"},\"inLanguage\":\"lt-LT\",\"potentialAction\":[{\"@type\":\"ReadAction\",\"target\":[\"https:\/\/vapingnet.de\/vape\/12000-mal-fruchtgenuss-bang-box-watermelon-ice-power\/\"]}]},{\"@type\":\"ImageObject\",\"inLanguage\":\"lt-LT\",\"@id\":\"https:\/\/vapingnet.de\/vape\/12000-mal-fruchtgenuss-bang-box-watermelon-ice-power\/#primaryimage\",\"url\":\"https:\/\/vapingnet.de\/wp-content\/uploads\/2025\/05\/Watermelon-Ice-1.webp\",\"contentUrl\":\"https:\/\/vapingnet.de\/wp-content\/uploads\/2025\/05\/Watermelon-Ice-1.webp\",\"width\":1000,\"height\":1000},{\"@type\":\"BreadcrumbList\",\"@id\":\"https:\/\/vapingnet.de\/vape\/12000-mal-fruchtgenuss-bang-box-watermelon-ice-power\/#breadcrumb\",\"itemListElement\":[{\"@type\":\"ListItem\",\"position\":1,\"name\":\"Home\",\"item\":\"https:\/\/vapingnet.de\/\"},{\"@type\":\"ListItem\",\"position\":2,\"name\":\"Shop\",\"item\":\"https:\/\/vapingnet.de\/vape\/\"},{\"@type\":\"ListItem\",\"position\":3,\"name\":\"12000 Mal Fruchtgenuss Bang Box Watermelon Ice Power\"}]},{\"@type\":\"WebSite\",\"@id\":\"https:\/\/vapingnet.de\/#website\",\"url\":\"https:\/\/vapingnet.de\/\",\"name\":\"Vapingnet.de\",\"description\":\"\",\"publisher\":{\"@id\":\"https:\/\/vapingnet.de\/#organization\"},\"potentialAction\":[{\"@type\":\"SearchAction\",\"target\":{\"@type\":\"EntryPoint\",\"urlTemplate\":\"https:\/\/vapingnet.de\/?s={search_term_string}\"},\"query-input\":{\"@type\":\"PropertyValueSpecification\",\"valueRequired\":true,\"valueName\":\"search_term_string\"}}],\"inLanguage\":\"lt-LT\"},{\"@type\":\"Organization\",\"@id\":\"https:\/\/vapingnet.de\/#organization\",\"name\":\"Vapingnet.de\",\"url\":\"https:\/\/vapingnet.de\/\",\"logo\":{\"@type\":\"ImageObject\",\"inLanguage\":\"lt-LT\",\"@id\":\"https:\/\/vapingnet.de\/#\/schema\/logo\/image\/\",\"url\":\"https:\/\/vapingnet.de\/wp-content\/uploads\/2025\/03\/cropped-vapingnet.de_.jpg\",\"contentUrl\":\"https:\/\/vapingnet.de\/wp-content\/uploads\/2025\/03\/cropped-vapingnet.de_.jpg\",\"width\":512,\"height\":512,\"caption\":\"Vapingnet.de\"},\"image\":{\"@id\":\"https:\/\/vapingnet.de\/#\/schema\/logo\/image\/\"},\"sameAs\":[\"https:\/\/www.facebook.com\/vapingnetde\/\"]}]}<\/script>\n<!-- \/ Yoast SEO plugin. -->","yoast_head_json":{"title":"12000 Mal Fruchtgenuss Bang Box Watermelon Ice Power | Vapingnet.de","description":"Entdecke 12000 Mal Fruchtgenuss Bang Box Watermelon Ice Power bei vapingnet.de, \u25ba Gro\u00dfe Auswahl an Geschmacksrichtungen & super g\u00fcnstig!","robots":{"index":"index","follow":"follow","max-snippet":"max-snippet:-1","max-image-preview":"max-image-preview:large","max-video-preview":"max-video-preview:-1"},"canonical":"https:\/\/vapingnet.de\/lt\/vape\/12000-mal-fruchtgenuss-bang-box-watermelon-ice-power\/","og_locale":"lt_LT","og_type":"article","og_title":"12000 Mal Fruchtgenuss Bang Box Watermelon Ice Power | Vapingnet.de","og_description":"Entdecke 12000 Mal Fruchtgenuss Bang Box Watermelon Ice Power bei vapingnet.de, \u25ba Gro\u00dfe Auswahl an Geschmacksrichtungen & super g\u00fcnstig!","og_url":"https:\/\/vapingnet.de\/lt\/vape\/12000-mal-fruchtgenuss-bang-box-watermelon-ice-power\/","og_site_name":"Vapingnet.de","article_publisher":"https:\/\/www.facebook.com\/vapingnetde\/","article_modified_time":"2025-06-19T03:39:19+00:00","og_image":[{"width":1000,"height":1000,"url":"https:\/\/vapingnet.de\/wp-content\/uploads\/2025\/05\/Watermelon-Ice-1.webp","type":"image\/webp"}],"twitter_card":"summary_large_image","twitter_misc":{"Est. reading time":"3 minutes"},"schema":{"@context":"https:\/\/schema.org","@graph":[{"@type":"WebPage","@id":"https:\/\/vapingnet.de\/vape\/12000-mal-fruchtgenuss-bang-box-watermelon-ice-power\/","url":"https:\/\/vapingnet.de\/vape\/12000-mal-fruchtgenuss-bang-box-watermelon-ice-power\/","name":"12000 Mal Fruchtgenuss Bang Box Watermelon Ice Power | Vapingnet.de","isPartOf":{"@id":"https:\/\/vapingnet.de\/#website"},"primaryImageOfPage":{"@id":"https:\/\/vapingnet.de\/vape\/12000-mal-fruchtgenuss-bang-box-watermelon-ice-power\/#primaryimage"},"image":{"@id":"https:\/\/vapingnet.de\/vape\/12000-mal-fruchtgenuss-bang-box-watermelon-ice-power\/#primaryimage"},"thumbnailUrl":"https:\/\/vapingnet.de\/wp-content\/uploads\/2025\/05\/Watermelon-Ice-1.webp","datePublished":"2025-05-26T06:42:38+00:00","dateModified":"2025-06-19T03:39:19+00:00","description":"Entdecke 12000 Mal Fruchtgenuss Bang Box Watermelon Ice Power bei vapingnet.de, \u25ba Gro\u00dfe Auswahl an Geschmacksrichtungen & super g\u00fcnstig!","breadcrumb":{"@id":"https:\/\/vapingnet.de\/vape\/12000-mal-fruchtgenuss-bang-box-watermelon-ice-power\/#breadcrumb"},"inLanguage":"lt-LT","potentialAction":[{"@type":"ReadAction","target":["https:\/\/vapingnet.de\/vape\/12000-mal-fruchtgenuss-bang-box-watermelon-ice-power\/"]}]},{"@type":"ImageObject","inLanguage":"lt-LT","@id":"https:\/\/vapingnet.de\/vape\/12000-mal-fruchtgenuss-bang-box-watermelon-ice-power\/#primaryimage","url":"https:\/\/vapingnet.de\/wp-content\/uploads\/2025\/05\/Watermelon-Ice-1.webp","contentUrl":"https:\/\/vapingnet.de\/wp-content\/uploads\/2025\/05\/Watermelon-Ice-1.webp","width":1000,"height":1000},{"@type":"BreadcrumbList","@id":"https:\/\/vapingnet.de\/vape\/12000-mal-fruchtgenuss-bang-box-watermelon-ice-power\/#breadcrumb","itemListElement":[{"@type":"ListItem","position":1,"name":"Home","item":"https:\/\/vapingnet.de\/"},{"@type":"ListItem","position":2,"name":"Shop","item":"https:\/\/vapingnet.de\/vape\/"},{"@type":"ListItem","position":3,"name":"12000 Mal Fruchtgenuss Bang Box Watermelon Ice Power"}]},{"@type":"WebSite","@id":"https:\/\/vapingnet.de\/#website","url":"https:\/\/vapingnet.de\/","name":"Vapingnet.de","description":"","publisher":{"@id":"https:\/\/vapingnet.de\/#organization"},"potentialAction":[{"@type":"SearchAction","target":{"@type":"EntryPoint","urlTemplate":"https:\/\/vapingnet.de\/?s={search_term_string}"},"query-input":{"@type":"PropertyValueSpecification","valueRequired":true,"valueName":"search_term_string"}}],"inLanguage":"lt-LT"},{"@type":"Organization","@id":"https:\/\/vapingnet.de\/#organization","name":"Vapingnet.de","url":"https:\/\/vapingnet.de\/","logo":{"@type":"ImageObject","inLanguage":"lt-LT","@id":"https:\/\/vapingnet.de\/#\/schema\/logo\/image\/","url":"https:\/\/vapingnet.de\/wp-content\/uploads\/2025\/03\/cropped-vapingnet.de_.jpg","contentUrl":"https:\/\/vapingnet.de\/wp-content\/uploads\/2025\/03\/cropped-vapingnet.de_.jpg","width":512,"height":512,"caption":"Vapingnet.de"},"image":{"@id":"https:\/\/vapingnet.de\/#\/schema\/logo\/image\/"},"sameAs":["https:\/\/www.facebook.com\/vapingnetde\/"]}]}},"tiered_pricing_type":"fixed","tiered_pricing_fixed_rules":{"10":"7.31","60":"6.58","110":"5.85","200":"5.12"},"tiered_pricing_product_settings":{"layout":"default","base_unit_name":{"singular":null,"plural":null},"default_variation":null},"tiered_pricing_minimum_quantity":null,"tiered_pricing_roles_data":[],"tiered_pricing_percentage_rules":[],"_links":{"self":[{"href":"https:\/\/vapingnet.de\/lt\/wp-json\/wp\/v2\/product\/6967","targetHints":{"allow":["GET"]}}],"collection":[{"href":"https:\/\/vapingnet.de\/lt\/wp-json\/wp\/v2\/product"}],"about":[{"href":"https:\/\/vapingnet.de\/lt\/wp-json\/wp\/v2\/types\/product"}],"version-history":[{"count":1,"href":"https:\/\/vapingnet.de\/lt\/wp-json\/wp\/v2\/product\/6967\/revisions"}],"predecessor-version":[{"id":6977,"href":"https:\/\/vapingnet.de\/lt\/wp-json\/wp\/v2\/product\/6967\/revisions\/6977"}],"wp:featuredmedia":[{"embeddable":true,"href":"https:\/\/vapingnet.de\/lt\/wp-json\/wp\/v2\/media\/6971"}],"wp:attachment":[{"href":"https:\/\/vapingnet.de\/lt\/wp-json\/wp\/v2\/media?parent=6967"}],"wp:term":[{"taxonomy":"brand","embeddable":true,"href":"https:\/\/vapingnet.de\/lt\/wp-json\/wp\/v2\/etheme_brands?post=6967"},{"taxonomy":"product_brand","embeddable":true,"href":"https:\/\/vapingnet.de\/lt\/wp-json\/wp\/v2\/product_brand?post=6967"},{"taxonomy":"product_cat","embeddable":true,"href":"https:\/\/vapingnet.de\/lt\/wp-json\/wp\/v2\/product_cat?post=6967"},{"taxonomy":"product_tag","embeddable":true,"href":"https:\/\/vapingnet.de\/lt\/wp-json\/wp\/v2\/product_tag?post=6967"}],"curies":[{"name":"wp","href":"https:\/\/api.w.org\/{rel}","templated":true}]}}