{"id":6982,"date":"2025-05-26T07:13:49","date_gmt":"2025-05-26T07:13:49","guid":{"rendered":"https:\/\/vapingnet.de\/?post_type=product&#038;p=6982"},"modified":"2025-06-19T03:39:18","modified_gmt":"2025-06-19T03:39:18","slug":"bang-box-12000-puff-black-dragon-ice-premiumqualitaet-guenstig","status":"publish","type":"product","link":"https:\/\/vapingnet.de\/lt\/vape\/bang-box-12000-puff-black-dragon-ice-premiumqualitaet-guenstig\/","title":{"rendered":"Bang Box 12000 p\u016btimo Juoda Drakono Ledas Premium kokyb\u0117s Pigiai"},"content":{"rendered":"<h2 data-start=\"105\" data-end=\"190\" data-immersive-translate-walked=\"6436c74a-7ea8-4fec-b6f6-b32f313c9cc5\" data-immersive-translate-paragraph=\"1\">Bang Box 12000 Puff \u2013 J\u016bs\u0173 galinga vienkartin\u0117 elektronin\u0117 cigaret\u0117 ilgalaikiam garinimui!<\/h2>\n<p data-start=\"192\" data-end=\"618\" data-immersive-translate-walked=\"6436c74a-7ea8-4fec-b6f6-b32f313c9cc5\" data-immersive-translate-paragraph=\"1\">Atraskite Bang Box 12000 Puff, vienkartin\u0119 elektronin\u0119 cigaret\u0119, kuri si\u016blo \u017eymiai daugiau nei tik\u0117tum\u0117t\u0117s: su savo galingu 650mAh akumuliatoriumi ir dideliu 20ml skys\u010dio bakeliu ji garantuoja iki 12 000 \u012fkv\u0117pim\u0173 piln\u0173 intensyvaus skonio ir turtingo garo. Nesvarbu, ar esate kelyje, ar tiesiog norite ramiai garinti namuose \u2013 \u0161i vape yra j\u016bs\u0173 patikimas palydovas ilgiems seansams.<\/p>\n<p data-start=\"620\" data-end=\"1008\" data-immersive-translate-walked=\"6436c74a-7ea8-4fec-b6f6-b32f313c9cc5\" data-immersive-translate-paragraph=\"1\">D\u0117l patogios \u012fkraunamos Type-C \u012fkrovimo jungties jums nebereik\u0117s jaudintis, kad akumuliatorius staiga i\u0161sikraus. Paprastai prijunkite, \u012fkraukite ir toliau m\u0117gaukit\u0117s \u2013 didelis prana\u0161umas prie\u0161 \u012fprastas vienkartines \u012frenginius. Modernus 0,8 Ohm tinklinis rit\u0117 u\u017etikrina tobul\u0105 pusiausvyr\u0105 tarp stipraus garo ir pilno aromato, kad kiekvienas \u012fkv\u0117pimas b\u016bt\u0173 patirtis.<\/p>\n<p data-start=\"620\" data-end=\"1008\" data-immersive-translate-walked=\"6436c74a-7ea8-4fec-b6f6-b32f313c9cc5\" data-immersive-translate-paragraph=\"1\"><img fetchpriority=\"high\" decoding=\"async\" class=\"size-full wp-image-6979 aligncenter\" src=\"https:\/\/vapingnet.de\/wp-content\/uploads\/2025\/05\/c5b9c34484b8328c6d977ecacc774f1.png\" alt=\"\" width=\"2879\" height=\"1621\" srcset=\"https:\/\/vapingnet.de\/wp-content\/uploads\/2025\/05\/c5b9c34484b8328c6d977ecacc774f1.png 2879w, https:\/\/vapingnet.de\/wp-content\/uploads\/2025\/05\/c5b9c34484b8328c6d977ecacc774f1-300x169.png 300w, https:\/\/vapingnet.de\/wp-content\/uploads\/2025\/05\/c5b9c34484b8328c6d977ecacc774f1-1024x577.png 1024w, https:\/\/vapingnet.de\/wp-content\/uploads\/2025\/05\/c5b9c34484b8328c6d977ecacc774f1-768x432.png 768w, https:\/\/vapingnet.de\/wp-content\/uploads\/2025\/05\/c5b9c34484b8328c6d977ecacc774f1-1536x865.png 1536w, https:\/\/vapingnet.de\/wp-content\/uploads\/2025\/05\/c5b9c34484b8328c6d977ecacc774f1-2048x1153.png 2048w, https:\/\/vapingnet.de\/wp-content\/uploads\/2025\/05\/c5b9c34484b8328c6d977ecacc774f1-600x338.png 600w, https:\/\/vapingnet.de\/wp-content\/uploads\/2025\/05\/c5b9c34484b8328c6d977ecacc774f1-1x1.png 1w, https:\/\/vapingnet.de\/wp-content\/uploads\/2025\/05\/c5b9c34484b8328c6d977ecacc774f1-10x6.png 10w\" sizes=\"(max-width: 2879px) 100vw, 2879px\" \/><\/p>\n<h4 data-start=\"1015\" data-end=\"1063\" data-immersive-translate-walked=\"6436c74a-7ea8-4fec-b6f6-b32f313c9cc5\" data-immersive-translate-paragraph=\"1\">Skonis, kuris \u012ftikina: Black Dragon Ice<\/h4>\n<p data-start=\"1065\" data-end=\"1463\" data-immersive-translate-walked=\"6436c74a-7ea8-4fec-b6f6-b32f313c9cc5\" data-immersive-translate-paragraph=\"1\">I\u0161skirtinis aromatas \u201eBlack Dragon Ice\u201c \u2013 jaudinanti \u0161alto gaivumo ir paslapting\u0173, a\u0161tri\u0173 nat\u0173 kombinacija. Jis suteikia jums gaiv\u0173 \u012fkv\u0117pim\u0105 ir u\u017etikrina ypa\u010d intensyv\u0173 skonio patirt\u012f. \u0160i unikali mi\u0161inio r\u016b\u0161is padaro Bang Box tobulai tinkama tiems, kurie ie\u0161ko daugiau nei tik gryno garo \u2013 \u010dia svarbiausias yra aromatas.<\/p>\n<h4 data-start=\"1470\" data-end=\"1498\" data-immersive-translate-walked=\"6436c74a-7ea8-4fec-b6f6-b32f313c9cc5\" data-immersive-translate-paragraph=\"1\">Patogu ir stilinga<\/h4>\n<p data-start=\"1500\" data-end=\"1838\" data-immersive-translate-walked=\"6436c74a-7ea8-4fec-b6f6-b32f313c9cc5\" data-immersive-translate-paragraph=\"1\">Sveriant tik 85g, Bang Box yra ypa\u010d lengva ir patogi naudoti, ideali mobiliajam naudojimui. Ji patogiai guli rankoje ir i\u0161 karto paruo\u0161ta naudoti. Be to, spalvota LED lemput\u0117 suteikia \u0161aun\u0173 vaizd\u0105 ir patikimai rodo \u012fkrovimo b\u016bsen\u0105 \u2013 taip \u017einosite, kada laikas \u012fkrauti.<\/p>\n<h3>Kod\u0117l Bang Box?<\/h3>\n<ul data-start=\"1868\" data-end=\"2325\" data-immersive-translate-walked=\"6436c74a-7ea8-4fec-b6f6-b32f313c9cc5\">\n<li data-start=\"1868\" data-end=\"1946\" data-immersive-translate-walked=\"6436c74a-7ea8-4fec-b6f6-b32f313c9cc5\">\n<p data-start=\"1870\" data-end=\"1946\" data-immersive-translate-walked=\"6436c74a-7ea8-4fec-b6f6-b32f313c9cc5\" data-immersive-translate-paragraph=\"1\">Iki 12 000 \u012fkv\u0117pim\u0173 \u2013 ilgam malonumui be da\u017en\u0173 papildym\u0173<\/p>\n<\/li>\n<li data-start=\"1947\" data-end=\"2063\" data-immersive-translate-walked=\"6436c74a-7ea8-4fec-b6f6-b32f313c9cc5\">\n<p data-start=\"1949\" data-end=\"2063\" data-immersive-translate-walked=\"6436c74a-7ea8-4fec-b6f6-b32f313c9cc5\" data-immersive-translate-paragraph=\"1\">\u012ekraunamas akumuliatorius su Type-C \u2013 ekologi\u0161kesnis ir tvaresnis nei \u012fprastos vienkartin\u0117s elektronin\u0117s cigaret\u0117s<\/p>\n<\/li>\n<li data-start=\"2064\" data-end=\"2149\" data-immersive-translate-walked=\"6436c74a-7ea8-4fec-b6f6-b32f313c9cc5\">\n<p data-start=\"2066\" data-end=\"2149\" data-immersive-translate-walked=\"6436c74a-7ea8-4fec-b6f6-b32f313c9cc5\" data-immersive-translate-paragraph=\"1\">Didelis skys\u010dio bakelis su 20ml \u2013 u\u017etikrina ilgus garinimo seansus be pertraukos<\/p>\n<\/li>\n<li data-start=\"2150\" data-end=\"2214\" data-immersive-translate-walked=\"6436c74a-7ea8-4fec-b6f6-b32f313c9cc5\">\n<p data-start=\"2152\" data-end=\"2214\" data-immersive-translate-walked=\"6436c74a-7ea8-4fec-b6f6-b32f313c9cc5\" data-immersive-translate-paragraph=\"1\">LED b\u016bsenos indikatorius \u2013 patogus ir stilingas akumuliatoriaus rodiklis<\/p>\n<\/li>\n<li data-start=\"2215\" data-end=\"2325\" data-immersive-translate-walked=\"6436c74a-7ea8-4fec-b6f6-b32f313c9cc5\">\n<p data-start=\"2217\" data-end=\"2325\" data-immersive-translate-walked=\"6436c74a-7ea8-4fec-b6f6-b32f313c9cc5\" data-immersive-translate-paragraph=\"1\">Intensyvus Black Dragon Ice aromatas \u2013 tobulai subalansuotas tarp gaivios \u0161altumo ir a\u0161traus gylio<\/p>\n<\/li>\n<\/ul>\n<p data-start=\"2332\" data-end=\"2569\" data-immersive-translate-walked=\"6436c74a-7ea8-4fec-b6f6-b32f313c9cc5\" data-immersive-translate-paragraph=\"1\">Bang Box 12000 Puff yra b\u016btent tai, ko ie\u0161kote, jei vertinate stipri\u0105 gali\u0105, daug skonio ir paprast\u0105 valdym\u0105. Su \u0161iuo \u012frenginiu galite bet kada ir bet kur ramiai garinti \u2013 be joki\u0173 kompromis\u0173.<\/p>\n<p data-start=\"2571\" data-end=\"2694\" data-immersive-translate-walked=\"6436c74a-7ea8-4fec-b6f6-b32f313c9cc5\" data-immersive-translate-paragraph=\"1\">I\u0161bandykite Bang Box ir patirkite, kaip malonu ir intensyvu gali b\u016bti garinimas su auk\u0161tos kokyb\u0117s vienkartine elektronine cigarete!<\/p>","protected":false},"excerpt":{"rendered":"<p>Bang Box 12000 Puff \u2013 J\u016bs\u0173 galinga vienkartin\u0117 E-cigaret\u0117 ilgalaikiam garinimui! Atraskite Bang Box 12000 Puff, vienkartin\u0119 e-cigaret\u0119, kuri si\u016blo \u017eymiai daugiau...<\/p>","protected":false},"featured_media":6985,"template":"","meta":[],"etheme_brands":[],"product_brand":[101],"product_cat":[88,49,61],"product_tag":[],"class_list":{"0":"post-6982","1":"product","2":"type-product","3":"status-publish","4":"has-post-thumbnail","6":"product_brand-bang-king-vape","7":"product_cat-12k-vape","8":"product_cat-einweg-e-zigarette","9":"product_cat-f","11":"first","12":"instock","13":"shipping-taxable","14":"purchasable","15":"product-type-simple"},"yoast_head":"<!-- This site is optimized with the Yoast SEO plugin v26.5 - https:\/\/yoast.com\/wordpress\/plugins\/seo\/ -->\n<title>Bang Box 12000 Puff Black Dragon Ice Premiumqualit\u00e4t G\u00fcnstig | Vapingnet.de<\/title>\n<meta name=\"description\" content=\"Entdecke Bang Box 12000 Puff Black Dragon Ice Premiumqualit\u00e4t G\u00fcnstig bei vapingnet.de, \u25ba Gro\u00dfe Auswahl an Geschmacksrichtungen &amp; super g\u00fcnstig!\" \/>\n<meta name=\"robots\" content=\"index, follow, max-snippet:-1, max-image-preview:large, max-video-preview:-1\" \/>\n<link rel=\"canonical\" href=\"https:\/\/vapingnet.de\/lt\/vape\/bang-box-12000-puff-black-dragon-ice-premiumqualitaet-guenstig\/\" \/>\n<meta property=\"og:locale\" content=\"lt_LT\" \/>\n<meta property=\"og:type\" content=\"article\" \/>\n<meta property=\"og:title\" content=\"Bang Box 12000 Puff Black Dragon Ice Premiumqualit\u00e4t G\u00fcnstig | Vapingnet.de\" \/>\n<meta property=\"og:description\" content=\"Entdecke Bang Box 12000 Puff Black Dragon Ice Premiumqualit\u00e4t G\u00fcnstig bei vapingnet.de, \u25ba Gro\u00dfe Auswahl an Geschmacksrichtungen &amp; super g\u00fcnstig!\" \/>\n<meta property=\"og:url\" content=\"https:\/\/vapingnet.de\/lt\/vape\/bang-box-12000-puff-black-dragon-ice-premiumqualitaet-guenstig\/\" \/>\n<meta property=\"og:site_name\" content=\"Vapingnet.de\" \/>\n<meta property=\"article:publisher\" content=\"https:\/\/www.facebook.com\/vapingnetde\/\" \/>\n<meta property=\"article:modified_time\" content=\"2025-06-19T03:39:18+00:00\" \/>\n<meta property=\"og:image\" content=\"https:\/\/vapingnet.de\/wp-content\/uploads\/2025\/05\/Black-Dragon-Ice.webp\" \/>\n\t<meta property=\"og:image:width\" content=\"1000\" \/>\n\t<meta property=\"og:image:height\" content=\"1000\" \/>\n\t<meta property=\"og:image:type\" content=\"image\/webp\" \/>\n<meta name=\"twitter:card\" content=\"summary_large_image\" \/>\n<meta name=\"twitter:label1\" content=\"Est. reading time\" \/>\n\t<meta name=\"twitter:data1\" content=\"3 minutes\" \/>\n<script type=\"application\/ld+json\" class=\"yoast-schema-graph\">{\"@context\":\"https:\/\/schema.org\",\"@graph\":[{\"@type\":\"WebPage\",\"@id\":\"https:\/\/vapingnet.de\/vape\/bang-box-12000-puff-black-dragon-ice-premiumqualitaet-guenstig\/\",\"url\":\"https:\/\/vapingnet.de\/vape\/bang-box-12000-puff-black-dragon-ice-premiumqualitaet-guenstig\/\",\"name\":\"Bang Box 12000 Puff Black Dragon Ice Premiumqualit\u00e4t G\u00fcnstig | Vapingnet.de\",\"isPartOf\":{\"@id\":\"https:\/\/vapingnet.de\/#website\"},\"primaryImageOfPage\":{\"@id\":\"https:\/\/vapingnet.de\/vape\/bang-box-12000-puff-black-dragon-ice-premiumqualitaet-guenstig\/#primaryimage\"},\"image\":{\"@id\":\"https:\/\/vapingnet.de\/vape\/bang-box-12000-puff-black-dragon-ice-premiumqualitaet-guenstig\/#primaryimage\"},\"thumbnailUrl\":\"https:\/\/vapingnet.de\/wp-content\/uploads\/2025\/05\/Black-Dragon-Ice.webp\",\"datePublished\":\"2025-05-26T07:13:49+00:00\",\"dateModified\":\"2025-06-19T03:39:18+00:00\",\"description\":\"Entdecke Bang Box 12000 Puff Black Dragon Ice Premiumqualit\u00e4t G\u00fcnstig bei vapingnet.de, \u25ba Gro\u00dfe Auswahl an Geschmacksrichtungen & super g\u00fcnstig!\",\"breadcrumb\":{\"@id\":\"https:\/\/vapingnet.de\/vape\/bang-box-12000-puff-black-dragon-ice-premiumqualitaet-guenstig\/#breadcrumb\"},\"inLanguage\":\"lt-LT\",\"potentialAction\":[{\"@type\":\"ReadAction\",\"target\":[\"https:\/\/vapingnet.de\/vape\/bang-box-12000-puff-black-dragon-ice-premiumqualitaet-guenstig\/\"]}]},{\"@type\":\"ImageObject\",\"inLanguage\":\"lt-LT\",\"@id\":\"https:\/\/vapingnet.de\/vape\/bang-box-12000-puff-black-dragon-ice-premiumqualitaet-guenstig\/#primaryimage\",\"url\":\"https:\/\/vapingnet.de\/wp-content\/uploads\/2025\/05\/Black-Dragon-Ice.webp\",\"contentUrl\":\"https:\/\/vapingnet.de\/wp-content\/uploads\/2025\/05\/Black-Dragon-Ice.webp\",\"width\":1000,\"height\":1000},{\"@type\":\"BreadcrumbList\",\"@id\":\"https:\/\/vapingnet.de\/vape\/bang-box-12000-puff-black-dragon-ice-premiumqualitaet-guenstig\/#breadcrumb\",\"itemListElement\":[{\"@type\":\"ListItem\",\"position\":1,\"name\":\"Home\",\"item\":\"https:\/\/vapingnet.de\/\"},{\"@type\":\"ListItem\",\"position\":2,\"name\":\"Shop\",\"item\":\"https:\/\/vapingnet.de\/vape\/\"},{\"@type\":\"ListItem\",\"position\":3,\"name\":\"Bang Box 12000 Puff Black Dragon Ice Premiumqualit\u00e4t G\u00fcnstig\"}]},{\"@type\":\"WebSite\",\"@id\":\"https:\/\/vapingnet.de\/#website\",\"url\":\"https:\/\/vapingnet.de\/\",\"name\":\"Vapingnet.de\",\"description\":\"\",\"publisher\":{\"@id\":\"https:\/\/vapingnet.de\/#organization\"},\"potentialAction\":[{\"@type\":\"SearchAction\",\"target\":{\"@type\":\"EntryPoint\",\"urlTemplate\":\"https:\/\/vapingnet.de\/?s={search_term_string}\"},\"query-input\":{\"@type\":\"PropertyValueSpecification\",\"valueRequired\":true,\"valueName\":\"search_term_string\"}}],\"inLanguage\":\"lt-LT\"},{\"@type\":\"Organization\",\"@id\":\"https:\/\/vapingnet.de\/#organization\",\"name\":\"Vapingnet.de\",\"url\":\"https:\/\/vapingnet.de\/\",\"logo\":{\"@type\":\"ImageObject\",\"inLanguage\":\"lt-LT\",\"@id\":\"https:\/\/vapingnet.de\/#\/schema\/logo\/image\/\",\"url\":\"https:\/\/vapingnet.de\/wp-content\/uploads\/2025\/03\/cropped-vapingnet.de_.jpg\",\"contentUrl\":\"https:\/\/vapingnet.de\/wp-content\/uploads\/2025\/03\/cropped-vapingnet.de_.jpg\",\"width\":512,\"height\":512,\"caption\":\"Vapingnet.de\"},\"image\":{\"@id\":\"https:\/\/vapingnet.de\/#\/schema\/logo\/image\/\"},\"sameAs\":[\"https:\/\/www.facebook.com\/vapingnetde\/\"]}]}<\/script>\n<!-- \/ Yoast SEO plugin. -->","yoast_head_json":{"title":"Bang Box 12000 Puff Black Dragon Ice Premiumqualit\u00e4t G\u00fcnstig | Vapingnet.de","description":"Entdecke Bang Box 12000 Puff Black Dragon Ice Premiumqualit\u00e4t G\u00fcnstig bei vapingnet.de, \u25ba Gro\u00dfe Auswahl an Geschmacksrichtungen & super g\u00fcnstig!","robots":{"index":"index","follow":"follow","max-snippet":"max-snippet:-1","max-image-preview":"max-image-preview:large","max-video-preview":"max-video-preview:-1"},"canonical":"https:\/\/vapingnet.de\/lt\/vape\/bang-box-12000-puff-black-dragon-ice-premiumqualitaet-guenstig\/","og_locale":"lt_LT","og_type":"article","og_title":"Bang Box 12000 Puff Black Dragon Ice Premiumqualit\u00e4t G\u00fcnstig | Vapingnet.de","og_description":"Entdecke Bang Box 12000 Puff Black Dragon Ice Premiumqualit\u00e4t G\u00fcnstig bei vapingnet.de, \u25ba Gro\u00dfe Auswahl an Geschmacksrichtungen & super g\u00fcnstig!","og_url":"https:\/\/vapingnet.de\/lt\/vape\/bang-box-12000-puff-black-dragon-ice-premiumqualitaet-guenstig\/","og_site_name":"Vapingnet.de","article_publisher":"https:\/\/www.facebook.com\/vapingnetde\/","article_modified_time":"2025-06-19T03:39:18+00:00","og_image":[{"width":1000,"height":1000,"url":"https:\/\/vapingnet.de\/wp-content\/uploads\/2025\/05\/Black-Dragon-Ice.webp","type":"image\/webp"}],"twitter_card":"summary_large_image","twitter_misc":{"Est. reading time":"3 minutes"},"schema":{"@context":"https:\/\/schema.org","@graph":[{"@type":"WebPage","@id":"https:\/\/vapingnet.de\/vape\/bang-box-12000-puff-black-dragon-ice-premiumqualitaet-guenstig\/","url":"https:\/\/vapingnet.de\/vape\/bang-box-12000-puff-black-dragon-ice-premiumqualitaet-guenstig\/","name":"Bang Box 12000 Puff Black Dragon Ice Premiumqualit\u00e4t G\u00fcnstig | Vapingnet.de","isPartOf":{"@id":"https:\/\/vapingnet.de\/#website"},"primaryImageOfPage":{"@id":"https:\/\/vapingnet.de\/vape\/bang-box-12000-puff-black-dragon-ice-premiumqualitaet-guenstig\/#primaryimage"},"image":{"@id":"https:\/\/vapingnet.de\/vape\/bang-box-12000-puff-black-dragon-ice-premiumqualitaet-guenstig\/#primaryimage"},"thumbnailUrl":"https:\/\/vapingnet.de\/wp-content\/uploads\/2025\/05\/Black-Dragon-Ice.webp","datePublished":"2025-05-26T07:13:49+00:00","dateModified":"2025-06-19T03:39:18+00:00","description":"Entdecke Bang Box 12000 Puff Black Dragon Ice Premiumqualit\u00e4t G\u00fcnstig bei vapingnet.de, \u25ba Gro\u00dfe Auswahl an Geschmacksrichtungen & super g\u00fcnstig!","breadcrumb":{"@id":"https:\/\/vapingnet.de\/vape\/bang-box-12000-puff-black-dragon-ice-premiumqualitaet-guenstig\/#breadcrumb"},"inLanguage":"lt-LT","potentialAction":[{"@type":"ReadAction","target":["https:\/\/vapingnet.de\/vape\/bang-box-12000-puff-black-dragon-ice-premiumqualitaet-guenstig\/"]}]},{"@type":"ImageObject","inLanguage":"lt-LT","@id":"https:\/\/vapingnet.de\/vape\/bang-box-12000-puff-black-dragon-ice-premiumqualitaet-guenstig\/#primaryimage","url":"https:\/\/vapingnet.de\/wp-content\/uploads\/2025\/05\/Black-Dragon-Ice.webp","contentUrl":"https:\/\/vapingnet.de\/wp-content\/uploads\/2025\/05\/Black-Dragon-Ice.webp","width":1000,"height":1000},{"@type":"BreadcrumbList","@id":"https:\/\/vapingnet.de\/vape\/bang-box-12000-puff-black-dragon-ice-premiumqualitaet-guenstig\/#breadcrumb","itemListElement":[{"@type":"ListItem","position":1,"name":"Home","item":"https:\/\/vapingnet.de\/"},{"@type":"ListItem","position":2,"name":"Shop","item":"https:\/\/vapingnet.de\/vape\/"},{"@type":"ListItem","position":3,"name":"Bang Box 12000 Puff Black Dragon Ice Premiumqualit\u00e4t G\u00fcnstig"}]},{"@type":"WebSite","@id":"https:\/\/vapingnet.de\/#website","url":"https:\/\/vapingnet.de\/","name":"Vapingnet.de","description":"","publisher":{"@id":"https:\/\/vapingnet.de\/#organization"},"potentialAction":[{"@type":"SearchAction","target":{"@type":"EntryPoint","urlTemplate":"https:\/\/vapingnet.de\/?s={search_term_string}"},"query-input":{"@type":"PropertyValueSpecification","valueRequired":true,"valueName":"search_term_string"}}],"inLanguage":"lt-LT"},{"@type":"Organization","@id":"https:\/\/vapingnet.de\/#organization","name":"Vapingnet.de","url":"https:\/\/vapingnet.de\/","logo":{"@type":"ImageObject","inLanguage":"lt-LT","@id":"https:\/\/vapingnet.de\/#\/schema\/logo\/image\/","url":"https:\/\/vapingnet.de\/wp-content\/uploads\/2025\/03\/cropped-vapingnet.de_.jpg","contentUrl":"https:\/\/vapingnet.de\/wp-content\/uploads\/2025\/03\/cropped-vapingnet.de_.jpg","width":512,"height":512,"caption":"Vapingnet.de"},"image":{"@id":"https:\/\/vapingnet.de\/#\/schema\/logo\/image\/"},"sameAs":["https:\/\/www.facebook.com\/vapingnetde\/"]}]}},"tiered_pricing_type":"fixed","tiered_pricing_fixed_rules":{"10":"7.31","60":"6.58","110":"5.85","200":"5.12"},"tiered_pricing_product_settings":{"layout":"default","base_unit_name":{"singular":null,"plural":null},"default_variation":null},"tiered_pricing_minimum_quantity":null,"tiered_pricing_roles_data":[],"tiered_pricing_percentage_rules":[],"_links":{"self":[{"href":"https:\/\/vapingnet.de\/lt\/wp-json\/wp\/v2\/product\/6982","targetHints":{"allow":["GET"]}}],"collection":[{"href":"https:\/\/vapingnet.de\/lt\/wp-json\/wp\/v2\/product"}],"about":[{"href":"https:\/\/vapingnet.de\/lt\/wp-json\/wp\/v2\/types\/product"}],"version-history":[{"count":1,"href":"https:\/\/vapingnet.de\/lt\/wp-json\/wp\/v2\/product\/6982\/revisions"}],"predecessor-version":[{"id":6991,"href":"https:\/\/vapingnet.de\/lt\/wp-json\/wp\/v2\/product\/6982\/revisions\/6991"}],"wp:featuredmedia":[{"embeddable":true,"href":"https:\/\/vapingnet.de\/lt\/wp-json\/wp\/v2\/media\/6985"}],"wp:attachment":[{"href":"https:\/\/vapingnet.de\/lt\/wp-json\/wp\/v2\/media?parent=6982"}],"wp:term":[{"taxonomy":"brand","embeddable":true,"href":"https:\/\/vapingnet.de\/lt\/wp-json\/wp\/v2\/etheme_brands?post=6982"},{"taxonomy":"product_brand","embeddable":true,"href":"https:\/\/vapingnet.de\/lt\/wp-json\/wp\/v2\/product_brand?post=6982"},{"taxonomy":"product_cat","embeddable":true,"href":"https:\/\/vapingnet.de\/lt\/wp-json\/wp\/v2\/product_cat?post=6982"},{"taxonomy":"product_tag","embeddable":true,"href":"https:\/\/vapingnet.de\/lt\/wp-json\/wp\/v2\/product_tag?post=6982"}],"curies":[{"name":"wp","href":"https:\/\/api.w.org\/{rel}","templated":true}]}}