{"id":6983,"date":"2025-05-26T07:13:51","date_gmt":"2025-05-26T07:13:51","guid":{"rendered":"https:\/\/vapingnet.de\/?post_type=product&#038;p=6983"},"modified":"2025-06-19T03:39:18","modified_gmt":"2025-06-19T03:39:18","slug":"strawberry-watermelon-bang-box-12000-puffs-original-factory-direct","status":"publish","type":"product","link":"https:\/\/vapingnet.de\/lt\/vape\/strawberry-watermelon-bang-box-12000-puffs-original-factory-direct\/","title":{"rendered":"Strawberry Watermelon Bang Box 12000 P\u016b\u010di\u0173 Originalus &amp; Tiesiogin\u0117 Gamykla"},"content":{"rendered":"<h2 data-start=\"80\" data-end=\"135\" data-immersive-translate-walked=\"80607683-e837-4fc8-9cf3-b6afc2673b1c\">Bang Box 12000 \u2013 Kai dizainas susitinka su na\u0161umu<\/h2>\n<p data-start=\"137\" data-end=\"422\" data-immersive-translate-walked=\"80607683-e837-4fc8-9cf3-b6afc2673b1c\" data-immersive-translate-paragraph=\"1\">Kar\u0161ta vasaros diena. Saul\u0117 l\u0117tai leid\u017eiasi u\u017e horizonto, oras stovi. Atsilo\u0161i, pirmas \u012fkv\u0117pimas: saldi bra\u0161k\u0117 susitinka su gaiviu arb\u016bzu \u2013 \u0161vie\u017eia, vaisinga, maloniai mink\u0161ta gerkl\u0117je. Joki\u0173 \u012fbr\u0117\u017eim\u0173, joki\u0173 pastang\u0173. Tik grynas skonis ir tankus garas.<\/p>\n<p data-start=\"424\" data-end=\"655\" data-immersive-translate-walked=\"80607683-e837-4fc8-9cf3-b6afc2673b1c\" data-immersive-translate-paragraph=\"1\">Bang Box 12000 yra daugiau nei vienkartin\u0117 elektronin\u0117 cigaret\u0117. Ji yra apgalvotas garo \u012frenginys \u017emon\u0117ms, turintiems reikalavim\u0173 \u2013 na\u0161umo, skonio ir stiliaus. Sukurtas \u0161iuolaikinei kasdienybei, kurioje malonumas turi veikti be priekai\u0161t\u0173.<\/p>\n<h3 data-start=\"657\" data-end=\"692\" data-immersive-translate-walked=\"80607683-e837-4fc8-9cf3-b6afc2673b1c\" data-immersive-translate-paragraph=\"1\">Kam skirta Bang Box 12000?<\/h3>\n<p data-start=\"694\" data-end=\"864\" data-immersive-translate-walked=\"80607683-e837-4fc8-9cf3-b6afc2673b1c\" data-immersive-translate-paragraph=\"1\">\u0160is vape skirtas visiems, kurie ie\u0161ko ai\u0161kios alternatyvos tradiciniam r\u016bkymui \u2013 be sud\u0117ting\u0173 sistem\u0173. Jis yra tobulas:<\/p>\n<ul data-start=\"866\" data-end=\"1064\" data-immersive-translate-walked=\"80607683-e837-4fc8-9cf3-b6afc2673b1c\">\n<li data-start=\"866\" data-end=\"910\" data-immersive-translate-walked=\"80607683-e837-4fc8-9cf3-b6afc2673b1c\">\n<p data-start=\"868\" data-end=\"910\" data-immersive-translate-walked=\"80607683-e837-4fc8-9cf3-b6afc2673b1c\" data-immersive-translate-paragraph=\"1\">Pradedantiesiems, kurie nori paprastai prad\u0117ti<\/p>\n<\/li>\n<li data-start=\"911\" data-end=\"986\" data-immersive-translate-walked=\"80607683-e837-4fc8-9cf3-b6afc2673b1c\">\n<p data-start=\"913\" data-end=\"986\" data-immersive-translate-walked=\"80607683-e837-4fc8-9cf3-b6afc2673b1c\" data-immersive-translate-paragraph=\"1\">Patyrusiems naudotojams, kurie keliaudami reikalinga patikima antra alternatyva<\/p>\n<\/li>\n<li data-start=\"987\" data-end=\"1064\" data-immersive-translate-walked=\"80607683-e837-4fc8-9cf3-b6afc2673b1c\">\n<p data-start=\"989\" data-end=\"1064\" data-immersive-translate-walked=\"80607683-e837-4fc8-9cf3-b6afc2673b1c\" data-immersive-translate-paragraph=\"1\">Esteti\u0161kai m\u0105stantiems garuotojams, kurie vertina tiek funkcionalum\u0105, tiek dizain\u0105<\/p>\n<\/li>\n<\/ul>\n<p data-start=\"1066\" data-end=\"1180\" data-immersive-translate-walked=\"80607683-e837-4fc8-9cf3-b6afc2673b1c\" data-immersive-translate-paragraph=\"1\">Ar keliaujant, per pertrauk\u0105 ar namuose \u2013 Bang Box nuolat suteikia stipr\u0173 skon\u012f su maksimalia patogumu.<\/p>\n<h4 data-start=\"1182\" data-end=\"1205\" data-immersive-translate-walked=\"80607683-e837-4fc8-9cf3-b6afc2673b1c\" data-immersive-translate-paragraph=\"1\">Kas i\u0161skiria j\u012f<\/h4>\n<p data-start=\"1207\" data-end=\"1467\" data-immersive-translate-walked=\"80607683-e837-4fc8-9cf3-b6afc2673b1c\" data-immersive-translate-paragraph=\"1\">Bang Box 12000 pasi\u017eymi \u012fsp\u016bdingu i\u0161tvermingumu: iki 12 000 \u012fkv\u0117pim\u0173 su nuolatiniu na\u0161umu. Auk\u0161tos kokyb\u0117s 650 mAh akumuliatorius, patogiai \u012fkraunamas per modern\u0173 Type-C jungt\u012f, garantuoja ilgalaik\u012f naudojim\u0105 be pertrauk\u0173.<\/p>\n<p data-start=\"1469\" data-end=\"1736\" data-immersive-translate-walked=\"80607683-e837-4fc8-9cf3-b6afc2673b1c\" data-immersive-translate-paragraph=\"1\">\u012emontuotas 0,8 om\u0173 tinklelio rit\u0117 u\u017etikrina tolyg\u0173 \u0161ilumos paskirstym\u0105, efektyv\u0173 garavim\u0105 ir pilnavert\u012f, intensyv\u0173 skon\u012f kiekvieno \u012fkv\u0117pimo metu. Derinant su dideliu 20 ml talpos bakeliu, skystis i\u0161siskleid\u017eia optimaliai \u2013 be papildymo.<\/p>\n<p data-start=\"1738\" data-end=\"1893\" data-immersive-translate-walked=\"80607683-e837-4fc8-9cf3-b6afc2673b1c\" data-immersive-translate-paragraph=\"1\">Nikotino stiprumas yra pasirinktinai: 2 % \u0161velniam potyriui, 5 % intensyvesniems poreikiams. Taip gal\u0117site pritaikyti savo garavimo patirt\u012f pagal savo poreikius.<\/p>\n<h4 data-start=\"1895\" data-end=\"1919\" data-immersive-translate-walked=\"80607683-e837-4fc8-9cf3-b6afc2673b1c\" data-immersive-translate-paragraph=\"1\">Technin\u0117 ap\u017evalga<\/h4>\n<ul data-start=\"1921\" data-end=\"2211\" data-immersive-translate-walked=\"80607683-e837-4fc8-9cf3-b6afc2673b1c\">\n<li data-start=\"1921\" data-end=\"1958\" data-immersive-translate-walked=\"80607683-e837-4fc8-9cf3-b6afc2673b1c\">\n<p data-start=\"1923\" data-end=\"1958\" data-immersive-translate-walked=\"80607683-e837-4fc8-9cf3-b6afc2673b1c\" data-immersive-translate-paragraph=\"1\">Naudojimo trukm\u0117: iki 12 000 \u012fkv\u0117pim\u0173<\/p>\n<\/li>\n<li data-start=\"1959\" data-end=\"2004\" data-immersive-translate-walked=\"80607683-e837-4fc8-9cf3-b6afc2673b1c\">\n<p data-start=\"1961\" data-end=\"2004\" data-immersive-translate-walked=\"80607683-e837-4fc8-9cf3-b6afc2673b1c\" data-immersive-translate-paragraph=\"1\">Akumuliatorius: 650 mAh (\u012fkraunamas per USB-C)<\/p>\n<\/li>\n<li data-start=\"2005\" data-end=\"2037\" data-immersive-translate-walked=\"80607683-e837-4fc8-9cf3-b6afc2673b1c\">\n<p data-start=\"2007\" data-end=\"2037\" data-immersive-translate-walked=\"80607683-e837-4fc8-9cf3-b6afc2673b1c\" data-immersive-translate-paragraph=\"1\">E-skystis: 20 ml (integruotas)<\/p>\n<\/li>\n<li data-start=\"2038\" data-end=\"2069\" data-immersive-translate-walked=\"80607683-e837-4fc8-9cf3-b6afc2673b1c\">\n<p data-start=\"2040\" data-end=\"2069\" data-immersive-translate-walked=\"80607683-e837-4fc8-9cf3-b6afc2673b1c\" data-immersive-translate-paragraph=\"1\">Nikotino kiekis: 2 % arba 5 %<\/p>\n<\/li>\n<li data-start=\"2070\" data-end=\"2092\" data-immersive-translate-walked=\"80607683-e837-4fc8-9cf3-b6afc2673b1c\">\n<p data-start=\"2072\" data-end=\"2092\" data-immersive-translate-walked=\"80607683-e837-4fc8-9cf3-b6afc2673b1c\" data-immersive-translate-paragraph=\"1\">Vamzdelis: 0,8 Ohm tinklelis<\/p>\n<\/li>\n<li data-start=\"2093\" data-end=\"2110\" data-immersive-translate-walked=\"80607683-e837-4fc8-9cf3-b6afc2673b1c\">\n<p data-start=\"2095\" data-end=\"2110\" data-immersive-translate-walked=\"80607683-e837-4fc8-9cf3-b6afc2673b1c\" data-immersive-translate-paragraph=\"1\">Svoris: 85 g<\/p>\n<\/li>\n<li data-start=\"2111\" data-end=\"2145\" data-immersive-translate-walked=\"80607683-e837-4fc8-9cf3-b6afc2673b1c\">\n<p data-start=\"2113\" data-end=\"2145\" data-immersive-translate-walked=\"80607683-e837-4fc8-9cf3-b6afc2673b1c\" data-immersive-translate-paragraph=\"1\">Integruotas LED spalvotas efektas<\/p>\n<\/li>\n<li data-start=\"2146\" data-end=\"2211\" data-immersive-translate-walked=\"80607683-e837-4fc8-9cf3-b6afc2673b1c\">\n<p data-start=\"2148\" data-end=\"2211\" data-immersive-translate-walked=\"80607683-e837-4fc8-9cf3-b6afc2673b1c\" data-immersive-translate-paragraph=\"1\">Skonis: Bra\u0161k\u0117 Arb\u016bzas (saldu, gaivus, subalansuotas)<\/p>\n<\/li>\n<\/ul>\n<h3><img fetchpriority=\"high\" decoding=\"async\" class=\"size-full wp-image-6949 aligncenter\" src=\"https:\/\/vapingnet.de\/wp-content\/uploads\/2025\/05\/9563b0a8cb8b6cda1f6280cd978d050-scaled.jpg\" alt=\"\" width=\"2045\" height=\"2560\" srcset=\"https:\/\/vapingnet.de\/wp-content\/uploads\/2025\/05\/9563b0a8cb8b6cda1f6280cd978d050-scaled.jpg 2045w, https:\/\/vapingnet.de\/wp-content\/uploads\/2025\/05\/9563b0a8cb8b6cda1f6280cd978d050-240x300.jpg 240w, https:\/\/vapingnet.de\/wp-content\/uploads\/2025\/05\/9563b0a8cb8b6cda1f6280cd978d050-818x1024.jpg 818w, https:\/\/vapingnet.de\/wp-content\/uploads\/2025\/05\/9563b0a8cb8b6cda1f6280cd978d050-768x961.jpg 768w, https:\/\/vapingnet.de\/wp-content\/uploads\/2025\/05\/9563b0a8cb8b6cda1f6280cd978d050-1227x1536.jpg 1227w, https:\/\/vapingnet.de\/wp-content\/uploads\/2025\/05\/9563b0a8cb8b6cda1f6280cd978d050-1636x2048.jpg 1636w, https:\/\/vapingnet.de\/wp-content\/uploads\/2025\/05\/9563b0a8cb8b6cda1f6280cd978d050-600x751.jpg 600w, https:\/\/vapingnet.de\/wp-content\/uploads\/2025\/05\/9563b0a8cb8b6cda1f6280cd978d050-1x1.jpg 1w, https:\/\/vapingnet.de\/wp-content\/uploads\/2025\/05\/9563b0a8cb8b6cda1f6280cd978d050-8x10.jpg 8w\" sizes=\"(max-width: 2045px) 100vw, 2045px\" \/><\/h3>\n<h3>Kod\u0117l Bang Box?<\/h3>\n<p data-start=\"2234\" data-end=\"2538\" data-immersive-translate-walked=\"80607683-e837-4fc8-9cf3-b6afc2673b1c\" data-immersive-translate-paragraph=\"1\">Kadangi ji si\u016blo nekompromis\u0105 paprastum\u0105. N\u0117ra papildymo, keitimo ritini\u0173 ar nustatym\u0173. Jums tereikia: traukti ir m\u0117gautis. Ir visa tai auk\u0161to techninio lygio. Bang Box 12000 sujungia naudotojo draugi\u0161kum\u0105 su \u012fsp\u016bdinga galia \u2013 kompakti\u0161ko, eleganti\u0161ko dizaino.<\/p>\n<p data-start=\"2540\" data-end=\"2721\" data-immersive-translate-walked=\"80607683-e837-4fc8-9cf3-b6afc2673b1c\" data-immersive-translate-paragraph=\"1\">Ai\u0161kus, paprastas dizainas su integruotu LED spalvotu ap\u0161vietimu pabr\u0117\u017eia \u0161io produkto modern\u0173 charakter\u012f \u2013 subtiliai, bet pakankamai akivaizd\u017eiai, kad sukurt\u0173 \u012fsp\u016bd\u012f.<\/p>\n<p data-start=\"2734\" data-end=\"2967\" data-immersive-translate-walked=\"80607683-e837-4fc8-9cf3-b6afc2673b1c\" data-immersive-translate-paragraph=\"1\">Bang Box 12000 \u017eymi nauj\u0105j\u0105 vape kart\u0105, kuri ne tik veikia, bet ir \u017eavi. Ji si\u016blo intensyv\u0173 skonio patirt\u012f, technologin\u012f tikslum\u0105 ir \u0161iuolaiki\u0161k\u0105 dizain\u0105 \u2013 visk\u0105 viename \u012frenginyje.<\/p>\n<p data-start=\"2969\" data-end=\"3137\" data-immersive-translate-walked=\"80607683-e837-4fc8-9cf3-b6afc2673b1c\" data-immersive-translate-paragraph=\"1\">Nesvarbu, ar esate naujokas vape pasaulyje, ar ie\u0161kote prakti\u0161ko, galingo antrojo \u012frenginio \u2013 su Bang Box 12000 priimate sprendim\u0105 d\u0117l kokyb\u0117s, patogumo ir stiliaus.<\/p>","protected":false},"excerpt":{"rendered":"<p>Bang Box 12000 \u2013 Kai dizainas susitinka su na\u0161umu. Kar\u0161ta vasaros diena. Saul\u0117 l\u0117tai leid\u017eiasi u\u017e horizonto, oras stovi. Tu...<\/p>","protected":false},"featured_media":6986,"template":"","meta":[],"etheme_brands":[],"product_brand":[101],"product_cat":[88],"product_tag":[],"class_list":{"0":"post-6983","1":"product","2":"type-product","3":"status-publish","4":"has-post-thumbnail","6":"product_brand-bang-king-vape","7":"product_cat-12k-vape","9":"first","10":"instock","11":"shipping-taxable","12":"purchasable","13":"product-type-simple"},"yoast_head":"<!-- This site is optimized with the Yoast SEO plugin v26.5 - https:\/\/yoast.com\/wordpress\/plugins\/seo\/ -->\n<title>Strawberry Watermelon Bang Box 12000 Puffs Original &amp; Factory Direct | Vapingnet.de<\/title>\n<meta name=\"description\" content=\"Entdecke Strawberry Watermelon Bang Box 12000 Puffs Original &amp; Factory Direct bei vapingnet.de, \u25ba Gro\u00dfe Auswahl an Geschmacksrichtungen &amp; super g\u00fcnstig!\" \/>\n<meta name=\"robots\" content=\"index, follow, max-snippet:-1, max-image-preview:large, max-video-preview:-1\" \/>\n<link rel=\"canonical\" href=\"https:\/\/vapingnet.de\/lt\/vape\/strawberry-watermelon-bang-box-12000-puffs-original-factory-direct\/\" \/>\n<meta property=\"og:locale\" content=\"lt_LT\" \/>\n<meta property=\"og:type\" content=\"article\" \/>\n<meta property=\"og:title\" content=\"Strawberry Watermelon Bang Box 12000 Puffs Original &amp; Factory Direct | Vapingnet.de\" \/>\n<meta property=\"og:description\" content=\"Entdecke Strawberry Watermelon Bang Box 12000 Puffs Original &amp; Factory Direct bei vapingnet.de, \u25ba Gro\u00dfe Auswahl an Geschmacksrichtungen &amp; super g\u00fcnstig!\" \/>\n<meta property=\"og:url\" content=\"https:\/\/vapingnet.de\/lt\/vape\/strawberry-watermelon-bang-box-12000-puffs-original-factory-direct\/\" \/>\n<meta property=\"og:site_name\" content=\"Vapingnet.de\" \/>\n<meta property=\"article:publisher\" content=\"https:\/\/www.facebook.com\/vapingnetde\/\" \/>\n<meta property=\"article:modified_time\" content=\"2025-06-19T03:39:18+00:00\" \/>\n<meta property=\"og:image\" content=\"https:\/\/vapingnet.de\/wp-content\/uploads\/2025\/05\/Strawberry-Watermelon-2.webp\" \/>\n\t<meta property=\"og:image:width\" content=\"1000\" \/>\n\t<meta property=\"og:image:height\" content=\"1000\" \/>\n\t<meta property=\"og:image:type\" content=\"image\/webp\" \/>\n<meta name=\"twitter:card\" content=\"summary_large_image\" \/>\n<meta name=\"twitter:label1\" content=\"Est. reading time\" \/>\n\t<meta name=\"twitter:data1\" content=\"3 minutes\" \/>\n<script type=\"application\/ld+json\" class=\"yoast-schema-graph\">{\"@context\":\"https:\/\/schema.org\",\"@graph\":[{\"@type\":\"WebPage\",\"@id\":\"https:\/\/vapingnet.de\/vape\/strawberry-watermelon-bang-box-12000-puffs-original-factory-direct\/\",\"url\":\"https:\/\/vapingnet.de\/vape\/strawberry-watermelon-bang-box-12000-puffs-original-factory-direct\/\",\"name\":\"Strawberry Watermelon Bang Box 12000 Puffs Original & Factory Direct | Vapingnet.de\",\"isPartOf\":{\"@id\":\"https:\/\/vapingnet.de\/#website\"},\"primaryImageOfPage\":{\"@id\":\"https:\/\/vapingnet.de\/vape\/strawberry-watermelon-bang-box-12000-puffs-original-factory-direct\/#primaryimage\"},\"image\":{\"@id\":\"https:\/\/vapingnet.de\/vape\/strawberry-watermelon-bang-box-12000-puffs-original-factory-direct\/#primaryimage\"},\"thumbnailUrl\":\"https:\/\/vapingnet.de\/wp-content\/uploads\/2025\/05\/Strawberry-Watermelon-2.webp\",\"datePublished\":\"2025-05-26T07:13:51+00:00\",\"dateModified\":\"2025-06-19T03:39:18+00:00\",\"description\":\"Entdecke Strawberry Watermelon Bang Box 12000 Puffs Original & Factory Direct bei vapingnet.de, \u25ba Gro\u00dfe Auswahl an Geschmacksrichtungen & super g\u00fcnstig!\",\"breadcrumb\":{\"@id\":\"https:\/\/vapingnet.de\/vape\/strawberry-watermelon-bang-box-12000-puffs-original-factory-direct\/#breadcrumb\"},\"inLanguage\":\"lt-LT\",\"potentialAction\":[{\"@type\":\"ReadAction\",\"target\":[\"https:\/\/vapingnet.de\/vape\/strawberry-watermelon-bang-box-12000-puffs-original-factory-direct\/\"]}]},{\"@type\":\"ImageObject\",\"inLanguage\":\"lt-LT\",\"@id\":\"https:\/\/vapingnet.de\/vape\/strawberry-watermelon-bang-box-12000-puffs-original-factory-direct\/#primaryimage\",\"url\":\"https:\/\/vapingnet.de\/wp-content\/uploads\/2025\/05\/Strawberry-Watermelon-2.webp\",\"contentUrl\":\"https:\/\/vapingnet.de\/wp-content\/uploads\/2025\/05\/Strawberry-Watermelon-2.webp\",\"width\":1000,\"height\":1000},{\"@type\":\"BreadcrumbList\",\"@id\":\"https:\/\/vapingnet.de\/vape\/strawberry-watermelon-bang-box-12000-puffs-original-factory-direct\/#breadcrumb\",\"itemListElement\":[{\"@type\":\"ListItem\",\"position\":1,\"name\":\"Home\",\"item\":\"https:\/\/vapingnet.de\/\"},{\"@type\":\"ListItem\",\"position\":2,\"name\":\"Shop\",\"item\":\"https:\/\/vapingnet.de\/vape\/\"},{\"@type\":\"ListItem\",\"position\":3,\"name\":\"Strawberry Watermelon Bang Box 12000 Puffs Original &#038; Factory Direct\"}]},{\"@type\":\"WebSite\",\"@id\":\"https:\/\/vapingnet.de\/#website\",\"url\":\"https:\/\/vapingnet.de\/\",\"name\":\"Vapingnet.de\",\"description\":\"\",\"publisher\":{\"@id\":\"https:\/\/vapingnet.de\/#organization\"},\"potentialAction\":[{\"@type\":\"SearchAction\",\"target\":{\"@type\":\"EntryPoint\",\"urlTemplate\":\"https:\/\/vapingnet.de\/?s={search_term_string}\"},\"query-input\":{\"@type\":\"PropertyValueSpecification\",\"valueRequired\":true,\"valueName\":\"search_term_string\"}}],\"inLanguage\":\"lt-LT\"},{\"@type\":\"Organization\",\"@id\":\"https:\/\/vapingnet.de\/#organization\",\"name\":\"Vapingnet.de\",\"url\":\"https:\/\/vapingnet.de\/\",\"logo\":{\"@type\":\"ImageObject\",\"inLanguage\":\"lt-LT\",\"@id\":\"https:\/\/vapingnet.de\/#\/schema\/logo\/image\/\",\"url\":\"https:\/\/vapingnet.de\/wp-content\/uploads\/2025\/03\/cropped-vapingnet.de_.jpg\",\"contentUrl\":\"https:\/\/vapingnet.de\/wp-content\/uploads\/2025\/03\/cropped-vapingnet.de_.jpg\",\"width\":512,\"height\":512,\"caption\":\"Vapingnet.de\"},\"image\":{\"@id\":\"https:\/\/vapingnet.de\/#\/schema\/logo\/image\/\"},\"sameAs\":[\"https:\/\/www.facebook.com\/vapingnetde\/\"]}]}<\/script>\n<!-- \/ Yoast SEO plugin. -->","yoast_head_json":{"title":"Strawberry Watermelon Bang Box 12000 Puffs Original & Factory Direct | Vapingnet.de","description":"Entdecke Strawberry Watermelon Bang Box 12000 Puffs Original & Factory Direct bei vapingnet.de, \u25ba Gro\u00dfe Auswahl an Geschmacksrichtungen & super g\u00fcnstig!","robots":{"index":"index","follow":"follow","max-snippet":"max-snippet:-1","max-image-preview":"max-image-preview:large","max-video-preview":"max-video-preview:-1"},"canonical":"https:\/\/vapingnet.de\/lt\/vape\/strawberry-watermelon-bang-box-12000-puffs-original-factory-direct\/","og_locale":"lt_LT","og_type":"article","og_title":"Strawberry Watermelon Bang Box 12000 Puffs Original & Factory Direct | Vapingnet.de","og_description":"Entdecke Strawberry Watermelon Bang Box 12000 Puffs Original & Factory Direct bei vapingnet.de, \u25ba Gro\u00dfe Auswahl an Geschmacksrichtungen & super g\u00fcnstig!","og_url":"https:\/\/vapingnet.de\/lt\/vape\/strawberry-watermelon-bang-box-12000-puffs-original-factory-direct\/","og_site_name":"Vapingnet.de","article_publisher":"https:\/\/www.facebook.com\/vapingnetde\/","article_modified_time":"2025-06-19T03:39:18+00:00","og_image":[{"width":1000,"height":1000,"url":"https:\/\/vapingnet.de\/wp-content\/uploads\/2025\/05\/Strawberry-Watermelon-2.webp","type":"image\/webp"}],"twitter_card":"summary_large_image","twitter_misc":{"Est. reading time":"3 minutes"},"schema":{"@context":"https:\/\/schema.org","@graph":[{"@type":"WebPage","@id":"https:\/\/vapingnet.de\/vape\/strawberry-watermelon-bang-box-12000-puffs-original-factory-direct\/","url":"https:\/\/vapingnet.de\/vape\/strawberry-watermelon-bang-box-12000-puffs-original-factory-direct\/","name":"Strawberry Watermelon Bang Box 12000 Puffs Original & Factory Direct | Vapingnet.de","isPartOf":{"@id":"https:\/\/vapingnet.de\/#website"},"primaryImageOfPage":{"@id":"https:\/\/vapingnet.de\/vape\/strawberry-watermelon-bang-box-12000-puffs-original-factory-direct\/#primaryimage"},"image":{"@id":"https:\/\/vapingnet.de\/vape\/strawberry-watermelon-bang-box-12000-puffs-original-factory-direct\/#primaryimage"},"thumbnailUrl":"https:\/\/vapingnet.de\/wp-content\/uploads\/2025\/05\/Strawberry-Watermelon-2.webp","datePublished":"2025-05-26T07:13:51+00:00","dateModified":"2025-06-19T03:39:18+00:00","description":"Entdecke Strawberry Watermelon Bang Box 12000 Puffs Original & Factory Direct bei vapingnet.de, \u25ba Gro\u00dfe Auswahl an Geschmacksrichtungen & super g\u00fcnstig!","breadcrumb":{"@id":"https:\/\/vapingnet.de\/vape\/strawberry-watermelon-bang-box-12000-puffs-original-factory-direct\/#breadcrumb"},"inLanguage":"lt-LT","potentialAction":[{"@type":"ReadAction","target":["https:\/\/vapingnet.de\/vape\/strawberry-watermelon-bang-box-12000-puffs-original-factory-direct\/"]}]},{"@type":"ImageObject","inLanguage":"lt-LT","@id":"https:\/\/vapingnet.de\/vape\/strawberry-watermelon-bang-box-12000-puffs-original-factory-direct\/#primaryimage","url":"https:\/\/vapingnet.de\/wp-content\/uploads\/2025\/05\/Strawberry-Watermelon-2.webp","contentUrl":"https:\/\/vapingnet.de\/wp-content\/uploads\/2025\/05\/Strawberry-Watermelon-2.webp","width":1000,"height":1000},{"@type":"BreadcrumbList","@id":"https:\/\/vapingnet.de\/vape\/strawberry-watermelon-bang-box-12000-puffs-original-factory-direct\/#breadcrumb","itemListElement":[{"@type":"ListItem","position":1,"name":"Home","item":"https:\/\/vapingnet.de\/"},{"@type":"ListItem","position":2,"name":"Shop","item":"https:\/\/vapingnet.de\/vape\/"},{"@type":"ListItem","position":3,"name":"Strawberry Watermelon Bang Box 12000 Puffs Original &#038; Factory Direct"}]},{"@type":"WebSite","@id":"https:\/\/vapingnet.de\/#website","url":"https:\/\/vapingnet.de\/","name":"Vapingnet.de","description":"","publisher":{"@id":"https:\/\/vapingnet.de\/#organization"},"potentialAction":[{"@type":"SearchAction","target":{"@type":"EntryPoint","urlTemplate":"https:\/\/vapingnet.de\/?s={search_term_string}"},"query-input":{"@type":"PropertyValueSpecification","valueRequired":true,"valueName":"search_term_string"}}],"inLanguage":"lt-LT"},{"@type":"Organization","@id":"https:\/\/vapingnet.de\/#organization","name":"Vapingnet.de","url":"https:\/\/vapingnet.de\/","logo":{"@type":"ImageObject","inLanguage":"lt-LT","@id":"https:\/\/vapingnet.de\/#\/schema\/logo\/image\/","url":"https:\/\/vapingnet.de\/wp-content\/uploads\/2025\/03\/cropped-vapingnet.de_.jpg","contentUrl":"https:\/\/vapingnet.de\/wp-content\/uploads\/2025\/03\/cropped-vapingnet.de_.jpg","width":512,"height":512,"caption":"Vapingnet.de"},"image":{"@id":"https:\/\/vapingnet.de\/#\/schema\/logo\/image\/"},"sameAs":["https:\/\/www.facebook.com\/vapingnetde\/"]}]}},"tiered_pricing_type":"fixed","tiered_pricing_fixed_rules":{"10":"7.31","60":"6.58","110":"5.85","200":"5.12"},"tiered_pricing_product_settings":{"layout":"default","base_unit_name":{"singular":null,"plural":null},"default_variation":null},"tiered_pricing_minimum_quantity":null,"tiered_pricing_roles_data":[],"tiered_pricing_percentage_rules":[],"_links":{"self":[{"href":"https:\/\/vapingnet.de\/lt\/wp-json\/wp\/v2\/product\/6983","targetHints":{"allow":["GET"]}}],"collection":[{"href":"https:\/\/vapingnet.de\/lt\/wp-json\/wp\/v2\/product"}],"about":[{"href":"https:\/\/vapingnet.de\/lt\/wp-json\/wp\/v2\/types\/product"}],"version-history":[{"count":1,"href":"https:\/\/vapingnet.de\/lt\/wp-json\/wp\/v2\/product\/6983\/revisions"}],"predecessor-version":[{"id":6992,"href":"https:\/\/vapingnet.de\/lt\/wp-json\/wp\/v2\/product\/6983\/revisions\/6992"}],"wp:featuredmedia":[{"embeddable":true,"href":"https:\/\/vapingnet.de\/lt\/wp-json\/wp\/v2\/media\/6986"}],"wp:attachment":[{"href":"https:\/\/vapingnet.de\/lt\/wp-json\/wp\/v2\/media?parent=6983"}],"wp:term":[{"taxonomy":"brand","embeddable":true,"href":"https:\/\/vapingnet.de\/lt\/wp-json\/wp\/v2\/etheme_brands?post=6983"},{"taxonomy":"product_brand","embeddable":true,"href":"https:\/\/vapingnet.de\/lt\/wp-json\/wp\/v2\/product_brand?post=6983"},{"taxonomy":"product_cat","embeddable":true,"href":"https:\/\/vapingnet.de\/lt\/wp-json\/wp\/v2\/product_cat?post=6983"},{"taxonomy":"product_tag","embeddable":true,"href":"https:\/\/vapingnet.de\/lt\/wp-json\/wp\/v2\/product_tag?post=6983"}],"curies":[{"name":"wp","href":"https:\/\/api.w.org\/{rel}","templated":true}]}}