{"id":7014,"date":"2025-06-05T06:58:52","date_gmt":"2025-06-05T06:58:52","guid":{"rendered":"https:\/\/vapingnet.de\/?post_type=product&#038;p=7014"},"modified":"2026-01-25T08:58:00","modified_gmt":"2026-01-25T08:58:00","slug":"bang-blaze-40000-puffs-fruchtduo-zum-verlieben","status":"publish","type":"product","link":"https:\/\/vapingnet.de\/lt\/vape\/bang-blaze-40000-puffs-fruchtduo-zum-verlieben\/","title":{"rendered":"Bang Blaze 40000 Puffs Vaisi\u0173 duetas, kuris \u012fsimyl\u0117s..."},"content":{"rendered":"<h2 data-start=\"0\" data-end=\"97\" data-immersive-translate-walked=\"796dd1be-7bb0-40ea-817f-cc2e1e9f4b12\">Galinga vienkartin\u0117 E-cigaret\u0117 su dvigubu skonio patirtimi<\/h2>\n<p data-start=\"99\" data-end=\"410\" data-immersive-translate-walked=\"796dd1be-7bb0-40ea-817f-cc2e1e9f4b12\" data-immersive-translate-paragraph=\"1\">Bang Blaze 40000 Puffs yra inovatyvi vienkartin\u0117 E-cigaret\u0117, kuri\u0105 i\u0161skiria didelis p\u016btimo skai\u010dius ir unikali dvigubo skonio sistema. Su iki 40 000 p\u016btim\u0173 vienetui ji si\u016blo ilgalaik\u0119 ir intensyvi\u0105 vape patirt\u012f \u2013 ideali tiems, kurie vertina kokyb\u0119 ir patogum\u0105.<\/p>\n<h3>Bang Blaze 40000 Puffs akcentai ir privalumai<\/h3>\n<ul data-start=\"468\" data-end=\"1216\" data-immersive-translate-walked=\"796dd1be-7bb0-40ea-817f-cc2e1e9f4b12\">\n<li data-start=\"468\" data-end=\"597\" data-immersive-translate-walked=\"796dd1be-7bb0-40ea-817f-cc2e1e9f4b12\">\n<p data-start=\"470\" data-end=\"597\" data-immersive-translate-walked=\"796dd1be-7bb0-40ea-817f-cc2e1e9f4b12\" data-immersive-translate-paragraph=\"1\">Didel\u0117 talpa: Iki <a href=\"https:\/\/vapingnet.de\/lt\/k\/vape-40000-zuege\/\" target=\"_blank\" rel=\"noopener\"><strong>40 000 \u012fkv\u0117pim\u0173<\/strong> <\/a>\u2013 nereikia nuolat papildyti ar keisti. Puikiai tinka ilgalaikiam malonumui.<\/p>\n<\/li>\n<li data-start=\"598\" data-end=\"754\" data-immersive-translate-walked=\"796dd1be-7bb0-40ea-817f-cc2e1e9f4b12\">\n<p data-start=\"600\" data-end=\"754\" data-immersive-translate-walked=\"796dd1be-7bb0-40ea-817f-cc2e1e9f4b12\" data-immersive-translate-paragraph=\"1\">Didelis skys\u010dio kiekis: 40ML i\u0161 anksto u\u017epildytas dvigubo skonio E-skystis su inovatyviu mai\u0161ymo \u012fkv\u0117pimu. Taip pat patirsite du skonius vienu metu.<\/p>\n<\/li>\n<li data-start=\"755\" data-end=\"881\" data-immersive-translate-walked=\"796dd1be-7bb0-40ea-817f-cc2e1e9f4b12\">\n<p data-start=\"757\" data-end=\"881\" data-immersive-translate-walked=\"796dd1be-7bb0-40ea-817f-cc2e1e9f4b12\" data-immersive-translate-paragraph=\"1\">Skoni\u0173 \u012fvairov\u0117: pavyzd\u017eiui, jaudinantis mi\u0161inys \u201eBeach Sex \/ Raspberry Watermelon\u201c \u2013 egzoti\u0161kas ir vaisinis vienu metu.<\/p>\n<\/li>\n<li data-start=\"882\" data-end=\"997\" data-immersive-translate-walked=\"796dd1be-7bb0-40ea-817f-cc2e1e9f4b12\">\n<p data-start=\"884\" data-end=\"997\" data-immersive-translate-walked=\"796dd1be-7bb0-40ea-817f-cc2e1e9f4b12\" data-immersive-translate-paragraph=\"1\">Galingas akumuliatorius: 650mAh akumuliatorius su Type-C greitu \u012fkrovimu \u2013 greitas ir paprastas \u012fkrovimas.<\/p>\n<\/li>\n<li data-start=\"998\" data-end=\"1115\" data-immersive-translate-walked=\"796dd1be-7bb0-40ea-817f-cc2e1e9f4b12\">\n<p data-start=\"1000\" data-end=\"1115\" data-immersive-translate-walked=\"796dd1be-7bb0-40ea-817f-cc2e1e9f4b12\" data-immersive-translate-paragraph=\"1\">Premium garinimo patirtis: 0.6\u03a9 dviguba tinklelio rit\u0117 u\u017etikrina tank\u0173 gar\u0105 ir ypa\u010d \u0161veln\u0173, intensyv\u0173 skon\u012f.<\/p>\n<\/li>\n<li data-start=\"1116\" data-end=\"1216\" data-immersive-translate-walked=\"796dd1be-7bb0-40ea-817f-cc2e1e9f4b12\">\n<p data-start=\"1118\" data-end=\"1216\" data-immersive-translate-walked=\"796dd1be-7bb0-40ea-817f-cc2e1e9f4b12\" data-immersive-translate-paragraph=\"1\">Lankst\u016bs nikotino stiprumai: prieinami 0%, 2%, 3% ir 5% nikotino \u2013 tinkami kiekvieno vape tipo m\u0117g\u0117jams.<\/p>\n<\/li>\n<\/ul>\n<h4 data-start=\"1218\" data-end=\"1262\" data-immersive-translate-walked=\"796dd1be-7bb0-40ea-817f-cc2e1e9f4b12\" data-immersive-translate-paragraph=\"1\">Kod\u0117l rinktis Bang Blaze 40000 Puffs?<\/h4>\n<p data-start=\"1264\" data-end=\"1573\" data-immersive-translate-walked=\"796dd1be-7bb0-40ea-817f-cc2e1e9f4b12\" data-immersive-translate-paragraph=\"1\">Auk\u0161tos kokyb\u0117s technikos ir \u012fvairi\u0173 aromat\u0173 derinys daro Bang Blaze idealiu pasirinkimu pradedantiesiems ir patyrusiems vaperiams. The <a href=\"https:\/\/vapingnet.de\/lt\/k\/einweg-e-zigarette\/\" target=\"_blank\" rel=\"noopener\"><strong>Vienkartin\u0117 elektronin\u0117 cigaret\u0117<\/strong><\/a> yra i\u0161 karto paruo\u0161ta naudoti, paprasta valdyti ir \u012ftikina intensyviu, \u0161variu skoniu d\u0117ka modernios tinklelio rit\u0117s technologijos.<\/p>\n<p data-start=\"1575\" data-end=\"1750\" data-immersive-translate-walked=\"796dd1be-7bb0-40ea-817f-cc2e1e9f4b12\" data-immersive-translate-paragraph=\"1\">Dvigubo skonio funkcija leid\u017eia \u012fkv\u0117pti du skanius skonius vienu \u012fkv\u0117pimu \u2013 tikras akcentas, kurio nerasi daugelyje kit\u0173 vape produkt\u0173.<\/p>\n<h4 data-start=\"1752\" data-end=\"1761\" data-immersive-translate-walked=\"796dd1be-7bb0-40ea-817f-cc2e1e9f4b12\" data-immersive-translate-paragraph=\"1\">Ideali vape patirtis j\u016bs\u0173 laukia<\/h4>\n<p data-start=\"1763\" data-end=\"2051\" data-immersive-translate-walked=\"796dd1be-7bb0-40ea-817f-cc2e1e9f4b12\" data-immersive-translate-paragraph=\"1\">Su Bang Blaze 40000 Puffs patirsite unikali\u0105 garinimo patirt\u012f \u2013 itin ilgaam\u017e\u0119, intensyvaus skonio ir paprast\u0105 naudoti. I\u0161manus dvigubo skonio skys\u010dio, stipraus akumuliatoriaus ir greito \u012fkrovimo derinys padaro j\u0105 geriausia vienkartine E-cigarete rinkoje.<\/p>\n<p data-start=\"2053\" data-end=\"2185\" data-is-last-node=\"\" data-is-only-node=\"\" data-immersive-translate-walked=\"796dd1be-7bb0-40ea-817f-cc2e1e9f4b12\">\u012esigykite dabar ir m\u0117gaukit\u0117s auk\u0161\u010diausios kokyb\u0117s vape poj\u016b\u010diu su Bang Blaze 40000 Puffs \u2013 j\u016bs\u0173 nauja m\u0117gstamiausia vape!<\/p>","protected":false},"excerpt":{"rendered":"<p>Galinga vienkartin\u0117 elektronin\u0117 cigaret\u0117 su dvigubu skonio patirtimi. Bang Blaze 40000 d\u016bm\u0173 yra inovatyvi vienkartin\u0117 elektronin\u0117 cigaret\u0117, kuri pasi\u017eymi dideliu d\u016bm\u0173 kiekiu ir unikaliu...<\/p>","protected":false},"featured_media":7019,"template":"","meta":[],"etheme_brands":[],"product_brand":[101],"product_cat":[65,49,61,87],"product_tag":[],"class_list":{"0":"post-7014","1":"product","2":"type-product","3":"status-publish","4":"has-post-thumbnail","6":"product_brand-bang-king-vape","7":"product_cat-vape-40000-zuege","8":"product_cat-einweg-e-zigarette","9":"product_cat-f","10":"product_cat-v","12":"first","13":"instock","14":"shipping-taxable","15":"purchasable","16":"product-type-simple"},"yoast_head":"<!-- This site is optimized with the Yoast SEO plugin v26.5 - https:\/\/yoast.com\/wordpress\/plugins\/seo\/ -->\n<title>Bang Blaze 40000: Das 40ml Dual-Flavour Dampf-System<\/title>\n<meta name=\"description\" content=\"Ein Ger\u00e4t, zwei Kammern, unendlicher Vorrat. Bang Blaze 40000 Puffs mit 650mAh Akku &amp; USB-C. Erlebe die Synergie aus Tropen-Mix und Himbeer-Wassermelone.\" \/>\n<meta name=\"robots\" content=\"index, follow, max-snippet:-1, max-image-preview:large, max-video-preview:-1\" \/>\n<link rel=\"canonical\" href=\"https:\/\/vapingnet.de\/lt\/vape\/bang-blaze-40000-puffs-fruchtduo-zum-verlieben\/\" \/>\n<meta property=\"og:locale\" content=\"lt_LT\" \/>\n<meta property=\"og:type\" content=\"article\" \/>\n<meta property=\"og:title\" content=\"Bang Blaze 40000: Das 40ml Dual-Flavour Dampf-System\" \/>\n<meta property=\"og:description\" content=\"Ein Ger\u00e4t, zwei Kammern, unendlicher Vorrat. Bang Blaze 40000 Puffs mit 650mAh Akku &amp; USB-C. Erlebe die Synergie aus Tropen-Mix und Himbeer-Wassermelone.\" \/>\n<meta property=\"og:url\" content=\"https:\/\/vapingnet.de\/lt\/vape\/bang-blaze-40000-puffs-fruchtduo-zum-verlieben\/\" \/>\n<meta property=\"og:site_name\" content=\"Vapingnet.de\" \/>\n<meta property=\"article:publisher\" content=\"https:\/\/www.facebook.com\/vapingnetde\/\" \/>\n<meta property=\"article:modified_time\" content=\"2026-01-25T08:58:00+00:00\" \/>\n<meta property=\"og:image\" content=\"https:\/\/vapingnet.de\/wp-content\/uploads\/2025\/06\/Beach-Sex-Raspberry-Watermelon.jpg.webp\" \/>\n\t<meta property=\"og:image:width\" content=\"1000\" \/>\n\t<meta property=\"og:image:height\" content=\"1000\" \/>\n\t<meta property=\"og:image:type\" content=\"image\/webp\" \/>\n<meta name=\"twitter:card\" content=\"summary_large_image\" \/>\n<meta name=\"twitter:label1\" content=\"Est. reading time\" \/>\n\t<meta name=\"twitter:data1\" content=\"2 minutes\" \/>\n<script type=\"application\/ld+json\" class=\"yoast-schema-graph\">{\"@context\":\"https:\/\/schema.org\",\"@graph\":[{\"@type\":\"WebPage\",\"@id\":\"https:\/\/vapingnet.de\/vape\/bang-blaze-40000-puffs-fruchtduo-zum-verlieben\/\",\"url\":\"https:\/\/vapingnet.de\/vape\/bang-blaze-40000-puffs-fruchtduo-zum-verlieben\/\",\"name\":\"Bang Blaze 40000: Das 40ml Dual-Flavour Dampf-System\",\"isPartOf\":{\"@id\":\"https:\/\/vapingnet.de\/#website\"},\"primaryImageOfPage\":{\"@id\":\"https:\/\/vapingnet.de\/vape\/bang-blaze-40000-puffs-fruchtduo-zum-verlieben\/#primaryimage\"},\"image\":{\"@id\":\"https:\/\/vapingnet.de\/vape\/bang-blaze-40000-puffs-fruchtduo-zum-verlieben\/#primaryimage\"},\"thumbnailUrl\":\"https:\/\/vapingnet.de\/wp-content\/uploads\/2025\/06\/Beach-Sex-Raspberry-Watermelon.jpg.webp\",\"datePublished\":\"2025-06-05T06:58:52+00:00\",\"dateModified\":\"2026-01-25T08:58:00+00:00\",\"description\":\"Ein Ger\u00e4t, zwei Kammern, unendlicher Vorrat. Bang Blaze 40000 Puffs mit 650mAh Akku & USB-C. Erlebe die Synergie aus Tropen-Mix und Himbeer-Wassermelone.\",\"breadcrumb\":{\"@id\":\"https:\/\/vapingnet.de\/vape\/bang-blaze-40000-puffs-fruchtduo-zum-verlieben\/#breadcrumb\"},\"inLanguage\":\"lt-LT\",\"potentialAction\":[{\"@type\":\"ReadAction\",\"target\":[\"https:\/\/vapingnet.de\/vape\/bang-blaze-40000-puffs-fruchtduo-zum-verlieben\/\"]}]},{\"@type\":\"ImageObject\",\"inLanguage\":\"lt-LT\",\"@id\":\"https:\/\/vapingnet.de\/vape\/bang-blaze-40000-puffs-fruchtduo-zum-verlieben\/#primaryimage\",\"url\":\"https:\/\/vapingnet.de\/wp-content\/uploads\/2025\/06\/Beach-Sex-Raspberry-Watermelon.jpg.webp\",\"contentUrl\":\"https:\/\/vapingnet.de\/wp-content\/uploads\/2025\/06\/Beach-Sex-Raspberry-Watermelon.jpg.webp\",\"width\":1000,\"height\":1000},{\"@type\":\"BreadcrumbList\",\"@id\":\"https:\/\/vapingnet.de\/vape\/bang-blaze-40000-puffs-fruchtduo-zum-verlieben\/#breadcrumb\",\"itemListElement\":[{\"@type\":\"ListItem\",\"position\":1,\"name\":\"Home\",\"item\":\"https:\/\/vapingnet.de\/\"},{\"@type\":\"ListItem\",\"position\":2,\"name\":\"Shop\",\"item\":\"https:\/\/vapingnet.de\/vape\/\"},{\"@type\":\"ListItem\",\"position\":3,\"name\":\"Bang Blaze 40000 Puffs Fruchtduo zum Verlieben\"}]},{\"@type\":\"WebSite\",\"@id\":\"https:\/\/vapingnet.de\/#website\",\"url\":\"https:\/\/vapingnet.de\/\",\"name\":\"Vapingnet.de\",\"description\":\"\",\"publisher\":{\"@id\":\"https:\/\/vapingnet.de\/#organization\"},\"potentialAction\":[{\"@type\":\"SearchAction\",\"target\":{\"@type\":\"EntryPoint\",\"urlTemplate\":\"https:\/\/vapingnet.de\/?s={search_term_string}\"},\"query-input\":{\"@type\":\"PropertyValueSpecification\",\"valueRequired\":true,\"valueName\":\"search_term_string\"}}],\"inLanguage\":\"lt-LT\"},{\"@type\":\"Organization\",\"@id\":\"https:\/\/vapingnet.de\/#organization\",\"name\":\"Vapingnet.de\",\"url\":\"https:\/\/vapingnet.de\/\",\"logo\":{\"@type\":\"ImageObject\",\"inLanguage\":\"lt-LT\",\"@id\":\"https:\/\/vapingnet.de\/#\/schema\/logo\/image\/\",\"url\":\"https:\/\/vapingnet.de\/wp-content\/uploads\/2025\/03\/cropped-vapingnet.de_.jpg\",\"contentUrl\":\"https:\/\/vapingnet.de\/wp-content\/uploads\/2025\/03\/cropped-vapingnet.de_.jpg\",\"width\":512,\"height\":512,\"caption\":\"Vapingnet.de\"},\"image\":{\"@id\":\"https:\/\/vapingnet.de\/#\/schema\/logo\/image\/\"},\"sameAs\":[\"https:\/\/www.facebook.com\/vapingnetde\/\"]}]}<\/script>\n<!-- \/ Yoast SEO plugin. -->","yoast_head_json":{"title":"Bang Blaze 40000: Das 40ml Dual-Flavour Dampf-System","description":"Ein Ger\u00e4t, zwei Kammern, unendlicher Vorrat. Bang Blaze 40000 Puffs mit 650mAh Akku & USB-C. Erlebe die Synergie aus Tropen-Mix und Himbeer-Wassermelone.","robots":{"index":"index","follow":"follow","max-snippet":"max-snippet:-1","max-image-preview":"max-image-preview:large","max-video-preview":"max-video-preview:-1"},"canonical":"https:\/\/vapingnet.de\/lt\/vape\/bang-blaze-40000-puffs-fruchtduo-zum-verlieben\/","og_locale":"lt_LT","og_type":"article","og_title":"Bang Blaze 40000: Das 40ml Dual-Flavour Dampf-System","og_description":"Ein Ger\u00e4t, zwei Kammern, unendlicher Vorrat. Bang Blaze 40000 Puffs mit 650mAh Akku & USB-C. Erlebe die Synergie aus Tropen-Mix und Himbeer-Wassermelone.","og_url":"https:\/\/vapingnet.de\/lt\/vape\/bang-blaze-40000-puffs-fruchtduo-zum-verlieben\/","og_site_name":"Vapingnet.de","article_publisher":"https:\/\/www.facebook.com\/vapingnetde\/","article_modified_time":"2026-01-25T08:58:00+00:00","og_image":[{"width":1000,"height":1000,"url":"https:\/\/vapingnet.de\/wp-content\/uploads\/2025\/06\/Beach-Sex-Raspberry-Watermelon.jpg.webp","type":"image\/webp"}],"twitter_card":"summary_large_image","twitter_misc":{"Est. reading time":"2 minutes"},"schema":{"@context":"https:\/\/schema.org","@graph":[{"@type":"WebPage","@id":"https:\/\/vapingnet.de\/vape\/bang-blaze-40000-puffs-fruchtduo-zum-verlieben\/","url":"https:\/\/vapingnet.de\/vape\/bang-blaze-40000-puffs-fruchtduo-zum-verlieben\/","name":"Bang Blaze 40000: Das 40ml Dual-Flavour Dampf-System","isPartOf":{"@id":"https:\/\/vapingnet.de\/#website"},"primaryImageOfPage":{"@id":"https:\/\/vapingnet.de\/vape\/bang-blaze-40000-puffs-fruchtduo-zum-verlieben\/#primaryimage"},"image":{"@id":"https:\/\/vapingnet.de\/vape\/bang-blaze-40000-puffs-fruchtduo-zum-verlieben\/#primaryimage"},"thumbnailUrl":"https:\/\/vapingnet.de\/wp-content\/uploads\/2025\/06\/Beach-Sex-Raspberry-Watermelon.jpg.webp","datePublished":"2025-06-05T06:58:52+00:00","dateModified":"2026-01-25T08:58:00+00:00","description":"Ein Ger\u00e4t, zwei Kammern, unendlicher Vorrat. Bang Blaze 40000 Puffs mit 650mAh Akku & USB-C. Erlebe die Synergie aus Tropen-Mix und Himbeer-Wassermelone.","breadcrumb":{"@id":"https:\/\/vapingnet.de\/vape\/bang-blaze-40000-puffs-fruchtduo-zum-verlieben\/#breadcrumb"},"inLanguage":"lt-LT","potentialAction":[{"@type":"ReadAction","target":["https:\/\/vapingnet.de\/vape\/bang-blaze-40000-puffs-fruchtduo-zum-verlieben\/"]}]},{"@type":"ImageObject","inLanguage":"lt-LT","@id":"https:\/\/vapingnet.de\/vape\/bang-blaze-40000-puffs-fruchtduo-zum-verlieben\/#primaryimage","url":"https:\/\/vapingnet.de\/wp-content\/uploads\/2025\/06\/Beach-Sex-Raspberry-Watermelon.jpg.webp","contentUrl":"https:\/\/vapingnet.de\/wp-content\/uploads\/2025\/06\/Beach-Sex-Raspberry-Watermelon.jpg.webp","width":1000,"height":1000},{"@type":"BreadcrumbList","@id":"https:\/\/vapingnet.de\/vape\/bang-blaze-40000-puffs-fruchtduo-zum-verlieben\/#breadcrumb","itemListElement":[{"@type":"ListItem","position":1,"name":"Home","item":"https:\/\/vapingnet.de\/"},{"@type":"ListItem","position":2,"name":"Shop","item":"https:\/\/vapingnet.de\/vape\/"},{"@type":"ListItem","position":3,"name":"Bang Blaze 40000 Puffs Fruchtduo zum Verlieben"}]},{"@type":"WebSite","@id":"https:\/\/vapingnet.de\/#website","url":"https:\/\/vapingnet.de\/","name":"Vapingnet.de","description":"","publisher":{"@id":"https:\/\/vapingnet.de\/#organization"},"potentialAction":[{"@type":"SearchAction","target":{"@type":"EntryPoint","urlTemplate":"https:\/\/vapingnet.de\/?s={search_term_string}"},"query-input":{"@type":"PropertyValueSpecification","valueRequired":true,"valueName":"search_term_string"}}],"inLanguage":"lt-LT"},{"@type":"Organization","@id":"https:\/\/vapingnet.de\/#organization","name":"Vapingnet.de","url":"https:\/\/vapingnet.de\/","logo":{"@type":"ImageObject","inLanguage":"lt-LT","@id":"https:\/\/vapingnet.de\/#\/schema\/logo\/image\/","url":"https:\/\/vapingnet.de\/wp-content\/uploads\/2025\/03\/cropped-vapingnet.de_.jpg","contentUrl":"https:\/\/vapingnet.de\/wp-content\/uploads\/2025\/03\/cropped-vapingnet.de_.jpg","width":512,"height":512,"caption":"Vapingnet.de"},"image":{"@id":"https:\/\/vapingnet.de\/#\/schema\/logo\/image\/"},"sameAs":["https:\/\/www.facebook.com\/vapingnetde\/"]}]}},"tiered_pricing_type":"fixed","tiered_pricing_fixed_rules":{"10":"8.35","60":"7.52","110":"6.68","200":"5.85"},"tiered_pricing_product_settings":{"layout":"default","base_unit_name":{"singular":null,"plural":null},"default_variation":null},"tiered_pricing_minimum_quantity":null,"tiered_pricing_roles_data":[],"tiered_pricing_percentage_rules":[],"_links":{"self":[{"href":"https:\/\/vapingnet.de\/lt\/wp-json\/wp\/v2\/product\/7014","targetHints":{"allow":["GET"]}}],"collection":[{"href":"https:\/\/vapingnet.de\/lt\/wp-json\/wp\/v2\/product"}],"about":[{"href":"https:\/\/vapingnet.de\/lt\/wp-json\/wp\/v2\/types\/product"}],"version-history":[{"count":4,"href":"https:\/\/vapingnet.de\/lt\/wp-json\/wp\/v2\/product\/7014\/revisions"}],"predecessor-version":[{"id":7533,"href":"https:\/\/vapingnet.de\/lt\/wp-json\/wp\/v2\/product\/7014\/revisions\/7533"}],"wp:featuredmedia":[{"embeddable":true,"href":"https:\/\/vapingnet.de\/lt\/wp-json\/wp\/v2\/media\/7019"}],"wp:attachment":[{"href":"https:\/\/vapingnet.de\/lt\/wp-json\/wp\/v2\/media?parent=7014"}],"wp:term":[{"taxonomy":"brand","embeddable":true,"href":"https:\/\/vapingnet.de\/lt\/wp-json\/wp\/v2\/etheme_brands?post=7014"},{"taxonomy":"product_brand","embeddable":true,"href":"https:\/\/vapingnet.de\/lt\/wp-json\/wp\/v2\/product_brand?post=7014"},{"taxonomy":"product_cat","embeddable":true,"href":"https:\/\/vapingnet.de\/lt\/wp-json\/wp\/v2\/product_cat?post=7014"},{"taxonomy":"product_tag","embeddable":true,"href":"https:\/\/vapingnet.de\/lt\/wp-json\/wp\/v2\/product_tag?post=7014"}],"curies":[{"name":"wp","href":"https:\/\/api.w.org\/{rel}","templated":true}]}}