{"id":7018,"date":"2025-06-05T07:54:08","date_gmt":"2025-06-05T07:54:08","guid":{"rendered":"https:\/\/vapingnet.de\/?post_type=product&#038;p=7018"},"modified":"2026-01-25T08:48:25","modified_gmt":"2026-01-25T08:48:25","slug":"einweg-e-zigarette-bang-blaze-40000-puffs-original-qualitaet","status":"publish","type":"product","link":"https:\/\/vapingnet.de\/lt\/vape\/einweg-e-zigarette-bang-blaze-40000-puffs-original-qualitaet\/","title":{"rendered":"Vienkartin\u0117 elektronin\u0117 cigaret\u0117 Bang Blaze 40000 Puffs Originalios kokyb\u0117s"},"content":{"rendered":"<h2 data-start=\"49\" data-end=\"121\">Bang Blaze 40000 Puffs \u2013 Tavo galutinis palydovas visai dienai<\/h2>\n<p data-start=\"123\" data-end=\"391\" data-immersive-translate-walked=\"ca570db7-cda9-4880-a734-646222dda2a9\" data-immersive-translate-paragraph=\"1\">\u012esivaizduok: turi Vape, kuris tave lydi vis\u0105 dien\u0105 \u2013 be varginan\u010dio papildymo, be r\u016bpes\u010di\u0173 d\u0117l akumuliatoriaus. Tik tai si\u016blo tau Bang Blaze 40000 Puffs, vienkartin\u0117 elektronin\u0117 cigaret\u0117, nustatanti naujus standartus i\u0161tvermei, skoniui ir patogumui.<\/p>\n<h3>Kas daro j\u0105 ypatinga?<\/h3>\n<ul data-start=\"426\" data-end=\"1567\" data-immersive-translate-walked=\"ca570db7-cda9-4880-a734-646222dda2a9\">\n<li data-start=\"426\" data-end=\"676\" data-immersive-translate-walked=\"ca570db7-cda9-4880-a734-646222dda2a9\">\n<p data-start=\"428\" data-end=\"676\" data-immersive-translate-walked=\"ca570db7-cda9-4880-a734-646222dda2a9\" data-immersive-translate-paragraph=\"1\">Did\u017eiulis ilgaam\u017ei\u0161kumas: su net iki 40 000 \u012fkv\u0117pim\u0173, esi gerai apr\u016bpintas, nesvarbu, ar esi kelyje, biure ar ramiai vakare su draugais. Be nuolatinio papildymo, be \u012fkrovimo pertrauk\u0173 \u2013 gryna laisv\u0117 tavo garinimo patir\u010diai.<\/p>\n<\/li>\n<li data-start=\"678\" data-end=\"1032\" data-immersive-translate-walked=\"ca570db7-cda9-4880-a734-646222dda2a9\">\n<p data-start=\"680\" data-end=\"1032\" data-immersive-translate-walked=\"ca570db7-cda9-4880-a734-646222dda2a9\" data-immersive-translate-paragraph=\"1\">Dvigubas ir trigubas skonio patyrimas: du auk\u0161tos kokyb\u0117s aromatai jau puikiai sumai\u0161yti 40 ml pripildytame elektroniniame skystyje. Lengvai gali keisti skon\u012f A, skon\u012f B \u2013 arba net sumai\u0161yti abu ir m\u0117gautis visi\u0161kai nauju, individualiu skoniu. Su vienu \u012frenginiu gauni net tris skonio patirtis!<\/p>\n<\/li>\n<li data-start=\"1034\" data-end=\"1353\" data-immersive-translate-walked=\"ca570db7-cda9-4880-a734-646222dda2a9\">\n<p data-start=\"1036\" data-end=\"1353\" data-immersive-translate-walked=\"ca570db7-cda9-4880-a734-646222dda2a9\" data-immersive-translate-paragraph=\"1\">Pa\u017eangi technologija tobulam garui: 0,6\u03a9 dvigubo tinklelio rit\u0117 sukuria ypa\u010d tank\u0173, aromating\u0105 gar\u0105, kuris pamalonins tavo skonio receptorius. Tuo pa\u010diu patvarus 650mAh akumuliatorius su moderniu Type-C greitu \u012fkrovimu u\u017etikrina, kad greitai v\u0117l b\u016btum pasiruo\u0161\u0119s naudotis.<\/p>\n<\/li>\n<li data-start=\"1355\" data-end=\"1567\" data-immersive-translate-walked=\"ca570db7-cda9-4880-a734-646222dda2a9\">\n<p data-start=\"1357\" data-end=\"1567\" data-immersive-translate-walked=\"ca570db7-cda9-4880-a734-646222dda2a9\" data-immersive-translate-paragraph=\"1\">Lanksti nikotino stiprumo pasirinkimas: ar nori garinti be nikotino, ar su stipresniu nikotino kiekiu iki 5% \u2013 Bang Blaze rasite tinkam\u0105 variant\u0105 tavo individualiai garinimo patir\u010diai.<\/p>\n<\/li>\n<\/ul>\n<h4 data-start=\"1569\" data-end=\"1595\" data-immersive-translate-walked=\"ca570db7-cda9-4880-a734-646222dda2a9\" data-immersive-translate-paragraph=\"1\">Skoni\u0173 \u017evaig\u017ed\u0117s:<\/h4>\n<ul data-start=\"1596\" data-end=\"1923\" data-immersive-translate-walked=\"ca570db7-cda9-4880-a734-646222dda2a9\">\n<li data-start=\"1596\" data-end=\"1722\" data-immersive-translate-walked=\"ca570db7-cda9-4880-a734-646222dda2a9\">\n<p data-start=\"1598\" data-end=\"1722\" data-immersive-translate-walked=\"ca570db7-cda9-4880-a734-646222dda2a9\" data-immersive-translate-paragraph=\"1\">Gummy Bear: Vaisi\u0173 saldus klasikas, primenantis tavo m\u0117gstamus saldainius \u2013 \u0161velnus, saldus ir tiesiog skanus.<\/p>\n<\/li>\n<li data-start=\"1723\" data-end=\"1923\" data-immersive-translate-walked=\"ca570db7-cda9-4880-a734-646222dda2a9\">\n<p data-start=\"1725\" data-end=\"1923\" data-immersive-translate-walked=\"ca570db7-cda9-4880-a734-646222dda2a9\" data-immersive-translate-paragraph=\"1\">Raspberry Black Glitter: \u012edomus, paslaptingas aromatas, jungiantis \u0161vie\u017ei\u0105 avie\u010di\u0173 r\u016bg\u0161tum\u0105 su \u201eBlack Glitter\u201c \u017eavesiu \u2013 skonis, kuris sukelia smalsum\u0105 ir i\u0161lieka.<\/p>\n<\/li>\n<\/ul>\n<h4 data-start=\"1930\" data-end=\"1958\" data-immersive-translate-walked=\"ca570db7-cda9-4880-a734-646222dda2a9\" data-immersive-translate-paragraph=\"1\">Kod\u0117l b\u016btent Bang Blaze?<\/h4>\n<p data-start=\"1960\" data-end=\"2423\" data-immersive-translate-walked=\"ca570db7-cda9-4880-a734-646222dda2a9\" data-immersive-translate-paragraph=\"1\">Nes \u0161i vienkartin\u0117 elektronin\u0117 cigaret\u0117 gali daugiau nei tik garinti: ji jungia inovatyvi\u0105 technologij\u0105 su maksimalia naudotojo patogumu ir skonio pasirinkimu, kuris tinka kiekvienam. Kompakti\u0161ka, patogi forma daro j\u0105 tobulai tinkamu palydovu kelyje \u2013 ar keliaujant, sportuojant ar tiesiog atsipalaiduojant. O d\u0117ka gausaus skys\u010dio kiekio ir galingos rit\u0117s m\u0117gaukis ilgalaike, intensyvia garinimo patirtimi be kompromis\u0173.<\/p>\n<p data-start=\"2430\" data-end=\"2628\" data-immersive-translate-walked=\"ca570db7-cda9-4880-a734-646222dda2a9\" data-immersive-translate-paragraph=\"1\">Ko lauki? \u012esigyk dabar Bang Blaze 40000 Puffs ir pamatyk, kaip paprasta ir \u012fvairiapus\u0117 gali b\u016bti garinimo patirtis \u2013 su iki 40 000 \u012fkv\u0117pim\u0173 ir trimis unikalais skoniais viename \u012frenginyje!<\/p>","protected":false},"excerpt":{"rendered":"<p>Bang Blaze 40000 d\u016bm\u0173 \u2013 tavo galutinis palydovas visai dienai. \u012esivaizduok: turi vape, kuris tave lydi vis\u0105 dien\u0105...<\/p>","protected":false},"featured_media":7022,"template":"","meta":[],"etheme_brands":[],"product_brand":[101],"product_cat":[65,49,61,87],"product_tag":[],"class_list":{"0":"post-7018","1":"product","2":"type-product","3":"status-publish","4":"has-post-thumbnail","6":"product_brand-bang-king-vape","7":"product_cat-vape-40000-zuege","8":"product_cat-einweg-e-zigarette","9":"product_cat-f","10":"product_cat-v","12":"first","13":"instock","14":"shipping-taxable","15":"purchasable","16":"product-type-simple"},"yoast_head":"<!-- This site is optimized with the Yoast SEO plugin v26.5 - https:\/\/yoast.com\/wordpress\/plugins\/seo\/ -->\n<title>Bang Blaze 40000 Puffs: 0,6\u03a9 Sub-Ohm Dual Mesh Innovation<\/title>\n<meta name=\"description\" content=\"40.000 Z\u00fcge pure Leistung. Die Bang Blaze bietet ein Triple-Taste-System mit 40ml E-Liquid &amp; Fast Charging. W\u00e4hle dein Level von 0% bis 5% Nikotin. Jetzt testen!\" \/>\n<meta name=\"robots\" content=\"index, follow, max-snippet:-1, max-image-preview:large, max-video-preview:-1\" \/>\n<link rel=\"canonical\" href=\"https:\/\/vapingnet.de\/lt\/vape\/einweg-e-zigarette-bang-blaze-40000-puffs-original-qualitaet\/\" \/>\n<meta property=\"og:locale\" content=\"lt_LT\" \/>\n<meta property=\"og:type\" content=\"article\" \/>\n<meta property=\"og:title\" content=\"Bang Blaze 40000 Puffs: 0,6\u03a9 Sub-Ohm Dual Mesh Innovation\" \/>\n<meta property=\"og:description\" content=\"40.000 Z\u00fcge pure Leistung. Die Bang Blaze bietet ein Triple-Taste-System mit 40ml E-Liquid &amp; Fast Charging. W\u00e4hle dein Level von 0% bis 5% Nikotin. Jetzt testen!\" \/>\n<meta property=\"og:url\" content=\"https:\/\/vapingnet.de\/lt\/vape\/einweg-e-zigarette-bang-blaze-40000-puffs-original-qualitaet\/\" \/>\n<meta property=\"og:site_name\" content=\"Vapingnet.de\" \/>\n<meta property=\"article:publisher\" content=\"https:\/\/www.facebook.com\/vapingnetde\/\" \/>\n<meta property=\"article:modified_time\" content=\"2026-01-25T08:48:25+00:00\" \/>\n<meta property=\"og:image\" content=\"https:\/\/vapingnet.de\/wp-content\/uploads\/2025\/06\/Gummy-Bear-Raspberry-Black-Glitter-900x900.jpg.webp\" \/>\n\t<meta property=\"og:image:width\" content=\"1000\" \/>\n\t<meta property=\"og:image:height\" content=\"1000\" \/>\n\t<meta property=\"og:image:type\" content=\"image\/webp\" \/>\n<meta name=\"twitter:card\" content=\"summary_large_image\" \/>\n<meta name=\"twitter:label1\" content=\"Est. reading time\" \/>\n\t<meta name=\"twitter:data1\" content=\"3 minutes\" \/>\n<script type=\"application\/ld+json\" class=\"yoast-schema-graph\">{\"@context\":\"https:\/\/schema.org\",\"@graph\":[{\"@type\":\"WebPage\",\"@id\":\"https:\/\/vapingnet.de\/vape\/einweg-e-zigarette-bang-blaze-40000-puffs-original-qualitaet\/\",\"url\":\"https:\/\/vapingnet.de\/vape\/einweg-e-zigarette-bang-blaze-40000-puffs-original-qualitaet\/\",\"name\":\"Bang Blaze 40000 Puffs: 0,6\u03a9 Sub-Ohm Dual Mesh Innovation\",\"isPartOf\":{\"@id\":\"https:\/\/vapingnet.de\/#website\"},\"primaryImageOfPage\":{\"@id\":\"https:\/\/vapingnet.de\/vape\/einweg-e-zigarette-bang-blaze-40000-puffs-original-qualitaet\/#primaryimage\"},\"image\":{\"@id\":\"https:\/\/vapingnet.de\/vape\/einweg-e-zigarette-bang-blaze-40000-puffs-original-qualitaet\/#primaryimage\"},\"thumbnailUrl\":\"https:\/\/vapingnet.de\/wp-content\/uploads\/2025\/06\/Gummy-Bear-Raspberry-Black-Glitter-900x900.jpg.webp\",\"datePublished\":\"2025-06-05T07:54:08+00:00\",\"dateModified\":\"2026-01-25T08:48:25+00:00\",\"description\":\"40.000 Z\u00fcge pure Leistung. Die Bang Blaze bietet ein Triple-Taste-System mit 40ml E-Liquid & Fast Charging. W\u00e4hle dein Level von 0% bis 5% Nikotin. Jetzt testen!\",\"breadcrumb\":{\"@id\":\"https:\/\/vapingnet.de\/vape\/einweg-e-zigarette-bang-blaze-40000-puffs-original-qualitaet\/#breadcrumb\"},\"inLanguage\":\"lt-LT\",\"potentialAction\":[{\"@type\":\"ReadAction\",\"target\":[\"https:\/\/vapingnet.de\/vape\/einweg-e-zigarette-bang-blaze-40000-puffs-original-qualitaet\/\"]}]},{\"@type\":\"ImageObject\",\"inLanguage\":\"lt-LT\",\"@id\":\"https:\/\/vapingnet.de\/vape\/einweg-e-zigarette-bang-blaze-40000-puffs-original-qualitaet\/#primaryimage\",\"url\":\"https:\/\/vapingnet.de\/wp-content\/uploads\/2025\/06\/Gummy-Bear-Raspberry-Black-Glitter-900x900.jpg.webp\",\"contentUrl\":\"https:\/\/vapingnet.de\/wp-content\/uploads\/2025\/06\/Gummy-Bear-Raspberry-Black-Glitter-900x900.jpg.webp\",\"width\":1000,\"height\":1000},{\"@type\":\"BreadcrumbList\",\"@id\":\"https:\/\/vapingnet.de\/vape\/einweg-e-zigarette-bang-blaze-40000-puffs-original-qualitaet\/#breadcrumb\",\"itemListElement\":[{\"@type\":\"ListItem\",\"position\":1,\"name\":\"Home\",\"item\":\"https:\/\/vapingnet.de\/\"},{\"@type\":\"ListItem\",\"position\":2,\"name\":\"Shop\",\"item\":\"https:\/\/vapingnet.de\/vape\/\"},{\"@type\":\"ListItem\",\"position\":3,\"name\":\"Einweg E Zigarette Bang Blaze 40000 Puffs Original Qualit\u00e4t\"}]},{\"@type\":\"WebSite\",\"@id\":\"https:\/\/vapingnet.de\/#website\",\"url\":\"https:\/\/vapingnet.de\/\",\"name\":\"Vapingnet.de\",\"description\":\"\",\"publisher\":{\"@id\":\"https:\/\/vapingnet.de\/#organization\"},\"potentialAction\":[{\"@type\":\"SearchAction\",\"target\":{\"@type\":\"EntryPoint\",\"urlTemplate\":\"https:\/\/vapingnet.de\/?s={search_term_string}\"},\"query-input\":{\"@type\":\"PropertyValueSpecification\",\"valueRequired\":true,\"valueName\":\"search_term_string\"}}],\"inLanguage\":\"lt-LT\"},{\"@type\":\"Organization\",\"@id\":\"https:\/\/vapingnet.de\/#organization\",\"name\":\"Vapingnet.de\",\"url\":\"https:\/\/vapingnet.de\/\",\"logo\":{\"@type\":\"ImageObject\",\"inLanguage\":\"lt-LT\",\"@id\":\"https:\/\/vapingnet.de\/#\/schema\/logo\/image\/\",\"url\":\"https:\/\/vapingnet.de\/wp-content\/uploads\/2025\/03\/cropped-vapingnet.de_.jpg\",\"contentUrl\":\"https:\/\/vapingnet.de\/wp-content\/uploads\/2025\/03\/cropped-vapingnet.de_.jpg\",\"width\":512,\"height\":512,\"caption\":\"Vapingnet.de\"},\"image\":{\"@id\":\"https:\/\/vapingnet.de\/#\/schema\/logo\/image\/\"},\"sameAs\":[\"https:\/\/www.facebook.com\/vapingnetde\/\"]}]}<\/script>\n<!-- \/ Yoast SEO plugin. -->","yoast_head_json":{"title":"Bang Blaze 40000 Puffs: 0,6\u03a9 Sub-Ohm Dual Mesh Innovation","description":"40.000 Z\u00fcge pure Leistung. Die Bang Blaze bietet ein Triple-Taste-System mit 40ml E-Liquid & Fast Charging. W\u00e4hle dein Level von 0% bis 5% Nikotin. Jetzt testen!","robots":{"index":"index","follow":"follow","max-snippet":"max-snippet:-1","max-image-preview":"max-image-preview:large","max-video-preview":"max-video-preview:-1"},"canonical":"https:\/\/vapingnet.de\/lt\/vape\/einweg-e-zigarette-bang-blaze-40000-puffs-original-qualitaet\/","og_locale":"lt_LT","og_type":"article","og_title":"Bang Blaze 40000 Puffs: 0,6\u03a9 Sub-Ohm Dual Mesh Innovation","og_description":"40.000 Z\u00fcge pure Leistung. Die Bang Blaze bietet ein Triple-Taste-System mit 40ml E-Liquid & Fast Charging. W\u00e4hle dein Level von 0% bis 5% Nikotin. Jetzt testen!","og_url":"https:\/\/vapingnet.de\/lt\/vape\/einweg-e-zigarette-bang-blaze-40000-puffs-original-qualitaet\/","og_site_name":"Vapingnet.de","article_publisher":"https:\/\/www.facebook.com\/vapingnetde\/","article_modified_time":"2026-01-25T08:48:25+00:00","og_image":[{"width":1000,"height":1000,"url":"https:\/\/vapingnet.de\/wp-content\/uploads\/2025\/06\/Gummy-Bear-Raspberry-Black-Glitter-900x900.jpg.webp","type":"image\/webp"}],"twitter_card":"summary_large_image","twitter_misc":{"Est. reading time":"3 minutes"},"schema":{"@context":"https:\/\/schema.org","@graph":[{"@type":"WebPage","@id":"https:\/\/vapingnet.de\/vape\/einweg-e-zigarette-bang-blaze-40000-puffs-original-qualitaet\/","url":"https:\/\/vapingnet.de\/vape\/einweg-e-zigarette-bang-blaze-40000-puffs-original-qualitaet\/","name":"Bang Blaze 40000 Puffs: 0,6\u03a9 Sub-Ohm Dual Mesh Innovation","isPartOf":{"@id":"https:\/\/vapingnet.de\/#website"},"primaryImageOfPage":{"@id":"https:\/\/vapingnet.de\/vape\/einweg-e-zigarette-bang-blaze-40000-puffs-original-qualitaet\/#primaryimage"},"image":{"@id":"https:\/\/vapingnet.de\/vape\/einweg-e-zigarette-bang-blaze-40000-puffs-original-qualitaet\/#primaryimage"},"thumbnailUrl":"https:\/\/vapingnet.de\/wp-content\/uploads\/2025\/06\/Gummy-Bear-Raspberry-Black-Glitter-900x900.jpg.webp","datePublished":"2025-06-05T07:54:08+00:00","dateModified":"2026-01-25T08:48:25+00:00","description":"40.000 Z\u00fcge pure Leistung. Die Bang Blaze bietet ein Triple-Taste-System mit 40ml E-Liquid & Fast Charging. W\u00e4hle dein Level von 0% bis 5% Nikotin. Jetzt testen!","breadcrumb":{"@id":"https:\/\/vapingnet.de\/vape\/einweg-e-zigarette-bang-blaze-40000-puffs-original-qualitaet\/#breadcrumb"},"inLanguage":"lt-LT","potentialAction":[{"@type":"ReadAction","target":["https:\/\/vapingnet.de\/vape\/einweg-e-zigarette-bang-blaze-40000-puffs-original-qualitaet\/"]}]},{"@type":"ImageObject","inLanguage":"lt-LT","@id":"https:\/\/vapingnet.de\/vape\/einweg-e-zigarette-bang-blaze-40000-puffs-original-qualitaet\/#primaryimage","url":"https:\/\/vapingnet.de\/wp-content\/uploads\/2025\/06\/Gummy-Bear-Raspberry-Black-Glitter-900x900.jpg.webp","contentUrl":"https:\/\/vapingnet.de\/wp-content\/uploads\/2025\/06\/Gummy-Bear-Raspberry-Black-Glitter-900x900.jpg.webp","width":1000,"height":1000},{"@type":"BreadcrumbList","@id":"https:\/\/vapingnet.de\/vape\/einweg-e-zigarette-bang-blaze-40000-puffs-original-qualitaet\/#breadcrumb","itemListElement":[{"@type":"ListItem","position":1,"name":"Home","item":"https:\/\/vapingnet.de\/"},{"@type":"ListItem","position":2,"name":"Shop","item":"https:\/\/vapingnet.de\/vape\/"},{"@type":"ListItem","position":3,"name":"Einweg E Zigarette Bang Blaze 40000 Puffs Original Qualit\u00e4t"}]},{"@type":"WebSite","@id":"https:\/\/vapingnet.de\/#website","url":"https:\/\/vapingnet.de\/","name":"Vapingnet.de","description":"","publisher":{"@id":"https:\/\/vapingnet.de\/#organization"},"potentialAction":[{"@type":"SearchAction","target":{"@type":"EntryPoint","urlTemplate":"https:\/\/vapingnet.de\/?s={search_term_string}"},"query-input":{"@type":"PropertyValueSpecification","valueRequired":true,"valueName":"search_term_string"}}],"inLanguage":"lt-LT"},{"@type":"Organization","@id":"https:\/\/vapingnet.de\/#organization","name":"Vapingnet.de","url":"https:\/\/vapingnet.de\/","logo":{"@type":"ImageObject","inLanguage":"lt-LT","@id":"https:\/\/vapingnet.de\/#\/schema\/logo\/image\/","url":"https:\/\/vapingnet.de\/wp-content\/uploads\/2025\/03\/cropped-vapingnet.de_.jpg","contentUrl":"https:\/\/vapingnet.de\/wp-content\/uploads\/2025\/03\/cropped-vapingnet.de_.jpg","width":512,"height":512,"caption":"Vapingnet.de"},"image":{"@id":"https:\/\/vapingnet.de\/#\/schema\/logo\/image\/"},"sameAs":["https:\/\/www.facebook.com\/vapingnetde\/"]}]}},"tiered_pricing_type":"fixed","tiered_pricing_fixed_rules":{"10":"8.35","60":"7.52","110":"6.68","200":"5.85"},"tiered_pricing_product_settings":{"layout":"default","base_unit_name":{"singular":null,"plural":null},"default_variation":null},"tiered_pricing_minimum_quantity":null,"tiered_pricing_roles_data":[],"tiered_pricing_percentage_rules":[],"_links":{"self":[{"href":"https:\/\/vapingnet.de\/lt\/wp-json\/wp\/v2\/product\/7018","targetHints":{"allow":["GET"]}}],"collection":[{"href":"https:\/\/vapingnet.de\/lt\/wp-json\/wp\/v2\/product"}],"about":[{"href":"https:\/\/vapingnet.de\/lt\/wp-json\/wp\/v2\/types\/product"}],"version-history":[{"count":1,"href":"https:\/\/vapingnet.de\/lt\/wp-json\/wp\/v2\/product\/7018\/revisions"}],"predecessor-version":[{"id":7027,"href":"https:\/\/vapingnet.de\/lt\/wp-json\/wp\/v2\/product\/7018\/revisions\/7027"}],"wp:featuredmedia":[{"embeddable":true,"href":"https:\/\/vapingnet.de\/lt\/wp-json\/wp\/v2\/media\/7022"}],"wp:attachment":[{"href":"https:\/\/vapingnet.de\/lt\/wp-json\/wp\/v2\/media?parent=7018"}],"wp:term":[{"taxonomy":"brand","embeddable":true,"href":"https:\/\/vapingnet.de\/lt\/wp-json\/wp\/v2\/etheme_brands?post=7018"},{"taxonomy":"product_brand","embeddable":true,"href":"https:\/\/vapingnet.de\/lt\/wp-json\/wp\/v2\/product_brand?post=7018"},{"taxonomy":"product_cat","embeddable":true,"href":"https:\/\/vapingnet.de\/lt\/wp-json\/wp\/v2\/product_cat?post=7018"},{"taxonomy":"product_tag","embeddable":true,"href":"https:\/\/vapingnet.de\/lt\/wp-json\/wp\/v2\/product_tag?post=7018"}],"curies":[{"name":"wp","href":"https:\/\/api.w.org\/{rel}","templated":true}]}}