{"id":7071,"date":"2025-06-10T06:44:59","date_gmt":"2025-06-10T06:44:59","guid":{"rendered":"https:\/\/vapingnet.de\/?post_type=product&#038;p=7071"},"modified":"2026-01-24T08:18:44","modified_gmt":"2026-01-24T08:18:44","slug":"erlebe-den-sommer-mit-bang-blaze-60000-puffs-einweg-e-zigarette","status":"publish","type":"product","link":"https:\/\/vapingnet.de\/lt\/vape\/erlebe-den-sommer-mit-bang-blaze-60000-puffs-einweg-e-zigarette\/","title":{"rendered":"Patirkite vasar\u0105 su Bang Blaze 60000 Puffs vienkartine elektronine cigarete"},"content":{"rendered":"<h2 data-path-to-node=\"2\">Naujos Bang Blaze 60000 eros laikotarpis<\/h2>\n<p data-path-to-node=\"3\">\u012esivaizduokite, kad j\u016bs\u0173 Vape prisitaiko prie j\u016bs\u0173 dienos ritmo, o ne atvirk\u0161\u010diai. Bang Blaze 60000 baigia skonio monotonijos epoch\u0105. Anks\u010diau reik\u0117jo savait\u0117ms \u012fsipareigoti vienam aromatui, o \u0161is technologinis stebuklas si\u016blo laisv\u0119, kuri iki \u0161iol buvo ne\u012fsivaizduojama. Tai ne tik \u012frenginys \u2013 tai hibridin\u0117 ekosistema j\u016bs\u0173 poj\u016b\u010diams.<\/p>\n<h3 data-path-to-node=\"4\">\u012evairov\u0117s ritmas: mechaninis meistri\u0161kumas<\/h3>\n<p data-path-to-node=\"5\">Paslaptis u\u017e Bang Blaze \u017eavesio slypi jo fizin\u0117je pasirinkimo galimyb\u0117je. Paprastas rankos judesys pakanka, kad b\u016bt\u0173 galima perjungti tarp keturi\u0173 visi\u0161kai autonomini\u0173 kamer\u0173. Naujausio leidimo metu j\u016bs\u0173 laukia dramaturgi\u0161kai suderinta skonio grandin\u0117:<\/p>\n<p data-path-to-node=\"6\">Rytas prasideda Watermelon Ice \u2013 skaidria gaivinan\u010dia gaiva, kuri pa\u017eadina prot\u0105. Kai koncentracija vidurdien\u012f suma\u017e\u0117ja, Blueberry Mint suteikia a\u0161tri\u0105, \u0161alt\u0105 uog\u0173 nat\u0105. Popiet\u0119 saldina Fruit Ice su spalvingu sezonini\u0173 vaisi\u0173 puok\u0161te, o vakaras su egzoti\u0161ka Lime Romance elegancija spritzingai baigiasi.<\/p>\n<p data-path-to-node=\"7\">D\u0117l grie\u017etos 56 ml skys\u010dio atskirties kiekvienas i\u0161 \u0161i\u0173 profili\u0173 iki paskutinio 60 000 \u012fkv\u0117pim\u0173 i\u0161lieka visi\u0161kai \u0161varus ir nekintamas.<\/p>\n<h3 data-path-to-node=\"8\">Nematomos j\u0117gos: technologija, kuri \u017eavi fon\u0105<\/h3>\n<p data-path-to-node=\"9\">Nors i\u0161or\u0117 \u017eavi dizainu ir taktilumu, viduje veikia auk\u0161tos kokyb\u0117s vienetas. 1,0 omo tinklelio strukt\u016bra buvo specialiai sukurta tolygiai suskaidyti auk\u0161\u010diausios kokyb\u0117s skyst\u012f. Rezultatas \u2013 \u0161ilkinis aerosolis, kuris net ir giliai \u012fkv\u0117pus nesukelia \u012fbr\u0117\u017eim\u0173.<\/p>\n<p data-path-to-node=\"10\">Kad kelion\u0117 nesibaigt\u0173 anks\u010diau laiko, patikim\u0105 650 mAh energijos saugykl\u0105 u\u017etikrina reikiam\u0105 gali\u0105. D\u0117l modernios s\u0105sajos greitam energijos \u012fkrovimui Bang Blaze gali b\u016bti paruo\u0161tas naudoti grei\u010diau nei trunka kavos pertrauka.<\/p>\n<h3 data-path-to-node=\"11\">\u017dmogaus s\u0105moningumo i\u0161rai\u0161ka<\/h3>\n<p data-path-to-node=\"12\">Bang Blaze 60000 taip pat yra atsakas \u012f m\u016bs\u0173 laik\u0173 ekologinius klausimus. D\u0117l mil\u017eini\u0161ko talpumo vienas sistema teori\u0161kai pakei\u010dia vis\u0105 krovin\u012f \u012fprast\u0173 ma\u017e\u0173 Vape \u012frengini\u0173. Tai ne tik suma\u017eina naudotojo pastangas, bet ir aktyviai tausoj\u0105 i\u0161teklius.<\/p>\n<p data-path-to-node=\"13\">Kartu su laisvu nikotino stiprumo pasirinkimu \u2013 nuo visi\u0161kos laisv\u0117s (0%) iki intensyvios prisotinimo (5%) \u2013 \u0161is modelis si\u016blo individualum\u0105, kuris nustato standartus. Be to, jis u\u017etikrina saugum\u0105 be pasl\u0117pt\u0173 \u012fsipareigojim\u0173 ar v\u0117lavim\u0173 priimant u\u017esakym\u0105.<\/p>\n<p data-path-to-node=\"14\">Bang Blaze 60000 yra evoliucija, kurios lauk\u0117 vapingo entuziastai. Patirkite skonio kvadratur\u0105 ir naujai apibr\u0117\u017ekite savo standartus. Kiekvienas pasukimas \u012frenginyje yra pa\u017eadas apie nauj\u0105 patirt\u012f.<\/p>","protected":false},"excerpt":{"rendered":"<p>Nauja Bang Blaze 60000 era \u012esivaizduokite, kad j\u016bs\u0173 vape prisitaiko prie j\u016bs\u0173 dienos ritmo, o ne atvirk\u0161\u010diai. Bang Blaze 60000 baigia...<\/p>","protected":false},"featured_media":7076,"template":"","meta":[],"etheme_brands":[],"product_brand":[101],"product_cat":[93,49,61,87],"product_tag":[],"class_list":{"0":"post-7071","1":"product","2":"type-product","3":"status-publish","4":"has-post-thumbnail","6":"product_brand-bang-king-vape","7":"product_cat-60k-vape","8":"product_cat-einweg-e-zigarette","9":"product_cat-f","10":"product_cat-v","12":"first","13":"instock","14":"shipping-taxable","15":"purchasable","16":"product-type-simple"},"yoast_head":"<!-- This site is optimized with the Yoast SEO plugin v26.5 - https:\/\/yoast.com\/wordpress\/plugins\/seo\/ -->\n<title>Flavor-Rotation: Der Bang Blaze 60000 Multitank im Praxis-Check<\/title>\n<meta name=\"description\" content=\"Warum nur ein Aroma w\u00e4hlen? Der Bang Blaze 60000 bietet 4 Kammern, 56ml Liquid &amp; 60k Puffs. Entdecken Sie die mechanische Aroma-Revolution jetzt auf vapingnet.de.\" \/>\n<meta name=\"robots\" content=\"index, follow, max-snippet:-1, max-image-preview:large, max-video-preview:-1\" \/>\n<link rel=\"canonical\" href=\"https:\/\/vapingnet.de\/lt\/vape\/erlebe-den-sommer-mit-bang-blaze-60000-puffs-einweg-e-zigarette\/\" \/>\n<meta property=\"og:locale\" content=\"lt_LT\" \/>\n<meta property=\"og:type\" content=\"article\" \/>\n<meta property=\"og:title\" content=\"Flavor-Rotation: Der Bang Blaze 60000 Multitank im Praxis-Check\" \/>\n<meta property=\"og:description\" content=\"Warum nur ein Aroma w\u00e4hlen? Der Bang Blaze 60000 bietet 4 Kammern, 56ml Liquid &amp; 60k Puffs. Entdecken Sie die mechanische Aroma-Revolution jetzt auf vapingnet.de.\" \/>\n<meta property=\"og:url\" content=\"https:\/\/vapingnet.de\/lt\/vape\/erlebe-den-sommer-mit-bang-blaze-60000-puffs-einweg-e-zigarette\/\" \/>\n<meta property=\"og:site_name\" content=\"Vapingnet.de\" \/>\n<meta property=\"article:publisher\" content=\"https:\/\/www.facebook.com\/vapingnetde\/\" \/>\n<meta property=\"article:modified_time\" content=\"2026-01-24T08:18:44+00:00\" \/>\n<meta property=\"og:image\" content=\"https:\/\/vapingnet.de\/wp-content\/uploads\/2025\/06\/watermelon-ice-blueberry-mint-fuii-ice-lime-romance.jpg.webp\" \/>\n\t<meta property=\"og:image:width\" content=\"1000\" \/>\n\t<meta property=\"og:image:height\" content=\"1000\" \/>\n\t<meta property=\"og:image:type\" content=\"image\/webp\" \/>\n<meta name=\"twitter:card\" content=\"summary_large_image\" \/>\n<meta name=\"twitter:label1\" content=\"Est. reading time\" \/>\n\t<meta name=\"twitter:data1\" content=\"3 minutes\" \/>\n<script type=\"application\/ld+json\" class=\"yoast-schema-graph\">{\"@context\":\"https:\/\/schema.org\",\"@graph\":[{\"@type\":\"WebPage\",\"@id\":\"https:\/\/vapingnet.de\/vape\/erlebe-den-sommer-mit-bang-blaze-60000-puffs-einweg-e-zigarette\/\",\"url\":\"https:\/\/vapingnet.de\/vape\/erlebe-den-sommer-mit-bang-blaze-60000-puffs-einweg-e-zigarette\/\",\"name\":\"Flavor-Rotation: Der Bang Blaze 60000 Multitank im Praxis-Check\",\"isPartOf\":{\"@id\":\"https:\/\/vapingnet.de\/#website\"},\"primaryImageOfPage\":{\"@id\":\"https:\/\/vapingnet.de\/vape\/erlebe-den-sommer-mit-bang-blaze-60000-puffs-einweg-e-zigarette\/#primaryimage\"},\"image\":{\"@id\":\"https:\/\/vapingnet.de\/vape\/erlebe-den-sommer-mit-bang-blaze-60000-puffs-einweg-e-zigarette\/#primaryimage\"},\"thumbnailUrl\":\"https:\/\/vapingnet.de\/wp-content\/uploads\/2025\/06\/watermelon-ice-blueberry-mint-fuii-ice-lime-romance.jpg.webp\",\"datePublished\":\"2025-06-10T06:44:59+00:00\",\"dateModified\":\"2026-01-24T08:18:44+00:00\",\"description\":\"Warum nur ein Aroma w\u00e4hlen? Der Bang Blaze 60000 bietet 4 Kammern, 56ml Liquid & 60k Puffs. Entdecken Sie die mechanische Aroma-Revolution jetzt auf vapingnet.de.\",\"breadcrumb\":{\"@id\":\"https:\/\/vapingnet.de\/vape\/erlebe-den-sommer-mit-bang-blaze-60000-puffs-einweg-e-zigarette\/#breadcrumb\"},\"inLanguage\":\"lt-LT\",\"potentialAction\":[{\"@type\":\"ReadAction\",\"target\":[\"https:\/\/vapingnet.de\/vape\/erlebe-den-sommer-mit-bang-blaze-60000-puffs-einweg-e-zigarette\/\"]}]},{\"@type\":\"ImageObject\",\"inLanguage\":\"lt-LT\",\"@id\":\"https:\/\/vapingnet.de\/vape\/erlebe-den-sommer-mit-bang-blaze-60000-puffs-einweg-e-zigarette\/#primaryimage\",\"url\":\"https:\/\/vapingnet.de\/wp-content\/uploads\/2025\/06\/watermelon-ice-blueberry-mint-fuii-ice-lime-romance.jpg.webp\",\"contentUrl\":\"https:\/\/vapingnet.de\/wp-content\/uploads\/2025\/06\/watermelon-ice-blueberry-mint-fuii-ice-lime-romance.jpg.webp\",\"width\":1000,\"height\":1000},{\"@type\":\"BreadcrumbList\",\"@id\":\"https:\/\/vapingnet.de\/vape\/erlebe-den-sommer-mit-bang-blaze-60000-puffs-einweg-e-zigarette\/#breadcrumb\",\"itemListElement\":[{\"@type\":\"ListItem\",\"position\":1,\"name\":\"Home\",\"item\":\"https:\/\/vapingnet.de\/\"},{\"@type\":\"ListItem\",\"position\":2,\"name\":\"Shop\",\"item\":\"https:\/\/vapingnet.de\/vape\/\"},{\"@type\":\"ListItem\",\"position\":3,\"name\":\"Erlebe Den Sommer Mit Bang Blaze 60000 Puffs Einweg E Zigarette\"}]},{\"@type\":\"WebSite\",\"@id\":\"https:\/\/vapingnet.de\/#website\",\"url\":\"https:\/\/vapingnet.de\/\",\"name\":\"Vapingnet.de\",\"description\":\"\",\"publisher\":{\"@id\":\"https:\/\/vapingnet.de\/#organization\"},\"potentialAction\":[{\"@type\":\"SearchAction\",\"target\":{\"@type\":\"EntryPoint\",\"urlTemplate\":\"https:\/\/vapingnet.de\/?s={search_term_string}\"},\"query-input\":{\"@type\":\"PropertyValueSpecification\",\"valueRequired\":true,\"valueName\":\"search_term_string\"}}],\"inLanguage\":\"lt-LT\"},{\"@type\":\"Organization\",\"@id\":\"https:\/\/vapingnet.de\/#organization\",\"name\":\"Vapingnet.de\",\"url\":\"https:\/\/vapingnet.de\/\",\"logo\":{\"@type\":\"ImageObject\",\"inLanguage\":\"lt-LT\",\"@id\":\"https:\/\/vapingnet.de\/#\/schema\/logo\/image\/\",\"url\":\"https:\/\/vapingnet.de\/wp-content\/uploads\/2025\/03\/cropped-vapingnet.de_.jpg\",\"contentUrl\":\"https:\/\/vapingnet.de\/wp-content\/uploads\/2025\/03\/cropped-vapingnet.de_.jpg\",\"width\":512,\"height\":512,\"caption\":\"Vapingnet.de\"},\"image\":{\"@id\":\"https:\/\/vapingnet.de\/#\/schema\/logo\/image\/\"},\"sameAs\":[\"https:\/\/www.facebook.com\/vapingnetde\/\"]}]}<\/script>\n<!-- \/ Yoast SEO plugin. -->","yoast_head_json":{"title":"Flavor-Rotation: Der Bang Blaze 60000 Multitank im Praxis-Check","description":"Warum nur ein Aroma w\u00e4hlen? Der Bang Blaze 60000 bietet 4 Kammern, 56ml Liquid & 60k Puffs. Entdecken Sie die mechanische Aroma-Revolution jetzt auf vapingnet.de.","robots":{"index":"index","follow":"follow","max-snippet":"max-snippet:-1","max-image-preview":"max-image-preview:large","max-video-preview":"max-video-preview:-1"},"canonical":"https:\/\/vapingnet.de\/lt\/vape\/erlebe-den-sommer-mit-bang-blaze-60000-puffs-einweg-e-zigarette\/","og_locale":"lt_LT","og_type":"article","og_title":"Flavor-Rotation: Der Bang Blaze 60000 Multitank im Praxis-Check","og_description":"Warum nur ein Aroma w\u00e4hlen? Der Bang Blaze 60000 bietet 4 Kammern, 56ml Liquid & 60k Puffs. Entdecken Sie die mechanische Aroma-Revolution jetzt auf vapingnet.de.","og_url":"https:\/\/vapingnet.de\/lt\/vape\/erlebe-den-sommer-mit-bang-blaze-60000-puffs-einweg-e-zigarette\/","og_site_name":"Vapingnet.de","article_publisher":"https:\/\/www.facebook.com\/vapingnetde\/","article_modified_time":"2026-01-24T08:18:44+00:00","og_image":[{"width":1000,"height":1000,"url":"https:\/\/vapingnet.de\/wp-content\/uploads\/2025\/06\/watermelon-ice-blueberry-mint-fuii-ice-lime-romance.jpg.webp","type":"image\/webp"}],"twitter_card":"summary_large_image","twitter_misc":{"Est. reading time":"3 minutes"},"schema":{"@context":"https:\/\/schema.org","@graph":[{"@type":"WebPage","@id":"https:\/\/vapingnet.de\/vape\/erlebe-den-sommer-mit-bang-blaze-60000-puffs-einweg-e-zigarette\/","url":"https:\/\/vapingnet.de\/vape\/erlebe-den-sommer-mit-bang-blaze-60000-puffs-einweg-e-zigarette\/","name":"Flavor-Rotation: Der Bang Blaze 60000 Multitank im Praxis-Check","isPartOf":{"@id":"https:\/\/vapingnet.de\/#website"},"primaryImageOfPage":{"@id":"https:\/\/vapingnet.de\/vape\/erlebe-den-sommer-mit-bang-blaze-60000-puffs-einweg-e-zigarette\/#primaryimage"},"image":{"@id":"https:\/\/vapingnet.de\/vape\/erlebe-den-sommer-mit-bang-blaze-60000-puffs-einweg-e-zigarette\/#primaryimage"},"thumbnailUrl":"https:\/\/vapingnet.de\/wp-content\/uploads\/2025\/06\/watermelon-ice-blueberry-mint-fuii-ice-lime-romance.jpg.webp","datePublished":"2025-06-10T06:44:59+00:00","dateModified":"2026-01-24T08:18:44+00:00","description":"Warum nur ein Aroma w\u00e4hlen? Der Bang Blaze 60000 bietet 4 Kammern, 56ml Liquid & 60k Puffs. Entdecken Sie die mechanische Aroma-Revolution jetzt auf vapingnet.de.","breadcrumb":{"@id":"https:\/\/vapingnet.de\/vape\/erlebe-den-sommer-mit-bang-blaze-60000-puffs-einweg-e-zigarette\/#breadcrumb"},"inLanguage":"lt-LT","potentialAction":[{"@type":"ReadAction","target":["https:\/\/vapingnet.de\/vape\/erlebe-den-sommer-mit-bang-blaze-60000-puffs-einweg-e-zigarette\/"]}]},{"@type":"ImageObject","inLanguage":"lt-LT","@id":"https:\/\/vapingnet.de\/vape\/erlebe-den-sommer-mit-bang-blaze-60000-puffs-einweg-e-zigarette\/#primaryimage","url":"https:\/\/vapingnet.de\/wp-content\/uploads\/2025\/06\/watermelon-ice-blueberry-mint-fuii-ice-lime-romance.jpg.webp","contentUrl":"https:\/\/vapingnet.de\/wp-content\/uploads\/2025\/06\/watermelon-ice-blueberry-mint-fuii-ice-lime-romance.jpg.webp","width":1000,"height":1000},{"@type":"BreadcrumbList","@id":"https:\/\/vapingnet.de\/vape\/erlebe-den-sommer-mit-bang-blaze-60000-puffs-einweg-e-zigarette\/#breadcrumb","itemListElement":[{"@type":"ListItem","position":1,"name":"Home","item":"https:\/\/vapingnet.de\/"},{"@type":"ListItem","position":2,"name":"Shop","item":"https:\/\/vapingnet.de\/vape\/"},{"@type":"ListItem","position":3,"name":"Erlebe Den Sommer Mit Bang Blaze 60000 Puffs Einweg E Zigarette"}]},{"@type":"WebSite","@id":"https:\/\/vapingnet.de\/#website","url":"https:\/\/vapingnet.de\/","name":"Vapingnet.de","description":"","publisher":{"@id":"https:\/\/vapingnet.de\/#organization"},"potentialAction":[{"@type":"SearchAction","target":{"@type":"EntryPoint","urlTemplate":"https:\/\/vapingnet.de\/?s={search_term_string}"},"query-input":{"@type":"PropertyValueSpecification","valueRequired":true,"valueName":"search_term_string"}}],"inLanguage":"lt-LT"},{"@type":"Organization","@id":"https:\/\/vapingnet.de\/#organization","name":"Vapingnet.de","url":"https:\/\/vapingnet.de\/","logo":{"@type":"ImageObject","inLanguage":"lt-LT","@id":"https:\/\/vapingnet.de\/#\/schema\/logo\/image\/","url":"https:\/\/vapingnet.de\/wp-content\/uploads\/2025\/03\/cropped-vapingnet.de_.jpg","contentUrl":"https:\/\/vapingnet.de\/wp-content\/uploads\/2025\/03\/cropped-vapingnet.de_.jpg","width":512,"height":512,"caption":"Vapingnet.de"},"image":{"@id":"https:\/\/vapingnet.de\/#\/schema\/logo\/image\/"},"sameAs":["https:\/\/www.facebook.com\/vapingnetde\/"]}]}},"tiered_pricing_type":"fixed","tiered_pricing_fixed_rules":{"10":"12.15","60":"10.94","110":"9.72","200":"8.51"},"tiered_pricing_product_settings":{"layout":"default","base_unit_name":{"singular":null,"plural":null},"default_variation":null},"tiered_pricing_minimum_quantity":null,"tiered_pricing_roles_data":[],"tiered_pricing_percentage_rules":[],"_links":{"self":[{"href":"https:\/\/vapingnet.de\/lt\/wp-json\/wp\/v2\/product\/7071","targetHints":{"allow":["GET"]}}],"collection":[{"href":"https:\/\/vapingnet.de\/lt\/wp-json\/wp\/v2\/product"}],"about":[{"href":"https:\/\/vapingnet.de\/lt\/wp-json\/wp\/v2\/types\/product"}],"version-history":[{"count":4,"href":"https:\/\/vapingnet.de\/lt\/wp-json\/wp\/v2\/product\/7071\/revisions"}],"predecessor-version":[{"id":7520,"href":"https:\/\/vapingnet.de\/lt\/wp-json\/wp\/v2\/product\/7071\/revisions\/7520"}],"wp:featuredmedia":[{"embeddable":true,"href":"https:\/\/vapingnet.de\/lt\/wp-json\/wp\/v2\/media\/7076"}],"wp:attachment":[{"href":"https:\/\/vapingnet.de\/lt\/wp-json\/wp\/v2\/media?parent=7071"}],"wp:term":[{"taxonomy":"brand","embeddable":true,"href":"https:\/\/vapingnet.de\/lt\/wp-json\/wp\/v2\/etheme_brands?post=7071"},{"taxonomy":"product_brand","embeddable":true,"href":"https:\/\/vapingnet.de\/lt\/wp-json\/wp\/v2\/product_brand?post=7071"},{"taxonomy":"product_cat","embeddable":true,"href":"https:\/\/vapingnet.de\/lt\/wp-json\/wp\/v2\/product_cat?post=7071"},{"taxonomy":"product_tag","embeddable":true,"href":"https:\/\/vapingnet.de\/lt\/wp-json\/wp\/v2\/product_tag?post=7071"}],"curies":[{"name":"wp","href":"https:\/\/api.w.org\/{rel}","templated":true}]}}