{"id":7557,"date":"2026-02-27T09:42:39","date_gmt":"2026-02-27T09:42:39","guid":{"rendered":"https:\/\/vapingnet.de\/?post_type=product&#038;p=7557"},"modified":"2026-02-27T10:20:46","modified_gmt":"2026-02-27T10:20:46","slug":"bang-blaze-50000-vape-kompakt-langlebig-bis-zu-50k-zuege","status":"publish","type":"product","link":"https:\/\/vapingnet.de\/lt\/vape\/bang-blaze-50000-vape-kompakt-langlebig-bis-zu-50k-zuege\/","title":{"rendered":"Bang Blaze 50000 Vape Kompaktas Ilgaam\u017eis iki 50 t\u016bkst. \u012fkv\u0117pim\u0173"},"content":{"rendered":"<h2 data-start=\"64\" data-end=\"126\">Bang Blaze 50000 \u2013 Kompakti\u0161ka, ilgaam\u017e\u0117 vienkartin\u0117 elektronin\u0117 cigaret\u0117<\/h2>\n<p data-start=\"128\" data-end=\"401\" data-imt-p=\"1\">Bang Blaze 50000 Puffs Vape \u012ftikina auk\u0161ta galia moderniu, plonu dizainu \u2013 iki 50 000 \u012fkv\u0117pim\u0173 su \u0161velniu garu ir intensyviu skoniu. Ideali kasdieniam naudojimui arba kelion\u0117se, si\u016blo ilgalaik\u012f malonum\u0105 be kompromis\u0173.<\/p>\n<h3 data-start=\"408\" data-end=\"440\" data-imt-p=\"1\">Pagrindin\u0117s savyb\u0117s akimirksniu<\/h3>\n<ul data-start=\"441\" data-end=\"708\">\n<li data-start=\"441\" data-end=\"485\">\n<p data-start=\"443\" data-end=\"485\" data-imt-p=\"1\">Baterija: 650mAh (\u012fkraunama per Type-C)<\/p>\n<\/li>\n<li data-start=\"486\" data-end=\"523\">\n<p data-start=\"488\" data-end=\"523\" data-imt-p=\"1\">\u012ekv\u0117pim\u0173 skai\u010dius: iki 50 000 \u012fkv\u0117pim\u0173<\/p>\n<\/li>\n<li data-start=\"524\" data-end=\"595\">\n<p data-start=\"526\" data-end=\"595\" data-imt-p=\"1\">Var\u017ea: 1,0\u03a9 dvigubo tinklelio rit\u0117, skirta tankiam, aromatiniam garui<\/p>\n<\/li>\n<li data-start=\"596\" data-end=\"639\">\n<p data-start=\"598\" data-end=\"639\" data-imt-p=\"1\">\u012ekrovimo jungtis: Type-C greitas \u012fkrovimas<\/p>\n<\/li>\n<li data-start=\"640\" data-end=\"679\">\n<p data-start=\"642\" data-end=\"679\" data-imt-p=\"1\">Nikotino pasirinktys: 0%, 2%, 3%, 5%<\/p>\n<\/li>\n<\/ul>\n<h4 data-start=\"715\" data-end=\"771\" data-imt-p=\"1\">Galimos skoni\u0173 r\u016b\u0161ys (12 auk\u0161\u010diausios kokyb\u0117s variant\u0173)<\/h4>\n<ul data-start=\"772\" data-end=\"995\">\n<li data-start=\"772\" data-end=\"786\">\n<p data-start=\"774\" data-end=\"786\" data-imt-p=\"1\">Vynuog\u0117s<\/p>\n<\/li>\n<li data-start=\"787\" data-end=\"812\">\n<p data-start=\"789\" data-end=\"812\" data-imt-p=\"1\">Bra\u0161k\u0117 ir arb\u016bzas<\/p>\n<\/li>\n<li data-start=\"813\" data-end=\"830\">\n<p data-start=\"815\" data-end=\"830\" data-imt-p=\"1\">Blueberry Ice<\/p>\n<\/li>\n<li data-start=\"831\" data-end=\"854\">\n<p data-start=\"833\" data-end=\"854\" data-imt-p=\"1\">M\u0117lyn\u0117s, aviet\u0117s<\/p>\n<\/li>\n<li data-start=\"855\" data-end=\"865\">\n<p data-start=\"857\" data-end=\"865\" data-imt-p=\"1\" data-imt_insert_failed_reason=\"same_text\">Love66<\/p>\n<\/li>\n<li data-start=\"866\" data-end=\"889\">\n<p data-start=\"868\" data-end=\"889\" data-imt-p=\"1\">Cranberry Grape Ice<\/p>\n<\/li>\n<li data-start=\"890\" data-end=\"903\">\n<p data-start=\"892\" data-end=\"903\" data-imt-p=\"1\">Persik\u0173 ledas<\/p>\n<\/li>\n<li data-start=\"904\" data-end=\"924\">\n<p data-start=\"906\" data-end=\"924\" data-imt-p=\"1\">Bra\u0161k\u0117 Mango<\/p>\n<\/li>\n<li data-start=\"925\" data-end=\"941\">\n<p data-start=\"927\" data-end=\"941\" data-imt-p=\"1\">Triple Berry<\/p>\n<\/li>\n<li data-start=\"942\" data-end=\"957\">\n<p data-start=\"944\" data-end=\"957\" data-imt-p=\"1\">Mango persikas<\/p>\n<\/li>\n<li data-start=\"958\" data-end=\"973\">\n<p data-start=\"960\" data-end=\"973\" data-imt-p=\"1\">Vasaros laikas<\/p>\n<\/li>\n<li data-start=\"974\" data-end=\"995\">\n<p data-start=\"976\" data-end=\"995\" data-imt-p=\"1\">Ananasas Kokosas<\/p>\n<\/li>\n<\/ul>\n<h3 data-start=\"1002\" data-end=\"1038\" data-imt-p=\"1\">Kod\u0117l rinktis Bang Blaze 50000?<\/h3>\n<ul data-start=\"1039\" data-end=\"1419\">\n<li data-start=\"1039\" data-end=\"1116\">\n<p data-start=\"1041\" data-end=\"1116\" data-imt-p=\"1\">Iki 50 000 \u012fjungim\u0173 \u2013 ilgalaikis malonumas be nuolatinio papildymo<\/p>\n<\/li>\n<li data-start=\"1117\" data-end=\"1185\">\n<p data-start=\"1119\" data-end=\"1185\" data-imt-p=\"1\">12 skani\u0173 skoni\u0173 variant\u0173 \u2013 vaisi\u0161kas, \u0161aldytas ir egzoti\u0161kas<\/p>\n<\/li>\n<li data-start=\"1186\" data-end=\"1254\">\n<p data-start=\"1188\" data-end=\"1254\" data-imt-p=\"1\">Kompakti\u0161kas ir kelion\u0117ms pritaikytas \u2013 plonas dizainas keliaujant<\/p>\n<\/li>\n<li data-start=\"1255\" data-end=\"1349\">\n<p data-start=\"1257\" data-end=\"1349\">Patikima baterija su Type-C \u012fkrovimu \u2013 greitas \u012fkrovimas be pertrauk\u0173<\/p>\n<\/li>\n<li data-start=\"1350\" data-end=\"1419\">\n<p data-start=\"1352\" data-end=\"1419\">Dviguba tinklelio rit\u0117 \u2013 tolygus garas ir intensyvus skonis<\/p>\n<\/li>\n<\/ul>","protected":false},"excerpt":{"rendered":"<p>Bang Blaze 50000 \u2013 Kompakti\u0161ka, ilgaam\u017e\u0117 vienkartin\u0117 elektronin\u0117 cigaret\u0117 Bang Blaze 50000 Puffs Vape pasi\u017eymi auk\u0161tu na\u0161umu ploname, moderniame dizaine \u2013 iki...<\/p>","protected":false},"featured_media":7570,"template":"","meta":[],"etheme_brands":[],"product_brand":[101],"product_cat":[67,49,61],"product_tag":[],"class_list":{"0":"post-7557","1":"product","2":"type-product","3":"status-publish","4":"has-post-thumbnail","6":"product_brand-bang-king-vape","7":"product_cat-50k-vape","8":"product_cat-einweg-e-zigarette","9":"product_cat-f","11":"first","12":"instock","13":"shipping-taxable","14":"purchasable","15":"product-type-variable"},"yoast_head":"<!-- This site is optimized with the Yoast SEO plugin v26.5 - https:\/\/yoast.com\/wordpress\/plugins\/seo\/ -->\n<title>Bang Blaze 50000 Vape Kompakt Langlebig bis zu 50K Z\u00fcge | vapingnet.de<\/title>\n<meta name=\"description\" content=\"Bang Blaze 50000 Vape Kompakt Langlebig bis zu 50K Z\u00fcge \u25ba Viele Geschmacksrichtungen &amp; g\u00fcnstig bei vapingnet.de f\u00fcr E-Zigaretten-Liebhaber\" \/>\n<meta name=\"robots\" content=\"index, follow, max-snippet:-1, max-image-preview:large, max-video-preview:-1\" \/>\n<link rel=\"canonical\" href=\"https:\/\/vapingnet.de\/lt\/vape\/bang-blaze-50000-vape-kompakt-langlebig-bis-zu-50k-zuege\/\" \/>\n<meta property=\"og:locale\" content=\"lt_LT\" \/>\n<meta property=\"og:type\" content=\"article\" \/>\n<meta property=\"og:title\" content=\"Bang Blaze 50000 Vape Kompakt Langlebig bis zu 50K Z\u00fcge | vapingnet.de\" \/>\n<meta property=\"og:description\" content=\"Bang Blaze 50000 Vape Kompakt Langlebig bis zu 50K Z\u00fcge \u25ba Viele Geschmacksrichtungen &amp; g\u00fcnstig bei vapingnet.de f\u00fcr E-Zigaretten-Liebhaber\" \/>\n<meta property=\"og:url\" content=\"https:\/\/vapingnet.de\/lt\/vape\/bang-blaze-50000-vape-kompakt-langlebig-bis-zu-50k-zuege\/\" \/>\n<meta property=\"og:site_name\" content=\"Vapingnet.de\" \/>\n<meta property=\"article:publisher\" content=\"https:\/\/www.facebook.com\/vapingnetde\/\" \/>\n<meta property=\"article:modified_time\" content=\"2026-02-27T10:20:46+00:00\" \/>\n<meta property=\"og:image\" content=\"https:\/\/vapingnet.de\/wp-content\/uploads\/2026\/02\/BANG-BLAZE-50000-2.webp\" \/>\n\t<meta property=\"og:image:width\" content=\"710\" \/>\n\t<meta property=\"og:image:height\" content=\"710\" \/>\n\t<meta property=\"og:image:type\" content=\"image\/webp\" \/>\n<meta name=\"twitter:card\" content=\"summary_large_image\" \/>\n<meta name=\"twitter:label1\" content=\"Est. reading time\" \/>\n\t<meta name=\"twitter:data1\" content=\"1 minute\" \/>\n<script type=\"application\/ld+json\" class=\"yoast-schema-graph\">{\"@context\":\"https:\/\/schema.org\",\"@graph\":[{\"@type\":\"WebPage\",\"@id\":\"https:\/\/vapingnet.de\/vape\/bang-blaze-50000-vape-kompakt-langlebig-bis-zu-50k-zuege\/\",\"url\":\"https:\/\/vapingnet.de\/vape\/bang-blaze-50000-vape-kompakt-langlebig-bis-zu-50k-zuege\/\",\"name\":\"Bang Blaze 50000 Vape Kompakt Langlebig bis zu 50K Z\u00fcge | vapingnet.de\",\"isPartOf\":{\"@id\":\"https:\/\/vapingnet.de\/#website\"},\"primaryImageOfPage\":{\"@id\":\"https:\/\/vapingnet.de\/vape\/bang-blaze-50000-vape-kompakt-langlebig-bis-zu-50k-zuege\/#primaryimage\"},\"image\":{\"@id\":\"https:\/\/vapingnet.de\/vape\/bang-blaze-50000-vape-kompakt-langlebig-bis-zu-50k-zuege\/#primaryimage\"},\"thumbnailUrl\":\"https:\/\/vapingnet.de\/wp-content\/uploads\/2026\/02\/BANG-BLAZE-50000-2.webp\",\"datePublished\":\"2026-02-27T09:42:39+00:00\",\"dateModified\":\"2026-02-27T10:20:46+00:00\",\"description\":\"Bang Blaze 50000 Vape Kompakt Langlebig bis zu 50K Z\u00fcge \u25ba Viele Geschmacksrichtungen & g\u00fcnstig bei vapingnet.de f\u00fcr E-Zigaretten-Liebhaber\",\"breadcrumb\":{\"@id\":\"https:\/\/vapingnet.de\/vape\/bang-blaze-50000-vape-kompakt-langlebig-bis-zu-50k-zuege\/#breadcrumb\"},\"inLanguage\":\"lt-LT\",\"potentialAction\":[{\"@type\":\"ReadAction\",\"target\":[\"https:\/\/vapingnet.de\/vape\/bang-blaze-50000-vape-kompakt-langlebig-bis-zu-50k-zuege\/\"]}]},{\"@type\":\"ImageObject\",\"inLanguage\":\"lt-LT\",\"@id\":\"https:\/\/vapingnet.de\/vape\/bang-blaze-50000-vape-kompakt-langlebig-bis-zu-50k-zuege\/#primaryimage\",\"url\":\"https:\/\/vapingnet.de\/wp-content\/uploads\/2026\/02\/BANG-BLAZE-50000-2.webp\",\"contentUrl\":\"https:\/\/vapingnet.de\/wp-content\/uploads\/2026\/02\/BANG-BLAZE-50000-2.webp\",\"width\":710,\"height\":710},{\"@type\":\"BreadcrumbList\",\"@id\":\"https:\/\/vapingnet.de\/vape\/bang-blaze-50000-vape-kompakt-langlebig-bis-zu-50k-zuege\/#breadcrumb\",\"itemListElement\":[{\"@type\":\"ListItem\",\"position\":1,\"name\":\"Home\",\"item\":\"https:\/\/vapingnet.de\/\"},{\"@type\":\"ListItem\",\"position\":2,\"name\":\"Shop\",\"item\":\"https:\/\/vapingnet.de\/vape\/\"},{\"@type\":\"ListItem\",\"position\":3,\"name\":\"Bang Blaze 50000 Vape Kompakt Langlebig bis zu 50K Z\u00fcge\"}]},{\"@type\":\"WebSite\",\"@id\":\"https:\/\/vapingnet.de\/#website\",\"url\":\"https:\/\/vapingnet.de\/\",\"name\":\"Vapingnet.de\",\"description\":\"\",\"publisher\":{\"@id\":\"https:\/\/vapingnet.de\/#organization\"},\"potentialAction\":[{\"@type\":\"SearchAction\",\"target\":{\"@type\":\"EntryPoint\",\"urlTemplate\":\"https:\/\/vapingnet.de\/?s={search_term_string}\"},\"query-input\":{\"@type\":\"PropertyValueSpecification\",\"valueRequired\":true,\"valueName\":\"search_term_string\"}}],\"inLanguage\":\"lt-LT\"},{\"@type\":\"Organization\",\"@id\":\"https:\/\/vapingnet.de\/#organization\",\"name\":\"Vapingnet.de\",\"url\":\"https:\/\/vapingnet.de\/\",\"logo\":{\"@type\":\"ImageObject\",\"inLanguage\":\"lt-LT\",\"@id\":\"https:\/\/vapingnet.de\/#\/schema\/logo\/image\/\",\"url\":\"https:\/\/vapingnet.de\/wp-content\/uploads\/2025\/03\/cropped-vapingnet.de_.jpg\",\"contentUrl\":\"https:\/\/vapingnet.de\/wp-content\/uploads\/2025\/03\/cropped-vapingnet.de_.jpg\",\"width\":512,\"height\":512,\"caption\":\"Vapingnet.de\"},\"image\":{\"@id\":\"https:\/\/vapingnet.de\/#\/schema\/logo\/image\/\"},\"sameAs\":[\"https:\/\/www.facebook.com\/vapingnetde\/\"]}]}<\/script>\n<!-- \/ Yoast SEO plugin. -->","yoast_head_json":{"title":"Bang Blaze 50000 Vape Kompakt Langlebig bis zu 50K Z\u00fcge | vapingnet.de","description":"Bang Blaze 50000 Vape Kompakt Langlebig bis zu 50K Z\u00fcge \u25ba Viele Geschmacksrichtungen & g\u00fcnstig bei vapingnet.de f\u00fcr E-Zigaretten-Liebhaber","robots":{"index":"index","follow":"follow","max-snippet":"max-snippet:-1","max-image-preview":"max-image-preview:large","max-video-preview":"max-video-preview:-1"},"canonical":"https:\/\/vapingnet.de\/lt\/vape\/bang-blaze-50000-vape-kompakt-langlebig-bis-zu-50k-zuege\/","og_locale":"lt_LT","og_type":"article","og_title":"Bang Blaze 50000 Vape Kompakt Langlebig bis zu 50K Z\u00fcge | vapingnet.de","og_description":"Bang Blaze 50000 Vape Kompakt Langlebig bis zu 50K Z\u00fcge \u25ba Viele Geschmacksrichtungen & g\u00fcnstig bei vapingnet.de f\u00fcr E-Zigaretten-Liebhaber","og_url":"https:\/\/vapingnet.de\/lt\/vape\/bang-blaze-50000-vape-kompakt-langlebig-bis-zu-50k-zuege\/","og_site_name":"Vapingnet.de","article_publisher":"https:\/\/www.facebook.com\/vapingnetde\/","article_modified_time":"2026-02-27T10:20:46+00:00","og_image":[{"width":710,"height":710,"url":"https:\/\/vapingnet.de\/wp-content\/uploads\/2026\/02\/BANG-BLAZE-50000-2.webp","type":"image\/webp"}],"twitter_card":"summary_large_image","twitter_misc":{"Est. reading time":"1 minute"},"schema":{"@context":"https:\/\/schema.org","@graph":[{"@type":"WebPage","@id":"https:\/\/vapingnet.de\/vape\/bang-blaze-50000-vape-kompakt-langlebig-bis-zu-50k-zuege\/","url":"https:\/\/vapingnet.de\/vape\/bang-blaze-50000-vape-kompakt-langlebig-bis-zu-50k-zuege\/","name":"Bang Blaze 50000 Vape Kompakt Langlebig bis zu 50K Z\u00fcge | vapingnet.de","isPartOf":{"@id":"https:\/\/vapingnet.de\/#website"},"primaryImageOfPage":{"@id":"https:\/\/vapingnet.de\/vape\/bang-blaze-50000-vape-kompakt-langlebig-bis-zu-50k-zuege\/#primaryimage"},"image":{"@id":"https:\/\/vapingnet.de\/vape\/bang-blaze-50000-vape-kompakt-langlebig-bis-zu-50k-zuege\/#primaryimage"},"thumbnailUrl":"https:\/\/vapingnet.de\/wp-content\/uploads\/2026\/02\/BANG-BLAZE-50000-2.webp","datePublished":"2026-02-27T09:42:39+00:00","dateModified":"2026-02-27T10:20:46+00:00","description":"Bang Blaze 50000 Vape Kompakt Langlebig bis zu 50K Z\u00fcge \u25ba Viele Geschmacksrichtungen & g\u00fcnstig bei vapingnet.de f\u00fcr E-Zigaretten-Liebhaber","breadcrumb":{"@id":"https:\/\/vapingnet.de\/vape\/bang-blaze-50000-vape-kompakt-langlebig-bis-zu-50k-zuege\/#breadcrumb"},"inLanguage":"lt-LT","potentialAction":[{"@type":"ReadAction","target":["https:\/\/vapingnet.de\/vape\/bang-blaze-50000-vape-kompakt-langlebig-bis-zu-50k-zuege\/"]}]},{"@type":"ImageObject","inLanguage":"lt-LT","@id":"https:\/\/vapingnet.de\/vape\/bang-blaze-50000-vape-kompakt-langlebig-bis-zu-50k-zuege\/#primaryimage","url":"https:\/\/vapingnet.de\/wp-content\/uploads\/2026\/02\/BANG-BLAZE-50000-2.webp","contentUrl":"https:\/\/vapingnet.de\/wp-content\/uploads\/2026\/02\/BANG-BLAZE-50000-2.webp","width":710,"height":710},{"@type":"BreadcrumbList","@id":"https:\/\/vapingnet.de\/vape\/bang-blaze-50000-vape-kompakt-langlebig-bis-zu-50k-zuege\/#breadcrumb","itemListElement":[{"@type":"ListItem","position":1,"name":"Home","item":"https:\/\/vapingnet.de\/"},{"@type":"ListItem","position":2,"name":"Shop","item":"https:\/\/vapingnet.de\/vape\/"},{"@type":"ListItem","position":3,"name":"Bang Blaze 50000 Vape Kompakt Langlebig bis zu 50K Z\u00fcge"}]},{"@type":"WebSite","@id":"https:\/\/vapingnet.de\/#website","url":"https:\/\/vapingnet.de\/","name":"Vapingnet.de","description":"","publisher":{"@id":"https:\/\/vapingnet.de\/#organization"},"potentialAction":[{"@type":"SearchAction","target":{"@type":"EntryPoint","urlTemplate":"https:\/\/vapingnet.de\/?s={search_term_string}"},"query-input":{"@type":"PropertyValueSpecification","valueRequired":true,"valueName":"search_term_string"}}],"inLanguage":"lt-LT"},{"@type":"Organization","@id":"https:\/\/vapingnet.de\/#organization","name":"Vapingnet.de","url":"https:\/\/vapingnet.de\/","logo":{"@type":"ImageObject","inLanguage":"lt-LT","@id":"https:\/\/vapingnet.de\/#\/schema\/logo\/image\/","url":"https:\/\/vapingnet.de\/wp-content\/uploads\/2025\/03\/cropped-vapingnet.de_.jpg","contentUrl":"https:\/\/vapingnet.de\/wp-content\/uploads\/2025\/03\/cropped-vapingnet.de_.jpg","width":512,"height":512,"caption":"Vapingnet.de"},"image":{"@id":"https:\/\/vapingnet.de\/#\/schema\/logo\/image\/"},"sameAs":["https:\/\/www.facebook.com\/vapingnetde\/"]}]}},"tiered_pricing_type":"fixed","tiered_pricing_fixed_rules":{"10":"9.27"},"tiered_pricing_product_settings":{"layout":"default","base_unit_name":{"singular":null,"plural":null},"default_variation":null},"tiered_pricing_minimum_quantity":null,"tiered_pricing_roles_data":[],"tiered_pricing_percentage_rules":[],"_links":{"self":[{"href":"https:\/\/vapingnet.de\/lt\/wp-json\/wp\/v2\/product\/7557","targetHints":{"allow":["GET"]}}],"collection":[{"href":"https:\/\/vapingnet.de\/lt\/wp-json\/wp\/v2\/product"}],"about":[{"href":"https:\/\/vapingnet.de\/lt\/wp-json\/wp\/v2\/types\/product"}],"version-history":[{"count":1,"href":"https:\/\/vapingnet.de\/lt\/wp-json\/wp\/v2\/product\/7557\/revisions"}],"predecessor-version":[{"id":7571,"href":"https:\/\/vapingnet.de\/lt\/wp-json\/wp\/v2\/product\/7557\/revisions\/7571"}],"wp:featuredmedia":[{"embeddable":true,"href":"https:\/\/vapingnet.de\/lt\/wp-json\/wp\/v2\/media\/7570"}],"wp:attachment":[{"href":"https:\/\/vapingnet.de\/lt\/wp-json\/wp\/v2\/media?parent=7557"}],"wp:term":[{"taxonomy":"brand","embeddable":true,"href":"https:\/\/vapingnet.de\/lt\/wp-json\/wp\/v2\/etheme_brands?post=7557"},{"taxonomy":"product_brand","embeddable":true,"href":"https:\/\/vapingnet.de\/lt\/wp-json\/wp\/v2\/product_brand?post=7557"},{"taxonomy":"product_cat","embeddable":true,"href":"https:\/\/vapingnet.de\/lt\/wp-json\/wp\/v2\/product_cat?post=7557"},{"taxonomy":"product_tag","embeddable":true,"href":"https:\/\/vapingnet.de\/lt\/wp-json\/wp\/v2\/product_tag?post=7557"}],"curies":[{"name":"wp","href":"https:\/\/api.w.org\/{rel}","templated":true}]}}