{"id":6104,"date":"2025-04-02T09:52:58","date_gmt":"2025-04-02T09:52:58","guid":{"rendered":"https:\/\/vapingnet.de\/?page_id=6104"},"modified":"2025-06-27T01:35:45","modified_gmt":"2025-06-27T01:35:45","slug":"randm-tornado-15000","status":"publish","type":"page","link":"https:\/\/vapingnet.de\/nl\/randm-tornado-15000\/","title":{"rendered":"Randm Tornado 15000"},"content":{"rendered":"<p>Ben je op zoek naar een e-sigaret die doet wat hij belooft? Dan is de Randm Tornado 15000 precies wat je zoekt. Geen opladen, geen navullen \u2013 gewoon openen, dampen en genieten. Met tot wel <strong><a href=\"https:\/\/vapingnet.de\/nl\/k\/vape-15000-zuege\/\">15.000 trekjes<\/a><\/strong>, intense aroma's en snelle levering uit Nederland krijg je hier echte kracht in een compact formaat.<\/p><div data-align-buttons=\"true\" data-block-name=\"woocommerce\/handpicked-products\" data-columns=\"1\" data-content-visibility=\"{&quot;image&quot;:true,&quot;title&quot;:true,&quot;price&quot;:true,&quot;rating&quot;:false,&quot;button&quot;:false}\" data-products=\"[6038]\" class=\"wc-block-grid wp-block-handpicked-products wp-block-woocommerce-handpicked-products wc-block-handpicked-products has-1-columns has-multiple-rows has-aligned-buttons\"><ul class=\"wc-block-grid__products\"><li class=\"wc-block-grid__product\">\n\t\t\t\t<a href=\"https:\/\/vapingnet.de\/nl\/vape\/jetzt-randm-tornado-15000-kaufen-schneller-versand-aus-deutschland\/\" class=\"wc-block-grid__product-link\">\n\t\t\t\t\t\n\t\t\t\t\t<div style=\"position:relative;\"><div class=\"wc-block-grid__product-image\"><img fetchpriority=\"high\" decoding=\"async\" width=\"300\" height=\"300\" src=\"https:\/\/vapingnet.de\/wp-content\/uploads\/2025\/04\/randm_15000_vapingnet-300x300.webp\" class=\"attachment-woocommerce_thumbnail size-woocommerce_thumbnail\" alt=\"randm_15000-vapingnet\" srcset=\"https:\/\/vapingnet.de\/wp-content\/uploads\/2025\/04\/randm_15000_vapingnet-300x300.webp 300w, https:\/\/vapingnet.de\/wp-content\/uploads\/2025\/04\/randm_15000_vapingnet-150x150.webp 150w, https:\/\/vapingnet.de\/wp-content\/uploads\/2025\/04\/randm_15000_vapingnet-768x768.webp 768w, https:\/\/vapingnet.de\/wp-content\/uploads\/2025\/04\/randm_15000_vapingnet-600x600.webp 600w, https:\/\/vapingnet.de\/wp-content\/uploads\/2025\/04\/randm_15000_vapingnet-100x100.webp 100w, https:\/\/vapingnet.de\/wp-content\/uploads\/2025\/04\/randm_15000_vapingnet-1x1.webp 1w, https:\/\/vapingnet.de\/wp-content\/uploads\/2025\/04\/randm_15000_vapingnet-10x10.webp 10w, https:\/\/vapingnet.de\/wp-content\/uploads\/2025\/04\/randm_15000_vapingnet.webp 1000w\" sizes=\"(max-width: 300px) 100vw, 300px\" \/><\/div><div class=\"advanced-woo-labels awl-position-type-on-image awl-label-type-archive awl-align-right-top\" style=\"display:flex;flex-wrap:wrap;flex-direction:row;text-align:left;width:100%;position:absolute;z-index:9;left:0px;right:auto;top:0px;bottom:auto;transform:none;justify-content:flex-end;align-items:stretch;\"><div class=\"awl-label-wrap awl-label-id-6017\" style=\"margin:0 5px 0 0;\"><span class=\"awl-product-label awl-type-label awl-type-label-standard\" style=\"display:table;position:relative;line-height:1;white-space:nowrap;vertical-align:baseline;font-size:14px;font-weight:400;font-style:normal;letter-spacing:0;color:#fff;opacity:1;margin:0;\"><span class=\"awl-label-text\"  style=\"display:table-cell;padding:0.3em 0.6em;z-index:1;background:#3986c6;position:relative;line-height:1;border-radius:0;\"><span class=\"awl-inner-text\">Douanevrij<\/span><\/span><\/span><\/div><div class=\"awl-label-wrap awl-label-id-6013\" style=\"\"><span class=\"awl-product-label awl-type-label awl-type-label-standard\" style=\"display:table;position:relative;line-height:1;white-space:nowrap;vertical-align:baseline;font-size:14px;font-weight:400;font-style:normal;letter-spacing:0px;color:#fff;opacity:1;margin:0px 0px 0px 0px;\"><span class=\"awl-label-text\"  style=\"display:table-cell;padding:0.3em 0.6em 0.3em 0.6em;z-index:1;background:#44ea6a;position:relative;line-height:1;border-radius:0;\"><span class=\"awl-inner-text\">Lokale levering<\/span><\/span><\/span><\/div><\/div><\/div>\n\t\t\t\t\t<div class=\"wc-block-grid__product-title\">Nu RandM Tornado 15000 kopen snellere verzending uit Nederland<\/div>\n\t\t\t\t<\/a>\n\t\t\t\t<div class=\"wc-block-grid__product-price price\">        <span class=\"tiered-pricing-dynamic-price-wrapper tiered-pricing-dynamic-price-wrapper--variable\" data-display-context=\"shop-loop\" data-price-type=\"dynamic\" data-product-id=\"6038\" data-parent-id=\"6038\">\n\t\t\t<span class=\"woocommerce-Price-amount amount\">9,31&nbsp;<span class=\"woocommerce-Price-currencySymbol\">\u20ac<\/span><\/span><\/span><br>        <small data-consider-sale-price=\"yes\" data-product-id=\"6038\" data-parent-id=\"6038\" class=\"tiered-pricing-you-save tiered-pricing-you-save--hidden\" style=\"color: #ff0000\">U bespaart <span class=\"tiered-pricing-you-save__total\"><\/span>        <\/small>\n\t\t<\/div>\n\t\t\t\t\n\t\t\t\t\n\t\t\t<\/li><\/ul><\/div><h2 class=\"wp-block-heading\"><span style=\"color: #3fd2d6;\">Wat maakt de Randm Tornado 15000 bijzonder?<\/span><\/h2><p>Eenvoudig &amp; praktisch: Geen opladen, geen onderhoud. Ideaal voor onderweg of dagelijks gebruik.<\/p><p>Sterke damp: Elke trek brengt je dichte, volle wolken \u2013 perfect voor wie het intensief wil.<\/p><p>Lange gebruiksduur: Met tot 15.000 trekjes gaat deze wegwerp e-sigaret dagen mee \u2013 zonder moeite.<\/p><p>Aroma-variatie: Van fruitig-fris tot klassiek \u2013 je vindt gegarandeerd je favoriet.<\/p><p>Levering uit Nederland: Geen douane, geen lange wachttijden. Je bestelling is er binnen 2\u20135 dagen.<\/p><h3 class=\"wp-block-heading\">Veelgestelde vragen (FAQ)<\/h3><div class=\"schema-faq wp-block-yoast-faq-block\"><div class=\"schema-faq-section\" id=\"faq-question-1750488119944\"><strong class=\"schema-faq-question\">Hoe lang gaat de Randm Tornado 15000 mee?<\/strong> <p class=\"schema-faq-answer\">Tot 15.000 treinen \u2013 veel meer dan veel andere wegwerpmodellen.<\/p> <\/div> <div class=\"schema-faq-section\" id=\"faq-question-1750488133678\"><strong class=\"schema-faq-question\">Moet ik de batterij opladen of de vloeistof navullen?<\/strong> <p class=\"schema-faq-answer\">Nee. Het is een wegwerpproduct \u2013 kant-en-klaar voor gebruik en onderhoudsvrij.<\/p> <\/div> <div class=\"schema-faq-section\" id=\"faq-question-1750488253542\"><strong class=\"schema-faq-question\">Welke aroma's zijn er?<\/strong> <p class=\"schema-faq-answer\">Je kunt kiezen tussen verschillende fruit-, menthol- en tabakssmaken.<\/p> <\/div> <div class=\"schema-faq-section\" id=\"faq-question-1750488266526\"><strong class=\"schema-faq-question\">Zijn er douanekosten?<\/strong> <p class=\"schema-faq-answer\">Nee. De levering gebeurt rechtstreeks uit Nederland, helemaal zonder extra kosten.<\/p> <\/div> <div class=\"schema-faq-section\" id=\"faq-question-1750488277728\"><strong class=\"schema-faq-question\">Voor wie is het apparaat geschikt?<\/strong> <p class=\"schema-faq-answer\">Voor iedereen die eenvoudig wil dampen \u2013 of je nu beginner bent of veel dampt.<\/p> <\/div> <\/div>","protected":false},"excerpt":{"rendered":"<p>Du suchst eine E-Zigarette, die h\u00e4lt, was sie verspricht? Dann ist der Randm Tornado 15000 genau das Richtige. Kein Aufladen, kein Nachf\u00fcllen \u2013 einfach aufmachen,&#8230;<\/p>","protected":false},"author":2,"featured_media":0,"parent":0,"menu_order":0,"comment_status":"closed","ping_status":"closed","template":"","meta":{"footnotes":""},"class_list":["post-6104","page","type-page","status-publish","hentry"],"yoast_head":"<!-- This site is optimized with the Yoast SEO plugin v26.5 - https:\/\/yoast.com\/wordpress\/plugins\/seo\/ -->\n<title>Randm Tornado 15000 \u2013 Viel Dampf, schneller Versand, kein Zoll<\/title>\n<meta name=\"description\" content=\"Randm Tornado 15000: Starke Aromen, bis zu 15.000 Z\u00fcge, sofort dampfen. Zollfrei aus Deutschland in 2\u20135 Tagen geliefert \u2013 jetzt online kaufen.\" \/>\n<meta name=\"robots\" content=\"index, follow, max-snippet:-1, max-image-preview:large, max-video-preview:-1\" \/>\n<link rel=\"canonical\" href=\"https:\/\/vapingnet.de\/nl\/randm-tornado-15000\/\" \/>\n<meta property=\"og:locale\" content=\"nl_NL\" \/>\n<meta property=\"og:type\" content=\"article\" \/>\n<meta property=\"og:title\" content=\"Randm Tornado 15000 \u2013 Viel Dampf, schneller Versand, kein Zoll\" \/>\n<meta property=\"og:description\" content=\"Randm Tornado 15000: Starke Aromen, bis zu 15.000 Z\u00fcge, sofort dampfen. Zollfrei aus Deutschland in 2\u20135 Tagen geliefert \u2013 jetzt online kaufen.\" \/>\n<meta property=\"og:url\" content=\"https:\/\/vapingnet.de\/nl\/randm-tornado-15000\/\" \/>\n<meta property=\"og:site_name\" content=\"Vapingnet.de\" \/>\n<meta property=\"article:publisher\" content=\"https:\/\/www.facebook.com\/vapingnetde\/\" \/>\n<meta property=\"article:modified_time\" content=\"2025-06-27T01:35:45+00:00\" \/>\n<meta name=\"twitter:card\" content=\"summary_large_image\" \/>\n<meta name=\"twitter:label1\" content=\"Est. reading time\" \/>\n\t<meta name=\"twitter:data1\" content=\"2 minutes\" \/>\n<script type=\"application\/ld+json\" class=\"yoast-schema-graph\">{\"@context\":\"https:\/\/schema.org\",\"@graph\":[{\"@type\":[\"WebPage\",\"FAQPage\"],\"@id\":\"https:\/\/vapingnet.de\/randm-tornado-15000\/\",\"url\":\"https:\/\/vapingnet.de\/randm-tornado-15000\/\",\"name\":\"Randm Tornado 15000 \u2013 Viel Dampf, schneller Versand, kein Zoll\",\"isPartOf\":{\"@id\":\"https:\/\/vapingnet.de\/#website\"},\"datePublished\":\"2025-04-02T09:52:58+00:00\",\"dateModified\":\"2025-06-27T01:35:45+00:00\",\"description\":\"Randm Tornado 15000: Starke Aromen, bis zu 15.000 Z\u00fcge, sofort dampfen. Zollfrei aus Deutschland in 2\u20135 Tagen geliefert \u2013 jetzt online kaufen.\",\"breadcrumb\":{\"@id\":\"https:\/\/vapingnet.de\/randm-tornado-15000\/#breadcrumb\"},\"mainEntity\":[{\"@id\":\"https:\/\/vapingnet.de\/randm-tornado-15000\/#faq-question-1750488119944\"},{\"@id\":\"https:\/\/vapingnet.de\/randm-tornado-15000\/#faq-question-1750488133678\"},{\"@id\":\"https:\/\/vapingnet.de\/randm-tornado-15000\/#faq-question-1750488253542\"},{\"@id\":\"https:\/\/vapingnet.de\/randm-tornado-15000\/#faq-question-1750488266526\"},{\"@id\":\"https:\/\/vapingnet.de\/randm-tornado-15000\/#faq-question-1750488277728\"}],\"inLanguage\":\"nl-NL\",\"potentialAction\":[{\"@type\":\"ReadAction\",\"target\":[\"https:\/\/vapingnet.de\/randm-tornado-15000\/\"]}]},{\"@type\":\"BreadcrumbList\",\"@id\":\"https:\/\/vapingnet.de\/randm-tornado-15000\/#breadcrumb\",\"itemListElement\":[{\"@type\":\"ListItem\",\"position\":1,\"name\":\"Home\",\"item\":\"https:\/\/vapingnet.de\/\"},{\"@type\":\"ListItem\",\"position\":2,\"name\":\"Randm Tornado 15000\"}]},{\"@type\":\"WebSite\",\"@id\":\"https:\/\/vapingnet.de\/#website\",\"url\":\"https:\/\/vapingnet.de\/\",\"name\":\"Vapingnet.de\",\"description\":\"\",\"publisher\":{\"@id\":\"https:\/\/vapingnet.de\/#organization\"},\"potentialAction\":[{\"@type\":\"SearchAction\",\"target\":{\"@type\":\"EntryPoint\",\"urlTemplate\":\"https:\/\/vapingnet.de\/?s={search_term_string}\"},\"query-input\":{\"@type\":\"PropertyValueSpecification\",\"valueRequired\":true,\"valueName\":\"search_term_string\"}}],\"inLanguage\":\"nl-NL\"},{\"@type\":\"Organization\",\"@id\":\"https:\/\/vapingnet.de\/#organization\",\"name\":\"Vapingnet.de\",\"url\":\"https:\/\/vapingnet.de\/\",\"logo\":{\"@type\":\"ImageObject\",\"inLanguage\":\"nl-NL\",\"@id\":\"https:\/\/vapingnet.de\/#\/schema\/logo\/image\/\",\"url\":\"https:\/\/vapingnet.de\/wp-content\/uploads\/2025\/03\/cropped-vapingnet.de_.jpg\",\"contentUrl\":\"https:\/\/vapingnet.de\/wp-content\/uploads\/2025\/03\/cropped-vapingnet.de_.jpg\",\"width\":512,\"height\":512,\"caption\":\"Vapingnet.de\"},\"image\":{\"@id\":\"https:\/\/vapingnet.de\/#\/schema\/logo\/image\/\"},\"sameAs\":[\"https:\/\/www.facebook.com\/vapingnetde\/\"]},{\"@type\":\"Question\",\"@id\":\"https:\/\/vapingnet.de\/randm-tornado-15000\/#faq-question-1750488119944\",\"position\":1,\"url\":\"https:\/\/vapingnet.de\/randm-tornado-15000\/#faq-question-1750488119944\",\"name\":\"Wie lange h\u00e4lt der Randm Tornado 15000?\",\"answerCount\":1,\"acceptedAnswer\":{\"@type\":\"Answer\",\"text\":\"Bis zu 15.000 Z\u00fcge \u2013 deutlich mehr als viele andere Einwegmodelle.\",\"inLanguage\":\"nl-NL\"},\"inLanguage\":\"nl-NL\"},{\"@type\":\"Question\",\"@id\":\"https:\/\/vapingnet.de\/randm-tornado-15000\/#faq-question-1750488133678\",\"position\":2,\"url\":\"https:\/\/vapingnet.de\/randm-tornado-15000\/#faq-question-1750488133678\",\"name\":\"Muss ich den Akku laden oder das Liquid nachf\u00fcllen?\",\"answerCount\":1,\"acceptedAnswer\":{\"@type\":\"Answer\",\"text\":\"Nein. Es ist ein Einwegger\u00e4t \u2013 gebrauchsfertig und wartungsfrei.\",\"inLanguage\":\"nl-NL\"},\"inLanguage\":\"nl-NL\"},{\"@type\":\"Question\",\"@id\":\"https:\/\/vapingnet.de\/randm-tornado-15000\/#faq-question-1750488253542\",\"position\":3,\"url\":\"https:\/\/vapingnet.de\/randm-tornado-15000\/#faq-question-1750488253542\",\"name\":\"Welche Aromen gibt es?\",\"answerCount\":1,\"acceptedAnswer\":{\"@type\":\"Answer\",\"text\":\"Du kannst zwischen verschiedenen Frucht-, Menthol- und Tabakrichtungen w\u00e4hlen.\",\"inLanguage\":\"nl-NL\"},\"inLanguage\":\"nl-NL\"},{\"@type\":\"Question\",\"@id\":\"https:\/\/vapingnet.de\/randm-tornado-15000\/#faq-question-1750488266526\",\"position\":4,\"url\":\"https:\/\/vapingnet.de\/randm-tornado-15000\/#faq-question-1750488266526\",\"name\":\"Gibt es Zollgeb\u00fchren?\",\"answerCount\":1,\"acceptedAnswer\":{\"@type\":\"Answer\",\"text\":\"Nein. Die Lieferung erfolgt direkt aus Deutschland, ganz ohne Zusatzkosten.\",\"inLanguage\":\"nl-NL\"},\"inLanguage\":\"nl-NL\"},{\"@type\":\"Question\",\"@id\":\"https:\/\/vapingnet.de\/randm-tornado-15000\/#faq-question-1750488277728\",\"position\":5,\"url\":\"https:\/\/vapingnet.de\/randm-tornado-15000\/#faq-question-1750488277728\",\"name\":\"F\u00fcr wen ist das Ger\u00e4t geeignet?\",\"answerCount\":1,\"acceptedAnswer\":{\"@type\":\"Answer\",\"text\":\"F\u00fcr alle, die unkompliziert dampfen wollen \u2013 egal ob Anf\u00e4nger oder Viel-Dampfer.\",\"inLanguage\":\"nl-NL\"},\"inLanguage\":\"nl-NL\"}]}<\/script>\n<!-- \/ Yoast SEO plugin. -->","yoast_head_json":{"title":"Randm Tornado 15000 \u2013 Viel Dampf, schneller Versand, kein Zoll","description":"Randm Tornado 15000: Starke Aromen, bis zu 15.000 Z\u00fcge, sofort dampfen. Zollfrei aus Deutschland in 2\u20135 Tagen geliefert \u2013 jetzt online kaufen.","robots":{"index":"index","follow":"follow","max-snippet":"max-snippet:-1","max-image-preview":"max-image-preview:large","max-video-preview":"max-video-preview:-1"},"canonical":"https:\/\/vapingnet.de\/nl\/randm-tornado-15000\/","og_locale":"nl_NL","og_type":"article","og_title":"Randm Tornado 15000 \u2013 Viel Dampf, schneller Versand, kein Zoll","og_description":"Randm Tornado 15000: Starke Aromen, bis zu 15.000 Z\u00fcge, sofort dampfen. Zollfrei aus Deutschland in 2\u20135 Tagen geliefert \u2013 jetzt online kaufen.","og_url":"https:\/\/vapingnet.de\/nl\/randm-tornado-15000\/","og_site_name":"Vapingnet.de","article_publisher":"https:\/\/www.facebook.com\/vapingnetde\/","article_modified_time":"2025-06-27T01:35:45+00:00","twitter_card":"summary_large_image","twitter_misc":{"Est. reading time":"2 minutes"},"schema":{"@context":"https:\/\/schema.org","@graph":[{"@type":["WebPage","FAQPage"],"@id":"https:\/\/vapingnet.de\/randm-tornado-15000\/","url":"https:\/\/vapingnet.de\/randm-tornado-15000\/","name":"Randm Tornado 15000 \u2013 Viel Dampf, schneller Versand, kein Zoll","isPartOf":{"@id":"https:\/\/vapingnet.de\/#website"},"datePublished":"2025-04-02T09:52:58+00:00","dateModified":"2025-06-27T01:35:45+00:00","description":"Randm Tornado 15000: Starke Aromen, bis zu 15.000 Z\u00fcge, sofort dampfen. Zollfrei aus Deutschland in 2\u20135 Tagen geliefert \u2013 jetzt online kaufen.","breadcrumb":{"@id":"https:\/\/vapingnet.de\/randm-tornado-15000\/#breadcrumb"},"mainEntity":[{"@id":"https:\/\/vapingnet.de\/randm-tornado-15000\/#faq-question-1750488119944"},{"@id":"https:\/\/vapingnet.de\/randm-tornado-15000\/#faq-question-1750488133678"},{"@id":"https:\/\/vapingnet.de\/randm-tornado-15000\/#faq-question-1750488253542"},{"@id":"https:\/\/vapingnet.de\/randm-tornado-15000\/#faq-question-1750488266526"},{"@id":"https:\/\/vapingnet.de\/randm-tornado-15000\/#faq-question-1750488277728"}],"inLanguage":"nl-NL","potentialAction":[{"@type":"ReadAction","target":["https:\/\/vapingnet.de\/randm-tornado-15000\/"]}]},{"@type":"BreadcrumbList","@id":"https:\/\/vapingnet.de\/randm-tornado-15000\/#breadcrumb","itemListElement":[{"@type":"ListItem","position":1,"name":"Home","item":"https:\/\/vapingnet.de\/"},{"@type":"ListItem","position":2,"name":"Randm Tornado 15000"}]},{"@type":"WebSite","@id":"https:\/\/vapingnet.de\/#website","url":"https:\/\/vapingnet.de\/","name":"Vapingnet.de","description":"","publisher":{"@id":"https:\/\/vapingnet.de\/#organization"},"potentialAction":[{"@type":"SearchAction","target":{"@type":"EntryPoint","urlTemplate":"https:\/\/vapingnet.de\/?s={search_term_string}"},"query-input":{"@type":"PropertyValueSpecification","valueRequired":true,"valueName":"search_term_string"}}],"inLanguage":"nl-NL"},{"@type":"Organization","@id":"https:\/\/vapingnet.de\/#organization","name":"Vapingnet.de","url":"https:\/\/vapingnet.de\/","logo":{"@type":"ImageObject","inLanguage":"nl-NL","@id":"https:\/\/vapingnet.de\/#\/schema\/logo\/image\/","url":"https:\/\/vapingnet.de\/wp-content\/uploads\/2025\/03\/cropped-vapingnet.de_.jpg","contentUrl":"https:\/\/vapingnet.de\/wp-content\/uploads\/2025\/03\/cropped-vapingnet.de_.jpg","width":512,"height":512,"caption":"Vapingnet.de"},"image":{"@id":"https:\/\/vapingnet.de\/#\/schema\/logo\/image\/"},"sameAs":["https:\/\/www.facebook.com\/vapingnetde\/"]},{"@type":"Question","@id":"https:\/\/vapingnet.de\/randm-tornado-15000\/#faq-question-1750488119944","position":1,"url":"https:\/\/vapingnet.de\/randm-tornado-15000\/#faq-question-1750488119944","name":"Wie lange h\u00e4lt der Randm Tornado 15000?","answerCount":1,"acceptedAnswer":{"@type":"Answer","text":"Bis zu 15.000 Z\u00fcge \u2013 deutlich mehr als viele andere Einwegmodelle.","inLanguage":"nl-NL"},"inLanguage":"nl-NL"},{"@type":"Question","@id":"https:\/\/vapingnet.de\/randm-tornado-15000\/#faq-question-1750488133678","position":2,"url":"https:\/\/vapingnet.de\/randm-tornado-15000\/#faq-question-1750488133678","name":"Muss ich den Akku laden oder das Liquid nachf\u00fcllen?","answerCount":1,"acceptedAnswer":{"@type":"Answer","text":"Nein. Es ist ein Einwegger\u00e4t \u2013 gebrauchsfertig und wartungsfrei.","inLanguage":"nl-NL"},"inLanguage":"nl-NL"},{"@type":"Question","@id":"https:\/\/vapingnet.de\/randm-tornado-15000\/#faq-question-1750488253542","position":3,"url":"https:\/\/vapingnet.de\/randm-tornado-15000\/#faq-question-1750488253542","name":"Welche Aromen gibt es?","answerCount":1,"acceptedAnswer":{"@type":"Answer","text":"Du kannst zwischen verschiedenen Frucht-, Menthol- und Tabakrichtungen w\u00e4hlen.","inLanguage":"nl-NL"},"inLanguage":"nl-NL"},{"@type":"Question","@id":"https:\/\/vapingnet.de\/randm-tornado-15000\/#faq-question-1750488266526","position":4,"url":"https:\/\/vapingnet.de\/randm-tornado-15000\/#faq-question-1750488266526","name":"Gibt es Zollgeb\u00fchren?","answerCount":1,"acceptedAnswer":{"@type":"Answer","text":"Nein. Die Lieferung erfolgt direkt aus Deutschland, ganz ohne Zusatzkosten.","inLanguage":"nl-NL"},"inLanguage":"nl-NL"},{"@type":"Question","@id":"https:\/\/vapingnet.de\/randm-tornado-15000\/#faq-question-1750488277728","position":5,"url":"https:\/\/vapingnet.de\/randm-tornado-15000\/#faq-question-1750488277728","name":"F\u00fcr wen ist das Ger\u00e4t geeignet?","answerCount":1,"acceptedAnswer":{"@type":"Answer","text":"F\u00fcr alle, die unkompliziert dampfen wollen \u2013 egal ob Anf\u00e4nger oder Viel-Dampfer.","inLanguage":"nl-NL"},"inLanguage":"nl-NL"}]}},"_links":{"self":[{"href":"https:\/\/vapingnet.de\/nl\/wp-json\/wp\/v2\/pages\/6104","targetHints":{"allow":["GET"]}}],"collection":[{"href":"https:\/\/vapingnet.de\/nl\/wp-json\/wp\/v2\/pages"}],"about":[{"href":"https:\/\/vapingnet.de\/nl\/wp-json\/wp\/v2\/types\/page"}],"author":[{"embeddable":true,"href":"https:\/\/vapingnet.de\/nl\/wp-json\/wp\/v2\/users\/2"}],"replies":[{"embeddable":true,"href":"https:\/\/vapingnet.de\/nl\/wp-json\/wp\/v2\/comments?post=6104"}],"version-history":[{"count":4,"href":"https:\/\/vapingnet.de\/nl\/wp-json\/wp\/v2\/pages\/6104\/revisions"}],"predecessor-version":[{"id":7260,"href":"https:\/\/vapingnet.de\/nl\/wp-json\/wp\/v2\/pages\/6104\/revisions\/7260"}],"wp:attachment":[{"href":"https:\/\/vapingnet.de\/nl\/wp-json\/wp\/v2\/media?parent=6104"}],"curies":[{"name":"wp","href":"https:\/\/api.w.org\/{rel}","templated":true}]}}