{"id":5005,"date":"2025-03-11T07:32:49","date_gmt":"2025-03-11T07:32:49","guid":{"rendered":"https:\/\/vapingnet.de\/?post_type=product&#038;p=5005"},"modified":"2025-06-23T10:12:47","modified_gmt":"2025-06-23T10:12:47","slug":"randm-tornado-9000-vimto-direkt-ab-werk-zu-top-preisen","status":"publish","type":"product","link":"https:\/\/vapingnet.de\/nl\/vape\/randm-tornado-9000-vimto-direkt-ab-werk-zu-top-preisen\/","title":{"rendered":"RandM Tornado 9000 VimTo direct uit de fabriek voor topprijzen"},"content":{"rendered":"<h2 data-start=\"75\" data-end=\"161\">RandM Tornado 9000 E-sigaret \u2013 Krachtige wegwerp-vape met innovatief ontwerp<\/h2>\n<p data-start=\"200\" data-end=\"545\" data-immersive-translate-walked=\"a55bea22-ed02-4d26-9682-3e039c178440\" data-immersive-translate-paragraph=\"1\">De RandM Tornado 9000 is een modern <a href=\"https:\/\/vapingnet.de\/nl\/k\/einweg-e-zigarette\/\" target=\"_blank\" rel=\"noopener\"><strong>wegwerp-elektronische sigaret<\/strong><\/a>, die met zijn grote 18ml tank en een krachtige 850mAh batterij (Type-C oplaadbaar) tot 9.000 trekjes mogelijk maakt. Het apparaat overtuigt niet alleen door zijn lange gebruiksduur, maar ook door een uniek ontwerp met dynamische RGB-lichteffecten die bij elke trek van kleur veranderen.<\/p>\n<h4 data-start=\"552\" data-end=\"589\" data-immersive-translate-walked=\"a55bea22-ed02-4d26-9682-3e039c178440\" data-immersive-translate-paragraph=\"1\">De belangrijkste functies in detail<\/h4>\n<ul>\n<li data-start=\"591\" data-end=\"637\" data-immersive-translate-walked=\"a55bea22-ed02-4d26-9682-3e039c178440\" data-immersive-translate-paragraph=\"1\">Krachtige batterij en hoge capaciteit<br \/>\nMet een 850mAh batterij en 18ml e-liquidvolume biedt u een langdurige dampervaring. Snel op te laden via Type-C, zijn 5 tot 15 minuten oplaadtijd voldoende om het apparaat 1 tot 2 weken gebruiksklaar te maken.<\/li>\n<li data-start=\"870\" data-end=\"916\" data-immersive-translate-walked=\"a55bea22-ed02-4d26-9682-3e039c178440\" data-immersive-translate-paragraph=\"1\">Innovatief ontwerp met RGB-lichteffecten<br \/>\nHet ontwerp is ge\u00efnspireerd op de alien-esthetiek uit de animatie Mars Attack. De kleurrijke RGB-LEDs reageren op elke trek en maken het dampen tot een visueel avontuur.<\/li>\n<li data-start=\"1098\" data-end=\"1128\" data-immersive-translate-walked=\"a55bea22-ed02-4d26-9682-3e039c178440\" data-immersive-translate-paragraph=\"1\">Smaakbeleving VimTo<br \/>\nDe combinatie van zoete druiven, sprankelende citroen en een frisse munttoets zorgt voor een onmiskenbare aroma. De 0,8-ohm Mesh-coil-technologie garandeert dichte, aromatische damp.<\/li>\n<li data-start=\"1331\" data-end=\"1355\" data-immersive-translate-walked=\"a55bea22-ed02-4d26-9682-3e039c178440\" data-immersive-translate-paragraph=\"1\">Eenvoudige bediening<br \/>\nDe trekactivatie werkt zonder knoppen. Via de verstelbare luchttoevoer kan elke gebruiker de damphoeveelheid individueel aanpassen. De gematigde 2%-nicotineconcentratie zorgt voor een aangename en zachte bevrediging.<\/li>\n<\/ul>\n<h3 data-start=\"1577\" data-end=\"1623\" data-immersive-translate-walked=\"a55bea22-ed02-4d26-9682-3e039c178440\" data-immersive-translate-paragraph=\"1\">Voor wie is de RandM Tornado 9000 geschikt?<\/h3>\n<ul data-start=\"1625\" data-end=\"1881\" data-immersive-translate-walked=\"a55bea22-ed02-4d26-9682-3e039c178440\">\n<li data-start=\"1625\" data-end=\"1681\" data-immersive-translate-walked=\"a55bea22-ed02-4d26-9682-3e039c178440\">\n<p data-start=\"1627\" data-end=\"1681\" data-immersive-translate-walked=\"a55bea22-ed02-4d26-9682-3e039c178440\" data-immersive-translate-paragraph=\"1\">Vaping-beginners die eenvoudige genot zoeken<\/p>\n<\/li>\n<li data-start=\"1682\" data-end=\"1755\" data-immersive-translate-walked=\"a55bea22-ed02-4d26-9682-3e039c178440\">\n<p data-start=\"1684\" data-end=\"1755\" data-immersive-translate-walked=\"a55bea22-ed02-4d26-9682-3e039c178440\" data-immersive-translate-paragraph=\"1\">Gebruikers die waarde hechten aan duurzame batterijen en grote e-liquidcapaciteit<\/p>\n<\/li>\n<li data-start=\"1756\" data-end=\"1819\" data-immersive-translate-walked=\"a55bea22-ed02-4d26-9682-3e039c178440\">\n<p data-start=\"1758\" data-end=\"1819\" data-immersive-translate-walked=\"a55bea22-ed02-4d26-9682-3e039c178440\" data-immersive-translate-paragraph=\"1\">Ontwerp-liefhebbers die graag opvallen met stijlvolle apparaten<\/p>\n<\/li>\n<li data-start=\"1820\" data-end=\"1881\" data-immersive-translate-walked=\"a55bea22-ed02-4d26-9682-3e039c178440\">\n<p data-start=\"1822\" data-end=\"1881\" data-immersive-translate-walked=\"a55bea22-ed02-4d26-9682-3e039c178440\" data-immersive-translate-paragraph=\"1\">Mensen die een apparaat voor onderweg en reizen wensen<\/p>\n<\/li>\n<\/ul>\n<h4 data-start=\"1888\" data-end=\"1935\" data-immersive-translate-walked=\"a55bea22-ed02-4d26-9682-3e039c178440\" data-immersive-translate-paragraph=\"1\">Waar en hoe de RandM Tornado 9000 bestellen?<\/h4>\n<p data-start=\"1937\" data-end=\"2180\" data-immersive-translate-walked=\"a55bea22-ed02-4d26-9682-3e039c178440\" data-immersive-translate-paragraph=\"1\">De <a href=\"https:\/\/vapingnet.de\/nl\/randm-tornado-9000\/\" target=\"_blank\" rel=\"noopener\"><strong>RandM Tornado 9000<\/strong><\/a> is exclusief verkrijgbaar bij vapingnet.de. Daar profiteert u van snelle levering uit Nederland en professionele klantenservice. Het apparaat is direct gebruiksklaar \u2013 bestel eenvoudig, laad op en geniet.<\/p>\n<h4 data-start=\"2187\" data-end=\"2274\" data-immersive-translate-walked=\"a55bea22-ed02-4d26-9682-3e039c178440\" data-immersive-translate-paragraph=\"1\">RandM Tornado 9000 \u2013 De combinatie van kracht, smaak en stijl<\/h4>\n<p data-start=\"2276\" data-end=\"2481\" data-immersive-translate-walked=\"a55bea22-ed02-4d26-9682-3e039c178440\" data-immersive-translate-paragraph=\"1\">Met duurzame batterij, royale liquidtank, indrukwekkend ontwerp en intensieve VimTo-smaak is de RandM Tornado 9000 de perfecte keuze voor iedereen die wegwerp-vapes naar een hoger niveau wil tillen.<\/p>","protected":false},"excerpt":{"rendered":"<p>Hoge kwaliteit elektronische sigaretten\ud83d\udd25, direct uit voorraad in Bremen verzonden, levering binnen 2-4 dagen!<\/p>","protected":false},"featured_media":5006,"template":"","meta":[],"etheme_brands":[],"product_brand":[96],"product_cat":[52,59,49,61],"product_tag":[],"class_list":{"0":"post-5005","1":"product","2":"type-product","3":"status-publish","4":"has-post-thumbnail","6":"product_brand-randm-vape","7":"product_cat-vape-9000-zuege","8":"product_cat-de","9":"product_cat-einweg-e-zigarette","10":"product_cat-f","12":"first","13":"instock","14":"shipping-taxable","15":"purchasable","16":"product-type-simple"},"yoast_head":"<!-- This site is optimized with the Yoast SEO plugin v26.5 - https:\/\/yoast.com\/wordpress\/plugins\/seo\/ -->\n<title>RandM Tornado 9000 \u2013 Einweg E-Zigarette mit gro\u00dfer Liquidkapazit\u00e4t<\/title>\n<meta name=\"description\" content=\"Entdecken Sie die RandM Tornado 9000 mit bis zu 9000 Z\u00fcgen, 18ml Liquid und starkem 850mAh Akku. Frischer Geschmack und modernes Design bei vapingnet.de.\" \/>\n<meta name=\"robots\" content=\"index, follow, max-snippet:-1, max-image-preview:large, max-video-preview:-1\" \/>\n<link rel=\"canonical\" href=\"https:\/\/vapingnet.de\/nl\/vape\/randm-tornado-9000-vimto-direkt-ab-werk-zu-top-preisen\/\" \/>\n<meta property=\"og:locale\" content=\"nl_NL\" \/>\n<meta property=\"og:type\" content=\"article\" \/>\n<meta property=\"og:title\" content=\"RandM Tornado 9000 \u2013 Einweg E-Zigarette mit gro\u00dfer Liquidkapazit\u00e4t\" \/>\n<meta property=\"og:description\" content=\"Entdecken Sie die RandM Tornado 9000 mit bis zu 9000 Z\u00fcgen, 18ml Liquid und starkem 850mAh Akku. Frischer Geschmack und modernes Design bei vapingnet.de.\" \/>\n<meta property=\"og:url\" content=\"https:\/\/vapingnet.de\/nl\/vape\/randm-tornado-9000-vimto-direkt-ab-werk-zu-top-preisen\/\" \/>\n<meta property=\"og:site_name\" content=\"Vapingnet.de\" \/>\n<meta property=\"article:publisher\" content=\"https:\/\/www.facebook.com\/vapingnetde\/\" \/>\n<meta property=\"article:modified_time\" content=\"2025-06-23T10:12:47+00:00\" \/>\n<meta property=\"og:image\" content=\"https:\/\/vapingnet.de\/wp-content\/uploads\/2025\/03\/randm_tornado_9000_vimto.webp\" \/>\n\t<meta property=\"og:image:width\" content=\"1000\" \/>\n\t<meta property=\"og:image:height\" content=\"955\" \/>\n\t<meta property=\"og:image:type\" content=\"image\/webp\" \/>\n<meta name=\"twitter:card\" content=\"summary_large_image\" \/>\n<meta name=\"twitter:label1\" content=\"Est. reading time\" \/>\n\t<meta name=\"twitter:data1\" content=\"2 minutes\" \/>\n<script type=\"application\/ld+json\" class=\"yoast-schema-graph\">{\"@context\":\"https:\/\/schema.org\",\"@graph\":[{\"@type\":\"WebPage\",\"@id\":\"https:\/\/vapingnet.de\/vape\/randm-tornado-9000-vimto-direkt-ab-werk-zu-top-preisen\/\",\"url\":\"https:\/\/vapingnet.de\/vape\/randm-tornado-9000-vimto-direkt-ab-werk-zu-top-preisen\/\",\"name\":\"RandM Tornado 9000 \u2013 Einweg E-Zigarette mit gro\u00dfer Liquidkapazit\u00e4t\",\"isPartOf\":{\"@id\":\"https:\/\/vapingnet.de\/#website\"},\"primaryImageOfPage\":{\"@id\":\"https:\/\/vapingnet.de\/vape\/randm-tornado-9000-vimto-direkt-ab-werk-zu-top-preisen\/#primaryimage\"},\"image\":{\"@id\":\"https:\/\/vapingnet.de\/vape\/randm-tornado-9000-vimto-direkt-ab-werk-zu-top-preisen\/#primaryimage\"},\"thumbnailUrl\":\"https:\/\/vapingnet.de\/wp-content\/uploads\/2025\/03\/randm_tornado_9000_vimto.webp\",\"datePublished\":\"2025-03-11T07:32:49+00:00\",\"dateModified\":\"2025-06-23T10:12:47+00:00\",\"description\":\"Entdecken Sie die RandM Tornado 9000 mit bis zu 9000 Z\u00fcgen, 18ml Liquid und starkem 850mAh Akku. Frischer Geschmack und modernes Design bei vapingnet.de.\",\"breadcrumb\":{\"@id\":\"https:\/\/vapingnet.de\/vape\/randm-tornado-9000-vimto-direkt-ab-werk-zu-top-preisen\/#breadcrumb\"},\"inLanguage\":\"nl-NL\",\"potentialAction\":[{\"@type\":\"ReadAction\",\"target\":[\"https:\/\/vapingnet.de\/vape\/randm-tornado-9000-vimto-direkt-ab-werk-zu-top-preisen\/\"]}]},{\"@type\":\"ImageObject\",\"inLanguage\":\"nl-NL\",\"@id\":\"https:\/\/vapingnet.de\/vape\/randm-tornado-9000-vimto-direkt-ab-werk-zu-top-preisen\/#primaryimage\",\"url\":\"https:\/\/vapingnet.de\/wp-content\/uploads\/2025\/03\/randm_tornado_9000_vimto.webp\",\"contentUrl\":\"https:\/\/vapingnet.de\/wp-content\/uploads\/2025\/03\/randm_tornado_9000_vimto.webp\",\"width\":1000,\"height\":955,\"caption\":\"randm_tornado_9000_vimto\"},{\"@type\":\"BreadcrumbList\",\"@id\":\"https:\/\/vapingnet.de\/vape\/randm-tornado-9000-vimto-direkt-ab-werk-zu-top-preisen\/#breadcrumb\",\"itemListElement\":[{\"@type\":\"ListItem\",\"position\":1,\"name\":\"Home\",\"item\":\"https:\/\/vapingnet.de\/\"},{\"@type\":\"ListItem\",\"position\":2,\"name\":\"Shop\",\"item\":\"https:\/\/vapingnet.de\/vape\/\"},{\"@type\":\"ListItem\",\"position\":3,\"name\":\"RandM Tornado 9000 VimTo direkt ab Werk zu Top-Preisen\"}]},{\"@type\":\"WebSite\",\"@id\":\"https:\/\/vapingnet.de\/#website\",\"url\":\"https:\/\/vapingnet.de\/\",\"name\":\"Vapingnet.de\",\"description\":\"\",\"publisher\":{\"@id\":\"https:\/\/vapingnet.de\/#organization\"},\"potentialAction\":[{\"@type\":\"SearchAction\",\"target\":{\"@type\":\"EntryPoint\",\"urlTemplate\":\"https:\/\/vapingnet.de\/?s={search_term_string}\"},\"query-input\":{\"@type\":\"PropertyValueSpecification\",\"valueRequired\":true,\"valueName\":\"search_term_string\"}}],\"inLanguage\":\"nl-NL\"},{\"@type\":\"Organization\",\"@id\":\"https:\/\/vapingnet.de\/#organization\",\"name\":\"Vapingnet.de\",\"url\":\"https:\/\/vapingnet.de\/\",\"logo\":{\"@type\":\"ImageObject\",\"inLanguage\":\"nl-NL\",\"@id\":\"https:\/\/vapingnet.de\/#\/schema\/logo\/image\/\",\"url\":\"https:\/\/vapingnet.de\/wp-content\/uploads\/2025\/03\/cropped-vapingnet.de_.jpg\",\"contentUrl\":\"https:\/\/vapingnet.de\/wp-content\/uploads\/2025\/03\/cropped-vapingnet.de_.jpg\",\"width\":512,\"height\":512,\"caption\":\"Vapingnet.de\"},\"image\":{\"@id\":\"https:\/\/vapingnet.de\/#\/schema\/logo\/image\/\"},\"sameAs\":[\"https:\/\/www.facebook.com\/vapingnetde\/\"]}]}<\/script>\n<!-- \/ Yoast SEO plugin. -->","yoast_head_json":{"title":"RandM Tornado 9000 \u2013 Einweg E-Zigarette mit gro\u00dfer Liquidkapazit\u00e4t","description":"Entdecken Sie die RandM Tornado 9000 mit bis zu 9000 Z\u00fcgen, 18ml Liquid und starkem 850mAh Akku. Frischer Geschmack und modernes Design bei vapingnet.de.","robots":{"index":"index","follow":"follow","max-snippet":"max-snippet:-1","max-image-preview":"max-image-preview:large","max-video-preview":"max-video-preview:-1"},"canonical":"https:\/\/vapingnet.de\/nl\/vape\/randm-tornado-9000-vimto-direkt-ab-werk-zu-top-preisen\/","og_locale":"nl_NL","og_type":"article","og_title":"RandM Tornado 9000 \u2013 Einweg E-Zigarette mit gro\u00dfer Liquidkapazit\u00e4t","og_description":"Entdecken Sie die RandM Tornado 9000 mit bis zu 9000 Z\u00fcgen, 18ml Liquid und starkem 850mAh Akku. Frischer Geschmack und modernes Design bei vapingnet.de.","og_url":"https:\/\/vapingnet.de\/nl\/vape\/randm-tornado-9000-vimto-direkt-ab-werk-zu-top-preisen\/","og_site_name":"Vapingnet.de","article_publisher":"https:\/\/www.facebook.com\/vapingnetde\/","article_modified_time":"2025-06-23T10:12:47+00:00","og_image":[{"width":1000,"height":955,"url":"https:\/\/vapingnet.de\/wp-content\/uploads\/2025\/03\/randm_tornado_9000_vimto.webp","type":"image\/webp"}],"twitter_card":"summary_large_image","twitter_misc":{"Est. reading time":"2 minutes"},"schema":{"@context":"https:\/\/schema.org","@graph":[{"@type":"WebPage","@id":"https:\/\/vapingnet.de\/vape\/randm-tornado-9000-vimto-direkt-ab-werk-zu-top-preisen\/","url":"https:\/\/vapingnet.de\/vape\/randm-tornado-9000-vimto-direkt-ab-werk-zu-top-preisen\/","name":"RandM Tornado 9000 \u2013 Einweg E-Zigarette mit gro\u00dfer Liquidkapazit\u00e4t","isPartOf":{"@id":"https:\/\/vapingnet.de\/#website"},"primaryImageOfPage":{"@id":"https:\/\/vapingnet.de\/vape\/randm-tornado-9000-vimto-direkt-ab-werk-zu-top-preisen\/#primaryimage"},"image":{"@id":"https:\/\/vapingnet.de\/vape\/randm-tornado-9000-vimto-direkt-ab-werk-zu-top-preisen\/#primaryimage"},"thumbnailUrl":"https:\/\/vapingnet.de\/wp-content\/uploads\/2025\/03\/randm_tornado_9000_vimto.webp","datePublished":"2025-03-11T07:32:49+00:00","dateModified":"2025-06-23T10:12:47+00:00","description":"Entdecken Sie die RandM Tornado 9000 mit bis zu 9000 Z\u00fcgen, 18ml Liquid und starkem 850mAh Akku. Frischer Geschmack und modernes Design bei vapingnet.de.","breadcrumb":{"@id":"https:\/\/vapingnet.de\/vape\/randm-tornado-9000-vimto-direkt-ab-werk-zu-top-preisen\/#breadcrumb"},"inLanguage":"nl-NL","potentialAction":[{"@type":"ReadAction","target":["https:\/\/vapingnet.de\/vape\/randm-tornado-9000-vimto-direkt-ab-werk-zu-top-preisen\/"]}]},{"@type":"ImageObject","inLanguage":"nl-NL","@id":"https:\/\/vapingnet.de\/vape\/randm-tornado-9000-vimto-direkt-ab-werk-zu-top-preisen\/#primaryimage","url":"https:\/\/vapingnet.de\/wp-content\/uploads\/2025\/03\/randm_tornado_9000_vimto.webp","contentUrl":"https:\/\/vapingnet.de\/wp-content\/uploads\/2025\/03\/randm_tornado_9000_vimto.webp","width":1000,"height":955,"caption":"randm_tornado_9000_vimto"},{"@type":"BreadcrumbList","@id":"https:\/\/vapingnet.de\/vape\/randm-tornado-9000-vimto-direkt-ab-werk-zu-top-preisen\/#breadcrumb","itemListElement":[{"@type":"ListItem","position":1,"name":"Home","item":"https:\/\/vapingnet.de\/"},{"@type":"ListItem","position":2,"name":"Shop","item":"https:\/\/vapingnet.de\/vape\/"},{"@type":"ListItem","position":3,"name":"RandM Tornado 9000 VimTo direkt ab Werk zu Top-Preisen"}]},{"@type":"WebSite","@id":"https:\/\/vapingnet.de\/#website","url":"https:\/\/vapingnet.de\/","name":"Vapingnet.de","description":"","publisher":{"@id":"https:\/\/vapingnet.de\/#organization"},"potentialAction":[{"@type":"SearchAction","target":{"@type":"EntryPoint","urlTemplate":"https:\/\/vapingnet.de\/?s={search_term_string}"},"query-input":{"@type":"PropertyValueSpecification","valueRequired":true,"valueName":"search_term_string"}}],"inLanguage":"nl-NL"},{"@type":"Organization","@id":"https:\/\/vapingnet.de\/#organization","name":"Vapingnet.de","url":"https:\/\/vapingnet.de\/","logo":{"@type":"ImageObject","inLanguage":"nl-NL","@id":"https:\/\/vapingnet.de\/#\/schema\/logo\/image\/","url":"https:\/\/vapingnet.de\/wp-content\/uploads\/2025\/03\/cropped-vapingnet.de_.jpg","contentUrl":"https:\/\/vapingnet.de\/wp-content\/uploads\/2025\/03\/cropped-vapingnet.de_.jpg","width":512,"height":512,"caption":"Vapingnet.de"},"image":{"@id":"https:\/\/vapingnet.de\/#\/schema\/logo\/image\/"},"sameAs":["https:\/\/www.facebook.com\/vapingnetde\/"]}]}},"tiered_pricing_type":"fixed","tiered_pricing_fixed_rules":{"10":"9.22","50":"8.30","110":"7.84","210":"7.38","510":"6.92","1100":"6.45"},"tiered_pricing_product_settings":{"layout":"default","base_unit_name":{"singular":null,"plural":null},"default_variation":null},"tiered_pricing_minimum_quantity":null,"tiered_pricing_roles_data":[],"tiered_pricing_percentage_rules":[],"_links":{"self":[{"href":"https:\/\/vapingnet.de\/nl\/wp-json\/wp\/v2\/product\/5005","targetHints":{"allow":["GET"]}}],"collection":[{"href":"https:\/\/vapingnet.de\/nl\/wp-json\/wp\/v2\/product"}],"about":[{"href":"https:\/\/vapingnet.de\/nl\/wp-json\/wp\/v2\/types\/product"}],"version-history":[{"count":3,"href":"https:\/\/vapingnet.de\/nl\/wp-json\/wp\/v2\/product\/5005\/revisions"}],"predecessor-version":[{"id":7230,"href":"https:\/\/vapingnet.de\/nl\/wp-json\/wp\/v2\/product\/5005\/revisions\/7230"}],"wp:featuredmedia":[{"embeddable":true,"href":"https:\/\/vapingnet.de\/nl\/wp-json\/wp\/v2\/media\/5006"}],"wp:attachment":[{"href":"https:\/\/vapingnet.de\/nl\/wp-json\/wp\/v2\/media?parent=5005"}],"wp:term":[{"taxonomy":"brand","embeddable":true,"href":"https:\/\/vapingnet.de\/nl\/wp-json\/wp\/v2\/etheme_brands?post=5005"},{"taxonomy":"product_brand","embeddable":true,"href":"https:\/\/vapingnet.de\/nl\/wp-json\/wp\/v2\/product_brand?post=5005"},{"taxonomy":"product_cat","embeddable":true,"href":"https:\/\/vapingnet.de\/nl\/wp-json\/wp\/v2\/product_cat?post=5005"},{"taxonomy":"product_tag","embeddable":true,"href":"https:\/\/vapingnet.de\/nl\/wp-json\/wp\/v2\/product_tag?post=5005"}],"curies":[{"name":"wp","href":"https:\/\/api.w.org\/{rel}","templated":true}]}}