{"id":5450,"date":"2025-03-15T08:38:28","date_gmt":"2025-03-15T08:38:28","guid":{"rendered":"https:\/\/vapingnet.de\/?post_type=product&#038;p=5450"},"modified":"2025-06-19T03:40:52","modified_gmt":"2025-06-19T03:40:52","slug":"fruchtiger-genuss-bang-20000puff-strawberry-kiwi-direkt-ab-werk","status":"publish","type":"product","link":"https:\/\/vapingnet.de\/nl\/vape\/fruchtiger-genuss-bang-20000puff-strawberry-kiwi-direkt-ab-werk\/","title":{"rendered":"Fruitige Genot Bang 20000Puff Aardbei Kiwi direct uit de fabriek"},"content":{"rendered":"<h2 data-start=\"0\" data-end=\"117\">Bang 20000Puff Dual Mesh E-Zigaret Strawberry Kiwi Smaak, geniet van elke zoete en verfrissende sigaret<\/h2>\n<ul data-start=\"144\" data-end=\"1668\">\n<li data-start=\"144\" data-end=\"464\">\n<p data-start=\"146\" data-end=\"464\"><strong data-start=\"146\" data-end=\"177\">Extreem lange gebruiksduur:<\/strong><br data-start=\"177\" data-end=\"180\" \/>De Bang 20000Puff Dual Mesh E-Zigaret wordt geleverd met een royale 28 ml E-Liquid, waarmee tot 20.000 trekken mogelijk zijn. Elke trek biedt de intense smaak van een perfecte mix van aardbei en kiwi \u2013 ideaal voor dagelijks gebruik en een langdurige dampervaring.<\/p>\n<\/li>\n<li data-start=\"466\" data-end=\"763\">\n<p data-start=\"468\" data-end=\"763\"><strong data-start=\"468\" data-end=\"498\">Dual-Mesh-verhittingstechnologie:<\/strong><br data-start=\"498\" data-end=\"501\" \/>Uitgerust met een geavanceerde 1,1 Ohm Dual-Mesh-spoel, wordt de verwarmingsprestatie verbeterd en wordt de damp fijner en voller van smaak. Of u nu een krachtige of zachte smaak verkiest, de Bang E-Zigaret voldoet aan uw wensen.<\/p>\n<\/li>\n<li data-start=\"765\" data-end=\"1073\">\n<p data-start=\"767\" data-end=\"1073\"><strong data-start=\"767\" data-end=\"812\">Verschillende nicotinezout-concentraties:<\/strong><br data-start=\"812\" data-end=\"815\" \/>De Bang 20000Puff Dual Mesh biedt vier nicotinezout-concentraties: 0%, 2%, 3% en 5%, zodat u afhankelijk van uw voorkeur de juiste nicotinegehalte kunt kiezen. Of u nu het nicotinegehalte wilt verminderen of een intensere ervaring zoekt, u hebt de keuze.<\/p>\n<\/li>\n<li data-start=\"1075\" data-end=\"1354\">\n<p data-start=\"1077\" data-end=\"1354\"><strong data-start=\"1077\" data-end=\"1122\">Snelladen en langdurig gebruik:<\/strong><br data-start=\"1122\" data-end=\"1125\" \/>Met een krachtige 650mAh batterij en een Type-C snelladingspoort zorgt deze E-Zigaret voor langdurig gebruik en een snelle oplaadtijd. Ook bij langere uitstapjes blijft de batterij voldoende krachtig.<\/p>\n<\/li>\n<li data-start=\"1356\" data-end=\"1668\">\n<p data-start=\"1358\" data-end=\"1668\"><strong data-start=\"1358\" data-end=\"1401\">Modern ontwerp en comfortabele bediening:<\/strong><br data-start=\"1401\" data-end=\"1404\" \/>Met een gewicht van slechts 90 g is deze E-Zigaret bijzonder handzaam en ideaal voor onderweg. Het stijlvolle ontwerp en het LED-display, dat de batterijstatus aangeeft, stellen u in staat om op elk moment de lading te controleren en zo het gebruik te optimaliseren.<\/p>\n<\/li>\n<\/ul>\n<h3 data-start=\"1670\" data-end=\"1728\">Waarom zou u kiezen voor de Bang 20000Puff Dual Mesh?<\/h3>\n<ul data-start=\"1730\" data-end=\"2122\">\n<li data-start=\"1730\" data-end=\"1917\">\n<p data-start=\"1732\" data-end=\"1917\"><strong data-start=\"1732\" data-end=\"1745\">Vrij van invoerrechten:<\/strong><br data-start=\"1745\" data-end=\"1748\" \/>Als u bij ons op de website koopt, profiteert u van <a href=\"https:\/\/vapingnet.de\/nl\/k\/f\/\" target=\"_blank\" rel=\"noopener\"><strong>vrij van invoerrechten<\/strong><\/a> Bestellingen en bespaart u extra kosten. Een stressvrij winkelervaring is gegarandeerd.<\/p>\n<\/li>\n<li data-start=\"1919\" data-end=\"2122\">\n<p data-start=\"1921\" data-end=\"2122\"><strong data-start=\"1921\" data-end=\"1947\">Snelle luchtverzending:<\/strong><br data-start=\"1947\" data-end=\"1950\" \/>Wij bieden een snelle luchtverzending binnen 7-15 werkdagen, zodat u uw E-Zigaret snel ontvangt en meteen kunt genieten, zonder lang te hoeven wachten.<\/p>\n<\/li>\n<\/ul>\n<h4 data-start=\"2124\" data-end=\"2504\">Aardbei en kiwi in perfecte harmonie \u2013 een verfrissende<\/h4>\n<p data-start=\"2124\" data-end=\"2504\"><strong data-start=\"2124\" data-end=\"2206\">Smaakbeleving<\/strong><br data-start=\"2206\" data-end=\"2209\" \/>De Bang 20000Puff Dual Mesh E-Zigaret biedt u een geheel nieuwe smaakbeleving. De zoete aardbei gecombineerd met de frisse kiwi zorgt voor een fruitige smaak die doet denken aan een zomerfruittuin. Elke trek voelt als een verfrissing en laat u genieten van het moment.<\/p>\n<p data-start=\"2506\" data-end=\"2763\" data-is-last-node=\"\" data-is-only-node=\"\"><strong data-start=\"2506\" data-end=\"2554\">Nu kopen en oneindig genieten ervaren!<\/strong><br data-start=\"2554\" data-end=\"2557\" \/>Bezoek nu vapingnet.de om de Bang 20000Puff Dual Mesh E-Zigaret te kopen en uw nieuwe dampervaring te beginnen. Geniet van de unieke aardbei-k kiwi-smaak!<\/p>","protected":false},"excerpt":{"rendered":"<p>Bang 20000Puff Dual Mesh E-Zigarette Strawberry Kiwi Geschmack, genie\u00dfen Sie jede s\u00fc\u00dfe und erfrischende Zigarette Extrem lange Nutzungsdauer:Die Bang 20000Puff Dual Mesh E-Zigarette kommt mit&#8230;<\/p>","protected":false},"featured_media":5451,"template":"","meta":[],"etheme_brands":[],"product_brand":[101],"product_cat":[54,49,61],"product_tag":[],"class_list":{"0":"post-5450","1":"product","2":"type-product","3":"status-publish","4":"has-post-thumbnail","6":"product_brand-bang-king-vape","7":"product_cat-vape-20000-zuege","8":"product_cat-einweg-e-zigarette","9":"product_cat-f","11":"first","12":"instock","13":"shipping-taxable","14":"purchasable","15":"product-type-simple"},"yoast_head":"<!-- This site is optimized with the Yoast SEO plugin v26.5 - https:\/\/yoast.com\/wordpress\/plugins\/seo\/ -->\n<title>Fruchtiger Genuss Bang 20000Puff Strawberry Kiwi direkt ab Werk | Vapingnet.de<\/title>\n<meta name=\"description\" content=\"Wir verkaufen Fruchtiger Genuss Bang 20000Puff Strawberry Kiwi direkt ab Werk , \u2713 Hohe Puffs-Zahl \u2713 Einfach zu verwenden \u2713 Vielseitige Aromen \u2713\u27a4 Jetzt kaufen!\" \/>\n<meta name=\"robots\" content=\"index, follow, max-snippet:-1, max-image-preview:large, max-video-preview:-1\" \/>\n<link rel=\"canonical\" href=\"https:\/\/vapingnet.de\/nl\/vape\/fruchtiger-genuss-bang-20000puff-strawberry-kiwi-direkt-ab-werk\/\" \/>\n<meta property=\"og:locale\" content=\"nl_NL\" \/>\n<meta property=\"og:type\" content=\"article\" \/>\n<meta property=\"og:title\" content=\"Fruchtiger Genuss Bang 20000Puff Strawberry Kiwi direkt ab Werk | Vapingnet.de\" \/>\n<meta property=\"og:description\" content=\"Wir verkaufen Fruchtiger Genuss Bang 20000Puff Strawberry Kiwi direkt ab Werk , \u2713 Hohe Puffs-Zahl \u2713 Einfach zu verwenden \u2713 Vielseitige Aromen \u2713\u27a4 Jetzt kaufen!\" \/>\n<meta property=\"og:url\" content=\"https:\/\/vapingnet.de\/nl\/vape\/fruchtiger-genuss-bang-20000puff-strawberry-kiwi-direkt-ab-werk\/\" \/>\n<meta property=\"og:site_name\" content=\"Vapingnet.de\" \/>\n<meta property=\"article:publisher\" content=\"https:\/\/www.facebook.com\/vapingnetde\/\" \/>\n<meta property=\"article:modified_time\" content=\"2025-06-19T03:40:52+00:00\" \/>\n<meta property=\"og:image\" content=\"https:\/\/vapingnet.de\/wp-content\/uploads\/2025\/03\/Strawberry-Kiwi-3.png\" \/>\n\t<meta property=\"og:image:width\" content=\"1000\" \/>\n\t<meta property=\"og:image:height\" content=\"1000\" \/>\n\t<meta property=\"og:image:type\" content=\"image\/png\" \/>\n<meta name=\"twitter:card\" content=\"summary_large_image\" \/>\n<meta name=\"twitter:label1\" content=\"Est. reading time\" \/>\n\t<meta name=\"twitter:data1\" content=\"3 minutes\" \/>\n<script type=\"application\/ld+json\" class=\"yoast-schema-graph\">{\"@context\":\"https:\/\/schema.org\",\"@graph\":[{\"@type\":\"WebPage\",\"@id\":\"https:\/\/vapingnet.de\/vape\/fruchtiger-genuss-bang-20000puff-strawberry-kiwi-direkt-ab-werk\/\",\"url\":\"https:\/\/vapingnet.de\/vape\/fruchtiger-genuss-bang-20000puff-strawberry-kiwi-direkt-ab-werk\/\",\"name\":\"Fruchtiger Genuss Bang 20000Puff Strawberry Kiwi direkt ab Werk | Vapingnet.de\",\"isPartOf\":{\"@id\":\"https:\/\/vapingnet.de\/#website\"},\"primaryImageOfPage\":{\"@id\":\"https:\/\/vapingnet.de\/vape\/fruchtiger-genuss-bang-20000puff-strawberry-kiwi-direkt-ab-werk\/#primaryimage\"},\"image\":{\"@id\":\"https:\/\/vapingnet.de\/vape\/fruchtiger-genuss-bang-20000puff-strawberry-kiwi-direkt-ab-werk\/#primaryimage\"},\"thumbnailUrl\":\"https:\/\/vapingnet.de\/wp-content\/uploads\/2025\/03\/Strawberry-Kiwi-3.png\",\"datePublished\":\"2025-03-15T08:38:28+00:00\",\"dateModified\":\"2025-06-19T03:40:52+00:00\",\"description\":\"Wir verkaufen Fruchtiger Genuss Bang 20000Puff Strawberry Kiwi direkt ab Werk , \u2713 Hohe Puffs-Zahl \u2713 Einfach zu verwenden \u2713 Vielseitige Aromen \u2713\u27a4 Jetzt kaufen!\",\"breadcrumb\":{\"@id\":\"https:\/\/vapingnet.de\/vape\/fruchtiger-genuss-bang-20000puff-strawberry-kiwi-direkt-ab-werk\/#breadcrumb\"},\"inLanguage\":\"nl-NL\",\"potentialAction\":[{\"@type\":\"ReadAction\",\"target\":[\"https:\/\/vapingnet.de\/vape\/fruchtiger-genuss-bang-20000puff-strawberry-kiwi-direkt-ab-werk\/\"]}]},{\"@type\":\"ImageObject\",\"inLanguage\":\"nl-NL\",\"@id\":\"https:\/\/vapingnet.de\/vape\/fruchtiger-genuss-bang-20000puff-strawberry-kiwi-direkt-ab-werk\/#primaryimage\",\"url\":\"https:\/\/vapingnet.de\/wp-content\/uploads\/2025\/03\/Strawberry-Kiwi-3.png\",\"contentUrl\":\"https:\/\/vapingnet.de\/wp-content\/uploads\/2025\/03\/Strawberry-Kiwi-3.png\",\"width\":1000,\"height\":1000,\"caption\":\"Strawberry Kiwi\"},{\"@type\":\"BreadcrumbList\",\"@id\":\"https:\/\/vapingnet.de\/vape\/fruchtiger-genuss-bang-20000puff-strawberry-kiwi-direkt-ab-werk\/#breadcrumb\",\"itemListElement\":[{\"@type\":\"ListItem\",\"position\":1,\"name\":\"Home\",\"item\":\"https:\/\/vapingnet.de\/\"},{\"@type\":\"ListItem\",\"position\":2,\"name\":\"Shop\",\"item\":\"https:\/\/vapingnet.de\/vape\/\"},{\"@type\":\"ListItem\",\"position\":3,\"name\":\"Fruchtiger Genuss Bang 20000Puff Strawberry Kiwi direkt ab Werk\"}]},{\"@type\":\"WebSite\",\"@id\":\"https:\/\/vapingnet.de\/#website\",\"url\":\"https:\/\/vapingnet.de\/\",\"name\":\"Vapingnet.de\",\"description\":\"\",\"publisher\":{\"@id\":\"https:\/\/vapingnet.de\/#organization\"},\"potentialAction\":[{\"@type\":\"SearchAction\",\"target\":{\"@type\":\"EntryPoint\",\"urlTemplate\":\"https:\/\/vapingnet.de\/?s={search_term_string}\"},\"query-input\":{\"@type\":\"PropertyValueSpecification\",\"valueRequired\":true,\"valueName\":\"search_term_string\"}}],\"inLanguage\":\"nl-NL\"},{\"@type\":\"Organization\",\"@id\":\"https:\/\/vapingnet.de\/#organization\",\"name\":\"Vapingnet.de\",\"url\":\"https:\/\/vapingnet.de\/\",\"logo\":{\"@type\":\"ImageObject\",\"inLanguage\":\"nl-NL\",\"@id\":\"https:\/\/vapingnet.de\/#\/schema\/logo\/image\/\",\"url\":\"https:\/\/vapingnet.de\/wp-content\/uploads\/2025\/03\/cropped-vapingnet.de_.jpg\",\"contentUrl\":\"https:\/\/vapingnet.de\/wp-content\/uploads\/2025\/03\/cropped-vapingnet.de_.jpg\",\"width\":512,\"height\":512,\"caption\":\"Vapingnet.de\"},\"image\":{\"@id\":\"https:\/\/vapingnet.de\/#\/schema\/logo\/image\/\"},\"sameAs\":[\"https:\/\/www.facebook.com\/vapingnetde\/\"]}]}<\/script>\n<!-- \/ Yoast SEO plugin. -->","yoast_head_json":{"title":"Fruchtiger Genuss Bang 20000Puff Strawberry Kiwi direkt ab Werk | Vapingnet.de","description":"Wir verkaufen Fruchtiger Genuss Bang 20000Puff Strawberry Kiwi direkt ab Werk , \u2713 Hohe Puffs-Zahl \u2713 Einfach zu verwenden \u2713 Vielseitige Aromen \u2713\u27a4 Jetzt kaufen!","robots":{"index":"index","follow":"follow","max-snippet":"max-snippet:-1","max-image-preview":"max-image-preview:large","max-video-preview":"max-video-preview:-1"},"canonical":"https:\/\/vapingnet.de\/nl\/vape\/fruchtiger-genuss-bang-20000puff-strawberry-kiwi-direkt-ab-werk\/","og_locale":"nl_NL","og_type":"article","og_title":"Fruchtiger Genuss Bang 20000Puff Strawberry Kiwi direkt ab Werk | Vapingnet.de","og_description":"Wir verkaufen Fruchtiger Genuss Bang 20000Puff Strawberry Kiwi direkt ab Werk , \u2713 Hohe Puffs-Zahl \u2713 Einfach zu verwenden \u2713 Vielseitige Aromen \u2713\u27a4 Jetzt kaufen!","og_url":"https:\/\/vapingnet.de\/nl\/vape\/fruchtiger-genuss-bang-20000puff-strawberry-kiwi-direkt-ab-werk\/","og_site_name":"Vapingnet.de","article_publisher":"https:\/\/www.facebook.com\/vapingnetde\/","article_modified_time":"2025-06-19T03:40:52+00:00","og_image":[{"width":1000,"height":1000,"url":"https:\/\/vapingnet.de\/wp-content\/uploads\/2025\/03\/Strawberry-Kiwi-3.png","type":"image\/png"}],"twitter_card":"summary_large_image","twitter_misc":{"Est. reading time":"3 minutes"},"schema":{"@context":"https:\/\/schema.org","@graph":[{"@type":"WebPage","@id":"https:\/\/vapingnet.de\/vape\/fruchtiger-genuss-bang-20000puff-strawberry-kiwi-direkt-ab-werk\/","url":"https:\/\/vapingnet.de\/vape\/fruchtiger-genuss-bang-20000puff-strawberry-kiwi-direkt-ab-werk\/","name":"Fruchtiger Genuss Bang 20000Puff Strawberry Kiwi direkt ab Werk | Vapingnet.de","isPartOf":{"@id":"https:\/\/vapingnet.de\/#website"},"primaryImageOfPage":{"@id":"https:\/\/vapingnet.de\/vape\/fruchtiger-genuss-bang-20000puff-strawberry-kiwi-direkt-ab-werk\/#primaryimage"},"image":{"@id":"https:\/\/vapingnet.de\/vape\/fruchtiger-genuss-bang-20000puff-strawberry-kiwi-direkt-ab-werk\/#primaryimage"},"thumbnailUrl":"https:\/\/vapingnet.de\/wp-content\/uploads\/2025\/03\/Strawberry-Kiwi-3.png","datePublished":"2025-03-15T08:38:28+00:00","dateModified":"2025-06-19T03:40:52+00:00","description":"Wir verkaufen Fruchtiger Genuss Bang 20000Puff Strawberry Kiwi direkt ab Werk , \u2713 Hohe Puffs-Zahl \u2713 Einfach zu verwenden \u2713 Vielseitige Aromen \u2713\u27a4 Jetzt kaufen!","breadcrumb":{"@id":"https:\/\/vapingnet.de\/vape\/fruchtiger-genuss-bang-20000puff-strawberry-kiwi-direkt-ab-werk\/#breadcrumb"},"inLanguage":"nl-NL","potentialAction":[{"@type":"ReadAction","target":["https:\/\/vapingnet.de\/vape\/fruchtiger-genuss-bang-20000puff-strawberry-kiwi-direkt-ab-werk\/"]}]},{"@type":"ImageObject","inLanguage":"nl-NL","@id":"https:\/\/vapingnet.de\/vape\/fruchtiger-genuss-bang-20000puff-strawberry-kiwi-direkt-ab-werk\/#primaryimage","url":"https:\/\/vapingnet.de\/wp-content\/uploads\/2025\/03\/Strawberry-Kiwi-3.png","contentUrl":"https:\/\/vapingnet.de\/wp-content\/uploads\/2025\/03\/Strawberry-Kiwi-3.png","width":1000,"height":1000,"caption":"Strawberry Kiwi"},{"@type":"BreadcrumbList","@id":"https:\/\/vapingnet.de\/vape\/fruchtiger-genuss-bang-20000puff-strawberry-kiwi-direkt-ab-werk\/#breadcrumb","itemListElement":[{"@type":"ListItem","position":1,"name":"Home","item":"https:\/\/vapingnet.de\/"},{"@type":"ListItem","position":2,"name":"Shop","item":"https:\/\/vapingnet.de\/vape\/"},{"@type":"ListItem","position":3,"name":"Fruchtiger Genuss Bang 20000Puff Strawberry Kiwi direkt ab Werk"}]},{"@type":"WebSite","@id":"https:\/\/vapingnet.de\/#website","url":"https:\/\/vapingnet.de\/","name":"Vapingnet.de","description":"","publisher":{"@id":"https:\/\/vapingnet.de\/#organization"},"potentialAction":[{"@type":"SearchAction","target":{"@type":"EntryPoint","urlTemplate":"https:\/\/vapingnet.de\/?s={search_term_string}"},"query-input":{"@type":"PropertyValueSpecification","valueRequired":true,"valueName":"search_term_string"}}],"inLanguage":"nl-NL"},{"@type":"Organization","@id":"https:\/\/vapingnet.de\/#organization","name":"Vapingnet.de","url":"https:\/\/vapingnet.de\/","logo":{"@type":"ImageObject","inLanguage":"nl-NL","@id":"https:\/\/vapingnet.de\/#\/schema\/logo\/image\/","url":"https:\/\/vapingnet.de\/wp-content\/uploads\/2025\/03\/cropped-vapingnet.de_.jpg","contentUrl":"https:\/\/vapingnet.de\/wp-content\/uploads\/2025\/03\/cropped-vapingnet.de_.jpg","width":512,"height":512,"caption":"Vapingnet.de"},"image":{"@id":"https:\/\/vapingnet.de\/#\/schema\/logo\/image\/"},"sameAs":["https:\/\/www.facebook.com\/vapingnetde\/"]}]}},"tiered_pricing_type":"fixed","tiered_pricing_fixed_rules":{"10":"8.92","60":"8.03","110":"7.14","200":"6.24"},"tiered_pricing_product_settings":{"layout":"default","base_unit_name":{"singular":null,"plural":null},"default_variation":null},"tiered_pricing_minimum_quantity":null,"tiered_pricing_roles_data":[],"tiered_pricing_percentage_rules":[],"_links":{"self":[{"href":"https:\/\/vapingnet.de\/nl\/wp-json\/wp\/v2\/product\/5450","targetHints":{"allow":["GET"]}}],"collection":[{"href":"https:\/\/vapingnet.de\/nl\/wp-json\/wp\/v2\/product"}],"about":[{"href":"https:\/\/vapingnet.de\/nl\/wp-json\/wp\/v2\/types\/product"}],"version-history":[{"count":1,"href":"https:\/\/vapingnet.de\/nl\/wp-json\/wp\/v2\/product\/5450\/revisions"}],"predecessor-version":[{"id":5452,"href":"https:\/\/vapingnet.de\/nl\/wp-json\/wp\/v2\/product\/5450\/revisions\/5452"}],"wp:featuredmedia":[{"embeddable":true,"href":"https:\/\/vapingnet.de\/nl\/wp-json\/wp\/v2\/media\/5451"}],"wp:attachment":[{"href":"https:\/\/vapingnet.de\/nl\/wp-json\/wp\/v2\/media?parent=5450"}],"wp:term":[{"taxonomy":"brand","embeddable":true,"href":"https:\/\/vapingnet.de\/nl\/wp-json\/wp\/v2\/etheme_brands?post=5450"},{"taxonomy":"product_brand","embeddable":true,"href":"https:\/\/vapingnet.de\/nl\/wp-json\/wp\/v2\/product_brand?post=5450"},{"taxonomy":"product_cat","embeddable":true,"href":"https:\/\/vapingnet.de\/nl\/wp-json\/wp\/v2\/product_cat?post=5450"},{"taxonomy":"product_tag","embeddable":true,"href":"https:\/\/vapingnet.de\/nl\/wp-json\/wp\/v2\/product_tag?post=5450"}],"curies":[{"name":"wp","href":"https:\/\/api.w.org\/{rel}","templated":true}]}}