{"id":5453,"date":"2025-03-15T08:42:36","date_gmt":"2025-03-15T08:42:36","guid":{"rendered":"https:\/\/vapingnet.de\/?post_type=product&#038;p=5453"},"modified":"2025-06-19T03:40:51","modified_gmt":"2025-06-19T03:40:51","slug":"bang-20000puff-blueberry-watermelon-top-qualitaet-fuer-langanhaltenden-genuss","status":"publish","type":"product","link":"https:\/\/vapingnet.de\/nl\/vape\/bang-20000puff-blueberry-watermelon-top-qualitaet-fuer-langanhaltenden-genuss\/","title":{"rendered":"Bang 20000Puff Blauwe Bes Watermeloen Topkwaliteit voor langdurig genot"},"content":{"rendered":"<p data-start=\"0\" data-end=\"122\"><strong data-start=\"0\" data-end=\"122\">Bang 20000Puff Dual Mesh E-sigaret \u2013 Blauwe bes-watersmeloensmaak, de perfecte combinatie van frisheid en zoetheid<\/strong><\/p>\n<p data-start=\"124\" data-end=\"534\">Wilt u een E-sigaret ervaren met een extreem lange levensduur? De Bang 20000Puff Dual Mesh E-sigaret biedt u een onge\u00ebvenaarde dampervaring! Met de klassieke combinatie van blauwe bes en watersmeloen levert elke trek een frisse en zoete smaak die u geweldig zult vinden. Of u nu een beginner of een ervaren damper bent, deze E-sigaret zal al uw wensen vervullen.<\/p>\n<h3 data-start=\"536\" data-end=\"564\"><strong data-start=\"540\" data-end=\"564\">Productkenmerken<\/strong><\/h3>\n<ul data-start=\"566\" data-end=\"2182\">\n<li data-start=\"566\" data-end=\"946\">\n<p data-start=\"568\" data-end=\"946\"><strong data-start=\"568\" data-end=\"624\">Extreem lange levensduur \u2013 20.000 trekjes vol genot<\/strong><br data-start=\"624\" data-end=\"627\" \/>De Bang 20000Puff Dual Mesh E-sigaret wordt geleverd met een grote 28 ml e-liquid, die tot 20.000 trekjes mogelijk maakt. Dit vermindert de noodzaak om vaak bij te vullen. Elke trek biedt de frisse, fruitige smaak van blauwe bes en watersmeloen \u2013 perfect voor dagelijks gebruik en langdurig genot.<\/p>\n<\/li>\n<li data-start=\"948\" data-end=\"1262\">\n<p data-start=\"950\" data-end=\"1262\"><strong data-start=\"950\" data-end=\"977\">1,1 Ohm Dual Mesh-coil<\/strong><br data-start=\"977\" data-end=\"980\" \/>Met de geavanceerde 1,1 Ohm Dual Mesh-coil wordt het vloeistof effici\u00ebnt verwarmd en wordt de damp fijner en dichter. Deze technologie zorgt voor een intensere smaakbeleving, waardoor uw dampervaring nog beter wordt. Elke trek zit vol smaak en tevredenheid.<\/p>\n<\/li>\n<li data-start=\"1264\" data-end=\"1596\">\n<p data-start=\"1266\" data-end=\"1596\"><strong data-start=\"1266\" data-end=\"1310\">Verschillende nicotinezoutconcentraties<\/strong><br data-start=\"1310\" data-end=\"1313\" \/>De Bang 20000Puff Dual Mesh E-sigaret biedt vier nicotinezout-concentraties: 0%, 2%, 3% en 5%. Zo kunt u afhankelijk van uw voorkeur de juiste hoeveelheid nicotine kiezen. Of u nu de nicotinegehalte wilt verminderen of een intensere dampervaring zoekt, hier vindt u de juiste keuze.<\/p>\n<\/li>\n<li data-start=\"1598\" data-end=\"1896\">\n<p data-start=\"1600\" data-end=\"1896\"><strong data-start=\"1600\" data-end=\"1641\">Sterke batterij en Type-C snelladen<\/strong><br data-start=\"1641\" data-end=\"1644\" \/>Met een 650 mAh batterij en Type-C snelladingspoort zorgt deze E-sigaret voor een lange gebruiksduur en een snelle oplaadtijd. Zelfs bij langdurig gebruik hoeft u zich geen zorgen te maken over de batterij, omdat deze snel weer is opgeladen.<\/p>\n<\/li>\n<li data-start=\"1898\" data-end=\"2182\">\n<p data-start=\"1900\" data-end=\"2182\"><strong data-start=\"1900\" data-end=\"1933\">Compact en stijlvol ontwerp<\/strong><br data-start=\"1933\" data-end=\"1936\" \/>Met slechts 90 g gewicht is deze E-sigaret bijzonder handzaam en ideaal voor onderweg. Het moderne ontwerp en het LED-display stellen u in staat om altijd de batterijstatus te controleren, zodat u nooit zonder energie komt te zitten.<\/p>\n<\/li>\n<\/ul>\n<h3 data-start=\"2184\" data-end=\"2246\"><strong data-start=\"2188\" data-end=\"2246\">Waarom kiezen voor de Bang 20000Puff Dual Mesh E-Zigaret?<\/strong><\/h3>\n<ul data-start=\"2248\" data-end=\"2719\">\n<li data-start=\"2248\" data-end=\"2493\">\n<p data-start=\"2250\" data-end=\"2493\"><strong data-start=\"2250\" data-end=\"2286\">Douanevrij, zorgeloos winkelen<\/strong><br data-start=\"2286\" data-end=\"2289\" \/>Als u de Bang 20000Puff Dual Mesh E-sigaret op onze website koopt, profiteert u van douanevrije bestellingen en bespaart u extra kosten. Een zorgeloze winkelervaring is gegarandeerd.<\/p>\n<\/li>\n<li data-start=\"2495\" data-end=\"2719\">\n<p data-start=\"2497\" data-end=\"2719\"><strong data-start=\"2497\" data-end=\"2544\">Snelle luchtverzending, stipte levering<\/strong><br data-start=\"2544\" data-end=\"2547\" \/>Wij bieden een snelle luchtverzending binnen 7-15 werkdagen, zodat u uw E-Zigaret snel ontvangt en meteen kunt genieten, zonder lang te hoeven wachten.<\/p>\n<\/li>\n<\/ul>\n<h3 data-start=\"2721\" data-end=\"2813\"><strong data-start=\"2725\" data-end=\"2811\">De perfecte combinatie van blauwe bes en watersmeloen \u2013 verfrissend en heerlijk<\/strong><\/h3>\n<p data-start=\"2814\" data-end=\"3106\">De Bang 20000Puff Dual Mesh E-sigaret biedt u een geheel nieuwe smaakbeleving. De zoete smaak van blauwe bes gecombineerd met de frisheid van watersmeloen zorgt voor een fruitige en verfrissende dampervaring die u meeneemt naar de zomer. Elke trek is een verfrissend genot.<\/p>\n<h3 data-start=\"3108\" data-end=\"3180\"><strong data-start=\"3112\" data-end=\"3178\">Koop nu en ervaar de blauwe bes-watersmeloensmaak!<\/strong><\/h3>\n<p data-start=\"3181\" data-end=\"3435\" data-is-last-node=\"\" data-is-only-node=\"\">Bezoek nu <a href=\"https:\/\/vapingnet.de\/nl\/\" target=\"_blank\" rel=\"noopener\" data-start=\"3200\" data-end=\"3235\">vapingnet.de<\/a> en koop de Bang 20000Puff Dual Mesh E-sigaret om uw dampreis te beginnen! Geniet van de unieke blauwe bes-watersmeloensmaak en ervaar de ultieme dampbeleving!<\/p>","protected":false},"excerpt":{"rendered":"<p>Bang 20000Puff Dual Mesh E-Zigarette \u2013 Blaubeere-Wassermelone-Geschmack, die perfekte Kombination aus Frische und S\u00fc\u00dfe M\u00f6chten Sie eine E-Zigarette mit einer extrem langen Lebensdauer erleben? Die&#8230;<\/p>","protected":false},"featured_media":5454,"template":"","meta":[],"etheme_brands":[],"product_brand":[101],"product_cat":[54,49,61],"product_tag":[],"class_list":{"0":"post-5453","1":"product","2":"type-product","3":"status-publish","4":"has-post-thumbnail","6":"product_brand-bang-king-vape","7":"product_cat-vape-20000-zuege","8":"product_cat-einweg-e-zigarette","9":"product_cat-f","11":"first","12":"instock","13":"shipping-taxable","14":"purchasable","15":"product-type-simple"},"yoast_head":"<!-- This site is optimized with the Yoast SEO plugin v26.5 - https:\/\/yoast.com\/wordpress\/plugins\/seo\/ -->\n<title>Bang 20000Puff Blueberry Watermelon Geschmack vapingnet.de<\/title>\n<meta name=\"description\" content=\"Erlebe den intensiven Geschmack des Bang 20000Puff mit Blueberry Watermelon. Perfekte Wahl f\u00fcr langanhaltenden Genuss! Jetzt auf vapingnet.de.\" \/>\n<meta name=\"robots\" content=\"index, follow, max-snippet:-1, max-image-preview:large, max-video-preview:-1\" \/>\n<link rel=\"canonical\" href=\"https:\/\/vapingnet.de\/nl\/vape\/bang-20000puff-blueberry-watermelon-top-qualitaet-fuer-langanhaltenden-genuss\/\" \/>\n<meta property=\"og:locale\" content=\"nl_NL\" \/>\n<meta property=\"og:type\" content=\"article\" \/>\n<meta property=\"og:title\" content=\"Bang 20000Puff Blueberry Watermelon Geschmack vapingnet.de\" \/>\n<meta property=\"og:description\" content=\"Erlebe den intensiven Geschmack des Bang 20000Puff mit Blueberry Watermelon. Perfekte Wahl f\u00fcr langanhaltenden Genuss! Jetzt auf vapingnet.de.\" \/>\n<meta property=\"og:url\" content=\"https:\/\/vapingnet.de\/nl\/vape\/bang-20000puff-blueberry-watermelon-top-qualitaet-fuer-langanhaltenden-genuss\/\" \/>\n<meta property=\"og:site_name\" content=\"Vapingnet.de\" \/>\n<meta property=\"article:publisher\" content=\"https:\/\/www.facebook.com\/vapingnetde\/\" \/>\n<meta property=\"article:modified_time\" content=\"2025-06-19T03:40:51+00:00\" \/>\n<meta property=\"og:image\" content=\"https:\/\/vapingnet.de\/wp-content\/uploads\/2025\/03\/Blueberry-Watermelon.png\" \/>\n\t<meta property=\"og:image:width\" content=\"1000\" \/>\n\t<meta property=\"og:image:height\" content=\"1000\" \/>\n\t<meta property=\"og:image:type\" content=\"image\/png\" \/>\n<meta name=\"twitter:card\" content=\"summary_large_image\" \/>\n<meta name=\"twitter:label1\" content=\"Est. reading time\" \/>\n\t<meta name=\"twitter:data1\" content=\"3 minutes\" \/>\n<script type=\"application\/ld+json\" class=\"yoast-schema-graph\">{\"@context\":\"https:\/\/schema.org\",\"@graph\":[{\"@type\":\"WebPage\",\"@id\":\"https:\/\/vapingnet.de\/vape\/bang-20000puff-blueberry-watermelon-top-qualitaet-fuer-langanhaltenden-genuss\/\",\"url\":\"https:\/\/vapingnet.de\/vape\/bang-20000puff-blueberry-watermelon-top-qualitaet-fuer-langanhaltenden-genuss\/\",\"name\":\"Bang 20000Puff Blueberry Watermelon Geschmack vapingnet.de\",\"isPartOf\":{\"@id\":\"https:\/\/vapingnet.de\/#website\"},\"primaryImageOfPage\":{\"@id\":\"https:\/\/vapingnet.de\/vape\/bang-20000puff-blueberry-watermelon-top-qualitaet-fuer-langanhaltenden-genuss\/#primaryimage\"},\"image\":{\"@id\":\"https:\/\/vapingnet.de\/vape\/bang-20000puff-blueberry-watermelon-top-qualitaet-fuer-langanhaltenden-genuss\/#primaryimage\"},\"thumbnailUrl\":\"https:\/\/vapingnet.de\/wp-content\/uploads\/2025\/03\/Blueberry-Watermelon.png\",\"datePublished\":\"2025-03-15T08:42:36+00:00\",\"dateModified\":\"2025-06-19T03:40:51+00:00\",\"description\":\"Erlebe den intensiven Geschmack des Bang 20000Puff mit Blueberry Watermelon. Perfekte Wahl f\u00fcr langanhaltenden Genuss! Jetzt auf vapingnet.de.\",\"breadcrumb\":{\"@id\":\"https:\/\/vapingnet.de\/vape\/bang-20000puff-blueberry-watermelon-top-qualitaet-fuer-langanhaltenden-genuss\/#breadcrumb\"},\"inLanguage\":\"nl-NL\",\"potentialAction\":[{\"@type\":\"ReadAction\",\"target\":[\"https:\/\/vapingnet.de\/vape\/bang-20000puff-blueberry-watermelon-top-qualitaet-fuer-langanhaltenden-genuss\/\"]}]},{\"@type\":\"ImageObject\",\"inLanguage\":\"nl-NL\",\"@id\":\"https:\/\/vapingnet.de\/vape\/bang-20000puff-blueberry-watermelon-top-qualitaet-fuer-langanhaltenden-genuss\/#primaryimage\",\"url\":\"https:\/\/vapingnet.de\/wp-content\/uploads\/2025\/03\/Blueberry-Watermelon.png\",\"contentUrl\":\"https:\/\/vapingnet.de\/wp-content\/uploads\/2025\/03\/Blueberry-Watermelon.png\",\"width\":1000,\"height\":1000,\"caption\":\"Blueberry Watermelon\"},{\"@type\":\"BreadcrumbList\",\"@id\":\"https:\/\/vapingnet.de\/vape\/bang-20000puff-blueberry-watermelon-top-qualitaet-fuer-langanhaltenden-genuss\/#breadcrumb\",\"itemListElement\":[{\"@type\":\"ListItem\",\"position\":1,\"name\":\"Home\",\"item\":\"https:\/\/vapingnet.de\/\"},{\"@type\":\"ListItem\",\"position\":2,\"name\":\"Shop\",\"item\":\"https:\/\/vapingnet.de\/vape\/\"},{\"@type\":\"ListItem\",\"position\":3,\"name\":\"Bang 20000Puff Blueberry Watermelon Top-Qualit\u00e4t f\u00fcr langanhaltenden Genuss\"}]},{\"@type\":\"WebSite\",\"@id\":\"https:\/\/vapingnet.de\/#website\",\"url\":\"https:\/\/vapingnet.de\/\",\"name\":\"Vapingnet.de\",\"description\":\"\",\"publisher\":{\"@id\":\"https:\/\/vapingnet.de\/#organization\"},\"potentialAction\":[{\"@type\":\"SearchAction\",\"target\":{\"@type\":\"EntryPoint\",\"urlTemplate\":\"https:\/\/vapingnet.de\/?s={search_term_string}\"},\"query-input\":{\"@type\":\"PropertyValueSpecification\",\"valueRequired\":true,\"valueName\":\"search_term_string\"}}],\"inLanguage\":\"nl-NL\"},{\"@type\":\"Organization\",\"@id\":\"https:\/\/vapingnet.de\/#organization\",\"name\":\"Vapingnet.de\",\"url\":\"https:\/\/vapingnet.de\/\",\"logo\":{\"@type\":\"ImageObject\",\"inLanguage\":\"nl-NL\",\"@id\":\"https:\/\/vapingnet.de\/#\/schema\/logo\/image\/\",\"url\":\"https:\/\/vapingnet.de\/wp-content\/uploads\/2025\/03\/cropped-vapingnet.de_.jpg\",\"contentUrl\":\"https:\/\/vapingnet.de\/wp-content\/uploads\/2025\/03\/cropped-vapingnet.de_.jpg\",\"width\":512,\"height\":512,\"caption\":\"Vapingnet.de\"},\"image\":{\"@id\":\"https:\/\/vapingnet.de\/#\/schema\/logo\/image\/\"},\"sameAs\":[\"https:\/\/www.facebook.com\/vapingnetde\/\"]}]}<\/script>\n<!-- \/ Yoast SEO plugin. -->","yoast_head_json":{"title":"Bang 20000Puff Blueberry Watermelon Geschmack vapingnet.de","description":"Erlebe den intensiven Geschmack des Bang 20000Puff mit Blueberry Watermelon. Perfekte Wahl f\u00fcr langanhaltenden Genuss! Jetzt auf vapingnet.de.","robots":{"index":"index","follow":"follow","max-snippet":"max-snippet:-1","max-image-preview":"max-image-preview:large","max-video-preview":"max-video-preview:-1"},"canonical":"https:\/\/vapingnet.de\/nl\/vape\/bang-20000puff-blueberry-watermelon-top-qualitaet-fuer-langanhaltenden-genuss\/","og_locale":"nl_NL","og_type":"article","og_title":"Bang 20000Puff Blueberry Watermelon Geschmack vapingnet.de","og_description":"Erlebe den intensiven Geschmack des Bang 20000Puff mit Blueberry Watermelon. Perfekte Wahl f\u00fcr langanhaltenden Genuss! Jetzt auf vapingnet.de.","og_url":"https:\/\/vapingnet.de\/nl\/vape\/bang-20000puff-blueberry-watermelon-top-qualitaet-fuer-langanhaltenden-genuss\/","og_site_name":"Vapingnet.de","article_publisher":"https:\/\/www.facebook.com\/vapingnetde\/","article_modified_time":"2025-06-19T03:40:51+00:00","og_image":[{"width":1000,"height":1000,"url":"https:\/\/vapingnet.de\/wp-content\/uploads\/2025\/03\/Blueberry-Watermelon.png","type":"image\/png"}],"twitter_card":"summary_large_image","twitter_misc":{"Est. reading time":"3 minutes"},"schema":{"@context":"https:\/\/schema.org","@graph":[{"@type":"WebPage","@id":"https:\/\/vapingnet.de\/vape\/bang-20000puff-blueberry-watermelon-top-qualitaet-fuer-langanhaltenden-genuss\/","url":"https:\/\/vapingnet.de\/vape\/bang-20000puff-blueberry-watermelon-top-qualitaet-fuer-langanhaltenden-genuss\/","name":"Bang 20000Puff Blueberry Watermelon Geschmack vapingnet.de","isPartOf":{"@id":"https:\/\/vapingnet.de\/#website"},"primaryImageOfPage":{"@id":"https:\/\/vapingnet.de\/vape\/bang-20000puff-blueberry-watermelon-top-qualitaet-fuer-langanhaltenden-genuss\/#primaryimage"},"image":{"@id":"https:\/\/vapingnet.de\/vape\/bang-20000puff-blueberry-watermelon-top-qualitaet-fuer-langanhaltenden-genuss\/#primaryimage"},"thumbnailUrl":"https:\/\/vapingnet.de\/wp-content\/uploads\/2025\/03\/Blueberry-Watermelon.png","datePublished":"2025-03-15T08:42:36+00:00","dateModified":"2025-06-19T03:40:51+00:00","description":"Erlebe den intensiven Geschmack des Bang 20000Puff mit Blueberry Watermelon. Perfekte Wahl f\u00fcr langanhaltenden Genuss! Jetzt auf vapingnet.de.","breadcrumb":{"@id":"https:\/\/vapingnet.de\/vape\/bang-20000puff-blueberry-watermelon-top-qualitaet-fuer-langanhaltenden-genuss\/#breadcrumb"},"inLanguage":"nl-NL","potentialAction":[{"@type":"ReadAction","target":["https:\/\/vapingnet.de\/vape\/bang-20000puff-blueberry-watermelon-top-qualitaet-fuer-langanhaltenden-genuss\/"]}]},{"@type":"ImageObject","inLanguage":"nl-NL","@id":"https:\/\/vapingnet.de\/vape\/bang-20000puff-blueberry-watermelon-top-qualitaet-fuer-langanhaltenden-genuss\/#primaryimage","url":"https:\/\/vapingnet.de\/wp-content\/uploads\/2025\/03\/Blueberry-Watermelon.png","contentUrl":"https:\/\/vapingnet.de\/wp-content\/uploads\/2025\/03\/Blueberry-Watermelon.png","width":1000,"height":1000,"caption":"Blueberry Watermelon"},{"@type":"BreadcrumbList","@id":"https:\/\/vapingnet.de\/vape\/bang-20000puff-blueberry-watermelon-top-qualitaet-fuer-langanhaltenden-genuss\/#breadcrumb","itemListElement":[{"@type":"ListItem","position":1,"name":"Home","item":"https:\/\/vapingnet.de\/"},{"@type":"ListItem","position":2,"name":"Shop","item":"https:\/\/vapingnet.de\/vape\/"},{"@type":"ListItem","position":3,"name":"Bang 20000Puff Blueberry Watermelon Top-Qualit\u00e4t f\u00fcr langanhaltenden Genuss"}]},{"@type":"WebSite","@id":"https:\/\/vapingnet.de\/#website","url":"https:\/\/vapingnet.de\/","name":"Vapingnet.de","description":"","publisher":{"@id":"https:\/\/vapingnet.de\/#organization"},"potentialAction":[{"@type":"SearchAction","target":{"@type":"EntryPoint","urlTemplate":"https:\/\/vapingnet.de\/?s={search_term_string}"},"query-input":{"@type":"PropertyValueSpecification","valueRequired":true,"valueName":"search_term_string"}}],"inLanguage":"nl-NL"},{"@type":"Organization","@id":"https:\/\/vapingnet.de\/#organization","name":"Vapingnet.de","url":"https:\/\/vapingnet.de\/","logo":{"@type":"ImageObject","inLanguage":"nl-NL","@id":"https:\/\/vapingnet.de\/#\/schema\/logo\/image\/","url":"https:\/\/vapingnet.de\/wp-content\/uploads\/2025\/03\/cropped-vapingnet.de_.jpg","contentUrl":"https:\/\/vapingnet.de\/wp-content\/uploads\/2025\/03\/cropped-vapingnet.de_.jpg","width":512,"height":512,"caption":"Vapingnet.de"},"image":{"@id":"https:\/\/vapingnet.de\/#\/schema\/logo\/image\/"},"sameAs":["https:\/\/www.facebook.com\/vapingnetde\/"]}]}},"tiered_pricing_type":"fixed","tiered_pricing_fixed_rules":{"10":"8.92","60":"8.03","110":"7.14","200":"6.24"},"tiered_pricing_product_settings":{"layout":"default","base_unit_name":{"singular":null,"plural":null},"default_variation":null},"tiered_pricing_minimum_quantity":null,"tiered_pricing_roles_data":[],"tiered_pricing_percentage_rules":[],"_links":{"self":[{"href":"https:\/\/vapingnet.de\/nl\/wp-json\/wp\/v2\/product\/5453","targetHints":{"allow":["GET"]}}],"collection":[{"href":"https:\/\/vapingnet.de\/nl\/wp-json\/wp\/v2\/product"}],"about":[{"href":"https:\/\/vapingnet.de\/nl\/wp-json\/wp\/v2\/types\/product"}],"version-history":[{"count":1,"href":"https:\/\/vapingnet.de\/nl\/wp-json\/wp\/v2\/product\/5453\/revisions"}],"predecessor-version":[{"id":5455,"href":"https:\/\/vapingnet.de\/nl\/wp-json\/wp\/v2\/product\/5453\/revisions\/5455"}],"wp:featuredmedia":[{"embeddable":true,"href":"https:\/\/vapingnet.de\/nl\/wp-json\/wp\/v2\/media\/5454"}],"wp:attachment":[{"href":"https:\/\/vapingnet.de\/nl\/wp-json\/wp\/v2\/media?parent=5453"}],"wp:term":[{"taxonomy":"brand","embeddable":true,"href":"https:\/\/vapingnet.de\/nl\/wp-json\/wp\/v2\/etheme_brands?post=5453"},{"taxonomy":"product_brand","embeddable":true,"href":"https:\/\/vapingnet.de\/nl\/wp-json\/wp\/v2\/product_brand?post=5453"},{"taxonomy":"product_cat","embeddable":true,"href":"https:\/\/vapingnet.de\/nl\/wp-json\/wp\/v2\/product_cat?post=5453"},{"taxonomy":"product_tag","embeddable":true,"href":"https:\/\/vapingnet.de\/nl\/wp-json\/wp\/v2\/product_tag?post=5453"}],"curies":[{"name":"wp","href":"https:\/\/api.w.org\/{rel}","templated":true}]}}