{"id":5487,"date":"2025-03-15T10:05:57","date_gmt":"2025-03-15T10:05:57","guid":{"rendered":"https:\/\/vapingnet.de\/?post_type=product&#038;p=5487"},"modified":"2025-06-19T03:40:47","modified_gmt":"2025-06-19T03:40:47","slug":"mango-peach-watermelon-und-bang-20000puff-premiumqualitaet-zu-sonderpreisen","status":"publish","type":"product","link":"https:\/\/vapingnet.de\/nl\/vape\/mango-peach-watermelon-und-bang-20000puff-premiumqualitaet-zu-sonderpreisen\/","title":{"rendered":"Mango Peer Watermeloen en Bang 20000Puff Premiumkwaliteit tegen speciale prijzen"},"content":{"rendered":"<h2 data-start=\"27\" data-end=\"123\">Ervaar de Bang 20000Puff Dual Mesh Wegwerp-E-sigaret: Intenser smaak, langdurig gebruik<\/h2>\n<p data-start=\"125\" data-end=\"474\">Op zoek naar een hoogwaardige e-sigaret valt de <a href=\"https:\/\/vapingnet.de\/nl\/bang-20000-puff-dual-mesh\/\" target=\"_blank\" rel=\"noopener\"><strong>Bang 20000Puff Dual Mesh Wegwerp-E-sigaret<\/strong><\/a> door zijn innovatieve ontwerp en indrukwekkende prestaties op. Deze e-sigaret biedt niet alleen een langdurig gebruik, maar ook een aangename tropische fruitsmaak, waardoor hij de ideale keuze is voor moderne rokers.<\/p>\n<h4 data-start=\"481\" data-end=\"507\">Product specificaties<\/h4>\n<div class=\"overflow-x-auto contain-inline-size\">\n<table style=\"height: 365px;\" width=\"633\" data-start=\"509\" data-end=\"1405\">\n<thead data-start=\"509\" data-end=\"589\">\n<tr data-start=\"509\" data-end=\"589\">\n<th data-start=\"509\" data-end=\"532\">Kenmerk<\/th>\n<th data-start=\"532\" data-end=\"589\">Omschrijving<\/th>\n<\/tr>\n<\/thead>\n<tbody data-start=\"671\" data-end=\"1405\">\n<tr data-start=\"671\" data-end=\"751\">\n<td><strong data-start=\"673\" data-end=\"687\">Producttype<\/strong><\/td>\n<td>wegwerp E-sigaret<\/td>\n<\/tr>\n<tr data-start=\"752\" data-end=\"832\">\n<td><strong data-start=\"754\" data-end=\"767\">Smaak<\/strong><\/td>\n<td>Mango Perzik Watermeloen<\/td>\n<\/tr>\n<tr data-start=\"833\" data-end=\"915\">\n<td><strong data-start=\"835\" data-end=\"857\">E-liquid capaciteit<\/strong><\/td>\n<td>28ml<\/td>\n<\/tr>\n<tr data-start=\"916\" data-end=\"997\">\n<td><strong data-start=\"918\" data-end=\"926\">Treinen<\/strong><\/td>\n<td>20000 trekken<\/td>\n<\/tr>\n<tr data-start=\"998\" data-end=\"1078\">\n<td><strong data-start=\"1000\" data-end=\"1020\">Coil-technologie<\/strong><\/td>\n<td>Dual Mesh Coil (1,1\u03a9)<\/td>\n<\/tr>\n<tr data-start=\"1079\" data-end=\"1159\">\n<td><strong data-start=\"1081\" data-end=\"1098\">Nicotinegehalte<\/strong><\/td>\n<td>0%, 2%, 3%, 5%<\/td>\n<\/tr>\n<tr data-start=\"1160\" data-end=\"1241\">\n<td><strong data-start=\"1162\" data-end=\"1174\">Batterij<\/strong><\/td>\n<td>650mAh<\/td>\n<\/tr>\n<tr data-start=\"1242\" data-end=\"1323\">\n<td><strong data-start=\"1244\" data-end=\"1261\">Oplaadpoort<\/strong><\/td>\n<td>Type-C<\/td>\n<\/tr>\n<tr data-start=\"1324\" data-end=\"1405\">\n<td><strong data-start=\"1326\" data-end=\"1337\">Gewicht<\/strong><\/td>\n<td>90g\/Stuk<\/td>\n<\/tr>\n<\/tbody>\n<\/table>\n<\/div>\n<hr data-start=\"1407\" data-end=\"1410\" \/>\n<h3 data-start=\"1412\" data-end=\"1459\">De belangrijkste voordelen van de Bang 20000Puff<\/h3>\n<ul data-start=\"1461\" data-end=\"2693\">\n<li data-start=\"1461\" data-end=\"1742\">\n<p data-start=\"1463\" data-end=\"1742\"><strong data-start=\"1463\" data-end=\"1501\">20.000 trekjes voor langdurig gebruik<\/strong><br data-start=\"1501\" data-end=\"1504\" \/>De Bang 20000Puff wegwerp-e-sigaret biedt met 28 ml e-liquid tot 20.000 trekjes, zodat je er lange tijd van kunt genieten. Of het nu voor reizen, onderweg of dagelijks gebruik is, hij voldoet aan al je behoeften.<\/p>\n<\/li>\n<li data-start=\"1744\" data-end=\"1988\">\n<p data-start=\"1746\" data-end=\"1988\"><strong data-start=\"1746\" data-end=\"1800\">Dual Mesh Coil-technologie voor gelijkmatige damp<\/strong><br data-start=\"1800\" data-end=\"1803\" \/>Met de 1,1\u03a9 Dual Mesh Coil-technologie wordt de damp gelijkmatig verwarmd, wat leidt tot een intense, soepele smaak. Elke trek zorgt voor een hoogwaardige dampbeleving.<\/p>\n<\/li>\n<li data-start=\"1990\" data-end=\"2248\">\n<p data-start=\"1992\" data-end=\"2248\"><strong data-start=\"1992\" data-end=\"2046\">Precieze nicotine-opties voor persoonlijke voorkeuren<\/strong><br data-start=\"2046\" data-end=\"2049\" \/>Met de vier verschillende nicotinegehaltes (0%, 2%, 3%, 5%) kun je de perfecte smaak kiezen volgens jouw wensen, of je nu een zachte of intensere dampbeleving prefereert.<\/p>\n<\/li>\n<li data-start=\"2250\" data-end=\"2472\">\n<p data-start=\"2252\" data-end=\"2472\"><strong data-start=\"2252\" data-end=\"2292\">Snel opladen met Type-C-aansluiting<\/strong><br data-start=\"2292\" data-end=\"2295\" \/>Uitgerust met een 650mAh batterij en een Type-C-aansluiting, maakt de Bang 20000Puff snel opladen mogelijk en zorgt ervoor dat je apparaat altijd klaar is voor gebruik.<\/p>\n<\/li>\n<li data-start=\"2474\" data-end=\"2693\">\n<p data-start=\"2476\" data-end=\"2693\"><strong data-start=\"2476\" data-end=\"2511\">LED-indicator voor batterijbewaking<\/strong><br data-start=\"2511\" data-end=\"2514\" \/>De ingebouwde LED-indicator informeert u te allen tijde over de huidige batterijstatus, zodat u de batterij op tijd kunt opladen en altijd klaar bent voor het volgende dampen.<\/p>\n<\/li>\n<\/ul>\n<h4 data-start=\"2700\" data-end=\"2754\">Aanbevolen smaak: Mango Perzik Watermeloen<\/h4>\n<p data-start=\"2756\" data-end=\"3093\">De smaak \u201eMango Perzik Watermeloen\u201c van Bang 20000Puff combineert tropische vruchten perfect. De zoete mango, de delicate perzikenote en de verfrissende watermeloen bieden een frisse, zomerse dampbeleving. Elke trek brengt u in de warme zon en laat u genieten van de smaak van tropische verfrissing.<\/p>\n<h3 data-start=\"3100\" data-end=\"3122\">Voordelen bij aankoop<\/h3>\n<ul data-start=\"3124\" data-end=\"3713\">\n<li data-start=\"3124\" data-end=\"3305\">\n<p data-start=\"3126\" data-end=\"3305\"><strong data-start=\"3126\" data-end=\"3139\">Geen invoerrechten<\/strong><br data-start=\"3139\" data-end=\"3142\" \/>Bij aankoop op vapingnet.de profiteert u van <a href=\"https:\/\/vapingnet.de\/nl\/k\/f\/\" target=\"_blank\" rel=\"noopener\"><strong>vrij van invoerrechten<\/strong><\/a> aankopen, zonder zich zorgen te maken over extra kosten. Dat maakt het winkelen nog aangenamer.<\/p>\n<\/li>\n<li data-start=\"3307\" data-end=\"3482\">\n<p data-start=\"3309\" data-end=\"3482\"><strong data-start=\"3309\" data-end=\"3361\">Snelle levering per luchtvracht, 7-15 werkdagen<\/strong><br data-start=\"3361\" data-end=\"3364\" \/>Onze verzendtijd bedraagt slechts 7-15 werkdagen, zodat u uw product snel ontvangt en niet lang hoeft te wachten.<\/p>\n<\/li>\n<li data-start=\"3484\" data-end=\"3713\">\n<p data-start=\"3486\" data-end=\"3713\"><strong data-start=\"3486\" data-end=\"3545\">Eenvoudig winkelen, levering direct bij u thuis<\/strong><br data-start=\"3545\" data-end=\"3548\" \/>Op vapingnet.de kunt u eenvoudig uw gewenste producten selecteren en bestellen. Wij leveren ze direct bij u thuis \u2013 snel en zonder gedoe.<\/p>\n<\/li>\n<\/ul>\n<p data-start=\"3731\" data-end=\"4247\">De Bang 20000Puff Dual Mesh wegwerp-e-sigaret biedt met zijn innovatieve ontwerp, lange gebruiksduur, hoogwaardige dampproductie en verfrissende smaak een uitstekende keuze voor dampers. Of u nu langdurig wilt gebruiken of wilt genieten van de tropische smaak, deze e-sigaret voldoet aan al uw wensen. Bezoek vandaag nog <a href=\"https:\/\/vapingnet.de\/nl\/\" target=\"_new\" rel=\"noopener\" data-start=\"4115\" data-end=\"4152\">vapingnet.de<\/a>, om uw Bang 20000Puff Dual Mesh te kopen en te genieten van de ultieme dampervaring!<\/p>","protected":false},"excerpt":{"rendered":"<p>Erleben Sie die Bang 20000Puff Dual Mesh Einweg-E-Zigarette: Intensiver Geschmack, lange Nutzung Auf der Suche nach einer hochwertigen E-Zigarette sticht die Bang 20000Puff Dual Mesh&#8230;<\/p>","protected":false},"featured_media":5488,"template":"","meta":[],"etheme_brands":[],"product_brand":[101],"product_cat":[54,49,61],"product_tag":[],"class_list":{"0":"post-5487","1":"product","2":"type-product","3":"status-publish","4":"has-post-thumbnail","6":"product_brand-bang-king-vape","7":"product_cat-vape-20000-zuege","8":"product_cat-einweg-e-zigarette","9":"product_cat-f","11":"first","12":"instock","13":"shipping-taxable","14":"purchasable","15":"product-type-simple"},"yoast_head":"<!-- This site is optimized with the Yoast SEO plugin v26.5 - https:\/\/yoast.com\/wordpress\/plugins\/seo\/ -->\n<title>Bang 20000Puff Mango Peach Watermelon Jetzt auf vapingnet.de<\/title>\n<meta name=\"description\" content=\"Genie\u00dfen Sie die Bang 20000Puff Mango Peach Watermelon E-Zigarette auf vapingnet.de Fruchtig, erfrischend und mit einer au\u00dfergew\u00f6hnlich langen Haltbarkeit!\" \/>\n<meta name=\"robots\" content=\"index, follow, max-snippet:-1, max-image-preview:large, max-video-preview:-1\" \/>\n<link rel=\"canonical\" href=\"https:\/\/vapingnet.de\/nl\/vape\/mango-peach-watermelon-und-bang-20000puff-premiumqualitaet-zu-sonderpreisen\/\" \/>\n<meta property=\"og:locale\" content=\"nl_NL\" \/>\n<meta property=\"og:type\" content=\"article\" \/>\n<meta property=\"og:title\" content=\"Bang 20000Puff Mango Peach Watermelon Jetzt auf vapingnet.de\" \/>\n<meta property=\"og:description\" content=\"Genie\u00dfen Sie die Bang 20000Puff Mango Peach Watermelon E-Zigarette auf vapingnet.de Fruchtig, erfrischend und mit einer au\u00dfergew\u00f6hnlich langen Haltbarkeit!\" \/>\n<meta property=\"og:url\" content=\"https:\/\/vapingnet.de\/nl\/vape\/mango-peach-watermelon-und-bang-20000puff-premiumqualitaet-zu-sonderpreisen\/\" \/>\n<meta property=\"og:site_name\" content=\"Vapingnet.de\" \/>\n<meta property=\"article:publisher\" content=\"https:\/\/www.facebook.com\/vapingnetde\/\" \/>\n<meta property=\"article:modified_time\" content=\"2025-06-19T03:40:47+00:00\" \/>\n<meta property=\"og:image\" content=\"https:\/\/vapingnet.de\/wp-content\/uploads\/2025\/03\/Mango-Peach-Watermelon-1.png\" \/>\n\t<meta property=\"og:image:width\" content=\"1000\" \/>\n\t<meta property=\"og:image:height\" content=\"1000\" \/>\n\t<meta property=\"og:image:type\" content=\"image\/png\" \/>\n<meta name=\"twitter:card\" content=\"summary_large_image\" \/>\n<meta name=\"twitter:label1\" content=\"Est. reading time\" \/>\n\t<meta name=\"twitter:data1\" content=\"3 minutes\" \/>\n<script type=\"application\/ld+json\" class=\"yoast-schema-graph\">{\"@context\":\"https:\/\/schema.org\",\"@graph\":[{\"@type\":\"WebPage\",\"@id\":\"https:\/\/vapingnet.de\/vape\/mango-peach-watermelon-und-bang-20000puff-premiumqualitaet-zu-sonderpreisen\/\",\"url\":\"https:\/\/vapingnet.de\/vape\/mango-peach-watermelon-und-bang-20000puff-premiumqualitaet-zu-sonderpreisen\/\",\"name\":\"Bang 20000Puff Mango Peach Watermelon Jetzt auf vapingnet.de\",\"isPartOf\":{\"@id\":\"https:\/\/vapingnet.de\/#website\"},\"primaryImageOfPage\":{\"@id\":\"https:\/\/vapingnet.de\/vape\/mango-peach-watermelon-und-bang-20000puff-premiumqualitaet-zu-sonderpreisen\/#primaryimage\"},\"image\":{\"@id\":\"https:\/\/vapingnet.de\/vape\/mango-peach-watermelon-und-bang-20000puff-premiumqualitaet-zu-sonderpreisen\/#primaryimage\"},\"thumbnailUrl\":\"https:\/\/vapingnet.de\/wp-content\/uploads\/2025\/03\/Mango-Peach-Watermelon-1.png\",\"datePublished\":\"2025-03-15T10:05:57+00:00\",\"dateModified\":\"2025-06-19T03:40:47+00:00\",\"description\":\"Genie\u00dfen Sie die Bang 20000Puff Mango Peach Watermelon E-Zigarette auf vapingnet.de Fruchtig, erfrischend und mit einer au\u00dfergew\u00f6hnlich langen Haltbarkeit!\",\"breadcrumb\":{\"@id\":\"https:\/\/vapingnet.de\/vape\/mango-peach-watermelon-und-bang-20000puff-premiumqualitaet-zu-sonderpreisen\/#breadcrumb\"},\"inLanguage\":\"nl-NL\",\"potentialAction\":[{\"@type\":\"ReadAction\",\"target\":[\"https:\/\/vapingnet.de\/vape\/mango-peach-watermelon-und-bang-20000puff-premiumqualitaet-zu-sonderpreisen\/\"]}]},{\"@type\":\"ImageObject\",\"inLanguage\":\"nl-NL\",\"@id\":\"https:\/\/vapingnet.de\/vape\/mango-peach-watermelon-und-bang-20000puff-premiumqualitaet-zu-sonderpreisen\/#primaryimage\",\"url\":\"https:\/\/vapingnet.de\/wp-content\/uploads\/2025\/03\/Mango-Peach-Watermelon-1.png\",\"contentUrl\":\"https:\/\/vapingnet.de\/wp-content\/uploads\/2025\/03\/Mango-Peach-Watermelon-1.png\",\"width\":1000,\"height\":1000,\"caption\":\"Mango Peach Watermelon\"},{\"@type\":\"BreadcrumbList\",\"@id\":\"https:\/\/vapingnet.de\/vape\/mango-peach-watermelon-und-bang-20000puff-premiumqualitaet-zu-sonderpreisen\/#breadcrumb\",\"itemListElement\":[{\"@type\":\"ListItem\",\"position\":1,\"name\":\"Home\",\"item\":\"https:\/\/vapingnet.de\/\"},{\"@type\":\"ListItem\",\"position\":2,\"name\":\"Shop\",\"item\":\"https:\/\/vapingnet.de\/vape\/\"},{\"@type\":\"ListItem\",\"position\":3,\"name\":\"Mango Peach Watermelon und Bang 20000Puff Premiumqualit\u00e4t zu Sonderpreisen\"}]},{\"@type\":\"WebSite\",\"@id\":\"https:\/\/vapingnet.de\/#website\",\"url\":\"https:\/\/vapingnet.de\/\",\"name\":\"Vapingnet.de\",\"description\":\"\",\"publisher\":{\"@id\":\"https:\/\/vapingnet.de\/#organization\"},\"potentialAction\":[{\"@type\":\"SearchAction\",\"target\":{\"@type\":\"EntryPoint\",\"urlTemplate\":\"https:\/\/vapingnet.de\/?s={search_term_string}\"},\"query-input\":{\"@type\":\"PropertyValueSpecification\",\"valueRequired\":true,\"valueName\":\"search_term_string\"}}],\"inLanguage\":\"nl-NL\"},{\"@type\":\"Organization\",\"@id\":\"https:\/\/vapingnet.de\/#organization\",\"name\":\"Vapingnet.de\",\"url\":\"https:\/\/vapingnet.de\/\",\"logo\":{\"@type\":\"ImageObject\",\"inLanguage\":\"nl-NL\",\"@id\":\"https:\/\/vapingnet.de\/#\/schema\/logo\/image\/\",\"url\":\"https:\/\/vapingnet.de\/wp-content\/uploads\/2025\/03\/cropped-vapingnet.de_.jpg\",\"contentUrl\":\"https:\/\/vapingnet.de\/wp-content\/uploads\/2025\/03\/cropped-vapingnet.de_.jpg\",\"width\":512,\"height\":512,\"caption\":\"Vapingnet.de\"},\"image\":{\"@id\":\"https:\/\/vapingnet.de\/#\/schema\/logo\/image\/\"},\"sameAs\":[\"https:\/\/www.facebook.com\/vapingnetde\/\"]}]}<\/script>\n<!-- \/ Yoast SEO plugin. -->","yoast_head_json":{"title":"Bang 20000Puff Mango Peach Watermelon Jetzt auf vapingnet.de","description":"Genie\u00dfen Sie die Bang 20000Puff Mango Peach Watermelon E-Zigarette auf vapingnet.de Fruchtig, erfrischend und mit einer au\u00dfergew\u00f6hnlich langen Haltbarkeit!","robots":{"index":"index","follow":"follow","max-snippet":"max-snippet:-1","max-image-preview":"max-image-preview:large","max-video-preview":"max-video-preview:-1"},"canonical":"https:\/\/vapingnet.de\/nl\/vape\/mango-peach-watermelon-und-bang-20000puff-premiumqualitaet-zu-sonderpreisen\/","og_locale":"nl_NL","og_type":"article","og_title":"Bang 20000Puff Mango Peach Watermelon Jetzt auf vapingnet.de","og_description":"Genie\u00dfen Sie die Bang 20000Puff Mango Peach Watermelon E-Zigarette auf vapingnet.de Fruchtig, erfrischend und mit einer au\u00dfergew\u00f6hnlich langen Haltbarkeit!","og_url":"https:\/\/vapingnet.de\/nl\/vape\/mango-peach-watermelon-und-bang-20000puff-premiumqualitaet-zu-sonderpreisen\/","og_site_name":"Vapingnet.de","article_publisher":"https:\/\/www.facebook.com\/vapingnetde\/","article_modified_time":"2025-06-19T03:40:47+00:00","og_image":[{"width":1000,"height":1000,"url":"https:\/\/vapingnet.de\/wp-content\/uploads\/2025\/03\/Mango-Peach-Watermelon-1.png","type":"image\/png"}],"twitter_card":"summary_large_image","twitter_misc":{"Est. reading time":"3 minutes"},"schema":{"@context":"https:\/\/schema.org","@graph":[{"@type":"WebPage","@id":"https:\/\/vapingnet.de\/vape\/mango-peach-watermelon-und-bang-20000puff-premiumqualitaet-zu-sonderpreisen\/","url":"https:\/\/vapingnet.de\/vape\/mango-peach-watermelon-und-bang-20000puff-premiumqualitaet-zu-sonderpreisen\/","name":"Bang 20000Puff Mango Peach Watermelon Jetzt auf vapingnet.de","isPartOf":{"@id":"https:\/\/vapingnet.de\/#website"},"primaryImageOfPage":{"@id":"https:\/\/vapingnet.de\/vape\/mango-peach-watermelon-und-bang-20000puff-premiumqualitaet-zu-sonderpreisen\/#primaryimage"},"image":{"@id":"https:\/\/vapingnet.de\/vape\/mango-peach-watermelon-und-bang-20000puff-premiumqualitaet-zu-sonderpreisen\/#primaryimage"},"thumbnailUrl":"https:\/\/vapingnet.de\/wp-content\/uploads\/2025\/03\/Mango-Peach-Watermelon-1.png","datePublished":"2025-03-15T10:05:57+00:00","dateModified":"2025-06-19T03:40:47+00:00","description":"Genie\u00dfen Sie die Bang 20000Puff Mango Peach Watermelon E-Zigarette auf vapingnet.de Fruchtig, erfrischend und mit einer au\u00dfergew\u00f6hnlich langen Haltbarkeit!","breadcrumb":{"@id":"https:\/\/vapingnet.de\/vape\/mango-peach-watermelon-und-bang-20000puff-premiumqualitaet-zu-sonderpreisen\/#breadcrumb"},"inLanguage":"nl-NL","potentialAction":[{"@type":"ReadAction","target":["https:\/\/vapingnet.de\/vape\/mango-peach-watermelon-und-bang-20000puff-premiumqualitaet-zu-sonderpreisen\/"]}]},{"@type":"ImageObject","inLanguage":"nl-NL","@id":"https:\/\/vapingnet.de\/vape\/mango-peach-watermelon-und-bang-20000puff-premiumqualitaet-zu-sonderpreisen\/#primaryimage","url":"https:\/\/vapingnet.de\/wp-content\/uploads\/2025\/03\/Mango-Peach-Watermelon-1.png","contentUrl":"https:\/\/vapingnet.de\/wp-content\/uploads\/2025\/03\/Mango-Peach-Watermelon-1.png","width":1000,"height":1000,"caption":"Mango Peach Watermelon"},{"@type":"BreadcrumbList","@id":"https:\/\/vapingnet.de\/vape\/mango-peach-watermelon-und-bang-20000puff-premiumqualitaet-zu-sonderpreisen\/#breadcrumb","itemListElement":[{"@type":"ListItem","position":1,"name":"Home","item":"https:\/\/vapingnet.de\/"},{"@type":"ListItem","position":2,"name":"Shop","item":"https:\/\/vapingnet.de\/vape\/"},{"@type":"ListItem","position":3,"name":"Mango Peach Watermelon und Bang 20000Puff Premiumqualit\u00e4t zu Sonderpreisen"}]},{"@type":"WebSite","@id":"https:\/\/vapingnet.de\/#website","url":"https:\/\/vapingnet.de\/","name":"Vapingnet.de","description":"","publisher":{"@id":"https:\/\/vapingnet.de\/#organization"},"potentialAction":[{"@type":"SearchAction","target":{"@type":"EntryPoint","urlTemplate":"https:\/\/vapingnet.de\/?s={search_term_string}"},"query-input":{"@type":"PropertyValueSpecification","valueRequired":true,"valueName":"search_term_string"}}],"inLanguage":"nl-NL"},{"@type":"Organization","@id":"https:\/\/vapingnet.de\/#organization","name":"Vapingnet.de","url":"https:\/\/vapingnet.de\/","logo":{"@type":"ImageObject","inLanguage":"nl-NL","@id":"https:\/\/vapingnet.de\/#\/schema\/logo\/image\/","url":"https:\/\/vapingnet.de\/wp-content\/uploads\/2025\/03\/cropped-vapingnet.de_.jpg","contentUrl":"https:\/\/vapingnet.de\/wp-content\/uploads\/2025\/03\/cropped-vapingnet.de_.jpg","width":512,"height":512,"caption":"Vapingnet.de"},"image":{"@id":"https:\/\/vapingnet.de\/#\/schema\/logo\/image\/"},"sameAs":["https:\/\/www.facebook.com\/vapingnetde\/"]}]}},"tiered_pricing_type":"fixed","tiered_pricing_fixed_rules":{"10":"8.92","60":"8.03","110":"7.14","200":"6.24"},"tiered_pricing_product_settings":{"layout":"default","base_unit_name":{"singular":null,"plural":null},"default_variation":null},"tiered_pricing_minimum_quantity":null,"tiered_pricing_roles_data":[],"tiered_pricing_percentage_rules":[],"_links":{"self":[{"href":"https:\/\/vapingnet.de\/nl\/wp-json\/wp\/v2\/product\/5487","targetHints":{"allow":["GET"]}}],"collection":[{"href":"https:\/\/vapingnet.de\/nl\/wp-json\/wp\/v2\/product"}],"about":[{"href":"https:\/\/vapingnet.de\/nl\/wp-json\/wp\/v2\/types\/product"}],"version-history":[{"count":1,"href":"https:\/\/vapingnet.de\/nl\/wp-json\/wp\/v2\/product\/5487\/revisions"}],"predecessor-version":[{"id":5489,"href":"https:\/\/vapingnet.de\/nl\/wp-json\/wp\/v2\/product\/5487\/revisions\/5489"}],"wp:featuredmedia":[{"embeddable":true,"href":"https:\/\/vapingnet.de\/nl\/wp-json\/wp\/v2\/media\/5488"}],"wp:attachment":[{"href":"https:\/\/vapingnet.de\/nl\/wp-json\/wp\/v2\/media?parent=5487"}],"wp:term":[{"taxonomy":"brand","embeddable":true,"href":"https:\/\/vapingnet.de\/nl\/wp-json\/wp\/v2\/etheme_brands?post=5487"},{"taxonomy":"product_brand","embeddable":true,"href":"https:\/\/vapingnet.de\/nl\/wp-json\/wp\/v2\/product_brand?post=5487"},{"taxonomy":"product_cat","embeddable":true,"href":"https:\/\/vapingnet.de\/nl\/wp-json\/wp\/v2\/product_cat?post=5487"},{"taxonomy":"product_tag","embeddable":true,"href":"https:\/\/vapingnet.de\/nl\/wp-json\/wp\/v2\/product_tag?post=5487"}],"curies":[{"name":"wp","href":"https:\/\/api.w.org\/{rel}","templated":true}]}}