{"id":5741,"date":"2025-03-19T05:38:20","date_gmt":"2025-03-19T05:38:20","guid":{"rendered":"https:\/\/vapingnet.de\/?post_type=product&#038;p=5741"},"modified":"2026-04-14T06:41:05","modified_gmt":"2026-04-14T06:41:05","slug":"nexa-ultra-50k-miami-mint-bietet-eine-erfrischende-minz-mischung-mit-einem-hauch-suesse-perfekt-fuer-einen-kuehlen-mentholigen-genuss","status":"publish","type":"product","link":"https:\/\/vapingnet.de\/nl\/vape\/nexa-ultra-50k-miami-mint-bietet-eine-erfrischende-minz-mischung-mit-einem-hauch-suesse-perfekt-fuer-einen-kuehlen-mentholigen-genuss\/","title":{"rendered":"NEXA Ultra 50K Miami Mint biedt een verfrissende muntmix met een vleugje zoetheid, perfect voor een koele menthol-ervaring"},"content":{"rendered":"<h2 data-start=\"0\" data-end=\"111\">NEXA Ultra 50K Puff Wegwerp E-sigaret \u2013 Maximale prestaties ontmoet verfrissende Miami Mint-genot<\/h2>\n<p data-start=\"113\" data-end=\"465\">De NEXA Ultra 50K Puff <strong><a href=\"https:\/\/vapingnet.de\/nl\/k\/einweg-e-zigarette\/\">wegwerp E-sigaret<\/a><\/strong> zet nieuwe maatstaven in de wereld van dampen. Met een gigantische capaciteit van <strong><a href=\"https:\/\/vapingnet.de\/nl\/k\/50k-vape\/\">50k vape<\/a><\/strong>, een zichtbaar 20 ml kristallen tank, krachtige 800 mAh batterij met USB-C snelladen en een modern 3D-gebogen display is dit apparaat de perfecte keuze voor veeleisende dampers.<\/p>\n<h3 data-start=\"467\" data-end=\"539\">Maximale prestaties \u2013 Twee modi voor persoonlijk dampplezier<\/h3>\n<p data-start=\"540\" data-end=\"635\">De NEXA Ultra biedt met twee verschillende dampmodi een aanpasbare dampervaring:<\/p>\n<ul data-start=\"636\" data-end=\"858\">\n<li data-start=\"636\" data-end=\"740\">Normale modus (50K puff) \u2013 Geoptimaliseerd voor maximale puff-capaciteit en zachte smaakontwikkeling.<\/li>\n<li data-start=\"741\" data-end=\"858\">Turbo-modus (30K puff) \u2013 Voor intensieve damp en sterkere smaak \u2013 perfect voor liefhebbers van krachtige trekken.<\/li>\n<\/ul>\n<p data-start=\"860\" data-end=\"1016\">Met deze dual-modus-technologie onderscheidt de NEXA Ultra 50K zich duidelijk van andere wegwerp-vapes en biedt het flexibiliteit afhankelijk van voorkeur.<\/p>\n<h3 data-start=\"1018\" data-end=\"1088\">Transparante kristallen tank \u2013 Duidelijk zicht op het vloeistofniveau<\/h3>\n<p data-start=\"1089\" data-end=\"1405\">Dankzij de 20 ml kristallen tank kan men te allen tijde het vloeistofniveau bekijken \u2013 geen giswerk meer wanneer de voorraad op raakt. Het elegante kristalontwerp zorgt niet alleen voor een stijlvolle uitstraling, maar draagt ook bij aan een gelijkmatige vloeistofverdeling, zodat elke trek constant en intens blijft.<\/p>\n<h3 data-start=\"1407\" data-end=\"1492\">Smaak: Miami Mint \u2013 IJskoude frisheid met een vleugje luxe<\/h3>\n<p data-start=\"1493\" data-end=\"1749\">De <a href=\"https:\/\/vapingnet.de\/nl\/nexa-ultra-50000-puffs\/\"><strong>NEXA Ultra 50K puffs<\/strong><\/a> Miami Mint biedt een uniek dampbeleving dat pure frisheid uitstraalt. Ge\u00efnspireerd door het bruisende nachtleven van Miami, combineert dit aroma kristalheldere munt met een koele bries die direct verfrist en verkwikt.<\/p>\n<p data-start=\"1751\" data-end=\"1990\">Elke trek ontwikkelt een perfect uitgebalanceerde mix van koele munt en een licht zoete ondertoon, die zorgt voor een langdurig, verfrissend mondgevoel. Ideaal voor dampers die houden van een knisperende, mentholachtige noot.<\/p>\n<p data-start=\"1992\" data-end=\"2203\">Met 5 % nicotinekracht levert de Miami Mint-variant een intense maar aangename nicotine-boost \u2013 perfect voor overstappers en ervaren dampers die op zoek zijn naar een sterk maar soepel ervaring.<\/p>\n<h3 data-start=\"2205\" data-end=\"2275\">High-tech met 3D-gebogen display \u2013 Alle informatie in \u00e9\u00e9n oogopslag<\/h3>\n<p data-start=\"2276\" data-end=\"2554\">Het moderne 3D-gebogen display toont alle belangrijke informatie:<br data-start=\"2348\" data-end=\"2351\" \/>Batterijstatus \u2013 Nooit meer onverwacht lege batterij.<br data-start=\"2405\" data-end=\"2408\" \/>Vloeistofniveau \u2013 Altijd zichtbaar door de transparante tank.<br data-start=\"2476\" data-end=\"2479\" \/>Modus-indicatie \u2013 Eenvoudig schakelen tussen normale en turbo-modus.<\/p>\n<p data-start=\"2556\" data-end=\"2669\">De hoogwaardige glazen look geeft de NEXA Ultra een luxueuze uitstraling en benadrukt het moderne ontwerp.<\/p>\n<h3 data-start=\"2671\" data-end=\"2726\">Krachtige batterij met USB-C snelladen<\/h3>\n<p data-start=\"2727\" data-end=\"2935\">De 800 mAh batterijcapaciteit garandeert een lange gebruiksduur. Dankzij USB-C Quick Charge is het apparaat in korte tijd weer klaar voor gebruik \u2013 geen lange wachttijd, gewoon opladen en verder dampen.<\/p>\n<p data-start=\"2937\" data-end=\"3089\">De energiezuinige chiptechnologie zorgt ervoor dat de prestaties tot de laatste trek stabiel blijven \u2013 of je nu in normale of turbo-modus dampt.<\/p>\n<h3 data-start=\"3091\" data-end=\"3144\">Eenvoudige bediening \u2013 Perfect voor dagelijks gebruik<\/h3>\n<p data-start=\"3145\" data-end=\"3356\">De NEXA Ultra 50K is draw-activated, dat wil zeggen dat hij geen knop nodig heeft om te activeren \u2013 gewoon trekken en genieten. Met zijn compacte en elegante ontwerp is hij de ideale metgezel voor onderweg.<\/p>\n<h3 data-start=\"3358\" data-end=\"3424\">Handige verpakking \u2013 Ideaal voor veelgebruikers en handelaren<\/h3>\n<p data-start=\"3425\" data-end=\"3649\">De NEXA Ultra 50K Miami Mint wordt geleverd in een doos met 5 stuks \u2013 ideaal voor persoonlijk gebruik of voor handelaren die hun klanten een premium product met uitzonderlijke duurzaamheid willen aanbieden.<\/p>\n<h3 data-start=\"3651\" data-end=\"3722\">Waarom de NEXA Ultra 50K Miami Mint een must-have is<\/h3>\n<p data-start=\"3723\" data-end=\"3957\">Met zijn enorme puff-capaciteit, de innovatieve kristalreservoir, de twee dampmodi, het hoogwaardige 3D-display en de lange batterijduur is de NEXA Ultra 50K Puff wegwerp e-sigaret een klasse apart.<\/p>\n<p data-start=\"3959\" data-end=\"4117\">De Miami Mint-variant biedt een onvergelijkbare frisheid en zorgt voor een koele, verfrissende dampbeleving, ideaal voor dagelijks gebruik.<\/p>\n<p data-start=\"4119\" data-end=\"4346\" data-is-last-node=\"\" data-is-only-node=\"\">Of je nu een ervaren dampers bent of een beginner \u2013 de NEXA Ultra 50K Puff Miami Mint combineert geavanceerde technologie met intense verfrissing en is de perfecte keuze voor iedereen die de hoogste kwaliteit en maximaal genot zoekt.<\/p>","protected":false},"excerpt":{"rendered":"<p>NEXA Ultra 50K Puff Einweg E-Zigarette \u2013 Maximale Leistung trifft auf erfrischenden Miami Mint Genuss Die NEXA Ultra 50K Puff Einweg E-Zigarette setzt neue Ma\u00dfst\u00e4be&#8230;<\/p>","protected":false},"featured_media":5717,"template":"","meta":[],"etheme_brands":[],"product_brand":[],"product_cat":[67,49,61],"product_tag":[],"class_list":{"0":"post-5741","1":"product","2":"type-product","3":"status-publish","4":"has-post-thumbnail","6":"product_cat-50k-vape","7":"product_cat-einweg-e-zigarette","8":"product_cat-f","10":"first","11":"outofstock","12":"shipping-taxable","13":"purchasable","14":"product-type-variable"},"yoast_head":"<!-- This site is optimized with the Yoast SEO plugin v26.5 - https:\/\/yoast.com\/wordpress\/plugins\/seo\/ -->\n<title>NEXA Ultra 50K Miami Mint bietet eine erfrischende Minz-Mischung mit einem Hauch S\u00fc\u00dfe perfekt f\u00fcr einen k\u00fchlen mentholigen Genuss | Vapingnet.de<\/title>\n<meta name=\"description\" content=\"NEXA Ultra 50K Miami Mint bietet eine erfrischende Minz-Mischung mit einem Hauch S\u00fc\u00dfe \u2013 perfekt f\u00fcr einen k\u00fchlen, mentholigen Genuss.\" \/>\n<meta name=\"robots\" content=\"index, follow, max-snippet:-1, max-image-preview:large, max-video-preview:-1\" \/>\n<link rel=\"canonical\" href=\"https:\/\/vapingnet.de\/nl\/vape\/nexa-ultra-50k-miami-mint-bietet-eine-erfrischende-minz-mischung-mit-einem-hauch-suesse-perfekt-fuer-einen-kuehlen-mentholigen-genuss\/\" \/>\n<meta property=\"og:locale\" content=\"nl_NL\" \/>\n<meta property=\"og:type\" content=\"article\" \/>\n<meta property=\"og:title\" content=\"NEXA Ultra 50K Miami Mint bietet eine erfrischende Minz-Mischung mit einem Hauch S\u00fc\u00dfe perfekt f\u00fcr einen k\u00fchlen mentholigen Genuss | Vapingnet.de\" \/>\n<meta property=\"og:description\" content=\"NEXA Ultra 50K Miami Mint bietet eine erfrischende Minz-Mischung mit einem Hauch S\u00fc\u00dfe \u2013 perfekt f\u00fcr einen k\u00fchlen, mentholigen Genuss.\" \/>\n<meta property=\"og:url\" content=\"https:\/\/vapingnet.de\/nl\/vape\/nexa-ultra-50k-miami-mint-bietet-eine-erfrischende-minz-mischung-mit-einem-hauch-suesse-perfekt-fuer-einen-kuehlen-mentholigen-genuss\/\" \/>\n<meta property=\"og:site_name\" content=\"Vapingnet.de\" \/>\n<meta property=\"article:publisher\" content=\"https:\/\/www.facebook.com\/vapingnetde\/\" \/>\n<meta property=\"article:modified_time\" content=\"2026-04-14T06:41:05+00:00\" \/>\n<meta property=\"og:image\" content=\"https:\/\/vapingnet.de\/wp-content\/uploads\/2025\/03\/50K_MIAMI_MINT-1.png\" \/>\n\t<meta property=\"og:image:width\" content=\"1000\" \/>\n\t<meta property=\"og:image:height\" content=\"1000\" \/>\n\t<meta property=\"og:image:type\" content=\"image\/png\" \/>\n<meta name=\"twitter:card\" content=\"summary_large_image\" \/>\n<meta name=\"twitter:label1\" content=\"Est. reading time\" \/>\n\t<meta name=\"twitter:data1\" content=\"4 minutes\" \/>\n<script type=\"application\/ld+json\" class=\"yoast-schema-graph\">{\"@context\":\"https:\/\/schema.org\",\"@graph\":[{\"@type\":\"WebPage\",\"@id\":\"https:\/\/vapingnet.de\/vape\/nexa-ultra-50k-miami-mint-bietet-eine-erfrischende-minz-mischung-mit-einem-hauch-suesse-perfekt-fuer-einen-kuehlen-mentholigen-genuss\/\",\"url\":\"https:\/\/vapingnet.de\/vape\/nexa-ultra-50k-miami-mint-bietet-eine-erfrischende-minz-mischung-mit-einem-hauch-suesse-perfekt-fuer-einen-kuehlen-mentholigen-genuss\/\",\"name\":\"NEXA Ultra 50K Miami Mint bietet eine erfrischende Minz-Mischung mit einem Hauch S\u00fc\u00dfe perfekt f\u00fcr einen k\u00fchlen mentholigen Genuss | Vapingnet.de\",\"isPartOf\":{\"@id\":\"https:\/\/vapingnet.de\/#website\"},\"primaryImageOfPage\":{\"@id\":\"https:\/\/vapingnet.de\/vape\/nexa-ultra-50k-miami-mint-bietet-eine-erfrischende-minz-mischung-mit-einem-hauch-suesse-perfekt-fuer-einen-kuehlen-mentholigen-genuss\/#primaryimage\"},\"image\":{\"@id\":\"https:\/\/vapingnet.de\/vape\/nexa-ultra-50k-miami-mint-bietet-eine-erfrischende-minz-mischung-mit-einem-hauch-suesse-perfekt-fuer-einen-kuehlen-mentholigen-genuss\/#primaryimage\"},\"thumbnailUrl\":\"https:\/\/vapingnet.de\/wp-content\/uploads\/2025\/03\/50K_MIAMI_MINT-1.png\",\"datePublished\":\"2025-03-19T05:38:20+00:00\",\"dateModified\":\"2026-04-14T06:41:05+00:00\",\"description\":\"NEXA Ultra 50K Miami Mint bietet eine erfrischende Minz-Mischung mit einem Hauch S\u00fc\u00dfe \u2013 perfekt f\u00fcr einen k\u00fchlen, mentholigen Genuss.\",\"breadcrumb\":{\"@id\":\"https:\/\/vapingnet.de\/vape\/nexa-ultra-50k-miami-mint-bietet-eine-erfrischende-minz-mischung-mit-einem-hauch-suesse-perfekt-fuer-einen-kuehlen-mentholigen-genuss\/#breadcrumb\"},\"inLanguage\":\"nl-NL\",\"potentialAction\":[{\"@type\":\"ReadAction\",\"target\":[\"https:\/\/vapingnet.de\/vape\/nexa-ultra-50k-miami-mint-bietet-eine-erfrischende-minz-mischung-mit-einem-hauch-suesse-perfekt-fuer-einen-kuehlen-mentholigen-genuss\/\"]}]},{\"@type\":\"ImageObject\",\"inLanguage\":\"nl-NL\",\"@id\":\"https:\/\/vapingnet.de\/vape\/nexa-ultra-50k-miami-mint-bietet-eine-erfrischende-minz-mischung-mit-einem-hauch-suesse-perfekt-fuer-einen-kuehlen-mentholigen-genuss\/#primaryimage\",\"url\":\"https:\/\/vapingnet.de\/wp-content\/uploads\/2025\/03\/50K_MIAMI_MINT-1.png\",\"contentUrl\":\"https:\/\/vapingnet.de\/wp-content\/uploads\/2025\/03\/50K_MIAMI_MINT-1.png\",\"width\":1000,\"height\":1000},{\"@type\":\"BreadcrumbList\",\"@id\":\"https:\/\/vapingnet.de\/vape\/nexa-ultra-50k-miami-mint-bietet-eine-erfrischende-minz-mischung-mit-einem-hauch-suesse-perfekt-fuer-einen-kuehlen-mentholigen-genuss\/#breadcrumb\",\"itemListElement\":[{\"@type\":\"ListItem\",\"position\":1,\"name\":\"Home\",\"item\":\"https:\/\/vapingnet.de\/\"},{\"@type\":\"ListItem\",\"position\":2,\"name\":\"Shop\",\"item\":\"https:\/\/vapingnet.de\/vape\/\"},{\"@type\":\"ListItem\",\"position\":3,\"name\":\"NEXA Ultra 50K Miami Mint bietet eine erfrischende Minz-Mischung mit einem Hauch S\u00fc\u00dfe perfekt f\u00fcr einen k\u00fchlen mentholigen Genuss\"}]},{\"@type\":\"WebSite\",\"@id\":\"https:\/\/vapingnet.de\/#website\",\"url\":\"https:\/\/vapingnet.de\/\",\"name\":\"Vapingnet.de\",\"description\":\"\",\"publisher\":{\"@id\":\"https:\/\/vapingnet.de\/#organization\"},\"potentialAction\":[{\"@type\":\"SearchAction\",\"target\":{\"@type\":\"EntryPoint\",\"urlTemplate\":\"https:\/\/vapingnet.de\/?s={search_term_string}\"},\"query-input\":{\"@type\":\"PropertyValueSpecification\",\"valueRequired\":true,\"valueName\":\"search_term_string\"}}],\"inLanguage\":\"nl-NL\"},{\"@type\":\"Organization\",\"@id\":\"https:\/\/vapingnet.de\/#organization\",\"name\":\"Vapingnet.de\",\"url\":\"https:\/\/vapingnet.de\/\",\"logo\":{\"@type\":\"ImageObject\",\"inLanguage\":\"nl-NL\",\"@id\":\"https:\/\/vapingnet.de\/#\/schema\/logo\/image\/\",\"url\":\"https:\/\/vapingnet.de\/wp-content\/uploads\/2025\/03\/cropped-vapingnet.de_.jpg\",\"contentUrl\":\"https:\/\/vapingnet.de\/wp-content\/uploads\/2025\/03\/cropped-vapingnet.de_.jpg\",\"width\":512,\"height\":512,\"caption\":\"Vapingnet.de\"},\"image\":{\"@id\":\"https:\/\/vapingnet.de\/#\/schema\/logo\/image\/\"},\"sameAs\":[\"https:\/\/www.facebook.com\/vapingnetde\/\"]}]}<\/script>\n<!-- \/ Yoast SEO plugin. -->","yoast_head_json":{"title":"NEXA Ultra 50K Miami Mint bietet eine erfrischende Minz-Mischung mit einem Hauch S\u00fc\u00dfe perfekt f\u00fcr einen k\u00fchlen mentholigen Genuss | Vapingnet.de","description":"NEXA Ultra 50K Miami Mint bietet eine erfrischende Minz-Mischung mit einem Hauch S\u00fc\u00dfe \u2013 perfekt f\u00fcr einen k\u00fchlen, mentholigen Genuss.","robots":{"index":"index","follow":"follow","max-snippet":"max-snippet:-1","max-image-preview":"max-image-preview:large","max-video-preview":"max-video-preview:-1"},"canonical":"https:\/\/vapingnet.de\/nl\/vape\/nexa-ultra-50k-miami-mint-bietet-eine-erfrischende-minz-mischung-mit-einem-hauch-suesse-perfekt-fuer-einen-kuehlen-mentholigen-genuss\/","og_locale":"nl_NL","og_type":"article","og_title":"NEXA Ultra 50K Miami Mint bietet eine erfrischende Minz-Mischung mit einem Hauch S\u00fc\u00dfe perfekt f\u00fcr einen k\u00fchlen mentholigen Genuss | Vapingnet.de","og_description":"NEXA Ultra 50K Miami Mint bietet eine erfrischende Minz-Mischung mit einem Hauch S\u00fc\u00dfe \u2013 perfekt f\u00fcr einen k\u00fchlen, mentholigen Genuss.","og_url":"https:\/\/vapingnet.de\/nl\/vape\/nexa-ultra-50k-miami-mint-bietet-eine-erfrischende-minz-mischung-mit-einem-hauch-suesse-perfekt-fuer-einen-kuehlen-mentholigen-genuss\/","og_site_name":"Vapingnet.de","article_publisher":"https:\/\/www.facebook.com\/vapingnetde\/","article_modified_time":"2026-04-14T06:41:05+00:00","og_image":[{"width":1000,"height":1000,"url":"https:\/\/vapingnet.de\/wp-content\/uploads\/2025\/03\/50K_MIAMI_MINT-1.png","type":"image\/png"}],"twitter_card":"summary_large_image","twitter_misc":{"Est. reading time":"4 minutes"},"schema":{"@context":"https:\/\/schema.org","@graph":[{"@type":"WebPage","@id":"https:\/\/vapingnet.de\/vape\/nexa-ultra-50k-miami-mint-bietet-eine-erfrischende-minz-mischung-mit-einem-hauch-suesse-perfekt-fuer-einen-kuehlen-mentholigen-genuss\/","url":"https:\/\/vapingnet.de\/vape\/nexa-ultra-50k-miami-mint-bietet-eine-erfrischende-minz-mischung-mit-einem-hauch-suesse-perfekt-fuer-einen-kuehlen-mentholigen-genuss\/","name":"NEXA Ultra 50K Miami Mint bietet eine erfrischende Minz-Mischung mit einem Hauch S\u00fc\u00dfe perfekt f\u00fcr einen k\u00fchlen mentholigen Genuss | Vapingnet.de","isPartOf":{"@id":"https:\/\/vapingnet.de\/#website"},"primaryImageOfPage":{"@id":"https:\/\/vapingnet.de\/vape\/nexa-ultra-50k-miami-mint-bietet-eine-erfrischende-minz-mischung-mit-einem-hauch-suesse-perfekt-fuer-einen-kuehlen-mentholigen-genuss\/#primaryimage"},"image":{"@id":"https:\/\/vapingnet.de\/vape\/nexa-ultra-50k-miami-mint-bietet-eine-erfrischende-minz-mischung-mit-einem-hauch-suesse-perfekt-fuer-einen-kuehlen-mentholigen-genuss\/#primaryimage"},"thumbnailUrl":"https:\/\/vapingnet.de\/wp-content\/uploads\/2025\/03\/50K_MIAMI_MINT-1.png","datePublished":"2025-03-19T05:38:20+00:00","dateModified":"2026-04-14T06:41:05+00:00","description":"NEXA Ultra 50K Miami Mint bietet eine erfrischende Minz-Mischung mit einem Hauch S\u00fc\u00dfe \u2013 perfekt f\u00fcr einen k\u00fchlen, mentholigen Genuss.","breadcrumb":{"@id":"https:\/\/vapingnet.de\/vape\/nexa-ultra-50k-miami-mint-bietet-eine-erfrischende-minz-mischung-mit-einem-hauch-suesse-perfekt-fuer-einen-kuehlen-mentholigen-genuss\/#breadcrumb"},"inLanguage":"nl-NL","potentialAction":[{"@type":"ReadAction","target":["https:\/\/vapingnet.de\/vape\/nexa-ultra-50k-miami-mint-bietet-eine-erfrischende-minz-mischung-mit-einem-hauch-suesse-perfekt-fuer-einen-kuehlen-mentholigen-genuss\/"]}]},{"@type":"ImageObject","inLanguage":"nl-NL","@id":"https:\/\/vapingnet.de\/vape\/nexa-ultra-50k-miami-mint-bietet-eine-erfrischende-minz-mischung-mit-einem-hauch-suesse-perfekt-fuer-einen-kuehlen-mentholigen-genuss\/#primaryimage","url":"https:\/\/vapingnet.de\/wp-content\/uploads\/2025\/03\/50K_MIAMI_MINT-1.png","contentUrl":"https:\/\/vapingnet.de\/wp-content\/uploads\/2025\/03\/50K_MIAMI_MINT-1.png","width":1000,"height":1000},{"@type":"BreadcrumbList","@id":"https:\/\/vapingnet.de\/vape\/nexa-ultra-50k-miami-mint-bietet-eine-erfrischende-minz-mischung-mit-einem-hauch-suesse-perfekt-fuer-einen-kuehlen-mentholigen-genuss\/#breadcrumb","itemListElement":[{"@type":"ListItem","position":1,"name":"Home","item":"https:\/\/vapingnet.de\/"},{"@type":"ListItem","position":2,"name":"Shop","item":"https:\/\/vapingnet.de\/vape\/"},{"@type":"ListItem","position":3,"name":"NEXA Ultra 50K Miami Mint bietet eine erfrischende Minz-Mischung mit einem Hauch S\u00fc\u00dfe perfekt f\u00fcr einen k\u00fchlen mentholigen Genuss"}]},{"@type":"WebSite","@id":"https:\/\/vapingnet.de\/#website","url":"https:\/\/vapingnet.de\/","name":"Vapingnet.de","description":"","publisher":{"@id":"https:\/\/vapingnet.de\/#organization"},"potentialAction":[{"@type":"SearchAction","target":{"@type":"EntryPoint","urlTemplate":"https:\/\/vapingnet.de\/?s={search_term_string}"},"query-input":{"@type":"PropertyValueSpecification","valueRequired":true,"valueName":"search_term_string"}}],"inLanguage":"nl-NL"},{"@type":"Organization","@id":"https:\/\/vapingnet.de\/#organization","name":"Vapingnet.de","url":"https:\/\/vapingnet.de\/","logo":{"@type":"ImageObject","inLanguage":"nl-NL","@id":"https:\/\/vapingnet.de\/#\/schema\/logo\/image\/","url":"https:\/\/vapingnet.de\/wp-content\/uploads\/2025\/03\/cropped-vapingnet.de_.jpg","contentUrl":"https:\/\/vapingnet.de\/wp-content\/uploads\/2025\/03\/cropped-vapingnet.de_.jpg","width":512,"height":512,"caption":"Vapingnet.de"},"image":{"@id":"https:\/\/vapingnet.de\/#\/schema\/logo\/image\/"},"sameAs":["https:\/\/www.facebook.com\/vapingnetde\/"]}]}},"tiered_pricing_type":"fixed","tiered_pricing_fixed_rules":[],"tiered_pricing_product_settings":{"layout":"default","base_unit_name":{"singular":null,"plural":null},"default_variation":null},"tiered_pricing_minimum_quantity":null,"tiered_pricing_roles_data":[],"tiered_pricing_percentage_rules":[],"_links":{"self":[{"href":"https:\/\/vapingnet.de\/nl\/wp-json\/wp\/v2\/product\/5741","targetHints":{"allow":["GET"]}}],"collection":[{"href":"https:\/\/vapingnet.de\/nl\/wp-json\/wp\/v2\/product"}],"about":[{"href":"https:\/\/vapingnet.de\/nl\/wp-json\/wp\/v2\/types\/product"}],"version-history":[{"count":1,"href":"https:\/\/vapingnet.de\/nl\/wp-json\/wp\/v2\/product\/5741\/revisions"}],"predecessor-version":[{"id":5766,"href":"https:\/\/vapingnet.de\/nl\/wp-json\/wp\/v2\/product\/5741\/revisions\/5766"}],"wp:featuredmedia":[{"embeddable":true,"href":"https:\/\/vapingnet.de\/nl\/wp-json\/wp\/v2\/media\/5717"}],"wp:attachment":[{"href":"https:\/\/vapingnet.de\/nl\/wp-json\/wp\/v2\/media?parent=5741"}],"wp:term":[{"taxonomy":"brand","embeddable":true,"href":"https:\/\/vapingnet.de\/nl\/wp-json\/wp\/v2\/etheme_brands?post=5741"},{"taxonomy":"product_brand","embeddable":true,"href":"https:\/\/vapingnet.de\/nl\/wp-json\/wp\/v2\/product_brand?post=5741"},{"taxonomy":"product_cat","embeddable":true,"href":"https:\/\/vapingnet.de\/nl\/wp-json\/wp\/v2\/product_cat?post=5741"},{"taxonomy":"product_tag","embeddable":true,"href":"https:\/\/vapingnet.de\/nl\/wp-json\/wp\/v2\/product_tag?post=5741"}],"curies":[{"name":"wp","href":"https:\/\/api.w.org\/{rel}","templated":true}]}}