{"id":5841,"date":"2025-03-24T06:01:06","date_gmt":"2025-03-24T06:01:06","guid":{"rendered":"https:\/\/vapingnet.de\/?post_type=product&#038;p=5841"},"modified":"2026-01-25T09:09:25","modified_gmt":"2026-01-25T09:09:25","slug":"bang-king-50000-puffs-strawberry-watermelon-und-kiwi-passion-fruit-guava-hoechste-qualitaet-und-jetzt-zollfrei-erhaeltlich","status":"publish","type":"product","link":"https:\/\/vapingnet.de\/nl\/vape\/bang-king-50000-puffs-strawberry-watermelon-und-kiwi-passion-fruit-guava-hoechste-qualitaet-und-jetzt-zollfrei-erhaeltlich\/","title":{"rendered":"Bang King 50000 Puffs Aardbei Watermeloen en Kiwi Passion Fruit Guave Hoogwaardige kwaliteit en nu vrij van douane"},"content":{"rendered":"<h2 data-start=\"0\" data-end=\"82\">Bang King 50000 Puff Wegwerp-E-sigaret \u2013 Onvergelijkbare rookervaring<\/h2>\n<p class=\"\" data-start=\"84\" data-end=\"478\">Bang King 50000 Puff Wegwerp-E-sigaret is een op de markt zeer gewaardeerd, nieuw E-sigaret apparaat dat door zijn extreme levensduur, dubbele smaakopties en geavanceerde technologie een voorkeurskeuze is geworden voor dampers. Of je nu een beginner of een ervaren damper bent, de Bang King 50000 Puff voldoet aan al je wensen.<\/p>\n<h4 class=\"\" data-start=\"480\" data-end=\"503\">Belangrijkste kenmerken:<\/h4>\n<ul data-start=\"505\" data-end=\"2076\">\n<li class=\"\" data-start=\"505\" data-end=\"726\">\n<p class=\"\" data-start=\"507\" data-end=\"726\">Extreem lange gebruiksduur: Het grootste voordeel van de Bang King 50000 Puff Wegwerp-E-sigaret is de levensduur van 50.000 trekjes. Je hoeft het apparaat niet constant te vervangen en kunt lange tijd ongestoord dampen.<\/p>\n<\/li>\n<li class=\"\" data-start=\"728\" data-end=\"1004\">\n<p class=\"\" data-start=\"730\" data-end=\"1004\">Mesh-coil-technologie: Uitgerust met een 1,0\u03a9 Mesh-coil, biedt deze E-sigaret een gelijkmatige verwarming die zorgt voor een zachte en consistente damp. Elke trek is zo glad en smaakvol, veel beter dan bij traditionele weerstandspoelen.<\/p>\n<\/li>\n<li class=\"\" data-start=\"1006\" data-end=\"1371\">\n<p class=\"\" data-start=\"1008\" data-end=\"1371\">Dubbele smaakopties voor alle voorkeuren: De Bang King 50000 Puff biedt twee heerlijke smaken: Aardbei Watermeloen en Kiwi Passion Fruit Guave. De eerste smaakcombinatie biedt een zoete aardbei en verfrissende watermeloen, terwijl de tweede een exotische tropische smaak levert die aan vakantie doet denken.<\/p>\n<\/li>\n<li class=\"\" data-start=\"1373\" data-end=\"1610\">\n<p class=\"\" data-start=\"1375\" data-end=\"1610\">Verschillende nicotinegehaltes: De Bang King 50000 Puff biedt de keuze tussen 0%, 2%, 3% en 5% nicotine. Afhankelijk van je voorkeur kun je het nicotinegehalte instellen en zo je perfecte dampervaring vinden.<\/p>\n<\/li>\n<li class=\"\" data-start=\"1612\" data-end=\"1865\">\n<p class=\"\" data-start=\"1614\" data-end=\"1865\">Intelligent LCD-scherm: Met een LCD-scherm houd je altijd overzicht over de batterijstatus en de resterende trekjes. Zo ben je altijd ge\u00efnformeerd en voorkom je onderbrekingen door plotseling lege batterijen.<\/p>\n<\/li>\n<li class=\"\" data-start=\"1867\" data-end=\"2076\">\n<p class=\"\" data-start=\"1869\" data-end=\"2076\">Type-C snelladen: De 850mAh-batterij ondersteunt Type-C snelladen, waardoor het apparaat in korte tijd weer klaar is voor gebruik. Je kunt het snel opladen en verder dampen.<\/p>\n<\/li>\n<\/ul>\n<h3 data-start=\"2083\" data-end=\"2162\">Waarom zou je kiezen voor de Bang King 50000 Puff Wegwerp-E-sigaret?<\/h3>\n<ul data-start=\"2164\" data-end=\"2741\">\n<li class=\"\" data-start=\"2164\" data-end=\"2455\">\n<p class=\"\" data-start=\"2166\" data-end=\"2455\">Geen douanekosten en snelle levering: Bij aankoop van de Bang King 50000 Puff betaal je geen douanekosten en kun je het gemakkelijk bestellen via de website. De levering duurt slechts 7-15 werkdagen, wat het ideaal maakt voor snelle vervanging van apparaten.<\/p>\n<\/li>\n<li class=\"\" data-start=\"2457\" data-end=\"2741\">\n<p class=\"\" data-start=\"2459\" data-end=\"2741\">E\u00e9nmalig ontwerp, eenvoudig en handig: In tegenstelling tot apparaten met verwisselbare pods, komt de Bang King 50000 Puff in een handig wegwerpontwerp. Je hoeft je geen zorgen te maken over reiniging of het vervangen van pods, je kunt het apparaat gewoon na gebruik weggooien.<\/p>\n<\/li>\n<\/ul>\n<p class=\"\" data-start=\"2763\" data-end=\"3161\">De Bang King 50000 Puff Wegwerp-E-sigaret is niet alleen een innovatie in uiterlijk, maar ook een technologische doorbraak. Zijn lange gebruiksduur, rijke smaakopties en hoogwaardige damp maken het tot een onmisbare metgezel voor dampers. Als je op zoek bent naar een eersteklas rookervaring, is de Bang King 50000 Puff zeker de juiste keuze.<\/p>","protected":false},"excerpt":{"rendered":"<p>Bang King 50000 Puffs Wegwerp e-sigaret \u2013 Onvergelijkbare rookervaring De Bang King 50000 Puffs Wegwerp e-sigaret is een veelbesproken nieuw apparaat op de markt, dat door zijn...<\/p>","protected":false},"featured_media":5842,"template":"","meta":[],"etheme_brands":[],"product_brand":[101],"product_cat":[67,49,61,87],"product_tag":[],"class_list":{"0":"post-5841","1":"product","2":"type-product","3":"status-publish","4":"has-post-thumbnail","6":"product_brand-bang-king-vape","7":"product_cat-50k-vape","8":"product_cat-einweg-e-zigarette","9":"product_cat-f","10":"product_cat-v","12":"first","13":"instock","14":"shipping-taxable","15":"purchasable","16":"product-type-simple"},"yoast_head":"<!-- This site is optimized with the Yoast SEO plugin v26.5 - https:\/\/yoast.com\/wordpress\/plugins\/seo\/ -->\n<title>Bang King 50000 Puffs Strawberry Watermelon und Kiwi Passion Fruit Guava h\u00f6chste Qualit\u00e4t und jetzt zollfrei erh\u00e4ltlich | Vapingnet.de<\/title>\n<meta name=\"description\" content=\"Entdecke Bang King 50000 Puffs Strawberry Watermelon und Kiwi Passion Fruit Guava h\u00f6chste Qualit\u00e4t und jetzt zollfrei erh\u00e4ltlich bei vapingnet.de, \u25ba Gro\u00dfe Auswahl an Geschmacksrichtungen &amp; super g\u00fcnstig!\" \/>\n<meta name=\"robots\" content=\"index, follow, max-snippet:-1, max-image-preview:large, max-video-preview:-1\" \/>\n<link rel=\"canonical\" href=\"https:\/\/vapingnet.de\/nl\/vape\/bang-king-50000-puffs-strawberry-watermelon-und-kiwi-passion-fruit-guava-hoechste-qualitaet-und-jetzt-zollfrei-erhaeltlich\/\" \/>\n<meta property=\"og:locale\" content=\"nl_NL\" \/>\n<meta property=\"og:type\" content=\"article\" \/>\n<meta property=\"og:title\" content=\"Bang King 50000 Puffs Strawberry Watermelon und Kiwi Passion Fruit Guava h\u00f6chste Qualit\u00e4t und jetzt zollfrei erh\u00e4ltlich | Vapingnet.de\" \/>\n<meta property=\"og:description\" content=\"Entdecke Bang King 50000 Puffs Strawberry Watermelon und Kiwi Passion Fruit Guava h\u00f6chste Qualit\u00e4t und jetzt zollfrei erh\u00e4ltlich bei vapingnet.de, \u25ba Gro\u00dfe Auswahl an Geschmacksrichtungen &amp; super g\u00fcnstig!\" \/>\n<meta property=\"og:url\" content=\"https:\/\/vapingnet.de\/nl\/vape\/bang-king-50000-puffs-strawberry-watermelon-und-kiwi-passion-fruit-guava-hoechste-qualitaet-und-jetzt-zollfrei-erhaeltlich\/\" \/>\n<meta property=\"og:site_name\" content=\"Vapingnet.de\" \/>\n<meta property=\"article:publisher\" content=\"https:\/\/www.facebook.com\/vapingnetde\/\" \/>\n<meta property=\"article:modified_time\" content=\"2026-01-25T09:09:25+00:00\" \/>\n<meta property=\"og:image\" content=\"https:\/\/vapingnet.de\/wp-content\/uploads\/2025\/03\/bang50k-strawberry-watermelon-und-kiwi-passion-fruit-guava.png\" \/>\n\t<meta property=\"og:image:width\" content=\"1000\" \/>\n\t<meta property=\"og:image:height\" content=\"1000\" \/>\n\t<meta property=\"og:image:type\" content=\"image\/png\" \/>\n<meta name=\"twitter:card\" content=\"summary_large_image\" \/>\n<meta name=\"twitter:label1\" content=\"Est. reading time\" \/>\n\t<meta name=\"twitter:data1\" content=\"3 minutes\" \/>\n<script type=\"application\/ld+json\" class=\"yoast-schema-graph\">{\"@context\":\"https:\/\/schema.org\",\"@graph\":[{\"@type\":\"WebPage\",\"@id\":\"https:\/\/vapingnet.de\/vape\/bang-king-50000-puffs-strawberry-watermelon-und-kiwi-passion-fruit-guava-hoechste-qualitaet-und-jetzt-zollfrei-erhaeltlich\/\",\"url\":\"https:\/\/vapingnet.de\/vape\/bang-king-50000-puffs-strawberry-watermelon-und-kiwi-passion-fruit-guava-hoechste-qualitaet-und-jetzt-zollfrei-erhaeltlich\/\",\"name\":\"Bang King 50000 Puffs Strawberry Watermelon und Kiwi Passion Fruit Guava h\u00f6chste Qualit\u00e4t und jetzt zollfrei erh\u00e4ltlich | Vapingnet.de\",\"isPartOf\":{\"@id\":\"https:\/\/vapingnet.de\/#website\"},\"primaryImageOfPage\":{\"@id\":\"https:\/\/vapingnet.de\/vape\/bang-king-50000-puffs-strawberry-watermelon-und-kiwi-passion-fruit-guava-hoechste-qualitaet-und-jetzt-zollfrei-erhaeltlich\/#primaryimage\"},\"image\":{\"@id\":\"https:\/\/vapingnet.de\/vape\/bang-king-50000-puffs-strawberry-watermelon-und-kiwi-passion-fruit-guava-hoechste-qualitaet-und-jetzt-zollfrei-erhaeltlich\/#primaryimage\"},\"thumbnailUrl\":\"https:\/\/vapingnet.de\/wp-content\/uploads\/2025\/03\/bang50k-strawberry-watermelon-und-kiwi-passion-fruit-guava.png\",\"datePublished\":\"2025-03-24T06:01:06+00:00\",\"dateModified\":\"2026-01-25T09:09:25+00:00\",\"description\":\"Entdecke Bang King 50000 Puffs Strawberry Watermelon und Kiwi Passion Fruit Guava h\u00f6chste Qualit\u00e4t und jetzt zollfrei erh\u00e4ltlich bei vapingnet.de, \u25ba Gro\u00dfe Auswahl an Geschmacksrichtungen & super g\u00fcnstig!\",\"breadcrumb\":{\"@id\":\"https:\/\/vapingnet.de\/vape\/bang-king-50000-puffs-strawberry-watermelon-und-kiwi-passion-fruit-guava-hoechste-qualitaet-und-jetzt-zollfrei-erhaeltlich\/#breadcrumb\"},\"inLanguage\":\"nl-NL\",\"potentialAction\":[{\"@type\":\"ReadAction\",\"target\":[\"https:\/\/vapingnet.de\/vape\/bang-king-50000-puffs-strawberry-watermelon-und-kiwi-passion-fruit-guava-hoechste-qualitaet-und-jetzt-zollfrei-erhaeltlich\/\"]}]},{\"@type\":\"ImageObject\",\"inLanguage\":\"nl-NL\",\"@id\":\"https:\/\/vapingnet.de\/vape\/bang-king-50000-puffs-strawberry-watermelon-und-kiwi-passion-fruit-guava-hoechste-qualitaet-und-jetzt-zollfrei-erhaeltlich\/#primaryimage\",\"url\":\"https:\/\/vapingnet.de\/wp-content\/uploads\/2025\/03\/bang50k-strawberry-watermelon-und-kiwi-passion-fruit-guava.png\",\"contentUrl\":\"https:\/\/vapingnet.de\/wp-content\/uploads\/2025\/03\/bang50k-strawberry-watermelon-und-kiwi-passion-fruit-guava.png\",\"width\":1000,\"height\":1000,\"caption\":\"bang50k-strawberry watermelon und kiwi passion fruit guava\"},{\"@type\":\"BreadcrumbList\",\"@id\":\"https:\/\/vapingnet.de\/vape\/bang-king-50000-puffs-strawberry-watermelon-und-kiwi-passion-fruit-guava-hoechste-qualitaet-und-jetzt-zollfrei-erhaeltlich\/#breadcrumb\",\"itemListElement\":[{\"@type\":\"ListItem\",\"position\":1,\"name\":\"Home\",\"item\":\"https:\/\/vapingnet.de\/\"},{\"@type\":\"ListItem\",\"position\":2,\"name\":\"Shop\",\"item\":\"https:\/\/vapingnet.de\/vape\/\"},{\"@type\":\"ListItem\",\"position\":3,\"name\":\"Bang King 50000 Puffs Strawberry Watermelon und Kiwi Passion Fruit Guava h\u00f6chste Qualit\u00e4t und jetzt zollfrei erh\u00e4ltlich\"}]},{\"@type\":\"WebSite\",\"@id\":\"https:\/\/vapingnet.de\/#website\",\"url\":\"https:\/\/vapingnet.de\/\",\"name\":\"Vapingnet.de\",\"description\":\"\",\"publisher\":{\"@id\":\"https:\/\/vapingnet.de\/#organization\"},\"potentialAction\":[{\"@type\":\"SearchAction\",\"target\":{\"@type\":\"EntryPoint\",\"urlTemplate\":\"https:\/\/vapingnet.de\/?s={search_term_string}\"},\"query-input\":{\"@type\":\"PropertyValueSpecification\",\"valueRequired\":true,\"valueName\":\"search_term_string\"}}],\"inLanguage\":\"nl-NL\"},{\"@type\":\"Organization\",\"@id\":\"https:\/\/vapingnet.de\/#organization\",\"name\":\"Vapingnet.de\",\"url\":\"https:\/\/vapingnet.de\/\",\"logo\":{\"@type\":\"ImageObject\",\"inLanguage\":\"nl-NL\",\"@id\":\"https:\/\/vapingnet.de\/#\/schema\/logo\/image\/\",\"url\":\"https:\/\/vapingnet.de\/wp-content\/uploads\/2025\/03\/cropped-vapingnet.de_.jpg\",\"contentUrl\":\"https:\/\/vapingnet.de\/wp-content\/uploads\/2025\/03\/cropped-vapingnet.de_.jpg\",\"width\":512,\"height\":512,\"caption\":\"Vapingnet.de\"},\"image\":{\"@id\":\"https:\/\/vapingnet.de\/#\/schema\/logo\/image\/\"},\"sameAs\":[\"https:\/\/www.facebook.com\/vapingnetde\/\"]}]}<\/script>\n<!-- \/ Yoast SEO plugin. -->","yoast_head_json":{"title":"Bang King 50000 Puffs Strawberry Watermelon und Kiwi Passion Fruit Guava h\u00f6chste Qualit\u00e4t und jetzt zollfrei erh\u00e4ltlich | Vapingnet.de","description":"Entdecke Bang King 50000 Puffs Strawberry Watermelon und Kiwi Passion Fruit Guava h\u00f6chste Qualit\u00e4t und jetzt zollfrei erh\u00e4ltlich bei vapingnet.de, \u25ba Gro\u00dfe Auswahl an Geschmacksrichtungen & super g\u00fcnstig!","robots":{"index":"index","follow":"follow","max-snippet":"max-snippet:-1","max-image-preview":"max-image-preview:large","max-video-preview":"max-video-preview:-1"},"canonical":"https:\/\/vapingnet.de\/nl\/vape\/bang-king-50000-puffs-strawberry-watermelon-und-kiwi-passion-fruit-guava-hoechste-qualitaet-und-jetzt-zollfrei-erhaeltlich\/","og_locale":"nl_NL","og_type":"article","og_title":"Bang King 50000 Puffs Strawberry Watermelon und Kiwi Passion Fruit Guava h\u00f6chste Qualit\u00e4t und jetzt zollfrei erh\u00e4ltlich | Vapingnet.de","og_description":"Entdecke Bang King 50000 Puffs Strawberry Watermelon und Kiwi Passion Fruit Guava h\u00f6chste Qualit\u00e4t und jetzt zollfrei erh\u00e4ltlich bei vapingnet.de, \u25ba Gro\u00dfe Auswahl an Geschmacksrichtungen & super g\u00fcnstig!","og_url":"https:\/\/vapingnet.de\/nl\/vape\/bang-king-50000-puffs-strawberry-watermelon-und-kiwi-passion-fruit-guava-hoechste-qualitaet-und-jetzt-zollfrei-erhaeltlich\/","og_site_name":"Vapingnet.de","article_publisher":"https:\/\/www.facebook.com\/vapingnetde\/","article_modified_time":"2026-01-25T09:09:25+00:00","og_image":[{"width":1000,"height":1000,"url":"https:\/\/vapingnet.de\/wp-content\/uploads\/2025\/03\/bang50k-strawberry-watermelon-und-kiwi-passion-fruit-guava.png","type":"image\/png"}],"twitter_card":"summary_large_image","twitter_misc":{"Est. reading time":"3 minutes"},"schema":{"@context":"https:\/\/schema.org","@graph":[{"@type":"WebPage","@id":"https:\/\/vapingnet.de\/vape\/bang-king-50000-puffs-strawberry-watermelon-und-kiwi-passion-fruit-guava-hoechste-qualitaet-und-jetzt-zollfrei-erhaeltlich\/","url":"https:\/\/vapingnet.de\/vape\/bang-king-50000-puffs-strawberry-watermelon-und-kiwi-passion-fruit-guava-hoechste-qualitaet-und-jetzt-zollfrei-erhaeltlich\/","name":"Bang King 50000 Puffs Strawberry Watermelon und Kiwi Passion Fruit Guava h\u00f6chste Qualit\u00e4t und jetzt zollfrei erh\u00e4ltlich | Vapingnet.de","isPartOf":{"@id":"https:\/\/vapingnet.de\/#website"},"primaryImageOfPage":{"@id":"https:\/\/vapingnet.de\/vape\/bang-king-50000-puffs-strawberry-watermelon-und-kiwi-passion-fruit-guava-hoechste-qualitaet-und-jetzt-zollfrei-erhaeltlich\/#primaryimage"},"image":{"@id":"https:\/\/vapingnet.de\/vape\/bang-king-50000-puffs-strawberry-watermelon-und-kiwi-passion-fruit-guava-hoechste-qualitaet-und-jetzt-zollfrei-erhaeltlich\/#primaryimage"},"thumbnailUrl":"https:\/\/vapingnet.de\/wp-content\/uploads\/2025\/03\/bang50k-strawberry-watermelon-und-kiwi-passion-fruit-guava.png","datePublished":"2025-03-24T06:01:06+00:00","dateModified":"2026-01-25T09:09:25+00:00","description":"Entdecke Bang King 50000 Puffs Strawberry Watermelon und Kiwi Passion Fruit Guava h\u00f6chste Qualit\u00e4t und jetzt zollfrei erh\u00e4ltlich bei vapingnet.de, \u25ba Gro\u00dfe Auswahl an Geschmacksrichtungen & super g\u00fcnstig!","breadcrumb":{"@id":"https:\/\/vapingnet.de\/vape\/bang-king-50000-puffs-strawberry-watermelon-und-kiwi-passion-fruit-guava-hoechste-qualitaet-und-jetzt-zollfrei-erhaeltlich\/#breadcrumb"},"inLanguage":"nl-NL","potentialAction":[{"@type":"ReadAction","target":["https:\/\/vapingnet.de\/vape\/bang-king-50000-puffs-strawberry-watermelon-und-kiwi-passion-fruit-guava-hoechste-qualitaet-und-jetzt-zollfrei-erhaeltlich\/"]}]},{"@type":"ImageObject","inLanguage":"nl-NL","@id":"https:\/\/vapingnet.de\/vape\/bang-king-50000-puffs-strawberry-watermelon-und-kiwi-passion-fruit-guava-hoechste-qualitaet-und-jetzt-zollfrei-erhaeltlich\/#primaryimage","url":"https:\/\/vapingnet.de\/wp-content\/uploads\/2025\/03\/bang50k-strawberry-watermelon-und-kiwi-passion-fruit-guava.png","contentUrl":"https:\/\/vapingnet.de\/wp-content\/uploads\/2025\/03\/bang50k-strawberry-watermelon-und-kiwi-passion-fruit-guava.png","width":1000,"height":1000,"caption":"bang50k-strawberry watermelon und kiwi passion fruit guava"},{"@type":"BreadcrumbList","@id":"https:\/\/vapingnet.de\/vape\/bang-king-50000-puffs-strawberry-watermelon-und-kiwi-passion-fruit-guava-hoechste-qualitaet-und-jetzt-zollfrei-erhaeltlich\/#breadcrumb","itemListElement":[{"@type":"ListItem","position":1,"name":"Home","item":"https:\/\/vapingnet.de\/"},{"@type":"ListItem","position":2,"name":"Shop","item":"https:\/\/vapingnet.de\/vape\/"},{"@type":"ListItem","position":3,"name":"Bang King 50000 Puffs Strawberry Watermelon und Kiwi Passion Fruit Guava h\u00f6chste Qualit\u00e4t und jetzt zollfrei erh\u00e4ltlich"}]},{"@type":"WebSite","@id":"https:\/\/vapingnet.de\/#website","url":"https:\/\/vapingnet.de\/","name":"Vapingnet.de","description":"","publisher":{"@id":"https:\/\/vapingnet.de\/#organization"},"potentialAction":[{"@type":"SearchAction","target":{"@type":"EntryPoint","urlTemplate":"https:\/\/vapingnet.de\/?s={search_term_string}"},"query-input":{"@type":"PropertyValueSpecification","valueRequired":true,"valueName":"search_term_string"}}],"inLanguage":"nl-NL"},{"@type":"Organization","@id":"https:\/\/vapingnet.de\/#organization","name":"Vapingnet.de","url":"https:\/\/vapingnet.de\/","logo":{"@type":"ImageObject","inLanguage":"nl-NL","@id":"https:\/\/vapingnet.de\/#\/schema\/logo\/image\/","url":"https:\/\/vapingnet.de\/wp-content\/uploads\/2025\/03\/cropped-vapingnet.de_.jpg","contentUrl":"https:\/\/vapingnet.de\/wp-content\/uploads\/2025\/03\/cropped-vapingnet.de_.jpg","width":512,"height":512,"caption":"Vapingnet.de"},"image":{"@id":"https:\/\/vapingnet.de\/#\/schema\/logo\/image\/"},"sameAs":["https:\/\/www.facebook.com\/vapingnetde\/"]}]}},"tiered_pricing_type":"fixed","tiered_pricing_fixed_rules":{"10":"12.44","60":"11.96","110":"10.63","200":"9.3"},"tiered_pricing_product_settings":{"layout":"default","base_unit_name":{"singular":null,"plural":null},"default_variation":null},"tiered_pricing_minimum_quantity":null,"tiered_pricing_roles_data":[],"tiered_pricing_percentage_rules":[],"_links":{"self":[{"href":"https:\/\/vapingnet.de\/nl\/wp-json\/wp\/v2\/product\/5841","targetHints":{"allow":["GET"]}}],"collection":[{"href":"https:\/\/vapingnet.de\/nl\/wp-json\/wp\/v2\/product"}],"about":[{"href":"https:\/\/vapingnet.de\/nl\/wp-json\/wp\/v2\/types\/product"}],"version-history":[{"count":3,"href":"https:\/\/vapingnet.de\/nl\/wp-json\/wp\/v2\/product\/5841\/revisions"}],"predecessor-version":[{"id":7537,"href":"https:\/\/vapingnet.de\/nl\/wp-json\/wp\/v2\/product\/5841\/revisions\/7537"}],"wp:featuredmedia":[{"embeddable":true,"href":"https:\/\/vapingnet.de\/nl\/wp-json\/wp\/v2\/media\/5842"}],"wp:attachment":[{"href":"https:\/\/vapingnet.de\/nl\/wp-json\/wp\/v2\/media?parent=5841"}],"wp:term":[{"taxonomy":"brand","embeddable":true,"href":"https:\/\/vapingnet.de\/nl\/wp-json\/wp\/v2\/etheme_brands?post=5841"},{"taxonomy":"product_brand","embeddable":true,"href":"https:\/\/vapingnet.de\/nl\/wp-json\/wp\/v2\/product_brand?post=5841"},{"taxonomy":"product_cat","embeddable":true,"href":"https:\/\/vapingnet.de\/nl\/wp-json\/wp\/v2\/product_cat?post=5841"},{"taxonomy":"product_tag","embeddable":true,"href":"https:\/\/vapingnet.de\/nl\/wp-json\/wp\/v2\/product_tag?post=5841"}],"curies":[{"name":"wp","href":"https:\/\/api.w.org\/{rel}","templated":true}]}}