{"id":5891,"date":"2025-03-25T07:00:57","date_gmt":"2025-03-25T07:00:57","guid":{"rendered":"https:\/\/vapingnet.de\/?post_type=product&#038;p=5891"},"modified":"2025-06-19T03:40:07","modified_gmt":"2025-06-19T03:40:07","slug":"top-qualitaet-geniessen-black-dragon-ice-bang-king-digital-15000-puffs","status":"publish","type":"product","link":"https:\/\/vapingnet.de\/nl\/vape\/top-qualitaet-geniessen-black-dragon-ice-bang-king-digital-15000-puffs\/","title":{"rendered":"Geniet van topkwaliteit Black Dragon Ice Bang King Digital 15000 puffen"},"content":{"rendered":"<h2 data-start=\"0\" data-end=\"112\">Bang King Digital 15000 Puffs \u2013 Ultieme prestaties en coole ontwerpen voor een buitengewone ervaring<\/h2>\n<p class=\"\" data-start=\"114\" data-end=\"485\">Als je op zoek bent naar een e-sigaret die extreme uithoudingsvermogen, coole ontwerpen en rijke smaakprofielen combineert, is de Bang King Digital 15000 Puffs de perfecte keuze. Deze e-sigaret heeft niet alleen een gebruiksduur van 15000 trekjes, maar ook RGB LED-lichteffecten die elke dampbeurt tot een futuristische ervaring maken.<\/p>\n<h3 data-start=\"487\" data-end=\"538\">Superlang uithoudingsvermogen \u2013 Geniet zonder zorgen<\/h3>\n<ul data-start=\"539\" data-end=\"1116\">\n<li class=\"\" data-start=\"539\" data-end=\"708\">\n<p class=\"\" data-start=\"541\" data-end=\"708\">650mAh oplaadbare batterij: Met de krachtige batterij kun je lange dampessies genieten zonder je zorgen te maken over opladen.<\/p>\n<\/li>\n<li class=\"\" data-start=\"709\" data-end=\"832\">\n<p class=\"\" data-start=\"711\" data-end=\"832\">Type-C snellaadpoort: Met de snelle laadpoort is je apparaat in korte tijd weer klaar voor gebruik.<\/p>\n<\/li>\n<li class=\"\" data-start=\"833\" data-end=\"954\">\n<p class=\"\" data-start=\"835\" data-end=\"954\">25ml vloeistofcapaciteit: Groot vloeistofvolume, zodat je niet constant bij hoeft te vullen en lang van je vape kunt genieten.<\/p>\n<\/li>\n<li class=\"\" data-start=\"955\" data-end=\"1116\">\n<p class=\"\" data-start=\"957\" data-end=\"1116\">15000 trekjes: Elke dampbeurt wordt door de lange levensduur een ononderbroken ervaring, zonder dat je je zorgen hoeft te maken over bijvullen.<\/p>\n<\/li>\n<\/ul>\n<h3 data-start=\"1118\" data-end=\"1173\">Verschillende nicotinegehaltes voor elke behoefte<\/h3>\n<p class=\"\" data-start=\"1174\" data-end=\"1306\">De Bang King Digital 15000 Puffs biedt de keuze tussen 0%, 2%, 3%, 5% nicotine, om aan alle dampers te voldoen.<\/p>\n<ul data-start=\"1307\" data-end=\"1728\">\n<li class=\"\" data-start=\"1307\" data-end=\"1443\">\n<p class=\"\" data-start=\"1309\" data-end=\"1443\">0% nicotine: Ideaal voor degenen die van dampen genieten, maar geen nicotine nodig hebben. (alleen verkrijgbaar bij grootschalige bestellingen)<\/p>\n<\/li>\n<li class=\"\" data-start=\"1444\" data-end=\"1533\">\n<p class=\"\" data-start=\"1446\" data-end=\"1533\">2% nicotine: Een zachte en gebalanceerde nicotinesterkte voor dagelijks gebruik.<\/p>\n<\/li>\n<li class=\"\" data-start=\"1534\" data-end=\"1649\">\n<p class=\"\" data-start=\"1536\" data-end=\"1649\">3% nicotine: Voor dampers die de voorkeur geven aan een sterkere keelprikkel. (alleen verkrijgbaar bij grootschalige bestellingen)<\/p>\n<\/li>\n<li class=\"\" data-start=\"1650\" data-end=\"1728\">\n<p class=\"\" data-start=\"1652\" data-end=\"1728\">5% nicotine: Voor degenen die op zoek zijn naar een intensieve nicotine-ervaring.<\/p>\n<\/li>\n<\/ul>\n<h4>Aanbevolen smaak: Black Dragon Ice<\/h4>\n<p class=\"\" data-start=\"1781\" data-end=\"2091\">De smaak Black Dragon Ice combineert de diepe zoetheid van zwarte bessen met de verfrissende koelte van munt, wat leidt tot een ijsgekoeld dampgevoel. Elke trek biedt je een verfrissende en opwindende smaakcombinatie, perfect voor de hete zomermaanden.<\/p>\n<h4>Productvoordelen<\/h4>\n<ul data-start=\"2120\" data-end=\"2581\">\n<li class=\"\" data-start=\"2120\" data-end=\"2322\">\n<p class=\"\" data-start=\"2122\" data-end=\"2322\">Geen douanekosten, snelle levering: Wij bieden een douanevrije aankoop, zodat je je geen zorgen hoeft te maken over extra kosten en snel kunt genieten van je bestelling.<\/p>\n<\/li>\n<li class=\"\" data-start=\"2323\" data-end=\"2440\">\n<p class=\"\" data-start=\"2325\" data-end=\"2440\">wegwerpdesign: Eenvoudig te gebruiken, zonder je zorgen te maken over reinigen en onderhoud \u2013 gewoon genieten.<\/p>\n<\/li>\n<li class=\"\" data-start=\"2441\" data-end=\"2581\">\n<p class=\"\" data-start=\"2443\" data-end=\"2581\">Coole RGB LED-effecten: Elke trek wordt begeleid door coole lichteffecten die je dampervaring een bijzondere touch geven.<\/p>\n<\/li>\n<\/ul>\n<h4>Nu kopen en genieten van een onge\u00ebvenaarde dampervaring<\/h4>\n<p class=\"\" data-start=\"2656\" data-end=\"2964\">Aarzel niet langer \u2013 bezoek vapingnet.de en koop vandaag nog de Bang King Digital 15000 Puffs! Of het nu gaat om de extreme uithoudingsvermogen, de gevarieerde smaken of het futuristische ontwerp \u2013 deze e-sigaret tilt je dampervaring naar een hoger niveau.<\/p>","protected":false},"excerpt":{"rendered":"<p>Bang King Digital 15000 Puffs \u2013 Ultimative Leistung und coole Designs f\u00fcr ein au\u00dfergew\u00f6hnliches Erlebnis Wenn du nach einer E-Zigarette suchst, die extreme Ausdauer, coole&#8230;<\/p>","protected":false},"featured_media":5901,"template":"","meta":[],"etheme_brands":[],"product_brand":[101],"product_cat":[53,49,61],"product_tag":[],"class_list":{"0":"post-5891","1":"product","2":"type-product","3":"status-publish","4":"has-post-thumbnail","6":"product_brand-bang-king-vape","7":"product_cat-vape-15000-zuege","8":"product_cat-einweg-e-zigarette","9":"product_cat-f","11":"first","12":"instock","13":"shipping-taxable","14":"purchasable","15":"product-type-simple"},"yoast_head":"<!-- This site is optimized with the Yoast SEO plugin v26.5 - https:\/\/yoast.com\/wordpress\/plugins\/seo\/ -->\n<title>Top-Qualit\u00e4t genie\u00dfen Black Dragon Ice Bang King Digital 15000 Puffs | Vapingnet.de<\/title>\n<meta name=\"description\" content=\"Entdecke Top-Qualit\u00e4t genie\u00dfen Black Dragon Ice Bang King Digital 15000 Puffs bei vapingnet.de, \u25ba Gro\u00dfe Auswahl an Geschmacksrichtungen &amp; super g\u00fcnstig!\" \/>\n<meta name=\"robots\" content=\"index, follow, max-snippet:-1, max-image-preview:large, max-video-preview:-1\" \/>\n<link rel=\"canonical\" href=\"https:\/\/vapingnet.de\/nl\/vape\/top-qualitaet-geniessen-black-dragon-ice-bang-king-digital-15000-puffs\/\" \/>\n<meta property=\"og:locale\" content=\"nl_NL\" \/>\n<meta property=\"og:type\" content=\"article\" \/>\n<meta property=\"og:title\" content=\"Top-Qualit\u00e4t genie\u00dfen Black Dragon Ice Bang King Digital 15000 Puffs | Vapingnet.de\" \/>\n<meta property=\"og:description\" content=\"Entdecke Top-Qualit\u00e4t genie\u00dfen Black Dragon Ice Bang King Digital 15000 Puffs bei vapingnet.de, \u25ba Gro\u00dfe Auswahl an Geschmacksrichtungen &amp; super g\u00fcnstig!\" \/>\n<meta property=\"og:url\" content=\"https:\/\/vapingnet.de\/nl\/vape\/top-qualitaet-geniessen-black-dragon-ice-bang-king-digital-15000-puffs\/\" \/>\n<meta property=\"og:site_name\" content=\"Vapingnet.de\" \/>\n<meta property=\"article:publisher\" content=\"https:\/\/www.facebook.com\/vapingnetde\/\" \/>\n<meta property=\"article:modified_time\" content=\"2025-06-19T03:40:07+00:00\" \/>\n<meta property=\"og:image\" content=\"https:\/\/vapingnet.de\/wp-content\/uploads\/2025\/03\/Black-Dragon-Ice.png\" \/>\n\t<meta property=\"og:image:width\" content=\"900\" \/>\n\t<meta property=\"og:image:height\" content=\"600\" \/>\n\t<meta property=\"og:image:type\" content=\"image\/png\" \/>\n<meta name=\"twitter:card\" content=\"summary_large_image\" \/>\n<meta name=\"twitter:label1\" content=\"Est. reading time\" \/>\n\t<meta name=\"twitter:data1\" content=\"3 minutes\" \/>\n<script type=\"application\/ld+json\" class=\"yoast-schema-graph\">{\"@context\":\"https:\/\/schema.org\",\"@graph\":[{\"@type\":\"WebPage\",\"@id\":\"https:\/\/vapingnet.de\/vape\/top-qualitaet-geniessen-black-dragon-ice-bang-king-digital-15000-puffs\/\",\"url\":\"https:\/\/vapingnet.de\/vape\/top-qualitaet-geniessen-black-dragon-ice-bang-king-digital-15000-puffs\/\",\"name\":\"Top-Qualit\u00e4t genie\u00dfen Black Dragon Ice Bang King Digital 15000 Puffs | Vapingnet.de\",\"isPartOf\":{\"@id\":\"https:\/\/vapingnet.de\/#website\"},\"primaryImageOfPage\":{\"@id\":\"https:\/\/vapingnet.de\/vape\/top-qualitaet-geniessen-black-dragon-ice-bang-king-digital-15000-puffs\/#primaryimage\"},\"image\":{\"@id\":\"https:\/\/vapingnet.de\/vape\/top-qualitaet-geniessen-black-dragon-ice-bang-king-digital-15000-puffs\/#primaryimage\"},\"thumbnailUrl\":\"https:\/\/vapingnet.de\/wp-content\/uploads\/2025\/03\/Black-Dragon-Ice.png\",\"datePublished\":\"2025-03-25T07:00:57+00:00\",\"dateModified\":\"2025-06-19T03:40:07+00:00\",\"description\":\"Entdecke Top-Qualit\u00e4t genie\u00dfen Black Dragon Ice Bang King Digital 15000 Puffs bei vapingnet.de, \u25ba Gro\u00dfe Auswahl an Geschmacksrichtungen & super g\u00fcnstig!\",\"breadcrumb\":{\"@id\":\"https:\/\/vapingnet.de\/vape\/top-qualitaet-geniessen-black-dragon-ice-bang-king-digital-15000-puffs\/#breadcrumb\"},\"inLanguage\":\"nl-NL\",\"potentialAction\":[{\"@type\":\"ReadAction\",\"target\":[\"https:\/\/vapingnet.de\/vape\/top-qualitaet-geniessen-black-dragon-ice-bang-king-digital-15000-puffs\/\"]}]},{\"@type\":\"ImageObject\",\"inLanguage\":\"nl-NL\",\"@id\":\"https:\/\/vapingnet.de\/vape\/top-qualitaet-geniessen-black-dragon-ice-bang-king-digital-15000-puffs\/#primaryimage\",\"url\":\"https:\/\/vapingnet.de\/wp-content\/uploads\/2025\/03\/Black-Dragon-Ice.png\",\"contentUrl\":\"https:\/\/vapingnet.de\/wp-content\/uploads\/2025\/03\/Black-Dragon-Ice.png\",\"width\":900,\"height\":600,\"caption\":\"Black Dragon Ice\"},{\"@type\":\"BreadcrumbList\",\"@id\":\"https:\/\/vapingnet.de\/vape\/top-qualitaet-geniessen-black-dragon-ice-bang-king-digital-15000-puffs\/#breadcrumb\",\"itemListElement\":[{\"@type\":\"ListItem\",\"position\":1,\"name\":\"Home\",\"item\":\"https:\/\/vapingnet.de\/\"},{\"@type\":\"ListItem\",\"position\":2,\"name\":\"Shop\",\"item\":\"https:\/\/vapingnet.de\/vape\/\"},{\"@type\":\"ListItem\",\"position\":3,\"name\":\"Top-Qualit\u00e4t genie\u00dfen Black Dragon Ice Bang King Digital 15000 Puffs\"}]},{\"@type\":\"WebSite\",\"@id\":\"https:\/\/vapingnet.de\/#website\",\"url\":\"https:\/\/vapingnet.de\/\",\"name\":\"Vapingnet.de\",\"description\":\"\",\"publisher\":{\"@id\":\"https:\/\/vapingnet.de\/#organization\"},\"potentialAction\":[{\"@type\":\"SearchAction\",\"target\":{\"@type\":\"EntryPoint\",\"urlTemplate\":\"https:\/\/vapingnet.de\/?s={search_term_string}\"},\"query-input\":{\"@type\":\"PropertyValueSpecification\",\"valueRequired\":true,\"valueName\":\"search_term_string\"}}],\"inLanguage\":\"nl-NL\"},{\"@type\":\"Organization\",\"@id\":\"https:\/\/vapingnet.de\/#organization\",\"name\":\"Vapingnet.de\",\"url\":\"https:\/\/vapingnet.de\/\",\"logo\":{\"@type\":\"ImageObject\",\"inLanguage\":\"nl-NL\",\"@id\":\"https:\/\/vapingnet.de\/#\/schema\/logo\/image\/\",\"url\":\"https:\/\/vapingnet.de\/wp-content\/uploads\/2025\/03\/cropped-vapingnet.de_.jpg\",\"contentUrl\":\"https:\/\/vapingnet.de\/wp-content\/uploads\/2025\/03\/cropped-vapingnet.de_.jpg\",\"width\":512,\"height\":512,\"caption\":\"Vapingnet.de\"},\"image\":{\"@id\":\"https:\/\/vapingnet.de\/#\/schema\/logo\/image\/\"},\"sameAs\":[\"https:\/\/www.facebook.com\/vapingnetde\/\"]}]}<\/script>\n<!-- \/ Yoast SEO plugin. -->","yoast_head_json":{"title":"Top-Qualit\u00e4t genie\u00dfen Black Dragon Ice Bang King Digital 15000 Puffs | Vapingnet.de","description":"Entdecke Top-Qualit\u00e4t genie\u00dfen Black Dragon Ice Bang King Digital 15000 Puffs bei vapingnet.de, \u25ba Gro\u00dfe Auswahl an Geschmacksrichtungen & super g\u00fcnstig!","robots":{"index":"index","follow":"follow","max-snippet":"max-snippet:-1","max-image-preview":"max-image-preview:large","max-video-preview":"max-video-preview:-1"},"canonical":"https:\/\/vapingnet.de\/nl\/vape\/top-qualitaet-geniessen-black-dragon-ice-bang-king-digital-15000-puffs\/","og_locale":"nl_NL","og_type":"article","og_title":"Top-Qualit\u00e4t genie\u00dfen Black Dragon Ice Bang King Digital 15000 Puffs | Vapingnet.de","og_description":"Entdecke Top-Qualit\u00e4t genie\u00dfen Black Dragon Ice Bang King Digital 15000 Puffs bei vapingnet.de, \u25ba Gro\u00dfe Auswahl an Geschmacksrichtungen & super g\u00fcnstig!","og_url":"https:\/\/vapingnet.de\/nl\/vape\/top-qualitaet-geniessen-black-dragon-ice-bang-king-digital-15000-puffs\/","og_site_name":"Vapingnet.de","article_publisher":"https:\/\/www.facebook.com\/vapingnetde\/","article_modified_time":"2025-06-19T03:40:07+00:00","og_image":[{"width":900,"height":600,"url":"https:\/\/vapingnet.de\/wp-content\/uploads\/2025\/03\/Black-Dragon-Ice.png","type":"image\/png"}],"twitter_card":"summary_large_image","twitter_misc":{"Est. reading time":"3 minutes"},"schema":{"@context":"https:\/\/schema.org","@graph":[{"@type":"WebPage","@id":"https:\/\/vapingnet.de\/vape\/top-qualitaet-geniessen-black-dragon-ice-bang-king-digital-15000-puffs\/","url":"https:\/\/vapingnet.de\/vape\/top-qualitaet-geniessen-black-dragon-ice-bang-king-digital-15000-puffs\/","name":"Top-Qualit\u00e4t genie\u00dfen Black Dragon Ice Bang King Digital 15000 Puffs | Vapingnet.de","isPartOf":{"@id":"https:\/\/vapingnet.de\/#website"},"primaryImageOfPage":{"@id":"https:\/\/vapingnet.de\/vape\/top-qualitaet-geniessen-black-dragon-ice-bang-king-digital-15000-puffs\/#primaryimage"},"image":{"@id":"https:\/\/vapingnet.de\/vape\/top-qualitaet-geniessen-black-dragon-ice-bang-king-digital-15000-puffs\/#primaryimage"},"thumbnailUrl":"https:\/\/vapingnet.de\/wp-content\/uploads\/2025\/03\/Black-Dragon-Ice.png","datePublished":"2025-03-25T07:00:57+00:00","dateModified":"2025-06-19T03:40:07+00:00","description":"Entdecke Top-Qualit\u00e4t genie\u00dfen Black Dragon Ice Bang King Digital 15000 Puffs bei vapingnet.de, \u25ba Gro\u00dfe Auswahl an Geschmacksrichtungen & super g\u00fcnstig!","breadcrumb":{"@id":"https:\/\/vapingnet.de\/vape\/top-qualitaet-geniessen-black-dragon-ice-bang-king-digital-15000-puffs\/#breadcrumb"},"inLanguage":"nl-NL","potentialAction":[{"@type":"ReadAction","target":["https:\/\/vapingnet.de\/vape\/top-qualitaet-geniessen-black-dragon-ice-bang-king-digital-15000-puffs\/"]}]},{"@type":"ImageObject","inLanguage":"nl-NL","@id":"https:\/\/vapingnet.de\/vape\/top-qualitaet-geniessen-black-dragon-ice-bang-king-digital-15000-puffs\/#primaryimage","url":"https:\/\/vapingnet.de\/wp-content\/uploads\/2025\/03\/Black-Dragon-Ice.png","contentUrl":"https:\/\/vapingnet.de\/wp-content\/uploads\/2025\/03\/Black-Dragon-Ice.png","width":900,"height":600,"caption":"Black Dragon Ice"},{"@type":"BreadcrumbList","@id":"https:\/\/vapingnet.de\/vape\/top-qualitaet-geniessen-black-dragon-ice-bang-king-digital-15000-puffs\/#breadcrumb","itemListElement":[{"@type":"ListItem","position":1,"name":"Home","item":"https:\/\/vapingnet.de\/"},{"@type":"ListItem","position":2,"name":"Shop","item":"https:\/\/vapingnet.de\/vape\/"},{"@type":"ListItem","position":3,"name":"Top-Qualit\u00e4t genie\u00dfen Black Dragon Ice Bang King Digital 15000 Puffs"}]},{"@type":"WebSite","@id":"https:\/\/vapingnet.de\/#website","url":"https:\/\/vapingnet.de\/","name":"Vapingnet.de","description":"","publisher":{"@id":"https:\/\/vapingnet.de\/#organization"},"potentialAction":[{"@type":"SearchAction","target":{"@type":"EntryPoint","urlTemplate":"https:\/\/vapingnet.de\/?s={search_term_string}"},"query-input":{"@type":"PropertyValueSpecification","valueRequired":true,"valueName":"search_term_string"}}],"inLanguage":"nl-NL"},{"@type":"Organization","@id":"https:\/\/vapingnet.de\/#organization","name":"Vapingnet.de","url":"https:\/\/vapingnet.de\/","logo":{"@type":"ImageObject","inLanguage":"nl-NL","@id":"https:\/\/vapingnet.de\/#\/schema\/logo\/image\/","url":"https:\/\/vapingnet.de\/wp-content\/uploads\/2025\/03\/cropped-vapingnet.de_.jpg","contentUrl":"https:\/\/vapingnet.de\/wp-content\/uploads\/2025\/03\/cropped-vapingnet.de_.jpg","width":512,"height":512,"caption":"Vapingnet.de"},"image":{"@id":"https:\/\/vapingnet.de\/#\/schema\/logo\/image\/"},"sameAs":["https:\/\/www.facebook.com\/vapingnetde\/"]}]}},"tiered_pricing_type":"fixed","tiered_pricing_fixed_rules":{"10":"6.83","60":"6.15","110":"5.46","200":"4.78"},"tiered_pricing_product_settings":{"layout":"default","base_unit_name":{"singular":null,"plural":null},"default_variation":null},"tiered_pricing_minimum_quantity":null,"tiered_pricing_roles_data":[],"tiered_pricing_percentage_rules":[],"_links":{"self":[{"href":"https:\/\/vapingnet.de\/nl\/wp-json\/wp\/v2\/product\/5891","targetHints":{"allow":["GET"]}}],"collection":[{"href":"https:\/\/vapingnet.de\/nl\/wp-json\/wp\/v2\/product"}],"about":[{"href":"https:\/\/vapingnet.de\/nl\/wp-json\/wp\/v2\/types\/product"}],"version-history":[{"count":1,"href":"https:\/\/vapingnet.de\/nl\/wp-json\/wp\/v2\/product\/5891\/revisions"}],"predecessor-version":[{"id":5909,"href":"https:\/\/vapingnet.de\/nl\/wp-json\/wp\/v2\/product\/5891\/revisions\/5909"}],"wp:featuredmedia":[{"embeddable":true,"href":"https:\/\/vapingnet.de\/nl\/wp-json\/wp\/v2\/media\/5901"}],"wp:attachment":[{"href":"https:\/\/vapingnet.de\/nl\/wp-json\/wp\/v2\/media?parent=5891"}],"wp:term":[{"taxonomy":"brand","embeddable":true,"href":"https:\/\/vapingnet.de\/nl\/wp-json\/wp\/v2\/etheme_brands?post=5891"},{"taxonomy":"product_brand","embeddable":true,"href":"https:\/\/vapingnet.de\/nl\/wp-json\/wp\/v2\/product_brand?post=5891"},{"taxonomy":"product_cat","embeddable":true,"href":"https:\/\/vapingnet.de\/nl\/wp-json\/wp\/v2\/product_cat?post=5891"},{"taxonomy":"product_tag","embeddable":true,"href":"https:\/\/vapingnet.de\/nl\/wp-json\/wp\/v2\/product_tag?post=5891"}],"curies":[{"name":"wp","href":"https:\/\/api.w.org\/{rel}","templated":true}]}}