{"id":6120,"date":"2025-04-07T02:20:15","date_gmt":"2025-04-07T02:20:15","guid":{"rendered":"https:\/\/vapingnet.de\/?post_type=product&#038;p=6120"},"modified":"2025-06-19T03:40:05","modified_gmt":"2025-06-19T03:40:05","slug":"jetzt-grosshandelspreis-fuer-strawberry-watermelon-bang-king-25000-puffs","status":"publish","type":"product","link":"https:\/\/vapingnet.de\/nl\/vape\/jetzt-grosshandelspreis-fuer-strawberry-watermelon-bang-king-25000-puffs\/","title":{"rendered":"Nu groothandelprijs voor Strawberry Watermelon Bang King 25000 Puffs"},"content":{"rendered":"<h2 data-start=\"35\" data-end=\"122\">Hoogwaardige wegwerp E-sigaret: Bang King 25000 Puffs \u2013 De echte 25K ervaring!<\/h2>\n<p class=\"\" data-start=\"124\" data-end=\"455\">Als je op zoek bent naar een hoogwaardige, onderhoudsvrije en direct gebruiksklare E-sigaret, is de Bang King 25000 de perfecte keuze voor jou. Hij biedt niet alleen een verbazingwekkende capaciteit van 25.000 puffs, maar ook veel gebruiksvriendelijke functies die voldoen aan de individuele behoeften van alle vapers.<\/p>\n<h4 data-start=\"457\" data-end=\"498\">Producthoogtepunten in \u00e9\u00e9n oogopslag<\/h4>\n<p class=\"\" data-start=\"500\" data-end=\"1075\">Model: Bang King 25000 Puffs<br data-start=\"533\" data-end=\"536\" \/>Nicotinegehaltes: 0%, 2%, 3%, 5% (ideaal voor alle ervaringsniveaus)<br data-start=\"605\" data-end=\"608\" \/>Verdampferkop: 1.0\u03a9 Mesh-Coil voor een fijnere smaak en gelijkmatige damp<br data-start=\"689\" data-end=\"692\" \/>Pod-systeem: Dual Pods, elk 23ml, in totaal 46ml \u2013 voor lange vaping-sessies (ongeveer 12.500 puffs per pod)<br data-start=\"795\" data-end=\"798\" \/>Batterij: 650mAh, oplaadbaar<br data-start=\"835\" data-end=\"838\" \/>Oplaadpoort: Type-C voor eenvoudig en snel opladen<br data-start=\"897\" data-end=\"900\" \/>Smaak: Aardbei Watermeloen \u2013 zoet en verfrissend<br data-start=\"982\" data-end=\"985\" data-is-only-node=\"\" \/>Type: Wegwerp E-sigaret, direct klaar voor gebruik zonder bijvullen of coil vervanging<\/p>\n<h4 data-start=\"1077\" data-end=\"1103\">Leveringsinformatie<\/h4>\n<p class=\"\" data-start=\"1105\" data-end=\"1372\">Levertijd: Geschatte levering binnen 7-15 werkdagen<br data-start=\"1176\" data-end=\"1179\" \/>Verzendmagazijn: Verzending vanuit een Europees magazijn, geschikt voor de Europese markt<br data-start=\"1269\" data-end=\"1272\" \/>Extra voordeel: Geen douanekosten, geen verborgen kosten, stressvrij winkelen<\/p>\n<h3 data-start=\"1374\" data-end=\"1410\">Waarom kiezen voor Bang King 25000?<\/h3>\n<ul data-start=\"1412\" data-end=\"2047\">\n<li class=\"\" data-start=\"1412\" data-end=\"1546\">\n<p class=\"\" data-start=\"1414\" data-end=\"1546\">Lange levensduur: 25.000 puffs, vergelijkbaar met meerdere traditionele E-sigaretten, voor langdurig gebruik zonder bijvullen<\/p>\n<\/li>\n<li class=\"\" data-start=\"1547\" data-end=\"1652\">\n<p class=\"\" data-start=\"1549\" data-end=\"1652\">Individuele nicotinekeuze: Of je nu beginner bent of een ervaren vaper, hier vind je de juiste nicotinesterkte<\/p>\n<\/li>\n<li class=\"\" data-start=\"1653\" data-end=\"1799\">\n<p class=\"\" data-start=\"1655\" data-end=\"1799\">Praktisch dual-pod-systeem: Wissel eenvoudig van pod om verschillende smaken te genieten \u2013 altijd en zonder onderbreking<\/p>\n<\/li>\n<li class=\"\" data-start=\"1800\" data-end=\"1894\">\n<p class=\"\" data-start=\"1802\" data-end=\"1894\">Stijlvol en draagbaar ontwerp: Modern, licht en ergonomisch \u2013 perfect voor onderweg<\/p>\n<\/li>\n<li class=\"\" data-start=\"1895\" data-end=\"2047\">\n<p class=\"\" data-start=\"1897\" data-end=\"2047\">Uitstekende smaakervaringen: De 1.0\u03a9 Mesh-Coil zorgt voor stabiele verdamping en intense smaak, ideaal voor echte smaakliefhebbers<\/p>\n<\/li>\n<\/ul>\n<h4 data-start=\"2049\" data-end=\"2110\">Ontdek nu het populaire product bij vapingnet.de!<\/h4>\n<p class=\"\" data-start=\"2112\" data-end=\"2352\">Als lokale Europese e-sigarettenplatform biedt vapingnet.de hoogwaardige producten en een snel, veilig bestelproces. De Bang King 25000 is nu beschikbaar, dus kom vandaag nog langs!<\/p>","protected":false},"excerpt":{"rendered":"<p>High-performance Wegwerp E-sigaret: Bang King 25000 Puffs \u2013 De echte 25K ervaring! Als je op zoek bent naar een hoogwaardige, onderhoudsvrije en direct gebruiksklare E-sigaret, is de...<\/p>","protected":false},"featured_media":6122,"template":"","meta":[],"etheme_brands":[],"product_brand":[101],"product_cat":[55,49,61],"product_tag":[],"class_list":{"0":"post-6120","1":"product","2":"type-product","3":"status-publish","4":"has-post-thumbnail","6":"product_brand-bang-king-vape","7":"product_cat-vape-25000-zuege","8":"product_cat-einweg-e-zigarette","9":"product_cat-f","11":"first","12":"instock","13":"shipping-taxable","14":"purchasable","15":"product-type-simple"},"yoast_head":"<!-- This site is optimized with the Yoast SEO plugin v26.5 - https:\/\/yoast.com\/wordpress\/plugins\/seo\/ -->\n<title>Jetzt Gro\u00dfhandelspreis f\u00fcr Strawberry Watermelon Bang King 25000 Puffs | Vapingnet.de<\/title>\n<meta name=\"description\" content=\"Entdecke Jetzt Gro\u00dfhandelspreis f\u00fcr Strawberry Watermelon Bang King 25000 Puffs bei vapingnet.de, \u25ba Gro\u00dfe Auswahl an Geschmacksrichtungen &amp; super g\u00fcnstig!\" \/>\n<meta name=\"robots\" content=\"index, follow, max-snippet:-1, max-image-preview:large, max-video-preview:-1\" \/>\n<link rel=\"canonical\" href=\"https:\/\/vapingnet.de\/nl\/vape\/jetzt-grosshandelspreis-fuer-strawberry-watermelon-bang-king-25000-puffs\/\" \/>\n<meta property=\"og:locale\" content=\"nl_NL\" \/>\n<meta property=\"og:type\" content=\"article\" \/>\n<meta property=\"og:title\" content=\"Jetzt Gro\u00dfhandelspreis f\u00fcr Strawberry Watermelon Bang King 25000 Puffs | Vapingnet.de\" \/>\n<meta property=\"og:description\" content=\"Entdecke Jetzt Gro\u00dfhandelspreis f\u00fcr Strawberry Watermelon Bang King 25000 Puffs bei vapingnet.de, \u25ba Gro\u00dfe Auswahl an Geschmacksrichtungen &amp; super g\u00fcnstig!\" \/>\n<meta property=\"og:url\" content=\"https:\/\/vapingnet.de\/nl\/vape\/jetzt-grosshandelspreis-fuer-strawberry-watermelon-bang-king-25000-puffs\/\" \/>\n<meta property=\"og:site_name\" content=\"Vapingnet.de\" \/>\n<meta property=\"article:publisher\" content=\"https:\/\/www.facebook.com\/vapingnetde\/\" \/>\n<meta property=\"article:modified_time\" content=\"2025-06-19T03:40:05+00:00\" \/>\n<meta property=\"og:image\" content=\"https:\/\/vapingnet.de\/wp-content\/uploads\/2025\/04\/bang-25k-vape-Strawberry-Watermelon.png\" \/>\n\t<meta property=\"og:image:width\" content=\"1000\" \/>\n\t<meta property=\"og:image:height\" content=\"1000\" \/>\n\t<meta property=\"og:image:type\" content=\"image\/png\" \/>\n<meta name=\"twitter:card\" content=\"summary_large_image\" \/>\n<meta name=\"twitter:label1\" content=\"Est. reading time\" \/>\n\t<meta name=\"twitter:data1\" content=\"2 minutes\" \/>\n<script type=\"application\/ld+json\" class=\"yoast-schema-graph\">{\"@context\":\"https:\/\/schema.org\",\"@graph\":[{\"@type\":\"WebPage\",\"@id\":\"https:\/\/vapingnet.de\/vape\/jetzt-grosshandelspreis-fuer-strawberry-watermelon-bang-king-25000-puffs\/\",\"url\":\"https:\/\/vapingnet.de\/vape\/jetzt-grosshandelspreis-fuer-strawberry-watermelon-bang-king-25000-puffs\/\",\"name\":\"Jetzt Gro\u00dfhandelspreis f\u00fcr Strawberry Watermelon Bang King 25000 Puffs | Vapingnet.de\",\"isPartOf\":{\"@id\":\"https:\/\/vapingnet.de\/#website\"},\"primaryImageOfPage\":{\"@id\":\"https:\/\/vapingnet.de\/vape\/jetzt-grosshandelspreis-fuer-strawberry-watermelon-bang-king-25000-puffs\/#primaryimage\"},\"image\":{\"@id\":\"https:\/\/vapingnet.de\/vape\/jetzt-grosshandelspreis-fuer-strawberry-watermelon-bang-king-25000-puffs\/#primaryimage\"},\"thumbnailUrl\":\"https:\/\/vapingnet.de\/wp-content\/uploads\/2025\/04\/bang-25k-vape-Strawberry-Watermelon.png\",\"datePublished\":\"2025-04-07T02:20:15+00:00\",\"dateModified\":\"2025-06-19T03:40:05+00:00\",\"description\":\"Entdecke Jetzt Gro\u00dfhandelspreis f\u00fcr Strawberry Watermelon Bang King 25000 Puffs bei vapingnet.de, \u25ba Gro\u00dfe Auswahl an Geschmacksrichtungen & super g\u00fcnstig!\",\"breadcrumb\":{\"@id\":\"https:\/\/vapingnet.de\/vape\/jetzt-grosshandelspreis-fuer-strawberry-watermelon-bang-king-25000-puffs\/#breadcrumb\"},\"inLanguage\":\"nl-NL\",\"potentialAction\":[{\"@type\":\"ReadAction\",\"target\":[\"https:\/\/vapingnet.de\/vape\/jetzt-grosshandelspreis-fuer-strawberry-watermelon-bang-king-25000-puffs\/\"]}]},{\"@type\":\"ImageObject\",\"inLanguage\":\"nl-NL\",\"@id\":\"https:\/\/vapingnet.de\/vape\/jetzt-grosshandelspreis-fuer-strawberry-watermelon-bang-king-25000-puffs\/#primaryimage\",\"url\":\"https:\/\/vapingnet.de\/wp-content\/uploads\/2025\/04\/bang-25k-vape-Strawberry-Watermelon.png\",\"contentUrl\":\"https:\/\/vapingnet.de\/wp-content\/uploads\/2025\/04\/bang-25k-vape-Strawberry-Watermelon.png\",\"width\":1000,\"height\":1000},{\"@type\":\"BreadcrumbList\",\"@id\":\"https:\/\/vapingnet.de\/vape\/jetzt-grosshandelspreis-fuer-strawberry-watermelon-bang-king-25000-puffs\/#breadcrumb\",\"itemListElement\":[{\"@type\":\"ListItem\",\"position\":1,\"name\":\"Home\",\"item\":\"https:\/\/vapingnet.de\/\"},{\"@type\":\"ListItem\",\"position\":2,\"name\":\"Shop\",\"item\":\"https:\/\/vapingnet.de\/vape\/\"},{\"@type\":\"ListItem\",\"position\":3,\"name\":\"Jetzt Gro\u00dfhandelspreis f\u00fcr Strawberry Watermelon Bang King 25000 Puffs\"}]},{\"@type\":\"WebSite\",\"@id\":\"https:\/\/vapingnet.de\/#website\",\"url\":\"https:\/\/vapingnet.de\/\",\"name\":\"Vapingnet.de\",\"description\":\"\",\"publisher\":{\"@id\":\"https:\/\/vapingnet.de\/#organization\"},\"potentialAction\":[{\"@type\":\"SearchAction\",\"target\":{\"@type\":\"EntryPoint\",\"urlTemplate\":\"https:\/\/vapingnet.de\/?s={search_term_string}\"},\"query-input\":{\"@type\":\"PropertyValueSpecification\",\"valueRequired\":true,\"valueName\":\"search_term_string\"}}],\"inLanguage\":\"nl-NL\"},{\"@type\":\"Organization\",\"@id\":\"https:\/\/vapingnet.de\/#organization\",\"name\":\"Vapingnet.de\",\"url\":\"https:\/\/vapingnet.de\/\",\"logo\":{\"@type\":\"ImageObject\",\"inLanguage\":\"nl-NL\",\"@id\":\"https:\/\/vapingnet.de\/#\/schema\/logo\/image\/\",\"url\":\"https:\/\/vapingnet.de\/wp-content\/uploads\/2025\/03\/cropped-vapingnet.de_.jpg\",\"contentUrl\":\"https:\/\/vapingnet.de\/wp-content\/uploads\/2025\/03\/cropped-vapingnet.de_.jpg\",\"width\":512,\"height\":512,\"caption\":\"Vapingnet.de\"},\"image\":{\"@id\":\"https:\/\/vapingnet.de\/#\/schema\/logo\/image\/\"},\"sameAs\":[\"https:\/\/www.facebook.com\/vapingnetde\/\"]}]}<\/script>\n<!-- \/ Yoast SEO plugin. -->","yoast_head_json":{"title":"Jetzt Gro\u00dfhandelspreis f\u00fcr Strawberry Watermelon Bang King 25000 Puffs | Vapingnet.de","description":"Entdecke Jetzt Gro\u00dfhandelspreis f\u00fcr Strawberry Watermelon Bang King 25000 Puffs bei vapingnet.de, \u25ba Gro\u00dfe Auswahl an Geschmacksrichtungen & super g\u00fcnstig!","robots":{"index":"index","follow":"follow","max-snippet":"max-snippet:-1","max-image-preview":"max-image-preview:large","max-video-preview":"max-video-preview:-1"},"canonical":"https:\/\/vapingnet.de\/nl\/vape\/jetzt-grosshandelspreis-fuer-strawberry-watermelon-bang-king-25000-puffs\/","og_locale":"nl_NL","og_type":"article","og_title":"Jetzt Gro\u00dfhandelspreis f\u00fcr Strawberry Watermelon Bang King 25000 Puffs | Vapingnet.de","og_description":"Entdecke Jetzt Gro\u00dfhandelspreis f\u00fcr Strawberry Watermelon Bang King 25000 Puffs bei vapingnet.de, \u25ba Gro\u00dfe Auswahl an Geschmacksrichtungen & super g\u00fcnstig!","og_url":"https:\/\/vapingnet.de\/nl\/vape\/jetzt-grosshandelspreis-fuer-strawberry-watermelon-bang-king-25000-puffs\/","og_site_name":"Vapingnet.de","article_publisher":"https:\/\/www.facebook.com\/vapingnetde\/","article_modified_time":"2025-06-19T03:40:05+00:00","og_image":[{"width":1000,"height":1000,"url":"https:\/\/vapingnet.de\/wp-content\/uploads\/2025\/04\/bang-25k-vape-Strawberry-Watermelon.png","type":"image\/png"}],"twitter_card":"summary_large_image","twitter_misc":{"Est. reading time":"2 minutes"},"schema":{"@context":"https:\/\/schema.org","@graph":[{"@type":"WebPage","@id":"https:\/\/vapingnet.de\/vape\/jetzt-grosshandelspreis-fuer-strawberry-watermelon-bang-king-25000-puffs\/","url":"https:\/\/vapingnet.de\/vape\/jetzt-grosshandelspreis-fuer-strawberry-watermelon-bang-king-25000-puffs\/","name":"Jetzt Gro\u00dfhandelspreis f\u00fcr Strawberry Watermelon Bang King 25000 Puffs | Vapingnet.de","isPartOf":{"@id":"https:\/\/vapingnet.de\/#website"},"primaryImageOfPage":{"@id":"https:\/\/vapingnet.de\/vape\/jetzt-grosshandelspreis-fuer-strawberry-watermelon-bang-king-25000-puffs\/#primaryimage"},"image":{"@id":"https:\/\/vapingnet.de\/vape\/jetzt-grosshandelspreis-fuer-strawberry-watermelon-bang-king-25000-puffs\/#primaryimage"},"thumbnailUrl":"https:\/\/vapingnet.de\/wp-content\/uploads\/2025\/04\/bang-25k-vape-Strawberry-Watermelon.png","datePublished":"2025-04-07T02:20:15+00:00","dateModified":"2025-06-19T03:40:05+00:00","description":"Entdecke Jetzt Gro\u00dfhandelspreis f\u00fcr Strawberry Watermelon Bang King 25000 Puffs bei vapingnet.de, \u25ba Gro\u00dfe Auswahl an Geschmacksrichtungen & super g\u00fcnstig!","breadcrumb":{"@id":"https:\/\/vapingnet.de\/vape\/jetzt-grosshandelspreis-fuer-strawberry-watermelon-bang-king-25000-puffs\/#breadcrumb"},"inLanguage":"nl-NL","potentialAction":[{"@type":"ReadAction","target":["https:\/\/vapingnet.de\/vape\/jetzt-grosshandelspreis-fuer-strawberry-watermelon-bang-king-25000-puffs\/"]}]},{"@type":"ImageObject","inLanguage":"nl-NL","@id":"https:\/\/vapingnet.de\/vape\/jetzt-grosshandelspreis-fuer-strawberry-watermelon-bang-king-25000-puffs\/#primaryimage","url":"https:\/\/vapingnet.de\/wp-content\/uploads\/2025\/04\/bang-25k-vape-Strawberry-Watermelon.png","contentUrl":"https:\/\/vapingnet.de\/wp-content\/uploads\/2025\/04\/bang-25k-vape-Strawberry-Watermelon.png","width":1000,"height":1000},{"@type":"BreadcrumbList","@id":"https:\/\/vapingnet.de\/vape\/jetzt-grosshandelspreis-fuer-strawberry-watermelon-bang-king-25000-puffs\/#breadcrumb","itemListElement":[{"@type":"ListItem","position":1,"name":"Home","item":"https:\/\/vapingnet.de\/"},{"@type":"ListItem","position":2,"name":"Shop","item":"https:\/\/vapingnet.de\/vape\/"},{"@type":"ListItem","position":3,"name":"Jetzt Gro\u00dfhandelspreis f\u00fcr Strawberry Watermelon Bang King 25000 Puffs"}]},{"@type":"WebSite","@id":"https:\/\/vapingnet.de\/#website","url":"https:\/\/vapingnet.de\/","name":"Vapingnet.de","description":"","publisher":{"@id":"https:\/\/vapingnet.de\/#organization"},"potentialAction":[{"@type":"SearchAction","target":{"@type":"EntryPoint","urlTemplate":"https:\/\/vapingnet.de\/?s={search_term_string}"},"query-input":{"@type":"PropertyValueSpecification","valueRequired":true,"valueName":"search_term_string"}}],"inLanguage":"nl-NL"},{"@type":"Organization","@id":"https:\/\/vapingnet.de\/#organization","name":"Vapingnet.de","url":"https:\/\/vapingnet.de\/","logo":{"@type":"ImageObject","inLanguage":"nl-NL","@id":"https:\/\/vapingnet.de\/#\/schema\/logo\/image\/","url":"https:\/\/vapingnet.de\/wp-content\/uploads\/2025\/03\/cropped-vapingnet.de_.jpg","contentUrl":"https:\/\/vapingnet.de\/wp-content\/uploads\/2025\/03\/cropped-vapingnet.de_.jpg","width":512,"height":512,"caption":"Vapingnet.de"},"image":{"@id":"https:\/\/vapingnet.de\/#\/schema\/logo\/image\/"},"sameAs":["https:\/\/www.facebook.com\/vapingnetde\/"]}]}},"tiered_pricing_type":"fixed","tiered_pricing_fixed_rules":{"10":"8.07","60":"7.26","110":"6.46","200":"5.65"},"tiered_pricing_product_settings":{"layout":"default","base_unit_name":{"singular":null,"plural":null},"default_variation":null},"tiered_pricing_minimum_quantity":null,"tiered_pricing_roles_data":[],"tiered_pricing_percentage_rules":[],"_links":{"self":[{"href":"https:\/\/vapingnet.de\/nl\/wp-json\/wp\/v2\/product\/6120","targetHints":{"allow":["GET"]}}],"collection":[{"href":"https:\/\/vapingnet.de\/nl\/wp-json\/wp\/v2\/product"}],"about":[{"href":"https:\/\/vapingnet.de\/nl\/wp-json\/wp\/v2\/types\/product"}],"version-history":[{"count":3,"href":"https:\/\/vapingnet.de\/nl\/wp-json\/wp\/v2\/product\/6120\/revisions"}],"predecessor-version":[{"id":6140,"href":"https:\/\/vapingnet.de\/nl\/wp-json\/wp\/v2\/product\/6120\/revisions\/6140"}],"wp:featuredmedia":[{"embeddable":true,"href":"https:\/\/vapingnet.de\/nl\/wp-json\/wp\/v2\/media\/6122"}],"wp:attachment":[{"href":"https:\/\/vapingnet.de\/nl\/wp-json\/wp\/v2\/media?parent=6120"}],"wp:term":[{"taxonomy":"brand","embeddable":true,"href":"https:\/\/vapingnet.de\/nl\/wp-json\/wp\/v2\/etheme_brands?post=6120"},{"taxonomy":"product_brand","embeddable":true,"href":"https:\/\/vapingnet.de\/nl\/wp-json\/wp\/v2\/product_brand?post=6120"},{"taxonomy":"product_cat","embeddable":true,"href":"https:\/\/vapingnet.de\/nl\/wp-json\/wp\/v2\/product_cat?post=6120"},{"taxonomy":"product_tag","embeddable":true,"href":"https:\/\/vapingnet.de\/nl\/wp-json\/wp\/v2\/product_tag?post=6120"}],"curies":[{"name":"wp","href":"https:\/\/api.w.org\/{rel}","templated":true}]}}