{"id":6242,"date":"2025-04-11T05:55:19","date_gmt":"2025-04-11T05:55:19","guid":{"rendered":"https:\/\/vapingnet.de\/?post_type=product&#038;p=6242"},"modified":"2025-12-30T08:41:01","modified_gmt":"2025-12-30T08:41:01","slug":"bang-tn-12000-puffs-mixed-fruit-geschmack-jetzt-weltweit-erhaeltlich","status":"publish","type":"product","link":"https:\/\/vapingnet.de\/nl\/vape\/bang-tn-12000-puffs-mixed-fruit-geschmack-jetzt-weltweit-erhaeltlich\/","title":{"rendered":"Bang Tn 12000 Puffs Gemengd Fruit Smaak nu wereldwijd verkrijgbaar"},"content":{"rendered":"<h2 data-start=\"0\" data-end=\"68\" data-immersive-translate-walked=\"4098eeb9-b934-4946-a4a3-df91369970b7\">Bang Tn 12000 Puffs \u2013 Het wegwerpproduct voor langdurig genot<\/h2>\n<p class=\"\" data-start=\"70\" data-end=\"460\" data-immersive-translate-paragraph=\"1\" data-immersive-translate-walked=\"4098eeb9-b934-4946-a4a3-df91369970b7\">De Bang Tn 12000 Puffs is een wegwerp-e-sigaret die speciaal is ontwikkeld voor dampers die op zoek zijn naar een praktisch, krachtig en duurzaam product. Met een indrukwekkende capaciteit van 20 ml vloeistof en de mogelijkheid om tot 12.000 trekjes te leveren, biedt het een uitzonderlijk lange gebruiksduur en een intensieve dampbeleving.<\/p>\n<h4 data-start=\"462\" data-end=\"498\" data-immersive-translate-walked=\"4098eeb9-b934-4946-a4a3-df91369970b7\" data-immersive-translate-paragraph=\"1\">Prestaties en technische kenmerken<\/h4>\n<ul data-start=\"500\" data-end=\"1144\" data-immersive-translate-walked=\"4098eeb9-b934-4946-a4a3-df91369970b7\">\n<li class=\"\" data-start=\"500\" data-end=\"682\" data-immersive-translate-walked=\"4098eeb9-b934-4946-a4a3-df91369970b7\">\n<p class=\"\" data-start=\"502\" data-end=\"682\" data-immersive-translate-walked=\"4098eeb9-b934-4946-a4a3-df91369970b7\" data-immersive-translate-paragraph=\"1\">Batterij: De 650mAh batterij zorgt ervoor dat de Bang Tn 12000 Puffs langer gebruikt kan worden zonder dat opnieuw opladen nodig is.<\/p>\n<\/li>\n<li class=\"\" data-start=\"683\" data-end=\"855\" data-immersive-translate-walked=\"4098eeb9-b934-4946-a4a3-df91369970b7\">\n<p class=\"\" data-start=\"685\" data-end=\"855\" data-immersive-translate-walked=\"4098eeb9-b934-4946-a4a3-df91369970b7\" data-immersive-translate-paragraph=\"1\">Mesh-spiraal: Met een weerstand van 1.2\u03a9 garandeert de mesh-spiraal een gelijkmatige verdamping, waardoor de smaak bij elke trek optimaal tot uiting komt.<\/p>\n<\/li>\n<li class=\"\" data-start=\"856\" data-end=\"1012\" data-immersive-translate-walked=\"4098eeb9-b934-4946-a4a3-df91369970b7\">\n<p class=\"\" data-start=\"858\" data-end=\"1012\" data-immersive-translate-walked=\"4098eeb9-b934-4946-a4a3-df91369970b7\" data-immersive-translate-paragraph=\"1\">USB-C aansluiting: De USB-C aansluiting maakt snelle en eenvoudige oplaadmogelijkheden mogelijk met een ingangsspanning van 5 V, 1 A.<\/p>\n<\/li>\n<li class=\"\" data-start=\"1013\" data-end=\"1144\" data-immersive-translate-walked=\"4098eeb9-b934-4946-a4a3-df91369970b7\">\n<p class=\"\" data-start=\"1015\" data-end=\"1144\" data-immersive-translate-walked=\"4098eeb9-b934-4946-a4a3-df91369970b7\" data-immersive-translate-paragraph=\"1\">Materiaal: Gemaakt van robuust PC-materiaal, is de Bang Tn 12000 Puffs bijzonder bestand en duurzaam.<\/p>\n<\/li>\n<\/ul>\n<h4 data-start=\"1146\" data-end=\"1182\" data-immersive-translate-walked=\"4098eeb9-b934-4946-a4a3-df91369970b7\" data-immersive-translate-paragraph=\"1\">Smaakbeleving \u2013 Mixed Fruit<\/h4>\n<p class=\"\" data-start=\"1184\" data-end=\"1597\" data-immersive-translate-walked=\"4098eeb9-b934-4946-a4a3-df91369970b7\" data-immersive-translate-paragraph=\"1\">De Mixed Fruit-smaak is een perfecte mix van verschillende fruitnoten die leiden tot een frisse, zoete en toch uitgebalanceerde smaakervaring. Deze smaak is vooral geschikt voor dampers die houden van fruitige aroma's en een mix van verschillende vruchten prefereren. De uitgebalanceerde smaak zorgt voor een aangename dampervaring over een langere periode.<\/p>\n<h4 data-start=\"1599\" data-end=\"1618\" data-immersive-translate-walked=\"4098eeb9-b934-4946-a4a3-df91369970b7\" data-immersive-translate-paragraph=\"1\">Nicotine-opties<\/h4>\n<p class=\"\" data-start=\"1620\" data-end=\"1989\" data-immersive-translate-walked=\"4098eeb9-b934-4946-a4a3-df91369970b7\" data-immersive-translate-paragraph=\"1\">De Bang Tn 12000 Puffs biedt verschillende nicotinepercentages aan: 0%, 2%, 3% en 5% nicotine, zodat elke damper de juiste optie kan kiezen. Of je nu zonder nicotine wilt dampen of een sterkere nicotine-inname zoekt, de Bang Tn 12000 Puffs zorgt ervoor dat er voor elke smaak en behoefte een geschikte variant beschikbaar is.<\/p>\n<h4 data-start=\"1991\" data-end=\"2024\" data-immersive-translate-walked=\"4098eeb9-b934-4946-a4a3-df91369970b7\" data-immersive-translate-paragraph=\"1\">Voordelen voor kopers in Europa<\/h4>\n<ul data-start=\"2026\" data-end=\"2415\" data-immersive-translate-walked=\"4098eeb9-b934-4946-a4a3-df91369970b7\">\n<li class=\"\" data-start=\"2026\" data-end=\"2223\" data-immersive-translate-walked=\"4098eeb9-b934-4946-a4a3-df91369970b7\">\n<p class=\"\" data-start=\"2028\" data-end=\"2223\" data-immersive-translate-walked=\"4098eeb9-b934-4946-a4a3-df91369970b7\" data-immersive-translate-paragraph=\"1\">Douanevrij: De aankoop van de Bang Tn 12000 Puffs binnen de Europese Unie is douanevrij, wat betekent dat er geen extra kosten zijn en het aankoopproces transparant blijft.<\/p>\n<\/li>\n<li class=\"\" data-start=\"2224\" data-end=\"2415\" data-immersive-translate-walked=\"4098eeb9-b934-4946-a4a3-df91369970b7\">\n<p class=\"\" data-start=\"2226\" data-end=\"2415\" data-immersive-translate-walked=\"4098eeb9-b934-4946-a4a3-df91369970b7\" data-immersive-translate-paragraph=\"1\">Snelle levering: De Bang Tn 12000 Puffs wordt doorgaans binnen 7 tot 15 werkdagen geleverd, zodat klanten kunnen rekenen op een snelle en betrouwbare levering.<\/p>\n<\/li>\n<\/ul>\n<h4 data-start=\"2417\" data-end=\"2441\" data-immersive-translate-walked=\"4098eeb9-b934-4946-a4a3-df91369970b7\" data-immersive-translate-paragraph=\"1\">Bestelmogelijkheden<\/h4>\n<p class=\"\" data-start=\"2443\" data-end=\"2698\" data-immersive-translate-walked=\"4098eeb9-b934-4946-a4a3-df91369970b7\" data-immersive-translate-paragraph=\"1\">De Bang Tn 12000 Puffs is verkrijgbaar bij vapingnet.de, een gevestigde online winkel die een breed assortiment dampproducten aanbiedt. Klanten kunnen gemakkelijk online bestellen en vertrouwen op een veilige levering zonder verborgen kosten.<\/p>\n<h3>Waarom de Bang Tn 12000 Puffs de perfecte keuze is<\/h3>\n<p class=\"\" data-start=\"2757\" data-end=\"3358\" data-immersive-translate-walked=\"4098eeb9-b934-4946-a4a3-df91369970b7\" data-immersive-translate-paragraph=\"1\">De Bang Tn 12000 Puffs is een uitstekende keuze voor dampers die op zoek zijn naar een krachtige, duurzame en gebruiksvriendelijke wegwerp-e-sigaret. De royale vloeistofcapaciteit, het hoge aantal trekjes, de frisse Mixed Fruit-smaak en de verschillende nicotinepercentages maken dit model tot een onmisbaar product voor iedereen die volop wil genieten van het dampen. Met een eenvoudige bestelling en snelle levering via vapingnet.de kunt u erop vertrouwen dat u een hoogwaardig product ontvangt dat u lang plezier zal bezorgen.<\/p>","protected":false},"excerpt":{"rendered":"<p>Bang Tn 12000 Puffs \u2013 Das Einwegger\u00e4t f\u00fcr langanhaltenden Genuss Die Bang Tn 12000 Puffs ist eine Einweg-E-Zigarette, die speziell f\u00fcr Dampfer entwickelt wurde, die&#8230;<\/p>","protected":false},"featured_media":6248,"template":"","meta":[],"etheme_brands":[],"product_brand":[101],"product_cat":[88,49,61],"product_tag":[],"class_list":{"0":"post-6242","1":"product","2":"type-product","3":"status-publish","4":"has-post-thumbnail","6":"product_brand-bang-king-vape","7":"product_cat-12k-vape","8":"product_cat-einweg-e-zigarette","9":"product_cat-f","11":"first","12":"instock","13":"shipping-taxable","14":"purchasable","15":"product-type-simple"},"yoast_head":"<!-- This site is optimized with the Yoast SEO plugin v26.5 - https:\/\/yoast.com\/wordpress\/plugins\/seo\/ -->\n<title>Bang Tn 12000 Puffs Mixed Fruit Geschmack jetzt weltweit erh\u00e4ltlich | Vapingnet.de<\/title>\n<meta name=\"description\" content=\"Entdecke Bang Tn 12000 Puffs Mixed Fruit Geschmack jetzt weltweit erh\u00e4ltlich bei vapingnet.de, \u25ba Gro\u00dfe Auswahl an Geschmacksrichtungen &amp; super g\u00fcnstig!\" \/>\n<meta name=\"robots\" content=\"index, follow, max-snippet:-1, max-image-preview:large, max-video-preview:-1\" \/>\n<link rel=\"canonical\" href=\"https:\/\/vapingnet.de\/nl\/vape\/bang-tn-12000-puffs-mixed-fruit-geschmack-jetzt-weltweit-erhaeltlich\/\" \/>\n<meta property=\"og:locale\" content=\"nl_NL\" \/>\n<meta property=\"og:type\" content=\"article\" \/>\n<meta property=\"og:title\" content=\"Bang Tn 12000 Puffs Mixed Fruit Geschmack jetzt weltweit erh\u00e4ltlich | Vapingnet.de\" \/>\n<meta property=\"og:description\" content=\"Entdecke Bang Tn 12000 Puffs Mixed Fruit Geschmack jetzt weltweit erh\u00e4ltlich bei vapingnet.de, \u25ba Gro\u00dfe Auswahl an Geschmacksrichtungen &amp; super g\u00fcnstig!\" \/>\n<meta property=\"og:url\" content=\"https:\/\/vapingnet.de\/nl\/vape\/bang-tn-12000-puffs-mixed-fruit-geschmack-jetzt-weltweit-erhaeltlich\/\" \/>\n<meta property=\"og:site_name\" content=\"Vapingnet.de\" \/>\n<meta property=\"article:publisher\" content=\"https:\/\/www.facebook.com\/vapingnetde\/\" \/>\n<meta property=\"article:modified_time\" content=\"2025-12-30T08:41:01+00:00\" \/>\n<meta property=\"og:image\" content=\"https:\/\/vapingnet.de\/wp-content\/uploads\/2025\/04\/Mixed-Fruit.png\" \/>\n\t<meta property=\"og:image:width\" content=\"1000\" \/>\n\t<meta property=\"og:image:height\" content=\"1000\" \/>\n\t<meta property=\"og:image:type\" content=\"image\/png\" \/>\n<meta name=\"twitter:card\" content=\"summary_large_image\" \/>\n<meta name=\"twitter:label1\" content=\"Est. reading time\" \/>\n\t<meta name=\"twitter:data1\" content=\"3 minutes\" \/>\n<script type=\"application\/ld+json\" class=\"yoast-schema-graph\">{\"@context\":\"https:\/\/schema.org\",\"@graph\":[{\"@type\":\"WebPage\",\"@id\":\"https:\/\/vapingnet.de\/vape\/bang-tn-12000-puffs-mixed-fruit-geschmack-jetzt-weltweit-erhaeltlich\/\",\"url\":\"https:\/\/vapingnet.de\/vape\/bang-tn-12000-puffs-mixed-fruit-geschmack-jetzt-weltweit-erhaeltlich\/\",\"name\":\"Bang Tn 12000 Puffs Mixed Fruit Geschmack jetzt weltweit erh\u00e4ltlich | Vapingnet.de\",\"isPartOf\":{\"@id\":\"https:\/\/vapingnet.de\/#website\"},\"primaryImageOfPage\":{\"@id\":\"https:\/\/vapingnet.de\/vape\/bang-tn-12000-puffs-mixed-fruit-geschmack-jetzt-weltweit-erhaeltlich\/#primaryimage\"},\"image\":{\"@id\":\"https:\/\/vapingnet.de\/vape\/bang-tn-12000-puffs-mixed-fruit-geschmack-jetzt-weltweit-erhaeltlich\/#primaryimage\"},\"thumbnailUrl\":\"https:\/\/vapingnet.de\/wp-content\/uploads\/2025\/04\/Mixed-Fruit.png\",\"datePublished\":\"2025-04-11T05:55:19+00:00\",\"dateModified\":\"2025-12-30T08:41:01+00:00\",\"description\":\"Entdecke Bang Tn 12000 Puffs Mixed Fruit Geschmack jetzt weltweit erh\u00e4ltlich bei vapingnet.de, \u25ba Gro\u00dfe Auswahl an Geschmacksrichtungen & super g\u00fcnstig!\",\"breadcrumb\":{\"@id\":\"https:\/\/vapingnet.de\/vape\/bang-tn-12000-puffs-mixed-fruit-geschmack-jetzt-weltweit-erhaeltlich\/#breadcrumb\"},\"inLanguage\":\"nl-NL\",\"potentialAction\":[{\"@type\":\"ReadAction\",\"target\":[\"https:\/\/vapingnet.de\/vape\/bang-tn-12000-puffs-mixed-fruit-geschmack-jetzt-weltweit-erhaeltlich\/\"]}]},{\"@type\":\"ImageObject\",\"inLanguage\":\"nl-NL\",\"@id\":\"https:\/\/vapingnet.de\/vape\/bang-tn-12000-puffs-mixed-fruit-geschmack-jetzt-weltweit-erhaeltlich\/#primaryimage\",\"url\":\"https:\/\/vapingnet.de\/wp-content\/uploads\/2025\/04\/Mixed-Fruit.png\",\"contentUrl\":\"https:\/\/vapingnet.de\/wp-content\/uploads\/2025\/04\/Mixed-Fruit.png\",\"width\":1000,\"height\":1000},{\"@type\":\"BreadcrumbList\",\"@id\":\"https:\/\/vapingnet.de\/vape\/bang-tn-12000-puffs-mixed-fruit-geschmack-jetzt-weltweit-erhaeltlich\/#breadcrumb\",\"itemListElement\":[{\"@type\":\"ListItem\",\"position\":1,\"name\":\"Home\",\"item\":\"https:\/\/vapingnet.de\/\"},{\"@type\":\"ListItem\",\"position\":2,\"name\":\"Shop\",\"item\":\"https:\/\/vapingnet.de\/vape\/\"},{\"@type\":\"ListItem\",\"position\":3,\"name\":\"Bang Tn 12000 Puffs Mixed Fruit Geschmack jetzt weltweit erh\u00e4ltlich\"}]},{\"@type\":\"WebSite\",\"@id\":\"https:\/\/vapingnet.de\/#website\",\"url\":\"https:\/\/vapingnet.de\/\",\"name\":\"Vapingnet.de\",\"description\":\"\",\"publisher\":{\"@id\":\"https:\/\/vapingnet.de\/#organization\"},\"potentialAction\":[{\"@type\":\"SearchAction\",\"target\":{\"@type\":\"EntryPoint\",\"urlTemplate\":\"https:\/\/vapingnet.de\/?s={search_term_string}\"},\"query-input\":{\"@type\":\"PropertyValueSpecification\",\"valueRequired\":true,\"valueName\":\"search_term_string\"}}],\"inLanguage\":\"nl-NL\"},{\"@type\":\"Organization\",\"@id\":\"https:\/\/vapingnet.de\/#organization\",\"name\":\"Vapingnet.de\",\"url\":\"https:\/\/vapingnet.de\/\",\"logo\":{\"@type\":\"ImageObject\",\"inLanguage\":\"nl-NL\",\"@id\":\"https:\/\/vapingnet.de\/#\/schema\/logo\/image\/\",\"url\":\"https:\/\/vapingnet.de\/wp-content\/uploads\/2025\/03\/cropped-vapingnet.de_.jpg\",\"contentUrl\":\"https:\/\/vapingnet.de\/wp-content\/uploads\/2025\/03\/cropped-vapingnet.de_.jpg\",\"width\":512,\"height\":512,\"caption\":\"Vapingnet.de\"},\"image\":{\"@id\":\"https:\/\/vapingnet.de\/#\/schema\/logo\/image\/\"},\"sameAs\":[\"https:\/\/www.facebook.com\/vapingnetde\/\"]}]}<\/script>\n<!-- \/ Yoast SEO plugin. -->","yoast_head_json":{"title":"Bang Tn 12000 Puffs Mixed Fruit Geschmack jetzt weltweit erh\u00e4ltlich | Vapingnet.de","description":"Entdecke Bang Tn 12000 Puffs Mixed Fruit Geschmack jetzt weltweit erh\u00e4ltlich bei vapingnet.de, \u25ba Gro\u00dfe Auswahl an Geschmacksrichtungen & super g\u00fcnstig!","robots":{"index":"index","follow":"follow","max-snippet":"max-snippet:-1","max-image-preview":"max-image-preview:large","max-video-preview":"max-video-preview:-1"},"canonical":"https:\/\/vapingnet.de\/nl\/vape\/bang-tn-12000-puffs-mixed-fruit-geschmack-jetzt-weltweit-erhaeltlich\/","og_locale":"nl_NL","og_type":"article","og_title":"Bang Tn 12000 Puffs Mixed Fruit Geschmack jetzt weltweit erh\u00e4ltlich | Vapingnet.de","og_description":"Entdecke Bang Tn 12000 Puffs Mixed Fruit Geschmack jetzt weltweit erh\u00e4ltlich bei vapingnet.de, \u25ba Gro\u00dfe Auswahl an Geschmacksrichtungen & super g\u00fcnstig!","og_url":"https:\/\/vapingnet.de\/nl\/vape\/bang-tn-12000-puffs-mixed-fruit-geschmack-jetzt-weltweit-erhaeltlich\/","og_site_name":"Vapingnet.de","article_publisher":"https:\/\/www.facebook.com\/vapingnetde\/","article_modified_time":"2025-12-30T08:41:01+00:00","og_image":[{"width":1000,"height":1000,"url":"https:\/\/vapingnet.de\/wp-content\/uploads\/2025\/04\/Mixed-Fruit.png","type":"image\/png"}],"twitter_card":"summary_large_image","twitter_misc":{"Est. reading time":"3 minutes"},"schema":{"@context":"https:\/\/schema.org","@graph":[{"@type":"WebPage","@id":"https:\/\/vapingnet.de\/vape\/bang-tn-12000-puffs-mixed-fruit-geschmack-jetzt-weltweit-erhaeltlich\/","url":"https:\/\/vapingnet.de\/vape\/bang-tn-12000-puffs-mixed-fruit-geschmack-jetzt-weltweit-erhaeltlich\/","name":"Bang Tn 12000 Puffs Mixed Fruit Geschmack jetzt weltweit erh\u00e4ltlich | Vapingnet.de","isPartOf":{"@id":"https:\/\/vapingnet.de\/#website"},"primaryImageOfPage":{"@id":"https:\/\/vapingnet.de\/vape\/bang-tn-12000-puffs-mixed-fruit-geschmack-jetzt-weltweit-erhaeltlich\/#primaryimage"},"image":{"@id":"https:\/\/vapingnet.de\/vape\/bang-tn-12000-puffs-mixed-fruit-geschmack-jetzt-weltweit-erhaeltlich\/#primaryimage"},"thumbnailUrl":"https:\/\/vapingnet.de\/wp-content\/uploads\/2025\/04\/Mixed-Fruit.png","datePublished":"2025-04-11T05:55:19+00:00","dateModified":"2025-12-30T08:41:01+00:00","description":"Entdecke Bang Tn 12000 Puffs Mixed Fruit Geschmack jetzt weltweit erh\u00e4ltlich bei vapingnet.de, \u25ba Gro\u00dfe Auswahl an Geschmacksrichtungen & super g\u00fcnstig!","breadcrumb":{"@id":"https:\/\/vapingnet.de\/vape\/bang-tn-12000-puffs-mixed-fruit-geschmack-jetzt-weltweit-erhaeltlich\/#breadcrumb"},"inLanguage":"nl-NL","potentialAction":[{"@type":"ReadAction","target":["https:\/\/vapingnet.de\/vape\/bang-tn-12000-puffs-mixed-fruit-geschmack-jetzt-weltweit-erhaeltlich\/"]}]},{"@type":"ImageObject","inLanguage":"nl-NL","@id":"https:\/\/vapingnet.de\/vape\/bang-tn-12000-puffs-mixed-fruit-geschmack-jetzt-weltweit-erhaeltlich\/#primaryimage","url":"https:\/\/vapingnet.de\/wp-content\/uploads\/2025\/04\/Mixed-Fruit.png","contentUrl":"https:\/\/vapingnet.de\/wp-content\/uploads\/2025\/04\/Mixed-Fruit.png","width":1000,"height":1000},{"@type":"BreadcrumbList","@id":"https:\/\/vapingnet.de\/vape\/bang-tn-12000-puffs-mixed-fruit-geschmack-jetzt-weltweit-erhaeltlich\/#breadcrumb","itemListElement":[{"@type":"ListItem","position":1,"name":"Home","item":"https:\/\/vapingnet.de\/"},{"@type":"ListItem","position":2,"name":"Shop","item":"https:\/\/vapingnet.de\/vape\/"},{"@type":"ListItem","position":3,"name":"Bang Tn 12000 Puffs Mixed Fruit Geschmack jetzt weltweit erh\u00e4ltlich"}]},{"@type":"WebSite","@id":"https:\/\/vapingnet.de\/#website","url":"https:\/\/vapingnet.de\/","name":"Vapingnet.de","description":"","publisher":{"@id":"https:\/\/vapingnet.de\/#organization"},"potentialAction":[{"@type":"SearchAction","target":{"@type":"EntryPoint","urlTemplate":"https:\/\/vapingnet.de\/?s={search_term_string}"},"query-input":{"@type":"PropertyValueSpecification","valueRequired":true,"valueName":"search_term_string"}}],"inLanguage":"nl-NL"},{"@type":"Organization","@id":"https:\/\/vapingnet.de\/#organization","name":"Vapingnet.de","url":"https:\/\/vapingnet.de\/","logo":{"@type":"ImageObject","inLanguage":"nl-NL","@id":"https:\/\/vapingnet.de\/#\/schema\/logo\/image\/","url":"https:\/\/vapingnet.de\/wp-content\/uploads\/2025\/03\/cropped-vapingnet.de_.jpg","contentUrl":"https:\/\/vapingnet.de\/wp-content\/uploads\/2025\/03\/cropped-vapingnet.de_.jpg","width":512,"height":512,"caption":"Vapingnet.de"},"image":{"@id":"https:\/\/vapingnet.de\/#\/schema\/logo\/image\/"},"sameAs":["https:\/\/www.facebook.com\/vapingnetde\/"]}]}},"tiered_pricing_type":"fixed","tiered_pricing_fixed_rules":{"10":"7.31","60":"6.58","110":"5.85","200":"5.12"},"tiered_pricing_product_settings":{"layout":"default","base_unit_name":{"singular":null,"plural":null},"default_variation":null},"tiered_pricing_minimum_quantity":null,"tiered_pricing_roles_data":[],"tiered_pricing_percentage_rules":[],"_links":{"self":[{"href":"https:\/\/vapingnet.de\/nl\/wp-json\/wp\/v2\/product\/6242","targetHints":{"allow":["GET"]}}],"collection":[{"href":"https:\/\/vapingnet.de\/nl\/wp-json\/wp\/v2\/product"}],"about":[{"href":"https:\/\/vapingnet.de\/nl\/wp-json\/wp\/v2\/types\/product"}],"version-history":[{"count":1,"href":"https:\/\/vapingnet.de\/nl\/wp-json\/wp\/v2\/product\/6242\/revisions"}],"predecessor-version":[{"id":6254,"href":"https:\/\/vapingnet.de\/nl\/wp-json\/wp\/v2\/product\/6242\/revisions\/6254"}],"wp:featuredmedia":[{"embeddable":true,"href":"https:\/\/vapingnet.de\/nl\/wp-json\/wp\/v2\/media\/6248"}],"wp:attachment":[{"href":"https:\/\/vapingnet.de\/nl\/wp-json\/wp\/v2\/media?parent=6242"}],"wp:term":[{"taxonomy":"brand","embeddable":true,"href":"https:\/\/vapingnet.de\/nl\/wp-json\/wp\/v2\/etheme_brands?post=6242"},{"taxonomy":"product_brand","embeddable":true,"href":"https:\/\/vapingnet.de\/nl\/wp-json\/wp\/v2\/product_brand?post=6242"},{"taxonomy":"product_cat","embeddable":true,"href":"https:\/\/vapingnet.de\/nl\/wp-json\/wp\/v2\/product_cat?post=6242"},{"taxonomy":"product_tag","embeddable":true,"href":"https:\/\/vapingnet.de\/nl\/wp-json\/wp\/v2\/product_tag?post=6242"}],"curies":[{"name":"wp","href":"https:\/\/api.w.org\/{rel}","templated":true}]}}