{"id":6244,"date":"2025-04-11T05:55:21","date_gmt":"2025-04-11T05:55:21","guid":{"rendered":"https:\/\/vapingnet.de\/?post_type=product&#038;p=6244"},"modified":"2025-12-30T08:40:42","modified_gmt":"2025-12-30T08:40:42","slug":"bang-tn-12000-puffs-geniessen-sie-mr-blue-premium-ohne-importgebuehren","status":"publish","type":"product","link":"https:\/\/vapingnet.de\/nl\/vape\/bang-tn-12000-puffs-geniessen-sie-mr-blue-premium-ohne-importgebuehren\/","title":{"rendered":"Bang Tn 12000 puffen Geniet van Mr Blue Premium zonder invoerrechten"},"content":{"rendered":"<p class=\"\" data-start=\"0\" data-end=\"433\" data-immersive-translate-paragraph=\"1\" data-immersive-translate-walked=\"b73dce8e-cbb5-44b3-880b-30742ae7690b\">De Bang Tn 12000 Puffs wegwerp-elektronische sigaret is een van de beste opties voor dampers die op zoek zijn naar een langdurige en intense dampervaring. Met een royale 20 ml vloeistofvolume en een opmerkelijke capaciteit van tot 12.000 trekken is dit apparaat ideaal voor degenen die comfortabel en praktisch willen dampen zonder voortdurend bij te vullen of op te laden.<\/p>\n<h2 data-start=\"435\" data-end=\"486\" data-immersive-translate-walked=\"b73dce8e-cbb5-44b3-880b-30742ae7690b\" data-immersive-translate-paragraph=\"1\">Wat maakt de Bang Tn 12000 Puffs zo bijzonder?<\/h2>\n<p class=\"\" data-start=\"488\" data-end=\"614\" data-immersive-translate-walked=\"b73dce8e-cbb5-44b3-880b-30742ae7690b\" data-immersive-translate-paragraph=\"1\">De Bang Tn 12000 Puffs biedt een verscheidenheid aan functies die het een uitstekende keuze maken voor alle dampers:<\/p>\n<ul>\n<li data-start=\"616\" data-end=\"655\" data-immersive-translate-walked=\"b73dce8e-cbb5-44b3-880b-30742ae7690b\" data-immersive-translate-paragraph=\"1\">Grote capaciteit voor langdurig dampen<br \/>\nMet 20 ml vloeistof en een 650mAh batterij biedt het apparaat een opmerkelijke levensduur. De 1.2\u03a9 Mesh-spoel zorgt voor een gelijkmatige en effici\u00ebnte verdamping van de vloeistof. Hierdoor kunt u genieten van de volledige 12.000 trekken zonder zich zorgen te maken over bijvullen of opladen.<\/li>\n<li data-start=\"977\" data-end=\"1009\" data-immersive-translate-walked=\"b73dce8e-cbb5-44b3-880b-30742ae7690b\" data-immersive-translate-paragraph=\"1\">Veelzijdige nicotine-opties<br \/>\nOf u nu een zware roker bent of liever damp zonder nicotine \u2013 de Bang Tn 12000 Puffs biedt een breed scala aan nicotinegehaltes: 0%, 2%, 3% en 5%. Dit stelt u in staat om de perfecte dampervaring naar uw voorkeuren aan te passen.<\/li>\n<li data-start=\"1289\" data-end=\"1327\" data-immersive-translate-walked=\"b73dce8e-cbb5-44b3-880b-30742ae7690b\" data-immersive-translate-paragraph=\"1\">Unieke smaak \u2013 Mr Blue<br \/>\nDe smaak van de Bang Tn 12000 Puffs is een combinatie van frisse, fruitige aroma's die gekenmerkt worden door de Mr Blue-smaak. Het biedt een verfrissend en licht zoet aroma dat vooral in de smaak valt bij fruitliefhebbers. Elke trek levert een uitgebalanceerde en consistente smaakervaring, waardoor dampen een genot wordt.<\/li>\n<li data-start=\"1683\" data-end=\"1721\" data-immersive-translate-walked=\"b73dce8e-cbb5-44b3-880b-30742ae7690b\" data-immersive-translate-paragraph=\"1\">Praktisch en eenvoudig in gebruik<br \/>\nAangezien het een wegwerp-elektronische sigaret is, is het ideaal voor dampers die op zoek zijn naar een eenvoudige oplossing. Er is geen behoefte aan opladen of bijvullen van de vloeistof. Uitpakken en dampen \u2013 het is niet eenvoudiger dan dat.<\/li>\n<\/ul>\n<h4 data-start=\"1990\" data-end=\"2025\" data-immersive-translate-walked=\"b73dce8e-cbb5-44b3-880b-30742ae7690b\" data-immersive-translate-paragraph=\"1\">Voordelen voor Europese kopers<\/h4>\n<p class=\"\" data-start=\"2027\" data-end=\"2115\" data-immersive-translate-walked=\"b73dce8e-cbb5-44b3-880b-30742ae7690b\" data-immersive-translate-paragraph=\"1\">Voor dampers in Nederland biedt de Bang Tn 12000 Puffs enkele opmerkelijke voordelen:<\/p>\n<ul data-start=\"2117\" data-end=\"2581\">\n<li class=\"\" data-start=\"2117\" data-end=\"2352\">\n<p class=\"\" data-start=\"2119\" data-end=\"2352\" data-immersive-translate-walked=\"b73dce8e-cbb5-44b3-880b-30742ae7690b\" data-immersive-translate-paragraph=\"1\">Geen douanekosten: Bij aankoop van de Bang Tn 12000 Puffs binnen de EU worden geen extra douanekosten in rekening gebracht. Dit zorgt voor een eenvoudige bestelling en het genieten van een transparante prijs zonder verborgen kosten.<\/p>\n<\/li>\n<li class=\"\" data-start=\"2353\" data-end=\"2581\">\n<p class=\"\" data-start=\"2355\" data-end=\"2581\" data-immersive-translate-walked=\"b73dce8e-cbb5-44b3-880b-30742ae7690b\" data-immersive-translate-paragraph=\"1\">Snelle levering: Met een levertijd van 7 tot 15 werkdagen ontvangt u uw product snel. Het is de ideale manier om snel van uw dampervaring te genieten zonder lang te hoeven wachten op de levering.<\/p>\n<\/li>\n<\/ul>\n<h2>Waar kunt u de Bang Tn 12000 Puffs kopen?<\/h2>\n<p class=\"\" data-start=\"2634\" data-end=\"2923\" data-immersive-translate-walked=\"b73dce8e-cbb5-44b3-880b-30742ae7690b\" data-immersive-translate-paragraph=\"1\">De Bang Tn 12000 Puffs is verkrijgbaar op de website vapingnet.de. Deze winkel biedt een veilige en gebruiksvriendelijke platform waarop u het product snel en gemakkelijk kunt bestellen. U profiteert bovendien van een snelle levering en betrouwbare service.<\/p>\n<h4 data-start=\"2925\" data-end=\"2991\" data-immersive-translate-walked=\"b73dce8e-cbb5-44b3-880b-30742ae7690b\" data-immersive-translate-paragraph=\"1\">Conclusie: De Bang Tn 12000 Puffs \u2013 De perfecte keuze voor dampers<\/h4>\n<p class=\"\" data-start=\"2993\" data-end=\"3501\" data-immersive-translate-walked=\"b73dce8e-cbb5-44b3-880b-30742ae7690b\" data-immersive-translate-paragraph=\"1\">De Bang Tn 12000 Puffs biedt een uitstekende dampervaring met een lange houdbaarheid, een frisse Mr Blue-smaak en verschillende nicotinegehaltes die geschikt zijn voor alle dampersbehoeften. Als u op zoek bent naar een praktische, krachtige en smaakvolle wegwerp-elektronische sigaret, is dit model de perfecte keuze. Bestel vandaag nog op vapingnet.de en geniet van een snelle levering en een uitstekende prijs-kwaliteitverhouding.<\/p>","protected":false},"excerpt":{"rendered":"<p>Die Bang Tn 12000 Puffs Einweg-E-Zigarette ist eine der besten Optionen f\u00fcr Dampfer, die auf der Suche nach einem langanhaltenden und intensiven Dampferlebnis sind. Mit&#8230;<\/p>","protected":false},"featured_media":6250,"template":"","meta":[],"etheme_brands":[],"product_brand":[101],"product_cat":[88,49,61],"product_tag":[],"class_list":{"0":"post-6244","1":"product","2":"type-product","3":"status-publish","4":"has-post-thumbnail","6":"product_brand-bang-king-vape","7":"product_cat-12k-vape","8":"product_cat-einweg-e-zigarette","9":"product_cat-f","11":"first","12":"instock","13":"shipping-taxable","14":"purchasable","15":"product-type-simple"},"yoast_head":"<!-- This site is optimized with the Yoast SEO plugin v26.5 - https:\/\/yoast.com\/wordpress\/plugins\/seo\/ -->\n<title>Bang Tn 12000 Puffs Genie\u00dfen Sie Mr Blue Premium ohne Importgeb\u00fchren | Vapingnet.de<\/title>\n<meta name=\"description\" content=\"Entdecke Bang Tn 12000 Puffs Genie\u00dfen Sie Mr Blue Premium ohne Importgeb\u00fchren bei vapingnet.de, \u25ba Gro\u00dfe Auswahl an Geschmacksrichtungen &amp; super g\u00fcnstig!\" \/>\n<meta name=\"robots\" content=\"index, follow, max-snippet:-1, max-image-preview:large, max-video-preview:-1\" \/>\n<link rel=\"canonical\" href=\"https:\/\/vapingnet.de\/nl\/vape\/bang-tn-12000-puffs-geniessen-sie-mr-blue-premium-ohne-importgebuehren\/\" \/>\n<meta property=\"og:locale\" content=\"nl_NL\" \/>\n<meta property=\"og:type\" content=\"article\" \/>\n<meta property=\"og:title\" content=\"Bang Tn 12000 Puffs Genie\u00dfen Sie Mr Blue Premium ohne Importgeb\u00fchren | Vapingnet.de\" \/>\n<meta property=\"og:description\" content=\"Entdecke Bang Tn 12000 Puffs Genie\u00dfen Sie Mr Blue Premium ohne Importgeb\u00fchren bei vapingnet.de, \u25ba Gro\u00dfe Auswahl an Geschmacksrichtungen &amp; super g\u00fcnstig!\" \/>\n<meta property=\"og:url\" content=\"https:\/\/vapingnet.de\/nl\/vape\/bang-tn-12000-puffs-geniessen-sie-mr-blue-premium-ohne-importgebuehren\/\" \/>\n<meta property=\"og:site_name\" content=\"Vapingnet.de\" \/>\n<meta property=\"article:publisher\" content=\"https:\/\/www.facebook.com\/vapingnetde\/\" \/>\n<meta property=\"article:modified_time\" content=\"2025-12-30T08:40:42+00:00\" \/>\n<meta property=\"og:image\" content=\"https:\/\/vapingnet.de\/wp-content\/uploads\/2025\/04\/Mr-Blue.png\" \/>\n\t<meta property=\"og:image:width\" content=\"1000\" \/>\n\t<meta property=\"og:image:height\" content=\"1000\" \/>\n\t<meta property=\"og:image:type\" content=\"image\/png\" \/>\n<meta name=\"twitter:card\" content=\"summary_large_image\" \/>\n<meta name=\"twitter:label1\" content=\"Est. reading time\" \/>\n\t<meta name=\"twitter:data1\" content=\"3 minutes\" \/>\n<script type=\"application\/ld+json\" class=\"yoast-schema-graph\">{\"@context\":\"https:\/\/schema.org\",\"@graph\":[{\"@type\":\"WebPage\",\"@id\":\"https:\/\/vapingnet.de\/vape\/bang-tn-12000-puffs-geniessen-sie-mr-blue-premium-ohne-importgebuehren\/\",\"url\":\"https:\/\/vapingnet.de\/vape\/bang-tn-12000-puffs-geniessen-sie-mr-blue-premium-ohne-importgebuehren\/\",\"name\":\"Bang Tn 12000 Puffs Genie\u00dfen Sie Mr Blue Premium ohne Importgeb\u00fchren | Vapingnet.de\",\"isPartOf\":{\"@id\":\"https:\/\/vapingnet.de\/#website\"},\"primaryImageOfPage\":{\"@id\":\"https:\/\/vapingnet.de\/vape\/bang-tn-12000-puffs-geniessen-sie-mr-blue-premium-ohne-importgebuehren\/#primaryimage\"},\"image\":{\"@id\":\"https:\/\/vapingnet.de\/vape\/bang-tn-12000-puffs-geniessen-sie-mr-blue-premium-ohne-importgebuehren\/#primaryimage\"},\"thumbnailUrl\":\"https:\/\/vapingnet.de\/wp-content\/uploads\/2025\/04\/Mr-Blue.png\",\"datePublished\":\"2025-04-11T05:55:21+00:00\",\"dateModified\":\"2025-12-30T08:40:42+00:00\",\"description\":\"Entdecke Bang Tn 12000 Puffs Genie\u00dfen Sie Mr Blue Premium ohne Importgeb\u00fchren bei vapingnet.de, \u25ba Gro\u00dfe Auswahl an Geschmacksrichtungen & super g\u00fcnstig!\",\"breadcrumb\":{\"@id\":\"https:\/\/vapingnet.de\/vape\/bang-tn-12000-puffs-geniessen-sie-mr-blue-premium-ohne-importgebuehren\/#breadcrumb\"},\"inLanguage\":\"nl-NL\",\"potentialAction\":[{\"@type\":\"ReadAction\",\"target\":[\"https:\/\/vapingnet.de\/vape\/bang-tn-12000-puffs-geniessen-sie-mr-blue-premium-ohne-importgebuehren\/\"]}]},{\"@type\":\"ImageObject\",\"inLanguage\":\"nl-NL\",\"@id\":\"https:\/\/vapingnet.de\/vape\/bang-tn-12000-puffs-geniessen-sie-mr-blue-premium-ohne-importgebuehren\/#primaryimage\",\"url\":\"https:\/\/vapingnet.de\/wp-content\/uploads\/2025\/04\/Mr-Blue.png\",\"contentUrl\":\"https:\/\/vapingnet.de\/wp-content\/uploads\/2025\/04\/Mr-Blue.png\",\"width\":1000,\"height\":1000},{\"@type\":\"BreadcrumbList\",\"@id\":\"https:\/\/vapingnet.de\/vape\/bang-tn-12000-puffs-geniessen-sie-mr-blue-premium-ohne-importgebuehren\/#breadcrumb\",\"itemListElement\":[{\"@type\":\"ListItem\",\"position\":1,\"name\":\"Home\",\"item\":\"https:\/\/vapingnet.de\/\"},{\"@type\":\"ListItem\",\"position\":2,\"name\":\"Shop\",\"item\":\"https:\/\/vapingnet.de\/vape\/\"},{\"@type\":\"ListItem\",\"position\":3,\"name\":\"Bang Tn 12000 Puffs Genie\u00dfen Sie Mr Blue Premium ohne Importgeb\u00fchren\"}]},{\"@type\":\"WebSite\",\"@id\":\"https:\/\/vapingnet.de\/#website\",\"url\":\"https:\/\/vapingnet.de\/\",\"name\":\"Vapingnet.de\",\"description\":\"\",\"publisher\":{\"@id\":\"https:\/\/vapingnet.de\/#organization\"},\"potentialAction\":[{\"@type\":\"SearchAction\",\"target\":{\"@type\":\"EntryPoint\",\"urlTemplate\":\"https:\/\/vapingnet.de\/?s={search_term_string}\"},\"query-input\":{\"@type\":\"PropertyValueSpecification\",\"valueRequired\":true,\"valueName\":\"search_term_string\"}}],\"inLanguage\":\"nl-NL\"},{\"@type\":\"Organization\",\"@id\":\"https:\/\/vapingnet.de\/#organization\",\"name\":\"Vapingnet.de\",\"url\":\"https:\/\/vapingnet.de\/\",\"logo\":{\"@type\":\"ImageObject\",\"inLanguage\":\"nl-NL\",\"@id\":\"https:\/\/vapingnet.de\/#\/schema\/logo\/image\/\",\"url\":\"https:\/\/vapingnet.de\/wp-content\/uploads\/2025\/03\/cropped-vapingnet.de_.jpg\",\"contentUrl\":\"https:\/\/vapingnet.de\/wp-content\/uploads\/2025\/03\/cropped-vapingnet.de_.jpg\",\"width\":512,\"height\":512,\"caption\":\"Vapingnet.de\"},\"image\":{\"@id\":\"https:\/\/vapingnet.de\/#\/schema\/logo\/image\/\"},\"sameAs\":[\"https:\/\/www.facebook.com\/vapingnetde\/\"]}]}<\/script>\n<!-- \/ Yoast SEO plugin. -->","yoast_head_json":{"title":"Bang Tn 12000 Puffs Genie\u00dfen Sie Mr Blue Premium ohne Importgeb\u00fchren | Vapingnet.de","description":"Entdecke Bang Tn 12000 Puffs Genie\u00dfen Sie Mr Blue Premium ohne Importgeb\u00fchren bei vapingnet.de, \u25ba Gro\u00dfe Auswahl an Geschmacksrichtungen & super g\u00fcnstig!","robots":{"index":"index","follow":"follow","max-snippet":"max-snippet:-1","max-image-preview":"max-image-preview:large","max-video-preview":"max-video-preview:-1"},"canonical":"https:\/\/vapingnet.de\/nl\/vape\/bang-tn-12000-puffs-geniessen-sie-mr-blue-premium-ohne-importgebuehren\/","og_locale":"nl_NL","og_type":"article","og_title":"Bang Tn 12000 Puffs Genie\u00dfen Sie Mr Blue Premium ohne Importgeb\u00fchren | Vapingnet.de","og_description":"Entdecke Bang Tn 12000 Puffs Genie\u00dfen Sie Mr Blue Premium ohne Importgeb\u00fchren bei vapingnet.de, \u25ba Gro\u00dfe Auswahl an Geschmacksrichtungen & super g\u00fcnstig!","og_url":"https:\/\/vapingnet.de\/nl\/vape\/bang-tn-12000-puffs-geniessen-sie-mr-blue-premium-ohne-importgebuehren\/","og_site_name":"Vapingnet.de","article_publisher":"https:\/\/www.facebook.com\/vapingnetde\/","article_modified_time":"2025-12-30T08:40:42+00:00","og_image":[{"width":1000,"height":1000,"url":"https:\/\/vapingnet.de\/wp-content\/uploads\/2025\/04\/Mr-Blue.png","type":"image\/png"}],"twitter_card":"summary_large_image","twitter_misc":{"Est. reading time":"3 minutes"},"schema":{"@context":"https:\/\/schema.org","@graph":[{"@type":"WebPage","@id":"https:\/\/vapingnet.de\/vape\/bang-tn-12000-puffs-geniessen-sie-mr-blue-premium-ohne-importgebuehren\/","url":"https:\/\/vapingnet.de\/vape\/bang-tn-12000-puffs-geniessen-sie-mr-blue-premium-ohne-importgebuehren\/","name":"Bang Tn 12000 Puffs Genie\u00dfen Sie Mr Blue Premium ohne Importgeb\u00fchren | Vapingnet.de","isPartOf":{"@id":"https:\/\/vapingnet.de\/#website"},"primaryImageOfPage":{"@id":"https:\/\/vapingnet.de\/vape\/bang-tn-12000-puffs-geniessen-sie-mr-blue-premium-ohne-importgebuehren\/#primaryimage"},"image":{"@id":"https:\/\/vapingnet.de\/vape\/bang-tn-12000-puffs-geniessen-sie-mr-blue-premium-ohne-importgebuehren\/#primaryimage"},"thumbnailUrl":"https:\/\/vapingnet.de\/wp-content\/uploads\/2025\/04\/Mr-Blue.png","datePublished":"2025-04-11T05:55:21+00:00","dateModified":"2025-12-30T08:40:42+00:00","description":"Entdecke Bang Tn 12000 Puffs Genie\u00dfen Sie Mr Blue Premium ohne Importgeb\u00fchren bei vapingnet.de, \u25ba Gro\u00dfe Auswahl an Geschmacksrichtungen & super g\u00fcnstig!","breadcrumb":{"@id":"https:\/\/vapingnet.de\/vape\/bang-tn-12000-puffs-geniessen-sie-mr-blue-premium-ohne-importgebuehren\/#breadcrumb"},"inLanguage":"nl-NL","potentialAction":[{"@type":"ReadAction","target":["https:\/\/vapingnet.de\/vape\/bang-tn-12000-puffs-geniessen-sie-mr-blue-premium-ohne-importgebuehren\/"]}]},{"@type":"ImageObject","inLanguage":"nl-NL","@id":"https:\/\/vapingnet.de\/vape\/bang-tn-12000-puffs-geniessen-sie-mr-blue-premium-ohne-importgebuehren\/#primaryimage","url":"https:\/\/vapingnet.de\/wp-content\/uploads\/2025\/04\/Mr-Blue.png","contentUrl":"https:\/\/vapingnet.de\/wp-content\/uploads\/2025\/04\/Mr-Blue.png","width":1000,"height":1000},{"@type":"BreadcrumbList","@id":"https:\/\/vapingnet.de\/vape\/bang-tn-12000-puffs-geniessen-sie-mr-blue-premium-ohne-importgebuehren\/#breadcrumb","itemListElement":[{"@type":"ListItem","position":1,"name":"Home","item":"https:\/\/vapingnet.de\/"},{"@type":"ListItem","position":2,"name":"Shop","item":"https:\/\/vapingnet.de\/vape\/"},{"@type":"ListItem","position":3,"name":"Bang Tn 12000 Puffs Genie\u00dfen Sie Mr Blue Premium ohne Importgeb\u00fchren"}]},{"@type":"WebSite","@id":"https:\/\/vapingnet.de\/#website","url":"https:\/\/vapingnet.de\/","name":"Vapingnet.de","description":"","publisher":{"@id":"https:\/\/vapingnet.de\/#organization"},"potentialAction":[{"@type":"SearchAction","target":{"@type":"EntryPoint","urlTemplate":"https:\/\/vapingnet.de\/?s={search_term_string}"},"query-input":{"@type":"PropertyValueSpecification","valueRequired":true,"valueName":"search_term_string"}}],"inLanguage":"nl-NL"},{"@type":"Organization","@id":"https:\/\/vapingnet.de\/#organization","name":"Vapingnet.de","url":"https:\/\/vapingnet.de\/","logo":{"@type":"ImageObject","inLanguage":"nl-NL","@id":"https:\/\/vapingnet.de\/#\/schema\/logo\/image\/","url":"https:\/\/vapingnet.de\/wp-content\/uploads\/2025\/03\/cropped-vapingnet.de_.jpg","contentUrl":"https:\/\/vapingnet.de\/wp-content\/uploads\/2025\/03\/cropped-vapingnet.de_.jpg","width":512,"height":512,"caption":"Vapingnet.de"},"image":{"@id":"https:\/\/vapingnet.de\/#\/schema\/logo\/image\/"},"sameAs":["https:\/\/www.facebook.com\/vapingnetde\/"]}]}},"tiered_pricing_type":"fixed","tiered_pricing_fixed_rules":{"10":"7.31","60":"6.58","110":"5.85","200":"5.12"},"tiered_pricing_product_settings":{"layout":"default","base_unit_name":{"singular":null,"plural":null},"default_variation":null},"tiered_pricing_minimum_quantity":null,"tiered_pricing_roles_data":[],"tiered_pricing_percentage_rules":[],"_links":{"self":[{"href":"https:\/\/vapingnet.de\/nl\/wp-json\/wp\/v2\/product\/6244","targetHints":{"allow":["GET"]}}],"collection":[{"href":"https:\/\/vapingnet.de\/nl\/wp-json\/wp\/v2\/product"}],"about":[{"href":"https:\/\/vapingnet.de\/nl\/wp-json\/wp\/v2\/types\/product"}],"version-history":[{"count":1,"href":"https:\/\/vapingnet.de\/nl\/wp-json\/wp\/v2\/product\/6244\/revisions"}],"predecessor-version":[{"id":6256,"href":"https:\/\/vapingnet.de\/nl\/wp-json\/wp\/v2\/product\/6244\/revisions\/6256"}],"wp:featuredmedia":[{"embeddable":true,"href":"https:\/\/vapingnet.de\/nl\/wp-json\/wp\/v2\/media\/6250"}],"wp:attachment":[{"href":"https:\/\/vapingnet.de\/nl\/wp-json\/wp\/v2\/media?parent=6244"}],"wp:term":[{"taxonomy":"brand","embeddable":true,"href":"https:\/\/vapingnet.de\/nl\/wp-json\/wp\/v2\/etheme_brands?post=6244"},{"taxonomy":"product_brand","embeddable":true,"href":"https:\/\/vapingnet.de\/nl\/wp-json\/wp\/v2\/product_brand?post=6244"},{"taxonomy":"product_cat","embeddable":true,"href":"https:\/\/vapingnet.de\/nl\/wp-json\/wp\/v2\/product_cat?post=6244"},{"taxonomy":"product_tag","embeddable":true,"href":"https:\/\/vapingnet.de\/nl\/wp-json\/wp\/v2\/product_tag?post=6244"}],"curies":[{"name":"wp","href":"https:\/\/api.w.org\/{rel}","templated":true}]}}