{"id":6265,"date":"2025-04-11T07:13:16","date_gmt":"2025-04-11T07:13:16","guid":{"rendered":"https:\/\/vapingnet.de\/?post_type=product&#038;p=6265"},"modified":"2025-06-19T03:39:54","modified_gmt":"2025-06-19T03:39:54","slug":"weltweit-beliebt-bang-king-smart-screen-15000-puff-mit-strawberry-watermelon-wholesale-preis","status":"publish","type":"product","link":"https:\/\/vapingnet.de\/nl\/vape\/weltweit-beliebt-bang-king-smart-screen-15000-puff-mit-strawberry-watermelon-wholesale-preis\/","title":{"rendered":"Wereldwijd Populair Bang King Smart Screen 15000 Puff Met Strawberry Watermelon Groothandelsprijs"},"content":{"rendered":"<h2 data-start=\"0\" data-end=\"68\" data-immersive-translate-walked=\"4c2d9c40-b75a-4665-9f09-a77bdc8dae8b\">Bang King Smart Screen 15000 Puff: De perfecte keuze voor dampers<\/h2>\n<p class=\"\" data-start=\"70\" data-end=\"407\" data-immersive-translate-walked=\"4c2d9c40-b75a-4665-9f09-a77bdc8dae8b\" data-immersive-translate-paragraph=\"1\">De Bang King Smart Screen 15000 Puff is een uitzonderlijke wegwerp-e-sigaret die zich onderscheidt door zijn prestaties, gebruiksvriendelijkheid en smaak. Met geavanceerde technologie en een uniek ontwerp biedt hij alles wat dampers zoeken \u2013 van lange duurzaamheid tot een intense dampbeleving.<\/p>\n<h4 data-start=\"409\" data-end=\"442\" data-immersive-translate-walked=\"4c2d9c40-b75a-4665-9f09-a77bdc8dae8b\">Productkenmerken in detail<\/h4>\n<p class=\"\" data-start=\"444\" data-end=\"812\" data-immersive-translate-walked=\"4c2d9c40-b75a-4665-9f09-a77bdc8dae8b\" data-immersive-translate-paragraph=\"1\">Mesh Coil (1.0 Ohm):<br data-start=\"468\" data-end=\"471\" data-immersive-translate-walked=\"4c2d9c40-b75a-4665-9f09-a77bdc8dae8b\" \/>Deze e-sigaret is uitgerust met een Mesh Coil, die zorgt voor een gelijkmatige verdamping en een intensere smaakbeleving. De Mesh-technologie maakt verbeterde luchtcirculatie mogelijk en zorgt voor een gelijkmatige verdamping van het e-liquid, wat leidt tot een betere smaak en een langere levensduur van het product.<\/p>\n<p class=\"\" data-start=\"814\" data-end=\"1100\" data-immersive-translate-walked=\"4c2d9c40-b75a-4665-9f09-a77bdc8dae8b\" data-immersive-translate-paragraph=\"1\">Batterijcapaciteit (650mAh):<br data-start=\"845\" data-end=\"848\" data-immersive-translate-walked=\"4c2d9c40-b75a-4665-9f09-a77bdc8dae8b\" \/>Met een 650mAh batterij biedt de Bang King Smart Screen 15000 Puff een langdurige dampduur. De batterij zorgt ervoor dat de e-sigaret gedurende langere tijd gebruikt kan worden zonder dat opladen nodig is.<\/p>\n<p class=\"\" data-start=\"1102\" data-end=\"1347\" data-immersive-translate-walked=\"4c2d9c40-b75a-4665-9f09-a77bdc8dae8b\" data-immersive-translate-paragraph=\"1\">E-Liquid-capaciteit (25ml):<br data-start=\"1132\" data-end=\"1135\" data-immersive-translate-walked=\"4c2d9c40-b75a-4665-9f09-a77bdc8dae8b\" \/>Met een royale 25ml e-liquid-capaciteit hoef je je geen zorgen te maken over vaak bijvullen. Deze e-sigaret biedt een lange dampduur en stelt je in staat om zonder onderbrekingen te genieten.<\/p>\n<h4 data-start=\"1349\" data-end=\"1401\" data-immersive-translate-walked=\"4c2d9c40-b75a-4665-9f09-a77bdc8dae8b\">Veelzijdige nicotinepercentages voor elke voorkeur<\/h4>\n<p class=\"\" data-start=\"1403\" data-end=\"1548\" data-immersive-translate-walked=\"4c2d9c40-b75a-4665-9f09-a77bdc8dae8b\" data-immersive-translate-paragraph=\"1\">De Bang King Smart Screen 15000 Puff is verkrijgbaar in verschillende nicotinepercentages, zodat je de juiste ervaring voor jezelf kunt vinden:<\/p>\n<ul data-start=\"1550\" data-end=\"1723\" data-immersive-translate-walked=\"4c2d9c40-b75a-4665-9f09-a77bdc8dae8b\">\n<li class=\"\" data-start=\"1550\" data-end=\"1635\" data-immersive-translate-walked=\"4c2d9c40-b75a-4665-9f09-a77bdc8dae8b\">\n<p class=\"\" data-start=\"1552\" data-end=\"1635\" data-immersive-translate-walked=\"4c2d9c40-b75a-4665-9f09-a77bdc8dae8b\" data-immersive-translate-paragraph=\"1\">0% Nicotine: Ideaal voor dampers die van smaak zonder nicotine willen genieten.<\/p>\n<\/li>\n<li class=\"\" data-start=\"1636\" data-end=\"1723\" data-immersive-translate-walked=\"4c2d9c40-b75a-4665-9f09-a77bdc8dae8b\">\n<p class=\"\" data-start=\"1638\" data-end=\"1723\" data-immersive-translate-walked=\"4c2d9c40-b75a-4665-9f09-a77bdc8dae8b\" data-immersive-translate-paragraph=\"1\">2%, 3% en 5% nicotine: Voor degenen die een sterkere nicotine-ervaring zoeken.<\/p>\n<\/li>\n<\/ul>\n<h4 data-start=\"1725\" data-end=\"1772\" data-immersive-translate-walked=\"4c2d9c40-b75a-4665-9f09-a77bdc8dae8b\">LED-display en USB-Type-C oplaadpoort<\/h4>\n<p class=\"\" data-start=\"1774\" data-end=\"2052\" data-immersive-translate-walked=\"4c2d9c40-b75a-4665-9f09-a77bdc8dae8b\" data-immersive-translate-paragraph=\"1\">De Bang King Smart Screen 15000 Puff is uitgerust met een handig LED-display dat de batterijstatus en het niveau van het e-liquid aangeeft. Daarnaast beschikt hij over een moderne Type-C oplaadpoort, die snel en eenvoudig opladen mogelijk maakt.<\/p>\n<h4 data-start=\"2054\" data-end=\"2105\" data-immersive-translate-walked=\"4c2d9c40-b75a-4665-9f09-a77bdc8dae8b\">Heerlijke smaak: Aardbei Watermeloen<\/h4>\n<p class=\"\" data-start=\"2107\" data-end=\"2321\" data-immersive-translate-walked=\"4c2d9c40-b75a-4665-9f09-a77bdc8dae8b\" data-immersive-translate-paragraph=\"1\">De aardbei-watermeloen smaak van deze e-sigaret combineert zoete aardbeien met sappige watermeloen. Deze fruitige mix zorgt voor een verfrissende dampbeleving die je de hele dag vergezelt.<\/p>\n<h3>Voordelen van de Bang King Smart Screen 15000 Puff<\/h3>\n<ul data-start=\"2379\" data-end=\"2858\" data-immersive-translate-walked=\"4c2d9c40-b75a-4665-9f09-a77bdc8dae8b\">\n<li class=\"\" data-start=\"2379\" data-end=\"2471\" data-immersive-translate-walked=\"4c2d9c40-b75a-4665-9f09-a77bdc8dae8b\">\n<p class=\"\" data-start=\"2381\" data-end=\"2471\" data-immersive-translate-walked=\"4c2d9c40-b75a-4665-9f09-a77bdc8dae8b\" data-immersive-translate-paragraph=\"1\">Lange dampduur dankzij de grote e-liquid-capaciteit en de krachtige batterij.<\/p>\n<\/li>\n<li class=\"\" data-start=\"2472\" data-end=\"2579\" data-immersive-translate-walked=\"4c2d9c40-b75a-4665-9f09-a77bdc8dae8b\">\n<p class=\"\" data-start=\"2474\" data-end=\"2579\" data-immersive-translate-walked=\"4c2d9c40-b75a-4665-9f09-a77bdc8dae8b\" data-immersive-translate-paragraph=\"1\">Verschillende nicotinepercentages (0%, 2%, 3%, 5%) om aan jouw persoonlijke wensen te voldoen.<\/p>\n<\/li>\n<li class=\"\" data-start=\"2580\" data-end=\"2643\" data-immersive-translate-walked=\"4c2d9c40-b75a-4665-9f09-a77bdc8dae8b\">\n<p class=\"\" data-start=\"2582\" data-end=\"2643\" data-immersive-translate-walked=\"4c2d9c40-b75a-4665-9f09-a77bdc8dae8b\" data-immersive-translate-paragraph=\"1\">LED-display voor het tonen van het e-liquid- en batterijniveau.<\/p>\n<\/li>\n<li class=\"\" data-start=\"2644\" data-end=\"2701\" data-immersive-translate-walked=\"4c2d9c40-b75a-4665-9f09-a77bdc8dae8b\">\n<p class=\"\" data-start=\"2646\" data-end=\"2701\" data-immersive-translate-walked=\"4c2d9c40-b75a-4665-9f09-a77bdc8dae8b\" data-immersive-translate-paragraph=\"1\">Snel opladen met de Type-C oplaadpoort.<\/p>\n<\/li>\n<li class=\"\" data-start=\"2702\" data-end=\"2762\" data-immersive-translate-walked=\"4c2d9c40-b75a-4665-9f09-a77bdc8dae8b\">\n<p class=\"\" data-start=\"2704\" data-end=\"2762\" data-immersive-translate-walked=\"4c2d9c40-b75a-4665-9f09-a77bdc8dae8b\" data-immersive-translate-paragraph=\"1\">Verfrissende smaak van Aardbei Watermeloen.<\/p>\n<\/li>\n<li class=\"\" data-start=\"2763\" data-end=\"2858\" data-immersive-translate-walked=\"4c2d9c40-b75a-4665-9f09-a77bdc8dae8b\">\n<p class=\"\" data-start=\"2765\" data-end=\"2858\" data-immersive-translate-walked=\"4c2d9c40-b75a-4665-9f09-a77bdc8dae8b\" data-immersive-translate-paragraph=\"1\">Vrijgestelde verzending en levering binnen 7-15 werkdagen op vapingnet.de.<\/p>\n<\/li>\n<\/ul>\n<h4 data-start=\"2860\" data-end=\"2942\" data-immersive-translate-walked=\"4c2d9c40-b75a-4665-9f09-a77bdc8dae8b\">De Bang King Smart Screen 15000 Puff voor de perfecte dampbeleving<\/h4>\n<p class=\"\" data-start=\"2944\" data-end=\"3369\" data-immersive-translate-walked=\"4c2d9c40-b75a-4665-9f09-a77bdc8dae8b\" data-immersive-translate-paragraph=\"1\">De Bang King Smart Screen 15000 Puff is de ideale keuze voor dampers die op zoek zijn naar een langdurige, gebruiksvriendelijke en smaakvolle e-sigaret. Met een grote e-liquid capaciteit, een krachtige batterij en een heerlijke smaak biedt hij alles wat je nodig hebt voor een eersteklas dampervaring. Bestel vandaag nog op vapingnet.de en geniet volop van het dampen!<\/p>","protected":false},"excerpt":{"rendered":"<p>Bang King Smart Screen 15000 Puff: Die perfekte Wahl f\u00fcr Dampfer Die Bang King Smart Screen 15000 Puff ist eine au\u00dfergew\u00f6hnliche Einweg-E-Zigarette, die sich durch&#8230;<\/p>","protected":false},"featured_media":6857,"template":"","meta":[],"etheme_brands":[],"product_brand":[101],"product_cat":[53,49,61],"product_tag":[],"class_list":{"0":"post-6265","1":"product","2":"type-product","3":"status-publish","4":"has-post-thumbnail","6":"product_brand-bang-king-vape","7":"product_cat-vape-15000-zuege","8":"product_cat-einweg-e-zigarette","9":"product_cat-f","11":"first","12":"instock","13":"shipping-taxable","14":"purchasable","15":"product-type-simple"},"yoast_head":"<!-- This site is optimized with the Yoast SEO plugin v26.5 - https:\/\/yoast.com\/wordpress\/plugins\/seo\/ -->\n<title>Weltweit Beliebt Bang King Smart Screen 15000 Puff Mit Strawberry Watermelon Wholesale Preis | Vapingnet.de<\/title>\n<meta name=\"description\" content=\"Entdecke Weltweit Beliebt Bang King Smart Screen 15000 Puff Mit Strawberry Watermelon Wholesale Preis bei vapingnet.de, \u25ba Gro\u00dfe Auswahl an Geschmacksrichtungen &amp; super g\u00fcnstig!\" \/>\n<meta name=\"robots\" content=\"index, follow, max-snippet:-1, max-image-preview:large, max-video-preview:-1\" \/>\n<link rel=\"canonical\" href=\"https:\/\/vapingnet.de\/nl\/vape\/weltweit-beliebt-bang-king-smart-screen-15000-puff-mit-strawberry-watermelon-wholesale-preis\/\" \/>\n<meta property=\"og:locale\" content=\"nl_NL\" \/>\n<meta property=\"og:type\" content=\"article\" \/>\n<meta property=\"og:title\" content=\"Weltweit Beliebt Bang King Smart Screen 15000 Puff Mit Strawberry Watermelon Wholesale Preis | Vapingnet.de\" \/>\n<meta property=\"og:description\" content=\"Entdecke Weltweit Beliebt Bang King Smart Screen 15000 Puff Mit Strawberry Watermelon Wholesale Preis bei vapingnet.de, \u25ba Gro\u00dfe Auswahl an Geschmacksrichtungen &amp; super g\u00fcnstig!\" \/>\n<meta property=\"og:url\" content=\"https:\/\/vapingnet.de\/nl\/vape\/weltweit-beliebt-bang-king-smart-screen-15000-puff-mit-strawberry-watermelon-wholesale-preis\/\" \/>\n<meta property=\"og:site_name\" content=\"Vapingnet.de\" \/>\n<meta property=\"article:publisher\" content=\"https:\/\/www.facebook.com\/vapingnetde\/\" \/>\n<meta property=\"article:modified_time\" content=\"2025-06-19T03:39:54+00:00\" \/>\n<meta property=\"og:image\" content=\"https:\/\/vapingnet.de\/wp-content\/uploads\/2025\/04\/bang-Strawberry-Watermelon-1.webp\" \/>\n\t<meta property=\"og:image:width\" content=\"1000\" \/>\n\t<meta property=\"og:image:height\" content=\"1000\" \/>\n\t<meta property=\"og:image:type\" content=\"image\/webp\" \/>\n<meta name=\"twitter:card\" content=\"summary_large_image\" \/>\n<meta name=\"twitter:label1\" content=\"Est. reading time\" \/>\n\t<meta name=\"twitter:data1\" content=\"3 minutes\" \/>\n<script type=\"application\/ld+json\" class=\"yoast-schema-graph\">{\"@context\":\"https:\/\/schema.org\",\"@graph\":[{\"@type\":\"WebPage\",\"@id\":\"https:\/\/vapingnet.de\/vape\/weltweit-beliebt-bang-king-smart-screen-15000-puff-mit-strawberry-watermelon-wholesale-preis\/\",\"url\":\"https:\/\/vapingnet.de\/vape\/weltweit-beliebt-bang-king-smart-screen-15000-puff-mit-strawberry-watermelon-wholesale-preis\/\",\"name\":\"Weltweit Beliebt Bang King Smart Screen 15000 Puff Mit Strawberry Watermelon Wholesale Preis | Vapingnet.de\",\"isPartOf\":{\"@id\":\"https:\/\/vapingnet.de\/#website\"},\"primaryImageOfPage\":{\"@id\":\"https:\/\/vapingnet.de\/vape\/weltweit-beliebt-bang-king-smart-screen-15000-puff-mit-strawberry-watermelon-wholesale-preis\/#primaryimage\"},\"image\":{\"@id\":\"https:\/\/vapingnet.de\/vape\/weltweit-beliebt-bang-king-smart-screen-15000-puff-mit-strawberry-watermelon-wholesale-preis\/#primaryimage\"},\"thumbnailUrl\":\"https:\/\/vapingnet.de\/wp-content\/uploads\/2025\/04\/bang-Strawberry-Watermelon-1.webp\",\"datePublished\":\"2025-04-11T07:13:16+00:00\",\"dateModified\":\"2025-06-19T03:39:54+00:00\",\"description\":\"Entdecke Weltweit Beliebt Bang King Smart Screen 15000 Puff Mit Strawberry Watermelon Wholesale Preis bei vapingnet.de, \u25ba Gro\u00dfe Auswahl an Geschmacksrichtungen & super g\u00fcnstig!\",\"breadcrumb\":{\"@id\":\"https:\/\/vapingnet.de\/vape\/weltweit-beliebt-bang-king-smart-screen-15000-puff-mit-strawberry-watermelon-wholesale-preis\/#breadcrumb\"},\"inLanguage\":\"nl-NL\",\"potentialAction\":[{\"@type\":\"ReadAction\",\"target\":[\"https:\/\/vapingnet.de\/vape\/weltweit-beliebt-bang-king-smart-screen-15000-puff-mit-strawberry-watermelon-wholesale-preis\/\"]}]},{\"@type\":\"ImageObject\",\"inLanguage\":\"nl-NL\",\"@id\":\"https:\/\/vapingnet.de\/vape\/weltweit-beliebt-bang-king-smart-screen-15000-puff-mit-strawberry-watermelon-wholesale-preis\/#primaryimage\",\"url\":\"https:\/\/vapingnet.de\/wp-content\/uploads\/2025\/04\/bang-Strawberry-Watermelon-1.webp\",\"contentUrl\":\"https:\/\/vapingnet.de\/wp-content\/uploads\/2025\/04\/bang-Strawberry-Watermelon-1.webp\",\"width\":1000,\"height\":1000},{\"@type\":\"BreadcrumbList\",\"@id\":\"https:\/\/vapingnet.de\/vape\/weltweit-beliebt-bang-king-smart-screen-15000-puff-mit-strawberry-watermelon-wholesale-preis\/#breadcrumb\",\"itemListElement\":[{\"@type\":\"ListItem\",\"position\":1,\"name\":\"Home\",\"item\":\"https:\/\/vapingnet.de\/\"},{\"@type\":\"ListItem\",\"position\":2,\"name\":\"Shop\",\"item\":\"https:\/\/vapingnet.de\/vape\/\"},{\"@type\":\"ListItem\",\"position\":3,\"name\":\"Weltweit Beliebt Bang King Smart Screen 15000 Puff Mit Strawberry Watermelon Wholesale Preis\"}]},{\"@type\":\"WebSite\",\"@id\":\"https:\/\/vapingnet.de\/#website\",\"url\":\"https:\/\/vapingnet.de\/\",\"name\":\"Vapingnet.de\",\"description\":\"\",\"publisher\":{\"@id\":\"https:\/\/vapingnet.de\/#organization\"},\"potentialAction\":[{\"@type\":\"SearchAction\",\"target\":{\"@type\":\"EntryPoint\",\"urlTemplate\":\"https:\/\/vapingnet.de\/?s={search_term_string}\"},\"query-input\":{\"@type\":\"PropertyValueSpecification\",\"valueRequired\":true,\"valueName\":\"search_term_string\"}}],\"inLanguage\":\"nl-NL\"},{\"@type\":\"Organization\",\"@id\":\"https:\/\/vapingnet.de\/#organization\",\"name\":\"Vapingnet.de\",\"url\":\"https:\/\/vapingnet.de\/\",\"logo\":{\"@type\":\"ImageObject\",\"inLanguage\":\"nl-NL\",\"@id\":\"https:\/\/vapingnet.de\/#\/schema\/logo\/image\/\",\"url\":\"https:\/\/vapingnet.de\/wp-content\/uploads\/2025\/03\/cropped-vapingnet.de_.jpg\",\"contentUrl\":\"https:\/\/vapingnet.de\/wp-content\/uploads\/2025\/03\/cropped-vapingnet.de_.jpg\",\"width\":512,\"height\":512,\"caption\":\"Vapingnet.de\"},\"image\":{\"@id\":\"https:\/\/vapingnet.de\/#\/schema\/logo\/image\/\"},\"sameAs\":[\"https:\/\/www.facebook.com\/vapingnetde\/\"]}]}<\/script>\n<!-- \/ Yoast SEO plugin. -->","yoast_head_json":{"title":"Weltweit Beliebt Bang King Smart Screen 15000 Puff Mit Strawberry Watermelon Wholesale Preis | Vapingnet.de","description":"Entdecke Weltweit Beliebt Bang King Smart Screen 15000 Puff Mit Strawberry Watermelon Wholesale Preis bei vapingnet.de, \u25ba Gro\u00dfe Auswahl an Geschmacksrichtungen & super g\u00fcnstig!","robots":{"index":"index","follow":"follow","max-snippet":"max-snippet:-1","max-image-preview":"max-image-preview:large","max-video-preview":"max-video-preview:-1"},"canonical":"https:\/\/vapingnet.de\/nl\/vape\/weltweit-beliebt-bang-king-smart-screen-15000-puff-mit-strawberry-watermelon-wholesale-preis\/","og_locale":"nl_NL","og_type":"article","og_title":"Weltweit Beliebt Bang King Smart Screen 15000 Puff Mit Strawberry Watermelon Wholesale Preis | Vapingnet.de","og_description":"Entdecke Weltweit Beliebt Bang King Smart Screen 15000 Puff Mit Strawberry Watermelon Wholesale Preis bei vapingnet.de, \u25ba Gro\u00dfe Auswahl an Geschmacksrichtungen & super g\u00fcnstig!","og_url":"https:\/\/vapingnet.de\/nl\/vape\/weltweit-beliebt-bang-king-smart-screen-15000-puff-mit-strawberry-watermelon-wholesale-preis\/","og_site_name":"Vapingnet.de","article_publisher":"https:\/\/www.facebook.com\/vapingnetde\/","article_modified_time":"2025-06-19T03:39:54+00:00","og_image":[{"width":1000,"height":1000,"url":"https:\/\/vapingnet.de\/wp-content\/uploads\/2025\/04\/bang-Strawberry-Watermelon-1.webp","type":"image\/webp"}],"twitter_card":"summary_large_image","twitter_misc":{"Est. reading time":"3 minutes"},"schema":{"@context":"https:\/\/schema.org","@graph":[{"@type":"WebPage","@id":"https:\/\/vapingnet.de\/vape\/weltweit-beliebt-bang-king-smart-screen-15000-puff-mit-strawberry-watermelon-wholesale-preis\/","url":"https:\/\/vapingnet.de\/vape\/weltweit-beliebt-bang-king-smart-screen-15000-puff-mit-strawberry-watermelon-wholesale-preis\/","name":"Weltweit Beliebt Bang King Smart Screen 15000 Puff Mit Strawberry Watermelon Wholesale Preis | Vapingnet.de","isPartOf":{"@id":"https:\/\/vapingnet.de\/#website"},"primaryImageOfPage":{"@id":"https:\/\/vapingnet.de\/vape\/weltweit-beliebt-bang-king-smart-screen-15000-puff-mit-strawberry-watermelon-wholesale-preis\/#primaryimage"},"image":{"@id":"https:\/\/vapingnet.de\/vape\/weltweit-beliebt-bang-king-smart-screen-15000-puff-mit-strawberry-watermelon-wholesale-preis\/#primaryimage"},"thumbnailUrl":"https:\/\/vapingnet.de\/wp-content\/uploads\/2025\/04\/bang-Strawberry-Watermelon-1.webp","datePublished":"2025-04-11T07:13:16+00:00","dateModified":"2025-06-19T03:39:54+00:00","description":"Entdecke Weltweit Beliebt Bang King Smart Screen 15000 Puff Mit Strawberry Watermelon Wholesale Preis bei vapingnet.de, \u25ba Gro\u00dfe Auswahl an Geschmacksrichtungen & super g\u00fcnstig!","breadcrumb":{"@id":"https:\/\/vapingnet.de\/vape\/weltweit-beliebt-bang-king-smart-screen-15000-puff-mit-strawberry-watermelon-wholesale-preis\/#breadcrumb"},"inLanguage":"nl-NL","potentialAction":[{"@type":"ReadAction","target":["https:\/\/vapingnet.de\/vape\/weltweit-beliebt-bang-king-smart-screen-15000-puff-mit-strawberry-watermelon-wholesale-preis\/"]}]},{"@type":"ImageObject","inLanguage":"nl-NL","@id":"https:\/\/vapingnet.de\/vape\/weltweit-beliebt-bang-king-smart-screen-15000-puff-mit-strawberry-watermelon-wholesale-preis\/#primaryimage","url":"https:\/\/vapingnet.de\/wp-content\/uploads\/2025\/04\/bang-Strawberry-Watermelon-1.webp","contentUrl":"https:\/\/vapingnet.de\/wp-content\/uploads\/2025\/04\/bang-Strawberry-Watermelon-1.webp","width":1000,"height":1000},{"@type":"BreadcrumbList","@id":"https:\/\/vapingnet.de\/vape\/weltweit-beliebt-bang-king-smart-screen-15000-puff-mit-strawberry-watermelon-wholesale-preis\/#breadcrumb","itemListElement":[{"@type":"ListItem","position":1,"name":"Home","item":"https:\/\/vapingnet.de\/"},{"@type":"ListItem","position":2,"name":"Shop","item":"https:\/\/vapingnet.de\/vape\/"},{"@type":"ListItem","position":3,"name":"Weltweit Beliebt Bang King Smart Screen 15000 Puff Mit Strawberry Watermelon Wholesale Preis"}]},{"@type":"WebSite","@id":"https:\/\/vapingnet.de\/#website","url":"https:\/\/vapingnet.de\/","name":"Vapingnet.de","description":"","publisher":{"@id":"https:\/\/vapingnet.de\/#organization"},"potentialAction":[{"@type":"SearchAction","target":{"@type":"EntryPoint","urlTemplate":"https:\/\/vapingnet.de\/?s={search_term_string}"},"query-input":{"@type":"PropertyValueSpecification","valueRequired":true,"valueName":"search_term_string"}}],"inLanguage":"nl-NL"},{"@type":"Organization","@id":"https:\/\/vapingnet.de\/#organization","name":"Vapingnet.de","url":"https:\/\/vapingnet.de\/","logo":{"@type":"ImageObject","inLanguage":"nl-NL","@id":"https:\/\/vapingnet.de\/#\/schema\/logo\/image\/","url":"https:\/\/vapingnet.de\/wp-content\/uploads\/2025\/03\/cropped-vapingnet.de_.jpg","contentUrl":"https:\/\/vapingnet.de\/wp-content\/uploads\/2025\/03\/cropped-vapingnet.de_.jpg","width":512,"height":512,"caption":"Vapingnet.de"},"image":{"@id":"https:\/\/vapingnet.de\/#\/schema\/logo\/image\/"},"sameAs":["https:\/\/www.facebook.com\/vapingnetde\/"]}]}},"tiered_pricing_type":"fixed","tiered_pricing_fixed_rules":{"10":"8.35","60":"7.52","110":"6.68","200":"5.85"},"tiered_pricing_product_settings":{"layout":"default","base_unit_name":{"singular":null,"plural":null},"default_variation":null},"tiered_pricing_minimum_quantity":null,"tiered_pricing_roles_data":[],"tiered_pricing_percentage_rules":[],"_links":{"self":[{"href":"https:\/\/vapingnet.de\/nl\/wp-json\/wp\/v2\/product\/6265","targetHints":{"allow":["GET"]}}],"collection":[{"href":"https:\/\/vapingnet.de\/nl\/wp-json\/wp\/v2\/product"}],"about":[{"href":"https:\/\/vapingnet.de\/nl\/wp-json\/wp\/v2\/types\/product"}],"version-history":[{"count":1,"href":"https:\/\/vapingnet.de\/nl\/wp-json\/wp\/v2\/product\/6265\/revisions"}],"predecessor-version":[{"id":6271,"href":"https:\/\/vapingnet.de\/nl\/wp-json\/wp\/v2\/product\/6265\/revisions\/6271"}],"wp:featuredmedia":[{"embeddable":true,"href":"https:\/\/vapingnet.de\/nl\/wp-json\/wp\/v2\/media\/6857"}],"wp:attachment":[{"href":"https:\/\/vapingnet.de\/nl\/wp-json\/wp\/v2\/media?parent=6265"}],"wp:term":[{"taxonomy":"brand","embeddable":true,"href":"https:\/\/vapingnet.de\/nl\/wp-json\/wp\/v2\/etheme_brands?post=6265"},{"taxonomy":"product_brand","embeddable":true,"href":"https:\/\/vapingnet.de\/nl\/wp-json\/wp\/v2\/product_brand?post=6265"},{"taxonomy":"product_cat","embeddable":true,"href":"https:\/\/vapingnet.de\/nl\/wp-json\/wp\/v2\/product_cat?post=6265"},{"taxonomy":"product_tag","embeddable":true,"href":"https:\/\/vapingnet.de\/nl\/wp-json\/wp\/v2\/product_tag?post=6265"}],"curies":[{"name":"wp","href":"https:\/\/api.w.org\/{rel}","templated":true}]}}