{"id":6376,"date":"2025-04-15T07:11:28","date_gmt":"2025-04-15T07:11:28","guid":{"rendered":"https:\/\/vapingnet.de\/?post_type=product&#038;p=6376"},"modified":"2025-06-19T03:42:57","modified_gmt":"2025-06-19T03:42:57","slug":"double-apple-geschmack-mit-elf-box-digital-12000-globale-beststeller","status":"publish","type":"product","link":"https:\/\/vapingnet.de\/nl\/vape\/double-apple-geschmack-mit-elf-box-digital-12000-globale-beststeller\/","title":{"rendered":"Double Apple Smaak met ELF BOX Digital 12000 Wereldwijde Bestsellers"},"content":{"rendered":"<h2 data-start=\"0\" data-end=\"62\" data-immersive-translate-walked=\"c46dbc58-1a98-428d-b62b-ec891b96e74f\">ELF BOX Digital 12000 \u2013 Jouw ultieme wegwerp e-sigaret<\/h2>\n<p class=\"\" data-start=\"64\" data-end=\"391\" data-immersive-translate-walked=\"c46dbc58-1a98-428d-b62b-ec891b96e74f\" data-immersive-translate-paragraph=\"1\">De ELF BOX Digital 12000 biedt een uitzonderlijke dampervaring voor iedereen die op zoek is naar een betrouwbare, duurzame en gebruiksvriendelijke wegwerp e-sigaret. Met een hoog aantal trekjes, geavanceerde technologie en intense aroma's is het een uitstekende keuze voor dampers van alle ervaringsniveaus.<\/p>\n<h4 data-start=\"393\" data-end=\"421\" data-immersive-translate-walked=\"c46dbc58-1a98-428d-b62b-ec891b96e74f\" data-immersive-translate-paragraph=\"1\">Belangrijke productkenmerken<\/h4>\n<ul data-start=\"423\" data-end=\"1172\">\n<li class=\"\" data-start=\"423\" data-end=\"505\">\n<p class=\"\" data-start=\"425\" data-end=\"505\" data-immersive-translate-walked=\"c46dbc58-1a98-428d-b62b-ec891b96e74f\" data-immersive-translate-paragraph=\"1\">Trekkers: 12.000 trekjes \u2013 voor langdurig gebruik zonder vaak bijvullen<\/p>\n<\/li>\n<li class=\"\" data-start=\"506\" data-end=\"593\">\n<p class=\"\" data-start=\"508\" data-end=\"593\" data-immersive-translate-walked=\"c46dbc58-1a98-428d-b62b-ec891b96e74f\" data-immersive-translate-paragraph=\"1\">Coil: Mesh Coil (0,8 Ohm) \u2013 voor gelijkmatige verdamping en intense smaak<\/p>\n<\/li>\n<li class=\"\" data-start=\"594\" data-end=\"659\">\n<p class=\"\" data-start=\"596\" data-end=\"659\" data-immersive-translate-walked=\"c46dbc58-1a98-428d-b62b-ec891b96e74f\" data-immersive-translate-paragraph=\"1\">E-Liquid: 25 ml \u2013 voldoende voor langdurig gebruik<\/p>\n<\/li>\n<li class=\"\" data-start=\"660\" data-end=\"748\">\n<p class=\"\" data-start=\"662\" data-end=\"748\" data-immersive-translate-walked=\"c46dbc58-1a98-428d-b62b-ec891b96e74f\" data-immersive-translate-paragraph=\"1\">Nicotine: Beschikbaar in 0%, 2%, 3% en 5% \u2013 voor dampen naar eigen voorkeur<\/p>\n<\/li>\n<li class=\"\" data-start=\"749\" data-end=\"839\">\n<p class=\"\" data-start=\"751\" data-end=\"839\" data-immersive-translate-walked=\"c46dbc58-1a98-428d-b62b-ec891b96e74f\" data-immersive-translate-paragraph=\"1\">Batterij: 500 mAh \u2013 zorgt voor een lange levensduur en een betrouwbare dampervaring<\/p>\n<\/li>\n<li class=\"\" data-start=\"840\" data-end=\"917\">\n<p class=\"\" data-start=\"842\" data-end=\"917\" data-immersive-translate-walked=\"c46dbc58-1a98-428d-b62b-ec891b96e74f\" data-immersive-translate-paragraph=\"1\">Oplaadtechnologie: USB-C \u2013 voor snel opladen en eenvoudige bediening<\/p>\n<\/li>\n<li class=\"\" data-start=\"918\" data-end=\"1035\">\n<p class=\"\" data-start=\"920\" data-end=\"1035\" data-immersive-translate-walked=\"c46dbc58-1a98-428d-b62b-ec891b96e74f\" data-immersive-translate-paragraph=\"1\">Digitale display: Toont batterijstatus en vloeistofniveau \u2013 altijd op de hoogte van de actuele status<\/p>\n<\/li>\n<li class=\"\" data-start=\"1036\" data-end=\"1084\">\n<p class=\"\" data-start=\"1038\" data-end=\"1084\" data-immersive-translate-walked=\"c46dbc58-1a98-428d-b62b-ec891b96e74f\" data-immersive-translate-paragraph=\"1\">Productgewicht: 82 g \u2013 licht en handzaam<\/p>\n<\/li>\n<li class=\"\" data-start=\"1085\" data-end=\"1172\">\n<p class=\"\" data-start=\"1087\" data-end=\"1172\" data-immersive-translate-walked=\"c46dbc58-1a98-428d-b62b-ec891b96e74f\" data-immersive-translate-paragraph=\"1\">Smaak: Double Apple \u2013 een fruitige traktatie die je bij elke trek verrast<\/p>\n<\/li>\n<\/ul>\n<h3>Voordelen van de ELF BOX Digital 12000<\/h3>\n<ul data-start=\"1214\" data-end=\"1808\">\n<li class=\"\" data-start=\"1214\" data-end=\"1378\">\n<p class=\"\" data-start=\"1216\" data-end=\"1378\" data-immersive-translate-walked=\"c46dbc58-1a98-428d-b62b-ec891b96e74f\" data-immersive-translate-paragraph=\"1\">Duurzaamheid: Met 12.000 trekjes is de ELF BOX Digital 12000 ideaal voor dagelijks gebruik en biedt een lange levensduur zonder vaak bijvullen.<\/p>\n<\/li>\n<li class=\"\" data-start=\"1379\" data-end=\"1548\">\n<p class=\"\" data-start=\"1381\" data-end=\"1548\" data-immersive-translate-walked=\"c46dbc58-1a98-428d-b62b-ec891b96e74f\" data-immersive-translate-paragraph=\"1\">Gebruiksvriendelijk: Dankzij de digitale display en de eenvoudige USB-C oplaadfunctie heb je altijd controle over de batterijstatus en de vloeistofhoeveelheid.<\/p>\n<\/li>\n<li class=\"\" data-start=\"1549\" data-end=\"1711\">\n<p class=\"\" data-start=\"1551\" data-end=\"1711\" data-immersive-translate-walked=\"c46dbc58-1a98-428d-b62b-ec891b96e74f\" data-immersive-translate-paragraph=\"1\">Hoge kwaliteit verdamping: De Mesh Coil zorgt voor een gelijkmatige verdamping en een intense smaak, waardoor dampen een echt genot wordt.<\/p>\n<\/li>\n<li class=\"\" data-start=\"1712\" data-end=\"1808\">\n<p class=\"\" data-start=\"1714\" data-end=\"1808\" data-immersive-translate-walked=\"c46dbc58-1a98-428d-b62b-ec891b96e74f\" data-immersive-translate-paragraph=\"1\">Zonder invoerrechten: Profiteer van vrij verzending en koop probleemloos wereldwijd.<\/p>\n<\/li>\n<\/ul>\n<h4 data-start=\"1810\" data-end=\"1847\" data-immersive-translate-walked=\"c46dbc58-1a98-428d-b62b-ec891b96e74f\" data-immersive-translate-paragraph=\"1\">Smaakbeleving \u2013 Double Apple<\/h4>\n<p class=\"\" data-start=\"1849\" data-end=\"2073\" data-immersive-translate-walked=\"c46dbc58-1a98-428d-b62b-ec891b96e74f\" data-immersive-translate-paragraph=\"1\">De Double Apple smaak is een perfecte mix van zoete en verse appelaroma's die samen een intense maar uitgebalanceerde dampervaring bieden. Ideaal voor dampers die houden van fruitige, verfrissende aroma's.<\/p>\n<h4 data-start=\"2075\" data-end=\"2111\" data-immersive-translate-walked=\"c46dbc58-1a98-428d-b62b-ec891b96e74f\" data-immersive-translate-paragraph=\"1\">Leverings- en verzendinformatie<\/h4>\n<ul data-start=\"2113\" data-end=\"2450\">\n<li class=\"\" data-start=\"2113\" data-end=\"2203\">\n<p class=\"\" data-start=\"2115\" data-end=\"2203\" data-immersive-translate-walked=\"c46dbc58-1a98-428d-b62b-ec891b96e74f\" data-immersive-translate-paragraph=\"1\">Website: De ELF BOX Digital 12000 is exclusief verkrijgbaar op vapingnet.de.<\/p>\n<\/li>\n<li class=\"\" data-start=\"2204\" data-end=\"2343\">\n<p class=\"\" data-start=\"2206\" data-end=\"2343\" data-immersive-translate-walked=\"c46dbc58-1a98-428d-b62b-ec891b96e74f\" data-immersive-translate-paragraph=\"1\">Transporttijd: De verzending vindt plaats binnen 7-15 werkdagen, zodat u snel kunt genieten van uw nieuwe E-sigaret.<\/p>\n<\/li>\n<li class=\"\" data-start=\"2344\" data-end=\"2450\">\n<p class=\"\" data-start=\"2346\" data-end=\"2450\" data-immersive-translate-walked=\"c46dbc58-1a98-428d-b62b-ec891b96e74f\" data-immersive-translate-paragraph=\"1\">Voordeel: De verzending gebeurt belastingvrij, wat de internationale aankoop voor alle klanten vergemakkelijkt.<\/p>\n<\/li>\n<\/ul>\n<p class=\"\" data-start=\"2463\" data-end=\"2948\" data-immersive-translate-walked=\"c46dbc58-1a98-428d-b62b-ec891b96e74f\" data-immersive-translate-paragraph=\"1\">De ELF BOX Digital 12000 is een eersteklas keuze voor dampers die waarde hechten aan een lange gebruiksduur, eenvoudige bediening en een intense smaak. Met geavanceerde Mesh Coil-technologie, een handig digitaal display en een geweldige smaakbeleving is het een van de beste wegwerp-E-sigaretten op de markt. Bezoek vapingnet.de om uw eigen ELF BOX Digital 12000 te ontdekken en het dampen naar een hoger niveau te tillen.<\/p>","protected":false},"excerpt":{"rendered":"<p>ELF BOX Digital 12000 \u2013 Ihre ultimative Einweg-E-Zigarette Die ELF BOX Digital 12000 bietet ein au\u00dfergew\u00f6hnliches Dampferlebnis f\u00fcr alle, die auf der Suche nach einer&#8230;<\/p>","protected":false},"featured_media":6381,"template":"","meta":[],"etheme_brands":[],"product_brand":[100],"product_cat":[88,49,61],"product_tag":[],"class_list":{"0":"post-6376","1":"product","2":"type-product","3":"status-publish","4":"has-post-thumbnail","6":"product_brand-elf-box-vape","7":"product_cat-12k-vape","8":"product_cat-einweg-e-zigarette","9":"product_cat-f","11":"first","12":"instock","13":"shipping-taxable","14":"purchasable","15":"product-type-simple"},"yoast_head":"<!-- This site is optimized with the Yoast SEO plugin v26.5 - https:\/\/yoast.com\/wordpress\/plugins\/seo\/ -->\n<title>Double Apple Geschmack mit ELF BOX Digital 12000 Globale Beststeller | Vapingnet.de<\/title>\n<meta name=\"description\" content=\"Entdecke Double Apple Geschmack mit ELF BOX Digital 12000 Globale Beststeller bei vapingnet.de, \u25ba Gro\u00dfe Auswahl an Geschmacksrichtungen &amp; super g\u00fcnstig!\" \/>\n<meta name=\"robots\" content=\"index, follow, max-snippet:-1, max-image-preview:large, max-video-preview:-1\" \/>\n<link rel=\"canonical\" href=\"https:\/\/vapingnet.de\/nl\/vape\/double-apple-geschmack-mit-elf-box-digital-12000-globale-beststeller\/\" \/>\n<meta property=\"og:locale\" content=\"nl_NL\" \/>\n<meta property=\"og:type\" content=\"article\" \/>\n<meta property=\"og:title\" content=\"Double Apple Geschmack mit ELF BOX Digital 12000 Globale Beststeller | Vapingnet.de\" \/>\n<meta property=\"og:description\" content=\"Entdecke Double Apple Geschmack mit ELF BOX Digital 12000 Globale Beststeller bei vapingnet.de, \u25ba Gro\u00dfe Auswahl an Geschmacksrichtungen &amp; super g\u00fcnstig!\" \/>\n<meta property=\"og:url\" content=\"https:\/\/vapingnet.de\/nl\/vape\/double-apple-geschmack-mit-elf-box-digital-12000-globale-beststeller\/\" \/>\n<meta property=\"og:site_name\" content=\"Vapingnet.de\" \/>\n<meta property=\"article:publisher\" content=\"https:\/\/www.facebook.com\/vapingnetde\/\" \/>\n<meta property=\"article:modified_time\" content=\"2025-06-19T03:42:57+00:00\" \/>\n<meta property=\"og:image\" content=\"https:\/\/vapingnet.de\/wp-content\/uploads\/2025\/04\/Double-Apple.webp\" \/>\n\t<meta property=\"og:image:width\" content=\"1000\" \/>\n\t<meta property=\"og:image:height\" content=\"1000\" \/>\n\t<meta property=\"og:image:type\" content=\"image\/webp\" \/>\n<meta name=\"twitter:card\" content=\"summary_large_image\" \/>\n<meta name=\"twitter:label1\" content=\"Est. reading time\" \/>\n\t<meta name=\"twitter:data1\" content=\"3 minutes\" \/>\n<script type=\"application\/ld+json\" class=\"yoast-schema-graph\">{\"@context\":\"https:\/\/schema.org\",\"@graph\":[{\"@type\":\"WebPage\",\"@id\":\"https:\/\/vapingnet.de\/vape\/double-apple-geschmack-mit-elf-box-digital-12000-globale-beststeller\/\",\"url\":\"https:\/\/vapingnet.de\/vape\/double-apple-geschmack-mit-elf-box-digital-12000-globale-beststeller\/\",\"name\":\"Double Apple Geschmack mit ELF BOX Digital 12000 Globale Beststeller | Vapingnet.de\",\"isPartOf\":{\"@id\":\"https:\/\/vapingnet.de\/#website\"},\"primaryImageOfPage\":{\"@id\":\"https:\/\/vapingnet.de\/vape\/double-apple-geschmack-mit-elf-box-digital-12000-globale-beststeller\/#primaryimage\"},\"image\":{\"@id\":\"https:\/\/vapingnet.de\/vape\/double-apple-geschmack-mit-elf-box-digital-12000-globale-beststeller\/#primaryimage\"},\"thumbnailUrl\":\"https:\/\/vapingnet.de\/wp-content\/uploads\/2025\/04\/Double-Apple.webp\",\"datePublished\":\"2025-04-15T07:11:28+00:00\",\"dateModified\":\"2025-06-19T03:42:57+00:00\",\"description\":\"Entdecke Double Apple Geschmack mit ELF BOX Digital 12000 Globale Beststeller bei vapingnet.de, \u25ba Gro\u00dfe Auswahl an Geschmacksrichtungen & super g\u00fcnstig!\",\"breadcrumb\":{\"@id\":\"https:\/\/vapingnet.de\/vape\/double-apple-geschmack-mit-elf-box-digital-12000-globale-beststeller\/#breadcrumb\"},\"inLanguage\":\"nl-NL\",\"potentialAction\":[{\"@type\":\"ReadAction\",\"target\":[\"https:\/\/vapingnet.de\/vape\/double-apple-geschmack-mit-elf-box-digital-12000-globale-beststeller\/\"]}]},{\"@type\":\"ImageObject\",\"inLanguage\":\"nl-NL\",\"@id\":\"https:\/\/vapingnet.de\/vape\/double-apple-geschmack-mit-elf-box-digital-12000-globale-beststeller\/#primaryimage\",\"url\":\"https:\/\/vapingnet.de\/wp-content\/uploads\/2025\/04\/Double-Apple.webp\",\"contentUrl\":\"https:\/\/vapingnet.de\/wp-content\/uploads\/2025\/04\/Double-Apple.webp\",\"width\":1000,\"height\":1000},{\"@type\":\"BreadcrumbList\",\"@id\":\"https:\/\/vapingnet.de\/vape\/double-apple-geschmack-mit-elf-box-digital-12000-globale-beststeller\/#breadcrumb\",\"itemListElement\":[{\"@type\":\"ListItem\",\"position\":1,\"name\":\"Home\",\"item\":\"https:\/\/vapingnet.de\/\"},{\"@type\":\"ListItem\",\"position\":2,\"name\":\"Shop\",\"item\":\"https:\/\/vapingnet.de\/vape\/\"},{\"@type\":\"ListItem\",\"position\":3,\"name\":\"Double Apple Geschmack mit ELF BOX Digital 12000 Globale Beststeller\"}]},{\"@type\":\"WebSite\",\"@id\":\"https:\/\/vapingnet.de\/#website\",\"url\":\"https:\/\/vapingnet.de\/\",\"name\":\"Vapingnet.de\",\"description\":\"\",\"publisher\":{\"@id\":\"https:\/\/vapingnet.de\/#organization\"},\"potentialAction\":[{\"@type\":\"SearchAction\",\"target\":{\"@type\":\"EntryPoint\",\"urlTemplate\":\"https:\/\/vapingnet.de\/?s={search_term_string}\"},\"query-input\":{\"@type\":\"PropertyValueSpecification\",\"valueRequired\":true,\"valueName\":\"search_term_string\"}}],\"inLanguage\":\"nl-NL\"},{\"@type\":\"Organization\",\"@id\":\"https:\/\/vapingnet.de\/#organization\",\"name\":\"Vapingnet.de\",\"url\":\"https:\/\/vapingnet.de\/\",\"logo\":{\"@type\":\"ImageObject\",\"inLanguage\":\"nl-NL\",\"@id\":\"https:\/\/vapingnet.de\/#\/schema\/logo\/image\/\",\"url\":\"https:\/\/vapingnet.de\/wp-content\/uploads\/2025\/03\/cropped-vapingnet.de_.jpg\",\"contentUrl\":\"https:\/\/vapingnet.de\/wp-content\/uploads\/2025\/03\/cropped-vapingnet.de_.jpg\",\"width\":512,\"height\":512,\"caption\":\"Vapingnet.de\"},\"image\":{\"@id\":\"https:\/\/vapingnet.de\/#\/schema\/logo\/image\/\"},\"sameAs\":[\"https:\/\/www.facebook.com\/vapingnetde\/\"]}]}<\/script>\n<!-- \/ Yoast SEO plugin. -->","yoast_head_json":{"title":"Double Apple Geschmack mit ELF BOX Digital 12000 Globale Beststeller | Vapingnet.de","description":"Entdecke Double Apple Geschmack mit ELF BOX Digital 12000 Globale Beststeller bei vapingnet.de, \u25ba Gro\u00dfe Auswahl an Geschmacksrichtungen & super g\u00fcnstig!","robots":{"index":"index","follow":"follow","max-snippet":"max-snippet:-1","max-image-preview":"max-image-preview:large","max-video-preview":"max-video-preview:-1"},"canonical":"https:\/\/vapingnet.de\/nl\/vape\/double-apple-geschmack-mit-elf-box-digital-12000-globale-beststeller\/","og_locale":"nl_NL","og_type":"article","og_title":"Double Apple Geschmack mit ELF BOX Digital 12000 Globale Beststeller | Vapingnet.de","og_description":"Entdecke Double Apple Geschmack mit ELF BOX Digital 12000 Globale Beststeller bei vapingnet.de, \u25ba Gro\u00dfe Auswahl an Geschmacksrichtungen & super g\u00fcnstig!","og_url":"https:\/\/vapingnet.de\/nl\/vape\/double-apple-geschmack-mit-elf-box-digital-12000-globale-beststeller\/","og_site_name":"Vapingnet.de","article_publisher":"https:\/\/www.facebook.com\/vapingnetde\/","article_modified_time":"2025-06-19T03:42:57+00:00","og_image":[{"width":1000,"height":1000,"url":"https:\/\/vapingnet.de\/wp-content\/uploads\/2025\/04\/Double-Apple.webp","type":"image\/webp"}],"twitter_card":"summary_large_image","twitter_misc":{"Est. reading time":"3 minutes"},"schema":{"@context":"https:\/\/schema.org","@graph":[{"@type":"WebPage","@id":"https:\/\/vapingnet.de\/vape\/double-apple-geschmack-mit-elf-box-digital-12000-globale-beststeller\/","url":"https:\/\/vapingnet.de\/vape\/double-apple-geschmack-mit-elf-box-digital-12000-globale-beststeller\/","name":"Double Apple Geschmack mit ELF BOX Digital 12000 Globale Beststeller | Vapingnet.de","isPartOf":{"@id":"https:\/\/vapingnet.de\/#website"},"primaryImageOfPage":{"@id":"https:\/\/vapingnet.de\/vape\/double-apple-geschmack-mit-elf-box-digital-12000-globale-beststeller\/#primaryimage"},"image":{"@id":"https:\/\/vapingnet.de\/vape\/double-apple-geschmack-mit-elf-box-digital-12000-globale-beststeller\/#primaryimage"},"thumbnailUrl":"https:\/\/vapingnet.de\/wp-content\/uploads\/2025\/04\/Double-Apple.webp","datePublished":"2025-04-15T07:11:28+00:00","dateModified":"2025-06-19T03:42:57+00:00","description":"Entdecke Double Apple Geschmack mit ELF BOX Digital 12000 Globale Beststeller bei vapingnet.de, \u25ba Gro\u00dfe Auswahl an Geschmacksrichtungen & super g\u00fcnstig!","breadcrumb":{"@id":"https:\/\/vapingnet.de\/vape\/double-apple-geschmack-mit-elf-box-digital-12000-globale-beststeller\/#breadcrumb"},"inLanguage":"nl-NL","potentialAction":[{"@type":"ReadAction","target":["https:\/\/vapingnet.de\/vape\/double-apple-geschmack-mit-elf-box-digital-12000-globale-beststeller\/"]}]},{"@type":"ImageObject","inLanguage":"nl-NL","@id":"https:\/\/vapingnet.de\/vape\/double-apple-geschmack-mit-elf-box-digital-12000-globale-beststeller\/#primaryimage","url":"https:\/\/vapingnet.de\/wp-content\/uploads\/2025\/04\/Double-Apple.webp","contentUrl":"https:\/\/vapingnet.de\/wp-content\/uploads\/2025\/04\/Double-Apple.webp","width":1000,"height":1000},{"@type":"BreadcrumbList","@id":"https:\/\/vapingnet.de\/vape\/double-apple-geschmack-mit-elf-box-digital-12000-globale-beststeller\/#breadcrumb","itemListElement":[{"@type":"ListItem","position":1,"name":"Home","item":"https:\/\/vapingnet.de\/"},{"@type":"ListItem","position":2,"name":"Shop","item":"https:\/\/vapingnet.de\/vape\/"},{"@type":"ListItem","position":3,"name":"Double Apple Geschmack mit ELF BOX Digital 12000 Globale Beststeller"}]},{"@type":"WebSite","@id":"https:\/\/vapingnet.de\/#website","url":"https:\/\/vapingnet.de\/","name":"Vapingnet.de","description":"","publisher":{"@id":"https:\/\/vapingnet.de\/#organization"},"potentialAction":[{"@type":"SearchAction","target":{"@type":"EntryPoint","urlTemplate":"https:\/\/vapingnet.de\/?s={search_term_string}"},"query-input":{"@type":"PropertyValueSpecification","valueRequired":true,"valueName":"search_term_string"}}],"inLanguage":"nl-NL"},{"@type":"Organization","@id":"https:\/\/vapingnet.de\/#organization","name":"Vapingnet.de","url":"https:\/\/vapingnet.de\/","logo":{"@type":"ImageObject","inLanguage":"nl-NL","@id":"https:\/\/vapingnet.de\/#\/schema\/logo\/image\/","url":"https:\/\/vapingnet.de\/wp-content\/uploads\/2025\/03\/cropped-vapingnet.de_.jpg","contentUrl":"https:\/\/vapingnet.de\/wp-content\/uploads\/2025\/03\/cropped-vapingnet.de_.jpg","width":512,"height":512,"caption":"Vapingnet.de"},"image":{"@id":"https:\/\/vapingnet.de\/#\/schema\/logo\/image\/"},"sameAs":["https:\/\/www.facebook.com\/vapingnetde\/"]}]}},"tiered_pricing_type":"fixed","tiered_pricing_fixed_rules":{"10":"7.78","60":"7.00","110":"6.22","200":"5.45"},"tiered_pricing_product_settings":{"layout":"default","base_unit_name":{"singular":null,"plural":null},"default_variation":null},"tiered_pricing_minimum_quantity":null,"tiered_pricing_roles_data":[],"tiered_pricing_percentage_rules":[],"_links":{"self":[{"href":"https:\/\/vapingnet.de\/nl\/wp-json\/wp\/v2\/product\/6376","targetHints":{"allow":["GET"]}}],"collection":[{"href":"https:\/\/vapingnet.de\/nl\/wp-json\/wp\/v2\/product"}],"about":[{"href":"https:\/\/vapingnet.de\/nl\/wp-json\/wp\/v2\/types\/product"}],"version-history":[{"count":2,"href":"https:\/\/vapingnet.de\/nl\/wp-json\/wp\/v2\/product\/6376\/revisions"}],"predecessor-version":[{"id":6389,"href":"https:\/\/vapingnet.de\/nl\/wp-json\/wp\/v2\/product\/6376\/revisions\/6389"}],"wp:featuredmedia":[{"embeddable":true,"href":"https:\/\/vapingnet.de\/nl\/wp-json\/wp\/v2\/media\/6381"}],"wp:attachment":[{"href":"https:\/\/vapingnet.de\/nl\/wp-json\/wp\/v2\/media?parent=6376"}],"wp:term":[{"taxonomy":"brand","embeddable":true,"href":"https:\/\/vapingnet.de\/nl\/wp-json\/wp\/v2\/etheme_brands?post=6376"},{"taxonomy":"product_brand","embeddable":true,"href":"https:\/\/vapingnet.de\/nl\/wp-json\/wp\/v2\/product_brand?post=6376"},{"taxonomy":"product_cat","embeddable":true,"href":"https:\/\/vapingnet.de\/nl\/wp-json\/wp\/v2\/product_cat?post=6376"},{"taxonomy":"product_tag","embeddable":true,"href":"https:\/\/vapingnet.de\/nl\/wp-json\/wp\/v2\/product_tag?post=6376"}],"curies":[{"name":"wp","href":"https:\/\/api.w.org\/{rel}","templated":true}]}}