{"id":6495,"date":"2025-04-22T01:31:27","date_gmt":"2025-04-22T01:31:27","guid":{"rendered":"https:\/\/vapingnet.de\/?post_type=product&#038;p=6495"},"modified":"2025-06-19T03:42:47","modified_gmt":"2025-06-19T03:42:47","slug":"elf-shisha-16000-mixed-berries-top-verkaeufer-zum-grosshandelspreis","status":"publish","type":"product","link":"https:\/\/vapingnet.de\/nl\/vape\/elf-shisha-16000-mixed-berries-top-verkaeufer-zum-grosshandelspreis\/","title":{"rendered":"ELF SHISHA 16000 Gemengde Bessen Topverkoper tegen groothandelsprijs"},"content":{"rendered":"<h2 data-start=\"0\" data-end=\"72\" data-immersive-translate-walked=\"340af814-2565-48e6-b7cc-20f79306691b\">Ervaar de smaak van gemengde bessen met de ELF SHISHA 16000<\/h2>\n<p class=\"\" data-start=\"74\" data-end=\"399\" data-immersive-translate-paragraph=\"1\" data-immersive-translate-walked=\"340af814-2565-48e6-b7cc-20f79306691b\">De ELF SHISHA 16000 is de ideale keuze voor dampers die op zoek zijn naar een langdurige en intense ervaring. Met 16000 trekken en een scala aan functies, zoals de Mesh Coil-technologie en de mogelijkheid om de luchtstroom aan te passen, biedt dit wegwerp-e-sigarettenmodel een onge\u00ebvenaarde dampervaring.<\/p>\n<h3 class=\"\" data-start=\"401\" data-end=\"440\" data-immersive-translate-walked=\"340af814-2565-48e6-b7cc-20f79306691b\">Functies van de ELF SHISHA 16000<\/h3>\n<h5 data-start=\"442\" data-end=\"485\" data-immersive-translate-walked=\"340af814-2565-48e6-b7cc-20f79306691b\">Duurzaamheid van de ELF SHISHA 16000<\/h5>\n<p class=\"\" data-start=\"486\" data-end=\"700\" data-immersive-translate-walked=\"340af814-2565-48e6-b7cc-20f79306691b\" data-immersive-translate-paragraph=\"1\">Met een capaciteit van 16000 trekken biedt de ELF SHISHA 16000 uitzonderlijke uithoudingsvermogen. Dit maakt het een ideale keuze voor dampers die op zoek zijn naar een betrouwbaar en langdurig product.<\/p>\n<h5 data-start=\"702\" data-end=\"748\" data-immersive-translate-walked=\"340af814-2565-48e6-b7cc-20f79306691b\">Verfrissende smaak van gemengde bessen<\/h5>\n<p class=\"\" data-start=\"749\" data-end=\"1060\" data-immersive-translate-walked=\"340af814-2565-48e6-b7cc-20f79306691b\" data-immersive-translate-paragraph=\"1\">De smaak van gemengde bessen is een verfrissende mix van zoete en zure bessen. Het levert een natuurlijke en fruitige aroma's die in elke trek een genot zijn. Of je nu houdt van fruitige smaken of gewoon op zoek bent naar iets nieuws, deze smaak zal je niet teleurstellen.<\/p>\n<h5 data-start=\"1062\" data-end=\"1109\" data-immersive-translate-walked=\"340af814-2565-48e6-b7cc-20f79306691b\">Technologie voor optimale dampkwaliteit<\/h5>\n<p class=\"\" data-start=\"1110\" data-end=\"1384\" data-immersive-translate-walked=\"340af814-2565-48e6-b7cc-20f79306691b\" data-immersive-translate-paragraph=\"1\">De ELF SHISHA 16000 gebruikt de 0,6 Ohm Mesh Coil, die zorgt voor gelijkmatige verdamping en een consistente dampkwaliteit garandeert. Deze technologie zorgt ervoor dat elke trek zijdezacht is en vol smaak, waardoor de dampervaring naar een hoger niveau wordt getild.<\/p>\n<h5 data-start=\"1386\" data-end=\"1424\" data-immersive-translate-walked=\"340af814-2565-48e6-b7cc-20f79306691b\">Herlaadbaar en praktisch<\/h5>\n<p class=\"\" data-start=\"1425\" data-end=\"1703\" data-immersive-translate-walked=\"340af814-2565-48e6-b7cc-20f79306691b\" data-immersive-translate-paragraph=\"1\">Met een 600 mAh batterij, die wordt opgeladen via de Type-C aansluiting, biedt de ELF SHISHA 16000 extra gemak. Je hoeft je geen zorgen te maken over de batterijstatus \u2013 een blik op het LED-display geeft je te allen tijde inzicht in de laadstatus.<\/p>\n<h5 data-start=\"1705\" data-end=\"1735\" data-immersive-translate-walked=\"340af814-2565-48e6-b7cc-20f79306691b\">Aanpasbare luchtstroom<\/h5>\n<p class=\"\" data-start=\"1736\" data-end=\"1991\" data-immersive-translate-walked=\"340af814-2565-48e6-b7cc-20f79306691b\" data-immersive-translate-paragraph=\"1\">De ELF SHISHA 16000 is uitgerust met een verstelbare luchtstroom, zodat je de luchttoevoer naar wens kunt aanpassen. Hierdoor kun je je dampervaring personaliseren \u2013 of je nu zachte trekken of sterkere damp verkiest.<\/p>\n<h3 class=\"\" data-start=\"2691\" data-end=\"2724\" data-immersive-translate-walked=\"340af814-2565-48e6-b7cc-20f79306691b\">Voordelen bij Vapingnet.de<\/h3>\n<p class=\"\" data-start=\"2726\" data-end=\"2828\" data-immersive-translate-walked=\"340af814-2565-48e6-b7cc-20f79306691b\" data-immersive-translate-paragraph=\"1\">Als je de ELF SHISHA 16000 bestelt bij vapingnet.de, profiteer je van enkele voordelen:<\/p>\n<ul data-start=\"2830\" data-end=\"3190\" data-immersive-translate-walked=\"340af814-2565-48e6-b7cc-20f79306691b\">\n<li class=\"\" data-start=\"2830\" data-end=\"2938\" data-immersive-translate-walked=\"340af814-2565-48e6-b7cc-20f79306691b\">\n<p class=\"\" data-start=\"2832\" data-end=\"2938\" data-immersive-translate-walked=\"340af814-2565-48e6-b7cc-20f79306691b\" data-immersive-translate-paragraph=\"1\">Btw-vrij: Geen extra invoerrechten, zodat je je volledig op je aankoop kunt concentreren.<\/p>\n<\/li>\n<li class=\"\" data-start=\"2939\" data-end=\"3083\" data-immersive-translate-walked=\"340af814-2565-48e6-b7cc-20f79306691b\">\n<p class=\"\" data-start=\"2941\" data-end=\"3083\" data-immersive-translate-walked=\"340af814-2565-48e6-b7cc-20f79306691b\" data-immersive-translate-paragraph=\"1\">Snelle levering: Je bestelling wordt binnen 7-15 werkdagen geleverd, zodat je snel kunt beginnen met dampen.<\/p>\n<\/li>\n<li class=\"\" data-start=\"3084\" data-end=\"3190\" data-immersive-translate-walked=\"340af814-2565-48e6-b7cc-20f79306691b\">\n<p class=\"\" data-start=\"3086\" data-end=\"3190\" data-immersive-translate-walked=\"340af814-2565-48e6-b7cc-20f79306691b\" data-immersive-translate-paragraph=\"1\">Hoge kwaliteit: De ELF SHISHA 16000 staat bekend om zijn uitstekende kwaliteit en duurzaamheid.<\/p>\n<\/li>\n<\/ul>\n<p class=\"\" data-start=\"3496\" data-end=\"3751\" data-immersive-translate-walked=\"340af814-2565-48e6-b7cc-20f79306691b\" data-immersive-translate-paragraph=\"1\">Conclusie: De ELF SHISHA 16000 met de fruitige gemengde bessen-smaak is een perfecte keuze voor dampers die zowel smaak als lange houdbaarheid zoeken. Bestel hem vandaag nog bij vapingnet.de en geniet van de beste dampbeleving.<\/p>","protected":false},"excerpt":{"rendered":"<p>Erleben Sie den Geschmack von Mixed Berries mit der ELF SHISHA 16000 Die ELF SHISHA 16000 ist die ideale Wahl f\u00fcr Dampfer, die ein langanhaltendes&#8230;<\/p>","protected":false},"featured_media":6470,"template":"","meta":[],"etheme_brands":[],"product_brand":[100],"product_cat":[91,49,61],"product_tag":[],"class_list":{"0":"post-6495","1":"product","2":"type-product","3":"status-publish","4":"has-post-thumbnail","6":"product_brand-elf-box-vape","7":"product_cat-16k-vape","8":"product_cat-einweg-e-zigarette","9":"product_cat-f","11":"first","12":"instock","13":"shipping-taxable","14":"purchasable","15":"product-type-simple"},"yoast_head":"<!-- This site is optimized with the Yoast SEO plugin v26.5 - https:\/\/yoast.com\/wordpress\/plugins\/seo\/ -->\n<title>ELF SHISHA 16000 Mixed Berries Top Verk\u00e4ufer Zum Gro\u00dfhandelspreis | Vapingnet.de<\/title>\n<meta name=\"description\" content=\"Entdecke ELF SHISHA 16000 Mixed Berries Top Verk\u00e4ufer Zum Gro\u00dfhandelspreis bei vapingnet.de, \u25ba Gro\u00dfe Auswahl an Geschmacksrichtungen &amp; super g\u00fcnstig!\" \/>\n<meta name=\"robots\" content=\"index, follow, max-snippet:-1, max-image-preview:large, max-video-preview:-1\" \/>\n<link rel=\"canonical\" href=\"https:\/\/vapingnet.de\/nl\/vape\/elf-shisha-16000-mixed-berries-top-verkaeufer-zum-grosshandelspreis\/\" \/>\n<meta property=\"og:locale\" content=\"nl_NL\" \/>\n<meta property=\"og:type\" content=\"article\" \/>\n<meta property=\"og:title\" content=\"ELF SHISHA 16000 Mixed Berries Top Verk\u00e4ufer Zum Gro\u00dfhandelspreis | Vapingnet.de\" \/>\n<meta property=\"og:description\" content=\"Entdecke ELF SHISHA 16000 Mixed Berries Top Verk\u00e4ufer Zum Gro\u00dfhandelspreis bei vapingnet.de, \u25ba Gro\u00dfe Auswahl an Geschmacksrichtungen &amp; super g\u00fcnstig!\" \/>\n<meta property=\"og:url\" content=\"https:\/\/vapingnet.de\/nl\/vape\/elf-shisha-16000-mixed-berries-top-verkaeufer-zum-grosshandelspreis\/\" \/>\n<meta property=\"og:site_name\" content=\"Vapingnet.de\" \/>\n<meta property=\"article:publisher\" content=\"https:\/\/www.facebook.com\/vapingnetde\/\" \/>\n<meta property=\"article:modified_time\" content=\"2025-06-19T03:42:47+00:00\" \/>\n<meta property=\"og:image\" content=\"https:\/\/vapingnet.de\/wp-content\/uploads\/2025\/04\/Mixed-Berries.webp\" \/>\n\t<meta property=\"og:image:width\" content=\"1000\" \/>\n\t<meta property=\"og:image:height\" content=\"1000\" \/>\n\t<meta property=\"og:image:type\" content=\"image\/webp\" \/>\n<meta name=\"twitter:card\" content=\"summary_large_image\" \/>\n<meta name=\"twitter:label1\" content=\"Est. reading time\" \/>\n\t<meta name=\"twitter:data1\" content=\"3 minutes\" \/>\n<script type=\"application\/ld+json\" class=\"yoast-schema-graph\">{\"@context\":\"https:\/\/schema.org\",\"@graph\":[{\"@type\":\"WebPage\",\"@id\":\"https:\/\/vapingnet.de\/vape\/elf-shisha-16000-mixed-berries-top-verkaeufer-zum-grosshandelspreis\/\",\"url\":\"https:\/\/vapingnet.de\/vape\/elf-shisha-16000-mixed-berries-top-verkaeufer-zum-grosshandelspreis\/\",\"name\":\"ELF SHISHA 16000 Mixed Berries Top Verk\u00e4ufer Zum Gro\u00dfhandelspreis | Vapingnet.de\",\"isPartOf\":{\"@id\":\"https:\/\/vapingnet.de\/#website\"},\"primaryImageOfPage\":{\"@id\":\"https:\/\/vapingnet.de\/vape\/elf-shisha-16000-mixed-berries-top-verkaeufer-zum-grosshandelspreis\/#primaryimage\"},\"image\":{\"@id\":\"https:\/\/vapingnet.de\/vape\/elf-shisha-16000-mixed-berries-top-verkaeufer-zum-grosshandelspreis\/#primaryimage\"},\"thumbnailUrl\":\"https:\/\/vapingnet.de\/wp-content\/uploads\/2025\/04\/Mixed-Berries.webp\",\"datePublished\":\"2025-04-22T01:31:27+00:00\",\"dateModified\":\"2025-06-19T03:42:47+00:00\",\"description\":\"Entdecke ELF SHISHA 16000 Mixed Berries Top Verk\u00e4ufer Zum Gro\u00dfhandelspreis bei vapingnet.de, \u25ba Gro\u00dfe Auswahl an Geschmacksrichtungen & super g\u00fcnstig!\",\"breadcrumb\":{\"@id\":\"https:\/\/vapingnet.de\/vape\/elf-shisha-16000-mixed-berries-top-verkaeufer-zum-grosshandelspreis\/#breadcrumb\"},\"inLanguage\":\"nl-NL\",\"potentialAction\":[{\"@type\":\"ReadAction\",\"target\":[\"https:\/\/vapingnet.de\/vape\/elf-shisha-16000-mixed-berries-top-verkaeufer-zum-grosshandelspreis\/\"]}]},{\"@type\":\"ImageObject\",\"inLanguage\":\"nl-NL\",\"@id\":\"https:\/\/vapingnet.de\/vape\/elf-shisha-16000-mixed-berries-top-verkaeufer-zum-grosshandelspreis\/#primaryimage\",\"url\":\"https:\/\/vapingnet.de\/wp-content\/uploads\/2025\/04\/Mixed-Berries.webp\",\"contentUrl\":\"https:\/\/vapingnet.de\/wp-content\/uploads\/2025\/04\/Mixed-Berries.webp\",\"width\":1000,\"height\":1000},{\"@type\":\"BreadcrumbList\",\"@id\":\"https:\/\/vapingnet.de\/vape\/elf-shisha-16000-mixed-berries-top-verkaeufer-zum-grosshandelspreis\/#breadcrumb\",\"itemListElement\":[{\"@type\":\"ListItem\",\"position\":1,\"name\":\"Home\",\"item\":\"https:\/\/vapingnet.de\/\"},{\"@type\":\"ListItem\",\"position\":2,\"name\":\"Shop\",\"item\":\"https:\/\/vapingnet.de\/vape\/\"},{\"@type\":\"ListItem\",\"position\":3,\"name\":\"ELF SHISHA 16000 Mixed Berries Top Verk\u00e4ufer Zum Gro\u00dfhandelspreis\"}]},{\"@type\":\"WebSite\",\"@id\":\"https:\/\/vapingnet.de\/#website\",\"url\":\"https:\/\/vapingnet.de\/\",\"name\":\"Vapingnet.de\",\"description\":\"\",\"publisher\":{\"@id\":\"https:\/\/vapingnet.de\/#organization\"},\"potentialAction\":[{\"@type\":\"SearchAction\",\"target\":{\"@type\":\"EntryPoint\",\"urlTemplate\":\"https:\/\/vapingnet.de\/?s={search_term_string}\"},\"query-input\":{\"@type\":\"PropertyValueSpecification\",\"valueRequired\":true,\"valueName\":\"search_term_string\"}}],\"inLanguage\":\"nl-NL\"},{\"@type\":\"Organization\",\"@id\":\"https:\/\/vapingnet.de\/#organization\",\"name\":\"Vapingnet.de\",\"url\":\"https:\/\/vapingnet.de\/\",\"logo\":{\"@type\":\"ImageObject\",\"inLanguage\":\"nl-NL\",\"@id\":\"https:\/\/vapingnet.de\/#\/schema\/logo\/image\/\",\"url\":\"https:\/\/vapingnet.de\/wp-content\/uploads\/2025\/03\/cropped-vapingnet.de_.jpg\",\"contentUrl\":\"https:\/\/vapingnet.de\/wp-content\/uploads\/2025\/03\/cropped-vapingnet.de_.jpg\",\"width\":512,\"height\":512,\"caption\":\"Vapingnet.de\"},\"image\":{\"@id\":\"https:\/\/vapingnet.de\/#\/schema\/logo\/image\/\"},\"sameAs\":[\"https:\/\/www.facebook.com\/vapingnetde\/\"]}]}<\/script>\n<!-- \/ Yoast SEO plugin. -->","yoast_head_json":{"title":"ELF SHISHA 16000 Mixed Berries Top Verk\u00e4ufer Zum Gro\u00dfhandelspreis | Vapingnet.de","description":"Entdecke ELF SHISHA 16000 Mixed Berries Top Verk\u00e4ufer Zum Gro\u00dfhandelspreis bei vapingnet.de, \u25ba Gro\u00dfe Auswahl an Geschmacksrichtungen & super g\u00fcnstig!","robots":{"index":"index","follow":"follow","max-snippet":"max-snippet:-1","max-image-preview":"max-image-preview:large","max-video-preview":"max-video-preview:-1"},"canonical":"https:\/\/vapingnet.de\/nl\/vape\/elf-shisha-16000-mixed-berries-top-verkaeufer-zum-grosshandelspreis\/","og_locale":"nl_NL","og_type":"article","og_title":"ELF SHISHA 16000 Mixed Berries Top Verk\u00e4ufer Zum Gro\u00dfhandelspreis | Vapingnet.de","og_description":"Entdecke ELF SHISHA 16000 Mixed Berries Top Verk\u00e4ufer Zum Gro\u00dfhandelspreis bei vapingnet.de, \u25ba Gro\u00dfe Auswahl an Geschmacksrichtungen & super g\u00fcnstig!","og_url":"https:\/\/vapingnet.de\/nl\/vape\/elf-shisha-16000-mixed-berries-top-verkaeufer-zum-grosshandelspreis\/","og_site_name":"Vapingnet.de","article_publisher":"https:\/\/www.facebook.com\/vapingnetde\/","article_modified_time":"2025-06-19T03:42:47+00:00","og_image":[{"width":1000,"height":1000,"url":"https:\/\/vapingnet.de\/wp-content\/uploads\/2025\/04\/Mixed-Berries.webp","type":"image\/webp"}],"twitter_card":"summary_large_image","twitter_misc":{"Est. reading time":"3 minutes"},"schema":{"@context":"https:\/\/schema.org","@graph":[{"@type":"WebPage","@id":"https:\/\/vapingnet.de\/vape\/elf-shisha-16000-mixed-berries-top-verkaeufer-zum-grosshandelspreis\/","url":"https:\/\/vapingnet.de\/vape\/elf-shisha-16000-mixed-berries-top-verkaeufer-zum-grosshandelspreis\/","name":"ELF SHISHA 16000 Mixed Berries Top Verk\u00e4ufer Zum Gro\u00dfhandelspreis | Vapingnet.de","isPartOf":{"@id":"https:\/\/vapingnet.de\/#website"},"primaryImageOfPage":{"@id":"https:\/\/vapingnet.de\/vape\/elf-shisha-16000-mixed-berries-top-verkaeufer-zum-grosshandelspreis\/#primaryimage"},"image":{"@id":"https:\/\/vapingnet.de\/vape\/elf-shisha-16000-mixed-berries-top-verkaeufer-zum-grosshandelspreis\/#primaryimage"},"thumbnailUrl":"https:\/\/vapingnet.de\/wp-content\/uploads\/2025\/04\/Mixed-Berries.webp","datePublished":"2025-04-22T01:31:27+00:00","dateModified":"2025-06-19T03:42:47+00:00","description":"Entdecke ELF SHISHA 16000 Mixed Berries Top Verk\u00e4ufer Zum Gro\u00dfhandelspreis bei vapingnet.de, \u25ba Gro\u00dfe Auswahl an Geschmacksrichtungen & super g\u00fcnstig!","breadcrumb":{"@id":"https:\/\/vapingnet.de\/vape\/elf-shisha-16000-mixed-berries-top-verkaeufer-zum-grosshandelspreis\/#breadcrumb"},"inLanguage":"nl-NL","potentialAction":[{"@type":"ReadAction","target":["https:\/\/vapingnet.de\/vape\/elf-shisha-16000-mixed-berries-top-verkaeufer-zum-grosshandelspreis\/"]}]},{"@type":"ImageObject","inLanguage":"nl-NL","@id":"https:\/\/vapingnet.de\/vape\/elf-shisha-16000-mixed-berries-top-verkaeufer-zum-grosshandelspreis\/#primaryimage","url":"https:\/\/vapingnet.de\/wp-content\/uploads\/2025\/04\/Mixed-Berries.webp","contentUrl":"https:\/\/vapingnet.de\/wp-content\/uploads\/2025\/04\/Mixed-Berries.webp","width":1000,"height":1000},{"@type":"BreadcrumbList","@id":"https:\/\/vapingnet.de\/vape\/elf-shisha-16000-mixed-berries-top-verkaeufer-zum-grosshandelspreis\/#breadcrumb","itemListElement":[{"@type":"ListItem","position":1,"name":"Home","item":"https:\/\/vapingnet.de\/"},{"@type":"ListItem","position":2,"name":"Shop","item":"https:\/\/vapingnet.de\/vape\/"},{"@type":"ListItem","position":3,"name":"ELF SHISHA 16000 Mixed Berries Top Verk\u00e4ufer Zum Gro\u00dfhandelspreis"}]},{"@type":"WebSite","@id":"https:\/\/vapingnet.de\/#website","url":"https:\/\/vapingnet.de\/","name":"Vapingnet.de","description":"","publisher":{"@id":"https:\/\/vapingnet.de\/#organization"},"potentialAction":[{"@type":"SearchAction","target":{"@type":"EntryPoint","urlTemplate":"https:\/\/vapingnet.de\/?s={search_term_string}"},"query-input":{"@type":"PropertyValueSpecification","valueRequired":true,"valueName":"search_term_string"}}],"inLanguage":"nl-NL"},{"@type":"Organization","@id":"https:\/\/vapingnet.de\/#organization","name":"Vapingnet.de","url":"https:\/\/vapingnet.de\/","logo":{"@type":"ImageObject","inLanguage":"nl-NL","@id":"https:\/\/vapingnet.de\/#\/schema\/logo\/image\/","url":"https:\/\/vapingnet.de\/wp-content\/uploads\/2025\/03\/cropped-vapingnet.de_.jpg","contentUrl":"https:\/\/vapingnet.de\/wp-content\/uploads\/2025\/03\/cropped-vapingnet.de_.jpg","width":512,"height":512,"caption":"Vapingnet.de"},"image":{"@id":"https:\/\/vapingnet.de\/#\/schema\/logo\/image\/"},"sameAs":["https:\/\/www.facebook.com\/vapingnetde\/"]}]}},"tiered_pricing_type":"fixed","tiered_pricing_fixed_rules":{"10":"9.41","60":"8.47","110":"7.53","200":"6.59"},"tiered_pricing_product_settings":{"layout":"default","base_unit_name":{"singular":null,"plural":null},"default_variation":null},"tiered_pricing_minimum_quantity":null,"tiered_pricing_roles_data":[],"tiered_pricing_percentage_rules":[],"_links":{"self":[{"href":"https:\/\/vapingnet.de\/nl\/wp-json\/wp\/v2\/product\/6495","targetHints":{"allow":["GET"]}}],"collection":[{"href":"https:\/\/vapingnet.de\/nl\/wp-json\/wp\/v2\/product"}],"about":[{"href":"https:\/\/vapingnet.de\/nl\/wp-json\/wp\/v2\/types\/product"}],"version-history":[{"count":1,"href":"https:\/\/vapingnet.de\/nl\/wp-json\/wp\/v2\/product\/6495\/revisions"}],"predecessor-version":[{"id":6499,"href":"https:\/\/vapingnet.de\/nl\/wp-json\/wp\/v2\/product\/6495\/revisions\/6499"}],"wp:featuredmedia":[{"embeddable":true,"href":"https:\/\/vapingnet.de\/nl\/wp-json\/wp\/v2\/media\/6470"}],"wp:attachment":[{"href":"https:\/\/vapingnet.de\/nl\/wp-json\/wp\/v2\/media?parent=6495"}],"wp:term":[{"taxonomy":"brand","embeddable":true,"href":"https:\/\/vapingnet.de\/nl\/wp-json\/wp\/v2\/etheme_brands?post=6495"},{"taxonomy":"product_brand","embeddable":true,"href":"https:\/\/vapingnet.de\/nl\/wp-json\/wp\/v2\/product_brand?post=6495"},{"taxonomy":"product_cat","embeddable":true,"href":"https:\/\/vapingnet.de\/nl\/wp-json\/wp\/v2\/product_cat?post=6495"},{"taxonomy":"product_tag","embeddable":true,"href":"https:\/\/vapingnet.de\/nl\/wp-json\/wp\/v2\/product_tag?post=6495"}],"curies":[{"name":"wp","href":"https:\/\/api.w.org\/{rel}","templated":true}]}}