{"id":6587,"date":"2025-04-27T08:01:57","date_gmt":"2025-04-27T08:01:57","guid":{"rendered":"https:\/\/vapingnet.de\/?post_type=product&#038;p=6587"},"modified":"2025-06-19T03:39:22","modified_gmt":"2025-06-19T03:39:22","slug":"mix-fruit-in-bang-tick-tock-20000-puffs-hohe-qualitaet-guenstiger-preis","status":"publish","type":"product","link":"https:\/\/vapingnet.de\/nl\/vape\/mix-fruit-in-bang-tick-tock-20000-puffs-hohe-qualitaet-guenstiger-preis\/","title":{"rendered":"Mix Fruit in Bang Tick Tock 20000 Puffs Hoge kwaliteit Goedkope prijs"},"content":{"rendered":"<h2 data-start=\"0\" data-end=\"63\" data-immersive-translate-walked=\"64872b6c-5c31-4eba-b48d-fef384ed5eed\">Bang Tick Tock 20000 Puffs: De nieuwe dimensie van dampen<\/h2>\n<p class=\"\" data-start=\"65\" data-end=\"393\" data-immersive-translate-walked=\"64872b6c-5c31-4eba-b48d-fef384ed5eed\" data-immersive-translate-paragraph=\"1\">De Bang Tick Tock 20000 Puffs zet nieuwe normen voor unieke e-sigaretten en enthousiasmeert met moderne functies en uitstekende prestaties. Deze e-sigaret biedt alles wat je van een geavanceerd model verwacht: een lange levensduur, innovatieve technologie en een uitzonderlijke gebruikerservaring.<\/p>\n<h3>Kenmerken van de Bang Tick Tock 20000 Puffs<\/h3>\n<ul data-start=\"440\" data-end=\"1025\" data-immersive-translate-walked=\"64872b6c-5c31-4eba-b48d-fef384ed5eed\">\n<li class=\"\" data-start=\"440\" data-end=\"575\" data-immersive-translate-walked=\"64872b6c-5c31-4eba-b48d-fef384ed5eed\">\n<p class=\"\" data-start=\"442\" data-end=\"575\" data-immersive-translate-walked=\"64872b6c-5c31-4eba-b48d-fef384ed5eed\" data-immersive-translate-paragraph=\"1\">Mesh Coil: De 1,0 Ohm Mesh Coil zorgt voor een gelijkmatige en intense dampervaring die de smaken perfect tot uiting brengt.<\/p>\n<\/li>\n<li class=\"\" data-start=\"576\" data-end=\"763\" data-immersive-translate-walked=\"64872b6c-5c31-4eba-b48d-fef384ed5eed\">\n<p class=\"\" data-start=\"578\" data-end=\"763\" data-immersive-translate-walked=\"64872b6c-5c31-4eba-b48d-fef384ed5eed\" data-immersive-translate-paragraph=\"1\">E-Liquid capaciteit: Met 25 ml E-Liquid biedt de Bang Tick Tock 20000 Puffs een uitzonderlijk lange dampduur, waardoor het een ideale keuze is voor dagelijks gebruik.<\/p>\n<\/li>\n<li class=\"\" data-start=\"764\" data-end=\"904\" data-immersive-translate-walked=\"64872b6c-5c31-4eba-b48d-fef384ed5eed\">\n<p class=\"\" data-start=\"766\" data-end=\"904\" data-immersive-translate-walked=\"64872b6c-5c31-4eba-b48d-fef384ed5eed\" data-immersive-translate-paragraph=\"1\">Batterij: De 500 mAh batterij garandeert betrouwbare prestaties en kan dankzij de moderne Type-C aansluiting snel worden opgeladen.<\/p>\n<\/li>\n<li class=\"\" data-start=\"905\" data-end=\"1025\" data-immersive-translate-walked=\"64872b6c-5c31-4eba-b48d-fef384ed5eed\">\n<p class=\"\" data-start=\"907\" data-end=\"1025\" data-immersive-translate-walked=\"64872b6c-5c31-4eba-b48d-fef384ed5eed\" data-immersive-translate-paragraph=\"1\">Nicotine-opties: Kies tussen 0%, 2%, 3% of 5% nicotine om het dampen aan te passen aan jouw voorkeuren.<\/p>\n<\/li>\n<\/ul>\n<h4 data-start=\"1027\" data-end=\"1065\" data-immersive-translate-walked=\"64872b6c-5c31-4eba-b48d-fef384ed5eed\" data-immersive-translate-paragraph=\"1\">Unieke functies en ontwerp<\/h4>\n<ul data-start=\"1067\" data-end=\"1642\" data-immersive-translate-walked=\"64872b6c-5c31-4eba-b48d-fef384ed5eed\">\n<li class=\"\" data-start=\"1067\" data-end=\"1344\" data-immersive-translate-walked=\"64872b6c-5c31-4eba-b48d-fef384ed5eed\">\n<p class=\"\" data-start=\"1069\" data-end=\"1344\" data-immersive-translate-walked=\"64872b6c-5c31-4eba-b48d-fef384ed5eed\" data-immersive-translate-paragraph=\"1\">Dynamisch display: De Bang Tick Tock 20000 Puffs onderscheidt zich door zijn innovatieve dynamische display. Dit display toont niet alleen het batterijpercentage, maar zorgt ook voor een visueel hoogstandje \u2013 de tandwielen draaien tijdens het dampen in de dynamische modus.<\/p>\n<\/li>\n<li class=\"\" data-start=\"1345\" data-end=\"1642\" data-immersive-translate-walked=\"64872b6c-5c31-4eba-b48d-fef384ed5eed\">\n<p class=\"\" data-start=\"1347\" data-end=\"1642\" data-immersive-translate-walked=\"64872b6c-5c31-4eba-b48d-fef384ed5eed\" data-immersive-translate-paragraph=\"1\">Twee vaping-modus: Gebruikers kunnen kiezen tussen twee vaping-modi. In de dynamische modus draait het tandwielensysteem tijdens het dampen, terwijl de stille modus wordt geactiveerd door binnen twee seconden drie keer te blazen. Deze functies bieden een op maat gemaakt dampervaring.<\/p>\n<\/li>\n<\/ul>\n<h4 data-start=\"1644\" data-end=\"1677\" data-immersive-translate-walked=\"64872b6c-5c31-4eba-b48d-fef384ed5eed\" data-immersive-translate-paragraph=\"1\">Smaak en dampervaring<\/h4>\n<ul data-start=\"1679\" data-end=\"2107\" data-immersive-translate-walked=\"64872b6c-5c31-4eba-b48d-fef384ed5eed\">\n<li class=\"\" data-start=\"1679\" data-end=\"1881\" data-immersive-translate-walked=\"64872b6c-5c31-4eba-b48d-fef384ed5eed\">\n<p class=\"\" data-start=\"1681\" data-end=\"1881\" data-immersive-translate-walked=\"64872b6c-5c31-4eba-b48d-fef384ed5eed\" data-immersive-translate-paragraph=\"1\">MTL-dampen: De Bang Tick Tock 20000 Puffs is speciaal ontwikkeld voor MTL-dampen (mond-tot-long), wat een aangename en zachte inhalatie mogelijk maakt \u2013 ideaal voor de traditionele dampstijl.<\/p>\n<\/li>\n<li class=\"\" data-start=\"1882\" data-end=\"2107\" data-immersive-translate-walked=\"64872b6c-5c31-4eba-b48d-fef384ed5eed\">\n<p class=\"\" data-start=\"1884\" data-end=\"2107\" data-immersive-translate-walked=\"64872b6c-5c31-4eba-b48d-fef384ed5eed\" data-immersive-translate-paragraph=\"1\">Mix Fruit smaak: De Mix Fruit smaak biedt een verfrissende en fruitige noot die urenlang een aangename dampervaring garandeert. Perfect voor iedereen die op zoek is naar een fruitige smaakexplosie.<\/p>\n<\/li>\n<\/ul>\n<h4 data-start=\"2109\" data-end=\"2134\" data-immersive-translate-walked=\"64872b6c-5c31-4eba-b48d-fef384ed5eed\" data-immersive-translate-paragraph=\"1\">Verzending en levering<\/h4>\n<p class=\"\" data-start=\"2136\" data-end=\"2415\" data-immersive-translate-walked=\"64872b6c-5c31-4eba-b48d-fef384ed5eed\" data-immersive-translate-paragraph=\"1\">Een ander voordeel van de Bang Tick Tock 20000 Puffs is de eenvoudige verzending naar Nederland. Klanten kunnen rekenen op een snelle levering binnen 7-15 werkdagen. Daarnaast profiteer je van een belastingvrije levering, wat het kopen nog aangenamer maakt.<\/p>\n<h4 data-start=\"2417\" data-end=\"2458\" data-immersive-translate-walked=\"64872b6c-5c31-4eba-b48d-fef384ed5eed\" data-immersive-translate-paragraph=\"1\">Waarom de Bang Tick Tock 20000 Puffs?<\/h4>\n<p class=\"\" data-start=\"2460\" data-end=\"2976\" data-immersive-translate-walked=\"64872b6c-5c31-4eba-b48d-fef384ed5eed\" data-immersive-translate-paragraph=\"1\">De Bang Tick Tock 20000 Puffs is de perfecte keuze voor dampers die op zoek zijn naar een duurzame, krachtige en gebruiksvriendelijke e-sigaret. Met een grote E-Liquid-capaciteit, een effici\u00ebnte batterij en innovatieve functies zoals het dynamische display en de verschillende vaping-modus biedt deze e-sigaret een uitstekende dampervaring. Of je nu op zoek bent naar een fruitige smaak of geavanceerde technologie, de Bang Tick Tock 20000 Puffs zal je niet teleurstellen.<\/p>\n<p>&nbsp;<\/p>","protected":false},"excerpt":{"rendered":"<p>Bang Tick Tock 20000 Puffs: De nieuwe dimensie van dampen De Bang Tick Tock 20000 Puffs zet nieuwe normen voor unieke e-sigaretten en brengt...<\/p>","protected":false},"featured_media":6569,"template":"","meta":[],"etheme_brands":[],"product_brand":[101],"product_cat":[54,49,61],"product_tag":[],"class_list":{"0":"post-6587","1":"product","2":"type-product","3":"status-publish","4":"has-post-thumbnail","6":"product_brand-bang-king-vape","7":"product_cat-vape-20000-zuege","8":"product_cat-einweg-e-zigarette","9":"product_cat-f","11":"first","12":"instock","13":"shipping-taxable","14":"purchasable","15":"product-type-simple"},"yoast_head":"<!-- This site is optimized with the Yoast SEO plugin v26.5 - https:\/\/yoast.com\/wordpress\/plugins\/seo\/ -->\n<title>Mix Fruit In Bang Tick Tock 20000 Puffs Hohe Qualit\u00e4t G\u00fcnstiger Preis | Vapingnet.de<\/title>\n<meta name=\"description\" content=\"Entdecke Mix Fruit In Bang Tick Tock 20000 Puffs Hohe Qualit\u00e4t G\u00fcnstiger Preis bei vapingnet.de, \u25ba Gro\u00dfe Auswahl an Geschmacksrichtungen &amp; super g\u00fcnstig!\" \/>\n<meta name=\"robots\" content=\"index, follow, max-snippet:-1, max-image-preview:large, max-video-preview:-1\" \/>\n<link rel=\"canonical\" href=\"https:\/\/vapingnet.de\/nl\/vape\/mix-fruit-in-bang-tick-tock-20000-puffs-hohe-qualitaet-guenstiger-preis\/\" \/>\n<meta property=\"og:locale\" content=\"nl_NL\" \/>\n<meta property=\"og:type\" content=\"article\" \/>\n<meta property=\"og:title\" content=\"Mix Fruit In Bang Tick Tock 20000 Puffs Hohe Qualit\u00e4t G\u00fcnstiger Preis | Vapingnet.de\" \/>\n<meta property=\"og:description\" content=\"Entdecke Mix Fruit In Bang Tick Tock 20000 Puffs Hohe Qualit\u00e4t G\u00fcnstiger Preis bei vapingnet.de, \u25ba Gro\u00dfe Auswahl an Geschmacksrichtungen &amp; super g\u00fcnstig!\" \/>\n<meta property=\"og:url\" content=\"https:\/\/vapingnet.de\/nl\/vape\/mix-fruit-in-bang-tick-tock-20000-puffs-hohe-qualitaet-guenstiger-preis\/\" \/>\n<meta property=\"og:site_name\" content=\"Vapingnet.de\" \/>\n<meta property=\"article:publisher\" content=\"https:\/\/www.facebook.com\/vapingnetde\/\" \/>\n<meta property=\"article:modified_time\" content=\"2025-06-19T03:39:22+00:00\" \/>\n<meta property=\"og:image\" content=\"https:\/\/vapingnet.de\/wp-content\/uploads\/2025\/04\/Mix-Fruit.webp\" \/>\n\t<meta property=\"og:image:width\" content=\"1000\" \/>\n\t<meta property=\"og:image:height\" content=\"1000\" \/>\n\t<meta property=\"og:image:type\" content=\"image\/webp\" \/>\n<meta name=\"twitter:card\" content=\"summary_large_image\" \/>\n<meta name=\"twitter:label1\" content=\"Est. reading time\" \/>\n\t<meta name=\"twitter:data1\" content=\"3 minutes\" \/>\n<script type=\"application\/ld+json\" class=\"yoast-schema-graph\">{\"@context\":\"https:\/\/schema.org\",\"@graph\":[{\"@type\":\"WebPage\",\"@id\":\"https:\/\/vapingnet.de\/vape\/mix-fruit-in-bang-tick-tock-20000-puffs-hohe-qualitaet-guenstiger-preis\/\",\"url\":\"https:\/\/vapingnet.de\/vape\/mix-fruit-in-bang-tick-tock-20000-puffs-hohe-qualitaet-guenstiger-preis\/\",\"name\":\"Mix Fruit In Bang Tick Tock 20000 Puffs Hohe Qualit\u00e4t G\u00fcnstiger Preis | Vapingnet.de\",\"isPartOf\":{\"@id\":\"https:\/\/vapingnet.de\/#website\"},\"primaryImageOfPage\":{\"@id\":\"https:\/\/vapingnet.de\/vape\/mix-fruit-in-bang-tick-tock-20000-puffs-hohe-qualitaet-guenstiger-preis\/#primaryimage\"},\"image\":{\"@id\":\"https:\/\/vapingnet.de\/vape\/mix-fruit-in-bang-tick-tock-20000-puffs-hohe-qualitaet-guenstiger-preis\/#primaryimage\"},\"thumbnailUrl\":\"https:\/\/vapingnet.de\/wp-content\/uploads\/2025\/04\/Mix-Fruit.webp\",\"datePublished\":\"2025-04-27T08:01:57+00:00\",\"dateModified\":\"2025-06-19T03:39:22+00:00\",\"description\":\"Entdecke Mix Fruit In Bang Tick Tock 20000 Puffs Hohe Qualit\u00e4t G\u00fcnstiger Preis bei vapingnet.de, \u25ba Gro\u00dfe Auswahl an Geschmacksrichtungen & super g\u00fcnstig!\",\"breadcrumb\":{\"@id\":\"https:\/\/vapingnet.de\/vape\/mix-fruit-in-bang-tick-tock-20000-puffs-hohe-qualitaet-guenstiger-preis\/#breadcrumb\"},\"inLanguage\":\"nl-NL\",\"potentialAction\":[{\"@type\":\"ReadAction\",\"target\":[\"https:\/\/vapingnet.de\/vape\/mix-fruit-in-bang-tick-tock-20000-puffs-hohe-qualitaet-guenstiger-preis\/\"]}]},{\"@type\":\"ImageObject\",\"inLanguage\":\"nl-NL\",\"@id\":\"https:\/\/vapingnet.de\/vape\/mix-fruit-in-bang-tick-tock-20000-puffs-hohe-qualitaet-guenstiger-preis\/#primaryimage\",\"url\":\"https:\/\/vapingnet.de\/wp-content\/uploads\/2025\/04\/Mix-Fruit.webp\",\"contentUrl\":\"https:\/\/vapingnet.de\/wp-content\/uploads\/2025\/04\/Mix-Fruit.webp\",\"width\":1000,\"height\":1000},{\"@type\":\"BreadcrumbList\",\"@id\":\"https:\/\/vapingnet.de\/vape\/mix-fruit-in-bang-tick-tock-20000-puffs-hohe-qualitaet-guenstiger-preis\/#breadcrumb\",\"itemListElement\":[{\"@type\":\"ListItem\",\"position\":1,\"name\":\"Home\",\"item\":\"https:\/\/vapingnet.de\/\"},{\"@type\":\"ListItem\",\"position\":2,\"name\":\"Shop\",\"item\":\"https:\/\/vapingnet.de\/vape\/\"},{\"@type\":\"ListItem\",\"position\":3,\"name\":\"Mix Fruit In Bang Tick Tock 20000 Puffs Hohe Qualit\u00e4t G\u00fcnstiger Preis\"}]},{\"@type\":\"WebSite\",\"@id\":\"https:\/\/vapingnet.de\/#website\",\"url\":\"https:\/\/vapingnet.de\/\",\"name\":\"Vapingnet.de\",\"description\":\"\",\"publisher\":{\"@id\":\"https:\/\/vapingnet.de\/#organization\"},\"potentialAction\":[{\"@type\":\"SearchAction\",\"target\":{\"@type\":\"EntryPoint\",\"urlTemplate\":\"https:\/\/vapingnet.de\/?s={search_term_string}\"},\"query-input\":{\"@type\":\"PropertyValueSpecification\",\"valueRequired\":true,\"valueName\":\"search_term_string\"}}],\"inLanguage\":\"nl-NL\"},{\"@type\":\"Organization\",\"@id\":\"https:\/\/vapingnet.de\/#organization\",\"name\":\"Vapingnet.de\",\"url\":\"https:\/\/vapingnet.de\/\",\"logo\":{\"@type\":\"ImageObject\",\"inLanguage\":\"nl-NL\",\"@id\":\"https:\/\/vapingnet.de\/#\/schema\/logo\/image\/\",\"url\":\"https:\/\/vapingnet.de\/wp-content\/uploads\/2025\/03\/cropped-vapingnet.de_.jpg\",\"contentUrl\":\"https:\/\/vapingnet.de\/wp-content\/uploads\/2025\/03\/cropped-vapingnet.de_.jpg\",\"width\":512,\"height\":512,\"caption\":\"Vapingnet.de\"},\"image\":{\"@id\":\"https:\/\/vapingnet.de\/#\/schema\/logo\/image\/\"},\"sameAs\":[\"https:\/\/www.facebook.com\/vapingnetde\/\"]}]}<\/script>\n<!-- \/ Yoast SEO plugin. -->","yoast_head_json":{"title":"Mix Fruit In Bang Tick Tock 20000 Puffs Hohe Qualit\u00e4t G\u00fcnstiger Preis | Vapingnet.de","description":"Entdecke Mix Fruit In Bang Tick Tock 20000 Puffs Hohe Qualit\u00e4t G\u00fcnstiger Preis bei vapingnet.de, \u25ba Gro\u00dfe Auswahl an Geschmacksrichtungen & super g\u00fcnstig!","robots":{"index":"index","follow":"follow","max-snippet":"max-snippet:-1","max-image-preview":"max-image-preview:large","max-video-preview":"max-video-preview:-1"},"canonical":"https:\/\/vapingnet.de\/nl\/vape\/mix-fruit-in-bang-tick-tock-20000-puffs-hohe-qualitaet-guenstiger-preis\/","og_locale":"nl_NL","og_type":"article","og_title":"Mix Fruit In Bang Tick Tock 20000 Puffs Hohe Qualit\u00e4t G\u00fcnstiger Preis | Vapingnet.de","og_description":"Entdecke Mix Fruit In Bang Tick Tock 20000 Puffs Hohe Qualit\u00e4t G\u00fcnstiger Preis bei vapingnet.de, \u25ba Gro\u00dfe Auswahl an Geschmacksrichtungen & super g\u00fcnstig!","og_url":"https:\/\/vapingnet.de\/nl\/vape\/mix-fruit-in-bang-tick-tock-20000-puffs-hohe-qualitaet-guenstiger-preis\/","og_site_name":"Vapingnet.de","article_publisher":"https:\/\/www.facebook.com\/vapingnetde\/","article_modified_time":"2025-06-19T03:39:22+00:00","og_image":[{"width":1000,"height":1000,"url":"https:\/\/vapingnet.de\/wp-content\/uploads\/2025\/04\/Mix-Fruit.webp","type":"image\/webp"}],"twitter_card":"summary_large_image","twitter_misc":{"Est. reading time":"3 minutes"},"schema":{"@context":"https:\/\/schema.org","@graph":[{"@type":"WebPage","@id":"https:\/\/vapingnet.de\/vape\/mix-fruit-in-bang-tick-tock-20000-puffs-hohe-qualitaet-guenstiger-preis\/","url":"https:\/\/vapingnet.de\/vape\/mix-fruit-in-bang-tick-tock-20000-puffs-hohe-qualitaet-guenstiger-preis\/","name":"Mix Fruit In Bang Tick Tock 20000 Puffs Hohe Qualit\u00e4t G\u00fcnstiger Preis | Vapingnet.de","isPartOf":{"@id":"https:\/\/vapingnet.de\/#website"},"primaryImageOfPage":{"@id":"https:\/\/vapingnet.de\/vape\/mix-fruit-in-bang-tick-tock-20000-puffs-hohe-qualitaet-guenstiger-preis\/#primaryimage"},"image":{"@id":"https:\/\/vapingnet.de\/vape\/mix-fruit-in-bang-tick-tock-20000-puffs-hohe-qualitaet-guenstiger-preis\/#primaryimage"},"thumbnailUrl":"https:\/\/vapingnet.de\/wp-content\/uploads\/2025\/04\/Mix-Fruit.webp","datePublished":"2025-04-27T08:01:57+00:00","dateModified":"2025-06-19T03:39:22+00:00","description":"Entdecke Mix Fruit In Bang Tick Tock 20000 Puffs Hohe Qualit\u00e4t G\u00fcnstiger Preis bei vapingnet.de, \u25ba Gro\u00dfe Auswahl an Geschmacksrichtungen & super g\u00fcnstig!","breadcrumb":{"@id":"https:\/\/vapingnet.de\/vape\/mix-fruit-in-bang-tick-tock-20000-puffs-hohe-qualitaet-guenstiger-preis\/#breadcrumb"},"inLanguage":"nl-NL","potentialAction":[{"@type":"ReadAction","target":["https:\/\/vapingnet.de\/vape\/mix-fruit-in-bang-tick-tock-20000-puffs-hohe-qualitaet-guenstiger-preis\/"]}]},{"@type":"ImageObject","inLanguage":"nl-NL","@id":"https:\/\/vapingnet.de\/vape\/mix-fruit-in-bang-tick-tock-20000-puffs-hohe-qualitaet-guenstiger-preis\/#primaryimage","url":"https:\/\/vapingnet.de\/wp-content\/uploads\/2025\/04\/Mix-Fruit.webp","contentUrl":"https:\/\/vapingnet.de\/wp-content\/uploads\/2025\/04\/Mix-Fruit.webp","width":1000,"height":1000},{"@type":"BreadcrumbList","@id":"https:\/\/vapingnet.de\/vape\/mix-fruit-in-bang-tick-tock-20000-puffs-hohe-qualitaet-guenstiger-preis\/#breadcrumb","itemListElement":[{"@type":"ListItem","position":1,"name":"Home","item":"https:\/\/vapingnet.de\/"},{"@type":"ListItem","position":2,"name":"Shop","item":"https:\/\/vapingnet.de\/vape\/"},{"@type":"ListItem","position":3,"name":"Mix Fruit In Bang Tick Tock 20000 Puffs Hohe Qualit\u00e4t G\u00fcnstiger Preis"}]},{"@type":"WebSite","@id":"https:\/\/vapingnet.de\/#website","url":"https:\/\/vapingnet.de\/","name":"Vapingnet.de","description":"","publisher":{"@id":"https:\/\/vapingnet.de\/#organization"},"potentialAction":[{"@type":"SearchAction","target":{"@type":"EntryPoint","urlTemplate":"https:\/\/vapingnet.de\/?s={search_term_string}"},"query-input":{"@type":"PropertyValueSpecification","valueRequired":true,"valueName":"search_term_string"}}],"inLanguage":"nl-NL"},{"@type":"Organization","@id":"https:\/\/vapingnet.de\/#organization","name":"Vapingnet.de","url":"https:\/\/vapingnet.de\/","logo":{"@type":"ImageObject","inLanguage":"nl-NL","@id":"https:\/\/vapingnet.de\/#\/schema\/logo\/image\/","url":"https:\/\/vapingnet.de\/wp-content\/uploads\/2025\/03\/cropped-vapingnet.de_.jpg","contentUrl":"https:\/\/vapingnet.de\/wp-content\/uploads\/2025\/03\/cropped-vapingnet.de_.jpg","width":512,"height":512,"caption":"Vapingnet.de"},"image":{"@id":"https:\/\/vapingnet.de\/#\/schema\/logo\/image\/"},"sameAs":["https:\/\/www.facebook.com\/vapingnetde\/"]}]}},"tiered_pricing_type":"fixed","tiered_pricing_fixed_rules":{"10":"10.44","60":"9.4","110":"8.35","200":"7.31"},"tiered_pricing_product_settings":{"layout":"default","base_unit_name":{"singular":null,"plural":null},"default_variation":null},"tiered_pricing_minimum_quantity":null,"tiered_pricing_roles_data":[],"tiered_pricing_percentage_rules":[],"_links":{"self":[{"href":"https:\/\/vapingnet.de\/nl\/wp-json\/wp\/v2\/product\/6587","targetHints":{"allow":["GET"]}}],"collection":[{"href":"https:\/\/vapingnet.de\/nl\/wp-json\/wp\/v2\/product"}],"about":[{"href":"https:\/\/vapingnet.de\/nl\/wp-json\/wp\/v2\/types\/product"}],"version-history":[{"count":1,"href":"https:\/\/vapingnet.de\/nl\/wp-json\/wp\/v2\/product\/6587\/revisions"}],"predecessor-version":[{"id":6594,"href":"https:\/\/vapingnet.de\/nl\/wp-json\/wp\/v2\/product\/6587\/revisions\/6594"}],"wp:featuredmedia":[{"embeddable":true,"href":"https:\/\/vapingnet.de\/nl\/wp-json\/wp\/v2\/media\/6569"}],"wp:attachment":[{"href":"https:\/\/vapingnet.de\/nl\/wp-json\/wp\/v2\/media?parent=6587"}],"wp:term":[{"taxonomy":"brand","embeddable":true,"href":"https:\/\/vapingnet.de\/nl\/wp-json\/wp\/v2\/etheme_brands?post=6587"},{"taxonomy":"product_brand","embeddable":true,"href":"https:\/\/vapingnet.de\/nl\/wp-json\/wp\/v2\/product_brand?post=6587"},{"taxonomy":"product_cat","embeddable":true,"href":"https:\/\/vapingnet.de\/nl\/wp-json\/wp\/v2\/product_cat?post=6587"},{"taxonomy":"product_tag","embeddable":true,"href":"https:\/\/vapingnet.de\/nl\/wp-json\/wp\/v2\/product_tag?post=6587"}],"curies":[{"name":"wp","href":"https:\/\/api.w.org\/{rel}","templated":true}]}}