{"id":6725,"date":"2025-05-05T02:36:01","date_gmt":"2025-05-05T02:36:01","guid":{"rendered":"https:\/\/vapingnet.de\/?post_type=product&#038;p=6725"},"modified":"2026-04-15T08:42:44","modified_gmt":"2026-04-15T08:42:44","slug":"weltweit-gefeiert-waspe-15000-puffs-strawberry-watermelon-zoelle-vermeiden-und-geniessen","status":"publish","type":"product","link":"https:\/\/vapingnet.de\/nl\/vape\/weltweit-gefeiert-waspe-15000-puffs-strawberry-watermelon-zoelle-vermeiden-und-geniessen\/","title":{"rendered":"Wereldwijd Gevierd WASPE 15000 Puffs Aardbei Watermeloen Vermijd Douanerechten En Geniet"},"content":{"rendered":"<h2 data-start=\"0\" data-end=\"66\" data-immersive-translate-walked=\"394a6c86-11bd-4236-9b60-d810d6713f5c\">WASPE 15000 Puffs: De nieuwe generatie wegwerp-e-sigaretten<\/h2>\n<p class=\"\" data-start=\"68\" data-end=\"417\" data-immersive-translate-walked=\"394a6c86-11bd-4236-9b60-d810d6713f5c\" data-immersive-translate-paragraph=\"1\">De WASPE 15000 Puffs biedt een uitzonderlijke dampervaring en is een perfecte keuze voor gebruikers die op zoek zijn naar lange duurzaamheid, intense smaken en moderne technologie. Met een indrukwekkende puff-capaciteit en een scala aan functies zet dit model nieuwe normen in de wereld van wegwerp-e-sigaretten.<\/p>\n<h3>Productdetails in een overzicht<\/h3>\n<ul data-start=\"456\" data-end=\"823\" data-immersive-translate-walked=\"394a6c86-11bd-4236-9b60-d810d6713f5c\">\n<li class=\"\" data-start=\"456\" data-end=\"487\" data-immersive-translate-walked=\"394a6c86-11bd-4236-9b60-d810d6713f5c\">\n<p class=\"\" data-start=\"458\" data-end=\"487\" data-immersive-translate-walked=\"394a6c86-11bd-4236-9b60-d810d6713f5c\" data-immersive-translate-paragraph=\"1\">Model: WASPE 15000 Puffs<\/p>\n<\/li>\n<li class=\"\" data-start=\"488\" data-end=\"525\" data-immersive-translate-walked=\"394a6c86-11bd-4236-9b60-d810d6713f5c\">\n<p class=\"\" data-start=\"490\" data-end=\"525\" data-immersive-translate-walked=\"394a6c86-11bd-4236-9b60-d810d6713f5c\" data-immersive-translate-paragraph=\"1\">Nicotine-opties: 0%, 2%, 3%, 5%<\/p>\n<\/li>\n<li class=\"\" data-start=\"526\" data-end=\"559\" data-immersive-translate-walked=\"394a6c86-11bd-4236-9b60-d810d6713f5c\">\n<p class=\"\" data-start=\"528\" data-end=\"559\" data-immersive-translate-walked=\"394a6c86-11bd-4236-9b60-d810d6713f5c\" data-immersive-translate-paragraph=\"1\">Puff-capaciteit: 15.000 trekken<\/p>\n<\/li>\n<li class=\"\" data-start=\"560\" data-end=\"591\" data-immersive-translate-walked=\"394a6c86-11bd-4236-9b60-d810d6713f5c\">\n<p class=\"\" data-start=\"562\" data-end=\"591\" data-immersive-translate-walked=\"394a6c86-11bd-4236-9b60-d810d6713f5c\" data-immersive-translate-paragraph=\"1\">E-Liquid Reservoir: 22 ml<\/p>\n<\/li>\n<li class=\"\" data-start=\"592\" data-end=\"633\" data-immersive-translate-walked=\"394a6c86-11bd-4236-9b60-d810d6713f5c\">\n<p class=\"\" data-start=\"594\" data-end=\"633\" data-immersive-translate-walked=\"394a6c86-11bd-4236-9b60-d810d6713f5c\" data-immersive-translate-paragraph=\"1\">Batterij: 850 mAh (oplaadbaar)<\/p>\n<\/li>\n<li class=\"\" data-start=\"634\" data-end=\"660\" data-immersive-translate-walked=\"394a6c86-11bd-4236-9b60-d810d6713f5c\">\n<p class=\"\" data-start=\"636\" data-end=\"660\" data-immersive-translate-walked=\"394a6c86-11bd-4236-9b60-d810d6713f5c\" data-immersive-translate-paragraph=\"1\">Coil: 0,8\u03a9 Mesh Coil<\/p>\n<\/li>\n<li class=\"\" data-start=\"661\" data-end=\"688\" data-immersive-translate-walked=\"394a6c86-11bd-4236-9b60-d810d6713f5c\">\n<p class=\"\" data-start=\"663\" data-end=\"688\" data-immersive-translate-walked=\"394a6c86-11bd-4236-9b60-d810d6713f5c\" data-immersive-translate-paragraph=\"1\">Oplaadpoort: Type-C<\/p>\n<\/li>\n<li class=\"\" data-start=\"689\" data-end=\"708\" data-immersive-translate-walked=\"394a6c86-11bd-4236-9b60-d810d6713f5c\">\n<p class=\"\" data-start=\"691\" data-end=\"708\" data-immersive-translate-walked=\"394a6c86-11bd-4236-9b60-d810d6713f5c\" data-immersive-translate-paragraph=\"1\">Gewicht: 90 g<\/p>\n<\/li>\n<li class=\"\" data-start=\"709\" data-end=\"771\" data-immersive-translate-walked=\"394a6c86-11bd-4236-9b60-d810d6713f5c\">\n<p class=\"\" data-start=\"711\" data-end=\"771\" data-immersive-translate-walked=\"394a6c86-11bd-4236-9b60-d810d6713f5c\" data-immersive-translate-paragraph=\"1\">Smaak: Strawberry Watermelon<\/p>\n<\/li>\n<\/ul>\n<h4 data-start=\"830\" data-end=\"862\" data-immersive-translate-walked=\"394a6c86-11bd-4236-9b60-d810d6713f5c\">Langdurige prestaties<\/h4>\n<p class=\"\" data-start=\"864\" data-end=\"1252\" data-immersive-translate-walked=\"394a6c86-11bd-4236-9b60-d810d6713f5c\" data-immersive-translate-paragraph=\"1\">Met 15.000 trekken en een royaal 22 ml E-Liquid-reservoir biedt de WASPE 15000 Puffs een uitstekende levensduur in vergelijking met veel andere wegwerp-e-sigaretten. Gebruikers kunnen het apparaat langere tijd genieten zonder zich zorgen te maken over bijvullen of frequente oplaadbeurten. Dit maakt het een perfecte keuze voor veel dampers, forenzen en reizigers.<\/p>\n<h4 data-start=\"1259\" data-end=\"1325\" data-immersive-translate-walked=\"394a6c86-11bd-4236-9b60-d810d6713f5c\">Geavanceerde coil-technologie voor intense smaak<\/h4>\n<p class=\"\" data-start=\"1327\" data-end=\"1710\" data-immersive-translate-walked=\"394a6c86-11bd-4236-9b60-d810d6713f5c\" data-immersive-translate-paragraph=\"1\">De Mesh-Coil-technologie met een weerstand van 0,8\u03a9 zorgt voor een gelijkmatige verdamping van het E-Liquid. Hierdoor wordt de smaak van de E-Liquids intenser en wordt de dampproductie geoptimaliseerd. De Mesh-Coil zorgt voor een effici\u00ebntere warmteverdeling, wat leidt tot een rijke en volle smaak bij elke trek. Zo geniet u van een constant hoogwaardige dampervaring.<\/p>\n<h4 data-start=\"1717\" data-end=\"1759\" data-immersive-translate-walked=\"394a6c86-11bd-4236-9b60-d810d6713f5c\">LCD-scherm voor maximale controle<\/h4>\n<p class=\"\" data-start=\"1761\" data-end=\"2110\" data-immersive-translate-walked=\"394a6c86-11bd-4236-9b60-d810d6713f5c\" data-immersive-translate-paragraph=\"1\">Een innovatief LCD-scherm op de WASPE 15000 Puffs geeft de damper altijd actuele informatie over batterij- en puff-status. Zo kunt u de laadstatus in de gaten houden en altijd precies weten hoeveel trekken er nog over zijn. Deze functie draagt bij aan gebruiksgemak en helpt een nog comfortabelere dampervaring te bieden.<\/p>\n<h4 data-start=\"2117\" data-end=\"2164\" data-immersive-translate-walked=\"394a6c86-11bd-4236-9b60-d810d6713f5c\">Veelzijdigheid in nicotine en smaak<\/h4>\n<p class=\"\" data-start=\"2166\" data-end=\"2586\" data-immersive-translate-walked=\"394a6c86-11bd-4236-9b60-d810d6713f5c\" data-immersive-translate-paragraph=\"1\">De WASPE 15000 Puffs is verkrijgbaar in vier verschillende nicotinegehaltes: 0%, 2%, 3% en 5%. Dit stelt gebruikers in staat om het nicotinegehalte aan te passen aan hun persoonlijke voorkeuren. Vooral de fruitige smaak \u2018Strawberry Watermelon\u2019 springt eruit, die een verfrissende combinatie biedt van zoete aardbeien en sappige watermeloen \u2013 ideaal voor dampers die van fruitige en lichte smaken houden.<\/p>\n<h4 data-start=\"2593\" data-end=\"2651\" data-immersive-translate-walked=\"394a6c86-11bd-4236-9b60-d810d6713f5c\">Comfortabel wegwerp-ontwerp en eenvoudige bediening<\/h4>\n<p class=\"\" data-start=\"2653\" data-end=\"3039\" data-immersive-translate-walked=\"394a6c86-11bd-4236-9b60-d810d6713f5c\" data-immersive-translate-paragraph=\"1\">Het wegwerp-ontwerp van de WASPE 15000 Puffs betekent dat geen onderhoud of bijvullen nodig is. U opent eenvoudig de verpakking en begint te dampen \u2013 zonder onnodige voorbereidingen. Met een gewicht van slechts 90 g is de WASPE 15000 Puffs licht en ideaal voor onderweg. Het gebruiksgemak en het handzame ontwerp maken het tot de perfecte metgezel voor dagelijks gebruik.<\/p>\n<h4 data-start=\"3046\" data-end=\"3099\" data-immersive-translate-walked=\"394a6c86-11bd-4236-9b60-d810d6713f5c\">Douanevrije levering en wereldwijde beschikbaarheid<\/h4>\n<p class=\"\" data-start=\"3101\" data-end=\"3347\" data-immersive-translate-walked=\"394a6c86-11bd-4236-9b60-d810d6713f5c\" data-immersive-translate-paragraph=\"1\">Een bijzonder aantrekkelijk voordeel is de douanevrije levering, die internationale klanten in staat stelt de WASPE 15000 Puffs zonder extra kosten aan te schaffen. Dit maakt dit product ook voor dampers buiten Nederland bijzonder interessant.<\/p>\n<p class=\"\" data-start=\"3354\" data-end=\"3747\" data-immersive-translate-walked=\"394a6c86-11bd-4236-9b60-d810d6713f5c\" data-immersive-translate-paragraph=\"1\">Conclusie: De WASPE 15000 Puffs is een krachtige en gebruiksvriendelijke wegwerp-e-sigaret die overtuigt met een lange gebruiksduur, intense aroma's en innovatieve technologie. Als u op zoek bent naar een betrouwbare en comfortabele dampervaring, is dit model precies wat u zoekt. Meer informatie en bestelopties vindt u op vapingnet.de.<\/p>","protected":false},"excerpt":{"rendered":"<p>WASPE 15000 Puffs: De nieuwe generatie wegwerp e-sigaretten De WASPE 15000 Puffs biedt een uitzonderlijke dampervaring en is een perfecte keuze voor gebruikers die...<\/p>","protected":false},"featured_media":6741,"template":"","meta":[],"etheme_brands":[],"product_brand":[98],"product_cat":[53,49,61],"product_tag":[],"class_list":{"0":"post-6725","1":"product","2":"type-product","3":"status-publish","4":"has-post-thumbnail","6":"product_brand-waspe-vape","7":"product_cat-vape-15000-zuege","8":"product_cat-einweg-e-zigarette","9":"product_cat-f","11":"first","12":"instock","13":"shipping-taxable","14":"purchasable","15":"product-type-variable"},"yoast_head":"<!-- This site is optimized with the Yoast SEO plugin v26.5 - https:\/\/yoast.com\/wordpress\/plugins\/seo\/ -->\n<title>Weltweit Gefeiert WASPE 15000 Puffs Strawberry Watermelon Z\u00f6lle Vermeiden Und Genie\u00dfen | Vapingnet.de<\/title>\n<meta name=\"description\" content=\"Entdecke Weltweit Gefeiert WASPE 15000 Puffs Strawberry Watermelon Z\u00f6lle Vermeiden Und Genie\u00dfen bei vapingnet.de, \u25ba Gro\u00dfe Auswahl an Geschmacksrichtungen &amp; super g\u00fcnstig!\" \/>\n<meta name=\"robots\" content=\"index, follow, max-snippet:-1, max-image-preview:large, max-video-preview:-1\" \/>\n<link rel=\"canonical\" href=\"https:\/\/vapingnet.de\/nl\/vape\/weltweit-gefeiert-waspe-15000-puffs-strawberry-watermelon-zoelle-vermeiden-und-geniessen\/\" \/>\n<meta property=\"og:locale\" content=\"nl_NL\" \/>\n<meta property=\"og:type\" content=\"article\" \/>\n<meta property=\"og:title\" content=\"Weltweit Gefeiert WASPE 15000 Puffs Strawberry Watermelon Z\u00f6lle Vermeiden Und Genie\u00dfen | Vapingnet.de\" \/>\n<meta property=\"og:description\" content=\"Entdecke Weltweit Gefeiert WASPE 15000 Puffs Strawberry Watermelon Z\u00f6lle Vermeiden Und Genie\u00dfen bei vapingnet.de, \u25ba Gro\u00dfe Auswahl an Geschmacksrichtungen &amp; super g\u00fcnstig!\" \/>\n<meta property=\"og:url\" content=\"https:\/\/vapingnet.de\/nl\/vape\/weltweit-gefeiert-waspe-15000-puffs-strawberry-watermelon-zoelle-vermeiden-und-geniessen\/\" \/>\n<meta property=\"og:site_name\" content=\"Vapingnet.de\" \/>\n<meta property=\"article:publisher\" content=\"https:\/\/www.facebook.com\/vapingnetde\/\" \/>\n<meta property=\"article:modified_time\" content=\"2026-04-15T08:42:44+00:00\" \/>\n<meta property=\"og:image\" content=\"https:\/\/vapingnet.de\/wp-content\/uploads\/2025\/05\/Strawberry-Watermelon.webp\" \/>\n\t<meta property=\"og:image:width\" content=\"1000\" \/>\n\t<meta property=\"og:image:height\" content=\"1000\" \/>\n\t<meta property=\"og:image:type\" content=\"image\/webp\" \/>\n<meta name=\"twitter:card\" content=\"summary_large_image\" \/>\n<meta name=\"twitter:label1\" content=\"Est. reading time\" \/>\n\t<meta name=\"twitter:data1\" content=\"3 minutes\" \/>\n<script type=\"application\/ld+json\" class=\"yoast-schema-graph\">{\"@context\":\"https:\/\/schema.org\",\"@graph\":[{\"@type\":\"WebPage\",\"@id\":\"https:\/\/vapingnet.de\/vape\/weltweit-gefeiert-waspe-15000-puffs-strawberry-watermelon-zoelle-vermeiden-und-geniessen\/\",\"url\":\"https:\/\/vapingnet.de\/vape\/weltweit-gefeiert-waspe-15000-puffs-strawberry-watermelon-zoelle-vermeiden-und-geniessen\/\",\"name\":\"Weltweit Gefeiert WASPE 15000 Puffs Strawberry Watermelon Z\u00f6lle Vermeiden Und Genie\u00dfen | Vapingnet.de\",\"isPartOf\":{\"@id\":\"https:\/\/vapingnet.de\/#website\"},\"primaryImageOfPage\":{\"@id\":\"https:\/\/vapingnet.de\/vape\/weltweit-gefeiert-waspe-15000-puffs-strawberry-watermelon-zoelle-vermeiden-und-geniessen\/#primaryimage\"},\"image\":{\"@id\":\"https:\/\/vapingnet.de\/vape\/weltweit-gefeiert-waspe-15000-puffs-strawberry-watermelon-zoelle-vermeiden-und-geniessen\/#primaryimage\"},\"thumbnailUrl\":\"https:\/\/vapingnet.de\/wp-content\/uploads\/2025\/05\/Strawberry-Watermelon.webp\",\"datePublished\":\"2025-05-05T02:36:01+00:00\",\"dateModified\":\"2026-04-15T08:42:44+00:00\",\"description\":\"Entdecke Weltweit Gefeiert WASPE 15000 Puffs Strawberry Watermelon Z\u00f6lle Vermeiden Und Genie\u00dfen bei vapingnet.de, \u25ba Gro\u00dfe Auswahl an Geschmacksrichtungen & super g\u00fcnstig!\",\"breadcrumb\":{\"@id\":\"https:\/\/vapingnet.de\/vape\/weltweit-gefeiert-waspe-15000-puffs-strawberry-watermelon-zoelle-vermeiden-und-geniessen\/#breadcrumb\"},\"inLanguage\":\"nl-NL\",\"potentialAction\":[{\"@type\":\"ReadAction\",\"target\":[\"https:\/\/vapingnet.de\/vape\/weltweit-gefeiert-waspe-15000-puffs-strawberry-watermelon-zoelle-vermeiden-und-geniessen\/\"]}]},{\"@type\":\"ImageObject\",\"inLanguage\":\"nl-NL\",\"@id\":\"https:\/\/vapingnet.de\/vape\/weltweit-gefeiert-waspe-15000-puffs-strawberry-watermelon-zoelle-vermeiden-und-geniessen\/#primaryimage\",\"url\":\"https:\/\/vapingnet.de\/wp-content\/uploads\/2025\/05\/Strawberry-Watermelon.webp\",\"contentUrl\":\"https:\/\/vapingnet.de\/wp-content\/uploads\/2025\/05\/Strawberry-Watermelon.webp\",\"width\":1000,\"height\":1000},{\"@type\":\"BreadcrumbList\",\"@id\":\"https:\/\/vapingnet.de\/vape\/weltweit-gefeiert-waspe-15000-puffs-strawberry-watermelon-zoelle-vermeiden-und-geniessen\/#breadcrumb\",\"itemListElement\":[{\"@type\":\"ListItem\",\"position\":1,\"name\":\"Home\",\"item\":\"https:\/\/vapingnet.de\/\"},{\"@type\":\"ListItem\",\"position\":2,\"name\":\"Shop\",\"item\":\"https:\/\/vapingnet.de\/vape\/\"},{\"@type\":\"ListItem\",\"position\":3,\"name\":\"Weltweit Gefeiert WASPE 15000 Puffs Strawberry Watermelon Z\u00f6lle Vermeiden Und Genie\u00dfen\"}]},{\"@type\":\"WebSite\",\"@id\":\"https:\/\/vapingnet.de\/#website\",\"url\":\"https:\/\/vapingnet.de\/\",\"name\":\"Vapingnet.de\",\"description\":\"\",\"publisher\":{\"@id\":\"https:\/\/vapingnet.de\/#organization\"},\"potentialAction\":[{\"@type\":\"SearchAction\",\"target\":{\"@type\":\"EntryPoint\",\"urlTemplate\":\"https:\/\/vapingnet.de\/?s={search_term_string}\"},\"query-input\":{\"@type\":\"PropertyValueSpecification\",\"valueRequired\":true,\"valueName\":\"search_term_string\"}}],\"inLanguage\":\"nl-NL\"},{\"@type\":\"Organization\",\"@id\":\"https:\/\/vapingnet.de\/#organization\",\"name\":\"Vapingnet.de\",\"url\":\"https:\/\/vapingnet.de\/\",\"logo\":{\"@type\":\"ImageObject\",\"inLanguage\":\"nl-NL\",\"@id\":\"https:\/\/vapingnet.de\/#\/schema\/logo\/image\/\",\"url\":\"https:\/\/vapingnet.de\/wp-content\/uploads\/2025\/03\/cropped-vapingnet.de_.jpg\",\"contentUrl\":\"https:\/\/vapingnet.de\/wp-content\/uploads\/2025\/03\/cropped-vapingnet.de_.jpg\",\"width\":512,\"height\":512,\"caption\":\"Vapingnet.de\"},\"image\":{\"@id\":\"https:\/\/vapingnet.de\/#\/schema\/logo\/image\/\"},\"sameAs\":[\"https:\/\/www.facebook.com\/vapingnetde\/\"]}]}<\/script>\n<!-- \/ Yoast SEO plugin. -->","yoast_head_json":{"title":"Weltweit Gefeiert WASPE 15000 Puffs Strawberry Watermelon Z\u00f6lle Vermeiden Und Genie\u00dfen | Vapingnet.de","description":"Entdecke Weltweit Gefeiert WASPE 15000 Puffs Strawberry Watermelon Z\u00f6lle Vermeiden Und Genie\u00dfen bei vapingnet.de, \u25ba Gro\u00dfe Auswahl an Geschmacksrichtungen & super g\u00fcnstig!","robots":{"index":"index","follow":"follow","max-snippet":"max-snippet:-1","max-image-preview":"max-image-preview:large","max-video-preview":"max-video-preview:-1"},"canonical":"https:\/\/vapingnet.de\/nl\/vape\/weltweit-gefeiert-waspe-15000-puffs-strawberry-watermelon-zoelle-vermeiden-und-geniessen\/","og_locale":"nl_NL","og_type":"article","og_title":"Weltweit Gefeiert WASPE 15000 Puffs Strawberry Watermelon Z\u00f6lle Vermeiden Und Genie\u00dfen | Vapingnet.de","og_description":"Entdecke Weltweit Gefeiert WASPE 15000 Puffs Strawberry Watermelon Z\u00f6lle Vermeiden Und Genie\u00dfen bei vapingnet.de, \u25ba Gro\u00dfe Auswahl an Geschmacksrichtungen & super g\u00fcnstig!","og_url":"https:\/\/vapingnet.de\/nl\/vape\/weltweit-gefeiert-waspe-15000-puffs-strawberry-watermelon-zoelle-vermeiden-und-geniessen\/","og_site_name":"Vapingnet.de","article_publisher":"https:\/\/www.facebook.com\/vapingnetde\/","article_modified_time":"2026-04-15T08:42:44+00:00","og_image":[{"width":1000,"height":1000,"url":"https:\/\/vapingnet.de\/wp-content\/uploads\/2025\/05\/Strawberry-Watermelon.webp","type":"image\/webp"}],"twitter_card":"summary_large_image","twitter_misc":{"Est. reading time":"3 minutes"},"schema":{"@context":"https:\/\/schema.org","@graph":[{"@type":"WebPage","@id":"https:\/\/vapingnet.de\/vape\/weltweit-gefeiert-waspe-15000-puffs-strawberry-watermelon-zoelle-vermeiden-und-geniessen\/","url":"https:\/\/vapingnet.de\/vape\/weltweit-gefeiert-waspe-15000-puffs-strawberry-watermelon-zoelle-vermeiden-und-geniessen\/","name":"Weltweit Gefeiert WASPE 15000 Puffs Strawberry Watermelon Z\u00f6lle Vermeiden Und Genie\u00dfen | Vapingnet.de","isPartOf":{"@id":"https:\/\/vapingnet.de\/#website"},"primaryImageOfPage":{"@id":"https:\/\/vapingnet.de\/vape\/weltweit-gefeiert-waspe-15000-puffs-strawberry-watermelon-zoelle-vermeiden-und-geniessen\/#primaryimage"},"image":{"@id":"https:\/\/vapingnet.de\/vape\/weltweit-gefeiert-waspe-15000-puffs-strawberry-watermelon-zoelle-vermeiden-und-geniessen\/#primaryimage"},"thumbnailUrl":"https:\/\/vapingnet.de\/wp-content\/uploads\/2025\/05\/Strawberry-Watermelon.webp","datePublished":"2025-05-05T02:36:01+00:00","dateModified":"2026-04-15T08:42:44+00:00","description":"Entdecke Weltweit Gefeiert WASPE 15000 Puffs Strawberry Watermelon Z\u00f6lle Vermeiden Und Genie\u00dfen bei vapingnet.de, \u25ba Gro\u00dfe Auswahl an Geschmacksrichtungen & super g\u00fcnstig!","breadcrumb":{"@id":"https:\/\/vapingnet.de\/vape\/weltweit-gefeiert-waspe-15000-puffs-strawberry-watermelon-zoelle-vermeiden-und-geniessen\/#breadcrumb"},"inLanguage":"nl-NL","potentialAction":[{"@type":"ReadAction","target":["https:\/\/vapingnet.de\/vape\/weltweit-gefeiert-waspe-15000-puffs-strawberry-watermelon-zoelle-vermeiden-und-geniessen\/"]}]},{"@type":"ImageObject","inLanguage":"nl-NL","@id":"https:\/\/vapingnet.de\/vape\/weltweit-gefeiert-waspe-15000-puffs-strawberry-watermelon-zoelle-vermeiden-und-geniessen\/#primaryimage","url":"https:\/\/vapingnet.de\/wp-content\/uploads\/2025\/05\/Strawberry-Watermelon.webp","contentUrl":"https:\/\/vapingnet.de\/wp-content\/uploads\/2025\/05\/Strawberry-Watermelon.webp","width":1000,"height":1000},{"@type":"BreadcrumbList","@id":"https:\/\/vapingnet.de\/vape\/weltweit-gefeiert-waspe-15000-puffs-strawberry-watermelon-zoelle-vermeiden-und-geniessen\/#breadcrumb","itemListElement":[{"@type":"ListItem","position":1,"name":"Home","item":"https:\/\/vapingnet.de\/"},{"@type":"ListItem","position":2,"name":"Shop","item":"https:\/\/vapingnet.de\/vape\/"},{"@type":"ListItem","position":3,"name":"Weltweit Gefeiert WASPE 15000 Puffs Strawberry Watermelon Z\u00f6lle Vermeiden Und Genie\u00dfen"}]},{"@type":"WebSite","@id":"https:\/\/vapingnet.de\/#website","url":"https:\/\/vapingnet.de\/","name":"Vapingnet.de","description":"","publisher":{"@id":"https:\/\/vapingnet.de\/#organization"},"potentialAction":[{"@type":"SearchAction","target":{"@type":"EntryPoint","urlTemplate":"https:\/\/vapingnet.de\/?s={search_term_string}"},"query-input":{"@type":"PropertyValueSpecification","valueRequired":true,"valueName":"search_term_string"}}],"inLanguage":"nl-NL"},{"@type":"Organization","@id":"https:\/\/vapingnet.de\/#organization","name":"Vapingnet.de","url":"https:\/\/vapingnet.de\/","logo":{"@type":"ImageObject","inLanguage":"nl-NL","@id":"https:\/\/vapingnet.de\/#\/schema\/logo\/image\/","url":"https:\/\/vapingnet.de\/wp-content\/uploads\/2025\/03\/cropped-vapingnet.de_.jpg","contentUrl":"https:\/\/vapingnet.de\/wp-content\/uploads\/2025\/03\/cropped-vapingnet.de_.jpg","width":512,"height":512,"caption":"Vapingnet.de"},"image":{"@id":"https:\/\/vapingnet.de\/#\/schema\/logo\/image\/"},"sameAs":["https:\/\/www.facebook.com\/vapingnetde\/"]}]}},"tiered_pricing_type":"fixed","tiered_pricing_fixed_rules":[],"tiered_pricing_product_settings":{"layout":"default","base_unit_name":{"singular":null,"plural":null},"default_variation":null},"tiered_pricing_minimum_quantity":null,"tiered_pricing_roles_data":[],"tiered_pricing_percentage_rules":[],"_links":{"self":[{"href":"https:\/\/vapingnet.de\/nl\/wp-json\/wp\/v2\/product\/6725","targetHints":{"allow":["GET"]}}],"collection":[{"href":"https:\/\/vapingnet.de\/nl\/wp-json\/wp\/v2\/product"}],"about":[{"href":"https:\/\/vapingnet.de\/nl\/wp-json\/wp\/v2\/types\/product"}],"version-history":[{"count":1,"href":"https:\/\/vapingnet.de\/nl\/wp-json\/wp\/v2\/product\/6725\/revisions"}],"predecessor-version":[{"id":6747,"href":"https:\/\/vapingnet.de\/nl\/wp-json\/wp\/v2\/product\/6725\/revisions\/6747"}],"wp:featuredmedia":[{"embeddable":true,"href":"https:\/\/vapingnet.de\/nl\/wp-json\/wp\/v2\/media\/6741"}],"wp:attachment":[{"href":"https:\/\/vapingnet.de\/nl\/wp-json\/wp\/v2\/media?parent=6725"}],"wp:term":[{"taxonomy":"brand","embeddable":true,"href":"https:\/\/vapingnet.de\/nl\/wp-json\/wp\/v2\/etheme_brands?post=6725"},{"taxonomy":"product_brand","embeddable":true,"href":"https:\/\/vapingnet.de\/nl\/wp-json\/wp\/v2\/product_brand?post=6725"},{"taxonomy":"product_cat","embeddable":true,"href":"https:\/\/vapingnet.de\/nl\/wp-json\/wp\/v2\/product_cat?post=6725"},{"taxonomy":"product_tag","embeddable":true,"href":"https:\/\/vapingnet.de\/nl\/wp-json\/wp\/v2\/product_tag?post=6725"}],"curies":[{"name":"wp","href":"https:\/\/api.w.org\/{rel}","templated":true}]}}