{"id":6789,"date":"2025-05-05T06:56:43","date_gmt":"2025-05-05T06:56:43","guid":{"rendered":"https:\/\/vapingnet.de\/?post_type=product&#038;p=6789"},"modified":"2025-06-19T03:45:02","modified_gmt":"2025-06-19T03:45:02","slug":"die-vape-fuer-geniesser-waspe-dual-mesh-mit-bestem-peach-blueberry-fudge-geschmack","status":"publish","type":"product","link":"https:\/\/vapingnet.de\/nl\/vape\/die-vape-fuer-geniesser-waspe-dual-mesh-mit-bestem-peach-blueberry-fudge-geschmack\/","title":{"rendered":"De Vape Voor Genieters WASPE Dual Mesh Met Beste Perzik Blauwe Bessen Fudge Smaak"},"content":{"rendered":"<h2 data-start=\"50\" data-end=\"113\" data-immersive-translate-walked=\"9d95233c-936b-4be5-af69-328f1021db54\">Eenmalige E-sigaret WASPE 20000 Puffs Innovatie in dampen<\/h2>\n<p class=\"\" data-start=\"115\" data-end=\"397\" data-immersive-translate-walked=\"9d95233c-936b-4be5-af69-328f1021db54\" data-immersive-translate-paragraph=\"1\">De WASPE 20000 Puffs is een wegwerpe-sigaret die de verwachtingen van dampers overtreft en overtuigt met zijn prestaties en gebruiksvriendelijkheid. Hij richt zich op iedereen die op zoek is naar een praktische, langdurige en intense dampervaring.<\/p>\n<h3 data-start=\"399\" data-end=\"435\" data-immersive-translate-walked=\"9d95233c-936b-4be5-af69-328f1021db54\">Technische details in overzicht:<\/h3>\n<ul data-start=\"437\" data-end=\"1147\" data-immersive-translate-walked=\"9d95233c-936b-4be5-af69-328f1021db54\">\n<li class=\"\" data-start=\"437\" data-end=\"623\" data-immersive-translate-walked=\"9d95233c-936b-4be5-af69-328f1021db54\">\n<p class=\"\" data-start=\"439\" data-end=\"623\" data-immersive-translate-walked=\"9d95233c-936b-4be5-af69-328f1021db54\" data-immersive-translate-paragraph=\"1\">Batterij en opladen: Met een krachtige 900 mAh batterij en een Type-C-poort zorgt de WASPE 20000 Puffs voor een snelle oplaadtijd en langdurig gebruik.<\/p>\n<\/li>\n<li class=\"\" data-start=\"624\" data-end=\"813\" data-immersive-translate-walked=\"9d95233c-936b-4be5-af69-328f1021db54\">\n<p class=\"\" data-start=\"626\" data-end=\"813\" data-immersive-translate-walked=\"9d95233c-936b-4be5-af69-328f1021db54\" data-immersive-translate-paragraph=\"1\">Dubbele Mesh-Coil: De Dual Mesh-technologie met een weerstand van 0,8 Ohm garandeert een intense smaak en weelderige dampwolken die het dampen tot een genot maken.<\/p>\n<\/li>\n<li class=\"\" data-start=\"814\" data-end=\"981\" data-immersive-translate-walked=\"9d95233c-936b-4be5-af69-328f1021db54\">\n<p class=\"\" data-start=\"816\" data-end=\"981\" data-immersive-translate-walked=\"9d95233c-936b-4be5-af69-328f1021db54\" data-immersive-translate-paragraph=\"1\">Liquid-capaciteit: Met 24 ml vloeistof en een levensduur van 20.000 trekken is hij de ideale keuze voor dampers die geen navullingen willen.<\/p>\n<\/li>\n<li class=\"\" data-start=\"982\" data-end=\"1147\" data-immersive-translate-walked=\"9d95233c-936b-4be5-af69-328f1021db54\">\n<p class=\"\" data-start=\"984\" data-end=\"1147\" data-immersive-translate-walked=\"9d95233c-936b-4be5-af69-328f1021db54\" data-immersive-translate-paragraph=\"1\">LCD-scherm: Een LCD-scherm informeert de damper te allen tijde over de batterijstatus en het vloeistofniveau \u2013 voor een aangename gebruikservaring zonder verrassingen.<\/p>\n<\/li>\n<\/ul>\n<h4 data-start=\"1149\" data-end=\"1199\" data-immersive-translate-walked=\"9d95233c-936b-4be5-af69-328f1021db54\">Unieke smaak: Peach Blueberry Fudge<\/h4>\n<p class=\"\" data-start=\"1201\" data-end=\"1527\" data-immersive-translate-walked=\"9d95233c-936b-4be5-af69-328f1021db54\" data-immersive-translate-paragraph=\"1\">De WASPE 20000 Puffs is niet alleen technisch uitmuntend, maar biedt ook een unieke smaakbeleving. De Peach Blueberry Fudge-smaak combineert de frisheid van perzik met de zoetheid van bosbessen en een verleidelijke fudge-noot, waardoor dampen een onvergetelijke ervaring wordt.<\/p>\n<h3 data-start=\"1529\" data-end=\"1580\" data-immersive-translate-walked=\"9d95233c-936b-4be5-af69-328f1021db54\">Waarom je voor de WASPE 20000 Puffs zou moeten kiezen:<\/h3>\n<ul data-start=\"1582\" data-end=\"2192\" data-immersive-translate-walked=\"9d95233c-936b-4be5-af69-328f1021db54\">\n<li class=\"\" data-start=\"1582\" data-end=\"1768\" data-immersive-translate-walked=\"9d95233c-936b-4be5-af69-328f1021db54\">\n<p class=\"\" data-start=\"1584\" data-end=\"1768\" data-immersive-translate-paragraph=\"1\" data-immersive-translate-walked=\"9d95233c-936b-4be5-af69-328f1021db54\">Duurzaam en betrouwbaar: Met tot 20.000 trekken biedt deze wegwerpe-sigaret een uitstekende duurzaamheid die zelfs de meest veeleisende dampers tevreden stelt.<\/p>\n<\/li>\n<li class=\"\" data-start=\"1769\" data-end=\"1931\" data-immersive-translate-walked=\"9d95233c-936b-4be5-af69-328f1021db54\">\n<p class=\"\" data-start=\"1771\" data-end=\"1931\" data-immersive-translate-walked=\"9d95233c-936b-4be5-af69-328f1021db54\" data-immersive-translate-paragraph=\"1\">Snel opladen: De Type-C-poort maakt snel opladen mogelijk, zodat je nooit lang hoeft te wachten voordat je e-sigaret weer klaar is voor gebruik.<\/p>\n<\/li>\n<li class=\"\" data-start=\"1932\" data-end=\"2052\" data-immersive-translate-walked=\"9d95233c-936b-4be5-af69-328f1021db54\">\n<p class=\"\" data-start=\"1934\" data-end=\"2052\" data-immersive-translate-walked=\"9d95233c-936b-4be5-af69-328f1021db54\" data-immersive-translate-paragraph=\"1\">Geen douanekosten: Bij aankoop via vapingnet.de profiteer je van vrijstelling van invoerrechten en snelle verzending.<\/p>\n<\/li>\n<li class=\"\" data-start=\"2053\" data-end=\"2192\" data-immersive-translate-walked=\"9d95233c-936b-4be5-af69-328f1021db54\">\n<p class=\"\" data-start=\"2055\" data-end=\"2192\" data-immersive-translate-walked=\"9d95233c-936b-4be5-af69-328f1021db54\" data-immersive-translate-paragraph=\"1\">Comfortabel gebruik: Zonder navullen of coil-wissel \u2013 geniet gewoon van het apparaat en wees altijd klaar voor de volgende trek.<\/p>\n<\/li>\n<\/ul>\n<p class=\"\" data-start=\"2194\" data-end=\"2506\" data-immersive-translate-walked=\"9d95233c-936b-4be5-af69-328f1021db54\" data-immersive-translate-paragraph=\"1\">De WASPE 20000 Puffs biedt een uitstekende combinatie van prestaties, smaak en gebruiksgemak. Als je op zoek bent naar een betrouwbare en langdurige wegwerpe-sigaret die je niet teleurstelt, is dit model de perfecte keuze voor jou. Bezoek vapingnet.de voor meer details.<\/p>","protected":false},"excerpt":{"rendered":"<p>Wegwerp E-sigaret WASPE 20000 Puffs Innovatie in dampen De WASPE 20000 Puffs is een wegwerp E-sigaret die de verwachtingen van dampers overtreft en...<\/p>","protected":false},"featured_media":6902,"template":"","meta":[],"etheme_brands":[],"product_brand":[98],"product_cat":[54,49,61],"product_tag":[],"class_list":{"0":"post-6789","1":"product","2":"type-product","3":"status-publish","4":"has-post-thumbnail","6":"product_brand-waspe-vape","7":"product_cat-vape-20000-zuege","8":"product_cat-einweg-e-zigarette","9":"product_cat-f","11":"first","12":"instock","13":"shipping-taxable","14":"purchasable","15":"product-type-simple"},"yoast_head":"<!-- This site is optimized with the Yoast SEO plugin v26.5 - https:\/\/yoast.com\/wordpress\/plugins\/seo\/ -->\n<title>Die Vape F\u00fcr Genie\u00dfer WASPE Dual Mesh Mit Bestem Peach Blueberry Fudge Geschmack | Vapingnet.de<\/title>\n<meta name=\"description\" content=\"Entdecke Die Vape F\u00fcr Genie\u00dfer WASPE Dual Mesh Mit Bestem Peach Blueberry Fudge Geschmack bei vapingnet.de, \u25ba Gro\u00dfe Auswahl an Geschmacksrichtungen &amp; super g\u00fcnstig!\" \/>\n<meta name=\"robots\" content=\"index, follow, max-snippet:-1, max-image-preview:large, max-video-preview:-1\" \/>\n<link rel=\"canonical\" href=\"https:\/\/vapingnet.de\/nl\/vape\/die-vape-fuer-geniesser-waspe-dual-mesh-mit-bestem-peach-blueberry-fudge-geschmack\/\" \/>\n<meta property=\"og:locale\" content=\"nl_NL\" \/>\n<meta property=\"og:type\" content=\"article\" \/>\n<meta property=\"og:title\" content=\"Die Vape F\u00fcr Genie\u00dfer WASPE Dual Mesh Mit Bestem Peach Blueberry Fudge Geschmack | Vapingnet.de\" \/>\n<meta property=\"og:description\" content=\"Entdecke Die Vape F\u00fcr Genie\u00dfer WASPE Dual Mesh Mit Bestem Peach Blueberry Fudge Geschmack bei vapingnet.de, \u25ba Gro\u00dfe Auswahl an Geschmacksrichtungen &amp; super g\u00fcnstig!\" \/>\n<meta property=\"og:url\" content=\"https:\/\/vapingnet.de\/nl\/vape\/die-vape-fuer-geniesser-waspe-dual-mesh-mit-bestem-peach-blueberry-fudge-geschmack\/\" \/>\n<meta property=\"og:site_name\" content=\"Vapingnet.de\" \/>\n<meta property=\"article:publisher\" content=\"https:\/\/www.facebook.com\/vapingnetde\/\" \/>\n<meta property=\"article:modified_time\" content=\"2025-06-19T03:45:02+00:00\" \/>\n<meta property=\"og:image\" content=\"https:\/\/vapingnet.de\/wp-content\/uploads\/2025\/05\/WASPE-VAPE1.webp\" \/>\n\t<meta property=\"og:image:width\" content=\"1000\" \/>\n\t<meta property=\"og:image:height\" content=\"1000\" \/>\n\t<meta property=\"og:image:type\" content=\"image\/webp\" \/>\n<meta name=\"twitter:card\" content=\"summary_large_image\" \/>\n<meta name=\"twitter:label1\" content=\"Est. reading time\" \/>\n\t<meta name=\"twitter:data1\" content=\"2 minutes\" \/>\n<script type=\"application\/ld+json\" class=\"yoast-schema-graph\">{\"@context\":\"https:\/\/schema.org\",\"@graph\":[{\"@type\":\"WebPage\",\"@id\":\"https:\/\/vapingnet.de\/vape\/die-vape-fuer-geniesser-waspe-dual-mesh-mit-bestem-peach-blueberry-fudge-geschmack\/\",\"url\":\"https:\/\/vapingnet.de\/vape\/die-vape-fuer-geniesser-waspe-dual-mesh-mit-bestem-peach-blueberry-fudge-geschmack\/\",\"name\":\"Die Vape F\u00fcr Genie\u00dfer WASPE Dual Mesh Mit Bestem Peach Blueberry Fudge Geschmack | Vapingnet.de\",\"isPartOf\":{\"@id\":\"https:\/\/vapingnet.de\/#website\"},\"primaryImageOfPage\":{\"@id\":\"https:\/\/vapingnet.de\/vape\/die-vape-fuer-geniesser-waspe-dual-mesh-mit-bestem-peach-blueberry-fudge-geschmack\/#primaryimage\"},\"image\":{\"@id\":\"https:\/\/vapingnet.de\/vape\/die-vape-fuer-geniesser-waspe-dual-mesh-mit-bestem-peach-blueberry-fudge-geschmack\/#primaryimage\"},\"thumbnailUrl\":\"https:\/\/vapingnet.de\/wp-content\/uploads\/2025\/05\/WASPE-VAPE1.webp\",\"datePublished\":\"2025-05-05T06:56:43+00:00\",\"dateModified\":\"2025-06-19T03:45:02+00:00\",\"description\":\"Entdecke Die Vape F\u00fcr Genie\u00dfer WASPE Dual Mesh Mit Bestem Peach Blueberry Fudge Geschmack bei vapingnet.de, \u25ba Gro\u00dfe Auswahl an Geschmacksrichtungen & super g\u00fcnstig!\",\"breadcrumb\":{\"@id\":\"https:\/\/vapingnet.de\/vape\/die-vape-fuer-geniesser-waspe-dual-mesh-mit-bestem-peach-blueberry-fudge-geschmack\/#breadcrumb\"},\"inLanguage\":\"nl-NL\",\"potentialAction\":[{\"@type\":\"ReadAction\",\"target\":[\"https:\/\/vapingnet.de\/vape\/die-vape-fuer-geniesser-waspe-dual-mesh-mit-bestem-peach-blueberry-fudge-geschmack\/\"]}]},{\"@type\":\"ImageObject\",\"inLanguage\":\"nl-NL\",\"@id\":\"https:\/\/vapingnet.de\/vape\/die-vape-fuer-geniesser-waspe-dual-mesh-mit-bestem-peach-blueberry-fudge-geschmack\/#primaryimage\",\"url\":\"https:\/\/vapingnet.de\/wp-content\/uploads\/2025\/05\/WASPE-VAPE1.webp\",\"contentUrl\":\"https:\/\/vapingnet.de\/wp-content\/uploads\/2025\/05\/WASPE-VAPE1.webp\",\"width\":1000,\"height\":1000},{\"@type\":\"BreadcrumbList\",\"@id\":\"https:\/\/vapingnet.de\/vape\/die-vape-fuer-geniesser-waspe-dual-mesh-mit-bestem-peach-blueberry-fudge-geschmack\/#breadcrumb\",\"itemListElement\":[{\"@type\":\"ListItem\",\"position\":1,\"name\":\"Home\",\"item\":\"https:\/\/vapingnet.de\/\"},{\"@type\":\"ListItem\",\"position\":2,\"name\":\"Shop\",\"item\":\"https:\/\/vapingnet.de\/vape\/\"},{\"@type\":\"ListItem\",\"position\":3,\"name\":\"Die Vape F\u00fcr Genie\u00dfer WASPE Dual Mesh Mit Bestem Peach Blueberry Fudge Geschmack\"}]},{\"@type\":\"WebSite\",\"@id\":\"https:\/\/vapingnet.de\/#website\",\"url\":\"https:\/\/vapingnet.de\/\",\"name\":\"Vapingnet.de\",\"description\":\"\",\"publisher\":{\"@id\":\"https:\/\/vapingnet.de\/#organization\"},\"potentialAction\":[{\"@type\":\"SearchAction\",\"target\":{\"@type\":\"EntryPoint\",\"urlTemplate\":\"https:\/\/vapingnet.de\/?s={search_term_string}\"},\"query-input\":{\"@type\":\"PropertyValueSpecification\",\"valueRequired\":true,\"valueName\":\"search_term_string\"}}],\"inLanguage\":\"nl-NL\"},{\"@type\":\"Organization\",\"@id\":\"https:\/\/vapingnet.de\/#organization\",\"name\":\"Vapingnet.de\",\"url\":\"https:\/\/vapingnet.de\/\",\"logo\":{\"@type\":\"ImageObject\",\"inLanguage\":\"nl-NL\",\"@id\":\"https:\/\/vapingnet.de\/#\/schema\/logo\/image\/\",\"url\":\"https:\/\/vapingnet.de\/wp-content\/uploads\/2025\/03\/cropped-vapingnet.de_.jpg\",\"contentUrl\":\"https:\/\/vapingnet.de\/wp-content\/uploads\/2025\/03\/cropped-vapingnet.de_.jpg\",\"width\":512,\"height\":512,\"caption\":\"Vapingnet.de\"},\"image\":{\"@id\":\"https:\/\/vapingnet.de\/#\/schema\/logo\/image\/\"},\"sameAs\":[\"https:\/\/www.facebook.com\/vapingnetde\/\"]}]}<\/script>\n<!-- \/ Yoast SEO plugin. -->","yoast_head_json":{"title":"Die Vape F\u00fcr Genie\u00dfer WASPE Dual Mesh Mit Bestem Peach Blueberry Fudge Geschmack | Vapingnet.de","description":"Entdecke Die Vape F\u00fcr Genie\u00dfer WASPE Dual Mesh Mit Bestem Peach Blueberry Fudge Geschmack bei vapingnet.de, \u25ba Gro\u00dfe Auswahl an Geschmacksrichtungen & super g\u00fcnstig!","robots":{"index":"index","follow":"follow","max-snippet":"max-snippet:-1","max-image-preview":"max-image-preview:large","max-video-preview":"max-video-preview:-1"},"canonical":"https:\/\/vapingnet.de\/nl\/vape\/die-vape-fuer-geniesser-waspe-dual-mesh-mit-bestem-peach-blueberry-fudge-geschmack\/","og_locale":"nl_NL","og_type":"article","og_title":"Die Vape F\u00fcr Genie\u00dfer WASPE Dual Mesh Mit Bestem Peach Blueberry Fudge Geschmack | Vapingnet.de","og_description":"Entdecke Die Vape F\u00fcr Genie\u00dfer WASPE Dual Mesh Mit Bestem Peach Blueberry Fudge Geschmack bei vapingnet.de, \u25ba Gro\u00dfe Auswahl an Geschmacksrichtungen & super g\u00fcnstig!","og_url":"https:\/\/vapingnet.de\/nl\/vape\/die-vape-fuer-geniesser-waspe-dual-mesh-mit-bestem-peach-blueberry-fudge-geschmack\/","og_site_name":"Vapingnet.de","article_publisher":"https:\/\/www.facebook.com\/vapingnetde\/","article_modified_time":"2025-06-19T03:45:02+00:00","og_image":[{"width":1000,"height":1000,"url":"https:\/\/vapingnet.de\/wp-content\/uploads\/2025\/05\/WASPE-VAPE1.webp","type":"image\/webp"}],"twitter_card":"summary_large_image","twitter_misc":{"Est. reading time":"2 minutes"},"schema":{"@context":"https:\/\/schema.org","@graph":[{"@type":"WebPage","@id":"https:\/\/vapingnet.de\/vape\/die-vape-fuer-geniesser-waspe-dual-mesh-mit-bestem-peach-blueberry-fudge-geschmack\/","url":"https:\/\/vapingnet.de\/vape\/die-vape-fuer-geniesser-waspe-dual-mesh-mit-bestem-peach-blueberry-fudge-geschmack\/","name":"Die Vape F\u00fcr Genie\u00dfer WASPE Dual Mesh Mit Bestem Peach Blueberry Fudge Geschmack | Vapingnet.de","isPartOf":{"@id":"https:\/\/vapingnet.de\/#website"},"primaryImageOfPage":{"@id":"https:\/\/vapingnet.de\/vape\/die-vape-fuer-geniesser-waspe-dual-mesh-mit-bestem-peach-blueberry-fudge-geschmack\/#primaryimage"},"image":{"@id":"https:\/\/vapingnet.de\/vape\/die-vape-fuer-geniesser-waspe-dual-mesh-mit-bestem-peach-blueberry-fudge-geschmack\/#primaryimage"},"thumbnailUrl":"https:\/\/vapingnet.de\/wp-content\/uploads\/2025\/05\/WASPE-VAPE1.webp","datePublished":"2025-05-05T06:56:43+00:00","dateModified":"2025-06-19T03:45:02+00:00","description":"Entdecke Die Vape F\u00fcr Genie\u00dfer WASPE Dual Mesh Mit Bestem Peach Blueberry Fudge Geschmack bei vapingnet.de, \u25ba Gro\u00dfe Auswahl an Geschmacksrichtungen & super g\u00fcnstig!","breadcrumb":{"@id":"https:\/\/vapingnet.de\/vape\/die-vape-fuer-geniesser-waspe-dual-mesh-mit-bestem-peach-blueberry-fudge-geschmack\/#breadcrumb"},"inLanguage":"nl-NL","potentialAction":[{"@type":"ReadAction","target":["https:\/\/vapingnet.de\/vape\/die-vape-fuer-geniesser-waspe-dual-mesh-mit-bestem-peach-blueberry-fudge-geschmack\/"]}]},{"@type":"ImageObject","inLanguage":"nl-NL","@id":"https:\/\/vapingnet.de\/vape\/die-vape-fuer-geniesser-waspe-dual-mesh-mit-bestem-peach-blueberry-fudge-geschmack\/#primaryimage","url":"https:\/\/vapingnet.de\/wp-content\/uploads\/2025\/05\/WASPE-VAPE1.webp","contentUrl":"https:\/\/vapingnet.de\/wp-content\/uploads\/2025\/05\/WASPE-VAPE1.webp","width":1000,"height":1000},{"@type":"BreadcrumbList","@id":"https:\/\/vapingnet.de\/vape\/die-vape-fuer-geniesser-waspe-dual-mesh-mit-bestem-peach-blueberry-fudge-geschmack\/#breadcrumb","itemListElement":[{"@type":"ListItem","position":1,"name":"Home","item":"https:\/\/vapingnet.de\/"},{"@type":"ListItem","position":2,"name":"Shop","item":"https:\/\/vapingnet.de\/vape\/"},{"@type":"ListItem","position":3,"name":"Die Vape F\u00fcr Genie\u00dfer WASPE Dual Mesh Mit Bestem Peach Blueberry Fudge Geschmack"}]},{"@type":"WebSite","@id":"https:\/\/vapingnet.de\/#website","url":"https:\/\/vapingnet.de\/","name":"Vapingnet.de","description":"","publisher":{"@id":"https:\/\/vapingnet.de\/#organization"},"potentialAction":[{"@type":"SearchAction","target":{"@type":"EntryPoint","urlTemplate":"https:\/\/vapingnet.de\/?s={search_term_string}"},"query-input":{"@type":"PropertyValueSpecification","valueRequired":true,"valueName":"search_term_string"}}],"inLanguage":"nl-NL"},{"@type":"Organization","@id":"https:\/\/vapingnet.de\/#organization","name":"Vapingnet.de","url":"https:\/\/vapingnet.de\/","logo":{"@type":"ImageObject","inLanguage":"nl-NL","@id":"https:\/\/vapingnet.de\/#\/schema\/logo\/image\/","url":"https:\/\/vapingnet.de\/wp-content\/uploads\/2025\/03\/cropped-vapingnet.de_.jpg","contentUrl":"https:\/\/vapingnet.de\/wp-content\/uploads\/2025\/03\/cropped-vapingnet.de_.jpg","width":512,"height":512,"caption":"Vapingnet.de"},"image":{"@id":"https:\/\/vapingnet.de\/#\/schema\/logo\/image\/"},"sameAs":["https:\/\/www.facebook.com\/vapingnetde\/"]}]}},"tiered_pricing_type":"fixed","tiered_pricing_fixed_rules":{"10":"9.11","60":"8.20","110":"7.29","200":"6.38"},"tiered_pricing_product_settings":{"layout":"default","base_unit_name":{"singular":null,"plural":null},"default_variation":null},"tiered_pricing_minimum_quantity":null,"tiered_pricing_roles_data":[],"tiered_pricing_percentage_rules":[],"_links":{"self":[{"href":"https:\/\/vapingnet.de\/nl\/wp-json\/wp\/v2\/product\/6789","targetHints":{"allow":["GET"]}}],"collection":[{"href":"https:\/\/vapingnet.de\/nl\/wp-json\/wp\/v2\/product"}],"about":[{"href":"https:\/\/vapingnet.de\/nl\/wp-json\/wp\/v2\/types\/product"}],"version-history":[{"count":1,"href":"https:\/\/vapingnet.de\/nl\/wp-json\/wp\/v2\/product\/6789\/revisions"}],"predecessor-version":[{"id":6796,"href":"https:\/\/vapingnet.de\/nl\/wp-json\/wp\/v2\/product\/6789\/revisions\/6796"}],"wp:featuredmedia":[{"embeddable":true,"href":"https:\/\/vapingnet.de\/nl\/wp-json\/wp\/v2\/media\/6902"}],"wp:attachment":[{"href":"https:\/\/vapingnet.de\/nl\/wp-json\/wp\/v2\/media?parent=6789"}],"wp:term":[{"taxonomy":"brand","embeddable":true,"href":"https:\/\/vapingnet.de\/nl\/wp-json\/wp\/v2\/etheme_brands?post=6789"},{"taxonomy":"product_brand","embeddable":true,"href":"https:\/\/vapingnet.de\/nl\/wp-json\/wp\/v2\/product_brand?post=6789"},{"taxonomy":"product_cat","embeddable":true,"href":"https:\/\/vapingnet.de\/nl\/wp-json\/wp\/v2\/product_cat?post=6789"},{"taxonomy":"product_tag","embeddable":true,"href":"https:\/\/vapingnet.de\/nl\/wp-json\/wp\/v2\/product_tag?post=6789"}],"curies":[{"name":"wp","href":"https:\/\/api.w.org\/{rel}","templated":true}]}}